{"id":995,"date":"2020-06-17T11:38:59","date_gmt":"2020-06-17T09:38:59","guid":{"rendered":"http:\/\/inmondo.pl\/?post_type=product&#038;p=995"},"modified":"2025-06-03T10:06:40","modified_gmt":"2025-06-03T08:06:40","slug":"szczyt-do-tapczanika","status":"publish","type":"product","link":"https:\/\/inmondo.pl\/en\/sklep\/elementy\/akcesoria\/szczyt-do-tapczanika\/","title":{"rendered":"The top to the couch"},"content":{"rendered":"<p>If your baby has already grown out of a crib, we have the perfect solution ... <a href=\"https:\/\/inmondo.pl\/en\/sklep\/kolekcje\/lozeczko-3s-lozko-3s-junior-140\/\">3S cot<\/a> You can quickly transform from the Minimondo collection into a couch for an older child. This extremely functional piece of furniture will serve your child for many years. An additional advantage is the spacious drawers for storing bedding, pillows or your child&#039;s toys.<\/p>","protected":false},"excerpt":{"rendered":"<p>If your baby has already grown out of a crib, we have the perfect solution ...<a href=\"https:\/\/inmondo.pl\/en\/sklep\/kolekcje\/lozeczko-3s-lozko-3s-junior-140\/\"> <u>3S cot <\/u><\/a>You can quickly transform from the Minimondo collection into a couch for an older child. This extremely functional piece of furniture will serve your child for many years. An additional advantage is the spacious drawers for storing bedding, pillows or your child&#039;s toys.<\/p>","protected":false},"featured_media":1025,"comment_status":"open","ping_status":"closed","template":"","meta":{"_acf_changed":false},"product_brand":[],"product_cat":[17,19,20,32],"product_tag":[],"class_list":{"0":"post-995","1":"product","2":"type-product","3":"status-publish","4":"has-post-thumbnail","6":"product_cat-kolekcje","7":"product_cat-minimondo","8":"product_cat-elementy","9":"product_cat-akcesoria","11":"first","12":"onbackorder","13":"taxable","14":"shipping-taxable","15":"purchasable","16":"product-type-variable","17":"has-default-attributes"},"acf":{"wymiary":"Szeroko\u015b\u0107: 144 cm<br \/>\r\nWysoko\u015b\u0107: 55,7 cm<br \/>\r\nG\u0142\u0119boko\u015b\u0107: 74 cm","materialy":"drewno brzozowe, p\u0142yta MDF, lakier wodny i&nbsp;wodny UV","sections_woocommerce":[{"acf_fc_layout":"section_menu","is_active":true,"repeater":[{"text":"Opis","link":"#opis"},{"text":"Lookbook","link":"#lookbook"},{"text":"Opinie","link":"#opinie"},{"text":"Inne produkty","link":"#inneprodukty"}]},{"acf_fc_layout":"section_woocommerce_text_image","is_active":true,"anchor":"opis","text_align":"textAlign--left","grid_width":"main","wysiwyg":"<div class=\"section_woocommerce_text_image__textbox\">\n<h2>Minimondo nieograniczone mo\u017cliwo\u015bci.<\/h2>\n<p>Szeroki wyb\u00f3r element\u00f3w z\u00a0kolekcji Minimondo pozwoli zaaran\u017cowa\u0107 ka\u017cd\u0105 przestrze\u0144 zgodnie z\u00a0Twoimi potrzebami i\u00a0upodobaniami. Zapomnij o\u00a0problemach z\u00a0brakiem miejsca na\u00a0przechowywanie Twoich skarb\u00f3w. Ksi\u0105\u017cki, ubrania zabawki \u2013 od teraz na\u00a0wszystko znajdziesz swoje miejsce. Je\u015bli w\u00a0pokoju brakuje Ci miejsca meble mo\u017cesz postawi\u0107 pod\u00a0\u0142\u00f3\u017ckiem uzyskuj\u0105c przestrze\u0144 do\u00a0przechowywania bez po\u015bwi\u0119cania miejsca w\u00a0pokoju.<\/p>\n<\/div>\n<div class=\"section_woocommerce_text_image__media\"><\/div>\n","image":"https:\/\/inmondo.pl\/wp-content\/uploads\/2020\/07\/2019_11_INMONDO_MINIMONDO_-23158-1920.jpg"},{"acf_fc_layout":"section_woocommerce_text_image","is_active":true,"anchor":"","text_align":"textAlign--right","grid_width":"main","wysiwyg":"<h2>Stworzone z\u00a0dba\u0142o\u015bci\u0105 o\u00a0szczeg\u00f3\u0142y&#8230;<\/h2>\n<p>Tworz\u0105c nasze meble my\u015blimy nie tylko o\u00a0funkcjonalno\u015bci, ale\u00a0tak\u017ce o\u00a0bezpiecze\u0144stwie i\u00a0komforcie Twojego dziecka. Dlatego\u00a0wszystkie nasze meble s\u0105 lakierowane ekologicznymi farbami wodnymi. Zawiasy i\u00a0prowadnice posiadaj\u0105 system cichego domyku.<\/p>\n<p>\u0141\u00f3\u017ceczko zosta\u0142o polakierowane przyjaznymi dla dziecka i \u015brodowiska lakierami, a drewno, z kt\u00f3rego jest wykonane pochodzi z certyfikowanych, dobrze zarz\u0105dzanych las\u00f3w.<\/p>\n","image":"https:\/\/inmondo.pl\/wp-content\/uploads\/2020\/08\/2019_05_INMONDO_POK\u00d3J_BABY_2-153611920.jpg"},{"acf_fc_layout":"section_woocommerce_lookbook","is_active":true,"anchor":"lookbook","header":"<h2 style=\"text-align: center;\">Zobacz galeri\u0119 Minimondo:<\/h2>\n<p style=\"text-align: center;\">Minimalistyczny lookbook prosto od naszych projektant\u00f3w. Ogl\u0105daj, inspiruj si\u0119, a\u00a0je\u015bli masz pomys\u0142y lub\u00a0pytania \u2014 od razu dzwo\u0144!<\/p>\n","repeater":[{"shortcode":"[woocommerce_lookbook id=\"1284\"]"},{"shortcode":"[woocommerce_lookbook id=\"1571\"]"},{"shortcode":"[woocommerce_lookbook id=\"1279\"]"}]},{"acf_fc_layout":"section_woocommerce_opinions","is_active":true,"anchor":"opinie"},{"acf_fc_layout":"section_woocommerce_otherFromCategory","is_active":true,"anchor":"inneprodukty"}]},"yoast_head":"<!-- This site is optimized with the Yoast SEO plugin v27.3 - https:\/\/yoast.com\/product\/yoast-seo-wordpress\/ -->\n<title>Szczyt do tapczanika - Inmondo<\/title>\n<meta name=\"robots\" content=\"index, follow, max-snippet:-1, max-image-preview:large, max-video-preview:-1\" \/>\n<link rel=\"canonical\" href=\"https:\/\/inmondo.pl\/en\/sklep\/elementy\/akcesoria\/szczyt-do-tapczanika\/\" \/>\n<meta property=\"og:locale\" content=\"en_GB\" \/>\n<meta property=\"og:type\" content=\"article\" \/>\n<meta property=\"og:title\" content=\"Szczyt do tapczanika - Inmondo\" \/>\n<meta property=\"og:description\" content=\"Je\u015bli twoje dziecko ju\u017c wyros\u0142o z niemowl\u0119cego \u0142\u00f3\u017ceczka mamy idealne rozwi\u0105zanie... \u0141\u00f3\u017ceczko 3S z kolekcji Minimondo szybko przekszta\u0142cisz w tapczanik dla starszego dziecka. Ten niezwykle funkcjonalny mebel pos\u0142u\u017cy dziecku przez wiele lat. Dodatkowym atutem s\u0105 pojemne szuflady do przechowywania po\u015bcieli, poduszek lub zabawek twojej pociechy.\" \/>\n<meta property=\"og:url\" content=\"https:\/\/inmondo.pl\/en\/sklep\/elementy\/akcesoria\/szczyt-do-tapczanika\/\" \/>\n<meta property=\"og:site_name\" content=\"Inmondo\" \/>\n<meta property=\"article:modified_time\" content=\"2025-06-03T08:06:40+00:00\" \/>\n<meta property=\"og:image\" content=\"https:\/\/inmondo.pl\/wp-content\/uploads\/2020\/06\/2019_09_INMONDO_PACKSHOTY-21578_small.jpg\" \/>\n\t<meta property=\"og:image:width\" content=\"960\" \/>\n\t<meta property=\"og:image:height\" content=\"960\" \/>\n\t<meta property=\"og:image:type\" content=\"image\/jpeg\" \/>\n<meta name=\"twitter:card\" content=\"summary_large_image\" \/>\n<meta name=\"twitter:label1\" content=\"Estimated reading time\" \/>\n\t<meta name=\"twitter:data1\" content=\"2 minutes\" \/>\n<script type=\"application\/ld+json\" class=\"yoast-schema-graph\">{\"@context\":\"https:\\\/\\\/schema.org\",\"@graph\":[{\"@type\":\"WebPage\",\"@id\":\"https:\\\/\\\/inmondo.pl\\\/de\\\/sklep\\\/elementy\\\/akcesoria\\\/von-oben-auf-die-couch\\\/\",\"url\":\"https:\\\/\\\/inmondo.pl\\\/de\\\/sklep\\\/elementy\\\/akcesoria\\\/von-oben-auf-die-couch\\\/\",\"name\":\"Szczyt do tapczanika - Inmondo\",\"isPartOf\":{\"@id\":\"https:\\\/\\\/inmondo.pl\\\/#website\"},\"primaryImageOfPage\":{\"@id\":\"https:\\\/\\\/inmondo.pl\\\/de\\\/sklep\\\/elementy\\\/akcesoria\\\/von-oben-auf-die-couch\\\/#primaryimage\"},\"image\":{\"@id\":\"https:\\\/\\\/inmondo.pl\\\/de\\\/sklep\\\/elementy\\\/akcesoria\\\/von-oben-auf-die-couch\\\/#primaryimage\"},\"thumbnailUrl\":\"https:\\\/\\\/inmondo.pl\\\/wp-content\\\/uploads\\\/2020\\\/06\\\/2019_09_INMONDO_PACKSHOTY-21578_small.jpg\",\"datePublished\":\"2020-06-17T09:38:59+00:00\",\"dateModified\":\"2025-06-03T08:06:40+00:00\",\"breadcrumb\":{\"@id\":\"https:\\\/\\\/inmondo.pl\\\/de\\\/sklep\\\/elementy\\\/akcesoria\\\/von-oben-auf-die-couch\\\/#breadcrumb\"},\"inLanguage\":\"en-GB\",\"potentialAction\":[{\"@type\":\"ReadAction\",\"target\":[\"https:\\\/\\\/inmondo.pl\\\/de\\\/sklep\\\/elementy\\\/akcesoria\\\/von-oben-auf-die-couch\\\/\"]}]},{\"@type\":\"ImageObject\",\"inLanguage\":\"en-GB\",\"@id\":\"https:\\\/\\\/inmondo.pl\\\/de\\\/sklep\\\/elementy\\\/akcesoria\\\/von-oben-auf-die-couch\\\/#primaryimage\",\"url\":\"https:\\\/\\\/inmondo.pl\\\/wp-content\\\/uploads\\\/2020\\\/06\\\/2019_09_INMONDO_PACKSHOTY-21578_small.jpg\",\"contentUrl\":\"https:\\\/\\\/inmondo.pl\\\/wp-content\\\/uploads\\\/2020\\\/06\\\/2019_09_INMONDO_PACKSHOTY-21578_small.jpg\",\"width\":960,\"height\":960},{\"@type\":\"BreadcrumbList\",\"@id\":\"https:\\\/\\\/inmondo.pl\\\/de\\\/sklep\\\/elementy\\\/akcesoria\\\/von-oben-auf-die-couch\\\/#breadcrumb\",\"itemListElement\":[{\"@type\":\"ListItem\",\"position\":1,\"name\":\"Strona g\u0142\u00f3wna\",\"item\":\"https:\\\/\\\/inmondo.pl\\\/\"},{\"@type\":\"ListItem\",\"position\":2,\"name\":\"Oferta Inmondo: spe\u0142niamy marzenia i wymagania\",\"item\":\"https:\\\/\\\/inmondo.pl\\\/sklep\\\/\"},{\"@type\":\"ListItem\",\"position\":3,\"name\":\"kolekcje\",\"item\":\"https:\\\/\\\/inmondo.pl\\\/de\\\/sklep\\\/kolekcje\\\/\"},{\"@type\":\"ListItem\",\"position\":4,\"name\":\"Szczyt do tapczanika\"}]},{\"@type\":\"WebSite\",\"@id\":\"https:\\\/\\\/inmondo.pl\\\/#website\",\"url\":\"https:\\\/\\\/inmondo.pl\\\/\",\"name\":\"Inmondo\",\"description\":\"\",\"potentialAction\":[{\"@type\":\"SearchAction\",\"target\":{\"@type\":\"EntryPoint\",\"urlTemplate\":\"https:\\\/\\\/inmondo.pl\\\/?s={search_term_string}\"},\"query-input\":{\"@type\":\"PropertyValueSpecification\",\"valueRequired\":true,\"valueName\":\"search_term_string\"}}],\"inLanguage\":\"en-GB\"}]}<\/script>\n<!-- \/ Yoast SEO plugin. -->","yoast_head_json":{"title":"The top to the couch - Inmondo","robots":{"index":"index","follow":"follow","max-snippet":"max-snippet:-1","max-image-preview":"max-image-preview:large","max-video-preview":"max-video-preview:-1"},"canonical":"https:\/\/inmondo.pl\/en\/sklep\/elementy\/akcesoria\/szczyt-do-tapczanika\/","og_locale":"en_GB","og_type":"article","og_title":"Szczyt do tapczanika - Inmondo","og_description":"Je\u015bli twoje dziecko ju\u017c wyros\u0142o z niemowl\u0119cego \u0142\u00f3\u017ceczka mamy idealne rozwi\u0105zanie... \u0141\u00f3\u017ceczko 3S z kolekcji Minimondo szybko przekszta\u0142cisz w tapczanik dla starszego dziecka. Ten niezwykle funkcjonalny mebel pos\u0142u\u017cy dziecku przez wiele lat. Dodatkowym atutem s\u0105 pojemne szuflady do przechowywania po\u015bcieli, poduszek lub zabawek twojej pociechy.","og_url":"https:\/\/inmondo.pl\/en\/sklep\/elementy\/akcesoria\/szczyt-do-tapczanika\/","og_site_name":"Inmondo","article_modified_time":"2025-06-03T08:06:40+00:00","og_image":[{"width":960,"height":960,"url":"https:\/\/inmondo.pl\/wp-content\/uploads\/2020\/06\/2019_09_INMONDO_PACKSHOTY-21578_small.jpg","type":"image\/jpeg"}],"twitter_card":"summary_large_image","twitter_misc":{"Estimated reading time":"2 minutes"},"schema":{"@context":"https:\/\/schema.org","@graph":[{"@type":"WebPage","@id":"https:\/\/inmondo.pl\/de\/sklep\/elementy\/akcesoria\/von-oben-auf-die-couch\/","url":"https:\/\/inmondo.pl\/de\/sklep\/elementy\/akcesoria\/von-oben-auf-die-couch\/","name":"The top to the couch - Inmondo","isPartOf":{"@id":"https:\/\/inmondo.pl\/#website"},"primaryImageOfPage":{"@id":"https:\/\/inmondo.pl\/de\/sklep\/elementy\/akcesoria\/von-oben-auf-die-couch\/#primaryimage"},"image":{"@id":"https:\/\/inmondo.pl\/de\/sklep\/elementy\/akcesoria\/von-oben-auf-die-couch\/#primaryimage"},"thumbnailUrl":"https:\/\/inmondo.pl\/wp-content\/uploads\/2020\/06\/2019_09_INMONDO_PACKSHOTY-21578_small.jpg","datePublished":"2020-06-17T09:38:59+00:00","dateModified":"2025-06-03T08:06:40+00:00","breadcrumb":{"@id":"https:\/\/inmondo.pl\/de\/sklep\/elementy\/akcesoria\/von-oben-auf-die-couch\/#breadcrumb"},"inLanguage":"en-GB","potentialAction":[{"@type":"ReadAction","target":["https:\/\/inmondo.pl\/de\/sklep\/elementy\/akcesoria\/von-oben-auf-die-couch\/"]}]},{"@type":"ImageObject","inLanguage":"en-GB","@id":"https:\/\/inmondo.pl\/de\/sklep\/elementy\/akcesoria\/von-oben-auf-die-couch\/#primaryimage","url":"https:\/\/inmondo.pl\/wp-content\/uploads\/2020\/06\/2019_09_INMONDO_PACKSHOTY-21578_small.jpg","contentUrl":"https:\/\/inmondo.pl\/wp-content\/uploads\/2020\/06\/2019_09_INMONDO_PACKSHOTY-21578_small.jpg","width":960,"height":960},{"@type":"BreadcrumbList","@id":"https:\/\/inmondo.pl\/de\/sklep\/elementy\/akcesoria\/von-oben-auf-die-couch\/#breadcrumb","itemListElement":[{"@type":"ListItem","position":1,"name":"Strona g\u0142\u00f3wna","item":"https:\/\/inmondo.pl\/"},{"@type":"ListItem","position":2,"name":"Oferta Inmondo: spe\u0142niamy marzenia i wymagania","item":"https:\/\/inmondo.pl\/sklep\/"},{"@type":"ListItem","position":3,"name":"kolekcje","item":"https:\/\/inmondo.pl\/de\/sklep\/kolekcje\/"},{"@type":"ListItem","position":4,"name":"Szczyt do tapczanika"}]},{"@type":"WebSite","@id":"https:\/\/inmondo.pl\/#website","url":"https:\/\/inmondo.pl\/","name":"Inmondo","description":"","potentialAction":[{"@type":"SearchAction","target":{"@type":"EntryPoint","urlTemplate":"https:\/\/inmondo.pl\/?s={search_term_string}"},"query-input":{"@type":"PropertyValueSpecification","valueRequired":true,"valueName":"search_term_string"}}],"inLanguage":"en-GB"}]}},"wcpa_form_fields":null,"_links":{"self":[{"href":"https:\/\/inmondo.pl\/en\/wp-json\/wp\/v2\/product\/995","targetHints":{"allow":["GET"]}}],"collection":[{"href":"https:\/\/inmondo.pl\/en\/wp-json\/wp\/v2\/product"}],"about":[{"href":"https:\/\/inmondo.pl\/en\/wp-json\/wp\/v2\/types\/product"}],"replies":[{"embeddable":true,"href":"https:\/\/inmondo.pl\/en\/wp-json\/wp\/v2\/comments?post=995"}],"wp:featuredmedia":[{"embeddable":true,"href":"https:\/\/inmondo.pl\/en\/wp-json\/wp\/v2\/media\/1025"}],"wp:attachment":[{"href":"https:\/\/inmondo.pl\/en\/wp-json\/wp\/v2\/media?parent=995"}],"wp:term":[{"taxonomy":"product_brand","embeddable":true,"href":"https:\/\/inmondo.pl\/en\/wp-json\/wp\/v2\/product_brand?post=995"},{"taxonomy":"product_cat","embeddable":true,"href":"https:\/\/inmondo.pl\/en\/wp-json\/wp\/v2\/product_cat?post=995"},{"taxonomy":"product_tag","embeddable":true,"href":"https:\/\/inmondo.pl\/en\/wp-json\/wp\/v2\/product_tag?post=995"}],"curies":[{"name":"wp","href":"https:\/\/api.w.org\/{rel}","templated":true}]}}