{"id":9439,"date":"2025-04-04T15:28:00","date_gmt":"2025-04-04T13:28:00","guid":{"rendered":"https:\/\/inmondo.pl\/?post_type=product&#038;p=9439"},"modified":"2025-05-13T11:52:43","modified_gmt":"2025-05-13T09:52:43","slug":"tapeta-birds-and-beige-spring","status":"publish","type":"product","link":"https:\/\/inmondo.pl\/en\/sklep\/kolekcje\/dodatki\/tapeta-birds-and-beige-spring\/","title":{"rendered":"Birds and Beige Spring wallpaper\u00a0"},"content":{"rendered":"<h1 class=\"wp-block-heading\"><\/h1>","protected":false},"excerpt":{"rendered":"<p>Botanical elements in a beautiful green shade on a beige light background.<\/p>\n<p><\/br><\/p>\n<p>The wallpaper is divided into strips:<\/p>\n<p><strong>Height: 280 cm<\/strong><\/p>\n<p><strong>Width: 50 cm<\/strong><\/p>\n<p><\/br><\/p>\n<p>The price is for one strip of wallpaper.<\/p>\n<p>&nbsp;<\/p>\n<p><\/br><\/p>\n<p>Please make informed purchases. No returns allowed.<\/p>","protected":false},"featured_media":9440,"comment_status":"open","ping_status":"closed","template":"","meta":{"_acf_changed":true},"product_brand":[],"product_cat":[50],"product_tag":[],"class_list":{"0":"post-9439","1":"product","2":"type-product","3":"status-publish","4":"has-post-thumbnail","6":"product_cat-dodatki","8":"first","9":"instock","10":"taxable","11":"shipping-taxable","12":"purchasable","13":"product-type-simple"},"acf":{"sections_woocommerce":[{"acf_fc_layout":"section_menu","is_active":true,"repeater":[{"text":"Opis","link":"#opis"},{"text":"Lookbook","link":"#lookbook"},{"text":"Opinie","link":"#opinie"},{"text":"Inne z kolekcji","link":"#inne "}]},{"acf_fc_layout":"section_woocommerce_text_image","is_active":true,"anchor":"Opis","text_align":"textAlign--left","grid_width":"main","wysiwyg":"<p>Stw\u00f3rz w pokoju dziecka przytuln\u0105 przestrze\u0144 pe\u0142n\u0105 magii i spokoju.<\/p>\n<p>Tapeta w delikatnym odcieniu zieleni z subtelnym botanicznym wzorem i uroczymi ptaszkami to doskona\u0142y wyb\u00f3r dla rodzic\u00f3w, kt\u00f3rzy ceni\u0105 naturalne akcenty we wn\u0119trzach.<\/p>\n<p><strong data-start=\"482\" data-end=\"518\">Dlaczego warto wybra\u0107 t\u0119 tapet\u0119?<\/strong><br \/>\n<br \/><\/br><\/p>\n<ul>\n<li>\n<h4 style=\"text-align: left; font-size: 17px;\">\u00a0Ponadczasowy botaniczny wz\u00f3r \u2013 inspirowany natur\u0105<\/h4>\n<\/li>\n<li>\n<h4 style=\"text-align: left; font-size: 17px;\">\u00a0Stonowana paleta kolor\u00f3w \u2013 idealnie komponuje si\u0119 z drewnianymi meblami<\/h4>\n<\/li>\n<li>\n<h4 style=\"text-align: left; font-size: 17px;\">\u00a0Dodaje wn\u0119trzu ciep\u0142a i przytulno\u015bci<\/h4>\n<\/li>\n<li>\n<h4 style=\"text-align: left; font-size: 17px;\">\u00a0Doskona\u0142a baza do aran\u017cacji pokoju w stylu skandynawskim lub vintage<\/h4>\n<\/li>\n<\/ul>\n<p><\/br><br \/>\n<strong data-start=\"774\" data-end=\"818\">Idealne dopasowanie do mebli dzieci\u0119cych<\/strong><br data-start=\"818\" data-end=\"821\" \/>Tapeta pi\u0119knie wsp\u00f3\u0142gra z naszymi meblami, zw\u0142aszcza z <a href=\"https:\/\/inmondo.pl\/sklep\/kolekcje\/oferta-uzupelniajaca\/lozko-pietrowe-carmela\/\"><strong data-start=\"876\" data-end=\"895\">\u0142\u00f3\u017ckiem Carmela<\/strong> <\/a>oraz kolekcj\u0105 <strong data-start=\"910\" data-end=\"920\">Collet<\/strong>, tworz\u0105c sp\u00f3jn\u0105, eleganck\u0105 aran\u017cacj\u0119 pokoju dzieci\u0119cego.<\/p>\n","image":false},{"acf_fc_layout":"section_woocommerce_lookbook","is_active":true,"anchor":"lookbook","header":"","repeater":[{"shortcode":"[woocommerce_lookbook id=\"9315\"]"},{"shortcode":"[woocommerce_lookbook id=\"4960\"]"}]},{"acf_fc_layout":"section_woocommerce_opinions","is_active":true,"anchor":"opinie"},{"acf_fc_layout":"section_woocommerce_otherFromCategory","is_active":true,"anchor":"inne"}],"wymiary":"Tapeta podzielona jest na pasy:<br \/>\r\n<br \/>\r\nWysoko\u015b\u0107: 280 cm<br \/>\r\nSzeroko\u015b\u0107: 50 cm <br \/>\r\nCena dotyczy jednego pasa tapety.","materialy":""},"yoast_head":"<!-- This site is optimized with the Yoast SEO plugin v27.3 - https:\/\/yoast.com\/product\/yoast-seo-wordpress\/ -->\n<title>Tapeta Birds and Beige Spring\u00a0 - Inmondo<\/title>\n<meta name=\"description\" content=\"Wprowad\u017a do pokoju dziecka magi\u0119 natury! Tapeta w subtelnej zieleni to idealny wyb\u00f3r do spokojnej i stylowej aran\u017cacji dzieci\u0119cego pokoju.\" \/>\n<meta name=\"robots\" content=\"index, follow, max-snippet:-1, max-image-preview:large, max-video-preview:-1\" \/>\n<link rel=\"canonical\" href=\"https:\/\/inmondo.pl\/en\/sklep\/kolekcje\/dodatki\/tapeta-birds-and-beige-spring\/\" \/>\n<meta property=\"og:locale\" content=\"en_GB\" \/>\n<meta property=\"og:type\" content=\"article\" \/>\n<meta property=\"og:title\" content=\"Tapeta Birds and Beige Spring\u00a0 - Inmondo\" \/>\n<meta property=\"og:description\" content=\"Wprowad\u017a do pokoju dziecka magi\u0119 natury! Tapeta w subtelnej zieleni to idealny wyb\u00f3r do spokojnej i stylowej aran\u017cacji dzieci\u0119cego pokoju.\" \/>\n<meta property=\"og:url\" content=\"https:\/\/inmondo.pl\/en\/sklep\/kolekcje\/dodatki\/tapeta-birds-and-beige-spring\/\" \/>\n<meta property=\"og:site_name\" content=\"Inmondo\" \/>\n<meta property=\"article:modified_time\" content=\"2025-05-13T09:52:43+00:00\" \/>\n<meta property=\"og:image\" content=\"https:\/\/inmondo.pl\/wp-content\/uploads\/2025\/04\/DEKO.TAP_.358_birds_beige_spring_wallpaper.jpg\" \/>\n\t<meta property=\"og:image:width\" content=\"1800\" \/>\n\t<meta property=\"og:image:height\" content=\"1800\" \/>\n\t<meta property=\"og:image:type\" content=\"image\/jpeg\" \/>\n<meta name=\"twitter:card\" content=\"summary_large_image\" \/>\n<meta name=\"twitter:label1\" content=\"Estimated reading time\" \/>\n\t<meta name=\"twitter:data1\" content=\"1 minute\" \/>\n<script type=\"application\/ld+json\" class=\"yoast-schema-graph\">{\"@context\":\"https:\\\/\\\/schema.org\",\"@graph\":[{\"@type\":\"WebPage\",\"@id\":\"https:\\\/\\\/inmondo.pl\\\/sklep\\\/kolekcje\\\/dodatki\\\/tapeta-birds-and-beige-spring\\\/\",\"url\":\"https:\\\/\\\/inmondo.pl\\\/sklep\\\/kolekcje\\\/dodatki\\\/tapeta-birds-and-beige-spring\\\/\",\"name\":\"Tapeta Birds and Beige Spring\u00a0 - Inmondo\",\"isPartOf\":{\"@id\":\"https:\\\/\\\/inmondo.pl\\\/#website\"},\"primaryImageOfPage\":{\"@id\":\"https:\\\/\\\/inmondo.pl\\\/sklep\\\/kolekcje\\\/dodatki\\\/tapeta-birds-and-beige-spring\\\/#primaryimage\"},\"image\":{\"@id\":\"https:\\\/\\\/inmondo.pl\\\/sklep\\\/kolekcje\\\/dodatki\\\/tapeta-birds-and-beige-spring\\\/#primaryimage\"},\"thumbnailUrl\":\"https:\\\/\\\/inmondo.pl\\\/wp-content\\\/uploads\\\/2025\\\/04\\\/DEKO.TAP_.358_birds_beige_spring_wallpaper.jpg\",\"datePublished\":\"2025-04-04T13:28:00+00:00\",\"dateModified\":\"2025-05-13T09:52:43+00:00\",\"description\":\"Wprowad\u017a do pokoju dziecka magi\u0119 natury! Tapeta w subtelnej zieleni to idealny wyb\u00f3r do spokojnej i stylowej aran\u017cacji dzieci\u0119cego pokoju.\",\"breadcrumb\":{\"@id\":\"https:\\\/\\\/inmondo.pl\\\/sklep\\\/kolekcje\\\/dodatki\\\/tapeta-birds-and-beige-spring\\\/#breadcrumb\"},\"inLanguage\":\"en-GB\",\"potentialAction\":[{\"@type\":\"ReadAction\",\"target\":[\"https:\\\/\\\/inmondo.pl\\\/sklep\\\/kolekcje\\\/dodatki\\\/tapeta-birds-and-beige-spring\\\/\"]}]},{\"@type\":\"ImageObject\",\"inLanguage\":\"en-GB\",\"@id\":\"https:\\\/\\\/inmondo.pl\\\/sklep\\\/kolekcje\\\/dodatki\\\/tapeta-birds-and-beige-spring\\\/#primaryimage\",\"url\":\"https:\\\/\\\/inmondo.pl\\\/wp-content\\\/uploads\\\/2025\\\/04\\\/DEKO.TAP_.358_birds_beige_spring_wallpaper.jpg\",\"contentUrl\":\"https:\\\/\\\/inmondo.pl\\\/wp-content\\\/uploads\\\/2025\\\/04\\\/DEKO.TAP_.358_birds_beige_spring_wallpaper.jpg\",\"width\":1800,\"height\":1800,\"caption\":\"tapeta dekornik w botaniczne motywy\"},{\"@type\":\"BreadcrumbList\",\"@id\":\"https:\\\/\\\/inmondo.pl\\\/sklep\\\/kolekcje\\\/dodatki\\\/tapeta-birds-and-beige-spring\\\/#breadcrumb\",\"itemListElement\":[{\"@type\":\"ListItem\",\"position\":1,\"name\":\"Strona g\u0142\u00f3wna\",\"item\":\"https:\\\/\\\/inmondo.pl\\\/\"},{\"@type\":\"ListItem\",\"position\":2,\"name\":\"Oferta Inmondo: spe\u0142niamy marzenia i wymagania\",\"item\":\"https:\\\/\\\/inmondo.pl\\\/sklep\\\/\"},{\"@type\":\"ListItem\",\"position\":3,\"name\":\"kolekcje\",\"item\":\"https:\\\/\\\/inmondo.pl\\\/de\\\/sklep\\\/kolekcje\\\/\"},{\"@type\":\"ListItem\",\"position\":4,\"name\":\"Dodatki\",\"item\":\"https:\\\/\\\/inmondo.pl\\\/de\\\/sklep\\\/kolekcje\\\/additive\\\/\"},{\"@type\":\"ListItem\",\"position\":5,\"name\":\"Tapeta Birds and Beige Spring\u00a0\"}]},{\"@type\":\"WebSite\",\"@id\":\"https:\\\/\\\/inmondo.pl\\\/#website\",\"url\":\"https:\\\/\\\/inmondo.pl\\\/\",\"name\":\"Inmondo\",\"description\":\"\",\"potentialAction\":[{\"@type\":\"SearchAction\",\"target\":{\"@type\":\"EntryPoint\",\"urlTemplate\":\"https:\\\/\\\/inmondo.pl\\\/?s={search_term_string}\"},\"query-input\":{\"@type\":\"PropertyValueSpecification\",\"valueRequired\":true,\"valueName\":\"search_term_string\"}}],\"inLanguage\":\"en-GB\"}]}<\/script>\n<!-- \/ Yoast SEO plugin. -->","yoast_head_json":{"title":"Birds and Beige Spring wallpaper - Inmondo","description":"Bring the magic of nature into your child's room! The wallpaper in subtle green is the perfect choice for a calm and stylish arrangement of a child's room.","robots":{"index":"index","follow":"follow","max-snippet":"max-snippet:-1","max-image-preview":"max-image-preview:large","max-video-preview":"max-video-preview:-1"},"canonical":"https:\/\/inmondo.pl\/en\/sklep\/kolekcje\/dodatki\/tapeta-birds-and-beige-spring\/","og_locale":"en_GB","og_type":"article","og_title":"Tapeta Birds and Beige Spring\u00a0 - Inmondo","og_description":"Wprowad\u017a do pokoju dziecka magi\u0119 natury! Tapeta w subtelnej zieleni to idealny wyb\u00f3r do spokojnej i stylowej aran\u017cacji dzieci\u0119cego pokoju.","og_url":"https:\/\/inmondo.pl\/en\/sklep\/kolekcje\/dodatki\/tapeta-birds-and-beige-spring\/","og_site_name":"Inmondo","article_modified_time":"2025-05-13T09:52:43+00:00","og_image":[{"width":1800,"height":1800,"url":"https:\/\/inmondo.pl\/wp-content\/uploads\/2025\/04\/DEKO.TAP_.358_birds_beige_spring_wallpaper.jpg","type":"image\/jpeg"}],"twitter_card":"summary_large_image","twitter_misc":{"Estimated reading time":"1 minute"},"schema":{"@context":"https:\/\/schema.org","@graph":[{"@type":"WebPage","@id":"https:\/\/inmondo.pl\/sklep\/kolekcje\/dodatki\/tapeta-birds-and-beige-spring\/","url":"https:\/\/inmondo.pl\/sklep\/kolekcje\/dodatki\/tapeta-birds-and-beige-spring\/","name":"Birds and Beige Spring wallpaper - Inmondo","isPartOf":{"@id":"https:\/\/inmondo.pl\/#website"},"primaryImageOfPage":{"@id":"https:\/\/inmondo.pl\/sklep\/kolekcje\/dodatki\/tapeta-birds-and-beige-spring\/#primaryimage"},"image":{"@id":"https:\/\/inmondo.pl\/sklep\/kolekcje\/dodatki\/tapeta-birds-and-beige-spring\/#primaryimage"},"thumbnailUrl":"https:\/\/inmondo.pl\/wp-content\/uploads\/2025\/04\/DEKO.TAP_.358_birds_beige_spring_wallpaper.jpg","datePublished":"2025-04-04T13:28:00+00:00","dateModified":"2025-05-13T09:52:43+00:00","description":"Bring the magic of nature into your child's room! The wallpaper in subtle green is the perfect choice for a calm and stylish arrangement of a child's room.","breadcrumb":{"@id":"https:\/\/inmondo.pl\/sklep\/kolekcje\/dodatki\/tapeta-birds-and-beige-spring\/#breadcrumb"},"inLanguage":"en-GB","potentialAction":[{"@type":"ReadAction","target":["https:\/\/inmondo.pl\/sklep\/kolekcje\/dodatki\/tapeta-birds-and-beige-spring\/"]}]},{"@type":"ImageObject","inLanguage":"en-GB","@id":"https:\/\/inmondo.pl\/sklep\/kolekcje\/dodatki\/tapeta-birds-and-beige-spring\/#primaryimage","url":"https:\/\/inmondo.pl\/wp-content\/uploads\/2025\/04\/DEKO.TAP_.358_birds_beige_spring_wallpaper.jpg","contentUrl":"https:\/\/inmondo.pl\/wp-content\/uploads\/2025\/04\/DEKO.TAP_.358_birds_beige_spring_wallpaper.jpg","width":1800,"height":1800,"caption":"tapeta dekornik w botaniczne motywy"},{"@type":"BreadcrumbList","@id":"https:\/\/inmondo.pl\/sklep\/kolekcje\/dodatki\/tapeta-birds-and-beige-spring\/#breadcrumb","itemListElement":[{"@type":"ListItem","position":1,"name":"Strona g\u0142\u00f3wna","item":"https:\/\/inmondo.pl\/"},{"@type":"ListItem","position":2,"name":"Oferta Inmondo: spe\u0142niamy marzenia i wymagania","item":"https:\/\/inmondo.pl\/sklep\/"},{"@type":"ListItem","position":3,"name":"kolekcje","item":"https:\/\/inmondo.pl\/de\/sklep\/kolekcje\/"},{"@type":"ListItem","position":4,"name":"Dodatki","item":"https:\/\/inmondo.pl\/de\/sklep\/kolekcje\/additive\/"},{"@type":"ListItem","position":5,"name":"Tapeta Birds and Beige Spring\u00a0"}]},{"@type":"WebSite","@id":"https:\/\/inmondo.pl\/#website","url":"https:\/\/inmondo.pl\/","name":"Inmondo","description":"","potentialAction":[{"@type":"SearchAction","target":{"@type":"EntryPoint","urlTemplate":"https:\/\/inmondo.pl\/?s={search_term_string}"},"query-input":{"@type":"PropertyValueSpecification","valueRequired":true,"valueName":"search_term_string"}}],"inLanguage":"en-GB"}]}},"wcpa_form_fields":null,"_links":{"self":[{"href":"https:\/\/inmondo.pl\/en\/wp-json\/wp\/v2\/product\/9439","targetHints":{"allow":["GET"]}}],"collection":[{"href":"https:\/\/inmondo.pl\/en\/wp-json\/wp\/v2\/product"}],"about":[{"href":"https:\/\/inmondo.pl\/en\/wp-json\/wp\/v2\/types\/product"}],"replies":[{"embeddable":true,"href":"https:\/\/inmondo.pl\/en\/wp-json\/wp\/v2\/comments?post=9439"}],"wp:featuredmedia":[{"embeddable":true,"href":"https:\/\/inmondo.pl\/en\/wp-json\/wp\/v2\/media\/9440"}],"wp:attachment":[{"href":"https:\/\/inmondo.pl\/en\/wp-json\/wp\/v2\/media?parent=9439"}],"wp:term":[{"taxonomy":"product_brand","embeddable":true,"href":"https:\/\/inmondo.pl\/en\/wp-json\/wp\/v2\/product_brand?post=9439"},{"taxonomy":"product_cat","embeddable":true,"href":"https:\/\/inmondo.pl\/en\/wp-json\/wp\/v2\/product_cat?post=9439"},{"taxonomy":"product_tag","embeddable":true,"href":"https:\/\/inmondo.pl\/en\/wp-json\/wp\/v2\/product_tag?post=9439"}],"curies":[{"name":"wp","href":"https:\/\/api.w.org\/{rel}","templated":true}]}}