{"id":913,"date":"2020-06-16T12:00:35","date_gmt":"2020-06-16T10:00:35","guid":{"rendered":"http:\/\/inmondo.pl\/?post_type=product&#038;p=913"},"modified":"2026-04-17T11:48:53","modified_gmt":"2026-04-17T09:48:53","slug":"lozko-domek","status":"publish","type":"product","link":"https:\/\/inmondo.pl\/en\/sklep\/elementy\/lozka\/lozko-domek\/","title":{"rendered":"The bed \"House\" - with a roof and a window wall"},"content":{"rendered":"<p dir=\"ltr\" style=\"text-align: justify;\">\u0141\u00f3\u017cko domek dla dzieci z kolekcji Funflex to mebel, kt\u00f3ry jest r\u00f3wnie funkcjonalny, jak dekoracyjny \u2013 automatycznie stanie si\u0119 centralnym punktem wystroju ka\u017cdego pokoju dzieci\u0119cego, ozdabiaj\u0105c jego wn\u0119trze i nadaj\u0105c mu ca\u0142kowicie unikalnego charakteru. To niepowtarzalny, wyj\u0105tkowy projekt, dzi\u0119ki kt\u00f3remu stworzysz dla swojego dziecka magiczny pok\u00f3j, kt\u00f3ry zach\u0119ci je do zabawy oraz odkrywania otaczaj\u0105cego \u015bwiata!<\/p>\n<p dir=\"ltr\">Also choose one of the two matching mattress models <a href=\"https:\/\/inmondo.pl\/en\/sklep\/elementy\/materac-resto\/\"><u>RESTO 90<\/u><\/a> or <a href=\"https:\/\/inmondo.pl\/en\/sklep\/elementy\/materac-resto-duo-90\/\"><u>RESTO DUO 90<\/u><\/a><\/p>\n<p dir=\"ltr\">\u00a0<\/p>\n\n\n<p><\/p>","protected":false},"excerpt":{"rendered":"<p dir=\"ltr\">A house bed from the Funflex collection, complemented by a hand-made roof tiles and a wall with a window. It is a piece of furniture that is as functional as it is decorative. It will automatically become the focal point of any children's room decor, decorating its interior and giving it a completely unique character. It is a unique and exceptional project, thanks to which you will create a magical room for your child that will encourage them to play and discover the surrounding world!<\/p>\n<p dir=\"ltr\">Also choose one of the two matching mattress models <a href=\"https:\/\/inmondo.pl\/en\/sklep\/elementy\/materac-resto\/\"><u>RESTO 90<\/u><\/a> or <a href=\"https:\/\/inmondo.pl\/en\/sklep\/elementy\/materac-resto-duo-90\/\"><u>RESTO DUO 90<\/u><\/a>.<\/p>\n<h6>\u00a0<\/h6>","protected":false},"featured_media":652,"comment_status":"open","ping_status":"closed","template":"","meta":{"_acf_changed":false},"product_brand":[],"product_cat":[20,18,17,21,99],"product_tag":[],"class_list":{"0":"post-913","1":"product","2":"type-product","3":"status-publish","4":"has-post-thumbnail","6":"product_cat-elementy","7":"product_cat-funflex","8":"product_cat-kolekcje","9":"product_cat-lozka","10":"product_cat-meble-dostepne","11":"wcpa_has_options","13":"first","14":"onbackorder","15":"sale","16":"featured","17":"taxable","18":"shipping-taxable","19":"purchasable","20":"product-type-variable","21":"has-default-attributes"},"acf":{"wymiary":"Szeroko\u015b\u0107: 206 cm<br \/>\r\nWysoko\u015b\u0107: 222 cm<br \/>\r\nG\u0142\u0119boko\u015b\u0107: 125 cm<br \/>\r\n<br \/>\r\n\u015awiat\u0142o pomi\u0119dzy pod\u0142og\u0105 a&nbsp;doln\u0105 ram\u0105 \u0142\u00f3\u017cka:  72,7 cm","materialy":"drewno brzozowe, p\u0142yta MDF, lakier wodny i&nbsp;wodny UV","sections_woocommerce":[{"acf_fc_layout":"section_menu","is_active":true,"repeater":[{"text":"Opis","link":"#opis"},{"text":"Lookbook","link":"#lookbook"},{"text":"Opinie","link":"#opinie"},{"text":"Inne produkty","link":"#inneprodukty"}]},{"acf_fc_layout":"section_woocommerce_text_image","is_active":true,"anchor":"","text_align":"textAlign--left","grid_width":"main","wysiwyg":"<h2>Dlaczego warto zdecydowa\u0107 si\u0119 na\u00a0\u0142\u00f3\u017cko domek do\u00a0pokoju dzieci\u0119cego?<\/h2>\n<p dir=\"ltr\" style=\"text-align: justify;\">Spokojny i\u00a0zdrowy sen jest podstaw\u0105 prawid\u0142owego rozwoju dziecka \u2013 to w\u0142a\u015bnie z\u00a0tego powodu odpowiedni dob\u00f3r \u0142\u00f3\u017cka jest istotn\u0105 kwesti\u0105 zwi\u0105zan\u0105 z\u00a0wystrojem pokoju dla\u00a0malucha. Tylko w\u00a0ten spos\u00f3b rodzice mog\u0105 zagwarantowa\u0107 mu w\u0142a\u015bciwe warunki do\u00a0odpoczynku, kt\u00f3ry da mu si\u0142\u0119 oraz\u00a0energi\u0119 do\u00a0dalszej nauki i\u00a0poznawania \u015bwiata. \u0141\u00f3\u017cko dzieci\u0119ce domek zosta\u0142o zaprojektowane w\u0142a\u015bnie z\u00a0my\u015bl\u0105 o\u00a0wygodzie, a\u00a0tak\u017ce bezpiecze\u0144stwie ma\u0142ych u\u017cytkownik\u00f3w, \u015bwietnie wi\u0119c\u00a0spe\u0142ni te wymagania.<\/p>\n<p dir=\"ltr\" style=\"text-align: justify;\">Nie spos\u00f3b jednak\u00a0pomin\u0105\u0107 faktu, \u017ce\u00a0drewniane \u0142\u00f3\u017cko dla\u00a0dzieci w\u00a0kszta\u0142cie domku wyr\u00f3\u017cnia si\u0119 przede wszystkim swoim wyj\u0105tkowym wygl\u0105dem, co oferuje wiele dodatkowych korzy\u015bci poza urozmaiceniem wystroju wn\u0119trza. \u0141\u00f3\u017cko typu domek b\u0119dzie w\u00a0pe\u0142ni satysfakcjonuj\u0105ce dla\u00a0dziecka, co zach\u0119ci go, by po\u0142o\u017cy\u0107 si\u0119 spa\u0107. Z\u00a0kolei dla\u00a0dw\u00f3jki dzieci polecane s\u0105 modele podw\u00f3jne. Domek z\u00a0pewno\u015bci\u0105 doceni\u0105 wszyscy rodzice, kt\u00f3rzy doskonale zdaj\u0105 sobie spraw\u0119 z\u00a0tego, jak trudne mo\u017ce by\u0107 zaprowadzenie malucha do\u00a0\u0142\u00f3\u017cka. Jednak\u00a0\u0142\u00f3\u017cko drewniane domek to nie tylko miejsce do\u00a0spania! R\u00f3wnie\u017c w\u00a0ci\u0105gu dnia b\u0119dzie stanowi\u0142o \u015bwietn\u0105 baz\u0119 do\u00a0zabawy dla\u00a0dzieci, zach\u0119caj\u0105c je do\u00a0kreatywnego sp\u0119dzania czasu i\u00a0pobudzaj\u0105c tym samym ich wyobra\u017ani\u0119!<\/p>\n<p dir=\"ltr\" style=\"text-align: justify;\">Mo\u017cliwe, \u017ce\u00a0pami\u0119tasz jeszcze swoje w\u0142asne zabawy i\u00a0marzenia z\u00a0czas\u00f3w dzieci\u0144stwa, kt\u00f3re cz\u0119sto dotyczy\u0142y posiadania w\u0142asnej bazy czy\u00a0domku na\u00a0drzewie \u2013 teraz zyskujesz szans\u0119 spe\u0142nienia podobnych marze\u0144 swojego dziecka, wybieraj\u0105c dla\u00a0niego pi\u0119kne \u0142\u00f3\u017cko w\u00a0kszta\u0142cie domku na\u00a0podwy\u017cszeniu, kt\u00f3re pozwoli mu poczu\u0107 si\u0119 jak prawdziwy odkrywca!<\/p>\n","image":"https:\/\/inmondo.pl\/wp-content\/uploads\/2020\/07\/2019_04_INMONDO_POK\u00d3J_CH\u0141OPCA_3-14240poziom.jpg"},{"acf_fc_layout":"section_woocommerce_text_image","is_active":true,"anchor":"","text_align":"textAlign--right","grid_width":"main","wysiwyg":"<h3>Wyj\u0105tkowa i\u00a0funkcjonalna aran\u017cacja dost\u0119pnej przestrzeni<\/h3>\n<p dir=\"ltr\" style=\"text-align: justify;\">Sama forma \u0142\u00f3\u017cka dla\u00a0dzieci, czyli\u00a0wyj\u0105tkowy kszta\u0142t domku sprawia, \u017ce\u00a0jest ono bardzo dekoracyjne. Istotny jest jednak\u00a0r\u00f3wnie\u017c fakt, \u017ce\u00a0znajduje si\u0119 ono na\u00a0podwy\u017cszeniu. Domek daje wiele r\u00f3\u017cnorodnych mo\u017cliwo\u015bci wykorzystania tego elementu w\u00a0aran\u017cacji pokoju dzieci\u0119cego. Przestrze\u0144 znajduj\u0105ca si\u0119 pod\u00a0\u0142\u00f3\u017ckiem mo\u017ce zosta\u0107 wype\u0142niona rega\u0142ami i\u00a0komodami, kt\u00f3re zapewni\u0105 dodatkowe miejsce do\u00a0przechowywania. Dzi\u0119ki temu bez trudu przechowasz wszystkie ksi\u0105\u017cki, zabawki oraz\u00a0inne skarby malucha \u2013 a\u00a0co najwa\u017cniejsze, nie musisz w\u00a0tym celu po\u015bwi\u0119ca\u0107 przestrzeni dost\u0119pnej w\u00a0pozosta\u0142ych cz\u0119\u015bciach pomieszczenia, co jest szczeg\u00f3lnie istotne w\u00a0mniejszych mieszkaniach, gdzie ka\u017cdy centymetr wolnego miejsca jest na\u00a0wag\u0119 z\u0142ota. Dla\u00a0idealnego dopasowania \u0142\u00f3\u017cka i\u00a0pozosta\u0142ych element\u00f3w umeblowania zach\u0119camy do\u00a0uzupe\u0142nienia go rozwi\u0105zaniami dost\u0119pnymi w\u00a0naszej kolekcji Funflex!<\/p>\n<p dir=\"ltr\" style=\"text-align: justify;\">Doskonale rozumiemy, \u017ce\u00a0przy wybieraniu \u0142\u00f3\u017cka, dla\u00a0wszystkich rodzic\u00f3w najwa\u017cniejsz\u0105 kwesti\u0105 jest bezpiecze\u0144stwo ich dzieci \u2013 w\u0142a\u015bnie dlatego\u00a0domki wykonywane s\u0105 ze szczeg\u00f3ln\u0105 staranno\u015bci\u0105. Dbamy o\u00a0solidno\u015b\u0107 wykonania i\u00a0stabilno\u015b\u0107 konstrukcji ka\u017cdego z\u00a0naszych mebli, a\u00a0w\u0142a\u015bnie w\u00a0tym przypadku zwr\u00f3cili\u015bmy na\u00a0t\u0119 kwesti\u0119 jeszcze wi\u0119ksz\u0105 uwag\u0119. Poniewa\u017c\u00a0oferowane \u0142\u00f3\u017cko domek znajduje si\u0119 na\u00a0podwy\u017cszeniu, zadbali\u015bmy o\u00a0dodanie mocnych i\u00a0stabilnych barierek, dzi\u0119ki kt\u00f3rym Twoje dziecko zar\u00f3wno podczas snu, jak i\u00a0zabawy, b\u0119dzie ca\u0142kowicie bezpieczne! A\u00a0solidnie zamocowana drabinka pozwoli na\u00a0komfortowe wchodzenie i\u00a0schodzenie z\u00a0podwy\u017cszenia bez \u017cadnego ryzyka nawet m\u0142odszym dzieciom!<\/p>\n","image":"https:\/\/inmondo.pl\/wp-content\/uploads\/2022\/06\/animiertes-gif-von-online-umwandeln-de.gif"},{"acf_fc_layout":"section_woocommerce_text_image","is_active":true,"anchor":"opis","text_align":"textAlign--left","grid_width":"main","wysiwyg":"<div class=\"row\">\n<div class=\"col-xs-12\">\n<div class=\"panel panel-default\">\n<div class=\"panel-body\">\n<div id=\"text-written\">\n<h2 dir=\"ltr\">Funflex nieograniczone mo\u017cliwo\u015bci<\/h2>\n<\/div>\n<\/div>\n<\/div>\n<\/div>\n<\/div>\n<p style=\"text-align: justify;\">Szeroki wyb\u00f3r element\u00f3w z\u00a0kolekcji Funflex pozwoli zaaran\u017cowa\u0107 ka\u017cd\u0105 przestrze\u0144 zgodnie z\u00a0Twoimi oraz\u00a0dzieci\u0119cymi potrzebami i\u00a0upodobaniami. Zapomnij o\u00a0problemach z\u00a0brakiem miejsca na\u00a0przechowywanie skarb\u00f3w dziecka. Po\u0142\u0105cz meble Funflex oraz\u00a0\u0142\u00f3\u017cka domki, kt\u00f3re posiadaj\u0105 dodatkow\u0105 przestrze\u0144 dla\u00a0ksi\u0105\u017cek, ubra\u0144 czy\u00a0zabawek dzieci \u2013 dzi\u0119ki temu na\u00a0wszystko znajdziesz miejsce. Meble mo\u017cesz umie\u015bci\u0107 te\u017c w\u00a0dowolnym innym miejscu.<\/p>\n","image":"https:\/\/inmondo.pl\/wp-content\/uploads\/2020\/06\/2019_04_INMONDO_POKOJ_CHLOPCA_3-14381.jpg"},{"acf_fc_layout":"section_woocommerce_text_image","is_active":true,"anchor":"","text_align":"textAlign--right","grid_width":"main","wysiwyg":"<p>Tworz\u0105c nasze meble, my\u015blimy nie tylko o\u00a0funkcjonalno\u015bci, ale\u00a0tak\u017ce o\u00a0bezpiecze\u0144stwie i\u00a0komforcie Twojego dziecka. Dlatego\u00a0wszystkie nasze meble s\u0105 lakierowane ekologicznymi farbami wodnymi. Zawiasy i\u00a0prowadnice posiadaj\u0105 system cichego domyku.<\/p>\n","image":"https:\/\/inmondo.pl\/wp-content\/uploads\/2022\/06\/mini_2019_04_INMONDO_POKOJ_CHLOPCA_3-14294.jpg"},{"acf_fc_layout":"section_woocommerce_lookbook","is_active":true,"anchor":"lookbook","header":"<p>&nbsp;<\/p>\n<h2 style=\"text-align: center;\">Zobacz galeri\u0119 Funflex:<\/h2>\n<p style=\"text-align: center;\">Minimalistyczny lookbook prosto od naszych projektant\u00f3w. Ogl\u0105daj, inspiruj si\u0119, a\u00a0je\u015bli masz pomys\u0142y lub\u00a0pytania \u2014 od razu dzwo\u0144!<\/p>\n","repeater":[{"shortcode":"[woocommerce_lookbook id=\"1582\"]"},{"shortcode":"[woocommerce_lookbook id=\"1348\"]"},{"shortcode":"[woocommerce_lookbook id=\"1347\"]"},{"shortcode":"[woocommerce_lookbook id=\"1343\"]"}]},{"acf_fc_layout":"section_woocommerce_opinions","is_active":true,"anchor":"opinie"},{"acf_fc_layout":"section_woocommerce_otherFromCategory","is_active":true,"anchor":"inneprodukty"}],"czas_realizacji":""},"yoast_head":"<!-- This site is optimized with the Yoast SEO plugin v27.4 - https:\/\/yoast.com\/product\/yoast-seo-wordpress\/ -->\n<title>Drewniane \u0142\u00f3\u017cko dla dzieci \u201eDomek\u201d - Inmondo<\/title>\n<meta name=\"description\" content=\"\u0141\u00f3\u017cko w formie domku \ud83d\udecf\ufe0f\ud83c\udfe0 to marzenie ka\u017cdego dziecka! Spraw swojemu malcowi niebywa\u0142\u0105 frajd\u0119 i zdecyduj si\u0119 na meble, kt\u00f3re stan\u0105 si\u0119 jego centrum pokoju!\" \/>\n<meta name=\"robots\" content=\"index, follow, max-snippet:-1, max-image-preview:large, max-video-preview:-1\" \/>\n<link rel=\"canonical\" href=\"https:\/\/inmondo.pl\/en\/sklep\/elementy\/lozka\/lozko-domek\/\" \/>\n<meta property=\"og:locale\" content=\"en_GB\" \/>\n<meta property=\"og:type\" content=\"article\" \/>\n<meta property=\"og:title\" content=\"Drewniane \u0142\u00f3\u017cko dla dzieci \u201eDomek\u201d - Inmondo\" \/>\n<meta property=\"og:description\" content=\"\u0141\u00f3\u017cko w formie domku \ud83d\udecf\ufe0f\ud83c\udfe0 to marzenie ka\u017cdego dziecka! Spraw swojemu malcowi niebywa\u0142\u0105 frajd\u0119 i zdecyduj si\u0119 na meble, kt\u00f3re stan\u0105 si\u0119 jego centrum pokoju!\" \/>\n<meta property=\"og:url\" content=\"https:\/\/inmondo.pl\/en\/sklep\/elementy\/lozka\/lozko-domek\/\" \/>\n<meta property=\"og:site_name\" content=\"Inmondo\" \/>\n<meta property=\"article:modified_time\" content=\"2026-04-17T09:48:53+00:00\" \/>\n<meta property=\"og:image\" content=\"https:\/\/inmondo.pl\/wp-content\/uploads\/2020\/06\/2019_09_INMONDO_PACKSHOTY-19883_small.jpg\" \/>\n\t<meta property=\"og:image:width\" content=\"960\" \/>\n\t<meta property=\"og:image:height\" content=\"960\" \/>\n\t<meta property=\"og:image:type\" content=\"image\/jpeg\" \/>\n<meta name=\"twitter:card\" content=\"summary_large_image\" \/>\n<meta name=\"twitter:label1\" content=\"Estimated reading time\" \/>\n\t<meta name=\"twitter:data1\" content=\"6 minutes\" \/>\n<script type=\"application\/ld+json\" class=\"yoast-schema-graph\">{\"@context\":\"https:\\\/\\\/schema.org\",\"@graph\":[{\"@type\":\"WebPage\",\"@id\":\"https:\\\/\\\/inmondo.pl\\\/sklep\\\/elementy\\\/lozka\\\/lozko-domek\\\/\",\"url\":\"https:\\\/\\\/inmondo.pl\\\/sklep\\\/elementy\\\/lozka\\\/lozko-domek\\\/\",\"name\":\"Drewniane \u0142\u00f3\u017cko dla dzieci \u201eDomek\u201d - Inmondo\",\"isPartOf\":{\"@id\":\"https:\\\/\\\/inmondo.pl\\\/#website\"},\"primaryImageOfPage\":{\"@id\":\"https:\\\/\\\/inmondo.pl\\\/sklep\\\/elementy\\\/lozka\\\/lozko-domek\\\/#primaryimage\"},\"image\":{\"@id\":\"https:\\\/\\\/inmondo.pl\\\/sklep\\\/elementy\\\/lozka\\\/lozko-domek\\\/#primaryimage\"},\"thumbnailUrl\":\"https:\\\/\\\/inmondo.pl\\\/wp-content\\\/uploads\\\/2020\\\/06\\\/2019_09_INMONDO_PACKSHOTY-19883_small.jpg\",\"datePublished\":\"2020-06-16T10:00:35+00:00\",\"dateModified\":\"2026-04-17T09:48:53+00:00\",\"description\":\"\u0141\u00f3\u017cko w formie domku \ud83d\udecf\ufe0f\ud83c\udfe0 to marzenie ka\u017cdego dziecka! Spraw swojemu malcowi niebywa\u0142\u0105 frajd\u0119 i zdecyduj si\u0119 na meble, kt\u00f3re stan\u0105 si\u0119 jego centrum pokoju!\",\"breadcrumb\":{\"@id\":\"https:\\\/\\\/inmondo.pl\\\/sklep\\\/elementy\\\/lozka\\\/lozko-domek\\\/#breadcrumb\"},\"inLanguage\":\"en-GB\",\"potentialAction\":[{\"@type\":\"ReadAction\",\"target\":[\"https:\\\/\\\/inmondo.pl\\\/sklep\\\/elementy\\\/lozka\\\/lozko-domek\\\/\"]}]},{\"@type\":\"ImageObject\",\"inLanguage\":\"en-GB\",\"@id\":\"https:\\\/\\\/inmondo.pl\\\/sklep\\\/elementy\\\/lozka\\\/lozko-domek\\\/#primaryimage\",\"url\":\"https:\\\/\\\/inmondo.pl\\\/wp-content\\\/uploads\\\/2020\\\/06\\\/2019_09_INMONDO_PACKSHOTY-19883_small.jpg\",\"contentUrl\":\"https:\\\/\\\/inmondo.pl\\\/wp-content\\\/uploads\\\/2020\\\/06\\\/2019_09_INMONDO_PACKSHOTY-19883_small.jpg\",\"width\":960,\"height\":960,\"caption\":\"\u0141\u00f3\u017cko dzieci\u0119ce \\\"Domek\\\"\"},{\"@type\":\"BreadcrumbList\",\"@id\":\"https:\\\/\\\/inmondo.pl\\\/sklep\\\/elementy\\\/lozka\\\/lozko-domek\\\/#breadcrumb\",\"itemListElement\":[{\"@type\":\"ListItem\",\"position\":1,\"name\":\"Strona g\u0142\u00f3wna\",\"item\":\"https:\\\/\\\/inmondo.pl\\\/\"},{\"@type\":\"ListItem\",\"position\":2,\"name\":\"Oferta Inmondo: spe\u0142niamy marzenia i wymagania\",\"item\":\"https:\\\/\\\/inmondo.pl\\\/sklep\\\/\"},{\"@type\":\"ListItem\",\"position\":3,\"name\":\"kolekcje\",\"item\":\"https:\\\/\\\/inmondo.pl\\\/de\\\/sklep\\\/kolekcje\\\/\"},{\"@type\":\"ListItem\",\"position\":4,\"name\":\"\u0141\u00f3\u017cko &#8222;Domek&#8221; &#8211; z daszkiem i okienkiem\"}]},{\"@type\":\"WebSite\",\"@id\":\"https:\\\/\\\/inmondo.pl\\\/#website\",\"url\":\"https:\\\/\\\/inmondo.pl\\\/\",\"name\":\"Inmondo\",\"description\":\"\",\"potentialAction\":[{\"@type\":\"SearchAction\",\"target\":{\"@type\":\"EntryPoint\",\"urlTemplate\":\"https:\\\/\\\/inmondo.pl\\\/?s={search_term_string}\"},\"query-input\":{\"@type\":\"PropertyValueSpecification\",\"valueRequired\":true,\"valueName\":\"search_term_string\"}}],\"inLanguage\":\"en-GB\"}]}<\/script>\n<!-- \/ Yoast SEO plugin. -->","yoast_head_json":{"title":"Wooden children's bed \"Cottage\" - Inmondo","description":"A bed in the form of a house \ud83d\udecf\ufe0f\ud83c\udfe0 is every child's dream! Make your little one's day unbelievably fun and opt for furniture that will become the centre of their room!","robots":{"index":"index","follow":"follow","max-snippet":"max-snippet:-1","max-image-preview":"max-image-preview:large","max-video-preview":"max-video-preview:-1"},"canonical":"https:\/\/inmondo.pl\/en\/sklep\/elementy\/lozka\/lozko-domek\/","og_locale":"en_GB","og_type":"article","og_title":"Drewniane \u0142\u00f3\u017cko dla dzieci \u201eDomek\u201d - Inmondo","og_description":"\u0141\u00f3\u017cko w formie domku \ud83d\udecf\ufe0f\ud83c\udfe0 to marzenie ka\u017cdego dziecka! Spraw swojemu malcowi niebywa\u0142\u0105 frajd\u0119 i zdecyduj si\u0119 na meble, kt\u00f3re stan\u0105 si\u0119 jego centrum pokoju!","og_url":"https:\/\/inmondo.pl\/en\/sklep\/elementy\/lozka\/lozko-domek\/","og_site_name":"Inmondo","article_modified_time":"2026-04-17T09:48:53+00:00","og_image":[{"width":960,"height":960,"url":"https:\/\/inmondo.pl\/wp-content\/uploads\/2020\/06\/2019_09_INMONDO_PACKSHOTY-19883_small.jpg","type":"image\/jpeg"}],"twitter_card":"summary_large_image","twitter_misc":{"Estimated reading time":"6 minutes"},"schema":{"@context":"https:\/\/schema.org","@graph":[{"@type":"WebPage","@id":"https:\/\/inmondo.pl\/sklep\/elementy\/lozka\/lozko-domek\/","url":"https:\/\/inmondo.pl\/sklep\/elementy\/lozka\/lozko-domek\/","name":"Wooden children's bed \"Cottage\" - Inmondo","isPartOf":{"@id":"https:\/\/inmondo.pl\/#website"},"primaryImageOfPage":{"@id":"https:\/\/inmondo.pl\/sklep\/elementy\/lozka\/lozko-domek\/#primaryimage"},"image":{"@id":"https:\/\/inmondo.pl\/sklep\/elementy\/lozka\/lozko-domek\/#primaryimage"},"thumbnailUrl":"https:\/\/inmondo.pl\/wp-content\/uploads\/2020\/06\/2019_09_INMONDO_PACKSHOTY-19883_small.jpg","datePublished":"2020-06-16T10:00:35+00:00","dateModified":"2026-04-17T09:48:53+00:00","description":"A bed in the form of a house \ud83d\udecf\ufe0f\ud83c\udfe0 is every child's dream! Make your little one's day unbelievably fun and opt for furniture that will become the centre of their room!","breadcrumb":{"@id":"https:\/\/inmondo.pl\/sklep\/elementy\/lozka\/lozko-domek\/#breadcrumb"},"inLanguage":"en-GB","potentialAction":[{"@type":"ReadAction","target":["https:\/\/inmondo.pl\/sklep\/elementy\/lozka\/lozko-domek\/"]}]},{"@type":"ImageObject","inLanguage":"en-GB","@id":"https:\/\/inmondo.pl\/sklep\/elementy\/lozka\/lozko-domek\/#primaryimage","url":"https:\/\/inmondo.pl\/wp-content\/uploads\/2020\/06\/2019_09_INMONDO_PACKSHOTY-19883_small.jpg","contentUrl":"https:\/\/inmondo.pl\/wp-content\/uploads\/2020\/06\/2019_09_INMONDO_PACKSHOTY-19883_small.jpg","width":960,"height":960,"caption":"\u0141\u00f3\u017cko dzieci\u0119ce \"Domek\""},{"@type":"BreadcrumbList","@id":"https:\/\/inmondo.pl\/sklep\/elementy\/lozka\/lozko-domek\/#breadcrumb","itemListElement":[{"@type":"ListItem","position":1,"name":"Strona g\u0142\u00f3wna","item":"https:\/\/inmondo.pl\/"},{"@type":"ListItem","position":2,"name":"Oferta Inmondo: spe\u0142niamy marzenia i wymagania","item":"https:\/\/inmondo.pl\/sklep\/"},{"@type":"ListItem","position":3,"name":"kolekcje","item":"https:\/\/inmondo.pl\/de\/sklep\/kolekcje\/"},{"@type":"ListItem","position":4,"name":"\u0141\u00f3\u017cko &#8222;Domek&#8221; &#8211; z daszkiem i okienkiem"}]},{"@type":"WebSite","@id":"https:\/\/inmondo.pl\/#website","url":"https:\/\/inmondo.pl\/","name":"Inmondo","description":"","potentialAction":[{"@type":"SearchAction","target":{"@type":"EntryPoint","urlTemplate":"https:\/\/inmondo.pl\/?s={search_term_string}"},"query-input":{"@type":"PropertyValueSpecification","valueRequired":true,"valueName":"search_term_string"}}],"inLanguage":"en-GB"}]}},"wcpa_form_fields":{"wcpaData":{"product":{"product_price":3990,"price_html":"<span class=\"woocommerce-Price-amount amount\">3 990&nbsp;<span class=\"woocommerce-Price-currencySymbol\">&#122;&#322;<\/span><\/span> <span aria-hidden=\"true\">&ndash;<\/span> <span class=\"woocommerce-Price-amount amount\">4 990&nbsp;<span class=\"woocommerce-Price-currencySymbol\">&#122;&#322;<\/span><\/span><span class=\"screen-reader-text\">Zakres cen: od 3 990&nbsp;&#122;&#322; do 4 990&nbsp;&#122;&#322;<\/span>","original_product_price":3990,"price_including_tax":3990,"price_excluding_tax":3243.902439,"product_id":{"parent":913,"variation":false},"is_variable":true,"stock_status":"onbackorder","stock_quantity":0,"parent_sku":"913","product_attributes":{"pa_kolor":{"is_variation":true,"values":[]}},"custom_fields":[],"is_taxable":true},"fields":{"sec_3696f52db1e88b":{"extra":{"key":"sec_3696f52db1e88b","section_id":"sec_3696f52db1e88b","name":"Default","status":1,"cl_rule":"show","enableCl":false,"relations":[],"toggle":true,"title_tag":"h3","show_title":false,"showPrice":"default","form_id":11978,"form_rules":{"exclude_from_discount":false,"fee_label":"Geb\u00fchr","disp_hide_options_price":false,"disp_show_section_price":false,"disp_show_field_price":false,"layout_option":"standard","pric_use_as_fee":false,"process_fee_as":"woo_fee"},"layout_option":"standard"},"fields":[]}},"config":{"price_override":"","enable_recaptcha":false,"bind_quantity":false,"quantity_bind_formula":"","disp_summ_show_option_price":true,"disp_summ_show_product_price":true,"disp_summ_show_total_price":true,"disp_summ_show_fee":false,"disp_summ_show_discount":false,"summary_title":"","options_total_label":"Cena wariant\u00f3w","total_label":"\u0141\u0105cznie","options_product_label":"Cena produktu","fee_label":"Geb\u00fchr","discount_label":"Obni\u017cka","has_price":false,"has_quantity_formula":false},"mc_unit":1,"tax_rate":1,"tax_rate_real":0.23,"discount":{"percentage":0,"fixed":0},"design":{"conf":{"LabelPosition":"above","DescPosition":"above","UploadField":"custom_1","QuantityFieldStyle":"default"},"css":{"LeftLabelWidth":"120px"}},"formulas":[],"clones":false,"cartKey":false}},"_links":{"self":[{"href":"https:\/\/inmondo.pl\/en\/wp-json\/wp\/v2\/product\/913","targetHints":{"allow":["GET"]}}],"collection":[{"href":"https:\/\/inmondo.pl\/en\/wp-json\/wp\/v2\/product"}],"about":[{"href":"https:\/\/inmondo.pl\/en\/wp-json\/wp\/v2\/types\/product"}],"replies":[{"embeddable":true,"href":"https:\/\/inmondo.pl\/en\/wp-json\/wp\/v2\/comments?post=913"}],"wp:featuredmedia":[{"embeddable":true,"href":"https:\/\/inmondo.pl\/en\/wp-json\/wp\/v2\/media\/652"}],"wp:attachment":[{"href":"https:\/\/inmondo.pl\/en\/wp-json\/wp\/v2\/media?parent=913"}],"wp:term":[{"taxonomy":"product_brand","embeddable":true,"href":"https:\/\/inmondo.pl\/en\/wp-json\/wp\/v2\/product_brand?post=913"},{"taxonomy":"product_cat","embeddable":true,"href":"https:\/\/inmondo.pl\/en\/wp-json\/wp\/v2\/product_cat?post=913"},{"taxonomy":"product_tag","embeddable":true,"href":"https:\/\/inmondo.pl\/en\/wp-json\/wp\/v2\/product_tag?post=913"}],"curies":[{"name":"wp","href":"https:\/\/api.w.org\/{rel}","templated":true}]}}