{"id":904,"date":"2020-06-16T11:58:31","date_gmt":"2020-06-16T09:58:31","guid":{"rendered":"http:\/\/inmondo.pl\/?post_type=product&#038;p=904"},"modified":"2026-03-26T09:51:41","modified_gmt":"2026-03-26T08:51:41","slug":"lozko-wysokie-ze-schodami","status":"publish","type":"product","link":"https:\/\/inmondo.pl\/en\/sklep\/elementy\/lozka\/lozko-wysokie-ze-schodami\/","title":{"rendered":"High bed with stairs - single"},"content":{"rendered":"<p>A bed that combines functionality and design. High bed with steps that can be placed on either side of the bed. Thanks to our Funflex bed, you can create a room out of your children&#039;s dreams. Its construction ensures safe and comfortable rest for your toddler. The perfect way to save space in the room. Under each step, there are spacious compartments that create additional space for: books, toys, clothes and all treasures. The place under the bed can be used as a play space. But you can also supplement them with dedicated chests of drawers and shelves that will provide additional storage space. Strong and stable barriers for the safety of your child while sleeping and playing. The timeless combination of white and light birch will always remain in fashion.<\/p>\n<p><a href=\"https:\/\/inmondo.pl\/en\/sklep\/kolekcje\/zaslony-lniane-do-lozka-funflex\/\"><u>On our website you will also find curtains specially designed for this bed \ud83d\ude42<\/u><\/a><\/p>\n<p>Also choose one of the two matching mattress models <a href=\"https:\/\/inmondo.pl\/en\/sklep\/elementy\/materac-resto\/\"><u>RESTO 90<\/u><\/a> or <a href=\"https:\/\/inmondo.pl\/en\/sklep\/elementy\/materac-resto-duo-90\/\"><u>RESTO DUO 90<\/u><\/a><\/p>\n<p>Lead time: 2-3 weeks ( in case of product out of stock)<\/p>","protected":false},"excerpt":{"rendered":"<p><a href=\"http:\/\/inmondo.pl\/wp-content\/uploads\/2025\/11\/DM-2020_logo.png\"><img loading=\"lazy\" decoding=\"async\" src=\"http:\/\/inmondo.pl\/wp-content\/uploads\/2025\/11\/DM-2020_logo-300x123.png\" alt=\"\" width=\"300\" height=\"123\" class=\"alignnone size-medium wp-image-11512\" srcset=\"https:\/\/inmondo.pl\/wp-content\/uploads\/2025\/11\/DM-2020_logo-300x123.png 300w, https:\/\/inmondo.pl\/wp-content\/uploads\/2025\/11\/DM-2020_logo-1024x421.png 1024w, https:\/\/inmondo.pl\/wp-content\/uploads\/2025\/11\/DM-2020_logo-768x316.png 768w, https:\/\/inmondo.pl\/wp-content\/uploads\/2025\/11\/DM-2020_logo-1536x631.png 1536w, https:\/\/inmondo.pl\/wp-content\/uploads\/2025\/11\/DM-2020_logo-18x7.png 18w, https:\/\/inmondo.pl\/wp-content\/uploads\/2025\/11\/DM-2020_logo-750x308.png 750w, https:\/\/inmondo.pl\/wp-content\/uploads\/2025\/11\/DM-2020_logo-400x164.png 400w, https:\/\/inmondo.pl\/wp-content\/uploads\/2025\/11\/DM-2020_logo-600x247.png 600w, https:\/\/inmondo.pl\/wp-content\/uploads\/2025\/11\/DM-2020_logo.png 1920w\" sizes=\"auto, (max-width: 300px) 100vw, 300px\" \/><\/a>A high bed with stairs that combines functionality and design. A high bed with stairs that can be placed on either side of the bed. With our Funflex bed you can create the room of your children's dreams. Its design ensures a safe and comfortable rest for your little one. An ideal way to save space in the room. Under each of the steps are hidden capacious storage compartments that create extra space for: books, toys, clothes and all treasures.  The space under the bed can be used as a play area. But you can also complement it with dedicated chests of drawers and bookcases to provide additional storage space. Sturdy and stable railings for your little one's safety while sleeping and playing.  The timeless combination of white and light birch will always remain in fashion.<\/p>\n<p>&nbsp;<\/p>\n<p><a href=\"https:\/\/inmondo.pl\/en\/sklep\/kolekcje\/zaslony-lniane-do-lozka-funflex\/\"><u>On our website you will also find curtains specially designed for this bed \ud83d\ude42<\/u><\/a><\/p>\n<p>&nbsp;<\/p>\n<p>Also choose one of the two matching mattress models <a href=\"https:\/\/inmondo.pl\/en\/sklep\/elementy\/materac-resto\/\"><u>RESTO 90<\/u><\/a> or <a href=\"https:\/\/inmondo.pl\/en\/sklep\/elementy\/materac-resto-duo-90\/\"><u>RESTO DUO 90<\/u><\/a>.<\/p>\n<p>&nbsp;<\/p>\n<p>&nbsp;<\/p>\n<p>&nbsp;<\/p>\n<h6>Lead time: 2-3 weeks ( in case of product out of stock)<\/h6>","protected":false},"featured_media":666,"comment_status":"open","ping_status":"closed","template":"","meta":{"_acf_changed":false},"product_brand":[],"product_cat":[20,18,17,21,172,99],"product_tag":[],"class_list":{"0":"post-904","1":"product","2":"type-product","3":"status-publish","4":"has-post-thumbnail","6":"product_shipping_class-gabaryt","7":"product_cat-elementy","8":"product_cat-funflex","9":"product_cat-kolekcje","10":"product_cat-lozka","11":"product_cat-lozka-pietrowe","12":"product_cat-meble-dostepne","13":"wcpa_has_options","15":"first","16":"onbackorder","17":"featured","18":"taxable","19":"shipping-taxable","20":"purchasable","21":"product-type-variable","22":"has-default-attributes"},"acf":{"wymiary":"Szeroko\u015b\u0107: 250 cm<br \/>\r\nWysoko\u015b\u0107: 181 cm<br \/>\r\nG\u0142\u0119boko\u015b\u0107: 142 cm<br \/>\r\n<br \/>\r\n\u015awiat\u0142o pomi\u0119dzy pod\u0142og\u0105 a&nbsp;doln\u0105 ram\u0105 \u0142\u00f3\u017cka:  136,7 cm","materialy":"drewno brzozowe, p\u0142yta MDF, lakier wodny i&nbsp;wodny UV","sections_woocommerce":[{"acf_fc_layout":"section_menu","is_active":true,"repeater":[{"text":"Opis","link":"#opis"},{"text":"Lookbook","link":"#lookbook"},{"text":"Opinie","link":"#opinie"},{"text":"Inne produkty","link":"#inneprodukty"}]},{"acf_fc_layout":"section_woocommerce_text_image","is_active":true,"anchor":"","text_align":"textAlign--right","grid_width":"main","wysiwyg":"<h3>\u0141\u00f3\u017cko wysokie ze schodami &#8211; cechy produktu:<\/h3>\n<p>Szeroko\u015b\u0107 ca\u0142kowita: 250 cm<br \/>\nWysoko\u015b\u0107 ca\u0142kowita: 181 cm<br \/>\nG\u0142\u0119boko\u015b\u0107 ca\u0142kowita (g\u0142\u0119boko\u015b\u0107 podstawy schod\u00f3w): 142 cm<\/p>\n<p>&nbsp;<\/p>\n<p>Wysoko\u015b\u0107 przestrzeni pod\u00a0\u0142\u00f3\u017ckiem: 136,7 cm<\/p>\n<p>Szeroko\u015b\u0107 przestrzeni pod\u00a0\u0142\u00f3\u017ckiem: 205,9 cm<\/p>\n<p>Szeroko\u015b\u0107 schod\u00f3w: 44,0 cm<\/p>\n<p>&nbsp;<\/p>\n<p>No\u015bno\u015b\u0107 \u0142\u00f3\u017cka to max 100 kg.<\/p>\n<p>Maksymalna wysoko\u015b\u0107 materaca dla\u00a0tego \u0142\u00f3\u017cka to 20 cm<\/p>\n<p>&nbsp;<\/p>\n<p>Schody mog\u0105 by\u0107 zamontowane po\u00a0prawej lub\u00a0po\u00a0lewej stronie \u0142\u00f3\u017cka.<\/p>\n<p>&nbsp;<\/p>\n<p>Materia\u0142:<\/p>\n<p>MDF + drewno brzozowe<\/p>\n<p>stela\u017c \u0142\u00f3\u017cka: drewno sosnowe<\/p>\n<p>&nbsp;<\/p>\n<p>Dost\u0119pna kolorystyka: bia\u0142y, ciemny szary<\/p>\n<p>&nbsp;<\/p>\n<p>&nbsp;<\/p>\n<p>Produkt wymaga z\u0142o\u017cenia<\/p>\n","image":"https:\/\/inmondo.pl\/wp-content\/uploads\/2023\/09\/PAT_5423-scaled.jpg"},{"acf_fc_layout":"section_woocommerce_text_image","is_active":true,"anchor":"opis","text_align":"textAlign--left","grid_width":"main","wysiwyg":"<h2>Funflex nieograniczone mo\u017cliwo\u015bci.<\/h2>\n<p>Szeroki wyb\u00f3r element\u00f3w z\u00a0kolekcji Funflex pozwoli zaaran\u017cowa\u0107 ka\u017cd\u0105 przestrze\u0144 zgodnie z\u00a0Twoimi potrzebami i\u00a0upodobaniami. Zapomnij o\u00a0problemach z\u00a0brakiem miejsca na\u00a0przechowywanie Twoich skarb\u00f3w. Ksi\u0105\u017cki, ubrania zabawki &#8211; od teraz na\u00a0wszystko znajdziesz swoje miejsce. Je\u015bli w\u00a0pokoju brakuje Ci miejsca meble mo\u017cesz postawi\u0107 pod\u00a0\u0142\u00f3\u017ckiem uzyskuj\u0105c przestrze\u0144 do\u00a0przechowywania bez po\u015bwi\u0119cania miejsca w\u00a0pokoju.<\/p>\n<p>Tworz\u0105c nasze meble my\u015blimy nie tylko o\u00a0funkcjonalno\u015bci, ale\u00a0tak\u017ce o\u00a0bezpiecze\u0144stwie i\u00a0komforcie Twojego dziecka. Dlatego\u00a0wszystkie nasze meble s\u0105 lakierowane ekologicznymi farbami wodnymi. Zawiasy i\u00a0prowadnice posiadaj\u0105 system cichego domyku.<\/p>\n","image":"https:\/\/inmondo.pl\/wp-content\/uploads\/2020\/06\/mini_2019_04_INMONDO_POKOJ_DZIEWCZYNEK_2-12305.jpg"},{"acf_fc_layout":"section_woocommerce_text_image","is_active":true,"anchor":"","text_align":"textAlign--right","grid_width":"main","wysiwyg":"<h2>Uwaga!<\/h2>\n<p>\u0141\u00f3\u017cka wysokie i\u00a0g\u00f3rne \u0142\u00f3\u017cka \u0142\u00f3\u017cek pi\u0119trowych albo\u00a0\u0142\u00f3\u017cka na\u00a0antresoli nie s\u0105 przeznaczone dla\u00a0dzieci w\u00a0wieku poni\u017cej 6 lat, z\u00a0uwagi na\u00a0ryzyko obra\u017ce\u0144 na\u00a0skutek wypadni\u0119cia.<br \/>\nMaksymalne obci\u0105\u017cenie oznacza ci\u0119\u017car statyczny, innymi s\u0142owy jest to obci\u0105\u017cenie, kt\u00f3ry \u0142\u00f3\u017cko wytrzymuje, gdy na\u00a0nim le\u017cysz lub\u00a0siedzisz.<br \/>\nMaksymalne obci\u0105\u017cenie: 100 kg<\/p>\n<p>&nbsp;<\/p>\n<p>\u0141\u00f3\u017cko zgodne z norm\u0105:\u00a0\u00a0 PN-EN 747-1+A1:2015-08 &#8222;Meble &#8211; \u0141\u00f3\u017cka pi\u0119trowe i \u0142\u00f3\u017cka wysokie &#8212; Cz\u0119\u015b\u0107 1: Wymagania bezpiecze\u0144stwa, wytrzyma\u0142o\u015bci i trwa\u0142o\u015bci&#8221;<\/p>\n","image":"https:\/\/inmondo.pl\/wp-content\/uploads\/2020\/06\/mini_2019_04_INMONDO_POKOJ_DZIEWCZYNEK_2-12320v2-e1649768918592.jpg"},{"acf_fc_layout":"section_woocommerce_lookbook","is_active":true,"anchor":"lookbook","header":"<p>&nbsp;<\/p>\n<h2 style=\"text-align: center;\">Zobacz galeri\u0119 Funflex:<\/h2>\n<p style=\"text-align: center;\">Nasz lookbook pokazuje tylko wybrane z\u00a0setek mo\u017cliwo\u015bci, jakie daj\u0105 meble Funflex. U\u017cyj ich, jak tylko sobie wymarzysz:<\/p>\n","repeater":[{"shortcode":"[woocommerce_lookbook id=\"1343\"]"},{"shortcode":"[woocommerce_lookbook id=\"1347\"]"},{"shortcode":"[woocommerce_lookbook id=\"1340\"]"},{"shortcode":"[woocommerce_lookbook id=\"1599\"]"}]},{"acf_fc_layout":"section_woocommerce_opinions","is_active":true,"anchor":"opinie"},{"acf_fc_layout":"section_woocommerce_otherFromCategory","is_active":true,"anchor":"inneprodukty"}],"czas_realizacji":""},"yoast_head":"<!-- This site is optimized with the Yoast SEO plugin v27.3 - https:\/\/yoast.com\/product\/yoast-seo-wordpress\/ -->\n<title>\u0141\u00f3\u017cko wysokie ze schodami - jednoosobowe - Inmondo<\/title>\n<meta name=\"description\" content=\"\u0141\u00f3\u017cko wysokie ze schodami to spe\u0142nienie dzieci\u0119cych marze\u0144. Maksymalny komfort, dodatkowe miejsce do przechowywania i nowoczesny design w jednym meblu\" \/>\n<meta name=\"robots\" content=\"index, follow, max-snippet:-1, max-image-preview:large, max-video-preview:-1\" \/>\n<link rel=\"canonical\" href=\"https:\/\/inmondo.pl\/en\/sklep\/elementy\/lozka\/lozko-wysokie-ze-schodami\/\" \/>\n<meta property=\"og:locale\" content=\"en_GB\" \/>\n<meta property=\"og:type\" content=\"article\" \/>\n<meta property=\"og:title\" content=\"\u0141\u00f3\u017cko wysokie ze schodami - jednoosobowe - Inmondo\" \/>\n<meta property=\"og:description\" content=\"\u0141\u00f3\u017cko wysokie ze schodami to spe\u0142nienie dzieci\u0119cych marze\u0144. Maksymalny komfort, dodatkowe miejsce do przechowywania i nowoczesny design w jednym meblu\" \/>\n<meta property=\"og:url\" content=\"https:\/\/inmondo.pl\/en\/sklep\/elementy\/lozka\/lozko-wysokie-ze-schodami\/\" \/>\n<meta property=\"og:site_name\" content=\"Inmondo\" \/>\n<meta property=\"article:modified_time\" content=\"2026-03-26T08:51:41+00:00\" \/>\n<meta property=\"og:image\" content=\"https:\/\/inmondo.pl\/wp-content\/uploads\/2020\/06\/2019_09_INMONDO_PACKSHOTY-21568_small.jpg\" \/>\n\t<meta property=\"og:image:width\" content=\"960\" \/>\n\t<meta property=\"og:image:height\" content=\"960\" \/>\n\t<meta property=\"og:image:type\" content=\"image\/jpeg\" \/>\n<meta name=\"twitter:card\" content=\"summary_large_image\" \/>\n<meta name=\"twitter:label1\" content=\"Estimated reading time\" \/>\n\t<meta name=\"twitter:data1\" content=\"4 minutes\" \/>\n<script type=\"application\/ld+json\" class=\"yoast-schema-graph\">{\"@context\":\"https:\\\/\\\/schema.org\",\"@graph\":[{\"@type\":\"WebPage\",\"@id\":\"https:\\\/\\\/inmondo.pl\\\/sklep\\\/elementy\\\/lozka\\\/lozko-wysokie-ze-schodami\\\/\",\"url\":\"https:\\\/\\\/inmondo.pl\\\/sklep\\\/elementy\\\/lozka\\\/lozko-wysokie-ze-schodami\\\/\",\"name\":\"\u0141\u00f3\u017cko wysokie ze schodami - jednoosobowe - Inmondo\",\"isPartOf\":{\"@id\":\"https:\\\/\\\/inmondo.pl\\\/#website\"},\"primaryImageOfPage\":{\"@id\":\"https:\\\/\\\/inmondo.pl\\\/sklep\\\/elementy\\\/lozka\\\/lozko-wysokie-ze-schodami\\\/#primaryimage\"},\"image\":{\"@id\":\"https:\\\/\\\/inmondo.pl\\\/sklep\\\/elementy\\\/lozka\\\/lozko-wysokie-ze-schodami\\\/#primaryimage\"},\"thumbnailUrl\":\"https:\\\/\\\/inmondo.pl\\\/wp-content\\\/uploads\\\/2020\\\/06\\\/2019_09_INMONDO_PACKSHOTY-21568_small.jpg\",\"datePublished\":\"2020-06-16T09:58:31+00:00\",\"dateModified\":\"2026-03-26T08:51:41+00:00\",\"description\":\"\u0141\u00f3\u017cko wysokie ze schodami to spe\u0142nienie dzieci\u0119cych marze\u0144. Maksymalny komfort, dodatkowe miejsce do przechowywania i nowoczesny design w jednym meblu\",\"breadcrumb\":{\"@id\":\"https:\\\/\\\/inmondo.pl\\\/sklep\\\/elementy\\\/lozka\\\/lozko-wysokie-ze-schodami\\\/#breadcrumb\"},\"inLanguage\":\"en-GB\",\"potentialAction\":[{\"@type\":\"ReadAction\",\"target\":[\"https:\\\/\\\/inmondo.pl\\\/sklep\\\/elementy\\\/lozka\\\/lozko-wysokie-ze-schodami\\\/\"]}]},{\"@type\":\"ImageObject\",\"inLanguage\":\"en-GB\",\"@id\":\"https:\\\/\\\/inmondo.pl\\\/sklep\\\/elementy\\\/lozka\\\/lozko-wysokie-ze-schodami\\\/#primaryimage\",\"url\":\"https:\\\/\\\/inmondo.pl\\\/wp-content\\\/uploads\\\/2020\\\/06\\\/2019_09_INMONDO_PACKSHOTY-21568_small.jpg\",\"contentUrl\":\"https:\\\/\\\/inmondo.pl\\\/wp-content\\\/uploads\\\/2020\\\/06\\\/2019_09_INMONDO_PACKSHOTY-21568_small.jpg\",\"width\":960,\"height\":960},{\"@type\":\"BreadcrumbList\",\"@id\":\"https:\\\/\\\/inmondo.pl\\\/sklep\\\/elementy\\\/lozka\\\/lozko-wysokie-ze-schodami\\\/#breadcrumb\",\"itemListElement\":[{\"@type\":\"ListItem\",\"position\":1,\"name\":\"Strona g\u0142\u00f3wna\",\"item\":\"https:\\\/\\\/inmondo.pl\\\/\"},{\"@type\":\"ListItem\",\"position\":2,\"name\":\"Oferta Inmondo: spe\u0142niamy marzenia i wymagania\",\"item\":\"https:\\\/\\\/inmondo.pl\\\/sklep\\\/\"},{\"@type\":\"ListItem\",\"position\":3,\"name\":\"kolekcje\",\"item\":\"https:\\\/\\\/inmondo.pl\\\/de\\\/sklep\\\/kolekcje\\\/\"},{\"@type\":\"ListItem\",\"position\":4,\"name\":\"\u0141\u00f3\u017cko wysokie ze schodami &#8211; jednoosobowe\"}]},{\"@type\":\"WebSite\",\"@id\":\"https:\\\/\\\/inmondo.pl\\\/#website\",\"url\":\"https:\\\/\\\/inmondo.pl\\\/\",\"name\":\"Inmondo\",\"description\":\"\",\"potentialAction\":[{\"@type\":\"SearchAction\",\"target\":{\"@type\":\"EntryPoint\",\"urlTemplate\":\"https:\\\/\\\/inmondo.pl\\\/?s={search_term_string}\"},\"query-input\":{\"@type\":\"PropertyValueSpecification\",\"valueRequired\":true,\"valueName\":\"search_term_string\"}}],\"inLanguage\":\"en-GB\"}]}<\/script>\n<!-- \/ Yoast SEO plugin. -->","yoast_head_json":{"title":"High bed with stairs - single bed - Inmondo","description":"The high bed with stairs is a child's dream come true. Maximum comfort, extra storage space and modern design in one piece of furniture.","robots":{"index":"index","follow":"follow","max-snippet":"max-snippet:-1","max-image-preview":"max-image-preview:large","max-video-preview":"max-video-preview:-1"},"canonical":"https:\/\/inmondo.pl\/en\/sklep\/elementy\/lozka\/lozko-wysokie-ze-schodami\/","og_locale":"en_GB","og_type":"article","og_title":"\u0141\u00f3\u017cko wysokie ze schodami - jednoosobowe - Inmondo","og_description":"\u0141\u00f3\u017cko wysokie ze schodami to spe\u0142nienie dzieci\u0119cych marze\u0144. Maksymalny komfort, dodatkowe miejsce do przechowywania i nowoczesny design w jednym meblu","og_url":"https:\/\/inmondo.pl\/en\/sklep\/elementy\/lozka\/lozko-wysokie-ze-schodami\/","og_site_name":"Inmondo","article_modified_time":"2026-03-26T08:51:41+00:00","og_image":[{"width":960,"height":960,"url":"https:\/\/inmondo.pl\/wp-content\/uploads\/2020\/06\/2019_09_INMONDO_PACKSHOTY-21568_small.jpg","type":"image\/jpeg"}],"twitter_card":"summary_large_image","twitter_misc":{"Estimated reading time":"4 minutes"},"schema":{"@context":"https:\/\/schema.org","@graph":[{"@type":"WebPage","@id":"https:\/\/inmondo.pl\/sklep\/elementy\/lozka\/lozko-wysokie-ze-schodami\/","url":"https:\/\/inmondo.pl\/sklep\/elementy\/lozka\/lozko-wysokie-ze-schodami\/","name":"High bed with stairs - single bed - Inmondo","isPartOf":{"@id":"https:\/\/inmondo.pl\/#website"},"primaryImageOfPage":{"@id":"https:\/\/inmondo.pl\/sklep\/elementy\/lozka\/lozko-wysokie-ze-schodami\/#primaryimage"},"image":{"@id":"https:\/\/inmondo.pl\/sklep\/elementy\/lozka\/lozko-wysokie-ze-schodami\/#primaryimage"},"thumbnailUrl":"https:\/\/inmondo.pl\/wp-content\/uploads\/2020\/06\/2019_09_INMONDO_PACKSHOTY-21568_small.jpg","datePublished":"2020-06-16T09:58:31+00:00","dateModified":"2026-03-26T08:51:41+00:00","description":"The high bed with stairs is a child's dream come true. Maximum comfort, extra storage space and modern design in one piece of furniture.","breadcrumb":{"@id":"https:\/\/inmondo.pl\/sklep\/elementy\/lozka\/lozko-wysokie-ze-schodami\/#breadcrumb"},"inLanguage":"en-GB","potentialAction":[{"@type":"ReadAction","target":["https:\/\/inmondo.pl\/sklep\/elementy\/lozka\/lozko-wysokie-ze-schodami\/"]}]},{"@type":"ImageObject","inLanguage":"en-GB","@id":"https:\/\/inmondo.pl\/sklep\/elementy\/lozka\/lozko-wysokie-ze-schodami\/#primaryimage","url":"https:\/\/inmondo.pl\/wp-content\/uploads\/2020\/06\/2019_09_INMONDO_PACKSHOTY-21568_small.jpg","contentUrl":"https:\/\/inmondo.pl\/wp-content\/uploads\/2020\/06\/2019_09_INMONDO_PACKSHOTY-21568_small.jpg","width":960,"height":960},{"@type":"BreadcrumbList","@id":"https:\/\/inmondo.pl\/sklep\/elementy\/lozka\/lozko-wysokie-ze-schodami\/#breadcrumb","itemListElement":[{"@type":"ListItem","position":1,"name":"Strona g\u0142\u00f3wna","item":"https:\/\/inmondo.pl\/"},{"@type":"ListItem","position":2,"name":"Oferta Inmondo: spe\u0142niamy marzenia i wymagania","item":"https:\/\/inmondo.pl\/sklep\/"},{"@type":"ListItem","position":3,"name":"kolekcje","item":"https:\/\/inmondo.pl\/de\/sklep\/kolekcje\/"},{"@type":"ListItem","position":4,"name":"\u0141\u00f3\u017cko wysokie ze schodami &#8211; jednoosobowe"}]},{"@type":"WebSite","@id":"https:\/\/inmondo.pl\/#website","url":"https:\/\/inmondo.pl\/","name":"Inmondo","description":"","potentialAction":[{"@type":"SearchAction","target":{"@type":"EntryPoint","urlTemplate":"https:\/\/inmondo.pl\/?s={search_term_string}"},"query-input":{"@type":"PropertyValueSpecification","valueRequired":true,"valueName":"search_term_string"}}],"inLanguage":"en-GB"}]}},"wcpa_form_fields":{"wcpaData":{"product":{"product_price":5090,"price_html":"<span class=\"woocommerce-Price-amount amount\">5 090&nbsp;<span class=\"woocommerce-Price-currencySymbol\">&#122;&#322;<\/span><\/span>","original_product_price":5090,"price_including_tax":5090,"price_excluding_tax":4138.2113819999995,"product_id":{"parent":904,"variation":false},"is_variable":true,"stock_status":"onbackorder","stock_quantity":0,"parent_sku":"904","product_attributes":{"pa_kolor":{"is_variation":true,"values":[]}},"custom_fields":[],"is_taxable":true},"fields":{"sec_86970f0d7b9114":{"extra":{"key":"sec_86970f0d7b9114","section_id":"sec_86970f0d7b9114","name":"Default","status":1,"cl_rule":"show","enableCl":false,"relations":[],"toggle":true,"title_tag":"h3","show_title":false,"showPrice":"default","form_id":12025,"form_rules":{"exclude_from_discount":false,"fee_label":"Fee","disp_hide_options_price":false,"disp_show_section_price":false,"disp_show_field_price":false,"layout_option":"standard","pric_use_as_fee":false,"process_fee_as":"woo_fee"},"layout_option":"standard"},"fields":[[{"label":"Zas\u0142ony lniane do \u0142\u00f3\u017cka","active":true,"required":true,"elementId":"select-0107471361","dropdown_type":"basic","placeholder":"Wybierz","name":"select-0107471361","label_position":"default","desc_position":"default","enablePrice":true,"className":"","enableCl":false,"relations":[{"operator":"and","rules":[{"operator":"and","rules":{"cl_field":"user_roles","cl_relation":"is_not","cl_val":"partnerzy-polska-20"}},{"operator":"and","rules":{"cl_field":"user_roles","cl_relation":"is_not","cl_val":"partnerzy25"}},{"operator":"and","rules":{"cl_field":"user_roles","cl_relation":"is_not","cl_val":"partnerzy-polska-30"}},{"operator":"and","rules":{"cl_field":"user_roles","cl_relation":"is_not","cl_val":"partnerzy_zagranica_20"}},{"operator":"and","rules":{"cl_field":"user_roles","cl_relation":"is_not","cl_val":"partnerzy_zagranica_30"}},{"operator":"AND","rules":{"cl_field":"user_roles","cl_relation":"is_not","cl_val":"partnerzy_zagranica_25"}}]}],"requiredError":"Materac jest polem wymaganym","values":[{"label":"bez zas\u0142on","value":"bez zas\u0142on","selected":false,"tempId":"aco_877","gt_translate_keys":["label"]},{"label":"zas\u0142ony lniane","value":"zas\u0142ony lniane","selected":false,"tempId":"aco_878","price":"865","gt_translate_keys":["label"]}],"priceOptions":"different_for_all","pricingType":"fixed","price":"","use_as_fee":false,"cl_rule":"show","col":2,"type":"select","error":false,"gt_translate_keys":["label","placeholder","requiredError"],"price_dependency":false,"cl_dependency":false,"value":""}]]}},"config":{"price_override":"","enable_recaptcha":false,"bind_quantity":false,"quantity_bind_formula":"","disp_summ_show_option_price":true,"disp_summ_show_product_price":true,"disp_summ_show_total_price":true,"disp_summ_show_fee":false,"disp_summ_show_discount":false,"summary_title":"","options_total_label":"Cena wariant\u00f3w","total_label":"\u0141\u0105cznie","options_product_label":"Cena produktu","fee_label":"Fee","discount_label":"Obni\u017cka","has_price":true,"has_quantity_formula":false},"mc_unit":1,"tax_rate":1,"tax_rate_real":0.23,"discount":{"percentage":0,"fixed":0},"design":{"conf":{"LabelPosition":"above","DescPosition":"above","UploadField":"custom_1","QuantityFieldStyle":"default"},"css":{"LeftLabelWidth":"120px"}},"formulas":[],"clones":false,"cartKey":false}},"_links":{"self":[{"href":"https:\/\/inmondo.pl\/en\/wp-json\/wp\/v2\/product\/904","targetHints":{"allow":["GET"]}}],"collection":[{"href":"https:\/\/inmondo.pl\/en\/wp-json\/wp\/v2\/product"}],"about":[{"href":"https:\/\/inmondo.pl\/en\/wp-json\/wp\/v2\/types\/product"}],"replies":[{"embeddable":true,"href":"https:\/\/inmondo.pl\/en\/wp-json\/wp\/v2\/comments?post=904"}],"wp:featuredmedia":[{"embeddable":true,"href":"https:\/\/inmondo.pl\/en\/wp-json\/wp\/v2\/media\/666"}],"wp:attachment":[{"href":"https:\/\/inmondo.pl\/en\/wp-json\/wp\/v2\/media?parent=904"}],"wp:term":[{"taxonomy":"product_brand","embeddable":true,"href":"https:\/\/inmondo.pl\/en\/wp-json\/wp\/v2\/product_brand?post=904"},{"taxonomy":"product_cat","embeddable":true,"href":"https:\/\/inmondo.pl\/en\/wp-json\/wp\/v2\/product_cat?post=904"},{"taxonomy":"product_tag","embeddable":true,"href":"https:\/\/inmondo.pl\/en\/wp-json\/wp\/v2\/product_tag?post=904"}],"curies":[{"name":"wp","href":"https:\/\/api.w.org\/{rel}","templated":true}]}}