{"id":901,"date":"2020-06-16T11:57:12","date_gmt":"2020-06-16T09:57:12","guid":{"rendered":"http:\/\/inmondo.pl\/?post_type=product&#038;p=901"},"modified":"2026-04-17T11:41:15","modified_gmt":"2026-04-17T09:41:15","slug":"lozko-podniesione-z-biurkiem-i-szafkami","status":"publish","type":"product","link":"https:\/\/inmondo.pl\/en\/sklep\/elementy\/lozka\/lozko-podniesione-z-biurkiem-i-szafkami\/","title":{"rendered":"\u0141\u00f3\u017cko podniesione z biurkiem i szafkami &#8211; WYPRZEDA\u017b"},"content":{"rendered":"<p>Start your great adventure with our Funflex bed, where functionality and design go hand in hand. Thanks to this structure, you can create a dream room for your child. Under the sleeping area you will find a fully functional desk with two spacious chests of drawers on the sides. Doors and drawers have a silent closing system. Equipped with strong, stable and reliable barriers necessary for the safety of your child while sleeping and playing. The sloping ladder allows easy and safe access to the bed and can be placed on either side of the desk. The timeless combination of white and light birch will always be fashionable.<\/p>","protected":false},"excerpt":{"rendered":"<p><a href=\"http:\/\/inmondo.pl\/wp-content\/uploads\/2025\/11\/DM-2020_logo.png\"><img loading=\"lazy\" decoding=\"async\" class=\"alignnone size-medium wp-image-11512\" src=\"http:\/\/inmondo.pl\/wp-content\/uploads\/2025\/11\/DM-2020_logo-300x123.png\" alt=\"\" width=\"300\" height=\"123\" srcset=\"https:\/\/inmondo.pl\/wp-content\/uploads\/2025\/11\/DM-2020_logo-300x123.png 300w, https:\/\/inmondo.pl\/wp-content\/uploads\/2025\/11\/DM-2020_logo-1024x421.png 1024w, https:\/\/inmondo.pl\/wp-content\/uploads\/2025\/11\/DM-2020_logo-768x316.png 768w, https:\/\/inmondo.pl\/wp-content\/uploads\/2025\/11\/DM-2020_logo-1536x631.png 1536w, https:\/\/inmondo.pl\/wp-content\/uploads\/2025\/11\/DM-2020_logo-18x7.png 18w, https:\/\/inmondo.pl\/wp-content\/uploads\/2025\/11\/DM-2020_logo-750x308.png 750w, https:\/\/inmondo.pl\/wp-content\/uploads\/2025\/11\/DM-2020_logo-400x164.png 400w, https:\/\/inmondo.pl\/wp-content\/uploads\/2025\/11\/DM-2020_logo-600x247.png 600w, https:\/\/inmondo.pl\/wp-content\/uploads\/2025\/11\/DM-2020_logo.png 1920w\" sizes=\"auto, (max-width: 300px) 100vw, 300px\" \/><\/a>Start your great adventure with our Funflex bed, where functionality and design go hand in hand. Thanks to this structure, you can create a dream room for your child. Under the sleeping area you will find a fully functional desk with two spacious chests of drawers on the sides. Doors and drawers have a silent closing system. Equipped with strong, stable and reliable barriers necessary for the safety of your child while sleeping and playing. The sloping ladder allows easy and safe access to the bed and can be placed on either side of the desk. The timeless combination of white and light birch will always be fashionable.<\/p>\n<p><strong><br \/>\nUWAGA! Ostatnie dost\u0119pne sztuki w super cenie.  <\/strong><\/p>\n<p>&nbsp;<\/p>\n<p>&nbsp;<\/p>\n<p>&nbsp;<\/p>\n<h6>Lead time: 6-8 weeks<\/h6>","protected":false},"featured_media":662,"comment_status":"open","ping_status":"closed","template":"","meta":{"_acf_changed":true},"product_brand":[],"product_cat":[29,20,18,17,21,99,202],"product_tag":[],"class_list":{"0":"post-901","1":"product","2":"type-product","3":"status-publish","4":"has-post-thumbnail","6":"product_cat-biurka","7":"product_cat-elementy","8":"product_cat-funflex","9":"product_cat-kolekcje","10":"product_cat-lozka","11":"product_cat-meble-dostepne","12":"product_cat-wyprzedaz","13":"wcpa_has_options","15":"first","16":"onbackorder","17":"sale","18":"taxable","19":"shipping-taxable","20":"purchasable","21":"product-type-variable","22":"has-default-attributes"},"acf":{"wymiary":"Szeroko\u015b\u0107: 245 cm<br \/>\r\nWysoko\u015b\u0107: 149 cm<br \/>\r\nG\u0142\u0119boko\u015b\u0107: 115 cm<br \/>\r\n<br \/>\r\n\u015awiat\u0142o pomi\u0119dzy pod\u0142og\u0105 a&nbsp;doln\u0105 ram\u0105 \u0142\u00f3\u017cka:  107 cm","materialy":"drewno brzozowe, p\u0142yta MDF, lakier wodny i&nbsp;wodny UV<br \/>\r\n<br \/>\r\n<br \/>\r\n","sections_woocommerce":[{"acf_fc_layout":"section_menu","is_active":true,"repeater":[{"text":"Opis","link":"#opis"},{"text":"Lookbook","link":"#lookbook"},{"text":"Opinie","link":"#opinie"},{"text":"Inne produkty","link":"#inneprodukty"}]},{"acf_fc_layout":"section_woocommerce_text_image","is_active":true,"anchor":"opis","text_align":"textAlign--left","grid_width":"main","wysiwyg":"<h2>Funflex nieograniczone mo\u017cliwo\u015bci.<\/h2>\n<p>Szeroki wyb\u00f3r element\u00f3w z\u00a0kolekcji Funflex pozwoli zaaran\u017cowa\u0107 ka\u017cd\u0105 przestrze\u0144 zgodnie z\u00a0Twoimi potrzebami i\u00a0upodobaniami. Zapomnij o\u00a0problemach z\u00a0brakiem miejsca na\u00a0przechowywanie Twoich skarb\u00f3w. Ksi\u0105\u017cki, ubrania zabawki &#8211; od teraz na\u00a0wszystko znajdziesz swoje miejsce. Je\u015bli w\u00a0pokoju brakuje Ci miejsca meble mo\u017cesz postawi\u0107 pod\u00a0\u0142\u00f3\u017ckiem uzyskuj\u0105c przestrze\u0144 do\u00a0przechowywania bez po\u015bwi\u0119cania miejsca w\u00a0pokoju.<\/p>\n","image":"https:\/\/inmondo.pl\/wp-content\/uploads\/2020\/09\/2019_05_INMONDO_POK\u00d3J_CH\u0141OPCA_4-15011-scaled-e1601375379503.jpg"},{"acf_fc_layout":"section_woocommerce_text_image","is_active":true,"anchor":"","text_align":"textAlign--right","grid_width":"main","wysiwyg":"<p>Tworz\u0105c nasze meble my\u015blimy nie tylko o\u00a0funkcjonalno\u015bci, ale\u00a0tak\u017ce o\u00a0bezpiecze\u0144stwie i\u00a0komforcie Twojego dziecka. Dlatego\u00a0wszystkie nasze meble s\u0105 lakierowane ekologicznymi farbami wodnymi. Zawiasy i\u00a0prowadnice posiadaj\u0105 system cichego domyku.<\/p>\n","image":"https:\/\/inmondo.pl\/wp-content\/uploads\/2020\/06\/2019_05_INMONDO_POK\u00d3J_CH\u0141OPCA_4-15102-scaled-e1595928199584.jpg"},{"acf_fc_layout":"section_woocommerce_lookbook","is_active":true,"anchor":"lookbook","header":"<h2 style=\"text-align: center;\">Zobacz galeri\u0119 Funflex:<\/h2>\n<p style=\"text-align: center;\">Nasz lookbook pokazuje tylko wybrane z\u00a0setek mo\u017cliwo\u015bci, jakie daj\u0105 meble Funflex. U\u017cyj ich, jak tylko sobie wymarzysz:<\/p>\n","repeater":[{"shortcode":"[woocommerce_lookbook id=\"1347\"]"},{"shortcode":"[woocommerce_lookbook id=\"1348\"]"},{"shortcode":"[woocommerce_lookbook id=\"1345\"]"}]},{"acf_fc_layout":"section_woocommerce_opinions","is_active":true,"anchor":"opinie"},{"acf_fc_layout":"section_woocommerce_otherFromCategory","is_active":true,"anchor":"inneprodukty"}],"czas_realizacji":""},"yoast_head":"<!-- This site is optimized with the Yoast SEO plugin v27.3 - https:\/\/yoast.com\/product\/yoast-seo-wordpress\/ -->\n<title>\u0141\u00f3\u017cko podniesione z biurkiem i szafkami - WYPRZEDA\u017b - Inmondo<\/title>\n<meta name=\"robots\" content=\"index, follow, max-snippet:-1, max-image-preview:large, max-video-preview:-1\" \/>\n<link rel=\"canonical\" href=\"https:\/\/inmondo.pl\/en\/sklep\/elementy\/lozka\/lozko-podniesione-z-biurkiem-i-szafkami\/\" \/>\n<meta property=\"og:locale\" content=\"en_GB\" \/>\n<meta property=\"og:type\" content=\"article\" \/>\n<meta property=\"og:title\" content=\"\u0141\u00f3\u017cko podniesione z biurkiem i szafkami - WYPRZEDA\u017b - Inmondo\" \/>\n<meta property=\"og:description\" content=\"Rozpocznij wielk\u0105 przygod\u0119 z naszym \u0142\u00f3\u017ckiem Funflex, w kt\u00f3rym funkcjonalno\u015b\u0107 i wzornictwo id\u0105 r\u0119ka w r\u0119k\u0119. Dzi\u0119ki tej konstrukcji mo\u017cesz stworzy\u0107 pok\u00f3j marze\u0144 Twojej pociechy. Pod cz\u0119\u015bci\u0105 sypialn\u0105 znajdziesz w pe\u0142ni funkcjonalne biurko z dwiema pojemnymi komodami po bokach. Drzwi i szuflady posiadaj\u0105 system cichego domyku. Wyposa\u017cone w mocne, stabilne i niezawodne barierki\u00a0 niezb\u0119dne dla\u00a0 bezpiecze\u0144stwa\u00a0 Twojego dziecka podczas snu i zabawy. Sko\u015bna drabinka pozwala na \u0142atwy i bezpieczny dost\u0119p do \u0142\u00f3\u017cka i mo\u017ce by\u0107 umieszczona po obu stronach biurka.\u00a0 Ponadczasowe po\u0142\u0105czenie bia\u0142ego koloru i jasnej brzozy b\u0119dzie zawsze modne.   UWAGA! Ostatnie dost\u0119pne sztuki w super cenie.    &nbsp;  &nbsp;  &nbsp; Czas realizacji: 6-8 tygodni\" \/>\n<meta property=\"og:url\" content=\"https:\/\/inmondo.pl\/en\/sklep\/elementy\/lozka\/lozko-podniesione-z-biurkiem-i-szafkami\/\" \/>\n<meta property=\"og:site_name\" content=\"Inmondo\" \/>\n<meta property=\"article:modified_time\" content=\"2026-04-17T09:41:15+00:00\" \/>\n<meta property=\"og:image\" content=\"http:\/\/inmondo.pl\/wp-content\/uploads\/2020\/06\/2019_09_INMONDO_PACKSHOTY-21561_small.jpg\" \/>\n\t<meta property=\"og:image:width\" content=\"960\" \/>\n\t<meta property=\"og:image:height\" content=\"960\" \/>\n\t<meta property=\"og:image:type\" content=\"image\/jpeg\" \/>\n<meta name=\"twitter:card\" content=\"summary_large_image\" \/>\n<meta name=\"twitter:label1\" content=\"Estimated reading time\" \/>\n\t<meta name=\"twitter:data1\" content=\"3 minutes\" \/>\n<script type=\"application\/ld+json\" class=\"yoast-schema-graph\">{\"@context\":\"https:\\\/\\\/schema.org\",\"@graph\":[{\"@type\":\"WebPage\",\"@id\":\"https:\\\/\\\/inmondo.pl\\\/sklep\\\/elementy\\\/lozka\\\/lozko-podniesione-z-biurkiem-i-szafkami\\\/\",\"url\":\"https:\\\/\\\/inmondo.pl\\\/sklep\\\/elementy\\\/lozka\\\/lozko-podniesione-z-biurkiem-i-szafkami\\\/\",\"name\":\"\u0141\u00f3\u017cko podniesione z biurkiem i szafkami - WYPRZEDA\u017b - Inmondo\",\"isPartOf\":{\"@id\":\"https:\\\/\\\/inmondo.pl\\\/#website\"},\"primaryImageOfPage\":{\"@id\":\"https:\\\/\\\/inmondo.pl\\\/sklep\\\/elementy\\\/lozka\\\/lozko-podniesione-z-biurkiem-i-szafkami\\\/#primaryimage\"},\"image\":{\"@id\":\"https:\\\/\\\/inmondo.pl\\\/sklep\\\/elementy\\\/lozka\\\/lozko-podniesione-z-biurkiem-i-szafkami\\\/#primaryimage\"},\"thumbnailUrl\":\"https:\\\/\\\/inmondo.pl\\\/wp-content\\\/uploads\\\/2020\\\/06\\\/2019_09_INMONDO_PACKSHOTY-21561_small.jpg\",\"datePublished\":\"2020-06-16T09:57:12+00:00\",\"dateModified\":\"2026-04-17T09:41:15+00:00\",\"breadcrumb\":{\"@id\":\"https:\\\/\\\/inmondo.pl\\\/sklep\\\/elementy\\\/lozka\\\/lozko-podniesione-z-biurkiem-i-szafkami\\\/#breadcrumb\"},\"inLanguage\":\"en-GB\",\"potentialAction\":[{\"@type\":\"ReadAction\",\"target\":[\"https:\\\/\\\/inmondo.pl\\\/sklep\\\/elementy\\\/lozka\\\/lozko-podniesione-z-biurkiem-i-szafkami\\\/\"]}]},{\"@type\":\"ImageObject\",\"inLanguage\":\"en-GB\",\"@id\":\"https:\\\/\\\/inmondo.pl\\\/sklep\\\/elementy\\\/lozka\\\/lozko-podniesione-z-biurkiem-i-szafkami\\\/#primaryimage\",\"url\":\"https:\\\/\\\/inmondo.pl\\\/wp-content\\\/uploads\\\/2020\\\/06\\\/2019_09_INMONDO_PACKSHOTY-21561_small.jpg\",\"contentUrl\":\"https:\\\/\\\/inmondo.pl\\\/wp-content\\\/uploads\\\/2020\\\/06\\\/2019_09_INMONDO_PACKSHOTY-21561_small.jpg\",\"width\":960,\"height\":960},{\"@type\":\"BreadcrumbList\",\"@id\":\"https:\\\/\\\/inmondo.pl\\\/sklep\\\/elementy\\\/lozka\\\/lozko-podniesione-z-biurkiem-i-szafkami\\\/#breadcrumb\",\"itemListElement\":[{\"@type\":\"ListItem\",\"position\":1,\"name\":\"Strona g\u0142\u00f3wna\",\"item\":\"https:\\\/\\\/inmondo.pl\\\/\"},{\"@type\":\"ListItem\",\"position\":2,\"name\":\"Oferta Inmondo: spe\u0142niamy marzenia i wymagania\",\"item\":\"https:\\\/\\\/inmondo.pl\\\/sklep\\\/\"},{\"@type\":\"ListItem\",\"position\":3,\"name\":\"kolekcje\",\"item\":\"https:\\\/\\\/inmondo.pl\\\/de\\\/sklep\\\/kolekcje\\\/\"},{\"@type\":\"ListItem\",\"position\":4,\"name\":\"\u0141\u00f3\u017cko podniesione z biurkiem i szafkami &#8211; WYPRZEDA\u017b\"}]},{\"@type\":\"WebSite\",\"@id\":\"https:\\\/\\\/inmondo.pl\\\/#website\",\"url\":\"https:\\\/\\\/inmondo.pl\\\/\",\"name\":\"Inmondo\",\"description\":\"\",\"potentialAction\":[{\"@type\":\"SearchAction\",\"target\":{\"@type\":\"EntryPoint\",\"urlTemplate\":\"https:\\\/\\\/inmondo.pl\\\/?s={search_term_string}\"},\"query-input\":{\"@type\":\"PropertyValueSpecification\",\"valueRequired\":true,\"valueName\":\"search_term_string\"}}],\"inLanguage\":\"en-GB\"}]}<\/script>\n<!-- \/ Yoast SEO plugin. -->","yoast_head_json":{"title":"\u0141\u00f3\u017cko podniesione z biurkiem i szafkami - WYPRZEDA\u017b - Inmondo","robots":{"index":"index","follow":"follow","max-snippet":"max-snippet:-1","max-image-preview":"max-image-preview:large","max-video-preview":"max-video-preview:-1"},"canonical":"https:\/\/inmondo.pl\/en\/sklep\/elementy\/lozka\/lozko-podniesione-z-biurkiem-i-szafkami\/","og_locale":"en_GB","og_type":"article","og_title":"\u0141\u00f3\u017cko podniesione z biurkiem i szafkami - WYPRZEDA\u017b - Inmondo","og_description":"Rozpocznij wielk\u0105 przygod\u0119 z naszym \u0142\u00f3\u017ckiem Funflex, w kt\u00f3rym funkcjonalno\u015b\u0107 i wzornictwo id\u0105 r\u0119ka w r\u0119k\u0119. Dzi\u0119ki tej konstrukcji mo\u017cesz stworzy\u0107 pok\u00f3j marze\u0144 Twojej pociechy. Pod cz\u0119\u015bci\u0105 sypialn\u0105 znajdziesz w pe\u0142ni funkcjonalne biurko z dwiema pojemnymi komodami po bokach. Drzwi i szuflady posiadaj\u0105 system cichego domyku. Wyposa\u017cone w mocne, stabilne i niezawodne barierki\u00a0 niezb\u0119dne dla\u00a0 bezpiecze\u0144stwa\u00a0 Twojego dziecka podczas snu i zabawy. Sko\u015bna drabinka pozwala na \u0142atwy i bezpieczny dost\u0119p do \u0142\u00f3\u017cka i mo\u017ce by\u0107 umieszczona po obu stronach biurka.\u00a0 Ponadczasowe po\u0142\u0105czenie bia\u0142ego koloru i jasnej brzozy b\u0119dzie zawsze modne.   UWAGA! Ostatnie dost\u0119pne sztuki w super cenie.    &nbsp;  &nbsp;  &nbsp; Czas realizacji: 6-8 tygodni","og_url":"https:\/\/inmondo.pl\/en\/sklep\/elementy\/lozka\/lozko-podniesione-z-biurkiem-i-szafkami\/","og_site_name":"Inmondo","article_modified_time":"2026-04-17T09:41:15+00:00","og_image":[{"width":960,"height":960,"url":"http:\/\/inmondo.pl\/wp-content\/uploads\/2020\/06\/2019_09_INMONDO_PACKSHOTY-21561_small.jpg","type":"image\/jpeg"}],"twitter_card":"summary_large_image","twitter_misc":{"Estimated reading time":"3 minutes"},"schema":{"@context":"https:\/\/schema.org","@graph":[{"@type":"WebPage","@id":"https:\/\/inmondo.pl\/sklep\/elementy\/lozka\/lozko-podniesione-z-biurkiem-i-szafkami\/","url":"https:\/\/inmondo.pl\/sklep\/elementy\/lozka\/lozko-podniesione-z-biurkiem-i-szafkami\/","name":"\u0141\u00f3\u017cko podniesione z biurkiem i szafkami - WYPRZEDA\u017b - Inmondo","isPartOf":{"@id":"https:\/\/inmondo.pl\/#website"},"primaryImageOfPage":{"@id":"https:\/\/inmondo.pl\/sklep\/elementy\/lozka\/lozko-podniesione-z-biurkiem-i-szafkami\/#primaryimage"},"image":{"@id":"https:\/\/inmondo.pl\/sklep\/elementy\/lozka\/lozko-podniesione-z-biurkiem-i-szafkami\/#primaryimage"},"thumbnailUrl":"https:\/\/inmondo.pl\/wp-content\/uploads\/2020\/06\/2019_09_INMONDO_PACKSHOTY-21561_small.jpg","datePublished":"2020-06-16T09:57:12+00:00","dateModified":"2026-04-17T09:41:15+00:00","breadcrumb":{"@id":"https:\/\/inmondo.pl\/sklep\/elementy\/lozka\/lozko-podniesione-z-biurkiem-i-szafkami\/#breadcrumb"},"inLanguage":"en-GB","potentialAction":[{"@type":"ReadAction","target":["https:\/\/inmondo.pl\/sklep\/elementy\/lozka\/lozko-podniesione-z-biurkiem-i-szafkami\/"]}]},{"@type":"ImageObject","inLanguage":"en-GB","@id":"https:\/\/inmondo.pl\/sklep\/elementy\/lozka\/lozko-podniesione-z-biurkiem-i-szafkami\/#primaryimage","url":"https:\/\/inmondo.pl\/wp-content\/uploads\/2020\/06\/2019_09_INMONDO_PACKSHOTY-21561_small.jpg","contentUrl":"https:\/\/inmondo.pl\/wp-content\/uploads\/2020\/06\/2019_09_INMONDO_PACKSHOTY-21561_small.jpg","width":960,"height":960},{"@type":"BreadcrumbList","@id":"https:\/\/inmondo.pl\/sklep\/elementy\/lozka\/lozko-podniesione-z-biurkiem-i-szafkami\/#breadcrumb","itemListElement":[{"@type":"ListItem","position":1,"name":"Strona g\u0142\u00f3wna","item":"https:\/\/inmondo.pl\/"},{"@type":"ListItem","position":2,"name":"Oferta Inmondo: spe\u0142niamy marzenia i wymagania","item":"https:\/\/inmondo.pl\/sklep\/"},{"@type":"ListItem","position":3,"name":"kolekcje","item":"https:\/\/inmondo.pl\/de\/sklep\/kolekcje\/"},{"@type":"ListItem","position":4,"name":"\u0141\u00f3\u017cko podniesione z biurkiem i szafkami &#8211; WYPRZEDA\u017b"}]},{"@type":"WebSite","@id":"https:\/\/inmondo.pl\/#website","url":"https:\/\/inmondo.pl\/","name":"Inmondo","description":"","potentialAction":[{"@type":"SearchAction","target":{"@type":"EntryPoint","urlTemplate":"https:\/\/inmondo.pl\/?s={search_term_string}"},"query-input":{"@type":"PropertyValueSpecification","valueRequired":true,"valueName":"search_term_string"}}],"inLanguage":"en-GB"}]}},"wcpa_form_fields":{"wcpaData":{"product":{"product_price":2950,"price_html":"<span class=\"woocommerce-Price-amount amount\">2 950&nbsp;<span class=\"woocommerce-Price-currencySymbol\">&#122;&#322;<\/span><\/span> <span aria-hidden=\"true\">&ndash;<\/span> <span class=\"woocommerce-Price-amount amount\">5 890&nbsp;<span class=\"woocommerce-Price-currencySymbol\">&#122;&#322;<\/span><\/span><span class=\"screen-reader-text\">Zakres cen: od 2 950&nbsp;&#122;&#322; do 5 890&nbsp;&#122;&#322;<\/span>","original_product_price":2950,"price_including_tax":2950,"price_excluding_tax":2398.373984,"product_id":{"parent":901,"variation":false},"is_variable":true,"stock_status":"onbackorder","stock_quantity":0,"parent_sku":"901","product_attributes":{"pa_kolor":{"is_variation":true,"values":[]}},"custom_fields":[],"is_taxable":true},"fields":{"sec_3696f52db1e88b":{"extra":{"key":"sec_3696f52db1e88b","section_id":"sec_3696f52db1e88b","name":"Default","status":1,"cl_rule":"show","enableCl":false,"relations":[],"toggle":true,"title_tag":"h3","show_title":false,"showPrice":"default","form_id":11978,"form_rules":{"exclude_from_discount":false,"fee_label":"Fee","disp_hide_options_price":false,"disp_show_section_price":false,"disp_show_field_price":false,"layout_option":"standard","pric_use_as_fee":false,"process_fee_as":"woo_fee"},"layout_option":"standard"},"fields":[]}},"config":{"price_override":"","enable_recaptcha":false,"bind_quantity":false,"quantity_bind_formula":"","disp_summ_show_option_price":true,"disp_summ_show_product_price":true,"disp_summ_show_total_price":true,"disp_summ_show_fee":false,"disp_summ_show_discount":false,"summary_title":"","options_total_label":"Cena wariant\u00f3w","total_label":"\u0141\u0105cznie","options_product_label":"Cena produktu","fee_label":"Fee","discount_label":"Obni\u017cka","has_price":false,"has_quantity_formula":false},"mc_unit":1,"tax_rate":1,"tax_rate_real":0.23,"discount":{"percentage":0,"fixed":0},"design":{"conf":{"LabelPosition":"above","DescPosition":"above","UploadField":"custom_1","QuantityFieldStyle":"default"},"css":{"LeftLabelWidth":"120px"}},"formulas":[],"clones":false,"cartKey":false}},"_links":{"self":[{"href":"https:\/\/inmondo.pl\/en\/wp-json\/wp\/v2\/product\/901","targetHints":{"allow":["GET"]}}],"collection":[{"href":"https:\/\/inmondo.pl\/en\/wp-json\/wp\/v2\/product"}],"about":[{"href":"https:\/\/inmondo.pl\/en\/wp-json\/wp\/v2\/types\/product"}],"replies":[{"embeddable":true,"href":"https:\/\/inmondo.pl\/en\/wp-json\/wp\/v2\/comments?post=901"}],"wp:featuredmedia":[{"embeddable":true,"href":"https:\/\/inmondo.pl\/en\/wp-json\/wp\/v2\/media\/662"}],"wp:attachment":[{"href":"https:\/\/inmondo.pl\/en\/wp-json\/wp\/v2\/media?parent=901"}],"wp:term":[{"taxonomy":"product_brand","embeddable":true,"href":"https:\/\/inmondo.pl\/en\/wp-json\/wp\/v2\/product_brand?post=901"},{"taxonomy":"product_cat","embeddable":true,"href":"https:\/\/inmondo.pl\/en\/wp-json\/wp\/v2\/product_cat?post=901"},{"taxonomy":"product_tag","embeddable":true,"href":"https:\/\/inmondo.pl\/en\/wp-json\/wp\/v2\/product_tag?post=901"}],"curies":[{"name":"wp","href":"https:\/\/api.w.org\/{rel}","templated":true}]}}