{"id":8214,"date":"2024-07-15T09:40:50","date_gmt":"2024-07-15T07:40:50","guid":{"rendered":"https:\/\/inmondo.pl\/?post_type=product&#038;p=8214"},"modified":"2026-01-09T15:39:55","modified_gmt":"2026-01-09T14:39:55","slug":"szafa-trzydrzwiowa-funflex-2","status":"publish","type":"product","link":"https:\/\/inmondo.pl\/en\/sklep\/elementy\/szafy\/szafa-trzydrzwiowa-funflex-2\/","title":{"rendered":"Three-door wardrobe"},"content":{"rendered":"","protected":false},"excerpt":{"rendered":"<h2 style=\"text-align: left; font-size: 17px;\">Three-door wardrobe Funflex 3D4S - The perfect wardrobe for a child's room<\/h2>\n<p>&nbsp;<\/p>\n<p>Discover the Funflex three-door wardrobe from Inmondo, made from durable birch wood and MDF.<\/p>\n<p>Ideal for a child's room, it is available with 2 or 4 drawers and offers spacious shelves, a clothes rail and a quiet close.<\/p>\n<p>Modern design, safety and functionality for years to come!<\/p>\n<p>By choosing the Funflex 3D4S three-door wardrobe, you are assured that your child's room will be both functional and stylish.<\/p>","protected":false},"featured_media":8203,"comment_status":"open","ping_status":"closed","template":"","meta":{"_acf_changed":true},"product_brand":[],"product_cat":[18,22],"product_tag":[],"class_list":{"0":"post-8214","1":"product","2":"type-product","3":"status-publish","4":"has-post-thumbnail","6":"product_cat-funflex","7":"product_cat-szafy","9":"first","10":"onbackorder","11":"taxable","12":"shipping-taxable","13":"purchasable","14":"product-type-variable"},"acf":{"sections_woocommerce":[{"acf_fc_layout":"section_menu","is_active":true,"repeater":[{"text":"Opis","link":"#opis"},{"text":"lookbook","link":"#lookbook"},{"text":"Opinie","link":"#opinie"},{"text":"Inne produkty","link":"#inneprodukty"}]},{"acf_fc_layout":"section_woocommerce_text_image","is_active":true,"anchor":"Opis","text_align":"textAlign--left","grid_width":"main","wysiwyg":"<h3>Przestronne Wn\u0119trze dla Lepszej Organizacji Pokoju Dziecka &#8211; Funflex Szafa Trzydrzwiowa<\/h3>\n<p>Szafa Trzydrzwiowa Funflex 3D4s zosta\u0142a zaprojektowana z my\u015bl\u0105 o maksymalnej funkcjonalno\u015bci.<\/p>\n<p>Szafa Trzydrzwiowa Funflex 3D4S to rozwi\u0105zanie, kt\u00f3re \u0142\u0105czy w sobie elegancj\u0119 i funkcjonalno\u015b\u0107.<\/p>\n<p>Szafa jest podzielona na dwie cz\u0119\u015bci.<\/p>\n<p>W jednej z nich mamy wieszak na ubrania, idealny do przechowywania ubra\u0144, kt\u00f3re wymagaj\u0105 wiszenia. W drugiej cz\u0119\u015bci znajduje si\u0119 przestrze\u0144 z licznymi p\u00f3\u0142kami na ubrania, ksi\u0105\u017cki, zabawki i inne dzieci\u0119ce skarby.<\/p>\n<p>Dodatkowo, szafa wyposa\u017cona jest w 4 szuflady &#8211; dwie wi\u0119ksze i dwie mniejsze, kt\u00f3re doskonale nadaj\u0105 si\u0119 do przechowywania bielizny, akcesori\u00f3w i innych drobnych przedmiot\u00f3w.<\/p>\n<p>&nbsp;<\/p>\n<p>Z my\u015bl\u0105 o r\u00f3\u017cnych uk\u0142adach pokoi, szafa Trzydrzwiowa Funflex 3D4S jest dost\u0119pna w wersji lewej lub prawej.<\/p>\n<p>Oznacza to, \u017ce w\u0119\u017csza cz\u0119\u015b\u0107 szafy mo\u017ce by\u0107 umieszczona po lewej lub po prawej stronie, w zale\u017cno\u015bci od Twoich potrzeb.<\/p>\n<p>Ta elastyczno\u015b\u0107 pozwala na lepsze dostosowanie mebla do wn\u0119trza pokoju dziecka.<\/p>\n<p>&nbsp;<\/p>\n<p>W szafie Trzydrzwiowej Funflex 3D4S zastosowano ciche prowadnice, kt\u00f3re zapewniaj\u0105 p\u0142ynne i bezg\u0142o\u015bne otwieranie oraz zamykanie szuflad.<\/p>\n<p>Jest to szczeg\u00f3lnie wa\u017cne w pokoju dzieci\u0119cym, gdzie ha\u0142as mo\u017ce przeszkadza\u0107 w czasie zabawy czy odpoczynku.<\/p>\n<p>Szafa b\u0119dzie idealnie pasowa\u0142a do pokoju zar\u00f3wno ma\u0142ego dziecka jaki dorastaj\u0105cego nastolatka.<\/p>\n","image":"https:\/\/inmondo.pl\/wp-content\/uploads\/2024\/07\/Szafa-Funflex-3D4S-biala-scaled.jpg"},{"acf_fc_layout":"section_woocommerce_text_image","is_active":true,"anchor":"Opis","text_align":"textAlign--left","grid_width":"main","wysiwyg":"<h3>Dlaczego warto wybra\u0107 szaf\u0119 Trzydrzwiow\u0105 Funflex 3D?<\/h3>\n<ul>\n<li>Styl skandynawski: przestronna szafa z drewnianymi elementami doskonale wpisuje si\u0119 w ten popularny styl wn\u0119trzarski.<\/li>\n<li>Funkcjonalno\u015b\u0107: Wieszak na ubrania i p\u00f3\u0142ki zapewniaj\u0105 mn\u00f3stwo miejsca do przechowywania.<\/li>\n<li>Przestronno\u015b\u0107: Szafa trzydrzwiowa oferuje du\u017c\u0105 ilo\u015b\u0107 miejsca na wszystkie rzeczy dziecka.<\/li>\n<li>Praktyczno\u015b\u0107: Cztery szuflady o r\u00f3\u017cnej wielko\u015bci doskonale nadaj\u0105 si\u0119 do przechowywania r\u00f3\u017cnych przedmiot\u00f3w.<\/li>\n<li>Elastyczno\u015b\u0107: Dost\u0119pna w wersji lewej lub prawej.<\/li>\n<\/ul>\n<p>&nbsp;<\/p>\n<p>Szafa Trzydrzwiowa 3D4S jest dost\u0119pna r\u00f3wnie\u017c w wersji\u00a0 3D2S &#8211; wszystko dla wi\u0119kszej dowolno\u015bci w urz\u0105dzaniu pokoju dziecka.<\/p>\n<p>Szafa Funflex\u00a0 od Inmondo to trzydrzwiowa szafa zaprojektowana z my\u015bl\u0105 o kompleksowym wyposa\u017ceniu pokoju dziecka.<\/p>\n<p>Dwie dost\u0119pne wersje: z 3 drzwiami i 2 szufladami ( 3d2s) lub z 3 drzwiami i 4 szufladami (3d4s), pozwala na idealne dopasowanie do potrzeb Twojego dziecka.<\/p>\n<p>&nbsp;<\/p>\n<p>Odkryj, jak kolekcja Funflex mo\u017ce zmieni\u0107 pok\u00f3j Twojego dziecka, zapewniaj\u0105c mu funkcjonalno\u015b\u0107, styl i bezpiecze\u0144stwo na lata.<\/p>\n","image":"https:\/\/inmondo.pl\/wp-content\/uploads\/2024\/07\/Szafa-Funflex-3D4S-szara-scaled.jpg"},{"acf_fc_layout":"section_woocommerce_lookbook","is_active":true,"anchor":"","header":"","repeater":[{"shortcode":"[woocommerce_lookbook id=\"2096\"]"},{"shortcode":"[woocommerce_lookbook id=\"2087\"]"},{"shortcode":"[woocommerce_lookbook id=\"1347\"]"},{"shortcode":"[woocommerce_lookbook id=\"1344\"]"}]},{"acf_fc_layout":"section_woocommerce_opinions","is_active":true,"anchor":"Opinie"},{"acf_fc_layout":"section_woocommerce_otherFromCategory","is_active":true,"anchor":"inneprodukty"}],"wymiary":"Wysoko\u015b\u0107: 190 cm<br \/>\r\nSzeroko\u015b\u0107: 134,5 cm<br \/>\r\nG\u0142\u0119boko\u015b\u0107: 55 cm","materialy":"Drewno brzozowe, MDF, lakiery wodne i UV","czas_realizacji":""},"yoast_head":"<!-- This site is optimized with the Yoast SEO plugin v27.3 - https:\/\/yoast.com\/product\/yoast-seo-wordpress\/ -->\n<title>Szafa Trzydrzwiowa - Inmondo<\/title>\n<meta name=\"description\" content=\"Szafa trzydrzwiowa Funflex od Inmondo, z drewna brzozowego i MDF. Odkryj szaf\u0119 do pokoju dziecka z p\u00f3\u0142kami, dr\u0105\u017ckiem na ubrania i szufaldami.\" \/>\n<meta name=\"robots\" content=\"index, follow, max-snippet:-1, max-image-preview:large, max-video-preview:-1\" \/>\n<link rel=\"canonical\" href=\"https:\/\/inmondo.pl\/en\/sklep\/elementy\/szafy\/szafa-trzydrzwiowa-funflex-2\/\" \/>\n<meta property=\"og:locale\" content=\"en_GB\" \/>\n<meta property=\"og:type\" content=\"article\" \/>\n<meta property=\"og:title\" content=\"Szafa Trzydrzwiowa - Inmondo\" \/>\n<meta property=\"og:description\" content=\"Szafa trzydrzwiowa Funflex od Inmondo, z drewna brzozowego i MDF. Odkryj szaf\u0119 do pokoju dziecka z p\u00f3\u0142kami, dr\u0105\u017ckiem na ubrania i szufaldami.\" \/>\n<meta property=\"og:url\" content=\"https:\/\/inmondo.pl\/en\/sklep\/elementy\/szafy\/szafa-trzydrzwiowa-funflex-2\/\" \/>\n<meta property=\"og:site_name\" content=\"Inmondo\" \/>\n<meta property=\"article:modified_time\" content=\"2026-01-09T14:39:55+00:00\" \/>\n<meta property=\"og:image\" content=\"https:\/\/inmondo.pl\/wp-content\/uploads\/2024\/07\/Szafa-Funflex-3D4S-biala-scaled.jpg\" \/>\n\t<meta property=\"og:image:width\" content=\"1280\" \/>\n\t<meta property=\"og:image:height\" content=\"1920\" \/>\n\t<meta property=\"og:image:type\" content=\"image\/jpeg\" \/>\n<meta name=\"twitter:card\" content=\"summary_large_image\" \/>\n<meta name=\"twitter:label1\" content=\"Estimated reading time\" \/>\n\t<meta name=\"twitter:data1\" content=\"3 minutes\" \/>\n<script type=\"application\/ld+json\" class=\"yoast-schema-graph\">{\"@context\":\"https:\\\/\\\/schema.org\",\"@graph\":[{\"@type\":\"WebPage\",\"@id\":\"https:\\\/\\\/inmondo.pl\\\/sklep\\\/elementy\\\/szafy\\\/szafa-trzydrzwiowa-funflex-2\\\/\",\"url\":\"https:\\\/\\\/inmondo.pl\\\/sklep\\\/elementy\\\/szafy\\\/szafa-trzydrzwiowa-funflex-2\\\/\",\"name\":\"Szafa Trzydrzwiowa - Inmondo\",\"isPartOf\":{\"@id\":\"https:\\\/\\\/inmondo.pl\\\/#website\"},\"primaryImageOfPage\":{\"@id\":\"https:\\\/\\\/inmondo.pl\\\/sklep\\\/elementy\\\/szafy\\\/szafa-trzydrzwiowa-funflex-2\\\/#primaryimage\"},\"image\":{\"@id\":\"https:\\\/\\\/inmondo.pl\\\/sklep\\\/elementy\\\/szafy\\\/szafa-trzydrzwiowa-funflex-2\\\/#primaryimage\"},\"thumbnailUrl\":\"https:\\\/\\\/inmondo.pl\\\/wp-content\\\/uploads\\\/2024\\\/07\\\/Szafa-Funflex-3D4S-biala-scaled.jpg\",\"datePublished\":\"2024-07-15T07:40:50+00:00\",\"dateModified\":\"2026-01-09T14:39:55+00:00\",\"description\":\"Szafa trzydrzwiowa Funflex od Inmondo, z drewna brzozowego i MDF. Odkryj szaf\u0119 do pokoju dziecka z p\u00f3\u0142kami, dr\u0105\u017ckiem na ubrania i szufaldami.\",\"breadcrumb\":{\"@id\":\"https:\\\/\\\/inmondo.pl\\\/sklep\\\/elementy\\\/szafy\\\/szafa-trzydrzwiowa-funflex-2\\\/#breadcrumb\"},\"inLanguage\":\"en-GB\",\"potentialAction\":[{\"@type\":\"ReadAction\",\"target\":[\"https:\\\/\\\/inmondo.pl\\\/sklep\\\/elementy\\\/szafy\\\/szafa-trzydrzwiowa-funflex-2\\\/\"]}]},{\"@type\":\"ImageObject\",\"inLanguage\":\"en-GB\",\"@id\":\"https:\\\/\\\/inmondo.pl\\\/sklep\\\/elementy\\\/szafy\\\/szafa-trzydrzwiowa-funflex-2\\\/#primaryimage\",\"url\":\"https:\\\/\\\/inmondo.pl\\\/wp-content\\\/uploads\\\/2024\\\/07\\\/Szafa-Funflex-3D4S-biala-scaled.jpg\",\"contentUrl\":\"https:\\\/\\\/inmondo.pl\\\/wp-content\\\/uploads\\\/2024\\\/07\\\/Szafa-Funflex-3D4S-biala-scaled.jpg\",\"width\":1280,\"height\":1920,\"caption\":\"szafa trzydrzwiowa funflex inmondo z szufladami\"},{\"@type\":\"BreadcrumbList\",\"@id\":\"https:\\\/\\\/inmondo.pl\\\/sklep\\\/elementy\\\/szafy\\\/szafa-trzydrzwiowa-funflex-2\\\/#breadcrumb\",\"itemListElement\":[{\"@type\":\"ListItem\",\"position\":1,\"name\":\"Strona g\u0142\u00f3wna\",\"item\":\"https:\\\/\\\/inmondo.pl\\\/\"},{\"@type\":\"ListItem\",\"position\":2,\"name\":\"Oferta Inmondo: spe\u0142niamy marzenia i wymagania\",\"item\":\"https:\\\/\\\/inmondo.pl\\\/sklep\\\/\"},{\"@type\":\"ListItem\",\"position\":3,\"name\":\"Elementy\",\"item\":\"https:\\\/\\\/inmondo.pl\\\/sklep\\\/elementy\\\/\"},{\"@type\":\"ListItem\",\"position\":4,\"name\":\"Szafy\",\"item\":\"http:\\\/\\\/inmondo.pl\\\/sklep\\\/elementy\\\/szafy\\\/\"},{\"@type\":\"ListItem\",\"position\":5,\"name\":\"Szafa Trzydrzwiowa\"}]},{\"@type\":\"WebSite\",\"@id\":\"https:\\\/\\\/inmondo.pl\\\/#website\",\"url\":\"https:\\\/\\\/inmondo.pl\\\/\",\"name\":\"Inmondo\",\"description\":\"\",\"potentialAction\":[{\"@type\":\"SearchAction\",\"target\":{\"@type\":\"EntryPoint\",\"urlTemplate\":\"https:\\\/\\\/inmondo.pl\\\/?s={search_term_string}\"},\"query-input\":{\"@type\":\"PropertyValueSpecification\",\"valueRequired\":true,\"valueName\":\"search_term_string\"}}],\"inLanguage\":\"en-GB\"}]}<\/script>\n<!-- \/ Yoast SEO plugin. -->","yoast_head_json":{"title":"Three-door wardrobe - Inmondo","description":"Funflex three-door wardrobe from Inmondo, in birch wood and MDF. Discover a wardrobe for your child's room with shelves, clothes rail and drawers.","robots":{"index":"index","follow":"follow","max-snippet":"max-snippet:-1","max-image-preview":"max-image-preview:large","max-video-preview":"max-video-preview:-1"},"canonical":"https:\/\/inmondo.pl\/en\/sklep\/elementy\/szafy\/szafa-trzydrzwiowa-funflex-2\/","og_locale":"en_GB","og_type":"article","og_title":"Szafa Trzydrzwiowa - Inmondo","og_description":"Szafa trzydrzwiowa Funflex od Inmondo, z drewna brzozowego i MDF. Odkryj szaf\u0119 do pokoju dziecka z p\u00f3\u0142kami, dr\u0105\u017ckiem na ubrania i szufaldami.","og_url":"https:\/\/inmondo.pl\/en\/sklep\/elementy\/szafy\/szafa-trzydrzwiowa-funflex-2\/","og_site_name":"Inmondo","article_modified_time":"2026-01-09T14:39:55+00:00","og_image":[{"width":1280,"height":1920,"url":"https:\/\/inmondo.pl\/wp-content\/uploads\/2024\/07\/Szafa-Funflex-3D4S-biala-scaled.jpg","type":"image\/jpeg"}],"twitter_card":"summary_large_image","twitter_misc":{"Estimated reading time":"3 minutes"},"schema":{"@context":"https:\/\/schema.org","@graph":[{"@type":"WebPage","@id":"https:\/\/inmondo.pl\/sklep\/elementy\/szafy\/szafa-trzydrzwiowa-funflex-2\/","url":"https:\/\/inmondo.pl\/sklep\/elementy\/szafy\/szafa-trzydrzwiowa-funflex-2\/","name":"Three-door wardrobe - Inmondo","isPartOf":{"@id":"https:\/\/inmondo.pl\/#website"},"primaryImageOfPage":{"@id":"https:\/\/inmondo.pl\/sklep\/elementy\/szafy\/szafa-trzydrzwiowa-funflex-2\/#primaryimage"},"image":{"@id":"https:\/\/inmondo.pl\/sklep\/elementy\/szafy\/szafa-trzydrzwiowa-funflex-2\/#primaryimage"},"thumbnailUrl":"https:\/\/inmondo.pl\/wp-content\/uploads\/2024\/07\/Szafa-Funflex-3D4S-biala-scaled.jpg","datePublished":"2024-07-15T07:40:50+00:00","dateModified":"2026-01-09T14:39:55+00:00","description":"Funflex three-door wardrobe from Inmondo, in birch wood and MDF. Discover a wardrobe for your child's room with shelves, clothes rail and drawers.","breadcrumb":{"@id":"https:\/\/inmondo.pl\/sklep\/elementy\/szafy\/szafa-trzydrzwiowa-funflex-2\/#breadcrumb"},"inLanguage":"en-GB","potentialAction":[{"@type":"ReadAction","target":["https:\/\/inmondo.pl\/sklep\/elementy\/szafy\/szafa-trzydrzwiowa-funflex-2\/"]}]},{"@type":"ImageObject","inLanguage":"en-GB","@id":"https:\/\/inmondo.pl\/sklep\/elementy\/szafy\/szafa-trzydrzwiowa-funflex-2\/#primaryimage","url":"https:\/\/inmondo.pl\/wp-content\/uploads\/2024\/07\/Szafa-Funflex-3D4S-biala-scaled.jpg","contentUrl":"https:\/\/inmondo.pl\/wp-content\/uploads\/2024\/07\/Szafa-Funflex-3D4S-biala-scaled.jpg","width":1280,"height":1920,"caption":"szafa trzydrzwiowa funflex inmondo z szufladami"},{"@type":"BreadcrumbList","@id":"https:\/\/inmondo.pl\/sklep\/elementy\/szafy\/szafa-trzydrzwiowa-funflex-2\/#breadcrumb","itemListElement":[{"@type":"ListItem","position":1,"name":"Strona g\u0142\u00f3wna","item":"https:\/\/inmondo.pl\/"},{"@type":"ListItem","position":2,"name":"Oferta Inmondo: spe\u0142niamy marzenia i wymagania","item":"https:\/\/inmondo.pl\/sklep\/"},{"@type":"ListItem","position":3,"name":"Elementy","item":"https:\/\/inmondo.pl\/sklep\/elementy\/"},{"@type":"ListItem","position":4,"name":"Szafy","item":"http:\/\/inmondo.pl\/sklep\/elementy\/szafy\/"},{"@type":"ListItem","position":5,"name":"Szafa Trzydrzwiowa"}]},{"@type":"WebSite","@id":"https:\/\/inmondo.pl\/#website","url":"https:\/\/inmondo.pl\/","name":"Inmondo","description":"","potentialAction":[{"@type":"SearchAction","target":{"@type":"EntryPoint","urlTemplate":"https:\/\/inmondo.pl\/?s={search_term_string}"},"query-input":{"@type":"PropertyValueSpecification","valueRequired":true,"valueName":"search_term_string"}}],"inLanguage":"en-GB"}]}},"wcpa_form_fields":null,"_links":{"self":[{"href":"https:\/\/inmondo.pl\/en\/wp-json\/wp\/v2\/product\/8214","targetHints":{"allow":["GET"]}}],"collection":[{"href":"https:\/\/inmondo.pl\/en\/wp-json\/wp\/v2\/product"}],"about":[{"href":"https:\/\/inmondo.pl\/en\/wp-json\/wp\/v2\/types\/product"}],"replies":[{"embeddable":true,"href":"https:\/\/inmondo.pl\/en\/wp-json\/wp\/v2\/comments?post=8214"}],"wp:featuredmedia":[{"embeddable":true,"href":"https:\/\/inmondo.pl\/en\/wp-json\/wp\/v2\/media\/8203"}],"wp:attachment":[{"href":"https:\/\/inmondo.pl\/en\/wp-json\/wp\/v2\/media?parent=8214"}],"wp:term":[{"taxonomy":"product_brand","embeddable":true,"href":"https:\/\/inmondo.pl\/en\/wp-json\/wp\/v2\/product_brand?post=8214"},{"taxonomy":"product_cat","embeddable":true,"href":"https:\/\/inmondo.pl\/en\/wp-json\/wp\/v2\/product_cat?post=8214"},{"taxonomy":"product_tag","embeddable":true,"href":"https:\/\/inmondo.pl\/en\/wp-json\/wp\/v2\/product_tag?post=8214"}],"curies":[{"name":"wp","href":"https:\/\/api.w.org\/{rel}","templated":true}]}}