{"id":7392,"date":"2023-09-19T13:35:12","date_gmt":"2023-09-19T11:35:12","guid":{"rendered":"https:\/\/inmondo.pl\/?post_type=product&#038;p=7392"},"modified":"2023-12-01T14:35:53","modified_gmt":"2023-12-01T13:35:53","slug":"lampa-litera-maxi-o","status":"publish","type":"product","link":"https:\/\/inmondo.pl\/en\/sklep\/elementy\/lampa-litera-maxi-o\/","title":{"rendered":"Letter MAXI (\"O\") lamp"},"content":{"rendered":"<p>Lampa w kszta\u0142cie litery O w rozmiarze MAXI<\/p>\n<p>Coraz modniejsze staje si\u0119 ozdabianie pokoju inicja\u0142ami lub te\u017c napisami. Nasza drewniana lampa litera o wysoko\u015bci a\u017c 39 cm, wpisze si\u0119 idealnie w ka\u017cdy pok\u00f3j \ud83d\ude42<\/p>\n<p>Lampka mo\u017ce stan\u0105\u0107 na biurku czy te\u017c p\u00f3\u0142ce.<\/p>\n<p>Thanks to LED technology, sleep is safe with its light, and the dark is no longer terrible.<\/p>\n<p>Oferta dotyczy bia\u0142ej litery MAXI &#8211; &#8222;O&#8221;.<\/p>","protected":false},"excerpt":{"rendered":"<p>Lamps in the shape of letters from A to Z in the MAXI size<\/p>\n<p>It is becoming more and more fashionable to decorate a room with initials or inscriptions. Our wooden lamp, 39 cm high, will fit perfectly into any room \ud83d\ude42<\/p>\n<p>Each of the letters can stand on a desk or shelf, or serve as a wall lamp - then we will make a lamp with a direct connection to the network, without a switch.<\/p>\n<p>Thanks to LED technology, sleep is safe with its light, and the dark is no longer terrible.<\/p>\n<p>The price is for one selected letter of the alphabet.<\/p>\n<p>Please include in the comment to the order: the choice of letter, whether the lamp will serve as a wall lamp.<\/p>\n<p>It is possible to make a 2-color version as in the case of the letter M from the photo: one color - front, second back and sides.<\/p>","protected":false},"featured_media":2447,"comment_status":"open","ping_status":"closed","template":"","meta":{"_acf_changed":false},"product_brand":[],"product_cat":[20,99],"product_tag":[],"class_list":{"0":"post-7392","1":"product","2":"type-product","3":"status-publish","4":"has-post-thumbnail","6":"product_cat-elementy","7":"product_cat-meble-dostepne","9":"first","10":"onbackorder","11":"taxable","12":"shipping-taxable","13":"purchasable","14":"product-type-variable","15":"has-default-attributes"},"acf":{"wymiary":"Wysoko\u015b\u0107: 39 cm<br \/>\r\n","materialy":"- Lite drewno sosnowe<br \/>\r\n- Lampki LED ciep\u0142y bia\u0142y  2,2W<br \/>\r\n- Zasilacz dogniazdkowy Input: AC 100-240 Output: DC 24V","sections_woocommerce":[{"acf_fc_layout":"section_menu","is_active":true,"repeater":[{"text":"Opis","link":"#opis"},{"text":"Lookbook","link":"#lookbook"},{"text":"Opinie","link":"#opinie"},{"text":"Inne Produkty","link":"#inneprodukty"}]},{"acf_fc_layout":"section_woocommerce_text_image","is_active":true,"anchor":"#opis","text_align":"textAlign--left","grid_width":"main","wysiwyg":"<p>Wyj\u0105tkowe wzory mebli, tworzone w\u00a0przekonaniu, \u017ce\u00a0ka\u017cde wn\u0119trze<br \/>\nmo\u017cna zaaran\u017cowa\u0107 w\u00a0pi\u0119kny spos\u00f3b, tworz\u0105c przestrze\u0144 nieprzeci\u0119tn\u0105<br \/>\n\u2013 wystarczy tylko troch\u0119 wyobra\u017ani. Wierzymy, \u017ce\u00a0wykorzystasz j\u0105 i\u00a0stworzysz pok\u00f3j swoich marze\u0144.<\/p>\n","image":"https:\/\/inmondo.pl\/wp-content\/uploads\/2020\/10\/image00003-scaled.jpeg"},{"acf_fc_layout":"section_woocommerce_lookbook","is_active":true,"anchor":"#lookbook","header":"<h2 style=\"text-align: center;\">Zobacz galeri\u0119 mebli uzupe\u0142niaj\u0105cych nasze kolekcje:<\/h2>\n<p style=\"text-align: center;\">Zapraszamy do\u00a0zapoznania si\u0119 z\u00a0kolekcj\u0105 uzupe\u0142niaj\u0105c\u0105. Wzbogacisz pok\u00f3j w\u00a0urocze elementy dodaj\u0105ce blasku twojemu wn\u0119trzu. Pokazujemy Ci tylko u\u0142amek mo\u017cliwo\u015bci\u2026 Zainspiruj si\u0119&#8230;<\/p>\n","repeater":[{"shortcode":"[woocommerce_lookbook id=\"1352\"]"},{"shortcode":"[woocommerce_lookbook id=\"1440\"]"},{"shortcode":"[woocommerce_lookbook id=\"1269\"]"},{"shortcode":"[woocommerce_lookbook id=\"1547\"]"},{"shortcode":"[woocommerce_lookbook id=\"1642\"]"}]}]},"yoast_head":"<!-- This site is optimized with the Yoast SEO plugin v27.3 - https:\/\/yoast.com\/product\/yoast-seo-wordpress\/ -->\n<title>Lampa Litera MAXI (&quot;O&quot;) - Inmondo<\/title>\n<meta name=\"robots\" content=\"index, follow, max-snippet:-1, max-image-preview:large, max-video-preview:-1\" \/>\n<link rel=\"canonical\" href=\"https:\/\/inmondo.pl\/en\/sklep\/elementy\/lampa-litera-maxi-o\/\" \/>\n<meta property=\"og:locale\" content=\"en_GB\" \/>\n<meta property=\"og:type\" content=\"article\" \/>\n<meta property=\"og:title\" content=\"Lampa Litera MAXI (&quot;O&quot;) - Inmondo\" \/>\n<meta property=\"og:description\" content=\"Lampy w kszta\u0142cie liter od A do Z w rozmiarze MAXI  Coraz modniejsze staje si\u0119 ozdabianie pokoju inicja\u0142ami lub te\u017c napisami. Nasza drewniana lampa o wysoko\u015bci a\u017c 39 cm, wpisze si\u0119 idealnie w ka\u017cdy pok\u00f3j :)  Ka\u017cda z liter mo\u017ce stan\u0105\u0107 na biurku czy te\u017c p\u00f3\u0142ce, albo pos\u0142u\u017cy\u0107 jako kinkiet - wykonamy wtedy lampk\u0119 z bezpo\u015brednim podpi\u0119ciem do sieci, bez w\u0142\u0105cznika.  Dzi\u0119ki technologii LED sen przy jej \u015bwietle jest bezpieczny, a mrok nie jest ju\u017c straszny.  Cena dotyczy jednej wybranej litery alfabetu.  Prosimy zawrze\u0107 w komentarzu do zam\u00f3wienia: wyb\u00f3r litery, czy lampa s\u0142u\u017cy\u0107 b\u0119dzie jako kinkiet.  Mo\u017cliwe jest wykonanie w wersji 2 kolorowej jak w przypadku litery M ze zdj\u0119cia: jeden kolor - prz\u00f3d, drugi ty\u0142 i boki.\" \/>\n<meta property=\"og:url\" content=\"https:\/\/inmondo.pl\/en\/sklep\/elementy\/lampa-litera-maxi-o\/\" \/>\n<meta property=\"og:site_name\" content=\"Inmondo\" \/>\n<meta property=\"article:modified_time\" content=\"2023-12-01T13:35:53+00:00\" \/>\n<meta property=\"og:image\" content=\"https:\/\/inmondo.pl\/wp-content\/uploads\/2020\/10\/LETTER-BIG-scaled-e1602673719979.jpg\" \/>\n\t<meta property=\"og:image:width\" content=\"1708\" \/>\n\t<meta property=\"og:image:height\" content=\"1707\" \/>\n\t<meta property=\"og:image:type\" content=\"image\/jpeg\" \/>\n<meta name=\"twitter:card\" content=\"summary_large_image\" \/>\n<meta name=\"twitter:label1\" content=\"Estimated reading time\" \/>\n\t<meta name=\"twitter:data1\" content=\"1 minute\" \/>\n<script type=\"application\/ld+json\" class=\"yoast-schema-graph\">{\"@context\":\"https:\\\/\\\/schema.org\",\"@graph\":[{\"@type\":\"WebPage\",\"@id\":\"https:\\\/\\\/inmondo.pl\\\/sklep\\\/elementy\\\/lampa-litera-maxi-o\\\/\",\"url\":\"https:\\\/\\\/inmondo.pl\\\/sklep\\\/elementy\\\/lampa-litera-maxi-o\\\/\",\"name\":\"Lampa Litera MAXI (\\\"O\\\") - Inmondo\",\"isPartOf\":{\"@id\":\"https:\\\/\\\/inmondo.pl\\\/#website\"},\"primaryImageOfPage\":{\"@id\":\"https:\\\/\\\/inmondo.pl\\\/sklep\\\/elementy\\\/lampa-litera-maxi-o\\\/#primaryimage\"},\"image\":{\"@id\":\"https:\\\/\\\/inmondo.pl\\\/sklep\\\/elementy\\\/lampa-litera-maxi-o\\\/#primaryimage\"},\"thumbnailUrl\":\"https:\\\/\\\/inmondo.pl\\\/wp-content\\\/uploads\\\/2020\\\/10\\\/LETTER-BIG-scaled-e1602673719979.jpg\",\"datePublished\":\"2023-09-19T11:35:12+00:00\",\"dateModified\":\"2023-12-01T13:35:53+00:00\",\"breadcrumb\":{\"@id\":\"https:\\\/\\\/inmondo.pl\\\/sklep\\\/elementy\\\/lampa-litera-maxi-o\\\/#breadcrumb\"},\"inLanguage\":\"en-GB\",\"potentialAction\":[{\"@type\":\"ReadAction\",\"target\":[\"https:\\\/\\\/inmondo.pl\\\/sklep\\\/elementy\\\/lampa-litera-maxi-o\\\/\"]}]},{\"@type\":\"ImageObject\",\"inLanguage\":\"en-GB\",\"@id\":\"https:\\\/\\\/inmondo.pl\\\/sklep\\\/elementy\\\/lampa-litera-maxi-o\\\/#primaryimage\",\"url\":\"https:\\\/\\\/inmondo.pl\\\/wp-content\\\/uploads\\\/2020\\\/10\\\/LETTER-BIG-scaled-e1602673719979.jpg\",\"contentUrl\":\"https:\\\/\\\/inmondo.pl\\\/wp-content\\\/uploads\\\/2020\\\/10\\\/LETTER-BIG-scaled-e1602673719979.jpg\",\"width\":1708,\"height\":1707},{\"@type\":\"BreadcrumbList\",\"@id\":\"https:\\\/\\\/inmondo.pl\\\/sklep\\\/elementy\\\/lampa-litera-maxi-o\\\/#breadcrumb\",\"itemListElement\":[{\"@type\":\"ListItem\",\"position\":1,\"name\":\"Strona g\u0142\u00f3wna\",\"item\":\"https:\\\/\\\/inmondo.pl\\\/\"},{\"@type\":\"ListItem\",\"position\":2,\"name\":\"Oferta Inmondo: spe\u0142niamy marzenia i wymagania\",\"item\":\"https:\\\/\\\/inmondo.pl\\\/sklep\\\/\"},{\"@type\":\"ListItem\",\"position\":3,\"name\":\"Elementy\",\"item\":\"https:\\\/\\\/inmondo.pl\\\/sklep\\\/elementy\\\/\"},{\"@type\":\"ListItem\",\"position\":4,\"name\":\"Lampa Litera MAXI (&#8222;O&#8221;)\"}]},{\"@type\":\"WebSite\",\"@id\":\"https:\\\/\\\/inmondo.pl\\\/#website\",\"url\":\"https:\\\/\\\/inmondo.pl\\\/\",\"name\":\"Inmondo\",\"description\":\"\",\"potentialAction\":[{\"@type\":\"SearchAction\",\"target\":{\"@type\":\"EntryPoint\",\"urlTemplate\":\"https:\\\/\\\/inmondo.pl\\\/?s={search_term_string}\"},\"query-input\":{\"@type\":\"PropertyValueSpecification\",\"valueRequired\":true,\"valueName\":\"search_term_string\"}}],\"inLanguage\":\"en-GB\"}]}<\/script>\n<!-- \/ Yoast SEO plugin. -->","yoast_head_json":{"title":"MAXI (\"O\") letter lamp - Inmondo","robots":{"index":"index","follow":"follow","max-snippet":"max-snippet:-1","max-image-preview":"max-image-preview:large","max-video-preview":"max-video-preview:-1"},"canonical":"https:\/\/inmondo.pl\/en\/sklep\/elementy\/lampa-litera-maxi-o\/","og_locale":"en_GB","og_type":"article","og_title":"Lampa Litera MAXI (\"O\") - Inmondo","og_description":"Lampy w kszta\u0142cie liter od A do Z w rozmiarze MAXI  Coraz modniejsze staje si\u0119 ozdabianie pokoju inicja\u0142ami lub te\u017c napisami. Nasza drewniana lampa o wysoko\u015bci a\u017c 39 cm, wpisze si\u0119 idealnie w ka\u017cdy pok\u00f3j :)  Ka\u017cda z liter mo\u017ce stan\u0105\u0107 na biurku czy te\u017c p\u00f3\u0142ce, albo pos\u0142u\u017cy\u0107 jako kinkiet - wykonamy wtedy lampk\u0119 z bezpo\u015brednim podpi\u0119ciem do sieci, bez w\u0142\u0105cznika.  Dzi\u0119ki technologii LED sen przy jej \u015bwietle jest bezpieczny, a mrok nie jest ju\u017c straszny.  Cena dotyczy jednej wybranej litery alfabetu.  Prosimy zawrze\u0107 w komentarzu do zam\u00f3wienia: wyb\u00f3r litery, czy lampa s\u0142u\u017cy\u0107 b\u0119dzie jako kinkiet.  Mo\u017cliwe jest wykonanie w wersji 2 kolorowej jak w przypadku litery M ze zdj\u0119cia: jeden kolor - prz\u00f3d, drugi ty\u0142 i boki.","og_url":"https:\/\/inmondo.pl\/en\/sklep\/elementy\/lampa-litera-maxi-o\/","og_site_name":"Inmondo","article_modified_time":"2023-12-01T13:35:53+00:00","og_image":[{"width":1708,"height":1707,"url":"https:\/\/inmondo.pl\/wp-content\/uploads\/2020\/10\/LETTER-BIG-scaled-e1602673719979.jpg","type":"image\/jpeg"}],"twitter_card":"summary_large_image","twitter_misc":{"Estimated reading time":"1 minute"},"schema":{"@context":"https:\/\/schema.org","@graph":[{"@type":"WebPage","@id":"https:\/\/inmondo.pl\/sklep\/elementy\/lampa-litera-maxi-o\/","url":"https:\/\/inmondo.pl\/sklep\/elementy\/lampa-litera-maxi-o\/","name":"MAXI (\"O\") letter lamp - Inmondo","isPartOf":{"@id":"https:\/\/inmondo.pl\/#website"},"primaryImageOfPage":{"@id":"https:\/\/inmondo.pl\/sklep\/elementy\/lampa-litera-maxi-o\/#primaryimage"},"image":{"@id":"https:\/\/inmondo.pl\/sklep\/elementy\/lampa-litera-maxi-o\/#primaryimage"},"thumbnailUrl":"https:\/\/inmondo.pl\/wp-content\/uploads\/2020\/10\/LETTER-BIG-scaled-e1602673719979.jpg","datePublished":"2023-09-19T11:35:12+00:00","dateModified":"2023-12-01T13:35:53+00:00","breadcrumb":{"@id":"https:\/\/inmondo.pl\/sklep\/elementy\/lampa-litera-maxi-o\/#breadcrumb"},"inLanguage":"en-GB","potentialAction":[{"@type":"ReadAction","target":["https:\/\/inmondo.pl\/sklep\/elementy\/lampa-litera-maxi-o\/"]}]},{"@type":"ImageObject","inLanguage":"en-GB","@id":"https:\/\/inmondo.pl\/sklep\/elementy\/lampa-litera-maxi-o\/#primaryimage","url":"https:\/\/inmondo.pl\/wp-content\/uploads\/2020\/10\/LETTER-BIG-scaled-e1602673719979.jpg","contentUrl":"https:\/\/inmondo.pl\/wp-content\/uploads\/2020\/10\/LETTER-BIG-scaled-e1602673719979.jpg","width":1708,"height":1707},{"@type":"BreadcrumbList","@id":"https:\/\/inmondo.pl\/sklep\/elementy\/lampa-litera-maxi-o\/#breadcrumb","itemListElement":[{"@type":"ListItem","position":1,"name":"Strona g\u0142\u00f3wna","item":"https:\/\/inmondo.pl\/"},{"@type":"ListItem","position":2,"name":"Oferta Inmondo: spe\u0142niamy marzenia i wymagania","item":"https:\/\/inmondo.pl\/sklep\/"},{"@type":"ListItem","position":3,"name":"Elementy","item":"https:\/\/inmondo.pl\/sklep\/elementy\/"},{"@type":"ListItem","position":4,"name":"Lampa Litera MAXI (&#8222;O&#8221;)"}]},{"@type":"WebSite","@id":"https:\/\/inmondo.pl\/#website","url":"https:\/\/inmondo.pl\/","name":"Inmondo","description":"","potentialAction":[{"@type":"SearchAction","target":{"@type":"EntryPoint","urlTemplate":"https:\/\/inmondo.pl\/?s={search_term_string}"},"query-input":{"@type":"PropertyValueSpecification","valueRequired":true,"valueName":"search_term_string"}}],"inLanguage":"en-GB"}]}},"wcpa_form_fields":null,"_links":{"self":[{"href":"https:\/\/inmondo.pl\/en\/wp-json\/wp\/v2\/product\/7392","targetHints":{"allow":["GET"]}}],"collection":[{"href":"https:\/\/inmondo.pl\/en\/wp-json\/wp\/v2\/product"}],"about":[{"href":"https:\/\/inmondo.pl\/en\/wp-json\/wp\/v2\/types\/product"}],"replies":[{"embeddable":true,"href":"https:\/\/inmondo.pl\/en\/wp-json\/wp\/v2\/comments?post=7392"}],"wp:featuredmedia":[{"embeddable":true,"href":"https:\/\/inmondo.pl\/en\/wp-json\/wp\/v2\/media\/2447"}],"wp:attachment":[{"href":"https:\/\/inmondo.pl\/en\/wp-json\/wp\/v2\/media?parent=7392"}],"wp:term":[{"taxonomy":"product_brand","embeddable":true,"href":"https:\/\/inmondo.pl\/en\/wp-json\/wp\/v2\/product_brand?post=7392"},{"taxonomy":"product_cat","embeddable":true,"href":"https:\/\/inmondo.pl\/en\/wp-json\/wp\/v2\/product_cat?post=7392"},{"taxonomy":"product_tag","embeddable":true,"href":"https:\/\/inmondo.pl\/en\/wp-json\/wp\/v2\/product_tag?post=7392"}],"curies":[{"name":"wp","href":"https:\/\/api.w.org\/{rel}","templated":true}]}}