{"id":6978,"date":"2023-07-28T11:14:18","date_gmt":"2023-07-28T09:14:18","guid":{"rendered":"https:\/\/inmondo.pl\/?post_type=product&#038;p=6978"},"modified":"2023-08-02T08:31:30","modified_gmt":"2023-08-02T06:31:30","slug":"poduszka-dekoracyjna-lniana","status":"publish","type":"product","link":"https:\/\/inmondo.pl\/en\/sklep\/kolekcje\/dodatki\/poduszka-dekoracyjna-lniana\/","title":{"rendered":"Decorative pillow - linen"},"content":{"rendered":"<p>poduszka dekoracyjna gwiazdka<\/p>","protected":false},"excerpt":{"rendered":"<p>Linen star available in 3 sizes<\/p>\n<p>&nbsp;<\/p>\n<p>Material : 100% Linen<\/p>\n<p>&nbsp;<\/p>\n<p>Lead time - 7 days<\/p>","protected":false},"featured_media":7104,"comment_status":"open","ping_status":"closed","template":"","meta":{"_acf_changed":false},"product_brand":[],"product_cat":[50],"product_tag":[],"class_list":{"0":"post-6978","1":"product","2":"type-product","3":"status-publish","4":"has-post-thumbnail","6":"product_cat-dodatki","8":"first","9":"onbackorder","10":"taxable","11":"shipping-taxable","12":"purchasable","13":"product-type-variable"},"acf":{"sections_woocommerce":[{"acf_fc_layout":"section_woocommerce_text_image","is_active":true,"anchor":"","text_align":"textAlign--left","grid_width":"main","wysiwyg":"<p>Lniana gwiazdka dost\u0119pna w\u00a03 rozmiarach<\/p>\n<p>Surowe, strz\u0119piaste wyko\u0144czenie.<\/p>\n<p>Hipoalergiczne wype\u0142nienie silikonowe<\/p>\n<p>&nbsp;<\/p>\n<p>&nbsp;<\/p>\n<p>Rozmiary<\/p>\n<p>Du\u017ca 42 cm<\/p>\n<p>\u015arednia\u00a037 cm<\/p>\n<p>Ma\u0142a 32 cm<\/p>\n<p>&nbsp;<\/p>\n<p>Len to idealna tkanina dla\u00a0wszystkich , zar\u00f3wno dla\u00a0doros\u0142ych jak i\u00a0dla dzieci od pierwszego dnia \u017cycia.<\/p>\n<p>Posiada w\u0142a\u015bciwo\u015bci hipoalergiczne<\/p>\n<p>Len jest tkanin\u0105 termoregulacyjn\u0105 dzi\u0119ki czemu jest odpowiednia dla\u00a0cia\u0142a zar\u00f3wno latem jak i\u00a0w zimie.<\/p>\n<p>&nbsp;<\/p>\n<p>Bardzo szybko odprowadza wilgo\u0107. D\u0142ugo utrzymuje \u015bwie\u017co\u015b\u0107.<\/p>\n<p>100\u00a0% Natury\u00a0\ud83d\ude42<\/p>\n","image":"https:\/\/inmondo.pl\/wp-content\/uploads\/2023\/07\/lniana-poduszka-gwiazdka-petrol.jpg"}],"wymiary":"Du\u017ca 43 cm<br \/>\r\n<br \/>\r\n\u015arednia 38 cm<br \/>\r\n<br \/>\r\nMa\u0142a 32 cm","materialy":"100% Len"},"yoast_head":"<!-- This site is optimized with the Yoast SEO plugin v27.3 - https:\/\/yoast.com\/product\/yoast-seo-wordpress\/ -->\n<title>Poduszka dekoracyjna - lniana - Inmondo<\/title>\n<meta name=\"description\" content=\"Poduszka dekoracyjna w 3 rozmiarach to idealny spos\u00f3b na udekorowanie pokoju Twojego dziecka. Wykonana z naturalnych materia\u0142\u00f3w.\" \/>\n<meta name=\"robots\" content=\"index, follow, max-snippet:-1, max-image-preview:large, max-video-preview:-1\" \/>\n<link rel=\"canonical\" href=\"http:\/\/inmondo.pl\/en\/sklep\/kolekcje\/dodatki\/poduszka-dekoracyjna-lniana\/\" \/>\n<meta property=\"og:locale\" content=\"en_GB\" \/>\n<meta property=\"og:type\" content=\"article\" \/>\n<meta property=\"og:title\" content=\"Poduszka dekoracyjna - lniana - Inmondo\" \/>\n<meta property=\"og:description\" content=\"Poduszka dekoracyjna w 3 rozmiarach to idealny spos\u00f3b na udekorowanie pokoju Twojego dziecka. Wykonana z naturalnych materia\u0142\u00f3w.\" \/>\n<meta property=\"og:url\" content=\"http:\/\/inmondo.pl\/en\/sklep\/kolekcje\/dodatki\/poduszka-dekoracyjna-lniana\/\" \/>\n<meta property=\"og:site_name\" content=\"Inmondo\" \/>\n<meta property=\"article:modified_time\" content=\"2023-08-02T06:31:30+00:00\" \/>\n<meta property=\"og:image\" content=\"http:\/\/inmondo.pl\/wp-content\/uploads\/2023\/07\/lniana-poduszka-gwiazdka-ciemny-antyczny-roz-1.jpg\" \/>\n\t<meta property=\"og:image:width\" content=\"1000\" \/>\n\t<meta property=\"og:image:height\" content=\"1125\" \/>\n\t<meta property=\"og:image:type\" content=\"image\/jpeg\" \/>\n<meta name=\"twitter:card\" content=\"summary_large_image\" \/>\n<meta name=\"twitter:label1\" content=\"Estimated reading time\" \/>\n\t<meta name=\"twitter:data1\" content=\"1 minute\" \/>\n<script type=\"application\/ld+json\" class=\"yoast-schema-graph\">{\"@context\":\"https:\\\/\\\/schema.org\",\"@graph\":[{\"@type\":\"WebPage\",\"@id\":\"http:\\\/\\\/inmondo.pl\\\/sklep\\\/kolekcje\\\/dodatki\\\/poduszka-dekoracyjna-lniana\\\/\",\"url\":\"http:\\\/\\\/inmondo.pl\\\/sklep\\\/kolekcje\\\/dodatki\\\/poduszka-dekoracyjna-lniana\\\/\",\"name\":\"Poduszka dekoracyjna - lniana - Inmondo\",\"isPartOf\":{\"@id\":\"https:\\\/\\\/inmondo.pl\\\/#website\"},\"primaryImageOfPage\":{\"@id\":\"http:\\\/\\\/inmondo.pl\\\/sklep\\\/kolekcje\\\/dodatki\\\/poduszka-dekoracyjna-lniana\\\/#primaryimage\"},\"image\":{\"@id\":\"http:\\\/\\\/inmondo.pl\\\/sklep\\\/kolekcje\\\/dodatki\\\/poduszka-dekoracyjna-lniana\\\/#primaryimage\"},\"thumbnailUrl\":\"https:\\\/\\\/inmondo.pl\\\/wp-content\\\/uploads\\\/2023\\\/07\\\/lniana-poduszka-gwiazdka-ciemny-antyczny-roz-1.jpg\",\"datePublished\":\"2023-07-28T09:14:18+00:00\",\"dateModified\":\"2023-08-02T06:31:30+00:00\",\"description\":\"Poduszka dekoracyjna w 3 rozmiarach to idealny spos\u00f3b na udekorowanie pokoju Twojego dziecka. Wykonana z naturalnych materia\u0142\u00f3w.\",\"breadcrumb\":{\"@id\":\"http:\\\/\\\/inmondo.pl\\\/sklep\\\/kolekcje\\\/dodatki\\\/poduszka-dekoracyjna-lniana\\\/#breadcrumb\"},\"inLanguage\":\"en-GB\",\"potentialAction\":[{\"@type\":\"ReadAction\",\"target\":[\"http:\\\/\\\/inmondo.pl\\\/sklep\\\/kolekcje\\\/dodatki\\\/poduszka-dekoracyjna-lniana\\\/\"]}]},{\"@type\":\"ImageObject\",\"inLanguage\":\"en-GB\",\"@id\":\"http:\\\/\\\/inmondo.pl\\\/sklep\\\/kolekcje\\\/dodatki\\\/poduszka-dekoracyjna-lniana\\\/#primaryimage\",\"url\":\"https:\\\/\\\/inmondo.pl\\\/wp-content\\\/uploads\\\/2023\\\/07\\\/lniana-poduszka-gwiazdka-ciemny-antyczny-roz-1.jpg\",\"contentUrl\":\"https:\\\/\\\/inmondo.pl\\\/wp-content\\\/uploads\\\/2023\\\/07\\\/lniana-poduszka-gwiazdka-ciemny-antyczny-roz-1.jpg\",\"width\":1000,\"height\":1125},{\"@type\":\"BreadcrumbList\",\"@id\":\"http:\\\/\\\/inmondo.pl\\\/sklep\\\/kolekcje\\\/dodatki\\\/poduszka-dekoracyjna-lniana\\\/#breadcrumb\",\"itemListElement\":[{\"@type\":\"ListItem\",\"position\":1,\"name\":\"Strona g\u0142\u00f3wna\",\"item\":\"https:\\\/\\\/inmondo.pl\\\/\"},{\"@type\":\"ListItem\",\"position\":2,\"name\":\"Oferta Inmondo: spe\u0142niamy marzenia i wymagania\",\"item\":\"https:\\\/\\\/inmondo.pl\\\/sklep\\\/\"},{\"@type\":\"ListItem\",\"position\":3,\"name\":\"kolekcje\",\"item\":\"https:\\\/\\\/inmondo.pl\\\/de\\\/sklep\\\/kolekcje\\\/\"},{\"@type\":\"ListItem\",\"position\":4,\"name\":\"Dodatki\",\"item\":\"https:\\\/\\\/inmondo.pl\\\/de\\\/sklep\\\/kolekcje\\\/additive\\\/\"},{\"@type\":\"ListItem\",\"position\":5,\"name\":\"Poduszka dekoracyjna &#8211; lniana\"}]},{\"@type\":\"WebSite\",\"@id\":\"https:\\\/\\\/inmondo.pl\\\/#website\",\"url\":\"https:\\\/\\\/inmondo.pl\\\/\",\"name\":\"Inmondo\",\"description\":\"\",\"potentialAction\":[{\"@type\":\"SearchAction\",\"target\":{\"@type\":\"EntryPoint\",\"urlTemplate\":\"https:\\\/\\\/inmondo.pl\\\/?s={search_term_string}\"},\"query-input\":{\"@type\":\"PropertyValueSpecification\",\"valueRequired\":true,\"valueName\":\"search_term_string\"}}],\"inLanguage\":\"en-GB\"}]}<\/script>\n<!-- \/ Yoast SEO plugin. -->","yoast_head_json":{"title":"Decorative pillow - linen - Inmondo","description":"The decorative cushion in 3 sizes is the perfect way to decorate your child's room. Made from natural materials.","robots":{"index":"index","follow":"follow","max-snippet":"max-snippet:-1","max-image-preview":"max-image-preview:large","max-video-preview":"max-video-preview:-1"},"canonical":"http:\/\/inmondo.pl\/en\/sklep\/kolekcje\/dodatki\/poduszka-dekoracyjna-lniana\/","og_locale":"en_GB","og_type":"article","og_title":"Poduszka dekoracyjna - lniana - Inmondo","og_description":"Poduszka dekoracyjna w 3 rozmiarach to idealny spos\u00f3b na udekorowanie pokoju Twojego dziecka. Wykonana z naturalnych materia\u0142\u00f3w.","og_url":"http:\/\/inmondo.pl\/en\/sklep\/kolekcje\/dodatki\/poduszka-dekoracyjna-lniana\/","og_site_name":"Inmondo","article_modified_time":"2023-08-02T06:31:30+00:00","og_image":[{"width":1000,"height":1125,"url":"http:\/\/inmondo.pl\/wp-content\/uploads\/2023\/07\/lniana-poduszka-gwiazdka-ciemny-antyczny-roz-1.jpg","type":"image\/jpeg"}],"twitter_card":"summary_large_image","twitter_misc":{"Estimated reading time":"1 minute"},"schema":{"@context":"https:\/\/schema.org","@graph":[{"@type":"WebPage","@id":"http:\/\/inmondo.pl\/sklep\/kolekcje\/dodatki\/poduszka-dekoracyjna-lniana\/","url":"http:\/\/inmondo.pl\/sklep\/kolekcje\/dodatki\/poduszka-dekoracyjna-lniana\/","name":"Decorative pillow - linen - Inmondo","isPartOf":{"@id":"https:\/\/inmondo.pl\/#website"},"primaryImageOfPage":{"@id":"http:\/\/inmondo.pl\/sklep\/kolekcje\/dodatki\/poduszka-dekoracyjna-lniana\/#primaryimage"},"image":{"@id":"http:\/\/inmondo.pl\/sklep\/kolekcje\/dodatki\/poduszka-dekoracyjna-lniana\/#primaryimage"},"thumbnailUrl":"https:\/\/inmondo.pl\/wp-content\/uploads\/2023\/07\/lniana-poduszka-gwiazdka-ciemny-antyczny-roz-1.jpg","datePublished":"2023-07-28T09:14:18+00:00","dateModified":"2023-08-02T06:31:30+00:00","description":"The decorative cushion in 3 sizes is the perfect way to decorate your child's room. Made from natural materials.","breadcrumb":{"@id":"http:\/\/inmondo.pl\/sklep\/kolekcje\/dodatki\/poduszka-dekoracyjna-lniana\/#breadcrumb"},"inLanguage":"en-GB","potentialAction":[{"@type":"ReadAction","target":["http:\/\/inmondo.pl\/sklep\/kolekcje\/dodatki\/poduszka-dekoracyjna-lniana\/"]}]},{"@type":"ImageObject","inLanguage":"en-GB","@id":"http:\/\/inmondo.pl\/sklep\/kolekcje\/dodatki\/poduszka-dekoracyjna-lniana\/#primaryimage","url":"https:\/\/inmondo.pl\/wp-content\/uploads\/2023\/07\/lniana-poduszka-gwiazdka-ciemny-antyczny-roz-1.jpg","contentUrl":"https:\/\/inmondo.pl\/wp-content\/uploads\/2023\/07\/lniana-poduszka-gwiazdka-ciemny-antyczny-roz-1.jpg","width":1000,"height":1125},{"@type":"BreadcrumbList","@id":"http:\/\/inmondo.pl\/sklep\/kolekcje\/dodatki\/poduszka-dekoracyjna-lniana\/#breadcrumb","itemListElement":[{"@type":"ListItem","position":1,"name":"Strona g\u0142\u00f3wna","item":"https:\/\/inmondo.pl\/"},{"@type":"ListItem","position":2,"name":"Oferta Inmondo: spe\u0142niamy marzenia i wymagania","item":"https:\/\/inmondo.pl\/sklep\/"},{"@type":"ListItem","position":3,"name":"kolekcje","item":"https:\/\/inmondo.pl\/de\/sklep\/kolekcje\/"},{"@type":"ListItem","position":4,"name":"Dodatki","item":"https:\/\/inmondo.pl\/de\/sklep\/kolekcje\/additive\/"},{"@type":"ListItem","position":5,"name":"Poduszka dekoracyjna &#8211; lniana"}]},{"@type":"WebSite","@id":"https:\/\/inmondo.pl\/#website","url":"https:\/\/inmondo.pl\/","name":"Inmondo","description":"","potentialAction":[{"@type":"SearchAction","target":{"@type":"EntryPoint","urlTemplate":"https:\/\/inmondo.pl\/?s={search_term_string}"},"query-input":{"@type":"PropertyValueSpecification","valueRequired":true,"valueName":"search_term_string"}}],"inLanguage":"en-GB"}]}},"wcpa_form_fields":null,"_links":{"self":[{"href":"https:\/\/inmondo.pl\/en\/wp-json\/wp\/v2\/product\/6978","targetHints":{"allow":["GET"]}}],"collection":[{"href":"https:\/\/inmondo.pl\/en\/wp-json\/wp\/v2\/product"}],"about":[{"href":"https:\/\/inmondo.pl\/en\/wp-json\/wp\/v2\/types\/product"}],"replies":[{"embeddable":true,"href":"https:\/\/inmondo.pl\/en\/wp-json\/wp\/v2\/comments?post=6978"}],"wp:featuredmedia":[{"embeddable":true,"href":"https:\/\/inmondo.pl\/en\/wp-json\/wp\/v2\/media\/7104"}],"wp:attachment":[{"href":"https:\/\/inmondo.pl\/en\/wp-json\/wp\/v2\/media?parent=6978"}],"wp:term":[{"taxonomy":"product_brand","embeddable":true,"href":"https:\/\/inmondo.pl\/en\/wp-json\/wp\/v2\/product_brand?post=6978"},{"taxonomy":"product_cat","embeddable":true,"href":"https:\/\/inmondo.pl\/en\/wp-json\/wp\/v2\/product_cat?post=6978"},{"taxonomy":"product_tag","embeddable":true,"href":"https:\/\/inmondo.pl\/en\/wp-json\/wp\/v2\/product_tag?post=6978"}],"curies":[{"name":"wp","href":"https:\/\/api.w.org\/{rel}","templated":true}]}}