{"id":4972,"date":"2023-01-23T14:21:35","date_gmt":"2023-01-23T13:21:35","guid":{"rendered":"https:\/\/inmondo.pl\/?post_type=product&#038;p=4972"},"modified":"2024-06-18T14:30:54","modified_gmt":"2024-06-18T12:30:54","slug":"nooi-szafa-wysoka-3d2s","status":"publish","type":"product","link":"https:\/\/inmondo.pl\/en\/sklep\/kolekcje\/nooi\/nooi-szafa-wysoka-3d2s\/","title":{"rendered":"Nooi - Tall Wardrobe 3d2s"},"content":{"rendered":"","protected":false},"excerpt":{"rendered":"<p>There should be room for a roomy wardrobe in every child's room, regardless of the age of the child.<\/p>\n<p>&nbsp;<\/p>\n<p>&nbsp;<\/p>\n<p>This simple piece of furniture will make all non-decorative furnishings disappear from view while remaining easily accessible.<\/p>\n<p>&nbsp;<\/p>\n<p>&nbsp;<\/p>\n<p>Instead of items and clothes scattered on the floor or piled on open shelves, you will have a well-organised storage space with handy shelves, space for hangers and an additional drawer. When choosing the size of a wardrobe for a child's room, it is worth focusing on the child's actual needs.<\/p>\n<p>&nbsp;<\/p>","protected":false},"featured_media":6446,"comment_status":"open","ping_status":"closed","template":"","meta":{"_acf_changed":false},"product_brand":[],"product_cat":[98],"product_tag":[],"class_list":{"0":"post-4972","1":"product","2":"type-product","3":"status-publish","4":"has-post-thumbnail","6":"product_cat-nooi","8":"first","9":"onbackorder","10":"taxable","11":"shipping-taxable","12":"purchasable","13":"product-type-variable","14":"has-default-attributes"},"acf":{"sections_woocommerce":[{"acf_fc_layout":"section_menu","is_active":true,"repeater":[{"text":"Opis","link":"#opis"},{"text":"Kolekcja","link":"#kolekcja"},{"text":"lookbook","link":"#lookbook"},{"text":"opinie","link":"#opinie"},{"text":"inne z&nbsp;kolekcji","link":"#innezkolekcji"}]},{"acf_fc_layout":"section_woocommerce_text_image","is_active":true,"anchor":"#opis","text_align":"textAlign--right","grid_width":"main","wysiwyg":"<h1>Szafa wysoka &#8211; Wszystko do\u00a0przechowywania w\u00a0jednym miejscu.<\/h1>\n<p>&nbsp;<\/p>\n<p>Miejsce dla\u00a0pojemnej szafy powinno znale\u017a\u0107 si\u0119 w\u00a0ka\u017cdym dzieci\u0119cym pokoju, niezale\u017cnie od wieku pociechy.<\/p>\n<p>Ten prosty mebel sprawi, \u017ce\u00a0wszystkie elementy wyposa\u017cenia, kt\u00f3re nie pe\u0142ni\u0105 funkcji dekoracyjnej, znikn\u0105 z\u00a0widoku, pozostaj\u0105c jednocze\u015bnie \u0142atwo dost\u0119pne.<\/p>\n<p>Zamiast porozrzucanych po\u00a0pod\u0142odze czy\u00a0poupychanych na\u00a0otwartych p\u00f3\u0142kach przedmiot\u00f3w i\u00a0ubra\u0144, zyskamy \u015bwietnie zorganizowany schowek z\u00a0por\u0119cznymi p\u00f3\u0142kami, miejscem na\u00a0wieszaki i\u00a0dodatkow\u0105 szuflad\u0105. Wybieraj\u0105c rozmiar szafy do\u00a0pokoju dziecka, warto skupi\u0107 si\u0119 na\u00a0jego rzeczywistych potrzebach.<\/p>\n<p>&nbsp;<\/p>\n<p>Ni\u017cszy model to dobry wyb\u00f3r do\u00a0pokoju kilkulatka, poniewa\u017c\u00a0pozwoli na\u00a0bezpieczne si\u0119ganie do\u00a0wszystkich p\u00f3\u0142ek z\u00a0poziomu pod\u0142ogi.<\/p>\n<p>W\u00a0ma\u0142ych pomieszczeniach, gdzie na\u00a0niewielkiej przestrzeni konieczne jest zmieszczenie jak najwi\u0119kszej ilo\u015bci rzeczy, lepiej sprawdzi si\u0119 jednak\u00a0wy\u017csza szafa.<\/p>\n<p>Nasza szafa z\u00a0kolekcji Nooi b\u0119dzie idealnym uzupe\u0142nieniem pokoju dziecka. Mo\u017cliwo\u015b\u0107 rozbudowania jej o\u00a0pojemn\u0105 nadstawk\u0119, sprawia \u017ce\u00a0jest meblem uniwersalnym. Z\u00a0pewno\u015bci\u0105 pomie\u015bci wszystkie ubrania, niezale\u017cnie od pory roku.<\/p>\n","image":"https:\/\/inmondo.pl\/wp-content\/uploads\/2022\/12\/Screenshot-2022-11-10-at-15.10.09.png"},{"acf_fc_layout":"section_woocommerce_text_image","is_active":true,"anchor":"#kolekcja","text_align":"textAlign--left","grid_width":"main","wysiwyg":"<h1>Nooi &#8211; kolekcja mebli dzieci\u0119cych<\/h1>\n<p>Dzieci i\u00a0ich potrzeby nieustannie si\u0119 zmieniaj\u0105. Staramy si\u0119 by\u0107 ca\u0142y czas na\u00a0bie\u017c\u0105co, wdra\u017ca\u0107 nowe pomys\u0142y, szuka\u0107 nowych inspiracji.<\/p>\n<p>Taka w\u0142a\u015bnie jest kolekcja Nooi<strong>.<\/strong>\u2013 dzi\u0119ki niej sami zdecydujecie, jak b\u0119dzie wygl\u0105da\u0142a Wasza przestrze\u0144<\/p>\n<p>Kolekcja modu\u0142owa to nasze zaproszenie dla\u00a0rodzic\u00f3w z\u00a0dzie\u0107mi do\u00a0podejmowania wsp\u00f3lnych decyzji co do\u00a0aran\u017cacji dzieci\u0119cego pokoju.<\/p>\n<p>Wybierajcie z\u00a0wielu element\u00f3w kolekcji, po\u0142\u0105czcie je z\u00a0wyj\u0105tkowymi kolorami front\u00f3w, i\u00a0tak oto powstanie Wasz unikalny projekt!<\/p>\n<p>Kolory front\u00f3w, mo\u017cecie \u0142\u0105czy\u0107 dowolnie, ogranicza Was wy\u0142\u0105cznie wyobra\u017ania!<\/p>\n","image":"https:\/\/inmondo.pl\/wp-content\/uploads\/2022\/12\/2022_09_INMONDO_GROW_ARANZACJE_-24942.jpg"},{"acf_fc_layout":"section_woocommerce_lookbook","is_active":true,"anchor":"#lookbook","header":"","repeater":[{"shortcode":"[woocommerce_lookbook id=\"4957\"]"},{"shortcode":"[woocommerce_lookbook id=\"4960\"]"},{"shortcode":"[woocommerce_lookbook id=\"4958\"]"}]},{"acf_fc_layout":"section_woocommerce_opinions","is_active":true,"anchor":"#opinie"},{"acf_fc_layout":"section_woocommerce_otherFromCategory","is_active":true,"anchor":"#innezkolekcji"}],"wymiary":"d\u0142ugo\u015b\u0107: 118,5<br \/>\r\ng\u0142\u0119boko\u015b\u0107: 53<br \/>\r\nwysoko\u015b\u0107 bez nadstawki: 180 cm<br \/>\r\nwysoko\u015b\u0107 z&nbsp;nadstawk\u0105: 220 cm","materialy":"Korpusy: - MDF <br \/>\r\nFronty: - MDF<br \/>\r\nP\u00f3\u0142ki: - MDF <br \/>\r\nPrzegrody: - MDF <br \/>\r\n\u015aciana tylna: HDF <br \/>\r\nNogi: - d\u0105b lity <br \/>\r\nLakiery wodne i&nbsp;UV<br \/>\r\n"},"yoast_head":"<!-- This site is optimized with the Yoast SEO plugin v27.3 - https:\/\/yoast.com\/product\/yoast-seo-wordpress\/ -->\n<title>Nooi - Szafa Wysoka 3d2s - Inmondo<\/title>\n<meta name=\"description\" content=\"Miejsce dla\u00a0pojemnej szafy powinno znale\u017a\u0107 si\u0119 w\u00a0ka\u017cdym dzieci\u0119cym pokoju, niezale\u017cnie od wieku pociechy. Taka w\u0142a\u015bnie jest Szafa wysoka Nooi.\" \/>\n<meta name=\"robots\" content=\"index, follow, max-snippet:-1, max-image-preview:large, max-video-preview:-1\" \/>\n<link rel=\"canonical\" href=\"https:\/\/inmondo.pl\/en\/sklep\/kolekcje\/nooi\/nooi-szafa-wysoka-3d2s\/\" \/>\n<meta property=\"og:locale\" content=\"en_GB\" \/>\n<meta property=\"og:type\" content=\"article\" \/>\n<meta property=\"og:title\" content=\"Nooi - Szafa Wysoka 3d2s - Inmondo\" \/>\n<meta property=\"og:description\" content=\"Miejsce dla\u00a0pojemnej szafy powinno znale\u017a\u0107 si\u0119 w\u00a0ka\u017cdym dzieci\u0119cym pokoju, niezale\u017cnie od wieku pociechy. Taka w\u0142a\u015bnie jest Szafa wysoka Nooi.\" \/>\n<meta property=\"og:url\" content=\"https:\/\/inmondo.pl\/en\/sklep\/kolekcje\/nooi\/nooi-szafa-wysoka-3d2s\/\" \/>\n<meta property=\"og:site_name\" content=\"Inmondo\" \/>\n<meta property=\"article:modified_time\" content=\"2024-06-18T12:30:54+00:00\" \/>\n<meta property=\"og:image\" content=\"http:\/\/inmondo.pl\/wp-content\/uploads\/2022\/12\/2022_12_MATKOWSKI_PACKSHOTY_1715.jpg\" \/>\n\t<meta property=\"og:image:width\" content=\"1920\" \/>\n\t<meta property=\"og:image:height\" content=\"1381\" \/>\n\t<meta property=\"og:image:type\" content=\"image\/jpeg\" \/>\n<meta name=\"twitter:card\" content=\"summary_large_image\" \/>\n<meta name=\"twitter:label1\" content=\"Estimated reading time\" \/>\n\t<meta name=\"twitter:data1\" content=\"3 minutes\" \/>\n<script type=\"application\/ld+json\" class=\"yoast-schema-graph\">{\"@context\":\"https:\\\/\\\/schema.org\",\"@graph\":[{\"@type\":\"WebPage\",\"@id\":\"https:\\\/\\\/inmondo.pl\\\/sklep\\\/kolekcje\\\/nooi\\\/nooi-szafa-wysoka-3d2s\\\/\",\"url\":\"https:\\\/\\\/inmondo.pl\\\/sklep\\\/kolekcje\\\/nooi\\\/nooi-szafa-wysoka-3d2s\\\/\",\"name\":\"Nooi - Szafa Wysoka 3d2s - Inmondo\",\"isPartOf\":{\"@id\":\"https:\\\/\\\/inmondo.pl\\\/#website\"},\"primaryImageOfPage\":{\"@id\":\"https:\\\/\\\/inmondo.pl\\\/sklep\\\/kolekcje\\\/nooi\\\/nooi-szafa-wysoka-3d2s\\\/#primaryimage\"},\"image\":{\"@id\":\"https:\\\/\\\/inmondo.pl\\\/sklep\\\/kolekcje\\\/nooi\\\/nooi-szafa-wysoka-3d2s\\\/#primaryimage\"},\"thumbnailUrl\":\"https:\\\/\\\/inmondo.pl\\\/wp-content\\\/uploads\\\/2022\\\/12\\\/2022_12_MATKOWSKI_PACKSHOTY_1715.jpg\",\"datePublished\":\"2023-01-23T13:21:35+00:00\",\"dateModified\":\"2024-06-18T12:30:54+00:00\",\"description\":\"Miejsce dla\u00a0pojemnej szafy powinno znale\u017a\u0107 si\u0119 w\u00a0ka\u017cdym dzieci\u0119cym pokoju, niezale\u017cnie od wieku pociechy. Taka w\u0142a\u015bnie jest Szafa wysoka Nooi.\",\"breadcrumb\":{\"@id\":\"https:\\\/\\\/inmondo.pl\\\/sklep\\\/kolekcje\\\/nooi\\\/nooi-szafa-wysoka-3d2s\\\/#breadcrumb\"},\"inLanguage\":\"en-GB\",\"potentialAction\":[{\"@type\":\"ReadAction\",\"target\":[\"https:\\\/\\\/inmondo.pl\\\/sklep\\\/kolekcje\\\/nooi\\\/nooi-szafa-wysoka-3d2s\\\/\"]}]},{\"@type\":\"ImageObject\",\"inLanguage\":\"en-GB\",\"@id\":\"https:\\\/\\\/inmondo.pl\\\/sklep\\\/kolekcje\\\/nooi\\\/nooi-szafa-wysoka-3d2s\\\/#primaryimage\",\"url\":\"https:\\\/\\\/inmondo.pl\\\/wp-content\\\/uploads\\\/2022\\\/12\\\/2022_12_MATKOWSKI_PACKSHOTY_1715.jpg\",\"contentUrl\":\"https:\\\/\\\/inmondo.pl\\\/wp-content\\\/uploads\\\/2022\\\/12\\\/2022_12_MATKOWSKI_PACKSHOTY_1715.jpg\",\"width\":1920,\"height\":1381},{\"@type\":\"BreadcrumbList\",\"@id\":\"https:\\\/\\\/inmondo.pl\\\/sklep\\\/kolekcje\\\/nooi\\\/nooi-szafa-wysoka-3d2s\\\/#breadcrumb\",\"itemListElement\":[{\"@type\":\"ListItem\",\"position\":1,\"name\":\"Strona g\u0142\u00f3wna\",\"item\":\"https:\\\/\\\/inmondo.pl\\\/\"},{\"@type\":\"ListItem\",\"position\":2,\"name\":\"Oferta Inmondo: spe\u0142niamy marzenia i wymagania\",\"item\":\"https:\\\/\\\/inmondo.pl\\\/sklep\\\/\"},{\"@type\":\"ListItem\",\"position\":3,\"name\":\"kolekcje\",\"item\":\"https:\\\/\\\/inmondo.pl\\\/de\\\/sklep\\\/kolekcje\\\/\"},{\"@type\":\"ListItem\",\"position\":4,\"name\":\"Nooi\",\"item\":\"https:\\\/\\\/inmondo.pl\\\/sklep\\\/kolekcje\\\/nooi\\\/\"},{\"@type\":\"ListItem\",\"position\":5,\"name\":\"Nooi &#8211; Szafa Wysoka 3d2s\"}]},{\"@type\":\"WebSite\",\"@id\":\"https:\\\/\\\/inmondo.pl\\\/#website\",\"url\":\"https:\\\/\\\/inmondo.pl\\\/\",\"name\":\"Inmondo\",\"description\":\"\",\"potentialAction\":[{\"@type\":\"SearchAction\",\"target\":{\"@type\":\"EntryPoint\",\"urlTemplate\":\"https:\\\/\\\/inmondo.pl\\\/?s={search_term_string}\"},\"query-input\":{\"@type\":\"PropertyValueSpecification\",\"valueRequired\":true,\"valueName\":\"search_term_string\"}}],\"inLanguage\":\"en-GB\"}]}<\/script>\n<!-- \/ Yoast SEO plugin. -->","yoast_head_json":{"title":"Nooi - Tall Wardrobe 3d2s - Inmondo","description":"A place for a capacious wardrobe should be found in every child's room, regardless of the age of the child. This is exactly what the Nooi High Wardrobe is.","robots":{"index":"index","follow":"follow","max-snippet":"max-snippet:-1","max-image-preview":"max-image-preview:large","max-video-preview":"max-video-preview:-1"},"canonical":"https:\/\/inmondo.pl\/en\/sklep\/kolekcje\/nooi\/nooi-szafa-wysoka-3d2s\/","og_locale":"en_GB","og_type":"article","og_title":"Nooi - Szafa Wysoka 3d2s - Inmondo","og_description":"Miejsce dla\u00a0pojemnej szafy powinno znale\u017a\u0107 si\u0119 w\u00a0ka\u017cdym dzieci\u0119cym pokoju, niezale\u017cnie od wieku pociechy. Taka w\u0142a\u015bnie jest Szafa wysoka Nooi.","og_url":"https:\/\/inmondo.pl\/en\/sklep\/kolekcje\/nooi\/nooi-szafa-wysoka-3d2s\/","og_site_name":"Inmondo","article_modified_time":"2024-06-18T12:30:54+00:00","og_image":[{"width":1920,"height":1381,"url":"http:\/\/inmondo.pl\/wp-content\/uploads\/2022\/12\/2022_12_MATKOWSKI_PACKSHOTY_1715.jpg","type":"image\/jpeg"}],"twitter_card":"summary_large_image","twitter_misc":{"Estimated reading time":"3 minutes"},"schema":{"@context":"https:\/\/schema.org","@graph":[{"@type":"WebPage","@id":"https:\/\/inmondo.pl\/sklep\/kolekcje\/nooi\/nooi-szafa-wysoka-3d2s\/","url":"https:\/\/inmondo.pl\/sklep\/kolekcje\/nooi\/nooi-szafa-wysoka-3d2s\/","name":"Nooi - Tall Wardrobe 3d2s - Inmondo","isPartOf":{"@id":"https:\/\/inmondo.pl\/#website"},"primaryImageOfPage":{"@id":"https:\/\/inmondo.pl\/sklep\/kolekcje\/nooi\/nooi-szafa-wysoka-3d2s\/#primaryimage"},"image":{"@id":"https:\/\/inmondo.pl\/sklep\/kolekcje\/nooi\/nooi-szafa-wysoka-3d2s\/#primaryimage"},"thumbnailUrl":"https:\/\/inmondo.pl\/wp-content\/uploads\/2022\/12\/2022_12_MATKOWSKI_PACKSHOTY_1715.jpg","datePublished":"2023-01-23T13:21:35+00:00","dateModified":"2024-06-18T12:30:54+00:00","description":"A place for a capacious wardrobe should be found in every child's room, regardless of the age of the child. This is exactly what the Nooi High Wardrobe is.","breadcrumb":{"@id":"https:\/\/inmondo.pl\/sklep\/kolekcje\/nooi\/nooi-szafa-wysoka-3d2s\/#breadcrumb"},"inLanguage":"en-GB","potentialAction":[{"@type":"ReadAction","target":["https:\/\/inmondo.pl\/sklep\/kolekcje\/nooi\/nooi-szafa-wysoka-3d2s\/"]}]},{"@type":"ImageObject","inLanguage":"en-GB","@id":"https:\/\/inmondo.pl\/sklep\/kolekcje\/nooi\/nooi-szafa-wysoka-3d2s\/#primaryimage","url":"https:\/\/inmondo.pl\/wp-content\/uploads\/2022\/12\/2022_12_MATKOWSKI_PACKSHOTY_1715.jpg","contentUrl":"https:\/\/inmondo.pl\/wp-content\/uploads\/2022\/12\/2022_12_MATKOWSKI_PACKSHOTY_1715.jpg","width":1920,"height":1381},{"@type":"BreadcrumbList","@id":"https:\/\/inmondo.pl\/sklep\/kolekcje\/nooi\/nooi-szafa-wysoka-3d2s\/#breadcrumb","itemListElement":[{"@type":"ListItem","position":1,"name":"Strona g\u0142\u00f3wna","item":"https:\/\/inmondo.pl\/"},{"@type":"ListItem","position":2,"name":"Oferta Inmondo: spe\u0142niamy marzenia i wymagania","item":"https:\/\/inmondo.pl\/sklep\/"},{"@type":"ListItem","position":3,"name":"kolekcje","item":"https:\/\/inmondo.pl\/de\/sklep\/kolekcje\/"},{"@type":"ListItem","position":4,"name":"Nooi","item":"https:\/\/inmondo.pl\/sklep\/kolekcje\/nooi\/"},{"@type":"ListItem","position":5,"name":"Nooi &#8211; Szafa Wysoka 3d2s"}]},{"@type":"WebSite","@id":"https:\/\/inmondo.pl\/#website","url":"https:\/\/inmondo.pl\/","name":"Inmondo","description":"","potentialAction":[{"@type":"SearchAction","target":{"@type":"EntryPoint","urlTemplate":"https:\/\/inmondo.pl\/?s={search_term_string}"},"query-input":{"@type":"PropertyValueSpecification","valueRequired":true,"valueName":"search_term_string"}}],"inLanguage":"en-GB"}]}},"wcpa_form_fields":null,"_links":{"self":[{"href":"https:\/\/inmondo.pl\/en\/wp-json\/wp\/v2\/product\/4972","targetHints":{"allow":["GET"]}}],"collection":[{"href":"https:\/\/inmondo.pl\/en\/wp-json\/wp\/v2\/product"}],"about":[{"href":"https:\/\/inmondo.pl\/en\/wp-json\/wp\/v2\/types\/product"}],"replies":[{"embeddable":true,"href":"https:\/\/inmondo.pl\/en\/wp-json\/wp\/v2\/comments?post=4972"}],"wp:featuredmedia":[{"embeddable":true,"href":"https:\/\/inmondo.pl\/en\/wp-json\/wp\/v2\/media\/6446"}],"wp:attachment":[{"href":"https:\/\/inmondo.pl\/en\/wp-json\/wp\/v2\/media?parent=4972"}],"wp:term":[{"taxonomy":"product_brand","embeddable":true,"href":"https:\/\/inmondo.pl\/en\/wp-json\/wp\/v2\/product_brand?post=4972"},{"taxonomy":"product_cat","embeddable":true,"href":"https:\/\/inmondo.pl\/en\/wp-json\/wp\/v2\/product_cat?post=4972"},{"taxonomy":"product_tag","embeddable":true,"href":"https:\/\/inmondo.pl\/en\/wp-json\/wp\/v2\/product_tag?post=4972"}],"curies":[{"name":"wp","href":"https:\/\/api.w.org\/{rel}","templated":true}]}}