{"id":2728,"date":"2020-09-11T09:02:15","date_gmt":"2020-09-11T07:02:15","guid":{"rendered":"https:\/\/inmondo.pl\/?post_type=product&#038;p=2728"},"modified":"2026-03-30T10:42:37","modified_gmt":"2026-03-30T08:42:37","slug":"materac-sonno","status":"publish","type":"product","link":"https:\/\/inmondo.pl\/en\/sklep\/elementy\/materace\/materac-sonno\/","title":{"rendered":"SONNO mattress"},"content":{"rendered":"<p>Zastosowane do produkcji pianki spe\u0142niaj\u0105 surowe wymagania, a ich wysok\u0105 jako\u015b\u0107 potwierdzaj\u0105 rygorystyczne testy jako\u015bci.<\/p>\n<p>Konstrukcja materaca SONNO, przez rdze\u0144 materaca wykonany z pianki PUR, zapewnia doskona\u0142\u0105 cyrkulacj\u0119 powietrza oraz&nbsp; zapewnia odpowiednie stabilne i spr\u0119\u017cyste podparcie plec\u00f3w, co umo\u017cliwia swobodn\u0105 zmian\u0119 pozycji podczas snu i wypoczynku.<\/p>\n<p>The mattress is equipped with a cover suitable for washing in a washing machine at 60 \u00b0 C, spinning and drying in a tumble dryer, which is very easy to remove and put on again.<\/p>\n<p>Two such mattresses perfectly complement our bed <a href=\"https:\/\/inmondo.pl\/en\/sklep\/kolekcje\/lozko-rozsuwane-dessi\/\"><u>Dessi<\/u><\/a> \ud83d\ude42<\/p>","protected":false},"excerpt":{"rendered":"<p>The foams used in its production meet strict requirements, and their high quality is confirmed by rigorous quality tests.<\/p>\n<p>Thanks to the core made of PUR foam, the structure of the SONNO mattress ensures excellent air circulation and provides adequate stable and elastic support for the back, which allows you to freely change position during sleep and rest.<\/p>\n<p>The mattress is equipped with a cover suitable for washing in a washing machine at 60 \u00b0 C, spinning and drying in a tumble dryer, which is very easy to remove and put on again.<\/p>\n<p>Two such mattresses perfectly complement our bed <a href=\"https:\/\/inmondo.pl\/en\/sklep\/kolekcje\/lozko-rozsuwane-dessi\/\"><u>Dessi<\/u><\/a> \ud83d\ude42<\/p>\n<p>&nbsp;<\/p>\n<p>&nbsp;<\/p>","protected":false},"featured_media":2729,"comment_status":"open","ping_status":"closed","template":"","meta":{"_acf_changed":false},"product_brand":[],"product_cat":[17,20,99,44],"product_tag":[],"class_list":{"0":"post-2728","1":"product","2":"type-product","3":"status-publish","4":"has-post-thumbnail","6":"product_cat-kolekcje","7":"product_cat-elementy","8":"product_cat-meble-dostepne","9":"product_cat-materace","11":"first","12":"instock","13":"taxable","14":"shipping-taxable","15":"purchasable","16":"product-type-simple"},"acf":{"wymiary":"D\u0142ugo\u015b\u0107: 200 cm<br \/>\r\nSzeroko\u015b\u0107: 90 cm<br \/>\r\nWysoko\u015b\u0107: 9 cm","materialy":"-Pianka PUR","sections_woocommerce":[{"acf_fc_layout":"section_menu","is_active":true,"repeater":[{"text":"Opis","link":"#opis"},{"text":"Lookbook","link":"#lookbook"},{"text":"Opinie","link":"#opinie"},{"text":"Inne produkty","link":"#inneprodukty"}]},{"acf_fc_layout":"section_woocommerce_text_image","is_active":true,"anchor":"opis","text_align":"textAlign--left","grid_width":"main","wysiwyg":"<p>Zastosowane do\u00a0produkcji pianki spe\u0142niaj\u0105 surowe wymagania, a\u00a0ich wysok\u0105 jako\u015b\u0107 potwierdzaj\u0105 rygorystyczne testy jako\u015bci. Konstrukcja materaca zapewnia doskona\u0142\u0105 cyrkulacj\u0119 powietrza oraz\u00a0odpowiednie i\u00a0spr\u0119\u017cyste podparcie plec\u00f3w podczas snu i\u00a0wypoczynku.<\/p>\n<p>Wszystkie surowce zosta\u0142y zbadane pod\u00a0k\u0105tem braku substancji szkodliwych zgodnie z\u00a0wymaganiami certyfikatu Standard 100 by OEKO-TEX\u00ae (pod wzgl\u0119dem wymaga\u0144 najbardziej rygorystycznej klasy I, czyli\u00a0dla artyku\u0142\u00f3w dla\u00a0niemowl\u0105t i\u00a0ma\u0142ych dzieci w\u00a0wieku do\u00a03 lat).<\/p>\n","image":"https:\/\/inmondo.pl\/wp-content\/uploads\/2020\/09\/OEKO-TEX-CERTYFIKAT.png"},{"acf_fc_layout":"section_woocommerce_text_image","is_active":true,"anchor":"","text_align":"textAlign--right","grid_width":"main","wysiwyg":"<p><strong>Oeko-Tex standard 100<\/strong> to certyfikat \u015bwiadcz\u0105cy o\u00a0jako\u015bci produkt\u00f3w tekstylnych i\u00a0w\u0142\u00f3kienniczych, kt\u00f3re maj\u0105 bezpo\u015bredni\u0105 styczno\u015b\u0107 ze sk\u00f3r\u0105 cz\u0142owieka. Organizacja Oeko-Tex przydziela certyfikat produktom, na\u00a0kt\u00f3rych zosta\u0142y przeprowadzane badania maj\u0105ce na\u00a0celu zweryfikowa\u0107 obecno\u015b\u0107 100 najbardziej niebezpiecznych substancji zagra\u017caj\u0105cych konsumentom.<\/p>\n<p><strong>Klasa I<\/strong>\u00a0\u2013 do\u00a0tej klasy przywi\u0105zuje si\u0119 najwy\u017csz\u0105 uwag\u0119, gdy\u017c obejmuje wyroby tekstylne dla\u00a0niemowlak\u00f3w i\u00a0dzieci do\u00a0lat 3, kt\u00f3re s\u0105 szczeg\u00f3lnie nara\u017cone na\u00a0zainfekowanie. Zalicza si\u0119 do\u00a0niej np.\u00a0po\u015bciel dzieci\u0119ca i\u00a0niemowl\u0119ca, poduszki i\u00a0poszewki dla\u00a0dzieci czy\u00a0bielizn\u0119 dzieci\u0119c\u0105.<\/p>\n<p>Ca\u0142o\u015b\u0107 dzia\u0142a\u0144 certyfikacji finalizuje powstanie raportu z\u00a0bada\u0144 i\u00a0wydanie numerowanego protoko\u0142em dyplomu \u015bwiadcz\u0105cego o\u00a0produkcie i\u00a0jego klasie.<\/p>\n","image":"https:\/\/inmondo.pl\/wp-content\/uploads\/2020\/09\/pikt-pranie-szare1.jpg"},{"acf_fc_layout":"section_woocommerce_lookbook","is_active":true,"anchor":"lookbook","header":"<h2 style=\"text-align: center;\">Zobacz galeri\u0119 mebli uzupe\u0142niaj\u0105cych nasze kolekcje:<\/h2>\n<p>Zapraszamy do\u00a0zapoznania si\u0119 z\u00a0kolekcj\u0105 uzupe\u0142niaj\u0105c\u0105. Wzbogacisz pok\u00f3j w\u00a0urocze elementy dodaj\u0105ce blasku twojemu wn\u0119trzu. Pokazujemy Ci tylko u\u0142amek mo\u017cliwo\u015bci\u2026 Zainspiruj si\u0119\u2026<\/p>\n","repeater":[{"shortcode":"[woocommerce_lookbook id=\"1582\"]"},{"shortcode":"[woocommerce_lookbook id=\"1279\"]"},{"shortcode":"[woocommerce_lookbook id=\"1351\"]"}]}],"czas_realizacji":""},"yoast_head":"<!-- This site is optimized with the Yoast SEO plugin v27.4 - https:\/\/yoast.com\/product\/yoast-seo-wordpress\/ -->\n<title>Materac SONNO - Inmondo<\/title>\n<meta name=\"robots\" content=\"index, follow, max-snippet:-1, max-image-preview:large, max-video-preview:-1\" \/>\n<link rel=\"canonical\" href=\"https:\/\/inmondo.pl\/en\/sklep\/elementy\/materace\/materac-sonno\/\" \/>\n<meta property=\"og:locale\" content=\"en_GB\" \/>\n<meta property=\"og:type\" content=\"article\" \/>\n<meta property=\"og:title\" content=\"Materac SONNO - Inmondo\" \/>\n<meta property=\"og:description\" content=\"Zastosowane do\u00a0 jego produkcji pianki spe\u0142niaj\u0105 surowe wymagania, a ich wysok\u0105 jako\u015b\u0107 potwierdzaj\u0105 rygorystyczne testy jako\u015bci.  Przez rdze\u0144 wykonany z pianki PUR, konstrukcja materaca SONNO zapewnia doskona\u0142\u0105 cyrkulacj\u0119 powietrza oraz\u00a0 zapewnia odpowiednie stabilne i spr\u0119\u017cyste podparcie plec\u00f3w, co umo\u017cliwia swobodn\u0105 zmian\u0119 pozycji podczas snu i wypoczynku.  Materac zosta\u0142 wyposa\u017cony w pokrowiec przystosowany do prania w pralce w temperaturze 60\u00b0C, wirowania i suszenia w suszarkach b\u0119bnowych, kt\u00f3ry mo\u017cna bardzo \u0142atwo zdj\u0105\u0107 i za\u0142o\u017cy\u0107 ponownie.  Dwa takie materace idealnie uzupe\u0142niaj\u0105 nasze \u0142\u00f3\u017cko Dessi :)  &nbsp;  &nbsp;\" \/>\n<meta property=\"og:url\" content=\"https:\/\/inmondo.pl\/en\/sklep\/elementy\/materace\/materac-sonno\/\" \/>\n<meta property=\"og:site_name\" content=\"Inmondo\" \/>\n<meta property=\"article:modified_time\" content=\"2026-03-30T08:42:37+00:00\" \/>\n<meta property=\"og:image\" content=\"https:\/\/inmondo.pl\/wp-content\/uploads\/2020\/12\/Riposto-1.png\" \/>\n\t<meta property=\"og:image:width\" content=\"1920\" \/>\n\t<meta property=\"og:image:height\" content=\"1920\" \/>\n\t<meta property=\"og:image:type\" content=\"image\/png\" \/>\n<meta name=\"twitter:card\" content=\"summary_large_image\" \/>\n<meta name=\"twitter:label1\" content=\"Estimated reading time\" \/>\n\t<meta name=\"twitter:data1\" content=\"3 minutes\" \/>\n<script type=\"application\/ld+json\" class=\"yoast-schema-graph\">{\"@context\":\"https:\\\/\\\/schema.org\",\"@graph\":[{\"@type\":\"WebPage\",\"@id\":\"https:\\\/\\\/inmondo.pl\\\/sklep\\\/elementy\\\/materace\\\/materac-sonno\\\/\",\"url\":\"https:\\\/\\\/inmondo.pl\\\/sklep\\\/elementy\\\/materace\\\/materac-sonno\\\/\",\"name\":\"Materac SONNO - Inmondo\",\"isPartOf\":{\"@id\":\"https:\\\/\\\/inmondo.pl\\\/#website\"},\"primaryImageOfPage\":{\"@id\":\"https:\\\/\\\/inmondo.pl\\\/sklep\\\/elementy\\\/materace\\\/materac-sonno\\\/#primaryimage\"},\"image\":{\"@id\":\"https:\\\/\\\/inmondo.pl\\\/sklep\\\/elementy\\\/materace\\\/materac-sonno\\\/#primaryimage\"},\"thumbnailUrl\":\"https:\\\/\\\/inmondo.pl\\\/wp-content\\\/uploads\\\/2020\\\/12\\\/Riposto-1.png\",\"datePublished\":\"2020-09-11T07:02:15+00:00\",\"dateModified\":\"2026-03-30T08:42:37+00:00\",\"breadcrumb\":{\"@id\":\"https:\\\/\\\/inmondo.pl\\\/sklep\\\/elementy\\\/materace\\\/materac-sonno\\\/#breadcrumb\"},\"inLanguage\":\"en-GB\",\"potentialAction\":[{\"@type\":\"ReadAction\",\"target\":[\"https:\\\/\\\/inmondo.pl\\\/sklep\\\/elementy\\\/materace\\\/materac-sonno\\\/\"]}]},{\"@type\":\"ImageObject\",\"inLanguage\":\"en-GB\",\"@id\":\"https:\\\/\\\/inmondo.pl\\\/sklep\\\/elementy\\\/materace\\\/materac-sonno\\\/#primaryimage\",\"url\":\"https:\\\/\\\/inmondo.pl\\\/wp-content\\\/uploads\\\/2020\\\/12\\\/Riposto-1.png\",\"contentUrl\":\"https:\\\/\\\/inmondo.pl\\\/wp-content\\\/uploads\\\/2020\\\/12\\\/Riposto-1.png\",\"width\":1920,\"height\":1920},{\"@type\":\"BreadcrumbList\",\"@id\":\"https:\\\/\\\/inmondo.pl\\\/sklep\\\/elementy\\\/materace\\\/materac-sonno\\\/#breadcrumb\",\"itemListElement\":[{\"@type\":\"ListItem\",\"position\":1,\"name\":\"Strona g\u0142\u00f3wna\",\"item\":\"https:\\\/\\\/inmondo.pl\\\/\"},{\"@type\":\"ListItem\",\"position\":2,\"name\":\"Oferta Inmondo: spe\u0142niamy marzenia i wymagania\",\"item\":\"https:\\\/\\\/inmondo.pl\\\/sklep\\\/\"},{\"@type\":\"ListItem\",\"position\":3,\"name\":\"Elementy\",\"item\":\"https:\\\/\\\/inmondo.pl\\\/sklep\\\/elementy\\\/\"},{\"@type\":\"ListItem\",\"position\":4,\"name\":\"Materace\",\"item\":\"https:\\\/\\\/inmondo.pl\\\/en\\\/sklep\\\/elementy\\\/materace\\\/\"},{\"@type\":\"ListItem\",\"position\":5,\"name\":\"Materac SONNO\"}]},{\"@type\":\"WebSite\",\"@id\":\"https:\\\/\\\/inmondo.pl\\\/#website\",\"url\":\"https:\\\/\\\/inmondo.pl\\\/\",\"name\":\"Inmondo\",\"description\":\"\",\"potentialAction\":[{\"@type\":\"SearchAction\",\"target\":{\"@type\":\"EntryPoint\",\"urlTemplate\":\"https:\\\/\\\/inmondo.pl\\\/?s={search_term_string}\"},\"query-input\":{\"@type\":\"PropertyValueSpecification\",\"valueRequired\":true,\"valueName\":\"search_term_string\"}}],\"inLanguage\":\"en-GB\"}]}<\/script>\n<!-- \/ Yoast SEO plugin. -->","yoast_head_json":{"title":"SONNO mattress - Inmondo","robots":{"index":"index","follow":"follow","max-snippet":"max-snippet:-1","max-image-preview":"max-image-preview:large","max-video-preview":"max-video-preview:-1"},"canonical":"https:\/\/inmondo.pl\/en\/sklep\/elementy\/materace\/materac-sonno\/","og_locale":"en_GB","og_type":"article","og_title":"Materac SONNO - Inmondo","og_description":"Zastosowane do\u00a0 jego produkcji pianki spe\u0142niaj\u0105 surowe wymagania, a ich wysok\u0105 jako\u015b\u0107 potwierdzaj\u0105 rygorystyczne testy jako\u015bci.  Przez rdze\u0144 wykonany z pianki PUR, konstrukcja materaca SONNO zapewnia doskona\u0142\u0105 cyrkulacj\u0119 powietrza oraz\u00a0 zapewnia odpowiednie stabilne i spr\u0119\u017cyste podparcie plec\u00f3w, co umo\u017cliwia swobodn\u0105 zmian\u0119 pozycji podczas snu i wypoczynku.  Materac zosta\u0142 wyposa\u017cony w pokrowiec przystosowany do prania w pralce w temperaturze 60\u00b0C, wirowania i suszenia w suszarkach b\u0119bnowych, kt\u00f3ry mo\u017cna bardzo \u0142atwo zdj\u0105\u0107 i za\u0142o\u017cy\u0107 ponownie.  Dwa takie materace idealnie uzupe\u0142niaj\u0105 nasze \u0142\u00f3\u017cko Dessi :)  &nbsp;  &nbsp;","og_url":"https:\/\/inmondo.pl\/en\/sklep\/elementy\/materace\/materac-sonno\/","og_site_name":"Inmondo","article_modified_time":"2026-03-30T08:42:37+00:00","og_image":[{"width":1920,"height":1920,"url":"https:\/\/inmondo.pl\/wp-content\/uploads\/2020\/12\/Riposto-1.png","type":"image\/png"}],"twitter_card":"summary_large_image","twitter_misc":{"Estimated reading time":"3 minutes"},"schema":{"@context":"https:\/\/schema.org","@graph":[{"@type":"WebPage","@id":"https:\/\/inmondo.pl\/sklep\/elementy\/materace\/materac-sonno\/","url":"https:\/\/inmondo.pl\/sklep\/elementy\/materace\/materac-sonno\/","name":"SONNO mattress - Inmondo","isPartOf":{"@id":"https:\/\/inmondo.pl\/#website"},"primaryImageOfPage":{"@id":"https:\/\/inmondo.pl\/sklep\/elementy\/materace\/materac-sonno\/#primaryimage"},"image":{"@id":"https:\/\/inmondo.pl\/sklep\/elementy\/materace\/materac-sonno\/#primaryimage"},"thumbnailUrl":"https:\/\/inmondo.pl\/wp-content\/uploads\/2020\/12\/Riposto-1.png","datePublished":"2020-09-11T07:02:15+00:00","dateModified":"2026-03-30T08:42:37+00:00","breadcrumb":{"@id":"https:\/\/inmondo.pl\/sklep\/elementy\/materace\/materac-sonno\/#breadcrumb"},"inLanguage":"en-GB","potentialAction":[{"@type":"ReadAction","target":["https:\/\/inmondo.pl\/sklep\/elementy\/materace\/materac-sonno\/"]}]},{"@type":"ImageObject","inLanguage":"en-GB","@id":"https:\/\/inmondo.pl\/sklep\/elementy\/materace\/materac-sonno\/#primaryimage","url":"https:\/\/inmondo.pl\/wp-content\/uploads\/2020\/12\/Riposto-1.png","contentUrl":"https:\/\/inmondo.pl\/wp-content\/uploads\/2020\/12\/Riposto-1.png","width":1920,"height":1920},{"@type":"BreadcrumbList","@id":"https:\/\/inmondo.pl\/sklep\/elementy\/materace\/materac-sonno\/#breadcrumb","itemListElement":[{"@type":"ListItem","position":1,"name":"Strona g\u0142\u00f3wna","item":"https:\/\/inmondo.pl\/"},{"@type":"ListItem","position":2,"name":"Oferta Inmondo: spe\u0142niamy marzenia i wymagania","item":"https:\/\/inmondo.pl\/sklep\/"},{"@type":"ListItem","position":3,"name":"Elementy","item":"https:\/\/inmondo.pl\/sklep\/elementy\/"},{"@type":"ListItem","position":4,"name":"Materace","item":"https:\/\/inmondo.pl\/en\/sklep\/elementy\/materace\/"},{"@type":"ListItem","position":5,"name":"Materac SONNO"}]},{"@type":"WebSite","@id":"https:\/\/inmondo.pl\/#website","url":"https:\/\/inmondo.pl\/","name":"Inmondo","description":"","potentialAction":[{"@type":"SearchAction","target":{"@type":"EntryPoint","urlTemplate":"https:\/\/inmondo.pl\/?s={search_term_string}"},"query-input":{"@type":"PropertyValueSpecification","valueRequired":true,"valueName":"search_term_string"}}],"inLanguage":"en-GB"}]}},"wcpa_form_fields":null,"_links":{"self":[{"href":"https:\/\/inmondo.pl\/en\/wp-json\/wp\/v2\/product\/2728","targetHints":{"allow":["GET"]}}],"collection":[{"href":"https:\/\/inmondo.pl\/en\/wp-json\/wp\/v2\/product"}],"about":[{"href":"https:\/\/inmondo.pl\/en\/wp-json\/wp\/v2\/types\/product"}],"replies":[{"embeddable":true,"href":"https:\/\/inmondo.pl\/en\/wp-json\/wp\/v2\/comments?post=2728"}],"wp:featuredmedia":[{"embeddable":true,"href":"https:\/\/inmondo.pl\/en\/wp-json\/wp\/v2\/media\/2729"}],"wp:attachment":[{"href":"https:\/\/inmondo.pl\/en\/wp-json\/wp\/v2\/media?parent=2728"}],"wp:term":[{"taxonomy":"product_brand","embeddable":true,"href":"https:\/\/inmondo.pl\/en\/wp-json\/wp\/v2\/product_brand?post=2728"},{"taxonomy":"product_cat","embeddable":true,"href":"https:\/\/inmondo.pl\/en\/wp-json\/wp\/v2\/product_cat?post=2728"},{"taxonomy":"product_tag","embeddable":true,"href":"https:\/\/inmondo.pl\/en\/wp-json\/wp\/v2\/product_tag?post=2728"}],"curies":[{"name":"wp","href":"https:\/\/api.w.org\/{rel}","templated":true}]}}