{"id":2679,"date":"2020-11-25T15:03:04","date_gmt":"2020-11-25T14:03:04","guid":{"rendered":"https:\/\/inmondo.pl\/?post_type=product&#038;p=2679"},"modified":"2025-05-26T12:58:05","modified_gmt":"2025-05-26T10:58:05","slug":"stolik-dzieciecy","status":"publish","type":"product","link":"https:\/\/inmondo.pl\/en\/sklep\/elementy\/krzesla-foteliki-stoliki\/stolik-dzieciecy\/","title":{"rendered":"Children&#039;s table"},"content":{"rendered":"<p>The unique round table, on stylish wooden legs, will delight even the most demanding customers - both small and large \ud83d\ude42<\/p>\n<p>It will fit perfectly in both your child&#039;s room and can create an amazing children&#039;s corner in your living room!<\/p>\n<p>The table is available in two sizes - the legs can be 37 or 47 cm high - choose the one that is to be delivered to you in the comment to the order! \ud83d\ude42<\/p>\n<p>&nbsp;<\/p>\n<p>&nbsp;<\/p>\n<p>&nbsp;<\/p>","protected":false},"excerpt":{"rendered":"<p>The unique round table, on stylish wooden legs, will delight even the most demanding customers - both small and large \ud83d\ude42<\/p>\n<p>It will fit perfectly in both your child&#039;s room and can create an amazing children&#039;s corner in your living room!<\/p>\n<p>The table is available in two sizes - the legs can be 37 or 47 cm high - choose the one that is to be delivered to you in the comment to the order! \ud83d\ude42<\/p>\n<p>&nbsp;<\/p>","protected":false},"featured_media":2683,"comment_status":"open","ping_status":"closed","template":"","meta":{"_acf_changed":false},"product_brand":[],"product_cat":[17,50,20,55],"product_tag":[],"class_list":{"0":"post-2679","1":"product","2":"type-product","3":"status-publish","4":"has-post-thumbnail","6":"product_cat-kolekcje","7":"product_cat-dodatki","8":"product_cat-elementy","9":"product_cat-krzesla-foteliki-stoliki","11":"first","12":"instock","13":"taxable","14":"shipping-taxable","15":"purchasable","16":"product-type-variable"},"acf":{"wymiary":"Wysoko\u015b\u0107 n\u00f3g: 37 cm lub 47 cm<br \/>\r\n<br \/>\r\n\u015arednica blatu: 50 cm","materialy":"Solidne drewniane nogi<br \/>\r\nBlat lakierowany<br \/>\r\n","sections_woocommerce":[{"acf_fc_layout":"section_menu","is_active":true,"repeater":[{"text":"Opis","link":"#opis"},{"text":"Lookbook","link":"#lookbook"},{"text":"Opinie","link":"#opini"},{"text":"Inne Produkty","link":"#inneprodukty"}]},{"acf_fc_layout":"section_woocommerce_text_image","is_active":true,"anchor":"#opis","text_align":"textAlign--left","grid_width":"main","wysiwyg":"<p>Stolik w\u00a0towarzystwie fotelik\u00f3w prezentuje si\u0119 bosko!<\/p>\n<p>Pomy\u015bl tylko jak b\u0119dzie wygl\u0105da\u0142, gdy Twoja pociecha wraz z\u00a0przyjaci\u00f3\u0142mi b\u0119dzie przy\u00a0nim s\u0105czy\u0107 herbatk\u0119!<\/p>\n","image":"https:\/\/inmondo.pl\/wp-content\/uploads\/2020\/06\/2019_04_INMONDO_POK\u00d3J_DZIEWCZYNKI_1-11040-scaled-e1605274641786.jpg"},{"acf_fc_layout":"section_woocommerce_text_image","is_active":true,"anchor":"","text_align":"textAlign--right","grid_width":"main","wysiwyg":"<p>Niezwyk\u0142e dodatki i\u00a0akcesoria, tworzone w\u00a0przekonaniu, \u017ce\u00a0ka\u017cde wn\u0119trze<br \/>\nmo\u017cna zaaran\u017cowa\u0107 w\u00a0pi\u0119kny spos\u00f3b, tworz\u0105c przestrze\u0144 nieprzeci\u0119tn\u0105<br \/>\n\u2013 wystarczy tylko troch\u0119 wyobra\u017ani. Wierzymy, \u017ce\u00a0wykorzystasz j\u0105 i\u00a0stworzysz pok\u00f3j swoich marze\u0144.<\/p>\n","image":"https:\/\/inmondo.pl\/wp-content\/uploads\/2020\/07\/2019_04_INMONDO_POK\u00d3J_DZIEWCZYNKI_1-11088-e1613745711259.jpg"},{"acf_fc_layout":"section_woocommerce_lookbook","is_active":true,"anchor":"#lookbook","header":"<h2 style=\"text-align: center;\">Zobacz galeri\u0119 mebli uzupe\u0142niaj\u0105cych nasze kolekcje:<\/h2>\n<p style=\"text-align: center;\">Zapraszamy do\u00a0zapoznania si\u0119 z\u00a0kolekcj\u0105 uzupe\u0142niaj\u0105c\u0105. Wzbogacisz pok\u00f3j w\u00a0urocze elementy dodaj\u0105ce blasku twojemu wn\u0119trzu. Pokazujemy Ci tylko u\u0142amek mo\u017cliwo\u015bci\u2026 Zainspiruj si\u0119\u2026<\/p>\n","repeater":[{"shortcode":"[woocommerce_lookbook id=\"1582\"]"},{"shortcode":"[woocommerce_lookbook id=\"1279\"]"},{"shortcode":"[woocommerce_lookbook id=\"1351\"]"}]}]},"yoast_head":"<!-- This site is optimized with the Yoast SEO plugin v27.4 - https:\/\/yoast.com\/product\/yoast-seo-wordpress\/ -->\n<title>Stolik dzieci\u0119cy - Inmondo<\/title>\n<meta name=\"robots\" content=\"index, follow, max-snippet:-1, max-image-preview:large, max-video-preview:-1\" \/>\n<link rel=\"canonical\" href=\"https:\/\/inmondo.pl\/en\/sklep\/elementy\/krzesla-foteliki-stoliki\/stolik-dzieciecy\/\" \/>\n<meta property=\"og:locale\" content=\"en_GB\" \/>\n<meta property=\"og:type\" content=\"article\" \/>\n<meta property=\"og:title\" content=\"Stolik dzieci\u0119cy - Inmondo\" \/>\n<meta property=\"og:description\" content=\"Wyj\u0105tkowy okr\u0105g\u0142y stolik, na stylowych drewnianych nogach, zachwyci nawet najbardziej wymagaj\u0105cych klient\u00f3w - tych ma\u0142ych i tych wi\u0119kszych :)  Idealnie wpisze si\u0119 zar\u00f3wno w pokoik Twojej pociechy, jak i mo\u017ce stworzy\u0107 niebywa\u0142y k\u0105cik dla dzieci w Twoim salonie!  Stolik dost\u0119pny w dw\u00f3ch rozmiarach- nogi mog\u0105 mie\u0107 37 lub 47 cm wysoko\u015bci - wybierz w komentarzu do zam\u00f3wienia, kt\u00f3ry ma trafi\u0107 do Ciebie! :)  &nbsp;\" \/>\n<meta property=\"og:url\" content=\"https:\/\/inmondo.pl\/en\/sklep\/elementy\/krzesla-foteliki-stoliki\/stolik-dzieciecy\/\" \/>\n<meta property=\"og:site_name\" content=\"Inmondo\" \/>\n<meta property=\"article:modified_time\" content=\"2025-05-26T10:58:05+00:00\" \/>\n<meta property=\"og:image\" content=\"https:\/\/inmondo.pl\/wp-content\/uploads\/2020\/11\/6-e1606313347989.jpg\" \/>\n\t<meta property=\"og:image:width\" content=\"1198\" \/>\n\t<meta property=\"og:image:height\" content=\"1198\" \/>\n\t<meta property=\"og:image:type\" content=\"image\/jpeg\" \/>\n<meta name=\"twitter:card\" content=\"summary_large_image\" \/>\n<meta name=\"twitter:label1\" content=\"Estimated reading time\" \/>\n\t<meta name=\"twitter:data1\" content=\"2 minutes\" \/>\n<script type=\"application\/ld+json\" class=\"yoast-schema-graph\">{\"@context\":\"https:\\\/\\\/schema.org\",\"@graph\":[{\"@type\":\"WebPage\",\"@id\":\"https:\\\/\\\/inmondo.pl\\\/en\\\/sklep\\\/elementy\\\/krzesla-foteliki-stoliki\\\/stolik-dzieciecy\\\/\",\"url\":\"https:\\\/\\\/inmondo.pl\\\/en\\\/sklep\\\/elementy\\\/krzesla-foteliki-stoliki\\\/stolik-dzieciecy\\\/\",\"name\":\"Stolik dzieci\u0119cy - Inmondo\",\"isPartOf\":{\"@id\":\"https:\\\/\\\/inmondo.pl\\\/#website\"},\"primaryImageOfPage\":{\"@id\":\"https:\\\/\\\/inmondo.pl\\\/en\\\/sklep\\\/elementy\\\/krzesla-foteliki-stoliki\\\/stolik-dzieciecy\\\/#primaryimage\"},\"image\":{\"@id\":\"https:\\\/\\\/inmondo.pl\\\/en\\\/sklep\\\/elementy\\\/krzesla-foteliki-stoliki\\\/stolik-dzieciecy\\\/#primaryimage\"},\"thumbnailUrl\":\"https:\\\/\\\/inmondo.pl\\\/wp-content\\\/uploads\\\/2020\\\/11\\\/6-e1606313347989.jpg\",\"datePublished\":\"2020-11-25T14:03:04+00:00\",\"dateModified\":\"2025-05-26T10:58:05+00:00\",\"breadcrumb\":{\"@id\":\"https:\\\/\\\/inmondo.pl\\\/en\\\/sklep\\\/elementy\\\/krzesla-foteliki-stoliki\\\/stolik-dzieciecy\\\/#breadcrumb\"},\"inLanguage\":\"en-GB\",\"potentialAction\":[{\"@type\":\"ReadAction\",\"target\":[\"https:\\\/\\\/inmondo.pl\\\/en\\\/sklep\\\/elementy\\\/krzesla-foteliki-stoliki\\\/stolik-dzieciecy\\\/\"]}]},{\"@type\":\"ImageObject\",\"inLanguage\":\"en-GB\",\"@id\":\"https:\\\/\\\/inmondo.pl\\\/en\\\/sklep\\\/elementy\\\/krzesla-foteliki-stoliki\\\/stolik-dzieciecy\\\/#primaryimage\",\"url\":\"https:\\\/\\\/inmondo.pl\\\/wp-content\\\/uploads\\\/2020\\\/11\\\/6-e1606313347989.jpg\",\"contentUrl\":\"https:\\\/\\\/inmondo.pl\\\/wp-content\\\/uploads\\\/2020\\\/11\\\/6-e1606313347989.jpg\",\"width\":1198,\"height\":1198},{\"@type\":\"BreadcrumbList\",\"@id\":\"https:\\\/\\\/inmondo.pl\\\/en\\\/sklep\\\/elementy\\\/krzesla-foteliki-stoliki\\\/stolik-dzieciecy\\\/#breadcrumb\",\"itemListElement\":[{\"@type\":\"ListItem\",\"position\":1,\"name\":\"Strona g\u0142\u00f3wna\",\"item\":\"https:\\\/\\\/inmondo.pl\\\/\"},{\"@type\":\"ListItem\",\"position\":2,\"name\":\"Oferta Inmondo: spe\u0142niamy marzenia i wymagania\",\"item\":\"https:\\\/\\\/inmondo.pl\\\/sklep\\\/\"},{\"@type\":\"ListItem\",\"position\":3,\"name\":\"Elementy\",\"item\":\"https:\\\/\\\/inmondo.pl\\\/sklep\\\/elementy\\\/\"},{\"@type\":\"ListItem\",\"position\":4,\"name\":\"Krzes\u0142a, foteliki i stoliki\",\"item\":\"https:\\\/\\\/inmondo.pl\\\/en\\\/sklep\\\/elementy\\\/krzesla-foteliki-stoliki\\\/\"},{\"@type\":\"ListItem\",\"position\":5,\"name\":\"Stolik dzieci\u0119cy\"}]},{\"@type\":\"WebSite\",\"@id\":\"https:\\\/\\\/inmondo.pl\\\/#website\",\"url\":\"https:\\\/\\\/inmondo.pl\\\/\",\"name\":\"Inmondo\",\"description\":\"\",\"potentialAction\":[{\"@type\":\"SearchAction\",\"target\":{\"@type\":\"EntryPoint\",\"urlTemplate\":\"https:\\\/\\\/inmondo.pl\\\/?s={search_term_string}\"},\"query-input\":{\"@type\":\"PropertyValueSpecification\",\"valueRequired\":true,\"valueName\":\"search_term_string\"}}],\"inLanguage\":\"en-GB\"}]}<\/script>\n<!-- \/ Yoast SEO plugin. -->","yoast_head_json":{"title":"Children&#039;s table - Inmondo","robots":{"index":"index","follow":"follow","max-snippet":"max-snippet:-1","max-image-preview":"max-image-preview:large","max-video-preview":"max-video-preview:-1"},"canonical":"https:\/\/inmondo.pl\/en\/sklep\/elementy\/krzesla-foteliki-stoliki\/stolik-dzieciecy\/","og_locale":"en_GB","og_type":"article","og_title":"Stolik dzieci\u0119cy - Inmondo","og_description":"Wyj\u0105tkowy okr\u0105g\u0142y stolik, na stylowych drewnianych nogach, zachwyci nawet najbardziej wymagaj\u0105cych klient\u00f3w - tych ma\u0142ych i tych wi\u0119kszych :)  Idealnie wpisze si\u0119 zar\u00f3wno w pokoik Twojej pociechy, jak i mo\u017ce stworzy\u0107 niebywa\u0142y k\u0105cik dla dzieci w Twoim salonie!  Stolik dost\u0119pny w dw\u00f3ch rozmiarach- nogi mog\u0105 mie\u0107 37 lub 47 cm wysoko\u015bci - wybierz w komentarzu do zam\u00f3wienia, kt\u00f3ry ma trafi\u0107 do Ciebie! :)  &nbsp;","og_url":"https:\/\/inmondo.pl\/en\/sklep\/elementy\/krzesla-foteliki-stoliki\/stolik-dzieciecy\/","og_site_name":"Inmondo","article_modified_time":"2025-05-26T10:58:05+00:00","og_image":[{"width":1198,"height":1198,"url":"https:\/\/inmondo.pl\/wp-content\/uploads\/2020\/11\/6-e1606313347989.jpg","type":"image\/jpeg"}],"twitter_card":"summary_large_image","twitter_misc":{"Estimated reading time":"2 minutes"},"schema":{"@context":"https:\/\/schema.org","@graph":[{"@type":"WebPage","@id":"https:\/\/inmondo.pl\/en\/sklep\/elementy\/krzesla-foteliki-stoliki\/stolik-dzieciecy\/","url":"https:\/\/inmondo.pl\/en\/sklep\/elementy\/krzesla-foteliki-stoliki\/stolik-dzieciecy\/","name":"Children&#039;s table - Inmondo","isPartOf":{"@id":"https:\/\/inmondo.pl\/#website"},"primaryImageOfPage":{"@id":"https:\/\/inmondo.pl\/en\/sklep\/elementy\/krzesla-foteliki-stoliki\/stolik-dzieciecy\/#primaryimage"},"image":{"@id":"https:\/\/inmondo.pl\/en\/sklep\/elementy\/krzesla-foteliki-stoliki\/stolik-dzieciecy\/#primaryimage"},"thumbnailUrl":"https:\/\/inmondo.pl\/wp-content\/uploads\/2020\/11\/6-e1606313347989.jpg","datePublished":"2020-11-25T14:03:04+00:00","dateModified":"2025-05-26T10:58:05+00:00","breadcrumb":{"@id":"https:\/\/inmondo.pl\/en\/sklep\/elementy\/krzesla-foteliki-stoliki\/stolik-dzieciecy\/#breadcrumb"},"inLanguage":"en-GB","potentialAction":[{"@type":"ReadAction","target":["https:\/\/inmondo.pl\/en\/sklep\/elementy\/krzesla-foteliki-stoliki\/stolik-dzieciecy\/"]}]},{"@type":"ImageObject","inLanguage":"en-GB","@id":"https:\/\/inmondo.pl\/en\/sklep\/elementy\/krzesla-foteliki-stoliki\/stolik-dzieciecy\/#primaryimage","url":"https:\/\/inmondo.pl\/wp-content\/uploads\/2020\/11\/6-e1606313347989.jpg","contentUrl":"https:\/\/inmondo.pl\/wp-content\/uploads\/2020\/11\/6-e1606313347989.jpg","width":1198,"height":1198},{"@type":"BreadcrumbList","@id":"https:\/\/inmondo.pl\/en\/sklep\/elementy\/krzesla-foteliki-stoliki\/stolik-dzieciecy\/#breadcrumb","itemListElement":[{"@type":"ListItem","position":1,"name":"Strona g\u0142\u00f3wna","item":"https:\/\/inmondo.pl\/"},{"@type":"ListItem","position":2,"name":"Oferta Inmondo: spe\u0142niamy marzenia i wymagania","item":"https:\/\/inmondo.pl\/sklep\/"},{"@type":"ListItem","position":3,"name":"Elementy","item":"https:\/\/inmondo.pl\/sklep\/elementy\/"},{"@type":"ListItem","position":4,"name":"Krzes\u0142a, foteliki i stoliki","item":"https:\/\/inmondo.pl\/en\/sklep\/elementy\/krzesla-foteliki-stoliki\/"},{"@type":"ListItem","position":5,"name":"Stolik dzieci\u0119cy"}]},{"@type":"WebSite","@id":"https:\/\/inmondo.pl\/#website","url":"https:\/\/inmondo.pl\/","name":"Inmondo","description":"","potentialAction":[{"@type":"SearchAction","target":{"@type":"EntryPoint","urlTemplate":"https:\/\/inmondo.pl\/?s={search_term_string}"},"query-input":{"@type":"PropertyValueSpecification","valueRequired":true,"valueName":"search_term_string"}}],"inLanguage":"en-GB"}]}},"wcpa_form_fields":null,"_links":{"self":[{"href":"https:\/\/inmondo.pl\/en\/wp-json\/wp\/v2\/product\/2679","targetHints":{"allow":["GET"]}}],"collection":[{"href":"https:\/\/inmondo.pl\/en\/wp-json\/wp\/v2\/product"}],"about":[{"href":"https:\/\/inmondo.pl\/en\/wp-json\/wp\/v2\/types\/product"}],"replies":[{"embeddable":true,"href":"https:\/\/inmondo.pl\/en\/wp-json\/wp\/v2\/comments?post=2679"}],"wp:featuredmedia":[{"embeddable":true,"href":"https:\/\/inmondo.pl\/en\/wp-json\/wp\/v2\/media\/2683"}],"wp:attachment":[{"href":"https:\/\/inmondo.pl\/en\/wp-json\/wp\/v2\/media?parent=2679"}],"wp:term":[{"taxonomy":"product_brand","embeddable":true,"href":"https:\/\/inmondo.pl\/en\/wp-json\/wp\/v2\/product_brand?post=2679"},{"taxonomy":"product_cat","embeddable":true,"href":"https:\/\/inmondo.pl\/en\/wp-json\/wp\/v2\/product_cat?post=2679"},{"taxonomy":"product_tag","embeddable":true,"href":"https:\/\/inmondo.pl\/en\/wp-json\/wp\/v2\/product_tag?post=2679"}],"curies":[{"name":"wp","href":"https:\/\/api.w.org\/{rel}","templated":true}]}}