{"id":2616,"date":"2020-11-13T12:59:01","date_gmt":"2020-11-13T11:59:01","guid":{"rendered":"https:\/\/inmondo.pl\/?post_type=product&#038;p=2616"},"modified":"2025-12-10T11:12:22","modified_gmt":"2025-12-10T10:12:22","slug":"krzeslo-drewniane-2","status":"publish","type":"product","link":"https:\/\/inmondo.pl\/en\/sklep\/elementy\/krzesla-foteliki-stoliki\/krzeslo-drewniane-2\/","title":{"rendered":"Wooden chair A-0537"},"content":{"rendered":"<p>Characteristic, downward tapering legs and hand-polished rungs give this chair subtle shapes and vintage style.<\/p>\n<p>Wyprofilowana konstrukcja &#8211; smuk\u0142e&nbsp; szczeble oparcia wraz z charakterystycznie wygi\u0119t\u0105 w \u0142uk poprzeczk\u0105, a tak\u017ce siedzisko w wyj\u0105tkowym kszta\u0142cie podkowy, z delikatnym otaczaj\u0105cym je rondem &#8211; zapewniaj\u0105 nie tylko \u015bwietny wygl\u0105d, ale i niesamowit\u0105 wygod\u0119 siedzenia \ud83d\ude42<\/p>\n<p>The seat can be additionally finished with upholstery with a soft filling - an option priced individually, depending on the selected material.<\/p>\n<p>Cena dotyczy krzes\u0142a bez tapicerki<\/p>","protected":false},"excerpt":{"rendered":"<p>Characteristic, downward tapering legs and hand-polished rungs give this chair subtle shapes and vintage style.<\/p>\n<p>Contoured structure - slender rungs of the backrest with a characteristic arched crossbar, as well as a unique horseshoe-shaped seat with a delicate brim around it - ensure not only a great look, but also amazing seating comfort<\/p>\n<p>&nbsp;<\/p>\n<p>The seat can be additionally finished with upholstery with a soft filling - an option priced individually, depending on the selected material.<\/p>\n<p><strong>The price applies to a chair without upholstery: white, black or natural.<\/strong><\/p>","protected":false},"featured_media":325,"comment_status":"open","ping_status":"closed","template":"","meta":{"_acf_changed":false},"product_brand":[],"product_cat":[17,20,55],"product_tag":[],"class_list":{"0":"post-2616","1":"product","2":"type-product","3":"status-publish","4":"has-post-thumbnail","6":"product_cat-kolekcje","7":"product_cat-elementy","8":"product_cat-krzesla-foteliki-stoliki","10":"first","11":"onbackorder","12":"taxable","13":"shipping-taxable","14":"purchasable","15":"product-type-variable","16":"has-default-attributes"},"acf":{"wymiary":"Wysoko\u015b\u0107 ca\u0142kowita: 87 cm<br \/>\r\nG\u0142\u0119boko\u015b\u0107 ca\u0142kowita: 46 cm<br \/>\r\nSzeroko\u015b\u0107 ca\u0142kowita: 46 cm<br \/>\r\nWysoko\u015b\u0107 do&nbsp;siedziska: 48,5 cm","materialy":"Drewno bukowe<br \/>\r\nSklejka bukowa<br \/>\r\n","sections_woocommerce":[{"acf_fc_layout":"section_menu","is_active":true,"repeater":[{"text":"Opis","link":"#opis"},{"text":"Lookbook","link":"#lookbook"},{"text":"Opinie","link":"#opini"},{"text":"Inne Produkty","link":"#inneprodukty"}]},{"acf_fc_layout":"section_woocommerce_text_image","is_active":true,"anchor":"#opis","text_align":"textAlign--left","grid_width":"main","wysiwyg":"<p>Nasze foteliki, krzes\u0142a i\u00a0stoliki zachwyc\u0105 najbardziej wymagaj\u0105cych klient\u00f3w \u2013 tych ma\u0142ych i\u00a0tych wi\u0119kszych \ud83d\ude42<\/p>\n<p>Idealnie wpisz\u0105 si\u0119 zar\u00f3wno w\u00a0pokoik Twojej pociechy, jak i\u00a0mog\u0105 stworzy\u0107 niebywa\u0142y k\u0105cik dla\u00a0dzieci w\u00a0Twoim salonie, gdzie przyj\u0119cie ma\u0142ych koleg\u00f3w i\u00a0kole\u017canek b\u0119dzie jeszcze przyjemniejsze\u00a0\ud83d\ude42<\/p>\n","image":"https:\/\/inmondo.pl\/wp-content\/uploads\/2020\/06\/2019_04_INMONDO_POK\u00d3J_DZIEWCZYNKI_1-11040-scaled-e1605274641786.jpg"},{"acf_fc_layout":"section_woocommerce_text_image","is_active":true,"anchor":"","text_align":"textAlign--right","grid_width":"main","wysiwyg":"<p>Niezwyk\u0142e dodatki i\u00a0akcesoria, tworzone w\u00a0przekonaniu, \u017ce\u00a0ka\u017cde wn\u0119trze<br \/>\nmo\u017cna zaaran\u017cowa\u0107 w\u00a0pi\u0119kny spos\u00f3b, tworz\u0105c przestrze\u0144 nieprzeci\u0119tn\u0105<br \/>\n\u2013 wystarczy tylko troch\u0119 wyobra\u017ani. Wierzymy, \u017ce\u00a0wykorzystasz j\u0105 i\u00a0stworzysz pok\u00f3j swoich marze\u0144.<\/p>\n","image":"https:\/\/inmondo.pl\/wp-content\/uploads\/2020\/07\/2019_04_INMONDO_POK\u00d3J_DZIEWCZYNKI_1-11088-e1613745711259.jpg"},{"acf_fc_layout":"section_woocommerce_lookbook","is_active":true,"anchor":"#lookbook","header":"<h2 style=\"text-align: center;\">Zobacz galeri\u0119 mebli uzupe\u0142niaj\u0105cych nasze kolekcje:<\/h2>\n<p style=\"text-align: center;\">Zapraszamy do\u00a0zapoznania si\u0119 z\u00a0kolekcj\u0105 uzupe\u0142niaj\u0105c\u0105. Wzbogacisz pok\u00f3j w\u00a0urocze elementy dodaj\u0105ce blasku twojemu wn\u0119trzu. Pokazujemy Ci tylko u\u0142amek mo\u017cliwo\u015bci\u2026 Zainspiruj si\u0119\u2026<\/p>\n","repeater":[{"shortcode":"[woocommerce_lookbook id=\"1582\"]"},{"shortcode":"[woocommerce_lookbook id=\"1279\"]"},{"shortcode":"[woocommerce_lookbook id=\"1351\"]"}]}],"czas_realizacji":""},"yoast_head":"<!-- This site is optimized with the Yoast SEO plugin v27.3 - https:\/\/yoast.com\/product\/yoast-seo-wordpress\/ -->\n<title>Krzes\u0142o drewniane A-0537 - Inmondo<\/title>\n<meta name=\"robots\" content=\"index, follow, max-snippet:-1, max-image-preview:large, max-video-preview:-1\" \/>\n<link rel=\"canonical\" href=\"http:\/\/inmondo.pl\/en\/sklep\/elementy\/krzesla-foteliki-stoliki\/krzeslo-drewniane-2\/\" \/>\n<meta property=\"og:locale\" content=\"en_GB\" \/>\n<meta property=\"og:type\" content=\"article\" \/>\n<meta property=\"og:title\" content=\"Krzes\u0142o drewniane A-0537 - Inmondo\" \/>\n<meta property=\"og:description\" content=\"Charakterystyczne, zw\u0119\u017caj\u0105ce si\u0119 ku do\u0142owi nogi i r\u0119cznie szlifowane szczebelki, nadaj\u0105 temu krzes\u0142u subtelnych kszta\u0142t\u00f3w oraz stylu vintage  Wyprofilowana konstrukcja - smuk\u0142e\u00a0 szczeble oparcia wraz z charakterystycznie wygi\u0119t\u0105 w \u0142uk poprzeczk\u0105, a tak\u017ce siedzisko w wyj\u0105tkowym kszta\u0142cie podkowy, z delikatnym otaczaj\u0105cym je rondem - zapewniaj\u0105 nie tylko \u015bwietny wygl\u0105d, ale i niesamowit\u0105 wygod\u0119 siedzenia :)  &nbsp;  Siedzisko mo\u017ce by\u0107 dodatkowe wyko\u0144czone tapicerk\u0105 z mi\u0119kkim wype\u0142nieniem - opcja wyceniana indywidualnie, w zale\u017cno\u015bci od wybranego materia\u0142u.  Cena dotyczy krzes\u0142a bez tapicerki: w kolorach bia\u0142y, czarny lub naturalny.\" \/>\n<meta property=\"og:url\" content=\"http:\/\/inmondo.pl\/en\/sklep\/elementy\/krzesla-foteliki-stoliki\/krzeslo-drewniane-2\/\" \/>\n<meta property=\"og:site_name\" content=\"Inmondo\" \/>\n<meta property=\"article:modified_time\" content=\"2025-12-10T10:12:22+00:00\" \/>\n<meta property=\"og:image\" content=\"http:\/\/inmondo.pl\/wp-content\/uploads\/2020\/05\/2019_04_INMONDO_POK\u00d3J_DZIEWCZYNKI_3-1286asx3v2.jpg\" \/>\n\t<meta property=\"og:image:width\" content=\"960\" \/>\n\t<meta property=\"og:image:height\" content=\"960\" \/>\n\t<meta property=\"og:image:type\" content=\"image\/jpeg\" \/>\n<meta name=\"twitter:card\" content=\"summary_large_image\" \/>\n<meta name=\"twitter:label1\" content=\"Estimated reading time\" \/>\n\t<meta name=\"twitter:data1\" content=\"2 minutes\" \/>\n<script type=\"application\/ld+json\" class=\"yoast-schema-graph\">{\"@context\":\"https:\\\/\\\/schema.org\",\"@graph\":[{\"@type\":\"WebPage\",\"@id\":\"http:\\\/\\\/inmondo.pl\\\/de\\\/sklep\\\/elementy\\\/krzesla-foteliki-stoliki\\\/holzstuhl-2\\\/\",\"url\":\"http:\\\/\\\/inmondo.pl\\\/de\\\/sklep\\\/elementy\\\/krzesla-foteliki-stoliki\\\/holzstuhl-2\\\/\",\"name\":\"Krzes\u0142o drewniane A-0537 - Inmondo\",\"isPartOf\":{\"@id\":\"https:\\\/\\\/inmondo.pl\\\/#website\"},\"primaryImageOfPage\":{\"@id\":\"http:\\\/\\\/inmondo.pl\\\/de\\\/sklep\\\/elementy\\\/krzesla-foteliki-stoliki\\\/holzstuhl-2\\\/#primaryimage\"},\"image\":{\"@id\":\"http:\\\/\\\/inmondo.pl\\\/de\\\/sklep\\\/elementy\\\/krzesla-foteliki-stoliki\\\/holzstuhl-2\\\/#primaryimage\"},\"thumbnailUrl\":\"https:\\\/\\\/inmondo.pl\\\/wp-content\\\/uploads\\\/2020\\\/05\\\/2019_04_INMONDO_POK\u00d3J_DZIEWCZYNKI_3-1286asx3v2.jpg\",\"datePublished\":\"2020-11-13T11:59:01+00:00\",\"dateModified\":\"2025-12-10T10:12:22+00:00\",\"breadcrumb\":{\"@id\":\"http:\\\/\\\/inmondo.pl\\\/de\\\/sklep\\\/elementy\\\/krzesla-foteliki-stoliki\\\/holzstuhl-2\\\/#breadcrumb\"},\"inLanguage\":\"en-GB\",\"potentialAction\":[{\"@type\":\"ReadAction\",\"target\":[\"http:\\\/\\\/inmondo.pl\\\/de\\\/sklep\\\/elementy\\\/krzesla-foteliki-stoliki\\\/holzstuhl-2\\\/\"]}]},{\"@type\":\"ImageObject\",\"inLanguage\":\"en-GB\",\"@id\":\"http:\\\/\\\/inmondo.pl\\\/de\\\/sklep\\\/elementy\\\/krzesla-foteliki-stoliki\\\/holzstuhl-2\\\/#primaryimage\",\"url\":\"https:\\\/\\\/inmondo.pl\\\/wp-content\\\/uploads\\\/2020\\\/05\\\/2019_04_INMONDO_POK\u00d3J_DZIEWCZYNKI_3-1286asx3v2.jpg\",\"contentUrl\":\"https:\\\/\\\/inmondo.pl\\\/wp-content\\\/uploads\\\/2020\\\/05\\\/2019_04_INMONDO_POK\u00d3J_DZIEWCZYNKI_3-1286asx3v2.jpg\",\"width\":960,\"height\":960},{\"@type\":\"BreadcrumbList\",\"@id\":\"http:\\\/\\\/inmondo.pl\\\/de\\\/sklep\\\/elementy\\\/krzesla-foteliki-stoliki\\\/holzstuhl-2\\\/#breadcrumb\",\"itemListElement\":[{\"@type\":\"ListItem\",\"position\":1,\"name\":\"Strona g\u0142\u00f3wna\",\"item\":\"https:\\\/\\\/inmondo.pl\\\/\"},{\"@type\":\"ListItem\",\"position\":2,\"name\":\"Oferta Inmondo: spe\u0142niamy marzenia i wymagania\",\"item\":\"https:\\\/\\\/inmondo.pl\\\/sklep\\\/\"},{\"@type\":\"ListItem\",\"position\":3,\"name\":\"kolekcje\",\"item\":\"https:\\\/\\\/inmondo.pl\\\/de\\\/sklep\\\/kolekcje\\\/\"},{\"@type\":\"ListItem\",\"position\":4,\"name\":\"Krzes\u0142o drewniane A-0537\"}]},{\"@type\":\"WebSite\",\"@id\":\"https:\\\/\\\/inmondo.pl\\\/#website\",\"url\":\"https:\\\/\\\/inmondo.pl\\\/\",\"name\":\"Inmondo\",\"description\":\"\",\"potentialAction\":[{\"@type\":\"SearchAction\",\"target\":{\"@type\":\"EntryPoint\",\"urlTemplate\":\"https:\\\/\\\/inmondo.pl\\\/?s={search_term_string}\"},\"query-input\":{\"@type\":\"PropertyValueSpecification\",\"valueRequired\":true,\"valueName\":\"search_term_string\"}}],\"inLanguage\":\"en-GB\"}]}<\/script>\n<!-- \/ Yoast SEO plugin. -->","yoast_head_json":{"title":"Wooden chair A-0537 - Inmondo","robots":{"index":"index","follow":"follow","max-snippet":"max-snippet:-1","max-image-preview":"max-image-preview:large","max-video-preview":"max-video-preview:-1"},"canonical":"http:\/\/inmondo.pl\/en\/sklep\/elementy\/krzesla-foteliki-stoliki\/krzeslo-drewniane-2\/","og_locale":"en_GB","og_type":"article","og_title":"Krzes\u0142o drewniane A-0537 - Inmondo","og_description":"Charakterystyczne, zw\u0119\u017caj\u0105ce si\u0119 ku do\u0142owi nogi i r\u0119cznie szlifowane szczebelki, nadaj\u0105 temu krzes\u0142u subtelnych kszta\u0142t\u00f3w oraz stylu vintage  Wyprofilowana konstrukcja - smuk\u0142e\u00a0 szczeble oparcia wraz z charakterystycznie wygi\u0119t\u0105 w \u0142uk poprzeczk\u0105, a tak\u017ce siedzisko w wyj\u0105tkowym kszta\u0142cie podkowy, z delikatnym otaczaj\u0105cym je rondem - zapewniaj\u0105 nie tylko \u015bwietny wygl\u0105d, ale i niesamowit\u0105 wygod\u0119 siedzenia :)  &nbsp;  Siedzisko mo\u017ce by\u0107 dodatkowe wyko\u0144czone tapicerk\u0105 z mi\u0119kkim wype\u0142nieniem - opcja wyceniana indywidualnie, w zale\u017cno\u015bci od wybranego materia\u0142u.  Cena dotyczy krzes\u0142a bez tapicerki: w kolorach bia\u0142y, czarny lub naturalny.","og_url":"http:\/\/inmondo.pl\/en\/sklep\/elementy\/krzesla-foteliki-stoliki\/krzeslo-drewniane-2\/","og_site_name":"Inmondo","article_modified_time":"2025-12-10T10:12:22+00:00","og_image":[{"width":960,"height":960,"url":"http:\/\/inmondo.pl\/wp-content\/uploads\/2020\/05\/2019_04_INMONDO_POK\u00d3J_DZIEWCZYNKI_3-1286asx3v2.jpg","type":"image\/jpeg"}],"twitter_card":"summary_large_image","twitter_misc":{"Estimated reading time":"2 minutes"},"schema":{"@context":"https:\/\/schema.org","@graph":[{"@type":"WebPage","@id":"http:\/\/inmondo.pl\/de\/sklep\/elementy\/krzesla-foteliki-stoliki\/holzstuhl-2\/","url":"http:\/\/inmondo.pl\/de\/sklep\/elementy\/krzesla-foteliki-stoliki\/holzstuhl-2\/","name":"Wooden chair A-0537 - Inmondo","isPartOf":{"@id":"https:\/\/inmondo.pl\/#website"},"primaryImageOfPage":{"@id":"http:\/\/inmondo.pl\/de\/sklep\/elementy\/krzesla-foteliki-stoliki\/holzstuhl-2\/#primaryimage"},"image":{"@id":"http:\/\/inmondo.pl\/de\/sklep\/elementy\/krzesla-foteliki-stoliki\/holzstuhl-2\/#primaryimage"},"thumbnailUrl":"https:\/\/inmondo.pl\/wp-content\/uploads\/2020\/05\/2019_04_INMONDO_POK\u00d3J_DZIEWCZYNKI_3-1286asx3v2.jpg","datePublished":"2020-11-13T11:59:01+00:00","dateModified":"2025-12-10T10:12:22+00:00","breadcrumb":{"@id":"http:\/\/inmondo.pl\/de\/sklep\/elementy\/krzesla-foteliki-stoliki\/holzstuhl-2\/#breadcrumb"},"inLanguage":"en-GB","potentialAction":[{"@type":"ReadAction","target":["http:\/\/inmondo.pl\/de\/sklep\/elementy\/krzesla-foteliki-stoliki\/holzstuhl-2\/"]}]},{"@type":"ImageObject","inLanguage":"en-GB","@id":"http:\/\/inmondo.pl\/de\/sklep\/elementy\/krzesla-foteliki-stoliki\/holzstuhl-2\/#primaryimage","url":"https:\/\/inmondo.pl\/wp-content\/uploads\/2020\/05\/2019_04_INMONDO_POK\u00d3J_DZIEWCZYNKI_3-1286asx3v2.jpg","contentUrl":"https:\/\/inmondo.pl\/wp-content\/uploads\/2020\/05\/2019_04_INMONDO_POK\u00d3J_DZIEWCZYNKI_3-1286asx3v2.jpg","width":960,"height":960},{"@type":"BreadcrumbList","@id":"http:\/\/inmondo.pl\/de\/sklep\/elementy\/krzesla-foteliki-stoliki\/holzstuhl-2\/#breadcrumb","itemListElement":[{"@type":"ListItem","position":1,"name":"Strona g\u0142\u00f3wna","item":"https:\/\/inmondo.pl\/"},{"@type":"ListItem","position":2,"name":"Oferta Inmondo: spe\u0142niamy marzenia i wymagania","item":"https:\/\/inmondo.pl\/sklep\/"},{"@type":"ListItem","position":3,"name":"kolekcje","item":"https:\/\/inmondo.pl\/de\/sklep\/kolekcje\/"},{"@type":"ListItem","position":4,"name":"Krzes\u0142o drewniane A-0537"}]},{"@type":"WebSite","@id":"https:\/\/inmondo.pl\/#website","url":"https:\/\/inmondo.pl\/","name":"Inmondo","description":"","potentialAction":[{"@type":"SearchAction","target":{"@type":"EntryPoint","urlTemplate":"https:\/\/inmondo.pl\/?s={search_term_string}"},"query-input":{"@type":"PropertyValueSpecification","valueRequired":true,"valueName":"search_term_string"}}],"inLanguage":"en-GB"}]}},"wcpa_form_fields":null,"_links":{"self":[{"href":"https:\/\/inmondo.pl\/en\/wp-json\/wp\/v2\/product\/2616","targetHints":{"allow":["GET"]}}],"collection":[{"href":"https:\/\/inmondo.pl\/en\/wp-json\/wp\/v2\/product"}],"about":[{"href":"https:\/\/inmondo.pl\/en\/wp-json\/wp\/v2\/types\/product"}],"replies":[{"embeddable":true,"href":"https:\/\/inmondo.pl\/en\/wp-json\/wp\/v2\/comments?post=2616"}],"wp:featuredmedia":[{"embeddable":true,"href":"https:\/\/inmondo.pl\/en\/wp-json\/wp\/v2\/media\/325"}],"wp:attachment":[{"href":"https:\/\/inmondo.pl\/en\/wp-json\/wp\/v2\/media?parent=2616"}],"wp:term":[{"taxonomy":"product_brand","embeddable":true,"href":"https:\/\/inmondo.pl\/en\/wp-json\/wp\/v2\/product_brand?post=2616"},{"taxonomy":"product_cat","embeddable":true,"href":"https:\/\/inmondo.pl\/en\/wp-json\/wp\/v2\/product_cat?post=2616"},{"taxonomy":"product_tag","embeddable":true,"href":"https:\/\/inmondo.pl\/en\/wp-json\/wp\/v2\/product_tag?post=2616"}],"curies":[{"name":"wp","href":"https:\/\/api.w.org\/{rel}","templated":true}]}}