{"id":1989,"date":"2020-01-01T10:07:33","date_gmt":"2020-01-01T09:07:33","guid":{"rendered":"http:\/\/inmondo.pl\/?post_type=product&#038;p=1989"},"modified":"2026-04-02T10:26:21","modified_gmt":"2026-04-02T08:26:21","slug":"szuflada-collet","status":"publish","type":"product","link":"https:\/\/inmondo.pl\/en\/sklep\/elementy\/akcesoria\/szuflada-collet\/","title":{"rendered":"Drawer under the bed"},"content":{"rendered":"<div class=\"woocommerce-product-details__short-description\">\n<div class=\"woocommerce-product-details__short-description\">\n<p>A dedicated drawer that allows you to make full use of the space underneath the furniture to store cushions, duvets and blankets, or fitted with a <a href=\"https:\/\/inmondo.pl\/en\/sklep\/elementy\/materac-resto-do-szuflad\/\"><u>mattress<\/u><\/a> - will create an occasional extra sleeping space. It is the perfect complement to the single and Duo bunk beds from the Collet collection.<\/p>\n<p>Do \u0142\u00f3\u017cek o wymiarach 90&#215;200 dedykowane s\u0105 dwie szuflady: z opcj\u0105 do przechowywania oraz z le\u017cyskiem, co daje mo\u017cliwo\u015b\u0107 dodatkowego miejsca do spania. Do \u0142\u00f3\u017cek &#8211; Collet pi\u0119trowe Collet trio i 120&#215;200, ze wzgl\u0119du na dodatkow\u0105 \u015brodkow\u0105 nog\u0119, dedykowana jest do przechowywania. Nale\u017cy wybra\u0107 szuflad\u0119 trio\/120&#215;200.\u00a0<\/p>\n<\/div>\n<\/div>\n<div class=\"share-box\">\u00a0<\/div>\n\n\n<p><\/p>","protected":false},"excerpt":{"rendered":"<p>A dedicated drawer that allows you to make full use of the space underneath the furniture to store cushions, duvets and blankets, or fitted with a <a href=\"https:\/\/inmondo.pl\/en\/sklep\/elementy\/materac-resto-do-szuflad\/\"><u>mattress<\/u><\/a> - will create an occasional extra sleeping space. It is the perfect complement to the single and Duo bunk beds from the Collet collection. There are two drawers dedicated to the 90\u00d7200 beds: one with storage option and the other with a recliner, giving you the possibility of additional sleeping space.For the beds - Collet bunk trio and 120\u00d7200, due to the additional middle leg, a drawer with storage function is dedicated. The Collet trio\/120\u00d7200 drawer must be selected.<\/p>","protected":false},"featured_media":9156,"comment_status":"open","ping_status":"closed","template":"","meta":{"_acf_changed":true},"product_brand":[],"product_cat":[32,24,20,17],"product_tag":[],"class_list":{"0":"post-1989","1":"product","2":"type-product","3":"status-publish","4":"has-post-thumbnail","6":"product_cat-akcesoria","7":"product_cat-collet","8":"product_cat-elementy","9":"product_cat-kolekcje","11":"first","12":"onbackorder","13":"taxable","14":"shipping-taxable","15":"purchasable","16":"product-type-variable","17":"has-default-attributes"},"acf":{"wymiary":"Szeroko\u015b\u0107: 198 cm<br \/>\r\nWysoko\u015b\u0107: 28 cm<br \/>\r\nG\u0142\u0119boko\u015b\u0107: 94 cm<br \/>\r\n<br \/>\r\nDo szuflady z le\u017cyskiem pasuje materac o wymiarach: 90x190 cm.<br \/>\r\n<br \/>\r\nSzuflada do \u0142\u00f3\u017cka Trio i 120x200<br \/>\r\nSzeroko\u015b\u0107: 198 cm<br \/>\r\nWysoko\u015b\u0107: 28 cm<br \/>\r\nG\u0142\u0119boko\u015b\u0107: 62 cm","materialy":"Rama, nogi, listwy le\u017cyska- drewno sosnowe, panel frontowy, czo\u0142a szuflady - MDF, lakier wodny i&nbsp;wodny UV","sections_woocommerce":[{"acf_fc_layout":"section_menu","is_active":true,"repeater":[{"text":"Opis","link":"#opis"},{"text":"Lookbook","link":"#lookbook"},{"text":"Opinie","link":"#opinie"},{"text":"Inne produkty","link":"#inneprodukty"}]},{"acf_fc_layout":"section_woocommerce_text_image","is_active":true,"anchor":"opis","text_align":"textAlign--left","grid_width":"main","wysiwyg":"<h2>Collet<\/h2>\n<p>Meble z\u00a0kolekcji Collet to ponadczasowa, prosta forma podkre\u015blona przez\u00a0kolory, kt\u00f3re s\u0105 szczeg\u00f3lnie lubiane przez\u00a0dzieci. Wasza ukochana biel to spok\u00f3j i\u00a0harmonia, kt\u00f3ra pasuje do\u00a0ka\u017cdego wn\u0119trza. Natomiast\u00a0najm\u0142odszym, kt\u00f3rzy pragn\u0105 wype\u0142ni\u0107 swoje pokoje rado\u015bci\u0105 barw, proponujemy spokojny r\u00f3\u017c, nietuzinkowy b\u0142\u0119kit oraz\u00a0powiew jasnej szaro\u015bci.<\/p>\n","image":"https:\/\/inmondo.pl\/wp-content\/uploads\/2020\/07\/ko-daybad-z-szuflad\u0105-scaled-e1595516265662.jpg"},{"acf_fc_layout":"section_woocommerce_lookbook","is_active":true,"anchor":"lookbook","header":"<h2 style=\"text-align: center;\">Zobacz galeri\u0119 Collet:<\/h2>\n<p style=\"text-align: center;\">Minimalistyczny lookbook prosto od naszych projektant\u00f3w. Ogl\u0105daj, inspiruj si\u0119, a\u00a0je\u015bli masz pomys\u0142y lub\u00a0pytania \u2014 od razu dzwo\u0144!<\/p>\n","repeater":[{"shortcode":"[woocommerce_lookbook id=\"1363\"]"},{"shortcode":"[woocommerce_lookbook id=\"1356\"]"},{"shortcode":"[woocommerce_lookbook id=\"1365\"]"},{"shortcode":"[woocommerce_lookbook id=\"1520\"]"},{"shortcode":"[woocommerce_lookbook id=\"1441\"]"}]}],"czas_realizacji":""},"yoast_head":"<!-- This site is optimized with the Yoast SEO plugin v27.3 - https:\/\/yoast.com\/product\/yoast-seo-wordpress\/ -->\n<title>Szuflada pod \u0142\u00f3\u017cko - Inmondo<\/title>\n<meta name=\"robots\" content=\"index, follow, max-snippet:-1, max-image-preview:large, max-video-preview:-1\" \/>\n<link rel=\"canonical\" href=\"https:\/\/inmondo.pl\/en\/sklep\/elementy\/akcesoria\/szuflada-collet\/\" \/>\n<meta property=\"og:locale\" content=\"en_GB\" \/>\n<meta property=\"og:type\" content=\"article\" \/>\n<meta property=\"og:title\" content=\"Szuflada pod \u0142\u00f3\u017cko - Inmondo\" \/>\n<meta property=\"og:description\" content=\"Dedykowana szuflada kt\u00f3ra pozwoli wykorzysta\u0107 w pe\u0142ni przestrze\u0144 pod meblem na przechowanie poduszek, ko\u0142der i kocyk\u00f3w, albo wyposa\u017cona w materac - stworzy okazjonalnie dodatkowe miejsce do spania. Jest idealnym uzupe\u0142nieniem \u0142\u00f3\u017cek pojedynczych oraz pi\u0119trowych Duo z kolekcji Collet. Do \u0142\u00f3\u017cek o wymiarach 90x200 dedykowane s\u0105 dwie szuflady: z opcj\u0105 do przechowywania oraz z le\u017cyskiem, co daje mo\u017cliwo\u015b\u0107 dodatkowego miejsca do spania.Do \u0142\u00f3\u017cek - Collet pi\u0119trowe trio i 120x200, ze wzgl\u0119du na dodatkow\u0105 \u015brodkow\u0105 nog\u0119, dedykowana jest szuflada z funkcj\u0105 przechowywania. Nale\u017cy wybra\u0107 szuflad\u0119 Collet trio\/120x200.\" \/>\n<meta property=\"og:url\" content=\"https:\/\/inmondo.pl\/en\/sklep\/elementy\/akcesoria\/szuflada-collet\/\" \/>\n<meta property=\"og:site_name\" content=\"Inmondo\" \/>\n<meta property=\"article:modified_time\" content=\"2026-04-02T08:26:21+00:00\" \/>\n<meta property=\"og:image\" content=\"https:\/\/inmondo.pl\/wp-content\/uploads\/2025\/01\/szuflada-1.jpg\" \/>\n\t<meta property=\"og:image:width\" content=\"960\" \/>\n\t<meta property=\"og:image:height\" content=\"960\" \/>\n\t<meta property=\"og:image:type\" content=\"image\/jpeg\" \/>\n<meta name=\"twitter:card\" content=\"summary_large_image\" \/>\n<meta name=\"twitter:label1\" content=\"Estimated reading time\" \/>\n\t<meta name=\"twitter:data1\" content=\"2 minutes\" \/>\n<script type=\"application\/ld+json\" class=\"yoast-schema-graph\">{\"@context\":\"https:\\\/\\\/schema.org\",\"@graph\":[{\"@type\":\"WebPage\",\"@id\":\"https:\\\/\\\/inmondo.pl\\\/sklep\\\/elementy\\\/akcesoria\\\/szuflada-collet\\\/\",\"url\":\"https:\\\/\\\/inmondo.pl\\\/sklep\\\/elementy\\\/akcesoria\\\/szuflada-collet\\\/\",\"name\":\"Szuflada pod \u0142\u00f3\u017cko - Inmondo\",\"isPartOf\":{\"@id\":\"https:\\\/\\\/inmondo.pl\\\/#website\"},\"primaryImageOfPage\":{\"@id\":\"https:\\\/\\\/inmondo.pl\\\/sklep\\\/elementy\\\/akcesoria\\\/szuflada-collet\\\/#primaryimage\"},\"image\":{\"@id\":\"https:\\\/\\\/inmondo.pl\\\/sklep\\\/elementy\\\/akcesoria\\\/szuflada-collet\\\/#primaryimage\"},\"thumbnailUrl\":\"https:\\\/\\\/inmondo.pl\\\/wp-content\\\/uploads\\\/2025\\\/01\\\/szuflada-1.jpg\",\"datePublished\":\"2020-01-01T09:07:33+00:00\",\"dateModified\":\"2026-04-02T08:26:21+00:00\",\"breadcrumb\":{\"@id\":\"https:\\\/\\\/inmondo.pl\\\/sklep\\\/elementy\\\/akcesoria\\\/szuflada-collet\\\/#breadcrumb\"},\"inLanguage\":\"en-GB\",\"potentialAction\":[{\"@type\":\"ReadAction\",\"target\":[\"https:\\\/\\\/inmondo.pl\\\/sklep\\\/elementy\\\/akcesoria\\\/szuflada-collet\\\/\"]}]},{\"@type\":\"ImageObject\",\"inLanguage\":\"en-GB\",\"@id\":\"https:\\\/\\\/inmondo.pl\\\/sklep\\\/elementy\\\/akcesoria\\\/szuflada-collet\\\/#primaryimage\",\"url\":\"https:\\\/\\\/inmondo.pl\\\/wp-content\\\/uploads\\\/2025\\\/01\\\/szuflada-1.jpg\",\"contentUrl\":\"https:\\\/\\\/inmondo.pl\\\/wp-content\\\/uploads\\\/2025\\\/01\\\/szuflada-1.jpg\",\"width\":960,\"height\":960},{\"@type\":\"BreadcrumbList\",\"@id\":\"https:\\\/\\\/inmondo.pl\\\/sklep\\\/elementy\\\/akcesoria\\\/szuflada-collet\\\/#breadcrumb\",\"itemListElement\":[{\"@type\":\"ListItem\",\"position\":1,\"name\":\"Strona g\u0142\u00f3wna\",\"item\":\"https:\\\/\\\/inmondo.pl\\\/\"},{\"@type\":\"ListItem\",\"position\":2,\"name\":\"Oferta Inmondo: spe\u0142niamy marzenia i wymagania\",\"item\":\"https:\\\/\\\/inmondo.pl\\\/sklep\\\/\"},{\"@type\":\"ListItem\",\"position\":3,\"name\":\"kolekcje\",\"item\":\"https:\\\/\\\/inmondo.pl\\\/de\\\/sklep\\\/kolekcje\\\/\"},{\"@type\":\"ListItem\",\"position\":4,\"name\":\"Collet\",\"item\":\"https:\\\/\\\/inmondo.pl\\\/sklep\\\/kolekcje\\\/collet\\\/\"},{\"@type\":\"ListItem\",\"position\":5,\"name\":\"Szuflada pod \u0142\u00f3\u017cko\"}]},{\"@type\":\"WebSite\",\"@id\":\"https:\\\/\\\/inmondo.pl\\\/#website\",\"url\":\"https:\\\/\\\/inmondo.pl\\\/\",\"name\":\"Inmondo\",\"description\":\"\",\"potentialAction\":[{\"@type\":\"SearchAction\",\"target\":{\"@type\":\"EntryPoint\",\"urlTemplate\":\"https:\\\/\\\/inmondo.pl\\\/?s={search_term_string}\"},\"query-input\":{\"@type\":\"PropertyValueSpecification\",\"valueRequired\":true,\"valueName\":\"search_term_string\"}}],\"inLanguage\":\"en-GB\"}]}<\/script>\n<!-- \/ Yoast SEO plugin. -->","yoast_head_json":{"title":"Bedside drawer - Inmondo","robots":{"index":"index","follow":"follow","max-snippet":"max-snippet:-1","max-image-preview":"max-image-preview:large","max-video-preview":"max-video-preview:-1"},"canonical":"https:\/\/inmondo.pl\/en\/sklep\/elementy\/akcesoria\/szuflada-collet\/","og_locale":"en_GB","og_type":"article","og_title":"Szuflada pod \u0142\u00f3\u017cko - Inmondo","og_description":"Dedykowana szuflada kt\u00f3ra pozwoli wykorzysta\u0107 w pe\u0142ni przestrze\u0144 pod meblem na przechowanie poduszek, ko\u0142der i kocyk\u00f3w, albo wyposa\u017cona w materac - stworzy okazjonalnie dodatkowe miejsce do spania. Jest idealnym uzupe\u0142nieniem \u0142\u00f3\u017cek pojedynczych oraz pi\u0119trowych Duo z kolekcji Collet. Do \u0142\u00f3\u017cek o wymiarach 90x200 dedykowane s\u0105 dwie szuflady: z opcj\u0105 do przechowywania oraz z le\u017cyskiem, co daje mo\u017cliwo\u015b\u0107 dodatkowego miejsca do spania.Do \u0142\u00f3\u017cek - Collet pi\u0119trowe trio i 120x200, ze wzgl\u0119du na dodatkow\u0105 \u015brodkow\u0105 nog\u0119, dedykowana jest szuflada z funkcj\u0105 przechowywania. Nale\u017cy wybra\u0107 szuflad\u0119 Collet trio\/120x200.","og_url":"https:\/\/inmondo.pl\/en\/sklep\/elementy\/akcesoria\/szuflada-collet\/","og_site_name":"Inmondo","article_modified_time":"2026-04-02T08:26:21+00:00","og_image":[{"width":960,"height":960,"url":"https:\/\/inmondo.pl\/wp-content\/uploads\/2025\/01\/szuflada-1.jpg","type":"image\/jpeg"}],"twitter_card":"summary_large_image","twitter_misc":{"Estimated reading time":"2 minutes"},"schema":{"@context":"https:\/\/schema.org","@graph":[{"@type":"WebPage","@id":"https:\/\/inmondo.pl\/sklep\/elementy\/akcesoria\/szuflada-collet\/","url":"https:\/\/inmondo.pl\/sklep\/elementy\/akcesoria\/szuflada-collet\/","name":"Bedside drawer - Inmondo","isPartOf":{"@id":"https:\/\/inmondo.pl\/#website"},"primaryImageOfPage":{"@id":"https:\/\/inmondo.pl\/sklep\/elementy\/akcesoria\/szuflada-collet\/#primaryimage"},"image":{"@id":"https:\/\/inmondo.pl\/sklep\/elementy\/akcesoria\/szuflada-collet\/#primaryimage"},"thumbnailUrl":"https:\/\/inmondo.pl\/wp-content\/uploads\/2025\/01\/szuflada-1.jpg","datePublished":"2020-01-01T09:07:33+00:00","dateModified":"2026-04-02T08:26:21+00:00","breadcrumb":{"@id":"https:\/\/inmondo.pl\/sklep\/elementy\/akcesoria\/szuflada-collet\/#breadcrumb"},"inLanguage":"en-GB","potentialAction":[{"@type":"ReadAction","target":["https:\/\/inmondo.pl\/sklep\/elementy\/akcesoria\/szuflada-collet\/"]}]},{"@type":"ImageObject","inLanguage":"en-GB","@id":"https:\/\/inmondo.pl\/sklep\/elementy\/akcesoria\/szuflada-collet\/#primaryimage","url":"https:\/\/inmondo.pl\/wp-content\/uploads\/2025\/01\/szuflada-1.jpg","contentUrl":"https:\/\/inmondo.pl\/wp-content\/uploads\/2025\/01\/szuflada-1.jpg","width":960,"height":960},{"@type":"BreadcrumbList","@id":"https:\/\/inmondo.pl\/sklep\/elementy\/akcesoria\/szuflada-collet\/#breadcrumb","itemListElement":[{"@type":"ListItem","position":1,"name":"Strona g\u0142\u00f3wna","item":"https:\/\/inmondo.pl\/"},{"@type":"ListItem","position":2,"name":"Oferta Inmondo: spe\u0142niamy marzenia i wymagania","item":"https:\/\/inmondo.pl\/sklep\/"},{"@type":"ListItem","position":3,"name":"kolekcje","item":"https:\/\/inmondo.pl\/de\/sklep\/kolekcje\/"},{"@type":"ListItem","position":4,"name":"Collet","item":"https:\/\/inmondo.pl\/sklep\/kolekcje\/collet\/"},{"@type":"ListItem","position":5,"name":"Szuflada pod \u0142\u00f3\u017cko"}]},{"@type":"WebSite","@id":"https:\/\/inmondo.pl\/#website","url":"https:\/\/inmondo.pl\/","name":"Inmondo","description":"","potentialAction":[{"@type":"SearchAction","target":{"@type":"EntryPoint","urlTemplate":"https:\/\/inmondo.pl\/?s={search_term_string}"},"query-input":{"@type":"PropertyValueSpecification","valueRequired":true,"valueName":"search_term_string"}}],"inLanguage":"en-GB"}]}},"wcpa_form_fields":null,"_links":{"self":[{"href":"https:\/\/inmondo.pl\/en\/wp-json\/wp\/v2\/product\/1989","targetHints":{"allow":["GET"]}}],"collection":[{"href":"https:\/\/inmondo.pl\/en\/wp-json\/wp\/v2\/product"}],"about":[{"href":"https:\/\/inmondo.pl\/en\/wp-json\/wp\/v2\/types\/product"}],"replies":[{"embeddable":true,"href":"https:\/\/inmondo.pl\/en\/wp-json\/wp\/v2\/comments?post=1989"}],"wp:featuredmedia":[{"embeddable":true,"href":"https:\/\/inmondo.pl\/en\/wp-json\/wp\/v2\/media\/9156"}],"wp:attachment":[{"href":"https:\/\/inmondo.pl\/en\/wp-json\/wp\/v2\/media?parent=1989"}],"wp:term":[{"taxonomy":"product_brand","embeddable":true,"href":"https:\/\/inmondo.pl\/en\/wp-json\/wp\/v2\/product_brand?post=1989"},{"taxonomy":"product_cat","embeddable":true,"href":"https:\/\/inmondo.pl\/en\/wp-json\/wp\/v2\/product_cat?post=1989"},{"taxonomy":"product_tag","embeddable":true,"href":"https:\/\/inmondo.pl\/en\/wp-json\/wp\/v2\/product_tag?post=1989"}],"curies":[{"name":"wp","href":"https:\/\/api.w.org\/{rel}","templated":true}]}}