{"id":9988,"date":"2025-06-03T09:00:11","date_gmt":"2025-06-03T07:00:11","guid":{"rendered":"https:\/\/inmondo.pl\/?post_type=product&#038;p=9988"},"modified":"2026-04-15T11:01:23","modified_gmt":"2026-04-15T09:01:23","slug":"lozko-dzieciece-pojedyncze-miyo","status":"publish","type":"product","link":"https:\/\/inmondo.pl\/de\/sklep\/elementy\/lozka\/lozko-dzieciece-pojedyncze-miyo\/","title":{"rendered":"Miyo Kinder Einzelbett - 100% Holz"},"content":{"rendered":"","protected":false},"excerpt":{"rendered":"<p class=\"\" data-start=\"471\" data-end=\"660\"><strong data-start=\"540\" data-end=\"564\">MIYO Kinderbett<\/strong> ist nicht nur ein Platz zum Schlafen - es ist ein gem\u00fctlicher Raum, der mit Ihrem Kind w\u00e4chst!<\/p>\n<p>&nbsp;<\/p>\n<p class=\"\" data-start=\"662\" data-end=\"945\">F\u00fcr den t\u00e4glichen Gebrauch kann es als klassischer <strong data-start=\"282\" data-end=\"302\">Einzelbett<\/strong>, und dank der \u00dcberdachung k\u00f6nnen sie sich in <strong data-start=\"364\" data-end=\"400\">Zauberbett in Form eines Hauses<\/strong> (Sie finden sie im Parallelangebot aus der Miyo-Kollektion <a href=\"https:\/\/inmondo.pl\/de\/sklep\/elementy\/lozka\/lozko-dzieciece-miyo\/\"><strong>hier<\/strong><\/a>) - der perfekte Ort zum Spielen und Entspannen.<br data-start=\"442\" data-end=\"445\" \/>Ein Bett, viele M\u00f6glichkeiten und jede Menge Spa\u00df!<\/p>\n<p>&nbsp;<\/p>\n<p class=\"\" data-start=\"947\" data-end=\"1199\">Das Modell MIYO hat <strong data-start=\"961\" data-end=\"984\">Abmessungen 90 x 190 cm<\/strong>Dadurch ist es sowohl f\u00fcr j\u00fcngere als auch f\u00fcr \u00e4ltere Kinder geeignet.<\/p>\n<p class=\"\" data-start=\"947\" data-end=\"1199\">Sein zeitloses Design und seine robuste Konstruktion sorgen daf\u00fcr, dass er jahrelang als Schlaf-, Spiel- und Entspannungsplatz dienen wird.<\/p>\n<p class=\"\" data-start=\"1201\" data-end=\"1291\">Es ist ein Kinderbett, das Tr\u00e4ume wahr werden l\u00e4sst - von Sicherheit, Stil und Komfort!<\/p>\n<p>Inklusive Barriere - lang oder zwei kurze Ihrer Wahl.<\/p>","protected":false},"featured_media":11358,"comment_status":"open","ping_status":"closed","template":"","meta":{"_acf_changed":true},"product_brand":[],"product_cat":[21,201],"product_tag":[],"class_list":{"0":"post-9988","1":"product","2":"type-product","3":"status-publish","4":"has-post-thumbnail","6":"product_cat-lozka","7":"product_cat-miyo","8":"wcpa_has_options","10":"first","11":"instock","12":"featured","13":"taxable","14":"shipping-taxable","15":"purchasable","16":"product-type-variable","17":"has-default-attributes"},"acf":{"sections_woocommerce":[{"acf_fc_layout":"section_menu","is_active":true,"repeater":[{"text":"Opis","link":"#opis"},{"text":"Lookbook","link":"#lookbook"},{"text":"Opinie","link":"#opinie"},{"text":"Inne produkty","link":"#inne"}]},{"acf_fc_layout":"section_woocommerce_text_image","is_active":true,"anchor":"#opis","text_align":"textAlign--right","grid_width":"main","wysiwyg":"<p>Szukasz idealnego \u0142\u00f3\u017cka dla swojego malucha?<\/p>\n<p><strong data-start=\"107\" data-end=\"127\">\u0141\u00f3\u017cko dzieci\u0119ce MIYO<\/strong> to nie tylko stylowy mebel, ale przede wszystkim <strong data-start=\"177\" data-end=\"228\">bezpieczna, przytulna i funkcjonalna przestrze\u0144<\/strong>, kt\u00f3ra dopasuje si\u0119 do potrzeb Twojego dziecka!<\/p>\n<p>Niska konstrukcja, barierki ochronne i naturalne materia\u0142y sprawiaj\u0105, \u017ce jest to doskona\u0142y wyb\u00f3r dla dzieci od 2. roku \u017cycia a\u017c do wieku szkolnego.<\/p>\n","image":"https:\/\/inmondo.pl\/wp-content\/uploads\/2025\/04\/image00022-3.jpeg"},{"acf_fc_layout":"section_woocommerce_text_image","is_active":true,"anchor":"#opis","text_align":"textAlign--left","grid_width":"main","wysiwyg":"<h4 class=\"\" data-start=\"1329\" data-end=\"1381\"><strong data-start=\"1334\" data-end=\"1379\">\u0141\u00f3\u017cko Miyo &#8211; wersja bez nadstawki to idealne rozwi\u0105zanie dla dzieci w r\u00f3\u017cnym wieku.<\/strong><\/h4>\n<p>&nbsp;<\/p>\n<p class=\"\" data-start=\"1383\" data-end=\"1581\">Zastanawiasz si\u0119, <strong data-start=\"1401\" data-end=\"1459\">jakie \u0142\u00f3\u017cko b\u0119dzie odpowiednie dla 3-, 4- czy 6-latka?<\/strong><\/p>\n<p class=\"\" data-start=\"1383\" data-end=\"1581\">\u0141\u00f3\u017cko MIYO dzi\u0119ki swojemu przemy\u015blanemu projektowi \u015bwietnie sprawdzi si\u0119 zar\u00f3wno dla m\u0142odszych, jak i starszych dzieci.<\/p>\n<p>&nbsp;<\/p>\n<p class=\"\" data-start=\"1583\" data-end=\"2151\"><strong data-start=\"1586\" data-end=\"1604\">Dla 2-3-latk\u00f3w<\/strong> \u2013 niska konstrukcja i ochronne barierki sprawiaj\u0105, \u017ce \u0142\u00f3\u017cko jest doskona\u0142\u0105 alternatyw\u0105 dla tradycyjnych \u0142\u00f3\u017ceczek dzieci\u0119cych.<\/p>\n<p class=\"\" data-start=\"1583\" data-end=\"2151\">To bezpieczna przestrze\u0144, kt\u00f3ra u\u0142atwia przej\u015bcie z \u0142\u00f3\u017ceczka niemowl\u0119cego do &#8222;doros\u0142ego&#8221; \u0142\u00f3\u017cka.<\/p>\n<p class=\"\" data-start=\"1583\" data-end=\"2151\"><br data-start=\"1826\" data-end=\"1829\" \/><strong data-start=\"1832\" data-end=\"1850\">Dla 4-6-latk\u00f3w<\/strong> \u2013 wi\u0119ksza przestrze\u0144 do spania zapewnia komfort i wygod\u0119, a design domku inspiruje do kreatywnych zabaw.<\/p>\n<p class=\"\" data-start=\"1583\" data-end=\"2151\"><br data-start=\"1955\" data-end=\"1958\" \/><strong data-start=\"1962\" data-end=\"1987\">Dla dzieci w wieku 7+<\/strong> \u2013 pe\u0142nowymiarowy wymiar 90&#215;190 cm sprawia, \u017ce \u0142\u00f3\u017cko b\u0119dzie s\u0142u\u017cy\u0107 przez d\u0142ugie lata, a jego ponadczasowy wygl\u0105d doskonale wpasuje si\u0119 w rosn\u0105ce potrzeby dziecka.<\/p>\n<p class=\"\" data-start=\"2153\" data-end=\"2246\">To doskona\u0142a inwestycja, kt\u00f3ra &#8222;ro\u015bnie&#8221; razem z maluchem i dostosowuje si\u0119 do jego potrzeb.<\/p>\n","image":"https:\/\/inmondo.pl\/wp-content\/uploads\/2025\/04\/image00037.jpeg"},{"acf_fc_layout":"section_woocommerce_text_image","is_active":true,"anchor":"#opis","text_align":"textAlign--right","grid_width":"main","wysiwyg":"<p class=\"\" data-start=\"2912\" data-end=\"3032\">Aby stworzy\u0107 idealne miejsce do snu i odpoczynku, warto dobra\u0107 odpowiednie akcesoria do \u0142\u00f3\u017cka.<\/p>\n<p>&nbsp;<\/p>\n<p class=\"\" data-start=\"2912\" data-end=\"3032\">Oto nasze rekomendacje:<\/p>\n<p class=\"\" data-start=\"3034\" data-end=\"3511\"><strong data-start=\"3286\" data-end=\"3333\"><a href=\"https:\/\/inmondo.pl\/sklep\/elementy\/oswietlenie\/\">Lampki LED<\/a> <\/strong>\u00a0\u2013 tworz\u0105 przytuln\u0105 atmosfer\u0119 i pomagaj\u0105 dziecku zasn\u0105\u0107.<\/p>\n<p class=\"\" data-start=\"3034\" data-end=\"3511\"><a href=\"https:\/\/inmondo.pl\/sklep\/kolekcje\/baldachim-lniany\/\"><strong data-start=\"3395\" data-end=\"3418\">Baldachim nad \u0142\u00f3\u017cko<\/strong> <\/a>\u2013 doda wn\u0119trzu bajkowego klimatu i sprawi, \u017ce dziecko poczuje si\u0119 jak w magicznej krainie.<\/p>\n<p>&nbsp;<\/p>\n<p class=\"\" data-start=\"3513\" data-end=\"3625\">\u0141\u00f3\u017cko MIYO to <strong data-start=\"3527\" data-end=\"3554\">wi\u0119cej ni\u017c zwyk\u0142e \u0142\u00f3\u017cko<\/strong> \u2013 to miejsce, gdzie zaczynaj\u0105 si\u0119 najpi\u0119kniejsze dzieci\u0119ce przygody!<\/p>\n","image":"https:\/\/inmondo.pl\/wp-content\/uploads\/2025\/04\/image00035.jpeg"},{"acf_fc_layout":"section_woocommerce_lookbook","is_active":true,"anchor":"#lookbook","header":"","repeater":[{"shortcode":"[woocommerce_lookbook id=\"9315\"]"},{"shortcode":"[woocommerce_lookbook id=\"7409\"]"},{"shortcode":"[woocommerce_lookbook id=\"7407\"]"}]},{"acf_fc_layout":"section_woocommerce_opinions","is_active":true,"anchor":"#opinie"},{"acf_fc_layout":"section_woocommerce_otherFromCategory","is_active":false,"anchor":"#inne"}],"wymiary":"Wysoko\u015b\u0107: <br \/>\r\nSzeroko\u015b\u0107 ca\u0142kowita: 196,5 cm<br \/>\r\nG\u0142\u0119boko\u015b\u0107 ca\u0142kowita: 96,5<br \/>\r\n<br \/>\r\nWymiar miejsca do spania: 90 x 190 cm<br \/>\r\nWysoko\u015b\u0107 od pod\u0142ogi do powierzchni spania z materacem Resto - 39 cm <br \/>\r\n<br \/>\r\nBarierka d\u0142uga: 106 x 29,4 cm<br \/>\r\nBarierki kr\u00f3tkie:  63 x 29,4 cm","materialy":"drewno sosnowe","czas_realizacji":""},"yoast_head":"<!-- This site is optimized with the Yoast SEO plugin v27.3 - https:\/\/yoast.com\/product\/yoast-seo-wordpress\/ -->\n<title>\u0141\u00f3\u017cko dzieci\u0119ce pojedyncze Miyo - 100% drewno - Inmondo<\/title>\n<meta name=\"description\" content=\"Szukasz idealnego \u0142\u00f3\u017cka dla swojego malucha? \u0141\u00f3\u017cko dzieci\u0119ce Miyo to spe\u0142nienie marze\u0144 ka\u017cdego dziecka. Sprawd\u017a \u0142\u00f3\u017cko Miyo od Inmondo!\" \/>\n<meta name=\"robots\" content=\"index, follow, max-snippet:-1, max-image-preview:large, max-video-preview:-1\" \/>\n<link rel=\"canonical\" href=\"https:\/\/inmondo.pl\/de\/sklep\/elementy\/lozka\/lozko-dzieciece-pojedyncze-miyo\/\" \/>\n<meta property=\"og:locale\" content=\"de_DE\" \/>\n<meta property=\"og:type\" content=\"article\" \/>\n<meta property=\"og:title\" content=\"\u0141\u00f3\u017cko dzieci\u0119ce pojedyncze Miyo - 100% drewno - Inmondo\" \/>\n<meta property=\"og:description\" content=\"Szukasz idealnego \u0142\u00f3\u017cka dla swojego malucha? \u0141\u00f3\u017cko dzieci\u0119ce Miyo to spe\u0142nienie marze\u0144 ka\u017cdego dziecka. Sprawd\u017a \u0142\u00f3\u017cko Miyo od Inmondo!\" \/>\n<meta property=\"og:url\" content=\"https:\/\/inmondo.pl\/de\/sklep\/elementy\/lozka\/lozko-dzieciece-pojedyncze-miyo\/\" \/>\n<meta property=\"og:site_name\" content=\"Inmondo\" \/>\n<meta property=\"article:modified_time\" content=\"2026-04-15T09:01:23+00:00\" \/>\n<meta property=\"og:image\" content=\"https:\/\/inmondo.pl\/wp-content\/uploads\/2025\/06\/Miyo-Kaszmir_bez_barierki_bez_daszku.png\" \/>\n\t<meta property=\"og:image:width\" content=\"1080\" \/>\n\t<meta property=\"og:image:height\" content=\"1080\" \/>\n\t<meta property=\"og:image:type\" content=\"image\/png\" \/>\n<meta name=\"twitter:card\" content=\"summary_large_image\" \/>\n<meta name=\"twitter:label1\" content=\"Gesch\u00e4tzte Lesezeit\" \/>\n\t<meta name=\"twitter:data1\" content=\"3\u00a0Minuten\" \/>\n<script type=\"application\/ld+json\" class=\"yoast-schema-graph\">{\"@context\":\"https:\\\/\\\/schema.org\",\"@graph\":[{\"@type\":\"WebPage\",\"@id\":\"https:\\\/\\\/inmondo.pl\\\/sklep\\\/elementy\\\/lozka\\\/lozko-dzieciece-pojedyncze-miyo\\\/\",\"url\":\"https:\\\/\\\/inmondo.pl\\\/sklep\\\/elementy\\\/lozka\\\/lozko-dzieciece-pojedyncze-miyo\\\/\",\"name\":\"\u0141\u00f3\u017cko dzieci\u0119ce pojedyncze Miyo - 100% drewno - Inmondo\",\"isPartOf\":{\"@id\":\"https:\\\/\\\/inmondo.pl\\\/#website\"},\"primaryImageOfPage\":{\"@id\":\"https:\\\/\\\/inmondo.pl\\\/sklep\\\/elementy\\\/lozka\\\/lozko-dzieciece-pojedyncze-miyo\\\/#primaryimage\"},\"image\":{\"@id\":\"https:\\\/\\\/inmondo.pl\\\/sklep\\\/elementy\\\/lozka\\\/lozko-dzieciece-pojedyncze-miyo\\\/#primaryimage\"},\"thumbnailUrl\":\"https:\\\/\\\/inmondo.pl\\\/wp-content\\\/uploads\\\/2025\\\/06\\\/Miyo-Kaszmir_bez_barierki_bez_daszku.png\",\"datePublished\":\"2025-06-03T07:00:11+00:00\",\"dateModified\":\"2026-04-15T09:01:23+00:00\",\"description\":\"Szukasz idealnego \u0142\u00f3\u017cka dla swojego malucha? \u0141\u00f3\u017cko dzieci\u0119ce Miyo to spe\u0142nienie marze\u0144 ka\u017cdego dziecka. Sprawd\u017a \u0142\u00f3\u017cko Miyo od Inmondo!\",\"breadcrumb\":{\"@id\":\"https:\\\/\\\/inmondo.pl\\\/sklep\\\/elementy\\\/lozka\\\/lozko-dzieciece-pojedyncze-miyo\\\/#breadcrumb\"},\"inLanguage\":\"de\",\"potentialAction\":[{\"@type\":\"ReadAction\",\"target\":[\"https:\\\/\\\/inmondo.pl\\\/sklep\\\/elementy\\\/lozka\\\/lozko-dzieciece-pojedyncze-miyo\\\/\"]}]},{\"@type\":\"ImageObject\",\"inLanguage\":\"de\",\"@id\":\"https:\\\/\\\/inmondo.pl\\\/sklep\\\/elementy\\\/lozka\\\/lozko-dzieciece-pojedyncze-miyo\\\/#primaryimage\",\"url\":\"https:\\\/\\\/inmondo.pl\\\/wp-content\\\/uploads\\\/2025\\\/06\\\/Miyo-Kaszmir_bez_barierki_bez_daszku.png\",\"contentUrl\":\"https:\\\/\\\/inmondo.pl\\\/wp-content\\\/uploads\\\/2025\\\/06\\\/Miyo-Kaszmir_bez_barierki_bez_daszku.png\",\"width\":1080,\"height\":1080},{\"@type\":\"BreadcrumbList\",\"@id\":\"https:\\\/\\\/inmondo.pl\\\/sklep\\\/elementy\\\/lozka\\\/lozko-dzieciece-pojedyncze-miyo\\\/#breadcrumb\",\"itemListElement\":[{\"@type\":\"ListItem\",\"position\":1,\"name\":\"Strona g\u0142\u00f3wna\",\"item\":\"https:\\\/\\\/inmondo.pl\\\/\"},{\"@type\":\"ListItem\",\"position\":2,\"name\":\"Oferta Inmondo: spe\u0142niamy marzenia i wymagania\",\"item\":\"https:\\\/\\\/inmondo.pl\\\/sklep\\\/\"},{\"@type\":\"ListItem\",\"position\":3,\"name\":\"Elementy\",\"item\":\"https:\\\/\\\/inmondo.pl\\\/sklep\\\/elementy\\\/\"},{\"@type\":\"ListItem\",\"position\":4,\"name\":\"\u0141\u00f3\u017cka\",\"item\":\"https:\\\/\\\/inmondo.pl\\\/sklep\\\/elementy\\\/lozka\\\/\"},{\"@type\":\"ListItem\",\"position\":5,\"name\":\"\u0141\u00f3\u017cko dzieci\u0119ce pojedyncze Miyo &#8211; 100% drewno\"}]},{\"@type\":\"WebSite\",\"@id\":\"https:\\\/\\\/inmondo.pl\\\/#website\",\"url\":\"https:\\\/\\\/inmondo.pl\\\/\",\"name\":\"Inmondo\",\"description\":\"\",\"potentialAction\":[{\"@type\":\"SearchAction\",\"target\":{\"@type\":\"EntryPoint\",\"urlTemplate\":\"https:\\\/\\\/inmondo.pl\\\/?s={search_term_string}\"},\"query-input\":{\"@type\":\"PropertyValueSpecification\",\"valueRequired\":true,\"valueName\":\"search_term_string\"}}],\"inLanguage\":\"de\"}]}<\/script>\n<!-- \/ Yoast SEO plugin. -->","yoast_head_json":{"title":"Miyo Kinder Einzelbett - 100% Holz - Inmondo","description":"Sie suchen das perfekte Bett f\u00fcr Ihr Kind? Das Kinderbett Miyo ist der wahr gewordene Traum eines jeden Kindes. Sehen Sie sich das Miyo Bett von Inmondo an!","robots":{"index":"index","follow":"follow","max-snippet":"max-snippet:-1","max-image-preview":"max-image-preview:large","max-video-preview":"max-video-preview:-1"},"canonical":"https:\/\/inmondo.pl\/de\/sklep\/elementy\/lozka\/lozko-dzieciece-pojedyncze-miyo\/","og_locale":"de_DE","og_type":"article","og_title":"\u0141\u00f3\u017cko dzieci\u0119ce pojedyncze Miyo - 100% drewno - Inmondo","og_description":"Szukasz idealnego \u0142\u00f3\u017cka dla swojego malucha? \u0141\u00f3\u017cko dzieci\u0119ce Miyo to spe\u0142nienie marze\u0144 ka\u017cdego dziecka. Sprawd\u017a \u0142\u00f3\u017cko Miyo od Inmondo!","og_url":"https:\/\/inmondo.pl\/de\/sklep\/elementy\/lozka\/lozko-dzieciece-pojedyncze-miyo\/","og_site_name":"Inmondo","article_modified_time":"2026-04-15T09:01:23+00:00","og_image":[{"width":1080,"height":1080,"url":"https:\/\/inmondo.pl\/wp-content\/uploads\/2025\/06\/Miyo-Kaszmir_bez_barierki_bez_daszku.png","type":"image\/png"}],"twitter_card":"summary_large_image","twitter_misc":{"Gesch\u00e4tzte Lesezeit":"3\u00a0Minuten"},"schema":{"@context":"https:\/\/schema.org","@graph":[{"@type":"WebPage","@id":"https:\/\/inmondo.pl\/sklep\/elementy\/lozka\/lozko-dzieciece-pojedyncze-miyo\/","url":"https:\/\/inmondo.pl\/sklep\/elementy\/lozka\/lozko-dzieciece-pojedyncze-miyo\/","name":"Miyo Kinder Einzelbett - 100% Holz - Inmondo","isPartOf":{"@id":"https:\/\/inmondo.pl\/#website"},"primaryImageOfPage":{"@id":"https:\/\/inmondo.pl\/sklep\/elementy\/lozka\/lozko-dzieciece-pojedyncze-miyo\/#primaryimage"},"image":{"@id":"https:\/\/inmondo.pl\/sklep\/elementy\/lozka\/lozko-dzieciece-pojedyncze-miyo\/#primaryimage"},"thumbnailUrl":"https:\/\/inmondo.pl\/wp-content\/uploads\/2025\/06\/Miyo-Kaszmir_bez_barierki_bez_daszku.png","datePublished":"2025-06-03T07:00:11+00:00","dateModified":"2026-04-15T09:01:23+00:00","description":"Sie suchen das perfekte Bett f\u00fcr Ihr Kind? Das Kinderbett Miyo ist der wahr gewordene Traum eines jeden Kindes. Sehen Sie sich das Miyo Bett von Inmondo an!","breadcrumb":{"@id":"https:\/\/inmondo.pl\/sklep\/elementy\/lozka\/lozko-dzieciece-pojedyncze-miyo\/#breadcrumb"},"inLanguage":"de","potentialAction":[{"@type":"ReadAction","target":["https:\/\/inmondo.pl\/sklep\/elementy\/lozka\/lozko-dzieciece-pojedyncze-miyo\/"]}]},{"@type":"ImageObject","inLanguage":"de","@id":"https:\/\/inmondo.pl\/sklep\/elementy\/lozka\/lozko-dzieciece-pojedyncze-miyo\/#primaryimage","url":"https:\/\/inmondo.pl\/wp-content\/uploads\/2025\/06\/Miyo-Kaszmir_bez_barierki_bez_daszku.png","contentUrl":"https:\/\/inmondo.pl\/wp-content\/uploads\/2025\/06\/Miyo-Kaszmir_bez_barierki_bez_daszku.png","width":1080,"height":1080},{"@type":"BreadcrumbList","@id":"https:\/\/inmondo.pl\/sklep\/elementy\/lozka\/lozko-dzieciece-pojedyncze-miyo\/#breadcrumb","itemListElement":[{"@type":"ListItem","position":1,"name":"Strona g\u0142\u00f3wna","item":"https:\/\/inmondo.pl\/"},{"@type":"ListItem","position":2,"name":"Oferta Inmondo: spe\u0142niamy marzenia i wymagania","item":"https:\/\/inmondo.pl\/sklep\/"},{"@type":"ListItem","position":3,"name":"Elementy","item":"https:\/\/inmondo.pl\/sklep\/elementy\/"},{"@type":"ListItem","position":4,"name":"\u0141\u00f3\u017cka","item":"https:\/\/inmondo.pl\/sklep\/elementy\/lozka\/"},{"@type":"ListItem","position":5,"name":"\u0141\u00f3\u017cko dzieci\u0119ce pojedyncze Miyo &#8211; 100% drewno"}]},{"@type":"WebSite","@id":"https:\/\/inmondo.pl\/#website","url":"https:\/\/inmondo.pl\/","name":"Inmondo","description":"","potentialAction":[{"@type":"SearchAction","target":{"@type":"EntryPoint","urlTemplate":"https:\/\/inmondo.pl\/?s={search_term_string}"},"query-input":{"@type":"PropertyValueSpecification","valueRequired":true,"valueName":"search_term_string"}}],"inLanguage":"de"}]}},"wcpa_form_fields":{"wcpaData":{"product":{"product_price":1090,"price_html":"<span class=\"woocommerce-Price-amount amount\">1 090&nbsp;<span class=\"woocommerce-Price-currencySymbol\">&#122;&#322;<\/span><\/span>","original_product_price":1090,"price_including_tax":1090,"price_excluding_tax":886.178862,"product_id":{"parent":9988,"variation":false},"is_variable":true,"stock_status":"instock","stock_quantity":9,"parent_sku":"9988","product_attributes":{"pa_kolor":{"is_variation":true,"values":[]},"pa_barierka-miyo":{"is_variation":false,"values":["barierka-dluga","2-x-krotka","bez-barierki"]},"pa_szuflady-miyo":{"is_variation":false,"values":["tak","nie"]}},"custom_fields":[],"is_taxable":true},"fields":{"sec_769b17aac567d5":{"extra":{"key":"sec_769b17aac567d5","section_id":"sec_769b17aac567d5","name":"Default","status":1,"cl_rule":"show","enableCl":false,"relations":[],"toggle":true,"title_tag":"h3","show_title":false,"showPrice":"default","form_id":12287,"form_rules":{"exclude_from_discount":false,"fee_label":"Geb\u00fchr","disp_hide_options_price":false,"disp_show_section_price":false,"disp_show_field_price":false,"layout_option":"standard","pric_use_as_fee":false,"process_fee_as":"woo_fee"},"layout_option":"standard"},"fields":[[{"active":true,"col":3,"relations":false,"cl_rule":"show","enableCl":false,"price":"","enablePrice":true,"className":"barierka","label_position":"default","desc_position":"default","type":"productGroup","required":false,"elementId":"product_group_1749911240","name":"product_group_1749911240","label":"Barierka","values":[{"label":"Barierka d\u0142uga - Bia\u0142y","value":"11312","selected":false,"tempId":"aco_1790","price":"230","gt_translate_keys":["label"],"stock_status":"instock"},{"label":"Barierka d\u0142uga - Jasny szary","value":"11313","selected":false,"tempId":"aco_1879","price":"230","gt_translate_keys":["label"],"stock_status":"instock"},{"label":"Barierka d\u0142uga - Naturalny","value":"11314","selected":false,"tempId":"aco_1891","price":"230","gt_translate_keys":["label"],"stock_status":"onbackorder"},{"label":"Barierka d\u0142uga - Kaszmir","value":"11315","selected":false,"tempId":"aco_1903","price":"230","gt_translate_keys":["label"],"stock_status":"onbackorder"},{"label":"Barierka d\u0142uga - Sza\u0142wia","value":"11316","selected":false,"tempId":"aco_1915","price":"230","gt_translate_keys":["label"],"stock_status":"instock"},{"label":"Barierka kr\u00f3tka - Bia\u0142y","value":"11320","selected":false,"tempId":"aco_2895","price":"260","gt_translate_keys":["label"],"stock_status":"instock"},{"label":"Barierka kr\u00f3tka - Jasny szary","value":"11321","selected":false,"tempId":"aco_2907","price":"260","gt_translate_keys":["label"],"stock_status":"instock"},{"label":"Barierka kr\u00f3tka - Naturalny","value":"11322","selected":false,"tempId":"aco_2919","price":"260","gt_translate_keys":["label"],"stock_status":"onbackorder"},{"label":"Barierka kr\u00f3tka - Kaszmir","value":"11323","selected":false,"tempId":"aco_2931","price":"260","gt_translate_keys":["label"],"stock_status":"instock"},{"label":"Barierka kr\u00f3tka - Sza\u0142wia","value":"11324","selected":false,"tempId":"aco_2943","price":"260","gt_translate_keys":["label"],"stock_status":"instock"}],"disp_type":"circle","error":false,"options_description":false,"layOut":"","checkUi":"button","description":"","custom_label":true,"independentQuantity":false,"independent":false,"priceOptions":"different_for_all","pricingType":"fixed","gt_translate_keys":["label","description"],"price_dependency":false,"cl_dependency":false,"disp_size_img":{"width":75,"height":75},"value":""},{"label":"Szuflada","active":true,"required":false,"elementId":"productGroup-3284474061","description":"","name":"productGroup-3284474061","label_position":"default","desc_position":"default","enablePrice":true,"className":"barierka","enableCl":false,"relations":false,"checkUi":"button","layOut":"","options_description":false,"custom_label":true,"disp_type":"circle","independentQuantity":false,"independent":false,"values":[{"label":"Szuflada - Bia\u0142y","value":"11326","selected":false,"tempId":"aco_1790","price":"770","gt_translate_keys":["label"],"stock_status":"instock"},{"label":"Szuflada - Jasny szary","value":"11327","selected":false,"tempId":"aco_1879","price":"770","gt_translate_keys":["label"],"stock_status":"instock"},{"label":"Szuflada - Naturalny","value":"11328","selected":false,"tempId":"aco_1891","price":"770","gt_translate_keys":["label"],"stock_status":"onbackorder"},{"label":"Szuflada - Kaszmir","value":"11329","selected":false,"tempId":"aco_1903","price":"770","gt_translate_keys":["label"],"stock_status":"onbackorder"},{"label":"Szuflada - Sza\u0142wia","value":"11330","selected":false,"tempId":"aco_1915","price":"770","gt_translate_keys":["label"],"stock_status":"instock"}],"priceOptions":"different_for_all","price":"","cl_rule":"show","col":3,"type":"productGroup","error":false,"pricingType":"fixed","gt_translate_keys":["label","description"],"price_dependency":false,"cl_dependency":false,"disp_size_img":{"width":75,"height":75},"value":""}]]}},"config":{"price_override":"","enable_recaptcha":false,"bind_quantity":false,"quantity_bind_formula":"","disp_summ_show_option_price":true,"disp_summ_show_product_price":true,"disp_summ_show_total_price":true,"disp_summ_show_fee":false,"disp_summ_show_discount":false,"summary_title":"","options_total_label":"Cena wariant\u00f3w","total_label":"\u0141\u0105cznie","options_product_label":"Cena produktu","fee_label":"Geb\u00fchr","discount_label":"Obni\u017cka","has_price":true,"has_quantity_formula":false},"mc_unit":1,"tax_rate":1,"tax_rate_real":0.23,"discount":{"percentage":0,"fixed":0},"design":{"conf":{"LabelPosition":"above","DescPosition":"above","UploadField":"custom_1","QuantityFieldStyle":"default"},"css":{"LeftLabelWidth":"120px"}},"formulas":[],"clones":false,"cartKey":false}},"_links":{"self":[{"href":"https:\/\/inmondo.pl\/de\/wp-json\/wp\/v2\/product\/9988","targetHints":{"allow":["GET"]}}],"collection":[{"href":"https:\/\/inmondo.pl\/de\/wp-json\/wp\/v2\/product"}],"about":[{"href":"https:\/\/inmondo.pl\/de\/wp-json\/wp\/v2\/types\/product"}],"replies":[{"embeddable":true,"href":"https:\/\/inmondo.pl\/de\/wp-json\/wp\/v2\/comments?post=9988"}],"wp:featuredmedia":[{"embeddable":true,"href":"https:\/\/inmondo.pl\/de\/wp-json\/wp\/v2\/media\/11358"}],"wp:attachment":[{"href":"https:\/\/inmondo.pl\/de\/wp-json\/wp\/v2\/media?parent=9988"}],"wp:term":[{"taxonomy":"product_brand","embeddable":true,"href":"https:\/\/inmondo.pl\/de\/wp-json\/wp\/v2\/product_brand?post=9988"},{"taxonomy":"product_cat","embeddable":true,"href":"https:\/\/inmondo.pl\/de\/wp-json\/wp\/v2\/product_cat?post=9988"},{"taxonomy":"product_tag","embeddable":true,"href":"https:\/\/inmondo.pl\/de\/wp-json\/wp\/v2\/product_tag?post=9988"}],"curies":[{"name":"wp","href":"https:\/\/api.w.org\/{rel}","templated":true}]}}