{"id":9892,"date":"2025-06-03T13:09:24","date_gmt":"2025-06-03T11:09:24","guid":{"rendered":"https:\/\/inmondo.pl\/?post_type=product&#038;p=9892"},"modified":"2026-04-14T07:52:43","modified_gmt":"2026-04-14T05:52:43","slug":"carmela-lozko-pojedyncze","status":"publish","type":"product","link":"https:\/\/inmondo.pl\/de\/sklep\/elementy\/lozka\/carmela-lozko-pojedyncze\/","title":{"rendered":"Carmela Einzelbett 90\u00d7200 cm - 100% Holz"},"content":{"rendered":"","protected":false},"excerpt":{"rendered":"<p data-start=\"2181\" data-end=\"2585\">Entdecken Sie die Einzelversion des beliebten Bettes aus der Carmela-Kollektion - geschaffen f\u00fcr Kinder, die einen einzigartigen Platz zum Schlafen, Spielen und Ausruhen verdient haben.<\/p>\n<p data-start=\"2181\" data-end=\"2585\">Das Kinderbett Carmela 90\u00d7200 verbindet Funktionalit\u00e4t mit einem einzigartigen, von der Cottage-\u00c4sthetik inspirierten Vintage-Stil.<\/p>\n<p data-start=\"2181\" data-end=\"2585\">Die dezente Form, die nat\u00fcrlichen Farben und die sorgf\u00e4ltig gearbeiteten Details bringen Gem\u00fctlichkeit und Ruhe ins Kinderzimmer.<\/p>\n<p data-start=\"2587\" data-end=\"2744\">Es ist das perfekte Kinderbett f\u00fcr M\u00e4dchen und Jungen - es w\u00e4chst mit Ihrem Kind mit und passt sich an seine Entwicklungsstufen und wechselnden Bed\u00fcrfnisse an.<\/p>\n<p data-start=\"1154\" data-end=\"1575\">Gestalten Sie einen Raum, in dem Boho-Stil auf gem\u00fctlichen Vintage-Stil trifft, und schaffen Sie so das Traumzimmer Ihres Kindes.<\/p>\n<p data-start=\"1154\" data-end=\"1575\">Kombinieren Sie eine Kommode, ein B\u00fccherregal oder einen Schreibtisch mit der Collet-Kollektion, um ein koh\u00e4rentes, funktionales und charmantes Arrangement zu schaffen, das leicht zu pflegen ist und jeden Tag aufs Neue Freude bereitet.<\/p>\n<p data-start=\"1154\" data-end=\"1575\">Auf unserer Website finden Sie auch speziell f\u00fcr dieses Bett entworfene Vorh\u00e4nge \ud83d\ude42\u00a0<a href=\"https:\/\/inmondo.pl\/de\/sklep\/elementy\/matratzenrestaurierung\/\">RESTO 90<\/a>\u00a0oder\u00a0<a href=\"https:\/\/inmondo.pl\/de\/sklep\/elementy\/matratze-resto-duo-90\/\">RESTO DUO 90<\/a> und <a href=\"https:\/\/inmondo.pl\/de\/sklep\/elementy\/matratzenrestaurierung-2\/\" target=\"_blank\" rel=\"noopener\">Matratze f\u00fcr Schublade<\/a>.<\/p>","protected":false},"featured_media":10455,"comment_status":"open","ping_status":"closed","template":"","meta":{"_acf_changed":true},"product_brand":[],"product_cat":[200,20,17,21,99],"product_tag":[],"class_list":{"0":"post-9892","1":"product","2":"type-product","3":"status-publish","4":"has-post-thumbnail","6":"product_cat-carmela","7":"product_cat-elementy","8":"product_cat-kolekcje","9":"product_cat-lozka","10":"product_cat-meble-dostepne","11":"wcpa_has_options","13":"first","14":"instock","15":"featured","16":"taxable","17":"shipping-taxable","18":"purchasable","19":"product-type-variable","20":"has-default-attributes"},"acf":{"sections_woocommerce":[{"acf_fc_layout":"section_menu","is_active":true,"repeater":[{"text":"Opis","link":"#opis"},{"text":"Lookbook","link":"#lookbook"},{"text":"Opinie","link":"#opinie"},{"text":"Inne z Kolekcji","link":"#inne"}]},{"acf_fc_layout":"section_woocommerce_text_image","is_active":true,"anchor":"opis","text_align":"textAlign--left","grid_width":"main","wysiwyg":"<p>\u0141\u00f3\u017cko dzieci\u0119ce Carmela to esencja stylu Cottage i Vintage \u2013 lekkie, klasyczne linie i ciep\u0142a, naturalna kolorystyka sprawiaj\u0105, \u017ce doskonale wkomponuje si\u0119 w przytulne wn\u0119trza.<\/p>\n<p>Wykonane z solidnego drewna, stanowi trwa\u0142y i estetyczny element wyposa\u017cenia pokoju dziecka.<\/p>\n<p>Dzi\u0119ki uniwersalnemu designowi \u015bwietnie sprawdzi si\u0119 w pokoju ch\u0142opca i dziewczynki \u2013 od przedszkolaka po dziecko w wieku nastoletnim.<\/p>\n","image":"https:\/\/inmondo.pl\/wp-content\/uploads\/2025\/05\/T0A3744.jpeg"},{"acf_fc_layout":"section_woocommerce_text_image","is_active":true,"anchor":"opis","text_align":"textAlign--right","grid_width":"main","wysiwyg":"<h4 data-start=\"3230\" data-end=\"3269\">Funkcjonalno\u015b\u0107 i bezpiecze\u0144stwo<\/h4>\n<p data-start=\"3271\" data-end=\"3669\">\u0141\u00f3\u017cko Carmela to nie tylko estetyka, ale i bezpiecze\u0144stwo \u2013 jego konstrukcja zapewnia stabilno\u015b\u0107, a zaokr\u0105glone kraw\u0119dzie dbaj\u0105 o komfort u\u017cytkowania na co dzie\u0144.<\/p>\n<p data-start=\"3271\" data-end=\"3669\">\u0141\u00f3\u017cko spe\u0142nia wymagania nowoczesnych rodzic\u00f3w szukaj\u0105cych bezpiecznych i pi\u0119knych rozwi\u0105za\u0144 dla swoich dzieci.<\/p>\n<p data-start=\"3271\" data-end=\"3669\">Jest przystosowane do materaca o wymiarach 90&#215;200 cm \u2013 standardowy rozmiar, kt\u00f3ry pozwoli korzysta\u0107 z \u0142\u00f3\u017cka przez wiele lat.<\/p>\n<p>\u0141\u00f3\u017cka lakierujemy farbami wodnymi, bezzapachowymi, ekologicznymi. Farby wodne s\u0105 hipoalergiczna i bezpieczna dla dzieci.<\/p>\n","image":"https:\/\/inmondo.pl\/wp-content\/uploads\/2025\/05\/T0A3758.jpeg"},{"acf_fc_layout":"section_woocommerce_text_image","is_active":true,"anchor":"opis","text_align":"textAlign--left","grid_width":"main","wysiwyg":"<p data-start=\"221\" data-end=\"776\">Ka\u017cdy detal \u0142\u00f3\u017cka zosta\u0142 zaprojektowany z pasj\u0105 i precyzj\u0105, aby stworzy\u0107 co\u015b naprawd\u0119 wyj\u0105tkowego.<\/p>\n<p data-start=\"221\" data-end=\"776\">Pi\u0119knie podci\u0119te nogi \u0142\u00f3\u017cka nadaj\u0105 ca\u0142ej konstrukcji lekko\u015bci i elegancji, a delikatnie zaokr\u0105glone szczeblinki dodaj\u0105 mu przytulnego charakteru.<\/p>\n<p data-start=\"221\" data-end=\"776\">Szuflada idealnie wpasowana pod \u0142\u00f3\u017cko to nie tylko praktyczne rozwi\u0105zanie, ale te\u017c efekt perfekcyjnego dopasowania, gwarantowany efekt \u201ewow\u201d za ka\u017cdym razem.<\/p>\n","image":"https:\/\/inmondo.pl\/wp-content\/uploads\/2025\/06\/T0A3765.jpeg"},{"acf_fc_layout":"section_woocommerce_text_image","is_active":true,"anchor":"opis","text_align":"textAlign--right","grid_width":"main","wysiwyg":"<p data-start=\"221\" data-end=\"776\">Nasze drewniane \u0142\u00f3\u017cko dzieci\u0119ce o wymiarach 90&#215;200 cm zosta\u0142o stworzone z my\u015bl\u0105 o dzieciach, kt\u00f3re potrzebuj\u0105 bezpiecznej, przytulnej przestrzeni do odpoczynku i zabawy.<\/p>\n<p data-start=\"221\" data-end=\"776\">Inspirowane klimatem boho, vintage i cottage, to \u0142\u00f3\u017cko wprowadza do pokoju subteln\u0105 elegancj\u0119 i sielankowy nastr\u00f3j, kt\u00f3ry pokochaj\u0105 zar\u00f3wno dzieci, jak i rodzice ceni\u0105cy autentyczno\u015b\u0107 i naturalne materia\u0142y.<\/p>\n","image":"https:\/\/inmondo.pl\/wp-content\/uploads\/2025\/05\/T0A3811.jpeg"},{"acf_fc_layout":"section_woocommerce_text_image","is_active":true,"anchor":"opis","text_align":"textAlign--left","grid_width":"main","wysiwyg":"<p>\u0141\u00f3\u017cko pojedyncze Carmela mo\u017cesz \u0142atwo rozbudowa\u0107, tworz\u0105c wyj\u0105tkowy zestaw dzi\u0119ki dw\u00f3m elementom:<a href=\"https:\/\/inmondo.pl\/sklep\/kolekcje\/oferta-uzupelniajaca\/barierka-do-lozka-carmela\/\"> <strong data-start=\"403\" data-end=\"432\">barierce zabezpieczaj\u0105cej<\/strong><\/a> oraz <a href=\"https:\/\/inmondo.pl\/sklep\/kolekcje\/oferta-uzupelniajaca\/szuflada-do-lozka-carmela\/\"><strong data-start=\"438\" data-end=\"478\">pojemnej szufladzie z funkcj\u0105 spania \/ przechowywania<\/strong>.<\/a><\/p>\n<p>Barierka to doskona\u0142e wsparcie do nauki samodzielnego spania. Rodzice dzi\u0119ki temu zyskuj\u0105 pewno\u015b\u0107, \u017ce sen dziecka b\u0119dzie bezpieczny.<\/p>\n<p>Szuflada natomiast to prawdziwe 2w1: w zale\u017cno\u015bci od potrzeb mo\u017ce pe\u0142ni\u0107 rol\u0119 g\u0142\u0119bokiego schowka na po\u015bciel, zabawki lub sezonowe ubrania albo zosta\u0107 wyposa\u017cona w materac i zamieni\u0107 si\u0119 w dodatkowe miejsce do spania.<\/p>\n","image":"https:\/\/inmondo.pl\/wp-content\/uploads\/2025\/06\/T0A3766.jpeg"},{"acf_fc_layout":"section_woocommerce_text_image","is_active":true,"anchor":"opis","text_align":"textAlign--right","grid_width":"main","wysiwyg":"<p data-start=\"1297\" data-end=\"1821\">\u0141\u00f3\u017cko dzieci\u0119ce Carmela to tylko pierwszy krok do stworzenia sp\u00f3jnej, wyj\u0105tkowej przestrzeni dla Twojego dziecka.<\/p>\n<p data-start=\"1297\" data-end=\"1821\">Kolekcja Collet oferuje szeroki wyb\u00f3r mebli i dodatk\u00f3w utrzymanych w tym samym klimacie boho i vintage, kt\u00f3re idealnie dope\u0142ni\u0105 aran\u017cacj\u0119 pokoju.<\/p>\n<p data-start=\"1297\" data-end=\"1821\">Po\u0142\u0105cz \u0142\u00f3\u017cko z komod\u0105, biurkiem czy p\u00f3\u0142kami z tej serii, aby stworzy\u0107 harmonijn\u0105, funkcjonaln\u0105 i pe\u0142n\u0105 uroku przestrze\u0144, w kt\u00f3rej Twoje dziecko b\u0119dzie si\u0119 czu\u0107 wyj\u0105tkowo ka\u017cdego dnia.<\/p>\n","image":"https:\/\/inmondo.pl\/wp-content\/uploads\/2025\/05\/T0A3668.jpeg"},{"acf_fc_layout":"section_woocommerce_lookbook","is_active":true,"anchor":"lookbook","header":"<h2 style=\"text-align: center;\">Inspiracje<\/h2>\n<p>&nbsp;<\/p>\n","repeater":[{"shortcode":"[woocommerce_lookbook id=\"10330\"]"},{"shortcode":"[woocommerce_lookbook id=\"10334\"]"}]},{"acf_fc_layout":"section_woocommerce_opinions","is_active":true,"anchor":"opinie"},{"acf_fc_layout":"section_woocommerce_otherFromCategory","is_active":true,"anchor":"inne"}],"wymiary":"Wysoko\u015b\u0107 ca\u0142kowita: 90 cm<br \/>\r\nSzeroko\u015b\u0107 ca\u0142kowita: 211.4 cm<br \/>\r\nG\u0142\u0119boko\u015b\u0107 ca\u0142kowita: 96.4 cm<br \/>\r\n<br \/>\r\nWymiary miejsca do spania: 90 x 200 cm","materialy":"Drewno sosnowe<br \/>\r\nlakiery wodne UV","czas_realizacji":""},"yoast_head":"<!-- This site is optimized with the Yoast SEO plugin v27.3 - https:\/\/yoast.com\/product\/yoast-seo-wordpress\/ -->\n<title>\u0141\u00f3\u017cko pojedyncze Carmela 90x200 cm - 100% drewno - Inmondo<\/title>\n<meta name=\"robots\" content=\"index, follow, max-snippet:-1, max-image-preview:large, max-video-preview:-1\" \/>\n<link rel=\"canonical\" href=\"https:\/\/inmondo.pl\/de\/sklep\/elementy\/lozka\/carmela-lozko-pojedyncze\/\" \/>\n<meta property=\"og:locale\" content=\"de_DE\" \/>\n<meta property=\"og:type\" content=\"article\" \/>\n<meta property=\"og:title\" content=\"\u0141\u00f3\u017cko pojedyncze Carmela 90x200 cm - 100% drewno - Inmondo\" \/>\n<meta property=\"og:description\" content=\"Poznaj pojedyncz\u0105 wersj\u0119 uwielbianego \u0142\u00f3\u017cka z kolekcji Carmela \u2013 stworzon\u0105 z my\u015bl\u0105 o dzieciach, kt\u00f3re zas\u0142uguj\u0105 na wyj\u0105tkowe miejsce do snu, zabawy i odpoczynku. \u0141\u00f3\u017cko dzieci\u0119ce Carmela 90x200 \u0142\u0105czy w sobie funkcjonalno\u015b\u0107 i wyj\u0105tkowy styl vintage, inspirowany estetyk\u0105 Cottage. Jego subtelna forma, naturalna kolorystyka oraz starannie dopracowane detale wprowadz\u0105 do pokoju dziecka przytulno\u015b\u0107 i spok\u00f3j. To idealne \u0142\u00f3\u017ceczko zar\u00f3wno dla dziewczynki, jak i ch\u0142opca \u2013 b\u0119dzie ros\u0142o razem z dzieckiem, wpisuj\u0105c si\u0119 w kolejne etapy rozwoju i zmieniaj\u0105ce si\u0119 potrzeby. Zbuduj przestrze\u0144, gdzie styl boho spotyka si\u0119 z przytulnym vintage, tworz\u0105c pok\u00f3j marze\u0144 Twojego dziecka. Dopasuj komod\u0119, rega\u0142 czy biurkoz kolekcji Collet, by razem stworzy\u0142y sp\u00f3jn\u0105, funkcjonaln\u0105 i pe\u0142n\u0105 uroku aran\u017cacj\u0119 \u2013 prost\u0105 do utrzymania i zachwycaj\u0105c\u0105 ka\u017cdego dnia. Wybierz dla swoich dzieci r\u00f3wnie\u017c jeden z dw\u00f3ch pasuj\u0105cych do niego modeli materacy\u00a0RESTO 90\u00a0lub\u00a0RESTO DUO 90 oraz materac do szuflady.\" \/>\n<meta property=\"og:url\" content=\"https:\/\/inmondo.pl\/de\/sklep\/elementy\/lozka\/carmela-lozko-pojedyncze\/\" \/>\n<meta property=\"og:site_name\" content=\"Inmondo\" \/>\n<meta property=\"article:modified_time\" content=\"2026-04-14T05:52:43+00:00\" \/>\n<meta property=\"og:image\" content=\"http:\/\/inmondo.pl\/wp-content\/uploads\/2025\/06\/Carmela-bez-pietra-Kaszmir.jpg\" \/>\n\t<meta property=\"og:image:width\" content=\"1200\" \/>\n\t<meta property=\"og:image:height\" content=\"1200\" \/>\n\t<meta property=\"og:image:type\" content=\"image\/jpeg\" \/>\n<meta name=\"twitter:card\" content=\"summary_large_image\" \/>\n<meta name=\"twitter:label1\" content=\"Gesch\u00e4tzte Lesezeit\" \/>\n\t<meta name=\"twitter:data1\" content=\"4\u00a0Minuten\" \/>\n<script type=\"application\/ld+json\" class=\"yoast-schema-graph\">{\"@context\":\"https:\\\/\\\/schema.org\",\"@graph\":[{\"@type\":\"WebPage\",\"@id\":\"https:\\\/\\\/inmondo.pl\\\/sklep\\\/elementy\\\/lozka\\\/carmela-lozko-pojedyncze\\\/\",\"url\":\"https:\\\/\\\/inmondo.pl\\\/sklep\\\/elementy\\\/lozka\\\/carmela-lozko-pojedyncze\\\/\",\"name\":\"\u0141\u00f3\u017cko pojedyncze Carmela 90x200 cm - 100% drewno - Inmondo\",\"isPartOf\":{\"@id\":\"https:\\\/\\\/inmondo.pl\\\/#website\"},\"primaryImageOfPage\":{\"@id\":\"https:\\\/\\\/inmondo.pl\\\/sklep\\\/elementy\\\/lozka\\\/carmela-lozko-pojedyncze\\\/#primaryimage\"},\"image\":{\"@id\":\"https:\\\/\\\/inmondo.pl\\\/sklep\\\/elementy\\\/lozka\\\/carmela-lozko-pojedyncze\\\/#primaryimage\"},\"thumbnailUrl\":\"https:\\\/\\\/inmondo.pl\\\/wp-content\\\/uploads\\\/2025\\\/06\\\/Carmela-bez-pietra-Kaszmir.jpg\",\"datePublished\":\"2025-06-03T11:09:24+00:00\",\"dateModified\":\"2026-04-14T05:52:43+00:00\",\"breadcrumb\":{\"@id\":\"https:\\\/\\\/inmondo.pl\\\/sklep\\\/elementy\\\/lozka\\\/carmela-lozko-pojedyncze\\\/#breadcrumb\"},\"inLanguage\":\"de\",\"potentialAction\":[{\"@type\":\"ReadAction\",\"target\":[\"https:\\\/\\\/inmondo.pl\\\/sklep\\\/elementy\\\/lozka\\\/carmela-lozko-pojedyncze\\\/\"]}]},{\"@type\":\"ImageObject\",\"inLanguage\":\"de\",\"@id\":\"https:\\\/\\\/inmondo.pl\\\/sklep\\\/elementy\\\/lozka\\\/carmela-lozko-pojedyncze\\\/#primaryimage\",\"url\":\"https:\\\/\\\/inmondo.pl\\\/wp-content\\\/uploads\\\/2025\\\/06\\\/Carmela-bez-pietra-Kaszmir.jpg\",\"contentUrl\":\"https:\\\/\\\/inmondo.pl\\\/wp-content\\\/uploads\\\/2025\\\/06\\\/Carmela-bez-pietra-Kaszmir.jpg\",\"width\":1200,\"height\":1200},{\"@type\":\"BreadcrumbList\",\"@id\":\"https:\\\/\\\/inmondo.pl\\\/sklep\\\/elementy\\\/lozka\\\/carmela-lozko-pojedyncze\\\/#breadcrumb\",\"itemListElement\":[{\"@type\":\"ListItem\",\"position\":1,\"name\":\"Strona g\u0142\u00f3wna\",\"item\":\"https:\\\/\\\/inmondo.pl\\\/\"},{\"@type\":\"ListItem\",\"position\":2,\"name\":\"Oferta Inmondo: spe\u0142niamy marzenia i wymagania\",\"item\":\"https:\\\/\\\/inmondo.pl\\\/sklep\\\/\"},{\"@type\":\"ListItem\",\"position\":3,\"name\":\"Elementy\",\"item\":\"https:\\\/\\\/inmondo.pl\\\/sklep\\\/elementy\\\/\"},{\"@type\":\"ListItem\",\"position\":4,\"name\":\"\u0141\u00f3\u017cka\",\"item\":\"https:\\\/\\\/inmondo.pl\\\/sklep\\\/elementy\\\/lozka\\\/\"},{\"@type\":\"ListItem\",\"position\":5,\"name\":\"\u0141\u00f3\u017cko pojedyncze Carmela 90&#215;200 cm &#8211; 100% drewno\"}]},{\"@type\":\"WebSite\",\"@id\":\"https:\\\/\\\/inmondo.pl\\\/#website\",\"url\":\"https:\\\/\\\/inmondo.pl\\\/\",\"name\":\"Inmondo\",\"description\":\"\",\"potentialAction\":[{\"@type\":\"SearchAction\",\"target\":{\"@type\":\"EntryPoint\",\"urlTemplate\":\"https:\\\/\\\/inmondo.pl\\\/?s={search_term_string}\"},\"query-input\":{\"@type\":\"PropertyValueSpecification\",\"valueRequired\":true,\"valueName\":\"search_term_string\"}}],\"inLanguage\":\"de\"}]}<\/script>\n<!-- \/ Yoast SEO plugin. -->","yoast_head_json":{"title":"Carmela Einzelbett 90x200 cm - 100% Holz - Inmondo","robots":{"index":"index","follow":"follow","max-snippet":"max-snippet:-1","max-image-preview":"max-image-preview:large","max-video-preview":"max-video-preview:-1"},"canonical":"https:\/\/inmondo.pl\/de\/sklep\/elementy\/lozka\/carmela-lozko-pojedyncze\/","og_locale":"de_DE","og_type":"article","og_title":"\u0141\u00f3\u017cko pojedyncze Carmela 90x200 cm - 100% drewno - Inmondo","og_description":"Poznaj pojedyncz\u0105 wersj\u0119 uwielbianego \u0142\u00f3\u017cka z kolekcji Carmela \u2013 stworzon\u0105 z my\u015bl\u0105 o dzieciach, kt\u00f3re zas\u0142uguj\u0105 na wyj\u0105tkowe miejsce do snu, zabawy i odpoczynku. \u0141\u00f3\u017cko dzieci\u0119ce Carmela 90x200 \u0142\u0105czy w sobie funkcjonalno\u015b\u0107 i wyj\u0105tkowy styl vintage, inspirowany estetyk\u0105 Cottage. Jego subtelna forma, naturalna kolorystyka oraz starannie dopracowane detale wprowadz\u0105 do pokoju dziecka przytulno\u015b\u0107 i spok\u00f3j. To idealne \u0142\u00f3\u017ceczko zar\u00f3wno dla dziewczynki, jak i ch\u0142opca \u2013 b\u0119dzie ros\u0142o razem z dzieckiem, wpisuj\u0105c si\u0119 w kolejne etapy rozwoju i zmieniaj\u0105ce si\u0119 potrzeby. Zbuduj przestrze\u0144, gdzie styl boho spotyka si\u0119 z przytulnym vintage, tworz\u0105c pok\u00f3j marze\u0144 Twojego dziecka. Dopasuj komod\u0119, rega\u0142 czy biurkoz kolekcji Collet, by razem stworzy\u0142y sp\u00f3jn\u0105, funkcjonaln\u0105 i pe\u0142n\u0105 uroku aran\u017cacj\u0119 \u2013 prost\u0105 do utrzymania i zachwycaj\u0105c\u0105 ka\u017cdego dnia. Wybierz dla swoich dzieci r\u00f3wnie\u017c jeden z dw\u00f3ch pasuj\u0105cych do niego modeli materacy\u00a0RESTO 90\u00a0lub\u00a0RESTO DUO 90 oraz materac do szuflady.","og_url":"https:\/\/inmondo.pl\/de\/sklep\/elementy\/lozka\/carmela-lozko-pojedyncze\/","og_site_name":"Inmondo","article_modified_time":"2026-04-14T05:52:43+00:00","og_image":[{"width":1200,"height":1200,"url":"http:\/\/inmondo.pl\/wp-content\/uploads\/2025\/06\/Carmela-bez-pietra-Kaszmir.jpg","type":"image\/jpeg"}],"twitter_card":"summary_large_image","twitter_misc":{"Gesch\u00e4tzte Lesezeit":"4\u00a0Minuten"},"schema":{"@context":"https:\/\/schema.org","@graph":[{"@type":"WebPage","@id":"https:\/\/inmondo.pl\/sklep\/elementy\/lozka\/carmela-lozko-pojedyncze\/","url":"https:\/\/inmondo.pl\/sklep\/elementy\/lozka\/carmela-lozko-pojedyncze\/","name":"Carmela Einzelbett 90x200 cm - 100% Holz - Inmondo","isPartOf":{"@id":"https:\/\/inmondo.pl\/#website"},"primaryImageOfPage":{"@id":"https:\/\/inmondo.pl\/sklep\/elementy\/lozka\/carmela-lozko-pojedyncze\/#primaryimage"},"image":{"@id":"https:\/\/inmondo.pl\/sklep\/elementy\/lozka\/carmela-lozko-pojedyncze\/#primaryimage"},"thumbnailUrl":"https:\/\/inmondo.pl\/wp-content\/uploads\/2025\/06\/Carmela-bez-pietra-Kaszmir.jpg","datePublished":"2025-06-03T11:09:24+00:00","dateModified":"2026-04-14T05:52:43+00:00","breadcrumb":{"@id":"https:\/\/inmondo.pl\/sklep\/elementy\/lozka\/carmela-lozko-pojedyncze\/#breadcrumb"},"inLanguage":"de","potentialAction":[{"@type":"ReadAction","target":["https:\/\/inmondo.pl\/sklep\/elementy\/lozka\/carmela-lozko-pojedyncze\/"]}]},{"@type":"ImageObject","inLanguage":"de","@id":"https:\/\/inmondo.pl\/sklep\/elementy\/lozka\/carmela-lozko-pojedyncze\/#primaryimage","url":"https:\/\/inmondo.pl\/wp-content\/uploads\/2025\/06\/Carmela-bez-pietra-Kaszmir.jpg","contentUrl":"https:\/\/inmondo.pl\/wp-content\/uploads\/2025\/06\/Carmela-bez-pietra-Kaszmir.jpg","width":1200,"height":1200},{"@type":"BreadcrumbList","@id":"https:\/\/inmondo.pl\/sklep\/elementy\/lozka\/carmela-lozko-pojedyncze\/#breadcrumb","itemListElement":[{"@type":"ListItem","position":1,"name":"Strona g\u0142\u00f3wna","item":"https:\/\/inmondo.pl\/"},{"@type":"ListItem","position":2,"name":"Oferta Inmondo: spe\u0142niamy marzenia i wymagania","item":"https:\/\/inmondo.pl\/sklep\/"},{"@type":"ListItem","position":3,"name":"Elementy","item":"https:\/\/inmondo.pl\/sklep\/elementy\/"},{"@type":"ListItem","position":4,"name":"\u0141\u00f3\u017cka","item":"https:\/\/inmondo.pl\/sklep\/elementy\/lozka\/"},{"@type":"ListItem","position":5,"name":"\u0141\u00f3\u017cko pojedyncze Carmela 90&#215;200 cm &#8211; 100% drewno"}]},{"@type":"WebSite","@id":"https:\/\/inmondo.pl\/#website","url":"https:\/\/inmondo.pl\/","name":"Inmondo","description":"","potentialAction":[{"@type":"SearchAction","target":{"@type":"EntryPoint","urlTemplate":"https:\/\/inmondo.pl\/?s={search_term_string}"},"query-input":{"@type":"PropertyValueSpecification","valueRequired":true,"valueName":"search_term_string"}}],"inLanguage":"de"}]}},"wcpa_form_fields":{"wcpaData":{"product":{"product_price":1390,"price_html":"<span class=\"woocommerce-Price-amount amount\">1 390&nbsp;<span class=\"woocommerce-Price-currencySymbol\">&#122;&#322;<\/span><\/span>","original_product_price":1390,"price_including_tax":1390,"price_excluding_tax":1130.081301,"product_id":{"parent":9892,"variation":false},"is_variable":true,"stock_status":"instock","stock_quantity":null,"parent_sku":"9892","product_attributes":{"pa_kolor":{"is_variation":true,"values":[]},"pa_barierka-carmela":{"is_variation":false,"values":["tak","nie"]},"pa_szuflada-carmela":{"is_variation":false,"values":["tak","nie"]}},"custom_fields":[],"is_taxable":true},"fields":{"sec_6696f535263439":{"extra":{"key":"sec_6696f535263439","section_id":"sec_6696f535263439","name":"Default","status":1,"cl_rule":"show","enableCl":false,"relations":[],"toggle":true,"title_tag":"h3","show_title":false,"showPrice":"default","form_id":11979,"form_rules":{"exclude_from_discount":false,"fee_label":"Fee","disp_hide_options_price":false,"disp_show_section_price":false,"disp_show_field_price":false,"layout_option":"standard","pric_use_as_fee":false,"process_fee_as":"woo_fee"},"layout_option":"standard"},"fields":[[{"label":"Barierka","active":true,"required":true,"elementId":"select-3753519112","dropdown_type":"basic","placeholder":"Wybierz","name":"select-3753519112","label_position":"default","desc_position":"default","enablePrice":true,"className":"","enableCl":false,"relations":[],"requiredError":"Materac jest polem wymaganym","values":[{"label":"bez barierki","value":"bez barierki","selected":false,"tempId":"aco_877","gt_translate_keys":["label"]},{"label":"z barierk\u0105","value":"z barierk\u0105","selected":false,"tempId":"aco_878","price":"250","gt_translate_keys":["label"]}],"priceOptions":"different_for_all","pricingType":"fixed","price":"","use_as_fee":false,"cl_rule":"show","col":2,"type":"select","error":false,"gt_translate_keys":["label","placeholder","requiredError"],"price_dependency":false,"cl_dependency":false,"value":""},{"label":"Szuflada","active":true,"required":true,"elementId":"select-0546649347","dropdown_type":"basic","placeholder":"Wybierz","name":"select-0546649347","label_position":"default","desc_position":"default","enablePrice":true,"className":"","enableCl":false,"relations":[],"requiredError":"Materac jest polem wymaganym","values":[{"label":"bez szuflady","value":"bez szuflady","selected":false,"tempId":"aco_877","gt_translate_keys":["label"]},{"label":"z szuflad\u0105","value":"z szuflad\u0105","selected":false,"tempId":"aco_878","price":"950","gt_translate_keys":["label"]}],"priceOptions":"different_for_all","pricingType":"fixed","price":"","use_as_fee":false,"cl_rule":"show","col":2,"type":"select","error":false,"gt_translate_keys":["label","placeholder","requiredError"],"price_dependency":false,"cl_dependency":false,"value":""}]]}},"config":{"price_override":"","enable_recaptcha":false,"bind_quantity":false,"quantity_bind_formula":"","disp_summ_show_option_price":true,"disp_summ_show_product_price":true,"disp_summ_show_total_price":true,"disp_summ_show_fee":false,"disp_summ_show_discount":false,"summary_title":"","options_total_label":"Cena wariant\u00f3w","total_label":"\u0141\u0105cznie","options_product_label":"Cena produktu","fee_label":"Fee","discount_label":"Obni\u017cka","has_price":true,"has_quantity_formula":false},"mc_unit":1,"tax_rate":1,"tax_rate_real":0.23,"discount":{"percentage":0,"fixed":0},"design":{"conf":{"LabelPosition":"above","DescPosition":"above","UploadField":"custom_1","QuantityFieldStyle":"default"},"css":{"LeftLabelWidth":"120px"}},"formulas":[],"clones":false,"cartKey":false}},"_links":{"self":[{"href":"https:\/\/inmondo.pl\/de\/wp-json\/wp\/v2\/product\/9892","targetHints":{"allow":["GET"]}}],"collection":[{"href":"https:\/\/inmondo.pl\/de\/wp-json\/wp\/v2\/product"}],"about":[{"href":"https:\/\/inmondo.pl\/de\/wp-json\/wp\/v2\/types\/product"}],"replies":[{"embeddable":true,"href":"https:\/\/inmondo.pl\/de\/wp-json\/wp\/v2\/comments?post=9892"}],"wp:featuredmedia":[{"embeddable":true,"href":"https:\/\/inmondo.pl\/de\/wp-json\/wp\/v2\/media\/10455"}],"wp:attachment":[{"href":"https:\/\/inmondo.pl\/de\/wp-json\/wp\/v2\/media?parent=9892"}],"wp:term":[{"taxonomy":"product_brand","embeddable":true,"href":"https:\/\/inmondo.pl\/de\/wp-json\/wp\/v2\/product_brand?post=9892"},{"taxonomy":"product_cat","embeddable":true,"href":"https:\/\/inmondo.pl\/de\/wp-json\/wp\/v2\/product_cat?post=9892"},{"taxonomy":"product_tag","embeddable":true,"href":"https:\/\/inmondo.pl\/de\/wp-json\/wp\/v2\/product_tag?post=9892"}],"curies":[{"name":"wp","href":"https:\/\/api.w.org\/{rel}","templated":true}]}}