{"id":940,"date":"2020-06-16T12:55:34","date_gmt":"2020-06-16T10:55:34","guid":{"rendered":"http:\/\/inmondo.pl\/?post_type=product&#038;p=940"},"modified":"2026-04-07T13:47:48","modified_gmt":"2026-04-07T11:47:48","slug":"hochkommode-3s-fronten-mdf","status":"publish","type":"product","link":"https:\/\/inmondo.pl\/de\/sklep\/elementy\/komody\/hochkommode-3s-fronten-mdf\/","title":{"rendered":"Hohe Kommode 3S MDF Fronten"},"content":{"rendered":"<p>Die Loopi Kommode ist ein Beispiel f\u00fcr ein M\u00f6belst\u00fcck, bei dem der praktische Aspekt mit sch\u00f6nem Design Hand in Hand geht. Die abgerundeten Kanten des oberen und unteren Randes und die Beine aus Birke verleihen ihm optische Leichtigkeit. Es verf\u00fcgt \u00fcber drei ger\u00e4umige Schubladen, deren Seiten aus Birkensperrholz bestehen, und die massiven Metallf\u00fchrungen sind mit einem leisen Schlie\u00dfsystem ausgestattet.<\/p>\n<p>Die Kommode kann mit einem Wickeltisch erg\u00e4nzt werden, der bei Nichtgebrauch einfach demontiert werden kann.<\/p>\n<p>Die Loopi-Kollektion wurde mit kinder- und umweltfreundlichen Lacken auf Wasserbasis lackiert. Das Holz, das sie enth\u00e4lt, stammt aus gut bewirtschafteten W\u00e4ldern.<\/p>","protected":false},"excerpt":{"rendered":"<p>Die Loopi Kommode ist ein Beispiel f\u00fcr ein M\u00f6belst\u00fcck, bei dem der praktische Aspekt mit sch\u00f6nem Design Hand in Hand geht. Die abgerundeten Kanten des oberen und unteren Randes und die Beine aus Birke verleihen ihm optische Leichtigkeit. Es verf\u00fcgt \u00fcber drei ger\u00e4umige Schubladen, deren Seiten aus Birkensperrholz bestehen, und die massiven Metallf\u00fchrungen sind mit einem leisen Schlie\u00dfsystem ausgestattet.<\/p>\n<p>Die Kommode kann mit einem Wickeltisch erg\u00e4nzt werden, der bei Nichtgebrauch einfach demontiert werden kann.<\/p>\n<p>Die Loopi-Kollektion wurde mit kinder- und umweltfreundlichen Lacken auf Wasserbasis lackiert. Das Holz, das sie enth\u00e4lt, stammt aus gut bewirtschafteten W\u00e4ldern.<\/p>\n<p>&nbsp;<\/p>\n<h6>Vorlaufzeit: 6-8 Wochen<\/h6>","protected":false},"featured_media":754,"comment_status":"open","ping_status":"closed","template":"","meta":{"_acf_changed":false},"product_brand":[],"product_cat":[20,17,30,23,99],"product_tag":[],"class_list":{"0":"post-940","1":"product","2":"type-product","3":"status-publish","4":"has-post-thumbnail","6":"product_cat-elementy","7":"product_cat-kolekcje","8":"product_cat-komody","9":"product_cat-loopi","10":"product_cat-meble-dostepne","12":"first","13":"onbackorder","14":"taxable","15":"shipping-taxable","16":"purchasable","17":"product-type-variable","18":"has-default-attributes"},"acf":{"wymiary":"Szeroko\u015b\u0107: 100cm<br \/>\r\nWysoko\u015b\u0107: 87,5cm<br \/>\r\nG\u0142\u0119boko\u015b\u0107: 55cm","materialy":"korpus: p\u0142yta MDF ze wstawkami z&nbsp;drewna brzozowego, nogi: drewno brzozowe, lakiery wodne i&nbsp;wodne UV","sections_woocommerce":[{"acf_fc_layout":"section_menu","is_active":true,"repeater":[{"text":"Opis","link":"#opis"},{"text":"Lookbook","link":"#lookbook"},{"text":"Opinie","link":"#opinie"},{"text":"Inne produkty","link":"#inneprodukty"}]},{"acf_fc_layout":"section_woocommerce_text_image","is_active":true,"anchor":"opis","text_align":"textAlign--left","grid_width":"main","wysiwyg":"<h2>Loopi<\/h2>\n<p>Kolekcja mebli dla\u00a0niemowl\u0105t Loopi zosta\u0142a zainspirowana klasycznym wzornictwem lat 60 i\u00a070 z\u00a0nut\u0105 skandynawskiego smaku. Bia\u0142y kolor zosta\u0142 po\u0142\u0105czony z\u00a0elementami z\u00a0drewna brzozowego. Kolekcja Loopi oferuje kompletny zestaw mebli, aby\u00a0stworzy\u0107 wymarzony pok\u00f3j dla\u00a0niemowl\u0105t. Oferuje to co najlepsze w\u00a0nowoczesnym wzornictwie dla\u00a0rodzic\u00f3w, kt\u00f3rzy szukaj\u0105 idealnego po\u0142\u0105czenia stylu i\u00a0jako\u015bci i\u00a0funkcjonalno\u015bci.<\/p>\n","image":"https:\/\/inmondo.pl\/wp-content\/uploads\/2020\/06\/2019_05_INMONDO_POK\u00d3J_BABY_1-14867-scaled.jpg"},{"acf_fc_layout":"section_woocommerce_text_image","is_active":false,"anchor":"","text_align":"textAlign--right","grid_width":"main","wysiwyg":"<h2>Lorem ipsum dolor sit amet, consectetur adipiscing elit.<\/h2>\n<p>Nulla dictum scelerisque porttitor. Nunc ut scelerisque lorem. Curabitur volutpat congue lorem, vel maximus risus venenatis ut. Quisque consectetur at dui et volutpat. Donec accumsan enim vel sapien tempus, sed malesuada neque scelerisque. Praesent ut dignissim enim, a\u00a0suscipit felis. Proin sit amet orci varius, tristique turpis quis, convallis velit. Sed ullamcorper, mi non iaculis consequat, mi diam rhoncus nisi, sed sollicitudin lacus magna id leo. Curabitur scelerisque ullamcorper dapibus.<\/p>\n","image":"https:\/\/inmondo.pl\/wp-content\/uploads\/2020\/06\/2019_05_INMONDO_POK\u00d3J_BABY_1-14581-scaled.jpg"},{"acf_fc_layout":"section_woocommerce_lookbook","is_active":true,"anchor":"lookbook","header":"<h2 style=\"text-align: center;\">Zobacz galeri\u0119 Loopi<\/h2>\n<p style=\"text-align: center;\">Zobacz aran\u017cacje pokoi niemowl\u0119cych z\u00a0u\u017cyciem mebli i\u00a0element\u00f3w Loopi.<\/p>\n","repeater":[{"shortcode":"[woocommerce_lookbook id=\"378\"]"},{"shortcode":"[woocommerce_lookbook id=\"349\"]"},{"shortcode":"[woocommerce_lookbook id=\"1547\"]"},{"shortcode":"[woocommerce_lookbook id=\"1270\"]"}]},{"acf_fc_layout":"section_woocommerce_opinions","is_active":true,"anchor":"opinie"},{"acf_fc_layout":"section_woocommerce_otherFromCategory","is_active":true,"anchor":"inneprodukty"}],"czas_realizacji":""},"yoast_head":"<!-- This site is optimized with the Yoast SEO plugin v27.3 - https:\/\/yoast.com\/product\/yoast-seo-wordpress\/ -->\n<title>Komoda wysoka 3S fronty MDF - Inmondo<\/title>\n<meta name=\"robots\" content=\"index, follow, max-snippet:-1, max-image-preview:large, max-video-preview:-1\" \/>\n<link rel=\"canonical\" href=\"https:\/\/inmondo.pl\/de\/sklep\/elementy\/komody\/hochkommode-3s-fronten-mdf\/\" \/>\n<meta property=\"og:locale\" content=\"de_DE\" \/>\n<meta property=\"og:type\" content=\"article\" \/>\n<meta property=\"og:title\" content=\"Komoda wysoka 3S fronty MDF - Inmondo\" \/>\n<meta property=\"og:description\" content=\"Komoda Loopi to przyk\u0142ad mebla, w kt\u00f3rym praktyczny aspekt idzie w parze z pi\u0119knym wzornictwem. Zaokr\u0105glone kraw\u0119dzie g\u00f3rnego i dolnego wie\u0144ca oraz brzozowe nogi nadaj\u0105\u00a0 jej wizualnej lekko\u015bci. Posiada trzy pojemne szuflady, kt\u00f3rych boczki zosta\u0142y wykonane ze sklejki brzozowej, a solidne metalowe prowadnice s\u0105 wyposa\u017cone w system cichego domyku.  Komoda mo\u017ce by\u0107 uzupe\u0142niona o przewijak,\u00a0 kt\u00f3ry mo\u017ce by\u0107 bez problemu zdemontowany kiedy nie b\u0119dzie ju\u017c potrzebny.  Kolekcja Loopi zosta\u0142a pomalowana przyjaznymi dla dziecka i \u015brodowiska lakierami wodnymi. Zawarte w nim drewno pochodzi z\u00a0 dobrze zarz\u0105dzanych las\u00f3w.  &nbsp; Czas realizacji: 6-8 tygodni\" \/>\n<meta property=\"og:url\" content=\"https:\/\/inmondo.pl\/de\/sklep\/elementy\/komody\/hochkommode-3s-fronten-mdf\/\" \/>\n<meta property=\"og:site_name\" content=\"Inmondo\" \/>\n<meta property=\"article:modified_time\" content=\"2026-04-07T11:47:48+00:00\" \/>\n<meta property=\"og:image\" content=\"https:\/\/inmondo.pl\/wp-content\/uploads\/2020\/06\/2019_09_INMONDO_PACKSHOTY-19891_small.jpg\" \/>\n\t<meta property=\"og:image:width\" content=\"960\" \/>\n\t<meta property=\"og:image:height\" content=\"960\" \/>\n\t<meta property=\"og:image:type\" content=\"image\/jpeg\" \/>\n<meta name=\"twitter:card\" content=\"summary_large_image\" \/>\n<meta name=\"twitter:label1\" content=\"Gesch\u00e4tzte Lesezeit\" \/>\n\t<meta name=\"twitter:data1\" content=\"3\u00a0Minuten\" \/>\n<script type=\"application\/ld+json\" class=\"yoast-schema-graph\">{\"@context\":\"https:\\\/\\\/schema.org\",\"@graph\":[{\"@type\":\"WebPage\",\"@id\":\"https:\\\/\\\/inmondo.pl\\\/sklep\\\/elementy\\\/komody\\\/komoda-wysoka-3s-fronty-mdf\\\/\",\"url\":\"https:\\\/\\\/inmondo.pl\\\/sklep\\\/elementy\\\/komody\\\/komoda-wysoka-3s-fronty-mdf\\\/\",\"name\":\"Komoda wysoka 3S fronty MDF - Inmondo\",\"isPartOf\":{\"@id\":\"https:\\\/\\\/inmondo.pl\\\/#website\"},\"primaryImageOfPage\":{\"@id\":\"https:\\\/\\\/inmondo.pl\\\/sklep\\\/elementy\\\/komody\\\/komoda-wysoka-3s-fronty-mdf\\\/#primaryimage\"},\"image\":{\"@id\":\"https:\\\/\\\/inmondo.pl\\\/sklep\\\/elementy\\\/komody\\\/komoda-wysoka-3s-fronty-mdf\\\/#primaryimage\"},\"thumbnailUrl\":\"https:\\\/\\\/inmondo.pl\\\/wp-content\\\/uploads\\\/2020\\\/06\\\/2019_09_INMONDO_PACKSHOTY-19891_small.jpg\",\"datePublished\":\"2020-06-16T10:55:34+00:00\",\"dateModified\":\"2026-04-07T11:47:48+00:00\",\"breadcrumb\":{\"@id\":\"https:\\\/\\\/inmondo.pl\\\/sklep\\\/elementy\\\/komody\\\/komoda-wysoka-3s-fronty-mdf\\\/#breadcrumb\"},\"inLanguage\":\"de\",\"potentialAction\":[{\"@type\":\"ReadAction\",\"target\":[\"https:\\\/\\\/inmondo.pl\\\/sklep\\\/elementy\\\/komody\\\/komoda-wysoka-3s-fronty-mdf\\\/\"]}]},{\"@type\":\"ImageObject\",\"inLanguage\":\"de\",\"@id\":\"https:\\\/\\\/inmondo.pl\\\/sklep\\\/elementy\\\/komody\\\/komoda-wysoka-3s-fronty-mdf\\\/#primaryimage\",\"url\":\"https:\\\/\\\/inmondo.pl\\\/wp-content\\\/uploads\\\/2020\\\/06\\\/2019_09_INMONDO_PACKSHOTY-19891_small.jpg\",\"contentUrl\":\"https:\\\/\\\/inmondo.pl\\\/wp-content\\\/uploads\\\/2020\\\/06\\\/2019_09_INMONDO_PACKSHOTY-19891_small.jpg\",\"width\":960,\"height\":960},{\"@type\":\"BreadcrumbList\",\"@id\":\"https:\\\/\\\/inmondo.pl\\\/sklep\\\/elementy\\\/komody\\\/komoda-wysoka-3s-fronty-mdf\\\/#breadcrumb\",\"itemListElement\":[{\"@type\":\"ListItem\",\"position\":1,\"name\":\"Strona g\u0142\u00f3wna\",\"item\":\"https:\\\/\\\/inmondo.pl\\\/\"},{\"@type\":\"ListItem\",\"position\":2,\"name\":\"Oferta Inmondo: spe\u0142niamy marzenia i wymagania\",\"item\":\"https:\\\/\\\/inmondo.pl\\\/sklep\\\/\"},{\"@type\":\"ListItem\",\"position\":3,\"name\":\"kolekcje\",\"item\":\"https:\\\/\\\/inmondo.pl\\\/de\\\/sklep\\\/kolekcje\\\/\"},{\"@type\":\"ListItem\",\"position\":4,\"name\":\"Komoda wysoka 3S fronty MDF\"}]},{\"@type\":\"WebSite\",\"@id\":\"https:\\\/\\\/inmondo.pl\\\/#website\",\"url\":\"https:\\\/\\\/inmondo.pl\\\/\",\"name\":\"Inmondo\",\"description\":\"\",\"potentialAction\":[{\"@type\":\"SearchAction\",\"target\":{\"@type\":\"EntryPoint\",\"urlTemplate\":\"https:\\\/\\\/inmondo.pl\\\/?s={search_term_string}\"},\"query-input\":{\"@type\":\"PropertyValueSpecification\",\"valueRequired\":true,\"valueName\":\"search_term_string\"}}],\"inLanguage\":\"de\"}]}<\/script>\n<!-- \/ Yoast SEO plugin. -->","yoast_head_json":{"title":"Hohe Kommode 3S MDF Fronten - Inmondo","robots":{"index":"index","follow":"follow","max-snippet":"max-snippet:-1","max-image-preview":"max-image-preview:large","max-video-preview":"max-video-preview:-1"},"canonical":"https:\/\/inmondo.pl\/de\/sklep\/elementy\/komody\/hochkommode-3s-fronten-mdf\/","og_locale":"de_DE","og_type":"article","og_title":"Komoda wysoka 3S fronty MDF - Inmondo","og_description":"Komoda Loopi to przyk\u0142ad mebla, w kt\u00f3rym praktyczny aspekt idzie w parze z pi\u0119knym wzornictwem. Zaokr\u0105glone kraw\u0119dzie g\u00f3rnego i dolnego wie\u0144ca oraz brzozowe nogi nadaj\u0105\u00a0 jej wizualnej lekko\u015bci. Posiada trzy pojemne szuflady, kt\u00f3rych boczki zosta\u0142y wykonane ze sklejki brzozowej, a solidne metalowe prowadnice s\u0105 wyposa\u017cone w system cichego domyku.  Komoda mo\u017ce by\u0107 uzupe\u0142niona o przewijak,\u00a0 kt\u00f3ry mo\u017ce by\u0107 bez problemu zdemontowany kiedy nie b\u0119dzie ju\u017c potrzebny.  Kolekcja Loopi zosta\u0142a pomalowana przyjaznymi dla dziecka i \u015brodowiska lakierami wodnymi. Zawarte w nim drewno pochodzi z\u00a0 dobrze zarz\u0105dzanych las\u00f3w.  &nbsp; Czas realizacji: 6-8 tygodni","og_url":"https:\/\/inmondo.pl\/de\/sklep\/elementy\/komody\/hochkommode-3s-fronten-mdf\/","og_site_name":"Inmondo","article_modified_time":"2026-04-07T11:47:48+00:00","og_image":[{"width":960,"height":960,"url":"https:\/\/inmondo.pl\/wp-content\/uploads\/2020\/06\/2019_09_INMONDO_PACKSHOTY-19891_small.jpg","type":"image\/jpeg"}],"twitter_card":"summary_large_image","twitter_misc":{"Gesch\u00e4tzte Lesezeit":"3\u00a0Minuten"},"schema":{"@context":"https:\/\/schema.org","@graph":[{"@type":"WebPage","@id":"https:\/\/inmondo.pl\/sklep\/elementy\/komody\/komoda-wysoka-3s-fronty-mdf\/","url":"https:\/\/inmondo.pl\/sklep\/elementy\/komody\/komoda-wysoka-3s-fronty-mdf\/","name":"Hohe Kommode 3S MDF Fronten - Inmondo","isPartOf":{"@id":"https:\/\/inmondo.pl\/#website"},"primaryImageOfPage":{"@id":"https:\/\/inmondo.pl\/sklep\/elementy\/komody\/komoda-wysoka-3s-fronty-mdf\/#primaryimage"},"image":{"@id":"https:\/\/inmondo.pl\/sklep\/elementy\/komody\/komoda-wysoka-3s-fronty-mdf\/#primaryimage"},"thumbnailUrl":"https:\/\/inmondo.pl\/wp-content\/uploads\/2020\/06\/2019_09_INMONDO_PACKSHOTY-19891_small.jpg","datePublished":"2020-06-16T10:55:34+00:00","dateModified":"2026-04-07T11:47:48+00:00","breadcrumb":{"@id":"https:\/\/inmondo.pl\/sklep\/elementy\/komody\/komoda-wysoka-3s-fronty-mdf\/#breadcrumb"},"inLanguage":"de","potentialAction":[{"@type":"ReadAction","target":["https:\/\/inmondo.pl\/sklep\/elementy\/komody\/komoda-wysoka-3s-fronty-mdf\/"]}]},{"@type":"ImageObject","inLanguage":"de","@id":"https:\/\/inmondo.pl\/sklep\/elementy\/komody\/komoda-wysoka-3s-fronty-mdf\/#primaryimage","url":"https:\/\/inmondo.pl\/wp-content\/uploads\/2020\/06\/2019_09_INMONDO_PACKSHOTY-19891_small.jpg","contentUrl":"https:\/\/inmondo.pl\/wp-content\/uploads\/2020\/06\/2019_09_INMONDO_PACKSHOTY-19891_small.jpg","width":960,"height":960},{"@type":"BreadcrumbList","@id":"https:\/\/inmondo.pl\/sklep\/elementy\/komody\/komoda-wysoka-3s-fronty-mdf\/#breadcrumb","itemListElement":[{"@type":"ListItem","position":1,"name":"Strona g\u0142\u00f3wna","item":"https:\/\/inmondo.pl\/"},{"@type":"ListItem","position":2,"name":"Oferta Inmondo: spe\u0142niamy marzenia i wymagania","item":"https:\/\/inmondo.pl\/sklep\/"},{"@type":"ListItem","position":3,"name":"kolekcje","item":"https:\/\/inmondo.pl\/de\/sklep\/kolekcje\/"},{"@type":"ListItem","position":4,"name":"Komoda wysoka 3S fronty MDF"}]},{"@type":"WebSite","@id":"https:\/\/inmondo.pl\/#website","url":"https:\/\/inmondo.pl\/","name":"Inmondo","description":"","potentialAction":[{"@type":"SearchAction","target":{"@type":"EntryPoint","urlTemplate":"https:\/\/inmondo.pl\/?s={search_term_string}"},"query-input":{"@type":"PropertyValueSpecification","valueRequired":true,"valueName":"search_term_string"}}],"inLanguage":"de"}]}},"wcpa_form_fields":null,"_links":{"self":[{"href":"https:\/\/inmondo.pl\/de\/wp-json\/wp\/v2\/product\/940","targetHints":{"allow":["GET"]}}],"collection":[{"href":"https:\/\/inmondo.pl\/de\/wp-json\/wp\/v2\/product"}],"about":[{"href":"https:\/\/inmondo.pl\/de\/wp-json\/wp\/v2\/types\/product"}],"replies":[{"embeddable":true,"href":"https:\/\/inmondo.pl\/de\/wp-json\/wp\/v2\/comments?post=940"}],"wp:featuredmedia":[{"embeddable":true,"href":"https:\/\/inmondo.pl\/de\/wp-json\/wp\/v2\/media\/754"}],"wp:attachment":[{"href":"https:\/\/inmondo.pl\/de\/wp-json\/wp\/v2\/media?parent=940"}],"wp:term":[{"taxonomy":"product_brand","embeddable":true,"href":"https:\/\/inmondo.pl\/de\/wp-json\/wp\/v2\/product_brand?post=940"},{"taxonomy":"product_cat","embeddable":true,"href":"https:\/\/inmondo.pl\/de\/wp-json\/wp\/v2\/product_cat?post=940"},{"taxonomy":"product_tag","embeddable":true,"href":"https:\/\/inmondo.pl\/de\/wp-json\/wp\/v2\/product_tag?post=940"}],"curies":[{"name":"wp","href":"https:\/\/api.w.org\/{rel}","templated":true}]}}