{"id":931,"date":"2020-06-16T12:50:04","date_gmt":"2020-06-16T10:50:04","guid":{"rendered":"http:\/\/inmondo.pl\/?post_type=product&#038;p=931"},"modified":"2026-01-28T15:31:50","modified_gmt":"2026-01-28T14:31:50","slug":"kleiderschrank-2d1s-loopi","status":"publish","type":"product","link":"https:\/\/inmondo.pl\/de\/sklep\/elementy\/szafy\/kleiderschrank-2d1s-loopi\/","title":{"rendered":"Kleiderschrank 2D1S"},"content":{"rendered":"<p>Inspiriert vom klassischen Design der 60er und 70er Jahre, mit einem Hauch skandinavischen Flairs, ist die 2D1S Garderobe. Das au\u00dfergew\u00f6hnliche Design dieses zweit\u00fcrigen Kleiderschranks, erg\u00e4nzt durch eine ger\u00e4umige Schublade, wird nicht nur das Auge erfreuen, sondern bietet auch Platz f\u00fcr alle Kleidungsst\u00fccke und Kleinigkeiten des Kindes. Die Kombination von Wei\u00df oder Grau mit Elementen aus Birkenholz bleibt zeitlos und f\u00fcgt sich perfekt in jedes Interieur ein.<\/p>","protected":false},"excerpt":{"rendered":"<p>Inspiriert vom klassischen Design der 60er und 70er Jahre, mit einem Hauch skandinavischen Flairs, ist die 2D1S Garderobe. Das au\u00dfergew\u00f6hnliche Design dieses zweit\u00fcrigen Kleiderschranks, erg\u00e4nzt durch eine ger\u00e4umige Schublade, wird nicht nur das Auge erfreuen, sondern bietet auch Platz f\u00fcr alle Kleidungsst\u00fccke und Kleinigkeiten des Kindes. Die Kombination von Wei\u00df oder Grau mit Elementen aus Birkenholz bleibt zeitlos und f\u00fcgt sich perfekt in jedes Interieur ein.<\/p>\n<p>&nbsp;<\/p>\n<h6>Vorlaufzeit: 6-8 Wochen<\/h6>","protected":false},"featured_media":759,"comment_status":"open","ping_status":"closed","template":"","meta":{"_acf_changed":true},"product_brand":[],"product_cat":[20,17,23,22],"product_tag":[],"class_list":{"0":"post-931","1":"product","2":"type-product","3":"status-publish","4":"has-post-thumbnail","6":"product_cat-elementy","7":"product_cat-kolekcje","8":"product_cat-loopi","9":"product_cat-szafy","11":"first","12":"onbackorder","13":"taxable","14":"shipping-taxable","15":"purchasable","16":"product-type-variable","17":"has-default-attributes"},"acf":{"wymiary":"Szeroko\u015b\u0107: 100cm<br \/>\r\nWysoko\u015b\u0107: 186cm<br \/>\r\nG\u0142\u0119boko\u015b\u0107: 55cm","materialy":"Front drzwi: p\u0142yta MDF, front szuflady i listwy frontowe: 100% drewno brzozowe, boczki szuflady: sklejka brzozowa, nogi: drewno brzozowe, korpus: p\u0142yta MDF, lakier wodny i&nbsp;wodny UV","sections_woocommerce":[{"acf_fc_layout":"section_menu","is_active":true,"repeater":[{"text":"Opis","link":"#opis"},{"text":"Lookbook","link":"#lookbook"},{"text":"Opinie","link":"#opinie"},{"text":"Inne produkty","link":"#inneprodukty"}]},{"acf_fc_layout":"section_woocommerce_text_image","is_active":true,"anchor":"#opis","text_align":"textAlign--right","grid_width":"main","wysiwyg":"<p>Szafa Loopi to pi\u0119kny mebel o ponadczasowym wzornictwie, kt\u00f3ry zostanie z Twoim dzieckiem na d\u0142ugie lata.<br \/>\nKolekcja Loopi to jako\u015b\u0107 bez kompromis\u00f3w. Do jej produkcji u\u017cyli\u015bmy najlepszych materia\u0142\u00f3w, szuflady zosta\u0142y wykonane ze sklejki brzozowej, fronty szuflad i nogi z litego drewna brzozowego. Zar\u00f3wno szafa jak i komody posiadaj\u0105 prowadnice i zawisy z cichym domykiem. Jeste\u015bmy przekonani, \u017ce jako\u015b\u0107 materia\u0142\u00f3w w kolekcji Loopi nie ma sobie r\u00f3wnych i jest to jedna z najlepszych kolekcji mebli dla dzieci w Polsce. A przede wszystkim, wzornictwo i wymiary mebli s\u0105 tak uniwersalne, \u017ce po okresie niemowl\u0119cym b\u0119d\u0105 s\u0142u\u017cy\u0142y przez kolejne lata rozwoju dziecka, a\u017c po doros\u0142o\u015b\u0107. <\/p>\n<p>Szafa ma 4 przestawne p\u00f3\u0142ki i dwa dr\u0105\u017cki ubraniowe.<\/p>\n<p>Istnieje mo\u017cliwo\u015b\u0107 zamontowania dr\u0105\u017cka na ubrania po obu stronach lub tylko po jednej wybranej stronie.<\/p>\n<p>P\u00f3\u0142ki mo\u017cna ustawi\u0107 wg uznania: 4 po prawej lub lewej stronie.<\/p>\n<p>Lub 2 po lewej i 2 po prawej.<\/p>\n<p>&nbsp;<\/p>\n<p>Materia\u0142:<\/p>\n<p>&nbsp;<\/p>\n","image":"https:\/\/inmondo.pl\/wp-content\/uploads\/2020\/07\/2019_05_INMONDO_POK\u00d3J_BABY_1-14673-scaled.jpg"},{"acf_fc_layout":"section_woocommerce_text_image","is_active":true,"anchor":"opis","text_align":"textAlign--left","grid_width":"main","wysiwyg":"<h2>Loopi<\/h2>\n<p>Kolekcja mebli dla\u00a0niemowl\u0105t Loopi zosta\u0142a zainspirowana klasycznym wzornictwem lat 60 i\u00a070 z\u00a0nut\u0105 skandynawskiego smaku. Bia\u0142y kolor zosta\u0142 po\u0142\u0105czony z\u00a0elementami z\u00a0drewna brzozowego. Kolekcja Loopi oferuje kompletny zestaw mebli, aby\u00a0stworzy\u0107 wymarzony pok\u00f3j dla\u00a0niemowl\u0105t. Oferuje to co najlepsze w\u00a0nowoczesnym wzornictwie dla\u00a0rodzic\u00f3w, kt\u00f3rzy szukaj\u0105 idealnego po\u0142\u0105czenia stylu i\u00a0jako\u015bci i\u00a0funkcjonalno\u015bci.<\/p>\n","image":"https:\/\/inmondo.pl\/wp-content\/uploads\/2020\/06\/2019_05_INMONDO_POK\u00d3J_BABY_1-14641-1.jpg"},{"acf_fc_layout":"section_woocommerce_lookbook","is_active":true,"anchor":"lookbook","header":"<h2 style=\"text-align: center;\">Zobacz galeri\u0119 Loopi<\/h2>\n<p style=\"text-align: center;\">Zobacz aran\u017cacje pokoi niemowl\u0119cych z\u00a0u\u017cyciem mebli i\u00a0element\u00f3w Loopi.<\/p>\n","repeater":[{"shortcode":"[woocommerce_lookbook id=\"378\"]"},{"shortcode":"[woocommerce_lookbook id=\"349\"]"},{"shortcode":"[woocommerce_lookbook id=\"1547\"]"},{"shortcode":"[woocommerce_lookbook id=\"1270\"]"}]},{"acf_fc_layout":"section_woocommerce_opinions","is_active":true,"anchor":"opinie"},{"acf_fc_layout":"section_woocommerce_otherFromCategory","is_active":true,"anchor":"inneprodukty"}],"czas_realizacji":""},"yoast_head":"<!-- This site is optimized with the Yoast SEO plugin v27.3 - https:\/\/yoast.com\/product\/yoast-seo-wordpress\/ -->\n<title>Szafa 2D1S - Inmondo<\/title>\n<meta name=\"robots\" content=\"index, follow, max-snippet:-1, max-image-preview:large, max-video-preview:-1\" \/>\n<link rel=\"canonical\" href=\"https:\/\/inmondo.pl\/de\/sklep\/elementy\/szafy\/kleiderschrank-2d1s-loopi\/\" \/>\n<meta property=\"og:locale\" content=\"de_DE\" \/>\n<meta property=\"og:type\" content=\"article\" \/>\n<meta property=\"og:title\" content=\"Szafa 2D1S - Inmondo\" \/>\n<meta property=\"og:description\" content=\"Zainspirowana klasycznym wzornictwem lat 60 i 70, z nut\u0105 skandynawskiego smaku szafa 2D1S. Niecodzienny design tej dwudrzwiowej szafy, uzupe\u0142nionej pojemna szuflad\u0105, nie tylko b\u0119dzie cieszy\u0107 oko, ale zapewni miejsce na wszystkie ubrania i drobiazgi dziecka. Po\u0142\u0105czenie koloru bia\u0142ego lub szarego z elementami z drewna brzozowego pozostanie ponadczasowe i idealnie wpisze si\u0119 w ka\u017cde wn\u0119trze.  &nbsp; Czas realizacji: 6-8 tygodni\" \/>\n<meta property=\"og:url\" content=\"https:\/\/inmondo.pl\/de\/sklep\/elementy\/szafy\/kleiderschrank-2d1s-loopi\/\" \/>\n<meta property=\"og:site_name\" content=\"Inmondo\" \/>\n<meta property=\"article:modified_time\" content=\"2026-01-28T14:31:50+00:00\" \/>\n<meta property=\"og:image\" content=\"https:\/\/inmondo.pl\/wp-content\/uploads\/2020\/06\/2019_09_INMONDO_PACKSHOTY-19889_small.jpg\" \/>\n\t<meta property=\"og:image:width\" content=\"960\" \/>\n\t<meta property=\"og:image:height\" content=\"960\" \/>\n\t<meta property=\"og:image:type\" content=\"image\/jpeg\" \/>\n<meta name=\"twitter:card\" content=\"summary_large_image\" \/>\n<meta name=\"twitter:label1\" content=\"Gesch\u00e4tzte Lesezeit\" \/>\n\t<meta name=\"twitter:data1\" content=\"3\u00a0Minuten\" \/>\n<script type=\"application\/ld+json\" class=\"yoast-schema-graph\">{\"@context\":\"https:\\\/\\\/schema.org\",\"@graph\":[{\"@type\":\"WebPage\",\"@id\":\"https:\\\/\\\/inmondo.pl\\\/sklep\\\/elementy\\\/szafy\\\/szafa-2d1s-loopi\\\/\",\"url\":\"https:\\\/\\\/inmondo.pl\\\/sklep\\\/elementy\\\/szafy\\\/szafa-2d1s-loopi\\\/\",\"name\":\"Szafa 2D1S - Inmondo\",\"isPartOf\":{\"@id\":\"https:\\\/\\\/inmondo.pl\\\/#website\"},\"primaryImageOfPage\":{\"@id\":\"https:\\\/\\\/inmondo.pl\\\/sklep\\\/elementy\\\/szafy\\\/szafa-2d1s-loopi\\\/#primaryimage\"},\"image\":{\"@id\":\"https:\\\/\\\/inmondo.pl\\\/sklep\\\/elementy\\\/szafy\\\/szafa-2d1s-loopi\\\/#primaryimage\"},\"thumbnailUrl\":\"https:\\\/\\\/inmondo.pl\\\/wp-content\\\/uploads\\\/2020\\\/06\\\/2019_09_INMONDO_PACKSHOTY-19889_small.jpg\",\"datePublished\":\"2020-06-16T10:50:04+00:00\",\"dateModified\":\"2026-01-28T14:31:50+00:00\",\"breadcrumb\":{\"@id\":\"https:\\\/\\\/inmondo.pl\\\/sklep\\\/elementy\\\/szafy\\\/szafa-2d1s-loopi\\\/#breadcrumb\"},\"inLanguage\":\"de\",\"potentialAction\":[{\"@type\":\"ReadAction\",\"target\":[\"https:\\\/\\\/inmondo.pl\\\/sklep\\\/elementy\\\/szafy\\\/szafa-2d1s-loopi\\\/\"]}]},{\"@type\":\"ImageObject\",\"inLanguage\":\"de\",\"@id\":\"https:\\\/\\\/inmondo.pl\\\/sklep\\\/elementy\\\/szafy\\\/szafa-2d1s-loopi\\\/#primaryimage\",\"url\":\"https:\\\/\\\/inmondo.pl\\\/wp-content\\\/uploads\\\/2020\\\/06\\\/2019_09_INMONDO_PACKSHOTY-19889_small.jpg\",\"contentUrl\":\"https:\\\/\\\/inmondo.pl\\\/wp-content\\\/uploads\\\/2020\\\/06\\\/2019_09_INMONDO_PACKSHOTY-19889_small.jpg\",\"width\":960,\"height\":960},{\"@type\":\"BreadcrumbList\",\"@id\":\"https:\\\/\\\/inmondo.pl\\\/sklep\\\/elementy\\\/szafy\\\/szafa-2d1s-loopi\\\/#breadcrumb\",\"itemListElement\":[{\"@type\":\"ListItem\",\"position\":1,\"name\":\"Strona g\u0142\u00f3wna\",\"item\":\"https:\\\/\\\/inmondo.pl\\\/\"},{\"@type\":\"ListItem\",\"position\":2,\"name\":\"Oferta Inmondo: spe\u0142niamy marzenia i wymagania\",\"item\":\"https:\\\/\\\/inmondo.pl\\\/sklep\\\/\"},{\"@type\":\"ListItem\",\"position\":3,\"name\":\"kolekcje\",\"item\":\"https:\\\/\\\/inmondo.pl\\\/de\\\/sklep\\\/kolekcje\\\/\"},{\"@type\":\"ListItem\",\"position\":4,\"name\":\"Szafa 2D1S\"}]},{\"@type\":\"WebSite\",\"@id\":\"https:\\\/\\\/inmondo.pl\\\/#website\",\"url\":\"https:\\\/\\\/inmondo.pl\\\/\",\"name\":\"Inmondo\",\"description\":\"\",\"potentialAction\":[{\"@type\":\"SearchAction\",\"target\":{\"@type\":\"EntryPoint\",\"urlTemplate\":\"https:\\\/\\\/inmondo.pl\\\/?s={search_term_string}\"},\"query-input\":{\"@type\":\"PropertyValueSpecification\",\"valueRequired\":true,\"valueName\":\"search_term_string\"}}],\"inLanguage\":\"de\"}]}<\/script>\n<!-- \/ Yoast SEO plugin. -->","yoast_head_json":{"title":"Kleiderschrank 2D1S - Inmondo","robots":{"index":"index","follow":"follow","max-snippet":"max-snippet:-1","max-image-preview":"max-image-preview:large","max-video-preview":"max-video-preview:-1"},"canonical":"https:\/\/inmondo.pl\/de\/sklep\/elementy\/szafy\/kleiderschrank-2d1s-loopi\/","og_locale":"de_DE","og_type":"article","og_title":"Szafa 2D1S - Inmondo","og_description":"Zainspirowana klasycznym wzornictwem lat 60 i 70, z nut\u0105 skandynawskiego smaku szafa 2D1S. Niecodzienny design tej dwudrzwiowej szafy, uzupe\u0142nionej pojemna szuflad\u0105, nie tylko b\u0119dzie cieszy\u0107 oko, ale zapewni miejsce na wszystkie ubrania i drobiazgi dziecka. Po\u0142\u0105czenie koloru bia\u0142ego lub szarego z elementami z drewna brzozowego pozostanie ponadczasowe i idealnie wpisze si\u0119 w ka\u017cde wn\u0119trze.  &nbsp; Czas realizacji: 6-8 tygodni","og_url":"https:\/\/inmondo.pl\/de\/sklep\/elementy\/szafy\/kleiderschrank-2d1s-loopi\/","og_site_name":"Inmondo","article_modified_time":"2026-01-28T14:31:50+00:00","og_image":[{"width":960,"height":960,"url":"https:\/\/inmondo.pl\/wp-content\/uploads\/2020\/06\/2019_09_INMONDO_PACKSHOTY-19889_small.jpg","type":"image\/jpeg"}],"twitter_card":"summary_large_image","twitter_misc":{"Gesch\u00e4tzte Lesezeit":"3\u00a0Minuten"},"schema":{"@context":"https:\/\/schema.org","@graph":[{"@type":"WebPage","@id":"https:\/\/inmondo.pl\/sklep\/elementy\/szafy\/szafa-2d1s-loopi\/","url":"https:\/\/inmondo.pl\/sklep\/elementy\/szafy\/szafa-2d1s-loopi\/","name":"Kleiderschrank 2D1S - Inmondo","isPartOf":{"@id":"https:\/\/inmondo.pl\/#website"},"primaryImageOfPage":{"@id":"https:\/\/inmondo.pl\/sklep\/elementy\/szafy\/szafa-2d1s-loopi\/#primaryimage"},"image":{"@id":"https:\/\/inmondo.pl\/sklep\/elementy\/szafy\/szafa-2d1s-loopi\/#primaryimage"},"thumbnailUrl":"https:\/\/inmondo.pl\/wp-content\/uploads\/2020\/06\/2019_09_INMONDO_PACKSHOTY-19889_small.jpg","datePublished":"2020-06-16T10:50:04+00:00","dateModified":"2026-01-28T14:31:50+00:00","breadcrumb":{"@id":"https:\/\/inmondo.pl\/sklep\/elementy\/szafy\/szafa-2d1s-loopi\/#breadcrumb"},"inLanguage":"de","potentialAction":[{"@type":"ReadAction","target":["https:\/\/inmondo.pl\/sklep\/elementy\/szafy\/szafa-2d1s-loopi\/"]}]},{"@type":"ImageObject","inLanguage":"de","@id":"https:\/\/inmondo.pl\/sklep\/elementy\/szafy\/szafa-2d1s-loopi\/#primaryimage","url":"https:\/\/inmondo.pl\/wp-content\/uploads\/2020\/06\/2019_09_INMONDO_PACKSHOTY-19889_small.jpg","contentUrl":"https:\/\/inmondo.pl\/wp-content\/uploads\/2020\/06\/2019_09_INMONDO_PACKSHOTY-19889_small.jpg","width":960,"height":960},{"@type":"BreadcrumbList","@id":"https:\/\/inmondo.pl\/sklep\/elementy\/szafy\/szafa-2d1s-loopi\/#breadcrumb","itemListElement":[{"@type":"ListItem","position":1,"name":"Strona g\u0142\u00f3wna","item":"https:\/\/inmondo.pl\/"},{"@type":"ListItem","position":2,"name":"Oferta Inmondo: spe\u0142niamy marzenia i wymagania","item":"https:\/\/inmondo.pl\/sklep\/"},{"@type":"ListItem","position":3,"name":"kolekcje","item":"https:\/\/inmondo.pl\/de\/sklep\/kolekcje\/"},{"@type":"ListItem","position":4,"name":"Szafa 2D1S"}]},{"@type":"WebSite","@id":"https:\/\/inmondo.pl\/#website","url":"https:\/\/inmondo.pl\/","name":"Inmondo","description":"","potentialAction":[{"@type":"SearchAction","target":{"@type":"EntryPoint","urlTemplate":"https:\/\/inmondo.pl\/?s={search_term_string}"},"query-input":{"@type":"PropertyValueSpecification","valueRequired":true,"valueName":"search_term_string"}}],"inLanguage":"de"}]}},"wcpa_form_fields":null,"_links":{"self":[{"href":"https:\/\/inmondo.pl\/de\/wp-json\/wp\/v2\/product\/931","targetHints":{"allow":["GET"]}}],"collection":[{"href":"https:\/\/inmondo.pl\/de\/wp-json\/wp\/v2\/product"}],"about":[{"href":"https:\/\/inmondo.pl\/de\/wp-json\/wp\/v2\/types\/product"}],"replies":[{"embeddable":true,"href":"https:\/\/inmondo.pl\/de\/wp-json\/wp\/v2\/comments?post=931"}],"wp:featuredmedia":[{"embeddable":true,"href":"https:\/\/inmondo.pl\/de\/wp-json\/wp\/v2\/media\/759"}],"wp:attachment":[{"href":"https:\/\/inmondo.pl\/de\/wp-json\/wp\/v2\/media?parent=931"}],"wp:term":[{"taxonomy":"product_brand","embeddable":true,"href":"https:\/\/inmondo.pl\/de\/wp-json\/wp\/v2\/product_brand?post=931"},{"taxonomy":"product_cat","embeddable":true,"href":"https:\/\/inmondo.pl\/de\/wp-json\/wp\/v2\/product_cat?post=931"},{"taxonomy":"product_tag","embeddable":true,"href":"https:\/\/inmondo.pl\/de\/wp-json\/wp\/v2\/product_tag?post=931"}],"curies":[{"name":"wp","href":"https:\/\/api.w.org\/{rel}","templated":true}]}}