{"id":9292,"date":"2025-03-11T15:24:50","date_gmt":"2025-03-11T14:24:50","guid":{"rendered":"https:\/\/inmondo.pl\/?post_type=product&#038;p=9292"},"modified":"2026-04-17T14:30:30","modified_gmt":"2026-04-17T12:30:30","slug":"szuflada-do-lozka-carmela","status":"publish","type":"product","link":"https:\/\/inmondo.pl\/de\/sklep\/kolekcje\/carmela\/szuflada-do-lozka-carmela\/","title":{"rendered":"Bettkasten Carmela"},"content":{"rendered":"","protected":false},"excerpt":{"rendered":"<p>Unser Bettkasten Carmela wurde f\u00fcr die allt\u00e4glichen Bed\u00fcrfnisse entwickelt und ist nicht nur eine praktische L\u00f6sung, sondern auch ein Ausdruck der Aufmerksamkeit f\u00fcr die kleinsten Details.<\/p>\n<p>&nbsp;<\/p>\n<p>Mit seinem harmonischen Design und seiner soliden Verarbeitung erg\u00e4nzt er das Bett Carmela perfekt, unterstreicht seinen einzigartigen Stil und sorgt f\u00fcr Ordnung im Kinderzimmer.<\/p>\n<p>&nbsp;<\/p>\n<p><strong>ANMERKUNG<\/strong>! Die Schublade passt nicht f\u00fcr das Carmela Doppelbett 120x200cm aufgrund des \"dritten\" Beines darin. Die Schublade f\u00fcr das Carmela Doppelbett wird bald auf der Website verf\u00fcgbar sein.<\/p>\n<p>&nbsp;<\/p>\n<p>W\u00e4hlen Sie auch das passende Matratzenmodell <strong><a href=\"https:\/\/inmondo.pl\/de\/sklep\/elementy\/matratzenrestaurierung-2\/\">RESTO 90 - f\u00fcr Schubladen<\/a><\/strong><\/p>","protected":false},"featured_media":10475,"comment_status":"open","ping_status":"closed","template":"","meta":{"_acf_changed":true},"product_brand":[],"product_cat":[200],"product_tag":[],"class_list":{"0":"post-9292","1":"product","2":"type-product","3":"status-publish","4":"has-post-thumbnail","6":"product_cat-carmela","8":"first","9":"onbackorder","10":"taxable","11":"shipping-taxable","12":"purchasable","13":"product-type-variable"},"acf":{"sections_woocommerce":[{"acf_fc_layout":"section_menu","is_active":true,"repeater":[{"text":"Opis","link":"#opis"},{"text":"","link":""}]},{"acf_fc_layout":"section_woocommerce_text_image","is_active":true,"anchor":"#opis","text_align":"textAlign--left","grid_width":"main","wysiwyg":"<p>Wykonana z naturalnego drewna, idealnie komponuje si\u0119 z ca\u0142o\u015bci\u0105 mebla, oferuj\u0105c dodatkowe miejsce na przechowywanie ulubionych zabawek czy po\u015bcieli.<\/p>\n<p>To po\u0142\u0105czenie funkcjonalno\u015bci z eleganckim designem, kt\u00f3re pomaga utrzyma\u0107 porz\u0105dek i dodaje dzieci\u0119cemu pokojowi wyj\u0105tkowego charakteru.<\/p>\n<p>&nbsp;<\/p>\n","image":"https:\/\/inmondo.pl\/wp-content\/uploads\/2025\/03\/image00003.jpeg"},{"acf_fc_layout":"section_woocommerce_text_image","is_active":true,"anchor":"#opis","text_align":"textAlign--right","grid_width":"main","wysiwyg":"<p><strong><a href=\"https:\/\/inmondo.pl\/sklep\/kolekcje\/\">Poznajcie nasze inne kolekcje<\/a><\/strong><\/p>\n","image":"https:\/\/inmondo.pl\/wp-content\/uploads\/2025\/03\/image00030.jpeg"}],"wymiary":"Szeroko\u015b\u0107: 203,4 cm<br \/>\r\nG\u0142\u0119boko\u015b\u0107: 94 cm<br \/>\r\nWysoko\u015b\u0107: 29 cm","materialy":"Drewno","czas_realizacji":""},"yoast_head":"<!-- This site is optimized with the Yoast SEO plugin v27.3 - https:\/\/yoast.com\/product\/yoast-seo-wordpress\/ -->\n<title>Szuflada do \u0142\u00f3\u017cka Carmela - Inmondo<\/title>\n<meta name=\"description\" content=\"Drewniana szuflada, stanowi integraln\u0105 cz\u0119\u015b\u0107 \u0142\u00f3\u017cka Carmela, to praktyczne miejsce na przechowywanie codziennych drobiazg\u00f3w.\" \/>\n<meta name=\"robots\" content=\"index, follow, max-snippet:-1, max-image-preview:large, max-video-preview:-1\" \/>\n<link rel=\"canonical\" href=\"http:\/\/inmondo.pl\/de\/sklep\/kolekcje\/carmela\/szuflada-do-lozka-carmela\/\" \/>\n<meta property=\"og:locale\" content=\"de_DE\" \/>\n<meta property=\"og:type\" content=\"article\" \/>\n<meta property=\"og:title\" content=\"Szuflada do \u0142\u00f3\u017cka Carmela - Inmondo\" \/>\n<meta property=\"og:description\" content=\"Drewniana szuflada, stanowi integraln\u0105 cz\u0119\u015b\u0107 \u0142\u00f3\u017cka Carmela, to praktyczne miejsce na przechowywanie codziennych drobiazg\u00f3w.\" \/>\n<meta property=\"og:url\" content=\"http:\/\/inmondo.pl\/de\/sklep\/kolekcje\/carmela\/szuflada-do-lozka-carmela\/\" \/>\n<meta property=\"og:site_name\" content=\"Inmondo\" \/>\n<meta property=\"article:modified_time\" content=\"2026-04-17T12:30:30+00:00\" \/>\n<meta property=\"og:image\" content=\"http:\/\/inmondo.pl\/wp-content\/uploads\/2025\/06\/Szuflada-Kaszmir.jpg\" \/>\n\t<meta property=\"og:image:width\" content=\"1200\" \/>\n\t<meta property=\"og:image:height\" content=\"1200\" \/>\n\t<meta property=\"og:image:type\" content=\"image\/jpeg\" \/>\n<meta name=\"twitter:card\" content=\"summary_large_image\" \/>\n<meta name=\"twitter:label1\" content=\"Gesch\u00e4tzte Lesezeit\" \/>\n\t<meta name=\"twitter:data1\" content=\"1\u00a0Minute\" \/>\n<script type=\"application\/ld+json\" class=\"yoast-schema-graph\">{\"@context\":\"https:\\\/\\\/schema.org\",\"@graph\":[{\"@type\":\"WebPage\",\"@id\":\"http:\\\/\\\/inmondo.pl\\\/sklep\\\/kolekcje\\\/carmela\\\/szuflada-do-lozka-carmela\\\/\",\"url\":\"http:\\\/\\\/inmondo.pl\\\/sklep\\\/kolekcje\\\/carmela\\\/szuflada-do-lozka-carmela\\\/\",\"name\":\"Szuflada do \u0142\u00f3\u017cka Carmela - Inmondo\",\"isPartOf\":{\"@id\":\"https:\\\/\\\/inmondo.pl\\\/#website\"},\"primaryImageOfPage\":{\"@id\":\"http:\\\/\\\/inmondo.pl\\\/sklep\\\/kolekcje\\\/carmela\\\/szuflada-do-lozka-carmela\\\/#primaryimage\"},\"image\":{\"@id\":\"http:\\\/\\\/inmondo.pl\\\/sklep\\\/kolekcje\\\/carmela\\\/szuflada-do-lozka-carmela\\\/#primaryimage\"},\"thumbnailUrl\":\"https:\\\/\\\/inmondo.pl\\\/wp-content\\\/uploads\\\/2025\\\/06\\\/Szuflada-Kaszmir.jpg\",\"datePublished\":\"2025-03-11T14:24:50+00:00\",\"dateModified\":\"2026-04-17T12:30:30+00:00\",\"description\":\"Drewniana szuflada, stanowi integraln\u0105 cz\u0119\u015b\u0107 \u0142\u00f3\u017cka Carmela, to praktyczne miejsce na przechowywanie codziennych drobiazg\u00f3w.\",\"breadcrumb\":{\"@id\":\"http:\\\/\\\/inmondo.pl\\\/sklep\\\/kolekcje\\\/carmela\\\/szuflada-do-lozka-carmela\\\/#breadcrumb\"},\"inLanguage\":\"de\",\"potentialAction\":[{\"@type\":\"ReadAction\",\"target\":[\"http:\\\/\\\/inmondo.pl\\\/sklep\\\/kolekcje\\\/carmela\\\/szuflada-do-lozka-carmela\\\/\"]}]},{\"@type\":\"ImageObject\",\"inLanguage\":\"de\",\"@id\":\"http:\\\/\\\/inmondo.pl\\\/sklep\\\/kolekcje\\\/carmela\\\/szuflada-do-lozka-carmela\\\/#primaryimage\",\"url\":\"https:\\\/\\\/inmondo.pl\\\/wp-content\\\/uploads\\\/2025\\\/06\\\/Szuflada-Kaszmir.jpg\",\"contentUrl\":\"https:\\\/\\\/inmondo.pl\\\/wp-content\\\/uploads\\\/2025\\\/06\\\/Szuflada-Kaszmir.jpg\",\"width\":1200,\"height\":1200},{\"@type\":\"BreadcrumbList\",\"@id\":\"http:\\\/\\\/inmondo.pl\\\/sklep\\\/kolekcje\\\/carmela\\\/szuflada-do-lozka-carmela\\\/#breadcrumb\",\"itemListElement\":[{\"@type\":\"ListItem\",\"position\":1,\"name\":\"Strona g\u0142\u00f3wna\",\"item\":\"https:\\\/\\\/inmondo.pl\\\/\"},{\"@type\":\"ListItem\",\"position\":2,\"name\":\"Oferta Inmondo: spe\u0142niamy marzenia i wymagania\",\"item\":\"https:\\\/\\\/inmondo.pl\\\/sklep\\\/\"},{\"@type\":\"ListItem\",\"position\":3,\"name\":\"kolekcje\",\"item\":\"https:\\\/\\\/inmondo.pl\\\/de\\\/sklep\\\/kolekcje\\\/\"},{\"@type\":\"ListItem\",\"position\":4,\"name\":\"Carmela\",\"item\":\"https:\\\/\\\/inmondo.pl\\\/sklep\\\/kolekcje\\\/carmela\\\/\"},{\"@type\":\"ListItem\",\"position\":5,\"name\":\"Szuflada do \u0142\u00f3\u017cka Carmela\"}]},{\"@type\":\"WebSite\",\"@id\":\"https:\\\/\\\/inmondo.pl\\\/#website\",\"url\":\"https:\\\/\\\/inmondo.pl\\\/\",\"name\":\"Inmondo\",\"description\":\"\",\"potentialAction\":[{\"@type\":\"SearchAction\",\"target\":{\"@type\":\"EntryPoint\",\"urlTemplate\":\"https:\\\/\\\/inmondo.pl\\\/?s={search_term_string}\"},\"query-input\":{\"@type\":\"PropertyValueSpecification\",\"valueRequired\":true,\"valueName\":\"search_term_string\"}}],\"inLanguage\":\"de\"}]}<\/script>\n<!-- \/ Yoast SEO plugin. -->","yoast_head_json":{"title":"Bettkasten Carmela - Inmondo","description":"Die Holzschublade, ein integraler Bestandteil des Bettes Carmela, ist ein praktischer Aufbewahrungsort f\u00fcr allt\u00e4gliche Kleinigkeiten.","robots":{"index":"index","follow":"follow","max-snippet":"max-snippet:-1","max-image-preview":"max-image-preview:large","max-video-preview":"max-video-preview:-1"},"canonical":"http:\/\/inmondo.pl\/de\/sklep\/kolekcje\/carmela\/szuflada-do-lozka-carmela\/","og_locale":"de_DE","og_type":"article","og_title":"Szuflada do \u0142\u00f3\u017cka Carmela - Inmondo","og_description":"Drewniana szuflada, stanowi integraln\u0105 cz\u0119\u015b\u0107 \u0142\u00f3\u017cka Carmela, to praktyczne miejsce na przechowywanie codziennych drobiazg\u00f3w.","og_url":"http:\/\/inmondo.pl\/de\/sklep\/kolekcje\/carmela\/szuflada-do-lozka-carmela\/","og_site_name":"Inmondo","article_modified_time":"2026-04-17T12:30:30+00:00","og_image":[{"width":1200,"height":1200,"url":"http:\/\/inmondo.pl\/wp-content\/uploads\/2025\/06\/Szuflada-Kaszmir.jpg","type":"image\/jpeg"}],"twitter_card":"summary_large_image","twitter_misc":{"Gesch\u00e4tzte Lesezeit":"1\u00a0Minute"},"schema":{"@context":"https:\/\/schema.org","@graph":[{"@type":"WebPage","@id":"http:\/\/inmondo.pl\/sklep\/kolekcje\/carmela\/szuflada-do-lozka-carmela\/","url":"http:\/\/inmondo.pl\/sklep\/kolekcje\/carmela\/szuflada-do-lozka-carmela\/","name":"Bettkasten Carmela - Inmondo","isPartOf":{"@id":"https:\/\/inmondo.pl\/#website"},"primaryImageOfPage":{"@id":"http:\/\/inmondo.pl\/sklep\/kolekcje\/carmela\/szuflada-do-lozka-carmela\/#primaryimage"},"image":{"@id":"http:\/\/inmondo.pl\/sklep\/kolekcje\/carmela\/szuflada-do-lozka-carmela\/#primaryimage"},"thumbnailUrl":"https:\/\/inmondo.pl\/wp-content\/uploads\/2025\/06\/Szuflada-Kaszmir.jpg","datePublished":"2025-03-11T14:24:50+00:00","dateModified":"2026-04-17T12:30:30+00:00","description":"Die Holzschublade, ein integraler Bestandteil des Bettes Carmela, ist ein praktischer Aufbewahrungsort f\u00fcr allt\u00e4gliche Kleinigkeiten.","breadcrumb":{"@id":"http:\/\/inmondo.pl\/sklep\/kolekcje\/carmela\/szuflada-do-lozka-carmela\/#breadcrumb"},"inLanguage":"de","potentialAction":[{"@type":"ReadAction","target":["http:\/\/inmondo.pl\/sklep\/kolekcje\/carmela\/szuflada-do-lozka-carmela\/"]}]},{"@type":"ImageObject","inLanguage":"de","@id":"http:\/\/inmondo.pl\/sklep\/kolekcje\/carmela\/szuflada-do-lozka-carmela\/#primaryimage","url":"https:\/\/inmondo.pl\/wp-content\/uploads\/2025\/06\/Szuflada-Kaszmir.jpg","contentUrl":"https:\/\/inmondo.pl\/wp-content\/uploads\/2025\/06\/Szuflada-Kaszmir.jpg","width":1200,"height":1200},{"@type":"BreadcrumbList","@id":"http:\/\/inmondo.pl\/sklep\/kolekcje\/carmela\/szuflada-do-lozka-carmela\/#breadcrumb","itemListElement":[{"@type":"ListItem","position":1,"name":"Strona g\u0142\u00f3wna","item":"https:\/\/inmondo.pl\/"},{"@type":"ListItem","position":2,"name":"Oferta Inmondo: spe\u0142niamy marzenia i wymagania","item":"https:\/\/inmondo.pl\/sklep\/"},{"@type":"ListItem","position":3,"name":"kolekcje","item":"https:\/\/inmondo.pl\/de\/sklep\/kolekcje\/"},{"@type":"ListItem","position":4,"name":"Carmela","item":"https:\/\/inmondo.pl\/sklep\/kolekcje\/carmela\/"},{"@type":"ListItem","position":5,"name":"Szuflada do \u0142\u00f3\u017cka Carmela"}]},{"@type":"WebSite","@id":"https:\/\/inmondo.pl\/#website","url":"https:\/\/inmondo.pl\/","name":"Inmondo","description":"","potentialAction":[{"@type":"SearchAction","target":{"@type":"EntryPoint","urlTemplate":"https:\/\/inmondo.pl\/?s={search_term_string}"},"query-input":{"@type":"PropertyValueSpecification","valueRequired":true,"valueName":"search_term_string"}}],"inLanguage":"de"}]}},"wcpa_form_fields":null,"_links":{"self":[{"href":"https:\/\/inmondo.pl\/de\/wp-json\/wp\/v2\/product\/9292","targetHints":{"allow":["GET"]}}],"collection":[{"href":"https:\/\/inmondo.pl\/de\/wp-json\/wp\/v2\/product"}],"about":[{"href":"https:\/\/inmondo.pl\/de\/wp-json\/wp\/v2\/types\/product"}],"replies":[{"embeddable":true,"href":"https:\/\/inmondo.pl\/de\/wp-json\/wp\/v2\/comments?post=9292"}],"wp:featuredmedia":[{"embeddable":true,"href":"https:\/\/inmondo.pl\/de\/wp-json\/wp\/v2\/media\/10475"}],"wp:attachment":[{"href":"https:\/\/inmondo.pl\/de\/wp-json\/wp\/v2\/media?parent=9292"}],"wp:term":[{"taxonomy":"product_brand","embeddable":true,"href":"https:\/\/inmondo.pl\/de\/wp-json\/wp\/v2\/product_brand?post=9292"},{"taxonomy":"product_cat","embeddable":true,"href":"https:\/\/inmondo.pl\/de\/wp-json\/wp\/v2\/product_cat?post=9292"},{"taxonomy":"product_tag","embeddable":true,"href":"https:\/\/inmondo.pl\/de\/wp-json\/wp\/v2\/product_tag?post=9292"}],"curies":[{"name":"wp","href":"https:\/\/api.w.org\/{rel}","templated":true}]}}