{"id":865,"date":"2020-06-16T11:47:10","date_gmt":"2020-06-16T09:47:10","guid":{"rendered":"http:\/\/inmondo.pl\/?post_type=product&#038;p=865"},"modified":"2026-04-01T22:00:07","modified_gmt":"2026-04-01T20:00:07","slug":"kommode-2d2s-hoch","status":"publish","type":"product","link":"https:\/\/inmondo.pl\/de\/sklep\/elementy\/komody\/kommode-2d2s-hoch\/","title":{"rendered":"Hohe Kommode 2D2S"},"content":{"rendered":"<p>Wysoka komoda to praktyczny mebel, kt\u00f3ry mo\u017cna wykorzysta\u0107 jako wolnostoj\u0105cy element wystroju, ale \u015bwietnie wpasuje si\u0119 te\u017c w przestrze\u0144 pod wysokim \u0142\u00f3\u017ckiem Funflex. R\u00f3wnie dobrze sprawdzi si\u0119 wi\u0119c w wi\u0119kszych pokojach, jak i w projektach, w kt\u00f3rych istotna jest oszcz\u0119dno\u015b\u0107 miejsca. Zapewnia r\u00f3\u017cnorodne opcje przechowywania, dzi\u0119ki kt\u00f3rym uzyskasz \u0142atwy dost\u0119p do skarb\u00f3w, ubra\u0144 czy zabawek swojej pociechy. Komoda sk\u0142ada si\u0119 z dw\u00f3ch pojemnych szuflad oraz p\u00f3\u0142ek ukrytych za drzwiczkami z systemem cichego domyku.<\/p>","protected":false},"excerpt":{"rendered":"<p>Die hohe Kommode ist ein praktisches M\u00f6belst\u00fcck, das als freistehendes Einrichtungselement eingesetzt werden kann, sich aber auch perfekt in den Raum unter dem hohen Funflex-Bett einf\u00fcgt. Daher funktioniert es in gr\u00f6\u00dferen R\u00e4umen ebenso gut wie in Projekten, bei denen es auf Platzersparnis ankommt.<\/p>\n<p>Bietet eine Vielzahl von Aufbewahrungsm\u00f6glichkeiten, um Ihnen einen einfachen Zugriff auf die Sch\u00e4tze, Kleidung und Spielzeug Ihres Babys zu erm\u00f6glichen. Die Kommode besteht aus zwei ger\u00e4umigen Schubladen und Regalen, die hinter der T\u00fcr mit einem leisen Schlie\u00dfsystem versteckt sind.<\/p>","protected":false},"featured_media":634,"comment_status":"open","ping_status":"closed","template":"","meta":{"_acf_changed":false},"product_brand":[],"product_cat":[20,18,17,30,99],"product_tag":[],"class_list":{"0":"post-865","1":"product","2":"type-product","3":"status-publish","4":"has-post-thumbnail","6":"product_cat-elementy","7":"product_cat-funflex","8":"product_cat-kolekcje","9":"product_cat-komody","10":"product_cat-meble-dostepne","12":"first","13":"onbackorder","14":"taxable","15":"shipping-taxable","16":"purchasable","17":"product-type-variable","18":"has-default-attributes"},"acf":{"wymiary":"Szeroko\u015b\u0107: 76,5 cm<br \/>\r\nWysoko\u015b\u0107: 136 cm<br \/>\r\nG\u0142\u0119boko\u015b\u0107: 40 cm","materialy":"drewno brzozowe, p\u0142yta MDF, lakier wodny i&nbsp;wodny UV","sections_woocommerce":[{"acf_fc_layout":"section_menu","is_active":true,"repeater":[{"text":"Opis","link":"#opis"},{"text":"Lookbook","link":"#lookbook"},{"text":"Opinie","link":"#opinie"},{"text":"Inne produkty","link":"#inneprodukty"}]},{"acf_fc_layout":"section_woocommerce_text_image","is_active":true,"anchor":"opis","text_align":"textAlign--left","grid_width":"main","wysiwyg":"<h2>Funflex nieograniczone mo\u017cliwo\u015bci.<\/h2>\n<p>Szeroki wyb\u00f3r element\u00f3w z\u00a0kolekcji Funflex pozwoli zaaran\u017cowa\u0107 ka\u017cd\u0105 przestrze\u0144 zgodnie z\u00a0Twoimi potrzebami i\u00a0upodobaniami. Zapomnij o\u00a0problemach z\u00a0brakiem miejsca na\u00a0przechowywanie Twoich skarb\u00f3w. Ksi\u0105\u017cki, ubrania zabawki &#8211; od teraz na\u00a0wszystko znajdziesz swoje miejsce. Je\u015bli w\u00a0pokoju brakuje Ci miejsca meble mo\u017cesz postawi\u0107 pod\u00a0\u0142\u00f3\u017ckiem uzyskuj\u0105c przestrze\u0144 do\u00a0przechowywania bez po\u015bwi\u0119cania miejsca w\u00a0pokoju.<\/p>\n","image":"https:\/\/inmondo.pl\/wp-content\/uploads\/2020\/07\/2019_04_INMONDO_POK\u00d3J_CH\u0141OPCA_2-14058kwadrat-1080.jpg"},{"acf_fc_layout":"section_woocommerce_text_image","is_active":true,"anchor":"","text_align":"textAlign--right","grid_width":"main","wysiwyg":"<p>Tworz\u0105c nasze meble my\u015blimy nie tylko o\u00a0funkcjonalno\u015bci, ale\u00a0tak\u017ce o\u00a0bezpiecze\u0144stwie i\u00a0komforcie Twojego dziecka. Dlatego\u00a0wszystkie nasze meble s\u0105 lakierowane ekologicznymi farbami wodnymi. Zawiasy i\u00a0prowadnice posiadaj\u0105 system cichego domyku.<\/p>\n","image":"https:\/\/inmondo.pl\/wp-content\/uploads\/2020\/07\/2019_04_INMONDO_POK\u00d3J_CH\u0141OPCA_2-14186-1920.jpg"},{"acf_fc_layout":"section_woocommerce_lookbook","is_active":true,"anchor":"lookbook","header":"<h2 style=\"text-align: center;\">Zobacz galeri\u0119 Funflex:<\/h2>\n<p style=\"text-align: center;\">Nasz lookbook pokazuje tylko wybrane z\u00a0setek mo\u017cliwo\u015bci, jakie daj\u0105 meble Funflex. U\u017cyj ich, jak tylko sobie wymarzysz:<\/p>\n<p style=\"text-align: center;\">\n","repeater":[{"shortcode":"[woocommerce_lookbook id=\"1340\"]"},{"shortcode":"[woocommerce_lookbook id=\"1582\"]"},{"shortcode":"[woocommerce_lookbook id=\"1599\"]"}]},{"acf_fc_layout":"section_woocommerce_opinions","is_active":true,"anchor":"opinie"},{"acf_fc_layout":"section_woocommerce_otherFromCategory","is_active":true,"anchor":"inneprodukty"}],"czas_realizacji":""},"yoast_head":"<!-- This site is optimized with the Yoast SEO plugin v27.3 - https:\/\/yoast.com\/product\/yoast-seo-wordpress\/ -->\n<title>Komoda wysoka 2D2S - Inmondo<\/title>\n<meta name=\"robots\" content=\"index, follow, max-snippet:-1, max-image-preview:large, max-video-preview:-1\" \/>\n<link rel=\"canonical\" href=\"http:\/\/inmondo.pl\/de\/sklep\/elementy\/komody\/kommode-2d2s-hoch\/\" \/>\n<meta property=\"og:locale\" content=\"de_DE\" \/>\n<meta property=\"og:type\" content=\"article\" \/>\n<meta property=\"og:title\" content=\"Komoda wysoka 2D2S - Inmondo\" \/>\n<meta property=\"og:description\" content=\"Wysoka komoda to praktyczny mebel, kt\u00f3ry mo\u017cna wykorzysta\u0107 jako wolnostoj\u0105cy element wystroju, ale \u015bwietnie wpasuje si\u0119 te\u017c w przestrze\u0144 pod wysokim \u0142\u00f3\u017ckiem Funflex. R\u00f3wnie dobrze sprawdzi si\u0119 wi\u0119c w wi\u0119kszych pokojach, jak i w projektach, w kt\u00f3rych istotna jest oszcz\u0119dno\u015b\u0107 miejsca.  Zapewnia r\u00f3\u017cnorodne opcje przechowywania, dzi\u0119ki kt\u00f3rym uzyskasz \u0142atwy dost\u0119p do skarb\u00f3w, ubra\u0144 czy zabawek swojej pociechy. Komoda sk\u0142ada si\u0119 z dw\u00f3ch pojemnych szuflad oraz p\u00f3\u0142ek ukrytych za drzwiczkami z systemem cichego domyku.\" \/>\n<meta property=\"og:url\" content=\"http:\/\/inmondo.pl\/de\/sklep\/elementy\/komody\/kommode-2d2s-hoch\/\" \/>\n<meta property=\"og:site_name\" content=\"Inmondo\" \/>\n<meta property=\"article:modified_time\" content=\"2026-04-01T20:00:07+00:00\" \/>\n<meta property=\"og:image\" content=\"http:\/\/inmondo.pl\/wp-content\/uploads\/2020\/06\/2019_09_INMONDO_PACKSHOTY-19875_small.jpg\" \/>\n\t<meta property=\"og:image:width\" content=\"960\" \/>\n\t<meta property=\"og:image:height\" content=\"960\" \/>\n\t<meta property=\"og:image:type\" content=\"image\/jpeg\" \/>\n<meta name=\"twitter:card\" content=\"summary_large_image\" \/>\n<meta name=\"twitter:label1\" content=\"Gesch\u00e4tzte Lesezeit\" \/>\n\t<meta name=\"twitter:data1\" content=\"2\u00a0Minuten\" \/>\n<script type=\"application\/ld+json\" class=\"yoast-schema-graph\">{\"@context\":\"https:\\\/\\\/schema.org\",\"@graph\":[{\"@type\":\"WebPage\",\"@id\":\"http:\\\/\\\/inmondo.pl\\\/sklep\\\/elementy\\\/komody\\\/komoda-2d2s-wysoka\\\/\",\"url\":\"http:\\\/\\\/inmondo.pl\\\/sklep\\\/elementy\\\/komody\\\/komoda-2d2s-wysoka\\\/\",\"name\":\"Komoda wysoka 2D2S - Inmondo\",\"isPartOf\":{\"@id\":\"https:\\\/\\\/inmondo.pl\\\/#website\"},\"primaryImageOfPage\":{\"@id\":\"http:\\\/\\\/inmondo.pl\\\/sklep\\\/elementy\\\/komody\\\/komoda-2d2s-wysoka\\\/#primaryimage\"},\"image\":{\"@id\":\"http:\\\/\\\/inmondo.pl\\\/sklep\\\/elementy\\\/komody\\\/komoda-2d2s-wysoka\\\/#primaryimage\"},\"thumbnailUrl\":\"https:\\\/\\\/inmondo.pl\\\/wp-content\\\/uploads\\\/2020\\\/06\\\/2019_09_INMONDO_PACKSHOTY-19875_small.jpg\",\"datePublished\":\"2020-06-16T09:47:10+00:00\",\"dateModified\":\"2026-04-01T20:00:07+00:00\",\"breadcrumb\":{\"@id\":\"http:\\\/\\\/inmondo.pl\\\/sklep\\\/elementy\\\/komody\\\/komoda-2d2s-wysoka\\\/#breadcrumb\"},\"inLanguage\":\"de\",\"potentialAction\":[{\"@type\":\"ReadAction\",\"target\":[\"http:\\\/\\\/inmondo.pl\\\/sklep\\\/elementy\\\/komody\\\/komoda-2d2s-wysoka\\\/\"]}]},{\"@type\":\"ImageObject\",\"inLanguage\":\"de\",\"@id\":\"http:\\\/\\\/inmondo.pl\\\/sklep\\\/elementy\\\/komody\\\/komoda-2d2s-wysoka\\\/#primaryimage\",\"url\":\"https:\\\/\\\/inmondo.pl\\\/wp-content\\\/uploads\\\/2020\\\/06\\\/2019_09_INMONDO_PACKSHOTY-19875_small.jpg\",\"contentUrl\":\"https:\\\/\\\/inmondo.pl\\\/wp-content\\\/uploads\\\/2020\\\/06\\\/2019_09_INMONDO_PACKSHOTY-19875_small.jpg\",\"width\":960,\"height\":960},{\"@type\":\"BreadcrumbList\",\"@id\":\"http:\\\/\\\/inmondo.pl\\\/sklep\\\/elementy\\\/komody\\\/komoda-2d2s-wysoka\\\/#breadcrumb\",\"itemListElement\":[{\"@type\":\"ListItem\",\"position\":1,\"name\":\"Strona g\u0142\u00f3wna\",\"item\":\"https:\\\/\\\/inmondo.pl\\\/\"},{\"@type\":\"ListItem\",\"position\":2,\"name\":\"Oferta Inmondo: spe\u0142niamy marzenia i wymagania\",\"item\":\"https:\\\/\\\/inmondo.pl\\\/sklep\\\/\"},{\"@type\":\"ListItem\",\"position\":3,\"name\":\"kolekcje\",\"item\":\"https:\\\/\\\/inmondo.pl\\\/de\\\/sklep\\\/kolekcje\\\/\"},{\"@type\":\"ListItem\",\"position\":4,\"name\":\"Funflex\",\"item\":\"http:\\\/\\\/inmondo.pl\\\/en\\\/sklep\\\/kolekcje\\\/funflex\\\/\"},{\"@type\":\"ListItem\",\"position\":5,\"name\":\"Komoda wysoka 2D2S\"}]},{\"@type\":\"WebSite\",\"@id\":\"https:\\\/\\\/inmondo.pl\\\/#website\",\"url\":\"https:\\\/\\\/inmondo.pl\\\/\",\"name\":\"Inmondo\",\"description\":\"\",\"potentialAction\":[{\"@type\":\"SearchAction\",\"target\":{\"@type\":\"EntryPoint\",\"urlTemplate\":\"https:\\\/\\\/inmondo.pl\\\/?s={search_term_string}\"},\"query-input\":{\"@type\":\"PropertyValueSpecification\",\"valueRequired\":true,\"valueName\":\"search_term_string\"}}],\"inLanguage\":\"de\"}]}<\/script>\n<!-- \/ Yoast SEO plugin. -->","yoast_head_json":{"title":"Hohe Kommode 2D2S - Inmondo","robots":{"index":"index","follow":"follow","max-snippet":"max-snippet:-1","max-image-preview":"max-image-preview:large","max-video-preview":"max-video-preview:-1"},"canonical":"http:\/\/inmondo.pl\/de\/sklep\/elementy\/komody\/kommode-2d2s-hoch\/","og_locale":"de_DE","og_type":"article","og_title":"Komoda wysoka 2D2S - Inmondo","og_description":"Wysoka komoda to praktyczny mebel, kt\u00f3ry mo\u017cna wykorzysta\u0107 jako wolnostoj\u0105cy element wystroju, ale \u015bwietnie wpasuje si\u0119 te\u017c w przestrze\u0144 pod wysokim \u0142\u00f3\u017ckiem Funflex. R\u00f3wnie dobrze sprawdzi si\u0119 wi\u0119c w wi\u0119kszych pokojach, jak i w projektach, w kt\u00f3rych istotna jest oszcz\u0119dno\u015b\u0107 miejsca.  Zapewnia r\u00f3\u017cnorodne opcje przechowywania, dzi\u0119ki kt\u00f3rym uzyskasz \u0142atwy dost\u0119p do skarb\u00f3w, ubra\u0144 czy zabawek swojej pociechy. Komoda sk\u0142ada si\u0119 z dw\u00f3ch pojemnych szuflad oraz p\u00f3\u0142ek ukrytych za drzwiczkami z systemem cichego domyku.","og_url":"http:\/\/inmondo.pl\/de\/sklep\/elementy\/komody\/kommode-2d2s-hoch\/","og_site_name":"Inmondo","article_modified_time":"2026-04-01T20:00:07+00:00","og_image":[{"width":960,"height":960,"url":"http:\/\/inmondo.pl\/wp-content\/uploads\/2020\/06\/2019_09_INMONDO_PACKSHOTY-19875_small.jpg","type":"image\/jpeg"}],"twitter_card":"summary_large_image","twitter_misc":{"Gesch\u00e4tzte Lesezeit":"2\u00a0Minuten"},"schema":{"@context":"https:\/\/schema.org","@graph":[{"@type":"WebPage","@id":"http:\/\/inmondo.pl\/sklep\/elementy\/komody\/komoda-2d2s-wysoka\/","url":"http:\/\/inmondo.pl\/sklep\/elementy\/komody\/komoda-2d2s-wysoka\/","name":"Hohe Kommode 2D2S - Inmondo","isPartOf":{"@id":"https:\/\/inmondo.pl\/#website"},"primaryImageOfPage":{"@id":"http:\/\/inmondo.pl\/sklep\/elementy\/komody\/komoda-2d2s-wysoka\/#primaryimage"},"image":{"@id":"http:\/\/inmondo.pl\/sklep\/elementy\/komody\/komoda-2d2s-wysoka\/#primaryimage"},"thumbnailUrl":"https:\/\/inmondo.pl\/wp-content\/uploads\/2020\/06\/2019_09_INMONDO_PACKSHOTY-19875_small.jpg","datePublished":"2020-06-16T09:47:10+00:00","dateModified":"2026-04-01T20:00:07+00:00","breadcrumb":{"@id":"http:\/\/inmondo.pl\/sklep\/elementy\/komody\/komoda-2d2s-wysoka\/#breadcrumb"},"inLanguage":"de","potentialAction":[{"@type":"ReadAction","target":["http:\/\/inmondo.pl\/sklep\/elementy\/komody\/komoda-2d2s-wysoka\/"]}]},{"@type":"ImageObject","inLanguage":"de","@id":"http:\/\/inmondo.pl\/sklep\/elementy\/komody\/komoda-2d2s-wysoka\/#primaryimage","url":"https:\/\/inmondo.pl\/wp-content\/uploads\/2020\/06\/2019_09_INMONDO_PACKSHOTY-19875_small.jpg","contentUrl":"https:\/\/inmondo.pl\/wp-content\/uploads\/2020\/06\/2019_09_INMONDO_PACKSHOTY-19875_small.jpg","width":960,"height":960},{"@type":"BreadcrumbList","@id":"http:\/\/inmondo.pl\/sklep\/elementy\/komody\/komoda-2d2s-wysoka\/#breadcrumb","itemListElement":[{"@type":"ListItem","position":1,"name":"Strona g\u0142\u00f3wna","item":"https:\/\/inmondo.pl\/"},{"@type":"ListItem","position":2,"name":"Oferta Inmondo: spe\u0142niamy marzenia i wymagania","item":"https:\/\/inmondo.pl\/sklep\/"},{"@type":"ListItem","position":3,"name":"kolekcje","item":"https:\/\/inmondo.pl\/de\/sklep\/kolekcje\/"},{"@type":"ListItem","position":4,"name":"Funflex","item":"http:\/\/inmondo.pl\/en\/sklep\/kolekcje\/funflex\/"},{"@type":"ListItem","position":5,"name":"Komoda wysoka 2D2S"}]},{"@type":"WebSite","@id":"https:\/\/inmondo.pl\/#website","url":"https:\/\/inmondo.pl\/","name":"Inmondo","description":"","potentialAction":[{"@type":"SearchAction","target":{"@type":"EntryPoint","urlTemplate":"https:\/\/inmondo.pl\/?s={search_term_string}"},"query-input":{"@type":"PropertyValueSpecification","valueRequired":true,"valueName":"search_term_string"}}],"inLanguage":"de"}]}},"wcpa_form_fields":null,"_links":{"self":[{"href":"https:\/\/inmondo.pl\/de\/wp-json\/wp\/v2\/product\/865","targetHints":{"allow":["GET"]}}],"collection":[{"href":"https:\/\/inmondo.pl\/de\/wp-json\/wp\/v2\/product"}],"about":[{"href":"https:\/\/inmondo.pl\/de\/wp-json\/wp\/v2\/types\/product"}],"replies":[{"embeddable":true,"href":"https:\/\/inmondo.pl\/de\/wp-json\/wp\/v2\/comments?post=865"}],"wp:featuredmedia":[{"embeddable":true,"href":"https:\/\/inmondo.pl\/de\/wp-json\/wp\/v2\/media\/634"}],"wp:attachment":[{"href":"https:\/\/inmondo.pl\/de\/wp-json\/wp\/v2\/media?parent=865"}],"wp:term":[{"taxonomy":"product_brand","embeddable":true,"href":"https:\/\/inmondo.pl\/de\/wp-json\/wp\/v2\/product_brand?post=865"},{"taxonomy":"product_cat","embeddable":true,"href":"https:\/\/inmondo.pl\/de\/wp-json\/wp\/v2\/product_cat?post=865"},{"taxonomy":"product_tag","embeddable":true,"href":"https:\/\/inmondo.pl\/de\/wp-json\/wp\/v2\/product_tag?post=865"}],"curies":[{"name":"wp","href":"https:\/\/api.w.org\/{rel}","templated":true}]}}