{"id":8206,"date":"2024-07-12T15:43:53","date_gmt":"2024-07-12T13:43:53","guid":{"rendered":"https:\/\/inmondo.pl\/?post_type=product&#038;p=8206"},"modified":"2026-04-16T15:59:54","modified_gmt":"2026-04-16T13:59:54","slug":"szafa-trzydrzwiowa-funflex","status":"publish","type":"product","link":"https:\/\/inmondo.pl\/de\/sklep\/elementy\/szafy\/szafa-trzydrzwiowa-funflex\/","title":{"rendered":"Dreit\u00fcriger Kleiderschrank"},"content":{"rendered":"","protected":false},"excerpt":{"rendered":"<h2 style=\"text-align: left; font-size: 17px;\">Dreit\u00fcriger Kleiderschrank Funflex 3D2S - Der perfekte Kleiderschrank f\u00fcrs Kinderzimmer<\/h2>\n<p>&nbsp;<\/p>\n<p>Entdecken Sie den dreit\u00fcrigen Kleiderschrank Funflex von Inmondo, der aus robustem Birkenholz und MDF gefertigt ist.<\/p>\n<p>Er ist mit 2 oder 4 Schubladen erh\u00e4ltlich und bietet ger\u00e4umige Einlegeb\u00f6den, eine Kleiderstange und einen leisen Verschluss.<\/p>\n<p>Modernes Design, Sicherheit und Funktionalit\u00e4t f\u00fcr die n\u00e4chsten Jahre!<\/p>","protected":false},"featured_media":8202,"comment_status":"open","ping_status":"closed","template":"","meta":{"_acf_changed":true},"product_brand":[],"product_cat":[18,22],"product_tag":[],"class_list":{"0":"post-8206","1":"product","2":"type-product","3":"status-publish","4":"has-post-thumbnail","6":"product_cat-funflex","7":"product_cat-szafy","9":"first","10":"onbackorder","11":"taxable","12":"shipping-taxable","13":"purchasable","14":"product-type-variable"},"acf":{"sections_woocommerce":[{"acf_fc_layout":"section_menu","is_active":true,"repeater":[{"text":"Opis","link":"#opis"},{"text":"lookbook","link":"#lookbook"},{"text":"Opinie","link":"#opinie"},{"text":"Inne produkty","link":"#inneprodukty"}]},{"acf_fc_layout":"section_woocommerce_text_image","is_active":true,"anchor":"Opis","text_align":"textAlign--left","grid_width":"main","wysiwyg":"<h3>Przestronne Wn\u0119trze dla Lepszej Organizacji Pokoju Dziecka &#8211; Funflex Szafa Trzydrzwiowa<\/h3>\n<p>Szafa Trzydrzwiowa Funflex 3D2S zosta\u0142a zaprojektowana z my\u015bl\u0105 o maksymalnej funkcjonalno\u015bci.<\/p>\n<p>Wn\u0119trze szafy oferuje p\u00f3\u0142ki oraz dr\u0105\u017cek do wieszania ubra\u0144 przez szeroko\u015b\u0107 dw\u00f3ch drzwi, co pozwala na przechowywanie wi\u0119kszych ubra\u0144, takich jak kurtki czy sukienki.<\/p>\n<p>Dodatkowo, p\u00f3\u0142ki przez szeroko\u015b\u0107 jednych drzwi zapewniaj\u0105 miejsce na z\u0142o\u017cone ubrania, ksi\u0105\u017cki i zabawki.<\/p>\n<p>&nbsp;<\/p>\n<p>Z my\u015bl\u0105 o r\u00f3\u017cnych uk\u0142adach pokoi, szafa Trzydrzwiowa Funflex 3D2S jest dost\u0119pna w wersji lewej lub prawej.<\/p>\n<p>Oznacza to, \u017ce w\u0119\u017csza cz\u0119\u015b\u0107 szafy mo\u017ce by\u0107 umieszczona po lewej lub po prawej stronie, w zale\u017cno\u015bci od Twoich potrzeb.<\/p>\n<p>Ta elastyczno\u015b\u0107 pozwala na lepsze dostosowanie mebla do wn\u0119trza pokoju dziecka.<\/p>\n<p>&nbsp;<\/p>\n<p>W szafie Trzydrzwiowej Funflex 3D2S zastosowano ciche prowadnice, kt\u00f3re zapewniaj\u0105 p\u0142ynne i bezg\u0142o\u015bne otwieranie oraz zamykanie szuflad.<\/p>\n<p>Jest to szczeg\u00f3lnie wa\u017cne w pokoju dzieci\u0119cym, gdzie ha\u0142as mo\u017ce przeszkadza\u0107 w czasie zabawy czy odpoczynku.<\/p>\n<p>Szafa b\u0119dzie idealnie pasowa\u0142a do pokoju zar\u00f3wno ma\u0142ego dziecka jaki dorastaj\u0105cego nastolatka.<\/p>\n","image":"https:\/\/inmondo.pl\/wp-content\/uploads\/2024\/07\/Szafa-Funflex-3D2S-prawa-biala-scaled.jpg"},{"acf_fc_layout":"section_woocommerce_text_image","is_active":true,"anchor":"Opis","text_align":"textAlign--left","grid_width":"main","wysiwyg":"<h3>Dlaczego warto wybra\u0107 szaf\u0119 Trzydrzwiow\u0105 Funflex 3D?<\/h3>\n<p><strong>Przestronne wn\u0119trze:<\/strong> P\u00f3\u0142ki i dr\u0105\u017cek do wieszania ubra\u0144 przez szeroko\u015b\u0107 dw\u00f3ch drzwi.<\/p>\n<p><strong>Elastyczno\u015b\u0107:<\/strong> Dost\u0119pna w wersji lewej lub prawej.<\/p>\n<p><strong>Ciche prowadnice:<\/strong> Komfortowe u\u017cytkowanie bez ha\u0142asu.<\/p>\n<p><strong>Uniwersalno\u015b\u0107:<\/strong> Idealna dla ma\u0142ych dzieci i nastolatk\u00f3w.<\/p>\n<p><strong>Trwa\u0142o\u015b\u0107:<\/strong> Wykonana z drewna brzozowego i MDF.<\/p>\n<p>&nbsp;<\/p>\n<p>Szafa Trzydrzwiowa 3D2S jest dost\u0119pna r\u00f3wnie\u017c w wersji 3D4S i wi\u0119ksz\u0105 ilo\u015bci\u0105 szuflad &#8211; wszystko dla wi\u0119kszej dowolno\u015bci w urz\u0105dzaniu pokoju dziecka.<\/p>\n<p>Szafa Funflex\u00a0 od Inmondo to trzydrzwiowa szafa zaprojektowana z my\u015bl\u0105 o kompleksowym wyposa\u017ceniu pokoju dziecka.<\/p>\n<p>Dwie dost\u0119pne wersje: z 3 drzwiami i 2 szufladami ( 3d2s) lub z 3 drzwiami i 4 szufladami (3d4s), pozwala na idealne dopasowanie do potrzeb Twojego dziecka.<\/p>\n<p>&nbsp;<\/p>\n<p>Odkryj, jak kolekcja Funflex mo\u017ce zmieni\u0107 pok\u00f3j Twojego dziecka, zapewniaj\u0105c mu funkcjonalno\u015b\u0107, styl i bezpiecze\u0144stwo na lata.<\/p>\n","image":"https:\/\/inmondo.pl\/wp-content\/uploads\/2024\/07\/Szafa-Funflex-3D2S-prawa-szara-scaled.jpg"},{"acf_fc_layout":"section_woocommerce_lookbook","is_active":true,"anchor":"","header":"","repeater":[{"shortcode":"[woocommerce_lookbook id=\"2096\"]"},{"shortcode":"[woocommerce_lookbook id=\"2087\"]"},{"shortcode":"[woocommerce_lookbook id=\"1347\"]"},{"shortcode":"[woocommerce_lookbook id=\"1344\"]"}]},{"acf_fc_layout":"section_woocommerce_opinions","is_active":true,"anchor":"Opinie"},{"acf_fc_layout":"section_woocommerce_otherFromCategory","is_active":true,"anchor":"inneprodukty"}],"wymiary":"Wysoko\u015b\u0107: 190 cm<br \/>\r\nSzeroko\u015b\u0107: 134,5 cm<br \/>\r\nG\u0142\u0119boko\u015b\u0107: 55 cm","materialy":"Drewno brzozowe, MDF, lakiery wodne i UV","czas_realizacji":""},"yoast_head":"<!-- This site is optimized with the Yoast SEO plugin v27.3 - https:\/\/yoast.com\/product\/yoast-seo-wordpress\/ -->\n<title>Szafa Trzydrzwiowa - Inmondo<\/title>\n<meta name=\"description\" content=\"Szafa trzydrzwiowa Funflex od Inmondo, z drewna brzozowego i MDF. Odkryj szaf\u0119 do pokoju dziecka z p\u00f3\u0142kami, dr\u0105\u017ckiem na ubrania i szufaldami.\" \/>\n<meta name=\"robots\" content=\"index, follow, max-snippet:-1, max-image-preview:large, max-video-preview:-1\" \/>\n<link rel=\"canonical\" href=\"http:\/\/inmondo.pl\/de\/sklep\/elementy\/szafy\/szafa-trzydrzwiowa-funflex\/\" \/>\n<meta property=\"og:locale\" content=\"de_DE\" \/>\n<meta property=\"og:type\" content=\"article\" \/>\n<meta property=\"og:title\" content=\"Szafa Trzydrzwiowa - Inmondo\" \/>\n<meta property=\"og:description\" content=\"Szafa trzydrzwiowa Funflex od Inmondo, z drewna brzozowego i MDF. Odkryj szaf\u0119 do pokoju dziecka z p\u00f3\u0142kami, dr\u0105\u017ckiem na ubrania i szufaldami.\" \/>\n<meta property=\"og:url\" content=\"http:\/\/inmondo.pl\/de\/sklep\/elementy\/szafy\/szafa-trzydrzwiowa-funflex\/\" \/>\n<meta property=\"og:site_name\" content=\"Inmondo\" \/>\n<meta property=\"article:modified_time\" content=\"2026-04-16T13:59:54+00:00\" \/>\n<meta property=\"og:image\" content=\"http:\/\/inmondo.pl\/wp-content\/uploads\/2024\/07\/Szafa-Funflex-3D2S-prawa-biala-scaled.jpg\" \/>\n\t<meta property=\"og:image:width\" content=\"1280\" \/>\n\t<meta property=\"og:image:height\" content=\"1920\" \/>\n\t<meta property=\"og:image:type\" content=\"image\/jpeg\" \/>\n<meta name=\"twitter:card\" content=\"summary_large_image\" \/>\n<meta name=\"twitter:label1\" content=\"Gesch\u00e4tzte Lesezeit\" \/>\n\t<meta name=\"twitter:data1\" content=\"3\u00a0Minuten\" \/>\n<script type=\"application\/ld+json\" class=\"yoast-schema-graph\">{\"@context\":\"https:\\\/\\\/schema.org\",\"@graph\":[{\"@type\":\"WebPage\",\"@id\":\"http:\\\/\\\/inmondo.pl\\\/sklep\\\/elementy\\\/szafy\\\/szafa-trzydrzwiowa-funflex\\\/\",\"url\":\"http:\\\/\\\/inmondo.pl\\\/sklep\\\/elementy\\\/szafy\\\/szafa-trzydrzwiowa-funflex\\\/\",\"name\":\"Szafa Trzydrzwiowa - Inmondo\",\"isPartOf\":{\"@id\":\"https:\\\/\\\/inmondo.pl\\\/#website\"},\"primaryImageOfPage\":{\"@id\":\"http:\\\/\\\/inmondo.pl\\\/sklep\\\/elementy\\\/szafy\\\/szafa-trzydrzwiowa-funflex\\\/#primaryimage\"},\"image\":{\"@id\":\"http:\\\/\\\/inmondo.pl\\\/sklep\\\/elementy\\\/szafy\\\/szafa-trzydrzwiowa-funflex\\\/#primaryimage\"},\"thumbnailUrl\":\"https:\\\/\\\/inmondo.pl\\\/wp-content\\\/uploads\\\/2024\\\/07\\\/Szafa-Funflex-3D2S-prawa-biala-scaled.jpg\",\"datePublished\":\"2024-07-12T13:43:53+00:00\",\"dateModified\":\"2026-04-16T13:59:54+00:00\",\"description\":\"Szafa trzydrzwiowa Funflex od Inmondo, z drewna brzozowego i MDF. Odkryj szaf\u0119 do pokoju dziecka z p\u00f3\u0142kami, dr\u0105\u017ckiem na ubrania i szufaldami.\",\"breadcrumb\":{\"@id\":\"http:\\\/\\\/inmondo.pl\\\/sklep\\\/elementy\\\/szafy\\\/szafa-trzydrzwiowa-funflex\\\/#breadcrumb\"},\"inLanguage\":\"de\",\"potentialAction\":[{\"@type\":\"ReadAction\",\"target\":[\"http:\\\/\\\/inmondo.pl\\\/sklep\\\/elementy\\\/szafy\\\/szafa-trzydrzwiowa-funflex\\\/\"]}]},{\"@type\":\"ImageObject\",\"inLanguage\":\"de\",\"@id\":\"http:\\\/\\\/inmondo.pl\\\/sklep\\\/elementy\\\/szafy\\\/szafa-trzydrzwiowa-funflex\\\/#primaryimage\",\"url\":\"https:\\\/\\\/inmondo.pl\\\/wp-content\\\/uploads\\\/2024\\\/07\\\/Szafa-Funflex-3D2S-prawa-biala-scaled.jpg\",\"contentUrl\":\"https:\\\/\\\/inmondo.pl\\\/wp-content\\\/uploads\\\/2024\\\/07\\\/Szafa-Funflex-3D2S-prawa-biala-scaled.jpg\",\"width\":1280,\"height\":1920,\"caption\":\"bia\u0142a szafa trzydrzwiowa funflex inmondo\"},{\"@type\":\"BreadcrumbList\",\"@id\":\"http:\\\/\\\/inmondo.pl\\\/sklep\\\/elementy\\\/szafy\\\/szafa-trzydrzwiowa-funflex\\\/#breadcrumb\",\"itemListElement\":[{\"@type\":\"ListItem\",\"position\":1,\"name\":\"Strona g\u0142\u00f3wna\",\"item\":\"https:\\\/\\\/inmondo.pl\\\/\"},{\"@type\":\"ListItem\",\"position\":2,\"name\":\"Oferta Inmondo: spe\u0142niamy marzenia i wymagania\",\"item\":\"https:\\\/\\\/inmondo.pl\\\/sklep\\\/\"},{\"@type\":\"ListItem\",\"position\":3,\"name\":\"Elementy\",\"item\":\"https:\\\/\\\/inmondo.pl\\\/sklep\\\/elementy\\\/\"},{\"@type\":\"ListItem\",\"position\":4,\"name\":\"Szafy\",\"item\":\"http:\\\/\\\/inmondo.pl\\\/sklep\\\/elementy\\\/szafy\\\/\"},{\"@type\":\"ListItem\",\"position\":5,\"name\":\"Szafa Trzydrzwiowa\"}]},{\"@type\":\"WebSite\",\"@id\":\"https:\\\/\\\/inmondo.pl\\\/#website\",\"url\":\"https:\\\/\\\/inmondo.pl\\\/\",\"name\":\"Inmondo\",\"description\":\"\",\"potentialAction\":[{\"@type\":\"SearchAction\",\"target\":{\"@type\":\"EntryPoint\",\"urlTemplate\":\"https:\\\/\\\/inmondo.pl\\\/?s={search_term_string}\"},\"query-input\":{\"@type\":\"PropertyValueSpecification\",\"valueRequired\":true,\"valueName\":\"search_term_string\"}}],\"inLanguage\":\"de\"}]}<\/script>\n<!-- \/ Yoast SEO plugin. -->","yoast_head_json":{"title":"Dreit\u00fcriger Kleiderschrank - Inmondo","description":"Dreit\u00fcriger Kleiderschrank Funflex von Inmondo, aus Birkenholz und MDF. Entdecken Sie einen Kleiderschrank f\u00fcr Ihr Kinderzimmer mit Regalen, Kleiderstange und Schubladen.","robots":{"index":"index","follow":"follow","max-snippet":"max-snippet:-1","max-image-preview":"max-image-preview:large","max-video-preview":"max-video-preview:-1"},"canonical":"http:\/\/inmondo.pl\/de\/sklep\/elementy\/szafy\/szafa-trzydrzwiowa-funflex\/","og_locale":"de_DE","og_type":"article","og_title":"Szafa Trzydrzwiowa - Inmondo","og_description":"Szafa trzydrzwiowa Funflex od Inmondo, z drewna brzozowego i MDF. Odkryj szaf\u0119 do pokoju dziecka z p\u00f3\u0142kami, dr\u0105\u017ckiem na ubrania i szufaldami.","og_url":"http:\/\/inmondo.pl\/de\/sklep\/elementy\/szafy\/szafa-trzydrzwiowa-funflex\/","og_site_name":"Inmondo","article_modified_time":"2026-04-16T13:59:54+00:00","og_image":[{"width":1280,"height":1920,"url":"http:\/\/inmondo.pl\/wp-content\/uploads\/2024\/07\/Szafa-Funflex-3D2S-prawa-biala-scaled.jpg","type":"image\/jpeg"}],"twitter_card":"summary_large_image","twitter_misc":{"Gesch\u00e4tzte Lesezeit":"3\u00a0Minuten"},"schema":{"@context":"https:\/\/schema.org","@graph":[{"@type":"WebPage","@id":"http:\/\/inmondo.pl\/sklep\/elementy\/szafy\/szafa-trzydrzwiowa-funflex\/","url":"http:\/\/inmondo.pl\/sklep\/elementy\/szafy\/szafa-trzydrzwiowa-funflex\/","name":"Dreit\u00fcriger Kleiderschrank - Inmondo","isPartOf":{"@id":"https:\/\/inmondo.pl\/#website"},"primaryImageOfPage":{"@id":"http:\/\/inmondo.pl\/sklep\/elementy\/szafy\/szafa-trzydrzwiowa-funflex\/#primaryimage"},"image":{"@id":"http:\/\/inmondo.pl\/sklep\/elementy\/szafy\/szafa-trzydrzwiowa-funflex\/#primaryimage"},"thumbnailUrl":"https:\/\/inmondo.pl\/wp-content\/uploads\/2024\/07\/Szafa-Funflex-3D2S-prawa-biala-scaled.jpg","datePublished":"2024-07-12T13:43:53+00:00","dateModified":"2026-04-16T13:59:54+00:00","description":"Dreit\u00fcriger Kleiderschrank Funflex von Inmondo, aus Birkenholz und MDF. Entdecken Sie einen Kleiderschrank f\u00fcr Ihr Kinderzimmer mit Regalen, Kleiderstange und Schubladen.","breadcrumb":{"@id":"http:\/\/inmondo.pl\/sklep\/elementy\/szafy\/szafa-trzydrzwiowa-funflex\/#breadcrumb"},"inLanguage":"de","potentialAction":[{"@type":"ReadAction","target":["http:\/\/inmondo.pl\/sklep\/elementy\/szafy\/szafa-trzydrzwiowa-funflex\/"]}]},{"@type":"ImageObject","inLanguage":"de","@id":"http:\/\/inmondo.pl\/sklep\/elementy\/szafy\/szafa-trzydrzwiowa-funflex\/#primaryimage","url":"https:\/\/inmondo.pl\/wp-content\/uploads\/2024\/07\/Szafa-Funflex-3D2S-prawa-biala-scaled.jpg","contentUrl":"https:\/\/inmondo.pl\/wp-content\/uploads\/2024\/07\/Szafa-Funflex-3D2S-prawa-biala-scaled.jpg","width":1280,"height":1920,"caption":"bia\u0142a szafa trzydrzwiowa funflex inmondo"},{"@type":"BreadcrumbList","@id":"http:\/\/inmondo.pl\/sklep\/elementy\/szafy\/szafa-trzydrzwiowa-funflex\/#breadcrumb","itemListElement":[{"@type":"ListItem","position":1,"name":"Strona g\u0142\u00f3wna","item":"https:\/\/inmondo.pl\/"},{"@type":"ListItem","position":2,"name":"Oferta Inmondo: spe\u0142niamy marzenia i wymagania","item":"https:\/\/inmondo.pl\/sklep\/"},{"@type":"ListItem","position":3,"name":"Elementy","item":"https:\/\/inmondo.pl\/sklep\/elementy\/"},{"@type":"ListItem","position":4,"name":"Szafy","item":"http:\/\/inmondo.pl\/sklep\/elementy\/szafy\/"},{"@type":"ListItem","position":5,"name":"Szafa Trzydrzwiowa"}]},{"@type":"WebSite","@id":"https:\/\/inmondo.pl\/#website","url":"https:\/\/inmondo.pl\/","name":"Inmondo","description":"","potentialAction":[{"@type":"SearchAction","target":{"@type":"EntryPoint","urlTemplate":"https:\/\/inmondo.pl\/?s={search_term_string}"},"query-input":{"@type":"PropertyValueSpecification","valueRequired":true,"valueName":"search_term_string"}}],"inLanguage":"de"}]}},"wcpa_form_fields":null,"_links":{"self":[{"href":"https:\/\/inmondo.pl\/de\/wp-json\/wp\/v2\/product\/8206","targetHints":{"allow":["GET"]}}],"collection":[{"href":"https:\/\/inmondo.pl\/de\/wp-json\/wp\/v2\/product"}],"about":[{"href":"https:\/\/inmondo.pl\/de\/wp-json\/wp\/v2\/types\/product"}],"replies":[{"embeddable":true,"href":"https:\/\/inmondo.pl\/de\/wp-json\/wp\/v2\/comments?post=8206"}],"wp:featuredmedia":[{"embeddable":true,"href":"https:\/\/inmondo.pl\/de\/wp-json\/wp\/v2\/media\/8202"}],"wp:attachment":[{"href":"https:\/\/inmondo.pl\/de\/wp-json\/wp\/v2\/media?parent=8206"}],"wp:term":[{"taxonomy":"product_brand","embeddable":true,"href":"https:\/\/inmondo.pl\/de\/wp-json\/wp\/v2\/product_brand?post=8206"},{"taxonomy":"product_cat","embeddable":true,"href":"https:\/\/inmondo.pl\/de\/wp-json\/wp\/v2\/product_cat?post=8206"},{"taxonomy":"product_tag","embeddable":true,"href":"https:\/\/inmondo.pl\/de\/wp-json\/wp\/v2\/product_tag?post=8206"}],"curies":[{"name":"wp","href":"https:\/\/api.w.org\/{rel}","templated":true}]}}