{"id":6158,"date":"2022-12-22T12:56:15","date_gmt":"2022-12-22T11:56:15","guid":{"rendered":"https:\/\/inmondo.pl\/?post_type=product&#038;p=6158"},"modified":"2024-10-10T15:12:47","modified_gmt":"2024-10-10T13:12:47","slug":"konsultacja-projekt-modulu","status":"publish","type":"product","link":"https:\/\/inmondo.pl\/de\/sklep\/kolekcje\/nooi\/konsultacja-projekt-modulu\/","title":{"rendered":"Beratung \/ Modulgestaltung"},"content":{"rendered":"","protected":false},"excerpt":{"rendered":"<p>Bei der Entwicklung der Nooi-Kollektion stand die Originalit\u00e4t im Vordergrund.<\/p>\n<p>M\u00f6chten Sie ein einzigartiges Set entwerfen, das perfekt zu Ihrem Zimmer passt?<\/p>\n<p>Gro\u00dfartig! Wir sind f\u00fcr Sie da.<\/p>\n<p>Lassen Sie sich beraten und entwerfen Sie ein Modul speziell f\u00fcr Sie.<\/p>\n<p>&nbsp;<\/p>\n<p>Wir erstellen eine technische Zeichnung und eine Einkaufsliste mit allen erforderlichen Komponenten.<\/p>\n<p>&nbsp;<\/p>\n<p>Projektdauer 1 Woche.<\/p>\n<p>*Die Kosten f\u00fcr die Beratung werden vom Betrag der gekauften M\u00f6bel abgezogen.<\/p>\n<p>&nbsp;<\/p>","protected":false},"featured_media":4959,"comment_status":"open","ping_status":"closed","template":"","meta":{"_acf_changed":false},"product_brand":[],"product_cat":[20,98],"product_tag":[],"class_list":{"0":"post-6158","1":"product","2":"type-product","3":"status-publish","4":"has-post-thumbnail","6":"product_cat-elementy","7":"product_cat-nooi","9":"first","10":"onbackorder","11":"virtual","12":"taxable","13":"purchasable","14":"product-type-simple"},"acf":{"sections_woocommerce":[{"acf_fc_layout":"section_menu","is_active":true,"repeater":[{"text":"opis","link":"#opis"},{"text":"lookbook","link":"#lookbook"},{"text":"opinie","link":"#opinie"},{"text":"inne z&nbsp;kolekcji","link":"#innezkolekcji"}]},{"acf_fc_layout":"section_woocommerce_text_image","is_active":true,"anchor":"opis","text_align":"textAlign--left","grid_width":"main","wysiwyg":"<p>Nasze propozycje gotowych zestaw\u00f3w nie trafi\u0142y w\u00a0Twoje potrzeby?<\/p>\n<p>Nie martw si\u0119, specjalnie dla\u00a0takich sytuacji wprowadzamy nowo\u015b\u0107 w\u00a0naszym sklepie!<\/p>\n<p>Indywidualne konsultacje, kt\u00f3re pomog\u0105 Ci stworzy\u0107 zestaw idealny!<\/p>\n<p>&nbsp;<\/p>\n<p>Podczas konsultacji, zbierzemy od Ciebie informacje nt.\u00a0wymiar\u00f3w pomieszczenia, zapotrzebowania na\u00a0szafki, rega\u0142y. Na\u00a0tej podstawie w\u00a0ci\u0105gu tygodnia przygotujemy rysunek techniczny oraz\u00a0list\u0119 zakup\u00f3w wszystkich element\u00f3w. Dzi\u0119ki czemu w\u00a0prosty spos\u00f3b dokonasz zakupu w\u00a0naszym sklepie\u00a0\ud83d\ude42<\/p>\n<p>W\u00a0 trakcie konsultacji, masz mo\u017cliwo\u015b\u0107 dokonania jednej bezp\u0142atnej korekty projektu.<\/p>\n<p>&nbsp;<\/p>\n<p>*W przypadku dokonania zakupu, kwota konsultacji b\u0119dzie odliczona od warto\u015bci ko\u0144cowej mebli.<\/p>\n","image":"https:\/\/inmondo.pl\/wp-content\/uploads\/2022\/12\/2022_09_INMONDO_GROW_ARANZACJE_-25082.jpg"},{"acf_fc_layout":"section_woocommerce_lookbook","is_active":true,"anchor":"#lookbook","header":"","repeater":[{"shortcode":"[woocommerce_lookbook id=\"4958\"]"},{"shortcode":"[woocommerce_lookbook id=\"4960\"]"},{"shortcode":"[woocommerce_lookbook id=\"4957\"]"}]},{"acf_fc_layout":"section_woocommerce_opinions","is_active":true,"anchor":"#opinie"},{"acf_fc_layout":"section_woocommerce_otherFromCategory","is_active":true,"anchor":"#innezkolekcji"}],"wymiary":"","materialy":""},"yoast_head":"<!-- This site is optimized with the Yoast SEO plugin v27.3 - https:\/\/yoast.com\/product\/yoast-seo-wordpress\/ -->\n<title>Konsultacja\/ Projekt Modu\u0142u - Inmondo<\/title>\n<meta name=\"description\" content=\"Kolekcja Nooi zosta\u0142a zaprojektowana z my\u015bl\u0105 o niebanalnych rozwi\u0105zaniach. Podczas konsultacji stworzymy dla Ciebie wyj\u0105tkowy projekt. Sprawd\u017a teraz!\" \/>\n<meta name=\"robots\" content=\"index, follow, max-snippet:-1, max-image-preview:large, max-video-preview:-1\" \/>\n<link rel=\"canonical\" href=\"https:\/\/inmondo.pl\/de\/sklep\/kolekcje\/nooi\/konsultacja-projekt-modulu\/\" \/>\n<meta property=\"og:locale\" content=\"de_DE\" \/>\n<meta property=\"og:type\" content=\"article\" \/>\n<meta property=\"og:title\" content=\"Konsultacja\/ Projekt Modu\u0142u - Inmondo\" \/>\n<meta property=\"og:description\" content=\"Kolekcja Nooi zosta\u0142a zaprojektowana z my\u015bl\u0105 o niebanalnych rozwi\u0105zaniach. Podczas konsultacji stworzymy dla Ciebie wyj\u0105tkowy projekt. Sprawd\u017a teraz!\" \/>\n<meta property=\"og:url\" content=\"https:\/\/inmondo.pl\/de\/sklep\/kolekcje\/nooi\/konsultacja-projekt-modulu\/\" \/>\n<meta property=\"og:site_name\" content=\"Inmondo\" \/>\n<meta property=\"article:modified_time\" content=\"2024-10-10T13:12:47+00:00\" \/>\n<meta property=\"og:image\" content=\"http:\/\/inmondo.pl\/wp-content\/uploads\/2022\/12\/2022_09_INMONDO_GROW_ARANZACJE_8304.jpg\" \/>\n\t<meta property=\"og:image:width\" content=\"1920\" \/>\n\t<meta property=\"og:image:height\" content=\"1259\" \/>\n\t<meta property=\"og:image:type\" content=\"image\/jpeg\" \/>\n<meta name=\"twitter:card\" content=\"summary_large_image\" \/>\n<script type=\"application\/ld+json\" class=\"yoast-schema-graph\">{\"@context\":\"https:\\\/\\\/schema.org\",\"@graph\":[{\"@type\":\"WebPage\",\"@id\":\"https:\\\/\\\/inmondo.pl\\\/sklep\\\/kolekcje\\\/nooi\\\/konsultacja-projekt-modulu\\\/\",\"url\":\"https:\\\/\\\/inmondo.pl\\\/sklep\\\/kolekcje\\\/nooi\\\/konsultacja-projekt-modulu\\\/\",\"name\":\"Konsultacja\\\/ Projekt Modu\u0142u - Inmondo\",\"isPartOf\":{\"@id\":\"https:\\\/\\\/inmondo.pl\\\/#website\"},\"primaryImageOfPage\":{\"@id\":\"https:\\\/\\\/inmondo.pl\\\/sklep\\\/kolekcje\\\/nooi\\\/konsultacja-projekt-modulu\\\/#primaryimage\"},\"image\":{\"@id\":\"https:\\\/\\\/inmondo.pl\\\/sklep\\\/kolekcje\\\/nooi\\\/konsultacja-projekt-modulu\\\/#primaryimage\"},\"thumbnailUrl\":\"https:\\\/\\\/inmondo.pl\\\/wp-content\\\/uploads\\\/2022\\\/12\\\/2022_09_INMONDO_GROW_ARANZACJE_8304.jpg\",\"datePublished\":\"2022-12-22T11:56:15+00:00\",\"dateModified\":\"2024-10-10T13:12:47+00:00\",\"description\":\"Kolekcja Nooi zosta\u0142a zaprojektowana z my\u015bl\u0105 o niebanalnych rozwi\u0105zaniach. Podczas konsultacji stworzymy dla Ciebie wyj\u0105tkowy projekt. Sprawd\u017a teraz!\",\"breadcrumb\":{\"@id\":\"https:\\\/\\\/inmondo.pl\\\/sklep\\\/kolekcje\\\/nooi\\\/konsultacja-projekt-modulu\\\/#breadcrumb\"},\"inLanguage\":\"de\",\"potentialAction\":[{\"@type\":\"ReadAction\",\"target\":[\"https:\\\/\\\/inmondo.pl\\\/sklep\\\/kolekcje\\\/nooi\\\/konsultacja-projekt-modulu\\\/\"]}]},{\"@type\":\"ImageObject\",\"inLanguage\":\"de\",\"@id\":\"https:\\\/\\\/inmondo.pl\\\/sklep\\\/kolekcje\\\/nooi\\\/konsultacja-projekt-modulu\\\/#primaryimage\",\"url\":\"https:\\\/\\\/inmondo.pl\\\/wp-content\\\/uploads\\\/2022\\\/12\\\/2022_09_INMONDO_GROW_ARANZACJE_8304.jpg\",\"contentUrl\":\"https:\\\/\\\/inmondo.pl\\\/wp-content\\\/uploads\\\/2022\\\/12\\\/2022_09_INMONDO_GROW_ARANZACJE_8304.jpg\",\"width\":1920,\"height\":1259,\"caption\":\"jak urz\u0105dzi\u0107 pok\u00f3j dla dw\u00f3jki dzieci\"},{\"@type\":\"BreadcrumbList\",\"@id\":\"https:\\\/\\\/inmondo.pl\\\/sklep\\\/kolekcje\\\/nooi\\\/konsultacja-projekt-modulu\\\/#breadcrumb\",\"itemListElement\":[{\"@type\":\"ListItem\",\"position\":1,\"name\":\"Strona g\u0142\u00f3wna\",\"item\":\"https:\\\/\\\/inmondo.pl\\\/\"},{\"@type\":\"ListItem\",\"position\":2,\"name\":\"Oferta Inmondo: spe\u0142niamy marzenia i wymagania\",\"item\":\"https:\\\/\\\/inmondo.pl\\\/sklep\\\/\"},{\"@type\":\"ListItem\",\"position\":3,\"name\":\"kolekcje\",\"item\":\"https:\\\/\\\/inmondo.pl\\\/de\\\/sklep\\\/kolekcje\\\/\"},{\"@type\":\"ListItem\",\"position\":4,\"name\":\"Nooi\",\"item\":\"https:\\\/\\\/inmondo.pl\\\/sklep\\\/kolekcje\\\/nooi\\\/\"},{\"@type\":\"ListItem\",\"position\":5,\"name\":\"Konsultacja\\\/ Projekt Modu\u0142u\"}]},{\"@type\":\"WebSite\",\"@id\":\"https:\\\/\\\/inmondo.pl\\\/#website\",\"url\":\"https:\\\/\\\/inmondo.pl\\\/\",\"name\":\"Inmondo\",\"description\":\"\",\"potentialAction\":[{\"@type\":\"SearchAction\",\"target\":{\"@type\":\"EntryPoint\",\"urlTemplate\":\"https:\\\/\\\/inmondo.pl\\\/?s={search_term_string}\"},\"query-input\":{\"@type\":\"PropertyValueSpecification\",\"valueRequired\":true,\"valueName\":\"search_term_string\"}}],\"inLanguage\":\"de\"}]}<\/script>\n<!-- \/ Yoast SEO plugin. -->","yoast_head_json":{"title":"Beratung \/ Modulgestaltung - Inmondo","description":"Die Nooi-Kollektion wurde mit dem Gedanken an originelle L\u00f6sungen entworfen. Bei einem Beratungsgespr\u00e4ch entwerfen wir einen einzigartigen Entwurf f\u00fcr Sie. Probieren Sie es jetzt aus!","robots":{"index":"index","follow":"follow","max-snippet":"max-snippet:-1","max-image-preview":"max-image-preview:large","max-video-preview":"max-video-preview:-1"},"canonical":"https:\/\/inmondo.pl\/de\/sklep\/kolekcje\/nooi\/konsultacja-projekt-modulu\/","og_locale":"de_DE","og_type":"article","og_title":"Konsultacja\/ Projekt Modu\u0142u - Inmondo","og_description":"Kolekcja Nooi zosta\u0142a zaprojektowana z my\u015bl\u0105 o niebanalnych rozwi\u0105zaniach. Podczas konsultacji stworzymy dla Ciebie wyj\u0105tkowy projekt. Sprawd\u017a teraz!","og_url":"https:\/\/inmondo.pl\/de\/sklep\/kolekcje\/nooi\/konsultacja-projekt-modulu\/","og_site_name":"Inmondo","article_modified_time":"2024-10-10T13:12:47+00:00","og_image":[{"width":1920,"height":1259,"url":"http:\/\/inmondo.pl\/wp-content\/uploads\/2022\/12\/2022_09_INMONDO_GROW_ARANZACJE_8304.jpg","type":"image\/jpeg"}],"twitter_card":"summary_large_image","schema":{"@context":"https:\/\/schema.org","@graph":[{"@type":"WebPage","@id":"https:\/\/inmondo.pl\/sklep\/kolekcje\/nooi\/konsultacja-projekt-modulu\/","url":"https:\/\/inmondo.pl\/sklep\/kolekcje\/nooi\/konsultacja-projekt-modulu\/","name":"Beratung \/ Modulgestaltung - Inmondo","isPartOf":{"@id":"https:\/\/inmondo.pl\/#website"},"primaryImageOfPage":{"@id":"https:\/\/inmondo.pl\/sklep\/kolekcje\/nooi\/konsultacja-projekt-modulu\/#primaryimage"},"image":{"@id":"https:\/\/inmondo.pl\/sklep\/kolekcje\/nooi\/konsultacja-projekt-modulu\/#primaryimage"},"thumbnailUrl":"https:\/\/inmondo.pl\/wp-content\/uploads\/2022\/12\/2022_09_INMONDO_GROW_ARANZACJE_8304.jpg","datePublished":"2022-12-22T11:56:15+00:00","dateModified":"2024-10-10T13:12:47+00:00","description":"Die Nooi-Kollektion wurde mit dem Gedanken an originelle L\u00f6sungen entworfen. Bei einem Beratungsgespr\u00e4ch entwerfen wir einen einzigartigen Entwurf f\u00fcr Sie. Probieren Sie es jetzt aus!","breadcrumb":{"@id":"https:\/\/inmondo.pl\/sklep\/kolekcje\/nooi\/konsultacja-projekt-modulu\/#breadcrumb"},"inLanguage":"de","potentialAction":[{"@type":"ReadAction","target":["https:\/\/inmondo.pl\/sklep\/kolekcje\/nooi\/konsultacja-projekt-modulu\/"]}]},{"@type":"ImageObject","inLanguage":"de","@id":"https:\/\/inmondo.pl\/sklep\/kolekcje\/nooi\/konsultacja-projekt-modulu\/#primaryimage","url":"https:\/\/inmondo.pl\/wp-content\/uploads\/2022\/12\/2022_09_INMONDO_GROW_ARANZACJE_8304.jpg","contentUrl":"https:\/\/inmondo.pl\/wp-content\/uploads\/2022\/12\/2022_09_INMONDO_GROW_ARANZACJE_8304.jpg","width":1920,"height":1259,"caption":"jak urz\u0105dzi\u0107 pok\u00f3j dla dw\u00f3jki dzieci"},{"@type":"BreadcrumbList","@id":"https:\/\/inmondo.pl\/sklep\/kolekcje\/nooi\/konsultacja-projekt-modulu\/#breadcrumb","itemListElement":[{"@type":"ListItem","position":1,"name":"Strona g\u0142\u00f3wna","item":"https:\/\/inmondo.pl\/"},{"@type":"ListItem","position":2,"name":"Oferta Inmondo: spe\u0142niamy marzenia i wymagania","item":"https:\/\/inmondo.pl\/sklep\/"},{"@type":"ListItem","position":3,"name":"kolekcje","item":"https:\/\/inmondo.pl\/de\/sklep\/kolekcje\/"},{"@type":"ListItem","position":4,"name":"Nooi","item":"https:\/\/inmondo.pl\/sklep\/kolekcje\/nooi\/"},{"@type":"ListItem","position":5,"name":"Konsultacja\/ Projekt Modu\u0142u"}]},{"@type":"WebSite","@id":"https:\/\/inmondo.pl\/#website","url":"https:\/\/inmondo.pl\/","name":"Inmondo","description":"","potentialAction":[{"@type":"SearchAction","target":{"@type":"EntryPoint","urlTemplate":"https:\/\/inmondo.pl\/?s={search_term_string}"},"query-input":{"@type":"PropertyValueSpecification","valueRequired":true,"valueName":"search_term_string"}}],"inLanguage":"de"}]}},"wcpa_form_fields":null,"_links":{"self":[{"href":"https:\/\/inmondo.pl\/de\/wp-json\/wp\/v2\/product\/6158","targetHints":{"allow":["GET"]}}],"collection":[{"href":"https:\/\/inmondo.pl\/de\/wp-json\/wp\/v2\/product"}],"about":[{"href":"https:\/\/inmondo.pl\/de\/wp-json\/wp\/v2\/types\/product"}],"replies":[{"embeddable":true,"href":"https:\/\/inmondo.pl\/de\/wp-json\/wp\/v2\/comments?post=6158"}],"wp:featuredmedia":[{"embeddable":true,"href":"https:\/\/inmondo.pl\/de\/wp-json\/wp\/v2\/media\/4959"}],"wp:attachment":[{"href":"https:\/\/inmondo.pl\/de\/wp-json\/wp\/v2\/media?parent=6158"}],"wp:term":[{"taxonomy":"product_brand","embeddable":true,"href":"https:\/\/inmondo.pl\/de\/wp-json\/wp\/v2\/product_brand?post=6158"},{"taxonomy":"product_cat","embeddable":true,"href":"https:\/\/inmondo.pl\/de\/wp-json\/wp\/v2\/product_cat?post=6158"},{"taxonomy":"product_tag","embeddable":true,"href":"https:\/\/inmondo.pl\/de\/wp-json\/wp\/v2\/product_tag?post=6158"}],"curies":[{"name":"wp","href":"https:\/\/api.w.org\/{rel}","templated":true}]}}