{"id":4810,"date":"2022-12-28T15:43:46","date_gmt":"2022-12-28T14:43:46","guid":{"rendered":"https:\/\/inmondo.pl\/?post_type=product&#038;p=4810"},"modified":"2026-04-08T15:11:06","modified_gmt":"2026-04-08T13:11:06","slug":"nooi-lozko-pojedyncze","status":"publish","type":"product","link":"https:\/\/inmondo.pl\/de\/sklep\/elementy\/lozka\/nooi-lozko-pojedyncze\/","title":{"rendered":"Nooi - Einzelbett - CLEARANCE SALE"},"content":{"rendered":"","protected":false},"excerpt":{"rendered":"<p>Ein Klassiker in seiner Form, das Holzeinzelbett f\u00fcr Kinder.<\/p>\n<p>Die Bettf\u00fc\u00dfe aus Eichenholz sorgen f\u00fcr die Stabilit\u00e4t der Struktur, w\u00e4hrend das Ganze im skandinavischen Stil bleibt.<\/p>\n<p>&nbsp;<\/p>\n<p>Die nat\u00fcrliche Sch\u00f6nheit des Eichenholzes verschmilzt mit den gemalten Elementen.<\/p>\n<p>&nbsp;<\/p>\n<p>Das Kinderbett wird viele Jahre lang halten.<\/p>\n<p>Das schlichte und formsch\u00f6ne Design passt perfekt in jedes Zimmer, egal ob f\u00fcr ein kleines Kind oder einen Teenager.<\/p>\n<p>&nbsp;<\/p>\n<p>Das Bett ist in einer Farbversion erh\u00e4ltlich<\/p>","protected":false},"featured_media":6187,"comment_status":"open","ping_status":"closed","template":"","meta":{"_acf_changed":true},"product_brand":[],"product_cat":[21,99,98,202],"product_tag":[],"class_list":{"0":"post-4810","1":"product","2":"type-product","3":"status-publish","4":"has-post-thumbnail","6":"product_cat-lozka","7":"product_cat-meble-dostepne","8":"product_cat-nooi","9":"product_cat-wyprzedaz","10":"wcpa_has_options","12":"first","13":"instock","14":"sale","15":"taxable","16":"shipping-taxable","17":"purchasable","18":"product-type-simple"},"acf":{"sections_woocommerce":[{"acf_fc_layout":"section_menu","is_active":true,"repeater":[{"text":"opis","link":"#opis"},{"text":"kolekcja","link":"#kolekcja"},{"text":"lookbook","link":"#lookbook"},{"text":"opinie","link":"#opinie"},{"text":"inne z&nbsp;kolekcji","link":"#inne"}]},{"acf_fc_layout":"section_woocommerce_text_image","is_active":true,"anchor":"#opis","text_align":"textAlign--left","grid_width":"main","wysiwyg":"<h2>\u0141\u00f3\u017cko dzieci\u0119ce<\/h2>\n<p>Klasyczne w\u00a0swojej formie drewniane \u0142\u00f3\u017cko pojedyncze.<\/p>\n<p>Nogi \u0142\u00f3\u017cka wykonane z\u00a0drewna d\u0119bowego zapewniaj\u0105 stabilno\u015b\u0107 konstrukcji, a\u00a0ca\u0142o\u015b\u0107 utrzymana pozostaje w\u00a0nurcie minimalistycznego, skandynawskiego stylu.<\/p>\n<p>Naturalne pi\u0119kno drewna d\u0119bowego komponuje si\u0119 z\u00a0malowanymi elementami.<\/p>\n<p>&nbsp;<\/p>\n<p>\u0141\u00f3\u017cko dzieci\u0119ce b\u0119dzie s\u0142u\u017cy\u0107 przez\u00a0d\u0142ugie lata.<\/p>\n<p>Prosty i\u00a0pi\u0119kny w\u00a0formie wz\u00f3r doskonale wpasuje si\u0119 w\u00a0ka\u017cdy pok\u00f3j, zar\u00f3wno mniejszej pociechy, jak i\u00a0nastolatka.<\/p>\n","image":"https:\/\/inmondo.pl\/wp-content\/uploads\/2022\/12\/mini_2022_09_INMONDO_GROW_ARANZACJE_-24930.jpg"},{"acf_fc_layout":"section_woocommerce_text_image","is_active":true,"anchor":"#kolekcja","text_align":"textAlign--right","grid_width":"main","wysiwyg":"<h1>Kolekcja Nooi<\/h1>\n<p>&nbsp;<\/p>\n<p>Dzieci i\u00a0ich potrzeby nieustannie si\u0119 zmieniaj\u0105. Staramy si\u0119 by\u0107 ca\u0142y czas na\u00a0bie\u017c\u0105co, wdra\u017ca\u0107 nowe pomys\u0142y, szuka\u0107 nowych inspiracji.<\/p>\n<p>Taka w\u0142a\u015bnie jest kolekcja Nooi<strong>.<\/strong><\/p>\n<p>Dzi\u0119ki specjalnemu systemowi \u0142\u0105czenia modu\u0142\u00f3w sami zdecydujecie, jak b\u0119dzie wygl\u0105da\u0142a Wasza przestrze\u0144.<\/p>\n<p>&nbsp;<\/p>\n<p>Kolekcja modu\u0142owa to nasze zaproszenie dla\u00a0rodzic\u00f3w z\u00a0dzie\u0107mi do\u00a0podejmowania wsp\u00f3lnych decyzji co do\u00a0aran\u017cacji dzieci\u0119cego pokoju.<\/p>\n<p>Wybierajcie z\u00a0wielu element\u00f3w kolekcji, po\u0142\u0105czcie je z\u00a0wyj\u0105tkowymi kolorami front\u00f3w, i\u00a0tak oto powstanie Wasz unikalny projekt!<\/p>\n","image":"https:\/\/inmondo.pl\/wp-content\/uploads\/2022\/12\/2022_09_INMONDO_GROW_ARANZACJE_-25082.jpg"},{"acf_fc_layout":"section_woocommerce_lookbook","is_active":true,"anchor":"#lookbook","header":"","repeater":[{"shortcode":"[woocommerce_lookbook id=\"4960\"]"}]},{"acf_fc_layout":"section_woocommerce_opinions","is_active":true,"anchor":"#opinie"},{"acf_fc_layout":"section_woocommerce_otherFromCategory","is_active":true,"anchor":"#inne"}],"wymiary":"d\u0142ugo\u015b\u0107: 208 cm<br \/>\r\nszeroko\u015b\u0107: 102 cm<br \/>\r\nwysoko\u015b\u0107: 60cm<br \/>\r\n<br \/>\r\nwymiary materaca: 90x 200 cm","materialy":"Drewno  d\u0119bowe (nogi), MDF, lakier wodny","czas_realizacji":""},"yoast_head":"<!-- This site is optimized with the Yoast SEO plugin v27.3 - https:\/\/yoast.com\/product\/yoast-seo-wordpress\/ -->\n<title>Nooi - \u0141\u00f3\u017cko pojedyncze - WYPRZEDA\u017b - Inmondo<\/title>\n<meta name=\"description\" content=\"Klasyczne w\u00a0swojej formie drewniane \u0142\u00f3\u017cko dzieci\u0119ce. Prosty i\u00a0pi\u0119kny w\u00a0formie wz\u00f3r wpasuje si\u0119 w\u00a0ka\u017cdy pok\u00f3j, zar\u00f3wno mniejszej pociechy, jak i\u00a0nastolatka.\" \/>\n<meta name=\"robots\" content=\"index, follow, max-snippet:-1, max-image-preview:large, max-video-preview:-1\" \/>\n<link rel=\"canonical\" href=\"https:\/\/inmondo.pl\/de\/sklep\/elementy\/lozka\/nooi-lozko-pojedyncze\/\" \/>\n<meta property=\"og:locale\" content=\"de_DE\" \/>\n<meta property=\"og:type\" content=\"article\" \/>\n<meta property=\"og:title\" content=\"Nooi - \u0141\u00f3\u017cko pojedyncze - WYPRZEDA\u017b - Inmondo\" \/>\n<meta property=\"og:description\" content=\"Klasyczne w\u00a0swojej formie drewniane \u0142\u00f3\u017cko dzieci\u0119ce. Prosty i\u00a0pi\u0119kny w\u00a0formie wz\u00f3r wpasuje si\u0119 w\u00a0ka\u017cdy pok\u00f3j, zar\u00f3wno mniejszej pociechy, jak i\u00a0nastolatka.\" \/>\n<meta property=\"og:url\" content=\"https:\/\/inmondo.pl\/de\/sklep\/elementy\/lozka\/nooi-lozko-pojedyncze\/\" \/>\n<meta property=\"og:site_name\" content=\"Inmondo\" \/>\n<meta property=\"article:modified_time\" content=\"2026-04-08T13:11:06+00:00\" \/>\n<meta property=\"og:image\" content=\"http:\/\/inmondo.pl\/wp-content\/uploads\/2022\/12\/mini_2019_09_INMONDO_PACKSHOTY-215771.jpg\" \/>\n\t<meta property=\"og:image:width\" content=\"793\" \/>\n\t<meta property=\"og:image:height\" content=\"600\" \/>\n\t<meta property=\"og:image:type\" content=\"image\/jpeg\" \/>\n<meta name=\"twitter:card\" content=\"summary_large_image\" \/>\n<meta name=\"twitter:label1\" content=\"Gesch\u00e4tzte Lesezeit\" \/>\n\t<meta name=\"twitter:data1\" content=\"2\u00a0Minuten\" \/>\n<script type=\"application\/ld+json\" class=\"yoast-schema-graph\">{\"@context\":\"https:\\\/\\\/schema.org\",\"@graph\":[{\"@type\":\"WebPage\",\"@id\":\"https:\\\/\\\/inmondo.pl\\\/sklep\\\/elementy\\\/lozka\\\/nooi-lozko-pojedyncze\\\/\",\"url\":\"https:\\\/\\\/inmondo.pl\\\/sklep\\\/elementy\\\/lozka\\\/nooi-lozko-pojedyncze\\\/\",\"name\":\"Nooi - \u0141\u00f3\u017cko pojedyncze - WYPRZEDA\u017b - Inmondo\",\"isPartOf\":{\"@id\":\"https:\\\/\\\/inmondo.pl\\\/#website\"},\"primaryImageOfPage\":{\"@id\":\"https:\\\/\\\/inmondo.pl\\\/sklep\\\/elementy\\\/lozka\\\/nooi-lozko-pojedyncze\\\/#primaryimage\"},\"image\":{\"@id\":\"https:\\\/\\\/inmondo.pl\\\/sklep\\\/elementy\\\/lozka\\\/nooi-lozko-pojedyncze\\\/#primaryimage\"},\"thumbnailUrl\":\"https:\\\/\\\/inmondo.pl\\\/wp-content\\\/uploads\\\/2022\\\/12\\\/mini_2019_09_INMONDO_PACKSHOTY-215771.jpg\",\"datePublished\":\"2022-12-28T14:43:46+00:00\",\"dateModified\":\"2026-04-08T13:11:06+00:00\",\"description\":\"Klasyczne w\u00a0swojej formie drewniane \u0142\u00f3\u017cko dzieci\u0119ce. Prosty i\u00a0pi\u0119kny w\u00a0formie wz\u00f3r wpasuje si\u0119 w\u00a0ka\u017cdy pok\u00f3j, zar\u00f3wno mniejszej pociechy, jak i\u00a0nastolatka.\",\"breadcrumb\":{\"@id\":\"https:\\\/\\\/inmondo.pl\\\/sklep\\\/elementy\\\/lozka\\\/nooi-lozko-pojedyncze\\\/#breadcrumb\"},\"inLanguage\":\"de\",\"potentialAction\":[{\"@type\":\"ReadAction\",\"target\":[\"https:\\\/\\\/inmondo.pl\\\/sklep\\\/elementy\\\/lozka\\\/nooi-lozko-pojedyncze\\\/\"]}]},{\"@type\":\"ImageObject\",\"inLanguage\":\"de\",\"@id\":\"https:\\\/\\\/inmondo.pl\\\/sklep\\\/elementy\\\/lozka\\\/nooi-lozko-pojedyncze\\\/#primaryimage\",\"url\":\"https:\\\/\\\/inmondo.pl\\\/wp-content\\\/uploads\\\/2022\\\/12\\\/mini_2019_09_INMONDO_PACKSHOTY-215771.jpg\",\"contentUrl\":\"https:\\\/\\\/inmondo.pl\\\/wp-content\\\/uploads\\\/2022\\\/12\\\/mini_2019_09_INMONDO_PACKSHOTY-215771.jpg\",\"width\":793,\"height\":600,\"caption\":\"\u0142\u00f3\u017cko dzieci\u0119ce\"},{\"@type\":\"BreadcrumbList\",\"@id\":\"https:\\\/\\\/inmondo.pl\\\/sklep\\\/elementy\\\/lozka\\\/nooi-lozko-pojedyncze\\\/#breadcrumb\",\"itemListElement\":[{\"@type\":\"ListItem\",\"position\":1,\"name\":\"Strona g\u0142\u00f3wna\",\"item\":\"https:\\\/\\\/inmondo.pl\\\/\"},{\"@type\":\"ListItem\",\"position\":2,\"name\":\"Oferta Inmondo: spe\u0142niamy marzenia i wymagania\",\"item\":\"https:\\\/\\\/inmondo.pl\\\/sklep\\\/\"},{\"@type\":\"ListItem\",\"position\":3,\"name\":\"Elementy\",\"item\":\"https:\\\/\\\/inmondo.pl\\\/sklep\\\/elementy\\\/\"},{\"@type\":\"ListItem\",\"position\":4,\"name\":\"\u0141\u00f3\u017cka\",\"item\":\"https:\\\/\\\/inmondo.pl\\\/sklep\\\/elementy\\\/lozka\\\/\"},{\"@type\":\"ListItem\",\"position\":5,\"name\":\"Nooi &#8211; \u0141\u00f3\u017cko pojedyncze &#8211; WYPRZEDA\u017b\"}]},{\"@type\":\"WebSite\",\"@id\":\"https:\\\/\\\/inmondo.pl\\\/#website\",\"url\":\"https:\\\/\\\/inmondo.pl\\\/\",\"name\":\"Inmondo\",\"description\":\"\",\"potentialAction\":[{\"@type\":\"SearchAction\",\"target\":{\"@type\":\"EntryPoint\",\"urlTemplate\":\"https:\\\/\\\/inmondo.pl\\\/?s={search_term_string}\"},\"query-input\":{\"@type\":\"PropertyValueSpecification\",\"valueRequired\":true,\"valueName\":\"search_term_string\"}}],\"inLanguage\":\"de\"}]}<\/script>\n<!-- \/ Yoast SEO plugin. -->","yoast_head_json":{"title":"Nooi - Einzelbett - CLEARANCE SALE - Inmondo","description":"Ein Klassiker in seiner Form, das Kinderbett aus Holz. Schlicht und sch\u00f6n in der Form, passt das Design in jedes Zimmer, ob ein kleineres Kind oder ein Teenager.","robots":{"index":"index","follow":"follow","max-snippet":"max-snippet:-1","max-image-preview":"max-image-preview:large","max-video-preview":"max-video-preview:-1"},"canonical":"https:\/\/inmondo.pl\/de\/sklep\/elementy\/lozka\/nooi-lozko-pojedyncze\/","og_locale":"de_DE","og_type":"article","og_title":"Nooi - \u0141\u00f3\u017cko pojedyncze - WYPRZEDA\u017b - Inmondo","og_description":"Klasyczne w\u00a0swojej formie drewniane \u0142\u00f3\u017cko dzieci\u0119ce. Prosty i\u00a0pi\u0119kny w\u00a0formie wz\u00f3r wpasuje si\u0119 w\u00a0ka\u017cdy pok\u00f3j, zar\u00f3wno mniejszej pociechy, jak i\u00a0nastolatka.","og_url":"https:\/\/inmondo.pl\/de\/sklep\/elementy\/lozka\/nooi-lozko-pojedyncze\/","og_site_name":"Inmondo","article_modified_time":"2026-04-08T13:11:06+00:00","og_image":[{"width":793,"height":600,"url":"http:\/\/inmondo.pl\/wp-content\/uploads\/2022\/12\/mini_2019_09_INMONDO_PACKSHOTY-215771.jpg","type":"image\/jpeg"}],"twitter_card":"summary_large_image","twitter_misc":{"Gesch\u00e4tzte Lesezeit":"2\u00a0Minuten"},"schema":{"@context":"https:\/\/schema.org","@graph":[{"@type":"WebPage","@id":"https:\/\/inmondo.pl\/sklep\/elementy\/lozka\/nooi-lozko-pojedyncze\/","url":"https:\/\/inmondo.pl\/sklep\/elementy\/lozka\/nooi-lozko-pojedyncze\/","name":"Nooi - Einzelbett - CLEARANCE SALE - Inmondo","isPartOf":{"@id":"https:\/\/inmondo.pl\/#website"},"primaryImageOfPage":{"@id":"https:\/\/inmondo.pl\/sklep\/elementy\/lozka\/nooi-lozko-pojedyncze\/#primaryimage"},"image":{"@id":"https:\/\/inmondo.pl\/sklep\/elementy\/lozka\/nooi-lozko-pojedyncze\/#primaryimage"},"thumbnailUrl":"https:\/\/inmondo.pl\/wp-content\/uploads\/2022\/12\/mini_2019_09_INMONDO_PACKSHOTY-215771.jpg","datePublished":"2022-12-28T14:43:46+00:00","dateModified":"2026-04-08T13:11:06+00:00","description":"Ein Klassiker in seiner Form, das Kinderbett aus Holz. Schlicht und sch\u00f6n in der Form, passt das Design in jedes Zimmer, ob ein kleineres Kind oder ein Teenager.","breadcrumb":{"@id":"https:\/\/inmondo.pl\/sklep\/elementy\/lozka\/nooi-lozko-pojedyncze\/#breadcrumb"},"inLanguage":"de","potentialAction":[{"@type":"ReadAction","target":["https:\/\/inmondo.pl\/sklep\/elementy\/lozka\/nooi-lozko-pojedyncze\/"]}]},{"@type":"ImageObject","inLanguage":"de","@id":"https:\/\/inmondo.pl\/sklep\/elementy\/lozka\/nooi-lozko-pojedyncze\/#primaryimage","url":"https:\/\/inmondo.pl\/wp-content\/uploads\/2022\/12\/mini_2019_09_INMONDO_PACKSHOTY-215771.jpg","contentUrl":"https:\/\/inmondo.pl\/wp-content\/uploads\/2022\/12\/mini_2019_09_INMONDO_PACKSHOTY-215771.jpg","width":793,"height":600,"caption":"\u0142\u00f3\u017cko dzieci\u0119ce"},{"@type":"BreadcrumbList","@id":"https:\/\/inmondo.pl\/sklep\/elementy\/lozka\/nooi-lozko-pojedyncze\/#breadcrumb","itemListElement":[{"@type":"ListItem","position":1,"name":"Strona g\u0142\u00f3wna","item":"https:\/\/inmondo.pl\/"},{"@type":"ListItem","position":2,"name":"Oferta Inmondo: spe\u0142niamy marzenia i wymagania","item":"https:\/\/inmondo.pl\/sklep\/"},{"@type":"ListItem","position":3,"name":"Elementy","item":"https:\/\/inmondo.pl\/sklep\/elementy\/"},{"@type":"ListItem","position":4,"name":"\u0141\u00f3\u017cka","item":"https:\/\/inmondo.pl\/sklep\/elementy\/lozka\/"},{"@type":"ListItem","position":5,"name":"Nooi &#8211; \u0141\u00f3\u017cko pojedyncze &#8211; WYPRZEDA\u017b"}]},{"@type":"WebSite","@id":"https:\/\/inmondo.pl\/#website","url":"https:\/\/inmondo.pl\/","name":"Inmondo","description":"","potentialAction":[{"@type":"SearchAction","target":{"@type":"EntryPoint","urlTemplate":"https:\/\/inmondo.pl\/?s={search_term_string}"},"query-input":{"@type":"PropertyValueSpecification","valueRequired":true,"valueName":"search_term_string"}}],"inLanguage":"de"}]}},"wcpa_form_fields":{"wcpaData":{"product":{"product_price":1090,"price_html":"<del aria-hidden=\"true\"><span class=\"woocommerce-Price-amount amount\">1 590&nbsp;<span class=\"woocommerce-Price-currencySymbol\">&#122;&#322;<\/span><\/span><\/del> <span class=\"screen-reader-text\">Urspr\u00fcnglicher Preis war: 1 590&nbsp;&#122;&#322;<\/span><ins aria-hidden=\"true\"><span class=\"woocommerce-Price-amount amount\">1 090&nbsp;<span class=\"woocommerce-Price-currencySymbol\">&#122;&#322;<\/span><\/span><\/ins><span class=\"screen-reader-text\">Aktueller Preis ist: 1 090&nbsp;&#122;&#322;.<\/span>","original_product_price":1590,"price_including_tax":1090,"price_excluding_tax":886.178862,"product_id":{"parent":4810,"variation":false},"is_variable":false,"stock_status":"instock","stock_quantity":5,"parent_sku":"4810","product_attributes":{"pa_kolor-korpusu":{"is_variation":false,"values":["golebi"]}},"custom_fields":[],"is_taxable":true},"fields":{"sec_3696f52db1e88b":{"extra":{"key":"sec_3696f52db1e88b","section_id":"sec_3696f52db1e88b","name":"Default","status":1,"cl_rule":"show","enableCl":false,"relations":[],"toggle":true,"title_tag":"h3","show_title":false,"showPrice":"default","form_id":11978,"form_rules":{"exclude_from_discount":false,"fee_label":"Fee","disp_hide_options_price":false,"disp_show_section_price":false,"disp_show_field_price":false,"layout_option":"standard","pric_use_as_fee":false,"process_fee_as":"woo_fee"},"layout_option":"standard"},"fields":[]}},"config":{"price_override":"","enable_recaptcha":false,"bind_quantity":false,"quantity_bind_formula":"","disp_summ_show_option_price":true,"disp_summ_show_product_price":true,"disp_summ_show_total_price":true,"disp_summ_show_fee":false,"disp_summ_show_discount":false,"summary_title":"","options_total_label":"Cena wariant\u00f3w","total_label":"\u0141\u0105cznie","options_product_label":"Cena produktu","fee_label":"Fee","discount_label":"Obni\u017cka","has_price":false,"has_quantity_formula":false},"mc_unit":1,"tax_rate":1,"tax_rate_real":0.23,"discount":{"percentage":0,"fixed":0},"design":{"conf":{"LabelPosition":"above","DescPosition":"above","UploadField":"custom_1","QuantityFieldStyle":"default"},"css":{"LeftLabelWidth":"120px"}},"formulas":[],"clones":false,"cartKey":false}},"_links":{"self":[{"href":"https:\/\/inmondo.pl\/de\/wp-json\/wp\/v2\/product\/4810","targetHints":{"allow":["GET"]}}],"collection":[{"href":"https:\/\/inmondo.pl\/de\/wp-json\/wp\/v2\/product"}],"about":[{"href":"https:\/\/inmondo.pl\/de\/wp-json\/wp\/v2\/types\/product"}],"replies":[{"embeddable":true,"href":"https:\/\/inmondo.pl\/de\/wp-json\/wp\/v2\/comments?post=4810"}],"wp:featuredmedia":[{"embeddable":true,"href":"https:\/\/inmondo.pl\/de\/wp-json\/wp\/v2\/media\/6187"}],"wp:attachment":[{"href":"https:\/\/inmondo.pl\/de\/wp-json\/wp\/v2\/media?parent=4810"}],"wp:term":[{"taxonomy":"product_brand","embeddable":true,"href":"https:\/\/inmondo.pl\/de\/wp-json\/wp\/v2\/product_brand?post=4810"},{"taxonomy":"product_cat","embeddable":true,"href":"https:\/\/inmondo.pl\/de\/wp-json\/wp\/v2\/product_cat?post=4810"},{"taxonomy":"product_tag","embeddable":true,"href":"https:\/\/inmondo.pl\/de\/wp-json\/wp\/v2\/product_tag?post=4810"}],"curies":[{"name":"wp","href":"https:\/\/api.w.org\/{rel}","templated":true}]}}