{"id":4751,"date":"2022-12-28T16:16:34","date_gmt":"2022-12-28T15:16:34","guid":{"rendered":"https:\/\/inmondo.pl\/?post_type=product&#038;p=4751"},"modified":"2024-11-29T22:40:26","modified_gmt":"2024-11-29T21:40:26","slug":"zestaw-nog-do-budowania-modulow","status":"publish","type":"product","link":"https:\/\/inmondo.pl\/de\/sklep\/kolekcje\/nooi\/zestaw-nog-do-budowania-modulow\/","title":{"rendered":"Satz von Beinen f\u00fcr Baumodule"},"content":{"rendered":"","protected":false},"excerpt":{"rendered":"<p>Wenn Sie ein Modul bauen wollen, um verschiedene Produkte miteinander zu verbinden, ben\u00f6tigen Sie spezielle Steckverbinder.<\/p>\n<p>Wir stellen Ihnen das Verbindungssystem f\u00fcr unsere M\u00f6bel der Nooi-Kollektion vor.<\/p>\n<p>&nbsp;<\/p>\n<p>Satz Mittelbeine: 2 St\u00fcck<\/p>\n<p>Satz Au\u00dfenbeine: 4 St\u00fcck (2x rechts, 2x links)<\/p>","protected":false},"featured_media":4887,"comment_status":"open","ping_status":"closed","template":"","meta":{"_acf_changed":false},"product_brand":[],"product_cat":[20,98],"product_tag":[],"class_list":{"0":"post-4751","1":"product","2":"type-product","3":"status-publish","4":"has-post-thumbnail","6":"product_cat-elementy","7":"product_cat-nooi","9":"first","10":"onbackorder","11":"taxable","12":"shipping-taxable","13":"purchasable","14":"product-type-variable"},"acf":{"sections_woocommerce":[{"acf_fc_layout":"section_menu","is_active":true,"repeater":[{"text":"Opis","link":"#opis"},{"text":"Lookbook","link":"#lookbook"},{"text":"Opinie","link":"#opinie"},{"text":"Inne z&nbsp;kolekcji","link":"#inne"}]},{"acf_fc_layout":"section_woocommerce_text_image","is_active":true,"anchor":"#opis","text_align":"textAlign--left","grid_width":"main","wysiwyg":"<h1>Zestaw do\u00a0budowania modu\u0142\u00f3w<\/h1>\n<p>Buduj\u0105c sw\u00f3j wymarzony zestaw mebli wybierasz podstawy mebli i\u00a0dobierasz do\u00a0tego odpowiedni\u0105 ilo\u015b\u0107 n\u00f3g . Aby\u00a0u\u0142atwi\u0107 ca\u0142y proces przygotowali\u015bmy dla\u00a0Ciebie specjaln\u0105 instrukcj\u0119 &#8211; pobierz. Je\u017celi\u00a0nadal masz w\u0105tpliwo\u015bci co do\u00a0wyboru odpowiedniego zestawu, mo\u017cesz skorzysta\u0107 z\u00a0konsultacji.<\/p>\n<p>Podczas takich konsultacji, po\u015bwi\u0119camy czas na\u00a0zebranie informacji o\u00a0Twoich potrzebach i\u00a0przygotujemy rysunek techniczny oraz\u00a0list\u0119 zakup\u00f3w.<\/p>\n","image":"https:\/\/inmondo.pl\/wp-content\/uploads\/2022\/12\/2022_09_INMONDO_GROW_ARANZACJE_8260-scaled.jpg"},{"acf_fc_layout":"section_woocommerce_lookbook","is_active":true,"anchor":"#lookbook","header":"","repeater":[{"shortcode":"[woocommerce_lookbook id=\"4960\"]"},{"shortcode":"[woocommerce_lookbook id=\"4958\"]"}]},{"acf_fc_layout":"section_woocommerce_opinions","is_active":true,"anchor":"#opinie"},{"acf_fc_layout":"section_woocommerce_otherFromCategory","is_active":true,"anchor":"#inne"}],"wymiary":"wysoko\u015b\u0107","materialy":"drewno d\u0119bowe"},"yoast_head":"<!-- This site is optimized with the Yoast SEO plugin v27.3 - https:\/\/yoast.com\/product\/yoast-seo-wordpress\/ -->\n<title>Zestaw n\u00f3g do budowania modu\u0142\u00f3w - Inmondo<\/title>\n<meta name=\"robots\" content=\"index, follow, max-snippet:-1, max-image-preview:large, max-video-preview:-1\" \/>\n<link rel=\"canonical\" href=\"https:\/\/inmondo.pl\/de\/sklep\/kolekcje\/nooi\/zestaw-nog-do-budowania-modulow\/\" \/>\n<meta property=\"og:locale\" content=\"de_DE\" \/>\n<meta property=\"og:type\" content=\"article\" \/>\n<meta property=\"og:title\" content=\"Zestaw n\u00f3g do budowania modu\u0142\u00f3w - Inmondo\" \/>\n<meta property=\"og:description\" content=\"Kiedy chcesz zbudowa\u0107 modu\u0142, po\u0142\u0105czy\u0107 ze sob\u0105 r\u00f3\u017cne produkty potrzebujesz specjalnych \u0142\u0105cznik\u00f3w.  Przedstawiamy system \u0142\u0105czenia naszych mebli z kolekcji Nooi.  &nbsp;  Komplet n\u00f3g \u015brodkowych: 2 sztuki  Komplet n\u00f3g zewn\u0119trznych: 4 sztuki ( 2x prawa, 2x lewa)\" \/>\n<meta property=\"og:url\" content=\"https:\/\/inmondo.pl\/de\/sklep\/kolekcje\/nooi\/zestaw-nog-do-budowania-modulow\/\" \/>\n<meta property=\"og:site_name\" content=\"Inmondo\" \/>\n<meta property=\"article:modified_time\" content=\"2024-11-29T21:40:26+00:00\" \/>\n<meta property=\"og:image\" content=\"http:\/\/inmondo.pl\/wp-content\/uploads\/2022\/12\/2022_09_INMONDO_GROW_8088.jpg\" \/>\n\t<meta property=\"og:image:width\" content=\"555\" \/>\n\t<meta property=\"og:image:height\" content=\"800\" \/>\n\t<meta property=\"og:image:type\" content=\"image\/jpeg\" \/>\n<meta name=\"twitter:card\" content=\"summary_large_image\" \/>\n<script type=\"application\/ld+json\" class=\"yoast-schema-graph\">{\"@context\":\"https:\\\/\\\/schema.org\",\"@graph\":[{\"@type\":\"WebPage\",\"@id\":\"https:\\\/\\\/inmondo.pl\\\/sklep\\\/kolekcje\\\/nooi\\\/zestaw-nog-do-budowania-modulow\\\/\",\"url\":\"https:\\\/\\\/inmondo.pl\\\/sklep\\\/kolekcje\\\/nooi\\\/zestaw-nog-do-budowania-modulow\\\/\",\"name\":\"Zestaw n\u00f3g do budowania modu\u0142\u00f3w - Inmondo\",\"isPartOf\":{\"@id\":\"https:\\\/\\\/inmondo.pl\\\/#website\"},\"primaryImageOfPage\":{\"@id\":\"https:\\\/\\\/inmondo.pl\\\/sklep\\\/kolekcje\\\/nooi\\\/zestaw-nog-do-budowania-modulow\\\/#primaryimage\"},\"image\":{\"@id\":\"https:\\\/\\\/inmondo.pl\\\/sklep\\\/kolekcje\\\/nooi\\\/zestaw-nog-do-budowania-modulow\\\/#primaryimage\"},\"thumbnailUrl\":\"https:\\\/\\\/inmondo.pl\\\/wp-content\\\/uploads\\\/2022\\\/12\\\/2022_09_INMONDO_GROW_8088.jpg\",\"datePublished\":\"2022-12-28T15:16:34+00:00\",\"dateModified\":\"2024-11-29T21:40:26+00:00\",\"breadcrumb\":{\"@id\":\"https:\\\/\\\/inmondo.pl\\\/sklep\\\/kolekcje\\\/nooi\\\/zestaw-nog-do-budowania-modulow\\\/#breadcrumb\"},\"inLanguage\":\"de\",\"potentialAction\":[{\"@type\":\"ReadAction\",\"target\":[\"https:\\\/\\\/inmondo.pl\\\/sklep\\\/kolekcje\\\/nooi\\\/zestaw-nog-do-budowania-modulow\\\/\"]}]},{\"@type\":\"ImageObject\",\"inLanguage\":\"de\",\"@id\":\"https:\\\/\\\/inmondo.pl\\\/sklep\\\/kolekcje\\\/nooi\\\/zestaw-nog-do-budowania-modulow\\\/#primaryimage\",\"url\":\"https:\\\/\\\/inmondo.pl\\\/wp-content\\\/uploads\\\/2022\\\/12\\\/2022_09_INMONDO_GROW_8088.jpg\",\"contentUrl\":\"https:\\\/\\\/inmondo.pl\\\/wp-content\\\/uploads\\\/2022\\\/12\\\/2022_09_INMONDO_GROW_8088.jpg\",\"width\":555,\"height\":800},{\"@type\":\"BreadcrumbList\",\"@id\":\"https:\\\/\\\/inmondo.pl\\\/sklep\\\/kolekcje\\\/nooi\\\/zestaw-nog-do-budowania-modulow\\\/#breadcrumb\",\"itemListElement\":[{\"@type\":\"ListItem\",\"position\":1,\"name\":\"Strona g\u0142\u00f3wna\",\"item\":\"https:\\\/\\\/inmondo.pl\\\/\"},{\"@type\":\"ListItem\",\"position\":2,\"name\":\"Oferta Inmondo: spe\u0142niamy marzenia i wymagania\",\"item\":\"https:\\\/\\\/inmondo.pl\\\/sklep\\\/\"},{\"@type\":\"ListItem\",\"position\":3,\"name\":\"kolekcje\",\"item\":\"https:\\\/\\\/inmondo.pl\\\/de\\\/sklep\\\/kolekcje\\\/\"},{\"@type\":\"ListItem\",\"position\":4,\"name\":\"Nooi\",\"item\":\"https:\\\/\\\/inmondo.pl\\\/sklep\\\/kolekcje\\\/nooi\\\/\"},{\"@type\":\"ListItem\",\"position\":5,\"name\":\"Zestaw n\u00f3g do budowania modu\u0142\u00f3w\"}]},{\"@type\":\"WebSite\",\"@id\":\"https:\\\/\\\/inmondo.pl\\\/#website\",\"url\":\"https:\\\/\\\/inmondo.pl\\\/\",\"name\":\"Inmondo\",\"description\":\"\",\"potentialAction\":[{\"@type\":\"SearchAction\",\"target\":{\"@type\":\"EntryPoint\",\"urlTemplate\":\"https:\\\/\\\/inmondo.pl\\\/?s={search_term_string}\"},\"query-input\":{\"@type\":\"PropertyValueSpecification\",\"valueRequired\":true,\"valueName\":\"search_term_string\"}}],\"inLanguage\":\"de\"}]}<\/script>\n<!-- \/ Yoast SEO plugin. -->","yoast_head_json":{"title":"Satz Beine f\u00fcr Baumodule - Inmondo","robots":{"index":"index","follow":"follow","max-snippet":"max-snippet:-1","max-image-preview":"max-image-preview:large","max-video-preview":"max-video-preview:-1"},"canonical":"https:\/\/inmondo.pl\/de\/sklep\/kolekcje\/nooi\/zestaw-nog-do-budowania-modulow\/","og_locale":"de_DE","og_type":"article","og_title":"Zestaw n\u00f3g do budowania modu\u0142\u00f3w - Inmondo","og_description":"Kiedy chcesz zbudowa\u0107 modu\u0142, po\u0142\u0105czy\u0107 ze sob\u0105 r\u00f3\u017cne produkty potrzebujesz specjalnych \u0142\u0105cznik\u00f3w.  Przedstawiamy system \u0142\u0105czenia naszych mebli z kolekcji Nooi.  &nbsp;  Komplet n\u00f3g \u015brodkowych: 2 sztuki  Komplet n\u00f3g zewn\u0119trznych: 4 sztuki ( 2x prawa, 2x lewa)","og_url":"https:\/\/inmondo.pl\/de\/sklep\/kolekcje\/nooi\/zestaw-nog-do-budowania-modulow\/","og_site_name":"Inmondo","article_modified_time":"2024-11-29T21:40:26+00:00","og_image":[{"width":555,"height":800,"url":"http:\/\/inmondo.pl\/wp-content\/uploads\/2022\/12\/2022_09_INMONDO_GROW_8088.jpg","type":"image\/jpeg"}],"twitter_card":"summary_large_image","schema":{"@context":"https:\/\/schema.org","@graph":[{"@type":"WebPage","@id":"https:\/\/inmondo.pl\/sklep\/kolekcje\/nooi\/zestaw-nog-do-budowania-modulow\/","url":"https:\/\/inmondo.pl\/sklep\/kolekcje\/nooi\/zestaw-nog-do-budowania-modulow\/","name":"Satz Beine f\u00fcr Baumodule - Inmondo","isPartOf":{"@id":"https:\/\/inmondo.pl\/#website"},"primaryImageOfPage":{"@id":"https:\/\/inmondo.pl\/sklep\/kolekcje\/nooi\/zestaw-nog-do-budowania-modulow\/#primaryimage"},"image":{"@id":"https:\/\/inmondo.pl\/sklep\/kolekcje\/nooi\/zestaw-nog-do-budowania-modulow\/#primaryimage"},"thumbnailUrl":"https:\/\/inmondo.pl\/wp-content\/uploads\/2022\/12\/2022_09_INMONDO_GROW_8088.jpg","datePublished":"2022-12-28T15:16:34+00:00","dateModified":"2024-11-29T21:40:26+00:00","breadcrumb":{"@id":"https:\/\/inmondo.pl\/sklep\/kolekcje\/nooi\/zestaw-nog-do-budowania-modulow\/#breadcrumb"},"inLanguage":"de","potentialAction":[{"@type":"ReadAction","target":["https:\/\/inmondo.pl\/sklep\/kolekcje\/nooi\/zestaw-nog-do-budowania-modulow\/"]}]},{"@type":"ImageObject","inLanguage":"de","@id":"https:\/\/inmondo.pl\/sklep\/kolekcje\/nooi\/zestaw-nog-do-budowania-modulow\/#primaryimage","url":"https:\/\/inmondo.pl\/wp-content\/uploads\/2022\/12\/2022_09_INMONDO_GROW_8088.jpg","contentUrl":"https:\/\/inmondo.pl\/wp-content\/uploads\/2022\/12\/2022_09_INMONDO_GROW_8088.jpg","width":555,"height":800},{"@type":"BreadcrumbList","@id":"https:\/\/inmondo.pl\/sklep\/kolekcje\/nooi\/zestaw-nog-do-budowania-modulow\/#breadcrumb","itemListElement":[{"@type":"ListItem","position":1,"name":"Strona g\u0142\u00f3wna","item":"https:\/\/inmondo.pl\/"},{"@type":"ListItem","position":2,"name":"Oferta Inmondo: spe\u0142niamy marzenia i wymagania","item":"https:\/\/inmondo.pl\/sklep\/"},{"@type":"ListItem","position":3,"name":"kolekcje","item":"https:\/\/inmondo.pl\/de\/sklep\/kolekcje\/"},{"@type":"ListItem","position":4,"name":"Nooi","item":"https:\/\/inmondo.pl\/sklep\/kolekcje\/nooi\/"},{"@type":"ListItem","position":5,"name":"Zestaw n\u00f3g do budowania modu\u0142\u00f3w"}]},{"@type":"WebSite","@id":"https:\/\/inmondo.pl\/#website","url":"https:\/\/inmondo.pl\/","name":"Inmondo","description":"","potentialAction":[{"@type":"SearchAction","target":{"@type":"EntryPoint","urlTemplate":"https:\/\/inmondo.pl\/?s={search_term_string}"},"query-input":{"@type":"PropertyValueSpecification","valueRequired":true,"valueName":"search_term_string"}}],"inLanguage":"de"}]}},"wcpa_form_fields":null,"_links":{"self":[{"href":"https:\/\/inmondo.pl\/de\/wp-json\/wp\/v2\/product\/4751","targetHints":{"allow":["GET"]}}],"collection":[{"href":"https:\/\/inmondo.pl\/de\/wp-json\/wp\/v2\/product"}],"about":[{"href":"https:\/\/inmondo.pl\/de\/wp-json\/wp\/v2\/types\/product"}],"replies":[{"embeddable":true,"href":"https:\/\/inmondo.pl\/de\/wp-json\/wp\/v2\/comments?post=4751"}],"wp:featuredmedia":[{"embeddable":true,"href":"https:\/\/inmondo.pl\/de\/wp-json\/wp\/v2\/media\/4887"}],"wp:attachment":[{"href":"https:\/\/inmondo.pl\/de\/wp-json\/wp\/v2\/media?parent=4751"}],"wp:term":[{"taxonomy":"product_brand","embeddable":true,"href":"https:\/\/inmondo.pl\/de\/wp-json\/wp\/v2\/product_brand?post=4751"},{"taxonomy":"product_cat","embeddable":true,"href":"https:\/\/inmondo.pl\/de\/wp-json\/wp\/v2\/product_cat?post=4751"},{"taxonomy":"product_tag","embeddable":true,"href":"https:\/\/inmondo.pl\/de\/wp-json\/wp\/v2\/product_tag?post=4751"}],"curies":[{"name":"wp","href":"https:\/\/api.w.org\/{rel}","templated":true}]}}