{"id":2585,"date":"2020-11-12T14:53:59","date_gmt":"2020-11-12T13:53:59","guid":{"rendered":"https:\/\/inmondo.pl\/?post_type=product&#038;p=2585"},"modified":"2024-08-20T16:17:23","modified_gmt":"2024-08-20T14:17:23","slug":"baumwoll-baldachin","status":"publish","type":"product","link":"https:\/\/inmondo.pl\/de\/sklep\/kolekcje\/baumwoll-baldachin\/","title":{"rendered":"Baldachin aus Baumwolle"},"content":{"rendered":"<p>Eine au\u00dfergew\u00f6hnliche Erg\u00e4nzung f\u00fcr das Zimmer Ihres Kindes, die eine m\u00e4rchenhafte Sch\u00f6nheitsecke schafft, von der jeder tr\u00e4umt!<\/p>\n<p>Ein stilvoller Baldachin verleiht diesem Interieur ein ganz anderes Gesicht.<\/p>\n<p>&nbsp;<\/p>\n<p>&nbsp;<\/p>","protected":false},"excerpt":{"rendered":"<p>Es ist eine ungew\u00f6hnliche Erg\u00e4nzung f\u00fcr das Kinderzimmer, die eine sch\u00f6ne M\u00e4rchenecke schafft, von der jeder tr\u00e4umt!<\/p>\n<p>Ein stilvoller Baldachin verleiht diesem Interieur ein ganz anderes Gesicht!<\/p>\n<p>&nbsp;<\/p>\n<p>&nbsp;<\/p>\n<p>&nbsp;<\/p>\n<p>&nbsp;<\/p>\n<p>&nbsp;<\/p>","protected":false},"featured_media":2575,"comment_status":"open","ping_status":"closed","template":"","meta":{"_acf_changed":false},"product_brand":[],"product_cat":[17],"product_tag":[],"class_list":{"0":"post-2585","1":"product","2":"type-product","3":"status-publish","4":"has-post-thumbnail","6":"product_cat-kolekcje","8":"first","9":"onbackorder","10":"taxable","11":"shipping-taxable","12":"purchasable","13":"product-type-variable","14":"has-default-attributes"},"acf":{"wymiary":"D\u0142ugo\u015b\u0107 ta\u015bmy podtrzymuj\u0105cej 40 cm<br \/>\r\n\u015arednica obr\u0119czy \u00d8 50cm<br \/>\r\nD\u0142ugo\u015b\u0107 280 cm<br \/>\r\n(Opcjonalna d\u0142ugo\u015b\u0107 od 260-300cm)","materialy":"100% batyst bawe\u0142niany ","sections_woocommerce":[{"acf_fc_layout":"section_menu","is_active":true,"repeater":[{"text":"Opis","link":"#opis"},{"text":"Lookbook","link":"#lookbook"},{"text":"Opinie","link":"#opinie"},{"text":"Inne produkty","link":"#inneprodukty"}]},{"acf_fc_layout":"section_woocommerce_text_image","is_active":true,"anchor":"#opis","text_align":"textAlign--left","grid_width":"main","wysiwyg":"<p>Niezwyk\u0142e dodatki i\u00a0akcesoria, tworzone w\u00a0przekonaniu, \u017ce\u00a0ka\u017cde wn\u0119trze<br \/>\nmo\u017cna zaaran\u017cowa\u0107 w\u00a0pi\u0119kny spos\u00f3b, tworz\u0105c przestrze\u0144 nieprzeci\u0119tn\u0105<br \/>\n\u2013 wystarczy tylko troch\u0119 wyobra\u017ani. Wierzymy, \u017ce\u00a0wykorzystasz j\u0105 i\u00a0stworzysz pok\u00f3j swoich marze\u0144.<\/p>\n","image":"https:\/\/inmondo.pl\/wp-content\/uploads\/2020\/09\/2019_04_INMONDO_POK\u00d3J_DZIEWCZYNEK_2-12594.jpg"},{"acf_fc_layout":"section_woocommerce_text_image","is_active":true,"anchor":"","text_align":"textAlign--right","grid_width":"main","wysiwyg":"<p>Batyst bawe\u0142niany to lekka i\u00a0cienka tkanina. Materia\u0142 jest mi\u0119kki i\u00a0bardzo przyjemny dla\u00a0sk\u00f3ry, a\u00a0naturalne w\u0142\u00f3kna gwarantuj\u0105 doskona\u0142\u0105 cyrkulacj\u0119 powietrza. Ze wzgl\u0119du na\u00a0swoje w\u0142a\u015bciwo\u015bci wych\u0142adzaj\u0105ce, tkaniny tego typu \u015bwietnie sprawdzaj\u0105 si\u0119 podczas ciep\u0142ych wiosennych oraz\u00a0letnich nocy.<\/p>\n<p>&nbsp;<\/p>\n<p>Ko\u0142o\u00a0znajduj\u0105ce si\u0119 w\u00a0\u015brodku baldachimu, mo\u017cna wyj\u0105\u0107, co umo\u017cliwia pranie go w\u00a0pralce i\u00a0u\u0142atwi utrzymanie\u00a0 w\u00a0czysto\u015bci\u00a0\ud83d\ude42<\/p>\n","image":"https:\/\/inmondo.pl\/wp-content\/uploads\/2020\/05\/2019_04_INMONDO_POK\u00d3J_DZIEWCZYNKI_4-13136.jpg"},{"acf_fc_layout":"section_woocommerce_lookbook","is_active":true,"anchor":"#lookbook","header":"<h2 style=\"text-align: center;\">Zobacz galeri\u0119 mebli uzupe\u0142niaj\u0105cych nasze kolekcje:<\/h2>\n<p style=\"text-align: center;\">Zapraszamy do\u00a0zapoznania si\u0119 z\u00a0kolekcj\u0105 uzupe\u0142niaj\u0105c\u0105. Wzbogacisz pok\u00f3j w\u00a0urocze elementy dodaj\u0105ce blasku twojemu wn\u0119trzu. Pokazujemy Ci tylko u\u0142amek mo\u017cliwo\u015bci\u2026 Zainspiruj si\u0119\u2026<\/p>\n","repeater":[{"shortcode":"[woocommerce_lookbook id=\"1343\"]"},{"shortcode":"[woocommerce_lookbook id=\"1582\"]"},{"shortcode":"[woocommerce_lookbook id=\"1279\"]"},{"shortcode":"[woocommerce_lookbook id=\"1351\"]"}]}]},"yoast_head":"<!-- This site is optimized with the Yoast SEO plugin v27.3 - https:\/\/yoast.com\/product\/yoast-seo-wordpress\/ -->\n<title>Baldachim bawe\u0142niany - Inmondo<\/title>\n<meta name=\"robots\" content=\"index, follow, max-snippet:-1, max-image-preview:large, max-video-preview:-1\" \/>\n<link rel=\"canonical\" href=\"https:\/\/inmondo.pl\/de\/sklep\/kolekcje\/baumwoll-baldachin\/\" \/>\n<meta property=\"og:locale\" content=\"de_DE\" \/>\n<meta property=\"og:type\" content=\"article\" \/>\n<meta property=\"og:title\" content=\"Baldachim bawe\u0142niany - Inmondo\" \/>\n<meta property=\"og:description\" content=\"To niezwyk\u0142y dodatek do pokoiku Twojego dziecka, kt\u00f3ry\u00a0 stworzy pi\u0119kny bajkowy\u00a0 k\u0105cik, o kt\u00f3rym ka\u017cdy marzy!  Stylowy baldachim nada temu wn\u0119trzu ca\u0142kiem innego oblicza!  &nbsp;  &nbsp;  &nbsp;  &nbsp;  &nbsp;\" \/>\n<meta property=\"og:url\" content=\"https:\/\/inmondo.pl\/de\/sklep\/kolekcje\/baumwoll-baldachin\/\" \/>\n<meta property=\"og:site_name\" content=\"Inmondo\" \/>\n<meta property=\"article:modified_time\" content=\"2024-08-20T14:17:23+00:00\" \/>\n<meta property=\"og:image\" content=\"https:\/\/inmondo.pl\/wp-content\/uploads\/2020\/11\/baldachim-lniany-bialy-e1604933455509.jpg\" \/>\n\t<meta property=\"og:image:width\" content=\"1000\" \/>\n\t<meta property=\"og:image:height\" content=\"1001\" \/>\n\t<meta property=\"og:image:type\" content=\"image\/jpeg\" \/>\n<meta name=\"twitter:card\" content=\"summary_large_image\" \/>\n<meta name=\"twitter:label1\" content=\"Gesch\u00e4tzte Lesezeit\" \/>\n\t<meta name=\"twitter:data1\" content=\"1\u00a0Minute\" \/>\n<script type=\"application\/ld+json\" class=\"yoast-schema-graph\">{\"@context\":\"https:\\\/\\\/schema.org\",\"@graph\":[{\"@type\":\"WebPage\",\"@id\":\"https:\\\/\\\/inmondo.pl\\\/en\\\/sklep\\\/kolekcje\\\/baldachim-bawelniany\\\/\",\"url\":\"https:\\\/\\\/inmondo.pl\\\/en\\\/sklep\\\/kolekcje\\\/baldachim-bawelniany\\\/\",\"name\":\"Baldachim bawe\u0142niany - Inmondo\",\"isPartOf\":{\"@id\":\"https:\\\/\\\/inmondo.pl\\\/#website\"},\"primaryImageOfPage\":{\"@id\":\"https:\\\/\\\/inmondo.pl\\\/en\\\/sklep\\\/kolekcje\\\/baldachim-bawelniany\\\/#primaryimage\"},\"image\":{\"@id\":\"https:\\\/\\\/inmondo.pl\\\/en\\\/sklep\\\/kolekcje\\\/baldachim-bawelniany\\\/#primaryimage\"},\"thumbnailUrl\":\"https:\\\/\\\/inmondo.pl\\\/wp-content\\\/uploads\\\/2020\\\/11\\\/baldachim-lniany-bialy-e1604933455509.jpg\",\"datePublished\":\"2020-11-12T13:53:59+00:00\",\"dateModified\":\"2024-08-20T14:17:23+00:00\",\"breadcrumb\":{\"@id\":\"https:\\\/\\\/inmondo.pl\\\/en\\\/sklep\\\/kolekcje\\\/baldachim-bawelniany\\\/#breadcrumb\"},\"inLanguage\":\"de\",\"potentialAction\":[{\"@type\":\"ReadAction\",\"target\":[\"https:\\\/\\\/inmondo.pl\\\/en\\\/sklep\\\/kolekcje\\\/baldachim-bawelniany\\\/\"]}]},{\"@type\":\"ImageObject\",\"inLanguage\":\"de\",\"@id\":\"https:\\\/\\\/inmondo.pl\\\/en\\\/sklep\\\/kolekcje\\\/baldachim-bawelniany\\\/#primaryimage\",\"url\":\"https:\\\/\\\/inmondo.pl\\\/wp-content\\\/uploads\\\/2020\\\/11\\\/baldachim-lniany-bialy-e1604933455509.jpg\",\"contentUrl\":\"https:\\\/\\\/inmondo.pl\\\/wp-content\\\/uploads\\\/2020\\\/11\\\/baldachim-lniany-bialy-e1604933455509.jpg\",\"width\":1000,\"height\":1001},{\"@type\":\"BreadcrumbList\",\"@id\":\"https:\\\/\\\/inmondo.pl\\\/en\\\/sklep\\\/kolekcje\\\/baldachim-bawelniany\\\/#breadcrumb\",\"itemListElement\":[{\"@type\":\"ListItem\",\"position\":1,\"name\":\"Strona g\u0142\u00f3wna\",\"item\":\"https:\\\/\\\/inmondo.pl\\\/\"},{\"@type\":\"ListItem\",\"position\":2,\"name\":\"Oferta Inmondo: spe\u0142niamy marzenia i wymagania\",\"item\":\"https:\\\/\\\/inmondo.pl\\\/sklep\\\/\"},{\"@type\":\"ListItem\",\"position\":3,\"name\":\"kolekcje\",\"item\":\"https:\\\/\\\/inmondo.pl\\\/de\\\/sklep\\\/kolekcje\\\/\"},{\"@type\":\"ListItem\",\"position\":4,\"name\":\"Baldachim bawe\u0142niany\"}]},{\"@type\":\"WebSite\",\"@id\":\"https:\\\/\\\/inmondo.pl\\\/#website\",\"url\":\"https:\\\/\\\/inmondo.pl\\\/\",\"name\":\"Inmondo\",\"description\":\"\",\"potentialAction\":[{\"@type\":\"SearchAction\",\"target\":{\"@type\":\"EntryPoint\",\"urlTemplate\":\"https:\\\/\\\/inmondo.pl\\\/?s={search_term_string}\"},\"query-input\":{\"@type\":\"PropertyValueSpecification\",\"valueRequired\":true,\"valueName\":\"search_term_string\"}}],\"inLanguage\":\"de\"}]}<\/script>\n<!-- \/ Yoast SEO plugin. -->","yoast_head_json":{"title":"Baumwollbaldachin - Inmondo","robots":{"index":"index","follow":"follow","max-snippet":"max-snippet:-1","max-image-preview":"max-image-preview:large","max-video-preview":"max-video-preview:-1"},"canonical":"https:\/\/inmondo.pl\/de\/sklep\/kolekcje\/baumwoll-baldachin\/","og_locale":"de_DE","og_type":"article","og_title":"Baldachim bawe\u0142niany - Inmondo","og_description":"To niezwyk\u0142y dodatek do pokoiku Twojego dziecka, kt\u00f3ry\u00a0 stworzy pi\u0119kny bajkowy\u00a0 k\u0105cik, o kt\u00f3rym ka\u017cdy marzy!  Stylowy baldachim nada temu wn\u0119trzu ca\u0142kiem innego oblicza!  &nbsp;  &nbsp;  &nbsp;  &nbsp;  &nbsp;","og_url":"https:\/\/inmondo.pl\/de\/sklep\/kolekcje\/baumwoll-baldachin\/","og_site_name":"Inmondo","article_modified_time":"2024-08-20T14:17:23+00:00","og_image":[{"width":1000,"height":1001,"url":"https:\/\/inmondo.pl\/wp-content\/uploads\/2020\/11\/baldachim-lniany-bialy-e1604933455509.jpg","type":"image\/jpeg"}],"twitter_card":"summary_large_image","twitter_misc":{"Gesch\u00e4tzte Lesezeit":"1\u00a0Minute"},"schema":{"@context":"https:\/\/schema.org","@graph":[{"@type":"WebPage","@id":"https:\/\/inmondo.pl\/en\/sklep\/kolekcje\/baldachim-bawelniany\/","url":"https:\/\/inmondo.pl\/en\/sklep\/kolekcje\/baldachim-bawelniany\/","name":"Baumwollbaldachin - Inmondo","isPartOf":{"@id":"https:\/\/inmondo.pl\/#website"},"primaryImageOfPage":{"@id":"https:\/\/inmondo.pl\/en\/sklep\/kolekcje\/baldachim-bawelniany\/#primaryimage"},"image":{"@id":"https:\/\/inmondo.pl\/en\/sklep\/kolekcje\/baldachim-bawelniany\/#primaryimage"},"thumbnailUrl":"https:\/\/inmondo.pl\/wp-content\/uploads\/2020\/11\/baldachim-lniany-bialy-e1604933455509.jpg","datePublished":"2020-11-12T13:53:59+00:00","dateModified":"2024-08-20T14:17:23+00:00","breadcrumb":{"@id":"https:\/\/inmondo.pl\/en\/sklep\/kolekcje\/baldachim-bawelniany\/#breadcrumb"},"inLanguage":"de","potentialAction":[{"@type":"ReadAction","target":["https:\/\/inmondo.pl\/en\/sklep\/kolekcje\/baldachim-bawelniany\/"]}]},{"@type":"ImageObject","inLanguage":"de","@id":"https:\/\/inmondo.pl\/en\/sklep\/kolekcje\/baldachim-bawelniany\/#primaryimage","url":"https:\/\/inmondo.pl\/wp-content\/uploads\/2020\/11\/baldachim-lniany-bialy-e1604933455509.jpg","contentUrl":"https:\/\/inmondo.pl\/wp-content\/uploads\/2020\/11\/baldachim-lniany-bialy-e1604933455509.jpg","width":1000,"height":1001},{"@type":"BreadcrumbList","@id":"https:\/\/inmondo.pl\/en\/sklep\/kolekcje\/baldachim-bawelniany\/#breadcrumb","itemListElement":[{"@type":"ListItem","position":1,"name":"Strona g\u0142\u00f3wna","item":"https:\/\/inmondo.pl\/"},{"@type":"ListItem","position":2,"name":"Oferta Inmondo: spe\u0142niamy marzenia i wymagania","item":"https:\/\/inmondo.pl\/sklep\/"},{"@type":"ListItem","position":3,"name":"kolekcje","item":"https:\/\/inmondo.pl\/de\/sklep\/kolekcje\/"},{"@type":"ListItem","position":4,"name":"Baldachim bawe\u0142niany"}]},{"@type":"WebSite","@id":"https:\/\/inmondo.pl\/#website","url":"https:\/\/inmondo.pl\/","name":"Inmondo","description":"","potentialAction":[{"@type":"SearchAction","target":{"@type":"EntryPoint","urlTemplate":"https:\/\/inmondo.pl\/?s={search_term_string}"},"query-input":{"@type":"PropertyValueSpecification","valueRequired":true,"valueName":"search_term_string"}}],"inLanguage":"de"}]}},"wcpa_form_fields":null,"_links":{"self":[{"href":"https:\/\/inmondo.pl\/de\/wp-json\/wp\/v2\/product\/2585","targetHints":{"allow":["GET"]}}],"collection":[{"href":"https:\/\/inmondo.pl\/de\/wp-json\/wp\/v2\/product"}],"about":[{"href":"https:\/\/inmondo.pl\/de\/wp-json\/wp\/v2\/types\/product"}],"replies":[{"embeddable":true,"href":"https:\/\/inmondo.pl\/de\/wp-json\/wp\/v2\/comments?post=2585"}],"wp:featuredmedia":[{"embeddable":true,"href":"https:\/\/inmondo.pl\/de\/wp-json\/wp\/v2\/media\/2575"}],"wp:attachment":[{"href":"https:\/\/inmondo.pl\/de\/wp-json\/wp\/v2\/media?parent=2585"}],"wp:term":[{"taxonomy":"product_brand","embeddable":true,"href":"https:\/\/inmondo.pl\/de\/wp-json\/wp\/v2\/product_brand?post=2585"},{"taxonomy":"product_cat","embeddable":true,"href":"https:\/\/inmondo.pl\/de\/wp-json\/wp\/v2\/product_cat?post=2585"},{"taxonomy":"product_tag","embeddable":true,"href":"https:\/\/inmondo.pl\/de\/wp-json\/wp\/v2\/product_tag?post=2585"}],"curies":[{"name":"wp","href":"https:\/\/api.w.org\/{rel}","templated":true}]}}