{"id":2571,"date":"2020-11-09T15:30:10","date_gmt":"2020-11-09T14:30:10","guid":{"rendered":"https:\/\/inmondo.pl\/?post_type=product&#038;p=2571"},"modified":"2026-04-17T11:18:15","modified_gmt":"2026-04-17T09:18:15","slug":"leinen-baldachin","status":"publish","type":"product","link":"https:\/\/inmondo.pl\/de\/sklep\/kolekcje\/additive\/leinen-baldachin\/","title":{"rendered":"Leinenbaldachin"},"content":{"rendered":"<p>Eine au\u00dfergew\u00f6hnliche Erg\u00e4nzung f\u00fcr das Zimmer Ihres Kindes, die eine m\u00e4rchenhafte Sch\u00f6nheitsecke schafft, von der jeder tr\u00e4umt!<\/p>\n<p>Ein stilvoller Baldachin verleiht diesem Interieur ein ganz anderes Gesicht.<\/p>\n<p>&nbsp;<\/p>\n<p>&nbsp;<\/p>","protected":false},"excerpt":{"rendered":"<p>Es ist eine ungew\u00f6hnliche Erg\u00e4nzung f\u00fcr das Kinderzimmer, die eine sch\u00f6ne M\u00e4rchenecke schafft, von der jeder tr\u00e4umt!<\/p>\n<p>Ein stilvoller Baldachin verleiht diesem Interieur ein ganz anderes Gesicht.<\/p>\n<p>&nbsp;<\/p>\n<p>&nbsp;<\/p>","protected":false},"featured_media":1268,"comment_status":"open","ping_status":"closed","template":"","meta":{"_acf_changed":true},"product_brand":[],"product_cat":[50,20,17],"product_tag":[],"class_list":{"0":"post-2571","1":"product","2":"type-product","3":"status-publish","4":"has-post-thumbnail","6":"product_cat-dodatki","7":"product_cat-elementy","8":"product_cat-kolekcje","10":"first","11":"onbackorder","12":"taxable","13":"shipping-taxable","14":"purchasable","15":"product-type-variable","16":"has-default-attributes"},"acf":{"wymiary":"D\u0142ugo\u015b\u0107 ta\u015bmy podtrzymuj\u0105cej 40 cm<br \/>\r\n\u015arednica obr\u0119czy \u00d8 50cm<br \/>\r\nD\u0142ugo\u015b\u0107 280 cm","materialy":"100&nbsp;% len","sections_woocommerce":[{"acf_fc_layout":"section_menu","is_active":true,"repeater":[{"text":"Opis","link":"#opis"},{"text":"Lookbook","link":"#lookbook"},{"text":"Opinie","link":"#opinie"},{"text":"Inne produkty","link":"#inneprodukty"}]},{"acf_fc_layout":"section_woocommerce_text_image","is_active":true,"anchor":"#opis","text_align":"textAlign--left","grid_width":"main","wysiwyg":"<p>Niezwyk\u0142e dodatki i\u00a0akcesoria, tworzone w\u00a0przekonaniu, \u017ce\u00a0ka\u017cde wn\u0119trze<br \/>\nmo\u017cna zaaran\u017cowa\u0107 w\u00a0pi\u0119kny spos\u00f3b, tworz\u0105c przestrze\u0144 nieprzeci\u0119tn\u0105<br \/>\n\u2013 wystarczy tylko troch\u0119 wyobra\u017ani. Wierzymy, \u017ce\u00a0wykorzystasz j\u0105 i\u00a0stworzysz pok\u00f3j swoich marze\u0144.<\/p>\n","image":"https:\/\/inmondo.pl\/wp-content\/uploads\/2020\/09\/2019_04_INMONDO_POK\u00d3J_DZIEWCZYNEK_2-12594.jpg"},{"acf_fc_layout":"section_woocommerce_text_image","is_active":true,"anchor":"","text_align":"textAlign--right","grid_width":"main","wysiwyg":"<p>Tkaniny lniane to doskona\u0142y filtr chroni\u0105cy ha\u0142asem i\u00a0py\u0142em, a\u00a0tak\u017ce zmniejszaj\u0105 promieniowanie gamma prawie o\u00a0po\u0142ow\u0119 i\u00a0chroni\u0105 organizm ludzki przed promieniowaniem s\u0142onecznym. Len nie powoduje reakcji alergicznej i\u00a0jest przydatny w\u00a0leczeniu wielu chor\u00f3b alergicznych. Tkanina i\u00a0dzianina lniana posiada rzadkie w\u0142a\u015bciwo\u015bci bakteriologiczne. Odporna na\u00a0grzyby i\u00a0bakterie, i\u00a0jak stwierdzono, jest skuteczn\u0105 barier\u0105 dla\u00a0niekt\u00f3rych chor\u00f3b.<\/p>\n<p>&nbsp;<\/p>\n<p>&nbsp;<\/p>\n<p>Gdy tylko si\u0119 zabrudzi, mo\u017cna wyj\u0105\u0107 usztywniaj\u0105ce ko\u0142o\u00a0znajduj\u0105ce si\u0119 w\u00a0\u015brodku baldachimu, co umo\u017cliwia pranie go w\u00a0pralce i\u00a0u\u0142atwi utrzymanie\u00a0 w\u00a0czysto\u015bci\u00a0\ud83d\ude42<\/p>\n<p>UWAGA! Prosimy o przemy\u015blane zakupy. Baldachim szyjemy na Twoje zam\u00f3wienie, jest produktem personalizowanym i nie ma mo\u017cliwo\u015bci zwrotu.<\/p>\n","image":"https:\/\/inmondo.pl\/wp-content\/uploads\/2020\/08\/2019_05_INMONDO_POK\u00d3J_BABY_2-15325.jpg"},{"acf_fc_layout":"section_woocommerce_lookbook","is_active":true,"anchor":"#lookbook","header":"<h2 style=\"text-align: center;\">Zobacz galeri\u0119 mebli uzupe\u0142niaj\u0105cych nasze kolekcje:<\/h2>\n<p style=\"text-align: center;\">Zapraszamy do\u00a0zapoznania si\u0119 z\u00a0kolekcj\u0105 uzupe\u0142niaj\u0105c\u0105. Wzbogacisz pok\u00f3j w\u00a0urocze elementy dodaj\u0105ce blasku twojemu wn\u0119trzu. Pokazujemy Ci tylko u\u0142amek mo\u017cliwo\u015bci\u2026 Zainspiruj si\u0119\u2026<\/p>\n","repeater":[{"shortcode":"[woocommerce_lookbook id=\"1343\"]"},{"shortcode":"[woocommerce_lookbook id=\"1582\"]"},{"shortcode":"[woocommerce_lookbook id=\"1279\"]"},{"shortcode":"[woocommerce_lookbook id=\"1351\"]"}]}],"czas_realizacji":""},"yoast_head":"<!-- This site is optimized with the Yoast SEO plugin v27.3 - https:\/\/yoast.com\/product\/yoast-seo-wordpress\/ -->\n<title>Baldachim lniany - Inmondo<\/title>\n<meta name=\"robots\" content=\"index, follow, max-snippet:-1, max-image-preview:large, max-video-preview:-1\" \/>\n<link rel=\"canonical\" href=\"https:\/\/inmondo.pl\/de\/sklep\/kolekcje\/additive\/leinen-baldachin\/\" \/>\n<meta property=\"og:locale\" content=\"de_DE\" \/>\n<meta property=\"og:type\" content=\"article\" \/>\n<meta property=\"og:title\" content=\"Baldachim lniany - Inmondo\" \/>\n<meta property=\"og:description\" content=\"To niezwyk\u0142y dodatek do pokoiku Twojego dziecka, kt\u00f3ry\u00a0 stworzy pi\u0119kny bajkowy k\u0105cik, o kt\u00f3rym ka\u017cdy marzy!  Stylowy baldachim nada temu wn\u0119trzu ca\u0142kiem innego oblicza.  &nbsp;  &nbsp;\" \/>\n<meta property=\"og:url\" content=\"https:\/\/inmondo.pl\/de\/sklep\/kolekcje\/additive\/leinen-baldachin\/\" \/>\n<meta property=\"og:site_name\" content=\"Inmondo\" \/>\n<meta property=\"article:modified_time\" content=\"2026-04-17T09:18:15+00:00\" \/>\n<meta property=\"og:image\" content=\"http:\/\/inmondo.pl\/wp-content\/uploads\/2020\/07\/2019_11_INMONDO_MINIMONDO_-23158-1920.jpg\" \/>\n\t<meta property=\"og:image:width\" content=\"1920\" \/>\n\t<meta property=\"og:image:height\" content=\"1920\" \/>\n\t<meta property=\"og:image:type\" content=\"image\/jpeg\" \/>\n<meta name=\"twitter:card\" content=\"summary_large_image\" \/>\n<meta name=\"twitter:label1\" content=\"Gesch\u00e4tzte Lesezeit\" \/>\n\t<meta name=\"twitter:data1\" content=\"2\u00a0Minuten\" \/>\n<script type=\"application\/ld+json\" class=\"yoast-schema-graph\">{\"@context\":\"https:\\\/\\\/schema.org\",\"@graph\":[{\"@type\":\"WebPage\",\"@id\":\"https:\\\/\\\/inmondo.pl\\\/sklep\\\/kolekcje\\\/dodatki\\\/baldachim-lniany\\\/\",\"url\":\"https:\\\/\\\/inmondo.pl\\\/sklep\\\/kolekcje\\\/dodatki\\\/baldachim-lniany\\\/\",\"name\":\"Baldachim lniany - Inmondo\",\"isPartOf\":{\"@id\":\"https:\\\/\\\/inmondo.pl\\\/#website\"},\"primaryImageOfPage\":{\"@id\":\"https:\\\/\\\/inmondo.pl\\\/sklep\\\/kolekcje\\\/dodatki\\\/baldachim-lniany\\\/#primaryimage\"},\"image\":{\"@id\":\"https:\\\/\\\/inmondo.pl\\\/sklep\\\/kolekcje\\\/dodatki\\\/baldachim-lniany\\\/#primaryimage\"},\"thumbnailUrl\":\"https:\\\/\\\/inmondo.pl\\\/wp-content\\\/uploads\\\/2020\\\/07\\\/2019_11_INMONDO_MINIMONDO_-23158-1920.jpg\",\"datePublished\":\"2020-11-09T14:30:10+00:00\",\"dateModified\":\"2026-04-17T09:18:15+00:00\",\"breadcrumb\":{\"@id\":\"https:\\\/\\\/inmondo.pl\\\/sklep\\\/kolekcje\\\/dodatki\\\/baldachim-lniany\\\/#breadcrumb\"},\"inLanguage\":\"de\",\"potentialAction\":[{\"@type\":\"ReadAction\",\"target\":[\"https:\\\/\\\/inmondo.pl\\\/sklep\\\/kolekcje\\\/dodatki\\\/baldachim-lniany\\\/\"]}]},{\"@type\":\"ImageObject\",\"inLanguage\":\"de\",\"@id\":\"https:\\\/\\\/inmondo.pl\\\/sklep\\\/kolekcje\\\/dodatki\\\/baldachim-lniany\\\/#primaryimage\",\"url\":\"https:\\\/\\\/inmondo.pl\\\/wp-content\\\/uploads\\\/2020\\\/07\\\/2019_11_INMONDO_MINIMONDO_-23158-1920.jpg\",\"contentUrl\":\"https:\\\/\\\/inmondo.pl\\\/wp-content\\\/uploads\\\/2020\\\/07\\\/2019_11_INMONDO_MINIMONDO_-23158-1920.jpg\",\"width\":1920,\"height\":1920},{\"@type\":\"BreadcrumbList\",\"@id\":\"https:\\\/\\\/inmondo.pl\\\/sklep\\\/kolekcje\\\/dodatki\\\/baldachim-lniany\\\/#breadcrumb\",\"itemListElement\":[{\"@type\":\"ListItem\",\"position\":1,\"name\":\"Strona g\u0142\u00f3wna\",\"item\":\"https:\\\/\\\/inmondo.pl\\\/\"},{\"@type\":\"ListItem\",\"position\":2,\"name\":\"Oferta Inmondo: spe\u0142niamy marzenia i wymagania\",\"item\":\"https:\\\/\\\/inmondo.pl\\\/sklep\\\/\"},{\"@type\":\"ListItem\",\"position\":3,\"name\":\"kolekcje\",\"item\":\"https:\\\/\\\/inmondo.pl\\\/de\\\/sklep\\\/kolekcje\\\/\"},{\"@type\":\"ListItem\",\"position\":4,\"name\":\"Baldachim lniany\"}]},{\"@type\":\"WebSite\",\"@id\":\"https:\\\/\\\/inmondo.pl\\\/#website\",\"url\":\"https:\\\/\\\/inmondo.pl\\\/\",\"name\":\"Inmondo\",\"description\":\"\",\"potentialAction\":[{\"@type\":\"SearchAction\",\"target\":{\"@type\":\"EntryPoint\",\"urlTemplate\":\"https:\\\/\\\/inmondo.pl\\\/?s={search_term_string}\"},\"query-input\":{\"@type\":\"PropertyValueSpecification\",\"valueRequired\":true,\"valueName\":\"search_term_string\"}}],\"inLanguage\":\"de\"}]}<\/script>\n<!-- \/ Yoast SEO plugin. -->","yoast_head_json":{"title":"Leinenbaldachin - Inmondo","robots":{"index":"index","follow":"follow","max-snippet":"max-snippet:-1","max-image-preview":"max-image-preview:large","max-video-preview":"max-video-preview:-1"},"canonical":"https:\/\/inmondo.pl\/de\/sklep\/kolekcje\/additive\/leinen-baldachin\/","og_locale":"de_DE","og_type":"article","og_title":"Baldachim lniany - Inmondo","og_description":"To niezwyk\u0142y dodatek do pokoiku Twojego dziecka, kt\u00f3ry\u00a0 stworzy pi\u0119kny bajkowy k\u0105cik, o kt\u00f3rym ka\u017cdy marzy!  Stylowy baldachim nada temu wn\u0119trzu ca\u0142kiem innego oblicza.  &nbsp;  &nbsp;","og_url":"https:\/\/inmondo.pl\/de\/sklep\/kolekcje\/additive\/leinen-baldachin\/","og_site_name":"Inmondo","article_modified_time":"2026-04-17T09:18:15+00:00","og_image":[{"width":1920,"height":1920,"url":"http:\/\/inmondo.pl\/wp-content\/uploads\/2020\/07\/2019_11_INMONDO_MINIMONDO_-23158-1920.jpg","type":"image\/jpeg"}],"twitter_card":"summary_large_image","twitter_misc":{"Gesch\u00e4tzte Lesezeit":"2\u00a0Minuten"},"schema":{"@context":"https:\/\/schema.org","@graph":[{"@type":"WebPage","@id":"https:\/\/inmondo.pl\/sklep\/kolekcje\/dodatki\/baldachim-lniany\/","url":"https:\/\/inmondo.pl\/sklep\/kolekcje\/dodatki\/baldachim-lniany\/","name":"Leinenbaldachin - Inmondo","isPartOf":{"@id":"https:\/\/inmondo.pl\/#website"},"primaryImageOfPage":{"@id":"https:\/\/inmondo.pl\/sklep\/kolekcje\/dodatki\/baldachim-lniany\/#primaryimage"},"image":{"@id":"https:\/\/inmondo.pl\/sklep\/kolekcje\/dodatki\/baldachim-lniany\/#primaryimage"},"thumbnailUrl":"https:\/\/inmondo.pl\/wp-content\/uploads\/2020\/07\/2019_11_INMONDO_MINIMONDO_-23158-1920.jpg","datePublished":"2020-11-09T14:30:10+00:00","dateModified":"2026-04-17T09:18:15+00:00","breadcrumb":{"@id":"https:\/\/inmondo.pl\/sklep\/kolekcje\/dodatki\/baldachim-lniany\/#breadcrumb"},"inLanguage":"de","potentialAction":[{"@type":"ReadAction","target":["https:\/\/inmondo.pl\/sklep\/kolekcje\/dodatki\/baldachim-lniany\/"]}]},{"@type":"ImageObject","inLanguage":"de","@id":"https:\/\/inmondo.pl\/sklep\/kolekcje\/dodatki\/baldachim-lniany\/#primaryimage","url":"https:\/\/inmondo.pl\/wp-content\/uploads\/2020\/07\/2019_11_INMONDO_MINIMONDO_-23158-1920.jpg","contentUrl":"https:\/\/inmondo.pl\/wp-content\/uploads\/2020\/07\/2019_11_INMONDO_MINIMONDO_-23158-1920.jpg","width":1920,"height":1920},{"@type":"BreadcrumbList","@id":"https:\/\/inmondo.pl\/sklep\/kolekcje\/dodatki\/baldachim-lniany\/#breadcrumb","itemListElement":[{"@type":"ListItem","position":1,"name":"Strona g\u0142\u00f3wna","item":"https:\/\/inmondo.pl\/"},{"@type":"ListItem","position":2,"name":"Oferta Inmondo: spe\u0142niamy marzenia i wymagania","item":"https:\/\/inmondo.pl\/sklep\/"},{"@type":"ListItem","position":3,"name":"kolekcje","item":"https:\/\/inmondo.pl\/de\/sklep\/kolekcje\/"},{"@type":"ListItem","position":4,"name":"Baldachim lniany"}]},{"@type":"WebSite","@id":"https:\/\/inmondo.pl\/#website","url":"https:\/\/inmondo.pl\/","name":"Inmondo","description":"","potentialAction":[{"@type":"SearchAction","target":{"@type":"EntryPoint","urlTemplate":"https:\/\/inmondo.pl\/?s={search_term_string}"},"query-input":{"@type":"PropertyValueSpecification","valueRequired":true,"valueName":"search_term_string"}}],"inLanguage":"de"}]}},"wcpa_form_fields":null,"_links":{"self":[{"href":"https:\/\/inmondo.pl\/de\/wp-json\/wp\/v2\/product\/2571","targetHints":{"allow":["GET"]}}],"collection":[{"href":"https:\/\/inmondo.pl\/de\/wp-json\/wp\/v2\/product"}],"about":[{"href":"https:\/\/inmondo.pl\/de\/wp-json\/wp\/v2\/types\/product"}],"replies":[{"embeddable":true,"href":"https:\/\/inmondo.pl\/de\/wp-json\/wp\/v2\/comments?post=2571"}],"wp:featuredmedia":[{"embeddable":true,"href":"https:\/\/inmondo.pl\/de\/wp-json\/wp\/v2\/media\/1268"}],"wp:attachment":[{"href":"https:\/\/inmondo.pl\/de\/wp-json\/wp\/v2\/media?parent=2571"}],"wp:term":[{"taxonomy":"product_brand","embeddable":true,"href":"https:\/\/inmondo.pl\/de\/wp-json\/wp\/v2\/product_brand?post=2571"},{"taxonomy":"product_cat","embeddable":true,"href":"https:\/\/inmondo.pl\/de\/wp-json\/wp\/v2\/product_cat?post=2571"},{"taxonomy":"product_tag","embeddable":true,"href":"https:\/\/inmondo.pl\/de\/wp-json\/wp\/v2\/product_tag?post=2571"}],"curies":[{"name":"wp","href":"https:\/\/api.w.org\/{rel}","templated":true}]}}