{"id":2401,"date":"2020-10-09T14:56:37","date_gmt":"2020-10-09T12:56:37","guid":{"rendered":"https:\/\/inmondo.pl\/?post_type=product&#038;p=2401"},"modified":"2023-02-15T10:20:50","modified_gmt":"2023-02-15T09:20:50","slug":"lampe-van-i","status":"publish","type":"product","link":"https:\/\/inmondo.pl\/de\/sklep\/elementy\/oswietlenie\/lampe-van-i\/","title":{"rendered":"Van I Lampe"},"content":{"rendered":"<p>Holzlampe in Form eines VAN-Autos<\/p>\n<p>Wer von uns kennt nicht diese klassische Karosserielinie des seit 1949 produzierten Volkswagen Transporters, wir pr\u00e4sentieren Ihnen seine Holzversion!<\/p>\n<p>F\u00fcr die Herstellung unserer Lampen verwenden wir Naturholz, das aus gut bewirtschafteten Waldgebieten stammt.<\/p>\n<p>In unseren Lampen verwenden wir LEDs, die sicher und langlebig sind, wenig Energie verbrauchen und umweltfreundlich sind. Lampen werden \u00fcber einen Stecker in der Steckdose mit Strom versorgt.<\/p>\n<p>Dank LED-Technologie ist der Schlaf mit seinem Licht sicher und die Dunkelheit ist nicht mehr schrecklich.<\/p>\n<p>Die Lampe kann die ganze Nacht brennen.<\/p>","protected":false},"excerpt":{"rendered":"<p>Holzlampe in Form eines VAN-Autos<\/p>\n<p>Wer von uns kennt nicht diese klassische Karosserielinie des seit 1949 produzierten Volkswagen Transporters, wir pr\u00e4sentieren Ihnen seine Holzversion!<\/p>\n<p>F\u00fcr die Herstellung unserer Lampen verwenden wir Naturholz, das aus gut bewirtschafteten Waldgebieten stammt.<\/p>\n<p>In unseren Lampen verwenden wir LEDs, die sicher und langlebig sind, wenig Energie verbrauchen und umweltfreundlich sind. Lampen werden \u00fcber einen Stecker in der Steckdose mit Strom versorgt.<\/p>\n<p>Dank LED-Technologie ist der Schlaf mit seinem Licht sicher und die Dunkelheit ist nicht mehr schrecklich.<\/p>\n<p>Die Lampe kann die ganze Nacht brennen.<\/p>","protected":false},"featured_media":2403,"comment_status":"open","ping_status":"closed","template":"","meta":{"_acf_changed":false},"product_brand":[],"product_cat":[50,20,17,52],"product_tag":[],"class_list":{"0":"post-2401","1":"product","2":"type-product","3":"status-publish","4":"has-post-thumbnail","6":"product_cat-dodatki","7":"product_cat-elementy","8":"product_cat-kolekcje","9":"product_cat-oswietlenie","11":"first","12":"onbackorder","13":"taxable","14":"shipping-taxable","15":"purchasable","16":"product-type-variable"},"acf":{"wymiary":"Wysoko\u015b\u0107: 30 cm<br \/>\r\nSzeroko\u015b\u0107: 29 cm","materialy":"- Lite drewno sosnowe<br \/>\r\n- Lampki LED ciep\u0142y bia\u0142y  2,2W<br \/>\r\n- Zasilacz dogniazdkowy Input: AC 100-240 Output: DC 24V","sections_woocommerce":[{"acf_fc_layout":"section_menu","is_active":true,"repeater":[{"text":"Opis","link":"#opis"},{"text":"Lookbook","link":"#lookbook"},{"text":"Opinie","link":"#opinie"},{"text":"Inne Produkty","link":"#inneprodukty"}]},{"acf_fc_layout":"section_woocommerce_text_image","is_active":true,"anchor":"#opis","text_align":"textAlign--left","grid_width":"main","wysiwyg":"<p>Wyj\u0105tkowe wzory mebli, tworzone w\u00a0przekonaniu, \u017ce\u00a0ka\u017cde wn\u0119trze<br \/>\nmo\u017cna zaaran\u017cowa\u0107 w\u00a0pi\u0119kny spos\u00f3b, tworz\u0105c przestrze\u0144 nieprzeci\u0119tn\u0105<br \/>\n\u2013 wystarczy tylko troch\u0119 wyobra\u017ani. Wierzymy, \u017ce\u00a0wykorzystasz j\u0105 i\u00a0stworzysz pok\u00f3j swoich marze\u0144.<\/p>\n","image":"https:\/\/inmondo.pl\/wp-content\/uploads\/2020\/06\/2019_10_INMONDO_SESJA_DODATKOWA-21751-scaled-e1596024368394.jpg"},{"acf_fc_layout":"section_woocommerce_lookbook","is_active":true,"anchor":"#lookbook","header":"<h2 style=\"text-align: center;\">Zobacz galeri\u0119 mebli uzupe\u0142niaj\u0105cych nasze kolekcje:<\/h2>\n<p style=\"text-align: center;\">Zapraszamy do\u00a0zapoznania si\u0119 z\u00a0kolekcj\u0105 uzupe\u0142niaj\u0105c\u0105. Wzbogacisz pok\u00f3j w\u00a0urocze elementy dodaj\u0105ce blasku twojemu wn\u0119trzu. Pokazujemy Ci tylko u\u0142amek mo\u017cliwo\u015bci\u2026 Zainspiruj si\u0119&#8230;<\/p>\n","repeater":[{"shortcode":"[woocommerce_lookbook id=\"1352\"]"},{"shortcode":"[woocommerce_lookbook id=\"1440\"]"},{"shortcode":"[woocommerce_lookbook id=\"1269\"]"},{"shortcode":"[woocommerce_lookbook id=\"1547\"]"},{"shortcode":"[woocommerce_lookbook id=\"1642\"]"}]}]},"yoast_head":"<!-- This site is optimized with the Yoast SEO plugin v27.3 - https:\/\/yoast.com\/product\/yoast-seo-wordpress\/ -->\n<title>Lampka Van I - Inmondo<\/title>\n<meta name=\"robots\" content=\"index, follow, max-snippet:-1, max-image-preview:large, max-video-preview:-1\" \/>\n<link rel=\"canonical\" href=\"http:\/\/inmondo.pl\/de\/sklep\/elementy\/oswietlenie\/lampe-van-i\/\" \/>\n<meta property=\"og:locale\" content=\"de_DE\" \/>\n<meta property=\"og:type\" content=\"article\" \/>\n<meta property=\"og:title\" content=\"Lampka Van I - Inmondo\" \/>\n<meta property=\"og:description\" content=\"Drewniana lampka w kszta\u0142cie samochodu typu VAN  Kto z nas nie zna tej klasycznej lini nadwozia Volkswagena Transportera produkowanego ju\u017c od 1949 roku, przedstawiamy Wam jego drewnian\u0105 ods\u0142on\u0119!  Do produkcji naszych lamp u\u017cywamy naturalnego drewna, kt\u00f3re pochodzi z prawid\u0142owo zarz\u0105dzanych obszar\u00f3w le\u015bnych.  W naszych lampach stosujemy diody LED, kt\u00f3re s\u0105 bezpieczne, trwa\u0142e, pobieraj\u0105 niewielk\u0105 ilo\u015b\u0107 energii oraz s\u0105 ekologiczne. Lampy s\u0105 zasilane poprzez wtyczk\u0119 do gniazdka.  Dzi\u0119ki technologii LED sen przy jej \u015bwietle jest bezpieczny, a mrok nie jest ju\u017c straszny.  Lampa mo\u017ce \u015bwieci\u0107 si\u0119 ca\u0142\u0105 noc.\" \/>\n<meta property=\"og:url\" content=\"http:\/\/inmondo.pl\/de\/sklep\/elementy\/oswietlenie\/lampe-van-i\/\" \/>\n<meta property=\"og:site_name\" content=\"Inmondo\" \/>\n<meta property=\"article:modified_time\" content=\"2023-02-15T09:20:50+00:00\" \/>\n<meta property=\"og:image\" content=\"http:\/\/inmondo.pl\/wp-content\/uploads\/2020\/10\/VAN_WOOD_WHITE-scaled-e1602251267905.jpg\" \/>\n\t<meta property=\"og:image:width\" content=\"1708\" \/>\n\t<meta property=\"og:image:height\" content=\"1707\" \/>\n\t<meta property=\"og:image:type\" content=\"image\/jpeg\" \/>\n<meta name=\"twitter:card\" content=\"summary_large_image\" \/>\n<meta name=\"twitter:label1\" content=\"Gesch\u00e4tzte Lesezeit\" \/>\n\t<meta name=\"twitter:data1\" content=\"1\u00a0Minute\" \/>\n<script type=\"application\/ld+json\" class=\"yoast-schema-graph\">{\"@context\":\"https:\\\/\\\/schema.org\",\"@graph\":[{\"@type\":\"WebPage\",\"@id\":\"http:\\\/\\\/inmondo.pl\\\/sklep\\\/elementy\\\/oswietlenie\\\/lampka-van-i\\\/\",\"url\":\"http:\\\/\\\/inmondo.pl\\\/sklep\\\/elementy\\\/oswietlenie\\\/lampka-van-i\\\/\",\"name\":\"Lampka Van I - Inmondo\",\"isPartOf\":{\"@id\":\"https:\\\/\\\/inmondo.pl\\\/#website\"},\"primaryImageOfPage\":{\"@id\":\"http:\\\/\\\/inmondo.pl\\\/sklep\\\/elementy\\\/oswietlenie\\\/lampka-van-i\\\/#primaryimage\"},\"image\":{\"@id\":\"http:\\\/\\\/inmondo.pl\\\/sklep\\\/elementy\\\/oswietlenie\\\/lampka-van-i\\\/#primaryimage\"},\"thumbnailUrl\":\"https:\\\/\\\/inmondo.pl\\\/wp-content\\\/uploads\\\/2020\\\/10\\\/VAN_WOOD_WHITE-scaled-e1602251267905.jpg\",\"datePublished\":\"2020-10-09T12:56:37+00:00\",\"dateModified\":\"2023-02-15T09:20:50+00:00\",\"breadcrumb\":{\"@id\":\"http:\\\/\\\/inmondo.pl\\\/sklep\\\/elementy\\\/oswietlenie\\\/lampka-van-i\\\/#breadcrumb\"},\"inLanguage\":\"de\",\"potentialAction\":[{\"@type\":\"ReadAction\",\"target\":[\"http:\\\/\\\/inmondo.pl\\\/sklep\\\/elementy\\\/oswietlenie\\\/lampka-van-i\\\/\"]}]},{\"@type\":\"ImageObject\",\"inLanguage\":\"de\",\"@id\":\"http:\\\/\\\/inmondo.pl\\\/sklep\\\/elementy\\\/oswietlenie\\\/lampka-van-i\\\/#primaryimage\",\"url\":\"https:\\\/\\\/inmondo.pl\\\/wp-content\\\/uploads\\\/2020\\\/10\\\/VAN_WOOD_WHITE-scaled-e1602251267905.jpg\",\"contentUrl\":\"https:\\\/\\\/inmondo.pl\\\/wp-content\\\/uploads\\\/2020\\\/10\\\/VAN_WOOD_WHITE-scaled-e1602251267905.jpg\",\"width\":1708,\"height\":1707},{\"@type\":\"BreadcrumbList\",\"@id\":\"http:\\\/\\\/inmondo.pl\\\/sklep\\\/elementy\\\/oswietlenie\\\/lampka-van-i\\\/#breadcrumb\",\"itemListElement\":[{\"@type\":\"ListItem\",\"position\":1,\"name\":\"Strona g\u0142\u00f3wna\",\"item\":\"https:\\\/\\\/inmondo.pl\\\/\"},{\"@type\":\"ListItem\",\"position\":2,\"name\":\"Oferta Inmondo: spe\u0142niamy marzenia i wymagania\",\"item\":\"https:\\\/\\\/inmondo.pl\\\/sklep\\\/\"},{\"@type\":\"ListItem\",\"position\":3,\"name\":\"kolekcje\",\"item\":\"https:\\\/\\\/inmondo.pl\\\/de\\\/sklep\\\/kolekcje\\\/\"},{\"@type\":\"ListItem\",\"position\":4,\"name\":\"Lampka Van I\"}]},{\"@type\":\"WebSite\",\"@id\":\"https:\\\/\\\/inmondo.pl\\\/#website\",\"url\":\"https:\\\/\\\/inmondo.pl\\\/\",\"name\":\"Inmondo\",\"description\":\"\",\"potentialAction\":[{\"@type\":\"SearchAction\",\"target\":{\"@type\":\"EntryPoint\",\"urlTemplate\":\"https:\\\/\\\/inmondo.pl\\\/?s={search_term_string}\"},\"query-input\":{\"@type\":\"PropertyValueSpecification\",\"valueRequired\":true,\"valueName\":\"search_term_string\"}}],\"inLanguage\":\"de\"}]}<\/script>\n<!-- \/ Yoast SEO plugin. -->","yoast_head_json":{"title":"Van I Lampe - Inmondo","robots":{"index":"index","follow":"follow","max-snippet":"max-snippet:-1","max-image-preview":"max-image-preview:large","max-video-preview":"max-video-preview:-1"},"canonical":"http:\/\/inmondo.pl\/de\/sklep\/elementy\/oswietlenie\/lampe-van-i\/","og_locale":"de_DE","og_type":"article","og_title":"Lampka Van I - Inmondo","og_description":"Drewniana lampka w kszta\u0142cie samochodu typu VAN  Kto z nas nie zna tej klasycznej lini nadwozia Volkswagena Transportera produkowanego ju\u017c od 1949 roku, przedstawiamy Wam jego drewnian\u0105 ods\u0142on\u0119!  Do produkcji naszych lamp u\u017cywamy naturalnego drewna, kt\u00f3re pochodzi z prawid\u0142owo zarz\u0105dzanych obszar\u00f3w le\u015bnych.  W naszych lampach stosujemy diody LED, kt\u00f3re s\u0105 bezpieczne, trwa\u0142e, pobieraj\u0105 niewielk\u0105 ilo\u015b\u0107 energii oraz s\u0105 ekologiczne. Lampy s\u0105 zasilane poprzez wtyczk\u0119 do gniazdka.  Dzi\u0119ki technologii LED sen przy jej \u015bwietle jest bezpieczny, a mrok nie jest ju\u017c straszny.  Lampa mo\u017ce \u015bwieci\u0107 si\u0119 ca\u0142\u0105 noc.","og_url":"http:\/\/inmondo.pl\/de\/sklep\/elementy\/oswietlenie\/lampe-van-i\/","og_site_name":"Inmondo","article_modified_time":"2023-02-15T09:20:50+00:00","og_image":[{"width":1708,"height":1707,"url":"http:\/\/inmondo.pl\/wp-content\/uploads\/2020\/10\/VAN_WOOD_WHITE-scaled-e1602251267905.jpg","type":"image\/jpeg"}],"twitter_card":"summary_large_image","twitter_misc":{"Gesch\u00e4tzte Lesezeit":"1\u00a0Minute"},"schema":{"@context":"https:\/\/schema.org","@graph":[{"@type":"WebPage","@id":"http:\/\/inmondo.pl\/sklep\/elementy\/oswietlenie\/lampka-van-i\/","url":"http:\/\/inmondo.pl\/sklep\/elementy\/oswietlenie\/lampka-van-i\/","name":"Van I Lampe - Inmondo","isPartOf":{"@id":"https:\/\/inmondo.pl\/#website"},"primaryImageOfPage":{"@id":"http:\/\/inmondo.pl\/sklep\/elementy\/oswietlenie\/lampka-van-i\/#primaryimage"},"image":{"@id":"http:\/\/inmondo.pl\/sklep\/elementy\/oswietlenie\/lampka-van-i\/#primaryimage"},"thumbnailUrl":"https:\/\/inmondo.pl\/wp-content\/uploads\/2020\/10\/VAN_WOOD_WHITE-scaled-e1602251267905.jpg","datePublished":"2020-10-09T12:56:37+00:00","dateModified":"2023-02-15T09:20:50+00:00","breadcrumb":{"@id":"http:\/\/inmondo.pl\/sklep\/elementy\/oswietlenie\/lampka-van-i\/#breadcrumb"},"inLanguage":"de","potentialAction":[{"@type":"ReadAction","target":["http:\/\/inmondo.pl\/sklep\/elementy\/oswietlenie\/lampka-van-i\/"]}]},{"@type":"ImageObject","inLanguage":"de","@id":"http:\/\/inmondo.pl\/sklep\/elementy\/oswietlenie\/lampka-van-i\/#primaryimage","url":"https:\/\/inmondo.pl\/wp-content\/uploads\/2020\/10\/VAN_WOOD_WHITE-scaled-e1602251267905.jpg","contentUrl":"https:\/\/inmondo.pl\/wp-content\/uploads\/2020\/10\/VAN_WOOD_WHITE-scaled-e1602251267905.jpg","width":1708,"height":1707},{"@type":"BreadcrumbList","@id":"http:\/\/inmondo.pl\/sklep\/elementy\/oswietlenie\/lampka-van-i\/#breadcrumb","itemListElement":[{"@type":"ListItem","position":1,"name":"Strona g\u0142\u00f3wna","item":"https:\/\/inmondo.pl\/"},{"@type":"ListItem","position":2,"name":"Oferta Inmondo: spe\u0142niamy marzenia i wymagania","item":"https:\/\/inmondo.pl\/sklep\/"},{"@type":"ListItem","position":3,"name":"kolekcje","item":"https:\/\/inmondo.pl\/de\/sklep\/kolekcje\/"},{"@type":"ListItem","position":4,"name":"Lampka Van I"}]},{"@type":"WebSite","@id":"https:\/\/inmondo.pl\/#website","url":"https:\/\/inmondo.pl\/","name":"Inmondo","description":"","potentialAction":[{"@type":"SearchAction","target":{"@type":"EntryPoint","urlTemplate":"https:\/\/inmondo.pl\/?s={search_term_string}"},"query-input":{"@type":"PropertyValueSpecification","valueRequired":true,"valueName":"search_term_string"}}],"inLanguage":"de"}]}},"wcpa_form_fields":null,"_links":{"self":[{"href":"https:\/\/inmondo.pl\/de\/wp-json\/wp\/v2\/product\/2401","targetHints":{"allow":["GET"]}}],"collection":[{"href":"https:\/\/inmondo.pl\/de\/wp-json\/wp\/v2\/product"}],"about":[{"href":"https:\/\/inmondo.pl\/de\/wp-json\/wp\/v2\/types\/product"}],"replies":[{"embeddable":true,"href":"https:\/\/inmondo.pl\/de\/wp-json\/wp\/v2\/comments?post=2401"}],"wp:featuredmedia":[{"embeddable":true,"href":"https:\/\/inmondo.pl\/de\/wp-json\/wp\/v2\/media\/2403"}],"wp:attachment":[{"href":"https:\/\/inmondo.pl\/de\/wp-json\/wp\/v2\/media?parent=2401"}],"wp:term":[{"taxonomy":"product_brand","embeddable":true,"href":"https:\/\/inmondo.pl\/de\/wp-json\/wp\/v2\/product_brand?post=2401"},{"taxonomy":"product_cat","embeddable":true,"href":"https:\/\/inmondo.pl\/de\/wp-json\/wp\/v2\/product_cat?post=2401"},{"taxonomy":"product_tag","embeddable":true,"href":"https:\/\/inmondo.pl\/de\/wp-json\/wp\/v2\/product_tag?post=2401"}],"curies":[{"name":"wp","href":"https:\/\/api.w.org\/{rel}","templated":true}]}}