{"id":1682,"date":"2020-08-01T11:01:25","date_gmt":"2020-08-01T09:01:25","guid":{"rendered":"http:\/\/inmondo.pl\/?post_type=product&#038;p=1682"},"modified":"2026-04-02T16:56:01","modified_gmt":"2026-04-02T14:56:01","slug":"hochbett-mit-treppe-2-personen","status":"publish","type":"product","link":"https:\/\/inmondo.pl\/de\/sklep\/elementy\/lozka-pietrowe\/hochbett-mit-treppe-2-personen\/","title":{"rendered":"Hochbett mit Treppe - Doppelbett"},"content":{"rendered":"<p style=\"text-align: justify;\">Mit der Funflex-Kollektion k\u00f6nnen Sie das Zimmer Ihrer Kindertr\u00e4ume gestalten. Wir stellen Ihnen ein Etagenbett aus Holz mit Treppe f\u00fcr zwei Kinder vor, das Funktionalit\u00e4t und interessantes Design vereint. Die Treppe, die Teil der Konstruktion ist, kann auf beiden Seiten des Bettes angebracht werden. Die Konstruktion gew\u00e4hrleistet einen sicheren und bequemen Schlaf f\u00fcr zwei Kleinkinder. Ein Kinderetagenbett mit Treppe ist eine sichere, aber auch attraktive und clevere L\u00f6sung. Es ist die ideale L\u00f6sung, um Platz im Zimmer zu sparen. Die zum Kinderetagenbett geh\u00f6rende Treppe besteht aus Stufen, in denen sich ger\u00e4umiger Stauraum verbirgt. Diese bieten zus\u00e4tzlichen Platz f\u00fcr: B\u00fccher, Spielzeug, Kleidung und all Ihre Sch\u00e4tze. Kinderetagenbetten aus Holz haben starke und stabile Gel\u00e4nder, um die Sicherheit Ihrer Kleinen beim Schlafen und Spielen zu erh\u00f6hen. Kinderetagenbetten mit Schubladen in der Treppe sind ideal f\u00fcr M\u00e4dchen, die gerne ihre Sch\u00e4tze verstecken. Auch f\u00fcr Jungen k\u00f6nnen sie interessante Spielideen bieten.<\/p>\n<p style=\"text-align: justify;\">Kinderetagenbetten k\u00f6nnen Sie in unserem Shop bestellen. Es gibt sie in zwei Farbvarianten. Zeitlose Kombinationen bleiben in Mode, so dass Etagenbetten aus Holz eine L\u00f6sung f\u00fcr die n\u00e4chsten Jahre sind.<\/p>\n<p style=\"text-align: justify;\">Wybierz dla swoich dzieci r\u00f3wnie\u017c jeden z dw\u00f3ch pasuj\u0105cych do niego modeli materacy RESTO 90 lub RESTO DUO 90.<a href=\"https:\/\/inmondo.pl\/de\/sklep\/elementy\/matratzenrestaurierung\/\"><u>RESTO 90<\/u><\/a> oder <a href=\"https:\/\/inmondo.pl\/de\/sklep\/elementy\/matratze-resto-duo-90\/\"><u>RESTO DUO 90<\/u><\/a><\/p>","protected":false},"excerpt":{"rendered":"<p style=\"text-align: justify;\">Mit der Funflex-Kollektion k\u00f6nnen Sie das Zimmer Ihrer Kindertr\u00e4ume gestalten. Wir stellen Ihnen ein Etagenbett aus Holz mit Treppe f\u00fcr zwei Kinder vor, das Funktionalit\u00e4t und interessantes Design vereint. Die Treppe, die Teil der Konstruktion ist, kann auf beiden Seiten des Bettes angebracht werden. Die Konstruktion gew\u00e4hrleistet einen sicheren und bequemen Schlaf f\u00fcr zwei Kleinkinder. Ein Kinderetagenbett mit Treppe ist eine sichere, aber auch attraktive und clevere L\u00f6sung. Es ist die ideale L\u00f6sung, um Platz im Zimmer zu sparen. Die zum Kinderetagenbett geh\u00f6rende Treppe besteht aus Stufen, in denen sich ger\u00e4umiger Stauraum verbirgt. Diese bieten zus\u00e4tzlichen Platz f\u00fcr: B\u00fccher, Spielzeug, Kleidung und all Ihre Sch\u00e4tze. Kinderetagenbetten aus Holz haben starke und stabile Gel\u00e4nder, um die Sicherheit Ihrer Kleinen beim Schlafen und Spielen zu erh\u00f6hen. Kinderetagenbetten mit Schubladen in der Treppe sind ideal f\u00fcr M\u00e4dchen, die gerne ihre Sch\u00e4tze verstecken. Auch f\u00fcr Jungen k\u00f6nnen sie interessante Spielideen bieten.<\/p>\n<p style=\"text-align: justify;\">Kinderetagenbetten k\u00f6nnen Sie in unserem Shop bestellen. Es gibt sie in zwei Farbvarianten. Zeitlose Kombinationen bleiben in Mode, so dass Etagenbetten aus Holz eine L\u00f6sung f\u00fcr die n\u00e4chsten Jahre sind.<\/p>\n<p>&nbsp;<\/p>\n<p style=\"text-align: justify;\">Auf unserer Website finden Sie auch speziell f\u00fcr dieses Bett entworfene Vorh\u00e4nge \ud83d\ude42 <a href=\"https:\/\/inmondo.pl\/de\/sklep\/elementy\/matratzenrestaurierung\/\">RESTO 90<\/a> oder <a href=\"https:\/\/inmondo.pl\/de\/sklep\/elementy\/matratze-resto-duo-90\/\">RESTO DUO 90<\/a>.<\/p>\n<p>&nbsp;<\/p>\n<p>Zus\u00e4tzlich empfehlen wir:<\/p>\n<p>Gewidmet <a href=\"https:\/\/inmondo.pl\/de\/sklep\/kolekcje\/schublade-2\/\" target=\"_blank\" rel=\"noopener\">Schublade<\/a> so k\u00f6nnen Sie den Platz unter den M\u00f6beln voll ausnutzen, um Kissen, Bettdecken und Decken aufzubewahren oder gelegentlich einen zus\u00e4tzlichen Schlafplatz zu schaffen.<\/p>\n<p>&nbsp;<\/p>\n<p>&nbsp;<\/p>\n<p>&nbsp;<\/p>\n<h6><\/h6>","protected":false},"featured_media":1683,"comment_status":"open","ping_status":"closed","template":"","meta":{"_acf_changed":false},"product_brand":[],"product_cat":[20,18,17,172,99],"product_tag":[],"class_list":{"0":"post-1682","1":"product","2":"type-product","3":"status-publish","4":"has-post-thumbnail","6":"product_cat-elementy","7":"product_cat-funflex","8":"product_cat-kolekcje","9":"product_cat-lozka-pietrowe","10":"product_cat-meble-dostepne","11":"wcpa_has_options","13":"first","14":"onbackorder","15":"featured","16":"taxable","17":"shipping-taxable","18":"purchasable","19":"product-type-variable","20":"has-default-attributes"},"acf":{"wymiary":"Szeroko\u015b\u0107: 250 cm<br \/>\r\nWysoko\u015b\u0107: 181 cm<br \/>\r\nG\u0142\u0119boko\u015b\u0107: 142 cm","materialy":"drewno brzozowe, p\u0142yta MDF, lakier wodny i&nbsp;wodny UV","sections_woocommerce":[{"acf_fc_layout":"section_woocommerce_text_image","is_active":true,"anchor":"#opis","text_align":"textAlign--left","grid_width":"main","wysiwyg":"<h3>Cechy produktu:<\/h3>\n<p>Szeroko\u015b\u0107 ca\u0142kowita: 250 cm<\/p>\n<p>Wysoko\u015b\u0107 ca\u0142kowita: 181 cm<\/p>\n<p>G\u0142\u0119boko\u015b\u0107 ca\u0142kowita (g\u0142\u0119boko\u015b\u0107 podstawy schod\u00f3w): 142 cm Pod\u00a0dolnym \u0142\u00f3\u017ckiem jest przestrze\u0144 o\u00a0wysoko\u015bci: 23 cm<\/p>\n<p>G\u00f3rna kraw\u0119d\u017a dolnego \u0142\u00f3zka jest na\u00a0wysoko\u015bci: 40 cm<\/p>\n<p>Dolna kraw\u0119d\u017a g\u00f3rnego \u0142\u00f3\u017cka jest na\u00a0wysoko\u015bci: 136,5 cm<\/p>\n<p>Wysoko\u015b\u0107 od posadzki do\u00a0g\u00f3rnej kraw\u0119dzi g\u00f3rnego boku \u0142\u00f3\u017cka: 154 cm<\/p>\n<p>Wysoko\u015b\u0107 od posadzki do\u00a0g\u00f3rnej kraw\u0119dzi g\u00f3rnej barierki \u0142\u00f3\u017cka: 178 cm<\/p>\n<p>&nbsp;<\/p>\n<p>&nbsp;<\/p>\n<p>No\u015bno\u015b\u0107 \u0142\u00f3\u017cka to max 100 kg.<\/p>\n<p>Maksymalna wysoko\u015b\u0107 materaca dla\u00a0tego \u0142\u00f3\u017cka to 20 cm<\/p>\n<p>&nbsp;<\/p>\n<p>Schody mog\u0105 by\u0107 zamontowane po\u00a0prawej lub\u00a0po\u00a0lewej stronie \u0142\u00f3\u017cka.<\/p>\n<p>&nbsp;<\/p>\n<p>Materia\u0142:<\/p>\n<p>MDF + drewno brzozowe<\/p>\n<p>stela\u017c \u0142\u00f3\u017cka: drewno sosnowe<\/p>\n<p>&nbsp;<\/p>\n","image":"https:\/\/inmondo.pl\/wp-content\/uploads\/2020\/09\/2019_09_INMONDO_PACKSHOTY-21568_kolor-\u0142\u00f3\u017cko-podw\u00f3jne-przerobione-scaled.jpg"},{"acf_fc_layout":"section_woocommerce_text_image","is_active":true,"anchor":"","text_align":"textAlign--right","grid_width":"main","wysiwyg":"<h2>Funflex nieograniczone mo\u017cliwo\u015bci.<\/h2>\n<p style=\"text-align: justify;\">Szeroki wyb\u00f3r element\u00f3w z\u00a0kolekcji Funflex pozwoli zaaran\u017cowa\u0107 ka\u017cd\u0105 przestrze\u0144 zgodnie z\u00a0Twoimi potrzebami i\u00a0upodobaniami. Zapomnij o\u00a0problemach z\u00a0brakiem miejsca na\u00a0przechowywanie Twoich skarb\u00f3w. Ksi\u0105\u017cki, ubrania, zabawki \u2013 od teraz na\u00a0wszystko znajdziesz miejsce. Meble mo\u017cesz tak\u017ce postawi\u0107 pod\u00a0\u0142\u00f3\u017ckiem, uzyskuj\u0105c spor\u0105 przestrze\u0144 do\u00a0przechowywania gad\u017cet\u00f3w. Ciekawym rozwi\u0105zaniem s\u0105 pi\u0119trowe \u0142\u00f3\u017cka ze schodami, w\u00a0kt\u00f3rych kryj\u0105 si\u0119 schowki. \u0141\u00f3\u017cka dost\u0119pne s\u0105 na\u00a0zam\u00f3wienie w\u00a0ofercie sklepu. Tworz\u0105c nasze meble, my\u015blimy nie tylko o\u00a0funkcjonalno\u015bci, ale\u00a0tak\u017ce o\u00a0bezpiecze\u0144stwie i\u00a0komforcie Twojego dziecka. Dlatego\u00a0wszystkie nasze meble s\u0105 lakierowane ekologicznymi farbami wodnymi. Zawiasy i\u00a0prowadnice posiadaj\u0105 system cichego domyku.<\/p>\n","image":"https:\/\/inmondo.pl\/wp-content\/uploads\/2020\/07\/2019_04_INMONDO_POK\u00d3J_DZIEWCZYNEK_2-124461920.jpg"},{"acf_fc_layout":"section_woocommerce_text_image","is_active":true,"anchor":"","text_align":"textAlign--right","grid_width":"main","wysiwyg":"<h3>Uwaga!<\/h3>\n<p style=\"text-align: justify;\">\u0141\u00f3\u017cka wysokie, g\u00f3rne poziomy \u0142\u00f3\u017cek pi\u0119trowych oraz\u00a0\u0142\u00f3\u017cka na\u00a0antresoli nie s\u0105 przeznaczone dla\u00a0dzieci w\u00a0wieku poni\u017cej 6 lat, z\u00a0uwagi na\u00a0ryzyko obra\u017ce\u0144 na\u00a0skutek wypadni\u0119cia.<\/p>\n<p style=\"text-align: justify;\">Maksymalne obci\u0105\u017cenie oznacza ci\u0119\u017car statyczny, innymi s\u0142owy jest to obci\u0105\u017cenie, kt\u00f3re wytrzymuje \u0142\u00f3\u017cko, gdy na\u00a0nim le\u017cysz lub\u00a0siedzisz.<\/p>\n<p style=\"text-align: justify;\">Maksymalne obci\u0105\u017cenie: 100 kg<\/p>\n<p>&nbsp;<\/p>\n<p>\u0141\u00f3\u017cko zgodne z norm\u0105:\u00a0\u00a0 PN-EN 747-1+A1:2015-08 &#8222;Meble &#8211; \u0141\u00f3\u017cka pi\u0119trowe i \u0142\u00f3\u017cka wysokie &#8212; Cz\u0119\u015b\u0107 1: Wymagania bezpiecze\u0144stwa, wytrzyma\u0142o\u015bci i trwa\u0142o\u015bci&#8221;<\/p>\n","image":"https:\/\/inmondo.pl\/wp-content\/uploads\/2020\/07\/2019_04_INMONDO_POK\u00d3J_DZIEWCZYNEK_2-12378-kwadrat-1920.jpg"},{"acf_fc_layout":"section_woocommerce_lookbook","is_active":true,"anchor":"","header":"<h2 style=\"text-align: center;\">Zobacz galeri\u0119 Funflex:<\/h2>\n<p style=\"text-align: center;\">Nasz lookbook pokazuje tylko wybrane z\u00a0setek mo\u017cliwo\u015bci, jakie daj\u0105 meble Funflex. U\u017cyj ich, jak tylko sobie wymarzysz:<\/p>\n","repeater":[{"shortcode":"[woocommerce_lookbook id=\"1599\"]"},{"shortcode":"[woocommerce_lookbook id=\"1343\"]"},{"shortcode":"[woocommerce_lookbook id=\"1350\"]"},{"shortcode":"[woocommerce_lookbook id=\"1348\"]"}]}],"czas_realizacji":""},"yoast_head":"<!-- This site is optimized with the Yoast SEO plugin v27.3 - https:\/\/yoast.com\/product\/yoast-seo-wordpress\/ -->\n<title>\u0141\u00f3\u017cko wysokie ze schodami \u2013 dwuosobowe | Inmondo<\/title>\n<meta name=\"description\" content=\"\u0141\u00f3\u017cka pi\u0119trowe to idealne rozwi\u0105zanie dla ma\u0142ych przestrzeni. W naszym sklepie znajdziesz funkcjonalne modele, kt\u00f3re z \u0142atwo\u015bci\u0105 dopasujesz do pokoju dzieci!\" \/>\n<meta name=\"robots\" content=\"index, follow, max-snippet:-1, max-image-preview:large, max-video-preview:-1\" \/>\n<link rel=\"canonical\" href=\"http:\/\/inmondo.pl\/de\/sklep\/elementy\/lozka-pietrowe\/hochbett-mit-treppe-2-personen\/\" \/>\n<meta property=\"og:locale\" content=\"de_DE\" \/>\n<meta property=\"og:type\" content=\"article\" \/>\n<meta property=\"og:title\" content=\"\u0141\u00f3\u017cko wysokie ze schodami \u2013 dwuosobowe | Inmondo\" \/>\n<meta property=\"og:description\" content=\"\u0141\u00f3\u017cka pi\u0119trowe to idealne rozwi\u0105zanie dla ma\u0142ych przestrzeni. W naszym sklepie znajdziesz funkcjonalne modele, kt\u00f3re z \u0142atwo\u015bci\u0105 dopasujesz do pokoju dzieci!\" \/>\n<meta property=\"og:url\" content=\"http:\/\/inmondo.pl\/de\/sklep\/elementy\/lozka-pietrowe\/hochbett-mit-treppe-2-personen\/\" \/>\n<meta property=\"og:site_name\" content=\"Inmondo\" \/>\n<meta property=\"article:modified_time\" content=\"2026-04-02T14:56:01+00:00\" \/>\n<meta property=\"og:image\" content=\"http:\/\/inmondo.pl\/wp-content\/uploads\/2020\/08\/2019_09_INMONDO_PACKSHOTY-19840v21080.jpg\" \/>\n\t<meta property=\"og:image:width\" content=\"1080\" \/>\n\t<meta property=\"og:image:height\" content=\"1080\" \/>\n\t<meta property=\"og:image:type\" content=\"image\/jpeg\" \/>\n<meta name=\"twitter:card\" content=\"summary_large_image\" \/>\n<meta name=\"twitter:label1\" content=\"Gesch\u00e4tzte Lesezeit\" \/>\n\t<meta name=\"twitter:data1\" content=\"4\u00a0Minuten\" \/>\n<script type=\"application\/ld+json\" class=\"yoast-schema-graph\">{\"@context\":\"https:\\\/\\\/schema.org\",\"@graph\":[{\"@type\":\"WebPage\",\"@id\":\"http:\\\/\\\/inmondo.pl\\\/sklep\\\/elementy\\\/lozka-pietrowe\\\/lozko-wysokie-ze-schodami-2-osobowe\\\/\",\"url\":\"http:\\\/\\\/inmondo.pl\\\/sklep\\\/elementy\\\/lozka-pietrowe\\\/lozko-wysokie-ze-schodami-2-osobowe\\\/\",\"name\":\"\u0141\u00f3\u017cko wysokie ze schodami \u2013 dwuosobowe | Inmondo\",\"isPartOf\":{\"@id\":\"https:\\\/\\\/inmondo.pl\\\/#website\"},\"primaryImageOfPage\":{\"@id\":\"http:\\\/\\\/inmondo.pl\\\/sklep\\\/elementy\\\/lozka-pietrowe\\\/lozko-wysokie-ze-schodami-2-osobowe\\\/#primaryimage\"},\"image\":{\"@id\":\"http:\\\/\\\/inmondo.pl\\\/sklep\\\/elementy\\\/lozka-pietrowe\\\/lozko-wysokie-ze-schodami-2-osobowe\\\/#primaryimage\"},\"thumbnailUrl\":\"https:\\\/\\\/inmondo.pl\\\/wp-content\\\/uploads\\\/2020\\\/08\\\/2019_09_INMONDO_PACKSHOTY-19840v21080.jpg\",\"datePublished\":\"2020-08-01T09:01:25+00:00\",\"dateModified\":\"2026-04-02T14:56:01+00:00\",\"description\":\"\u0141\u00f3\u017cka pi\u0119trowe to idealne rozwi\u0105zanie dla ma\u0142ych przestrzeni. W naszym sklepie znajdziesz funkcjonalne modele, kt\u00f3re z \u0142atwo\u015bci\u0105 dopasujesz do pokoju dzieci!\",\"breadcrumb\":{\"@id\":\"http:\\\/\\\/inmondo.pl\\\/sklep\\\/elementy\\\/lozka-pietrowe\\\/lozko-wysokie-ze-schodami-2-osobowe\\\/#breadcrumb\"},\"inLanguage\":\"de\",\"potentialAction\":[{\"@type\":\"ReadAction\",\"target\":[\"http:\\\/\\\/inmondo.pl\\\/sklep\\\/elementy\\\/lozka-pietrowe\\\/lozko-wysokie-ze-schodami-2-osobowe\\\/\"]}]},{\"@type\":\"ImageObject\",\"inLanguage\":\"de\",\"@id\":\"http:\\\/\\\/inmondo.pl\\\/sklep\\\/elementy\\\/lozka-pietrowe\\\/lozko-wysokie-ze-schodami-2-osobowe\\\/#primaryimage\",\"url\":\"https:\\\/\\\/inmondo.pl\\\/wp-content\\\/uploads\\\/2020\\\/08\\\/2019_09_INMONDO_PACKSHOTY-19840v21080.jpg\",\"contentUrl\":\"https:\\\/\\\/inmondo.pl\\\/wp-content\\\/uploads\\\/2020\\\/08\\\/2019_09_INMONDO_PACKSHOTY-19840v21080.jpg\",\"width\":1080,\"height\":1080},{\"@type\":\"BreadcrumbList\",\"@id\":\"http:\\\/\\\/inmondo.pl\\\/sklep\\\/elementy\\\/lozka-pietrowe\\\/lozko-wysokie-ze-schodami-2-osobowe\\\/#breadcrumb\",\"itemListElement\":[{\"@type\":\"ListItem\",\"position\":1,\"name\":\"Strona g\u0142\u00f3wna\",\"item\":\"https:\\\/\\\/inmondo.pl\\\/\"},{\"@type\":\"ListItem\",\"position\":2,\"name\":\"Oferta Inmondo: spe\u0142niamy marzenia i wymagania\",\"item\":\"https:\\\/\\\/inmondo.pl\\\/sklep\\\/\"},{\"@type\":\"ListItem\",\"position\":3,\"name\":\"kolekcje\",\"item\":\"https:\\\/\\\/inmondo.pl\\\/de\\\/sklep\\\/kolekcje\\\/\"},{\"@type\":\"ListItem\",\"position\":4,\"name\":\"Funflex\",\"item\":\"http:\\\/\\\/inmondo.pl\\\/en\\\/sklep\\\/kolekcje\\\/funflex\\\/\"},{\"@type\":\"ListItem\",\"position\":5,\"name\":\"\u0141\u00f3\u017cko wysokie ze schodami \u2013 dwuosobowe\"}]},{\"@type\":\"WebSite\",\"@id\":\"https:\\\/\\\/inmondo.pl\\\/#website\",\"url\":\"https:\\\/\\\/inmondo.pl\\\/\",\"name\":\"Inmondo\",\"description\":\"\",\"potentialAction\":[{\"@type\":\"SearchAction\",\"target\":{\"@type\":\"EntryPoint\",\"urlTemplate\":\"https:\\\/\\\/inmondo.pl\\\/?s={search_term_string}\"},\"query-input\":{\"@type\":\"PropertyValueSpecification\",\"valueRequired\":true,\"valueName\":\"search_term_string\"}}],\"inLanguage\":\"de\"}]}<\/script>\n<!-- \/ Yoast SEO plugin. -->","yoast_head_json":{"title":"Hochbett mit Treppe - Doppelbett | Inmondo","description":"Etagenbetten sind die ideale L\u00f6sung f\u00fcr kleine R\u00e4ume. In unserem Shop finden Sie funktionale Modelle, die problemlos in Ihr Kinderzimmer passen!","robots":{"index":"index","follow":"follow","max-snippet":"max-snippet:-1","max-image-preview":"max-image-preview:large","max-video-preview":"max-video-preview:-1"},"canonical":"http:\/\/inmondo.pl\/de\/sklep\/elementy\/lozka-pietrowe\/hochbett-mit-treppe-2-personen\/","og_locale":"de_DE","og_type":"article","og_title":"\u0141\u00f3\u017cko wysokie ze schodami \u2013 dwuosobowe | Inmondo","og_description":"\u0141\u00f3\u017cka pi\u0119trowe to idealne rozwi\u0105zanie dla ma\u0142ych przestrzeni. W naszym sklepie znajdziesz funkcjonalne modele, kt\u00f3re z \u0142atwo\u015bci\u0105 dopasujesz do pokoju dzieci!","og_url":"http:\/\/inmondo.pl\/de\/sklep\/elementy\/lozka-pietrowe\/hochbett-mit-treppe-2-personen\/","og_site_name":"Inmondo","article_modified_time":"2026-04-02T14:56:01+00:00","og_image":[{"width":1080,"height":1080,"url":"http:\/\/inmondo.pl\/wp-content\/uploads\/2020\/08\/2019_09_INMONDO_PACKSHOTY-19840v21080.jpg","type":"image\/jpeg"}],"twitter_card":"summary_large_image","twitter_misc":{"Gesch\u00e4tzte Lesezeit":"4\u00a0Minuten"},"schema":{"@context":"https:\/\/schema.org","@graph":[{"@type":"WebPage","@id":"http:\/\/inmondo.pl\/sklep\/elementy\/lozka-pietrowe\/lozko-wysokie-ze-schodami-2-osobowe\/","url":"http:\/\/inmondo.pl\/sklep\/elementy\/lozka-pietrowe\/lozko-wysokie-ze-schodami-2-osobowe\/","name":"Hochbett mit Treppe - Doppelbett | Inmondo","isPartOf":{"@id":"https:\/\/inmondo.pl\/#website"},"primaryImageOfPage":{"@id":"http:\/\/inmondo.pl\/sklep\/elementy\/lozka-pietrowe\/lozko-wysokie-ze-schodami-2-osobowe\/#primaryimage"},"image":{"@id":"http:\/\/inmondo.pl\/sklep\/elementy\/lozka-pietrowe\/lozko-wysokie-ze-schodami-2-osobowe\/#primaryimage"},"thumbnailUrl":"https:\/\/inmondo.pl\/wp-content\/uploads\/2020\/08\/2019_09_INMONDO_PACKSHOTY-19840v21080.jpg","datePublished":"2020-08-01T09:01:25+00:00","dateModified":"2026-04-02T14:56:01+00:00","description":"Etagenbetten sind die ideale L\u00f6sung f\u00fcr kleine R\u00e4ume. In unserem Shop finden Sie funktionale Modelle, die problemlos in Ihr Kinderzimmer passen!","breadcrumb":{"@id":"http:\/\/inmondo.pl\/sklep\/elementy\/lozka-pietrowe\/lozko-wysokie-ze-schodami-2-osobowe\/#breadcrumb"},"inLanguage":"de","potentialAction":[{"@type":"ReadAction","target":["http:\/\/inmondo.pl\/sklep\/elementy\/lozka-pietrowe\/lozko-wysokie-ze-schodami-2-osobowe\/"]}]},{"@type":"ImageObject","inLanguage":"de","@id":"http:\/\/inmondo.pl\/sklep\/elementy\/lozka-pietrowe\/lozko-wysokie-ze-schodami-2-osobowe\/#primaryimage","url":"https:\/\/inmondo.pl\/wp-content\/uploads\/2020\/08\/2019_09_INMONDO_PACKSHOTY-19840v21080.jpg","contentUrl":"https:\/\/inmondo.pl\/wp-content\/uploads\/2020\/08\/2019_09_INMONDO_PACKSHOTY-19840v21080.jpg","width":1080,"height":1080},{"@type":"BreadcrumbList","@id":"http:\/\/inmondo.pl\/sklep\/elementy\/lozka-pietrowe\/lozko-wysokie-ze-schodami-2-osobowe\/#breadcrumb","itemListElement":[{"@type":"ListItem","position":1,"name":"Strona g\u0142\u00f3wna","item":"https:\/\/inmondo.pl\/"},{"@type":"ListItem","position":2,"name":"Oferta Inmondo: spe\u0142niamy marzenia i wymagania","item":"https:\/\/inmondo.pl\/sklep\/"},{"@type":"ListItem","position":3,"name":"kolekcje","item":"https:\/\/inmondo.pl\/de\/sklep\/kolekcje\/"},{"@type":"ListItem","position":4,"name":"Funflex","item":"http:\/\/inmondo.pl\/en\/sklep\/kolekcje\/funflex\/"},{"@type":"ListItem","position":5,"name":"\u0141\u00f3\u017cko wysokie ze schodami \u2013 dwuosobowe"}]},{"@type":"WebSite","@id":"https:\/\/inmondo.pl\/#website","url":"https:\/\/inmondo.pl\/","name":"Inmondo","description":"","potentialAction":[{"@type":"SearchAction","target":{"@type":"EntryPoint","urlTemplate":"https:\/\/inmondo.pl\/?s={search_term_string}"},"query-input":{"@type":"PropertyValueSpecification","valueRequired":true,"valueName":"search_term_string"}}],"inLanguage":"de"}]}},"wcpa_form_fields":{"wcpaData":{"product":{"product_price":5590,"price_html":"<span class=\"woocommerce-Price-amount amount\">5 590&nbsp;<span class=\"woocommerce-Price-currencySymbol\">&#122;&#322;<\/span><\/span>","original_product_price":5590,"price_including_tax":5590,"price_excluding_tax":4544.7154470000005,"product_id":{"parent":1682,"variation":false},"is_variable":true,"stock_status":"onbackorder","stock_quantity":0,"parent_sku":"1682","product_attributes":{"pa_kolor":{"is_variation":true,"values":[]}},"custom_fields":[],"is_taxable":true},"fields":{"sec_76983591e91a74":{"extra":{"key":"sec_76983591e91a74","section_id":"sec_76983591e91a74","name":"Default","status":1,"cl_rule":"show","enableCl":false,"relations":[],"toggle":true,"title_tag":"h3","show_title":false,"showPrice":"default","form_id":12109,"form_rules":{"exclude_from_discount":false,"fee_label":"Fee","disp_hide_options_price":false,"disp_show_section_price":false,"disp_show_field_price":false,"layout_option":"standard","pric_use_as_fee":false,"process_fee_as":"woo_fee"},"layout_option":"standard"},"fields":[[{"label":"Szuflada","active":true,"required":true,"elementId":"select-1577141538","dropdown_type":"basic","placeholder":"Wybierz","name":"select-1577141538","label_position":"default","desc_position":"default","enablePrice":true,"className":"","enableCl":true,"relations":[],"requiredError":"Materac jest polem wymaganym","values":[{"label":"bez szuflady","value":"bez szuflady","selected":false,"tempId":"aco_877","gt_translate_keys":["label"]},{"label":"Szuflada 2w1","value":"Szuflada 2w1","selected":false,"tempId":"aco_878","price":"690","gt_translate_keys":["label"]}],"priceOptions":"different_for_all","pricingType":"fixed","price":"","use_as_fee":false,"cl_rule":"show","col":2,"type":"select","error":false,"gt_translate_keys":["label","placeholder","requiredError"],"price_dependency":false,"cl_dependency":false,"value":""}]]}},"config":{"price_override":"","enable_recaptcha":false,"bind_quantity":false,"quantity_bind_formula":"","disp_summ_show_option_price":true,"disp_summ_show_product_price":true,"disp_summ_show_total_price":true,"disp_summ_show_fee":false,"disp_summ_show_discount":false,"summary_title":"","options_total_label":"Cena wariant\u00f3w","total_label":"\u0141\u0105cznie","options_product_label":"Cena produktu","fee_label":"Fee","discount_label":"Obni\u017cka","has_price":true,"has_quantity_formula":false},"mc_unit":1,"tax_rate":1,"tax_rate_real":0.23,"discount":{"percentage":0,"fixed":0},"design":{"conf":{"LabelPosition":"above","DescPosition":"above","UploadField":"custom_1","QuantityFieldStyle":"default"},"css":{"LeftLabelWidth":"120px"}},"formulas":[],"clones":false,"cartKey":false}},"_links":{"self":[{"href":"https:\/\/inmondo.pl\/de\/wp-json\/wp\/v2\/product\/1682","targetHints":{"allow":["GET"]}}],"collection":[{"href":"https:\/\/inmondo.pl\/de\/wp-json\/wp\/v2\/product"}],"about":[{"href":"https:\/\/inmondo.pl\/de\/wp-json\/wp\/v2\/types\/product"}],"replies":[{"embeddable":true,"href":"https:\/\/inmondo.pl\/de\/wp-json\/wp\/v2\/comments?post=1682"}],"wp:featuredmedia":[{"embeddable":true,"href":"https:\/\/inmondo.pl\/de\/wp-json\/wp\/v2\/media\/1683"}],"wp:attachment":[{"href":"https:\/\/inmondo.pl\/de\/wp-json\/wp\/v2\/media?parent=1682"}],"wp:term":[{"taxonomy":"product_brand","embeddable":true,"href":"https:\/\/inmondo.pl\/de\/wp-json\/wp\/v2\/product_brand?post=1682"},{"taxonomy":"product_cat","embeddable":true,"href":"https:\/\/inmondo.pl\/de\/wp-json\/wp\/v2\/product_cat?post=1682"},{"taxonomy":"product_tag","embeddable":true,"href":"https:\/\/inmondo.pl\/de\/wp-json\/wp\/v2\/product_tag?post=1682"}],"curies":[{"name":"wp","href":"https:\/\/api.w.org\/{rel}","templated":true}]}}