{"id":1107,"date":"2020-06-18T12:43:59","date_gmt":"2020-06-18T10:43:59","guid":{"rendered":"http:\/\/inmondo.pl\/?post_type=product&#038;p=1107"},"modified":"2026-04-17T12:15:51","modified_gmt":"2026-04-17T10:15:51","slug":"etagenbett-90-cm","status":"publish","type":"product","link":"https:\/\/inmondo.pl\/de\/sklep\/elementy\/lozka-pietrowe\/etagenbett-90-cm\/","title":{"rendered":"90 cm Etagenbett"},"content":{"rendered":"<p><span style=\"font-family: Arial, serif;\">Qualit\u00e4t ohne Kompromisse, die mit einem modernen und anspruchsvollen Design einhergeht. Sein Design gew\u00e4hrleistet eine sichere und bequeme Erholung f\u00fcr zwei Kinder. Ein Bett, das Ihnen die M\u00f6glichkeit gibt, den Platz im Zimmer optimal zu nutzen, ohne auf Aussehen und Geschmack zu verzichten. <\/span><\/p>\n\n\n\n<p><span style=\"font-family: Arial, serif;\">Ungew\u00f6hnliche Beine aus Birkenholz sorgen f\u00fcr strukturelle Stabilit\u00e4t, alles mit einem Hauch von skandinavischem Stil. Und wenn die Kinder gr\u00f6\u00dfer werden - das Bett kann in 2 Einzelbetten geteilt werden.<\/span><\/p>\n\n\n\n<p><span style=\"font-family: Arial, serif;\">Die nat\u00fcrliche Sch\u00f6nheit des Birkenholzes passt perfekt zu den lackierten Elementen.<\/span><\/p>\n\n\n\n<p><span style=\"font-family: Arial, serif;\">Das Bett kann montiert werden <a href=\"http:\/\/inmondo.pl\/de\/sklep\/kolekcje\/schublade\/\"><u>Schublade<\/u><\/a>was zus\u00e4tzlichen Stauraum bietet. Sie k\u00f6nnen auch eine Matratze in die Schublade legen, um einen gelegentlichen Schlafplatz in voller Gr\u00f6\u00dfe zu erhalten.<\/span><\/p>\n\n\n\n<figure class=\"wp-block-embed is-type-video is-provider-youtube wp-block-embed-youtube wp-embed-aspect-16-9 wp-has-aspect-ratio\"><div class=\"wp-block-embed__wrapper\">\n<iframe loading=\"lazy\" title=\"Minimodo Kollektion. Inmondo x TakamaStudio.\" width=\"500\" height=\"281\" src=\"https:\/\/www.youtube.com\/embed\/hDJPO7AfqTg?feature=oembed\" frameborder=\"0\" allow=\"accelerometer; autoplay; clipboard-write; encrypted-media; gyroscope; picture-in-picture; web-share\" referrerpolicy=\"strict-origin-when-cross-origin\" allowfullscreen><\/iframe>\n<\/div><\/figure>","protected":false},"excerpt":{"rendered":"<p><span style=\"font-family: Arial, serif;\">Qualit\u00e4t ohne Kompromisse, die mit einem modernen und anspruchsvollen Design einhergeht. Sein Design gew\u00e4hrleistet eine sichere und bequeme Erholung f\u00fcr zwei Kinder. Ein Bett, das Ihnen die M\u00f6glichkeit gibt, den Platz im Zimmer optimal zu nutzen, ohne auf Aussehen und Geschmack zu verzichten. <\/span><\/p>\n<p><span style=\"font-family: Arial, serif;\">Ungew\u00f6hnliche Beine aus Birkenholz sorgen f\u00fcr strukturelle Stabilit\u00e4t, alles mit einem Hauch von skandinavischem Stil. Und wenn die Kinder gr\u00f6\u00dfer werden - das Bett kann in 2 Einzelbetten geteilt werden.<\/span><\/p>\n<p><span style=\"font-family: Arial, serif;\">Die nat\u00fcrliche Sch\u00f6nheit des Birkenholzes passt perfekt zu den lackierten Elementen.<\/span><\/p>\n<p><span style=\"font-family: Arial, serif;\">Das Bett kann montiert werden <a href=\"http:\/\/inmondo.pl\/de\/sklep\/kolekcje\/schublade\/\"><u>Schublade<\/u><\/a>was zus\u00e4tzlichen Stauraum bietet. Sie k\u00f6nnen auch eine Matratze in die Schublade legen, um einen gelegentlichen Schlafplatz in voller Gr\u00f6\u00dfe zu erhalten.<\/span><\/p>\n<p><a href=\"https:\/\/www.youtube.com\/watch?v=hDJPO7AfqTg\"><strong>Sehen Sie, wie unser Etagenbett aussieht!<\/strong><\/a><\/p>\n<p>&nbsp;<\/p>\n<p>Auf unserer Website finden Sie auch speziell f\u00fcr dieses Bett entworfene Vorh\u00e4nge \ud83d\ude42\u00a0<a href=\"https:\/\/inmondo.pl\/de\/sklep\/elementy\/matratzenrestaurierung\/\">RESTO 90<\/a>\u00a0oder\u00a0<a href=\"https:\/\/inmondo.pl\/de\/sklep\/elementy\/matratze-resto-duo-90\/\">RESTO DUO 90<\/a>.<\/p>\n<p>&nbsp;<\/p>\n<h6>\u00a0<\/h6>","protected":false},"featured_media":1002,"comment_status":"open","ping_status":"closed","template":"","meta":{"_acf_changed":true},"product_brand":[],"product_cat":[20,17,172,99,19,202],"product_tag":[],"class_list":{"0":"post-1107","1":"product","2":"type-product","3":"status-publish","4":"has-post-thumbnail","6":"product_cat-elementy","7":"product_cat-kolekcje","8":"product_cat-lozka-pietrowe","9":"product_cat-meble-dostepne","10":"product_cat-minimondo","11":"product_cat-wyprzedaz","12":"wcpa_has_options","14":"first","15":"onbackorder","16":"sale","17":"taxable","18":"shipping-taxable","19":"purchasable","20":"product-type-variable","21":"has-default-attributes"},"acf":{"wymiary":"Szeroko\u015b\u0107: 207,5 cm<br \/>\r\nWysoko\u015b\u0107: 163 cm<br \/>\r\nG\u0142\u0119boko\u015b\u0107: 107 cm<br \/>\r\n<br \/>\r\nOdleg\u0142o\u015b\u0107 mi\u0119dzy g\u00f3rnym a&nbsp;dolnym le\u017cyskiem: 83 cm","materialy":"drewno brzozowe, p\u0142yta MDF, lakier wodny i&nbsp;wodny UV","sections_woocommerce":[{"acf_fc_layout":"section_menu","is_active":true,"repeater":[{"text":"Opis","link":"#opis"},{"text":"Lookbook","link":"#lookbook"},{"text":"Opinie","link":"#opinie"},{"text":"Inne produkty","link":"#inneprodukty"}]},{"acf_fc_layout":"section_woocommerce_text_image","is_active":true,"anchor":"opis","text_align":"textAlign--left","grid_width":"main","wysiwyg":"<h2>Minimondo nieograniczone mo\u017cliwo\u015bci.<\/h2>\n<p>Szeroki wyb\u00f3r element\u00f3w z\u00a0kolekcji Minimondo pozwoli zaaran\u017cowa\u0107 ka\u017cd\u0105 przestrze\u0144 zgodnie z\u00a0Twoimi potrzebami i\u00a0upodobaniami. Zapomnij o\u00a0problemach z\u00a0brakiem miejsca na\u00a0przechowywanie Twoich skarb\u00f3w. Ksi\u0105\u017cki, ubrania zabawki &#8211; od teraz na\u00a0wszystko znajdziesz swoje miejsce. Je\u015bli w\u00a0pokoju brakuje Ci miejsca meble mo\u017cesz postawi\u0107 pod\u00a0\u0142\u00f3\u017ckiem uzyskuj\u0105c przestrze\u0144 do\u00a0przechowywania bez po\u015bwi\u0119cania miejsca w\u00a0pokoju.<\/p>\n<p>&nbsp;<\/p>\n<p>&nbsp;<\/p>\n<p>&nbsp;<\/p>\n<p>&nbsp;<\/p>\n","image":"https:\/\/inmondo.pl\/wp-content\/uploads\/2020\/07\/2019_04_INMONDO_POK\u00d3J_CH\u0141OPC\u00d3W_1-11996-1920.jpg"},{"acf_fc_layout":"section_woocommerce_text_image","is_active":true,"anchor":"","text_align":"textAlign--right","grid_width":"main","wysiwyg":"<h2>Stworzone z\u00a0dba\u0142o\u015bci\u0105 o\u00a0szczeg\u00f3\u0142y\u2026<\/h2>\n<p>Tworz\u0105c nasze meble my\u015blimy nie tylko o\u00a0funkcjonalno\u015bci, ale\u00a0tak\u017ce o\u00a0bezpiecze\u0144stwie i\u00a0komforcie Twojego dziecka. Dlatego\u00a0wszystkie nasze meble s\u0105 lakierowane ekologicznymi farbami wodnymi. Zawiasy i\u00a0prowadnice posiadaj\u0105 system cichego domyku.<\/p>\n<p>&nbsp;<\/p>\n<p>&nbsp;<\/p>\n<h2>Uwaga!<\/h2>\n<p>\u0141\u00f3\u017cka wysokie i\u00a0g\u00f3rne \u0142\u00f3\u017cka \u0142\u00f3\u017cek pi\u0119trowych albo\u00a0\u0142\u00f3\u017cka na\u00a0antresoli nie s\u0105 przeznaczone dla\u00a0dzieci w\u00a0wieku poni\u017cej 6 lat, z\u00a0uwagi na\u00a0ryzyko obra\u017ce\u0144 na\u00a0skutek wypadni\u0119cia.<br \/>\nMaksymalne obci\u0105\u017cenie oznacza ci\u0119\u017car statyczny, innymi s\u0142owy jest to obci\u0105\u017cenie, kt\u00f3ry \u0142\u00f3\u017cko wytrzymuje, gdy na\u00a0nim le\u017cysz lub\u00a0siedzisz.<br \/>\nMaksymalne obci\u0105\u017cenie: 100 kg<\/p>\n<p>\u0141\u00f3\u017cko przebadane zgodnie z norm\u0105: PN-EN 747-1+A1:2015-08 &#8222;Meble &#8211; \u0141\u00f3\u017cka pi\u0119trowe i \u0142\u00f3\u017cka wysokie &#8212; Cz\u0119\u015b\u0107 1: Wymagania bezpiecze\u0144stwa, wytrzyma\u0142o\u015bci i trwa\u0142o\u015bci&#8221;<\/p>\n","image":"https:\/\/inmondo.pl\/wp-content\/uploads\/2020\/07\/2019_04_INMONDO_POK\u00d3J_DZIEWCZYNKI_1-11179-1920.jpg"},{"acf_fc_layout":"section_woocommerce_lookbook","is_active":true,"anchor":"lookbook","header":"<h2 style=\"text-align: center;\">Zobacz galeri\u0119 Minimondo:<\/h2>\n<p style=\"text-align: center;\">Minimalistyczny lookbook prosto od naszych projektant\u00f3w. Ogl\u0105daj, inspiruj si\u0119, a\u00a0je\u015bli masz pomys\u0142y lub\u00a0pytania \u2014 od razu dzwo\u0144!<\/p>\n","repeater":[{"shortcode":"[woocommerce_lookbook id=\"1565\"]"},{"shortcode":"[woocommerce_lookbook id=\"1569\"]"},{"shortcode":"[woocommerce_lookbook id=\"1571\"]"}]},{"acf_fc_layout":"section_woocommerce_opinions","is_active":true,"anchor":"opinie"},{"acf_fc_layout":"section_woocommerce_otherFromCategory","is_active":true,"anchor":"inneprodukty"}],"czas_realizacji":""},"yoast_head":"<!-- This site is optimized with the Yoast SEO plugin v27.3 - https:\/\/yoast.com\/product\/yoast-seo-wordpress\/ -->\n<title>\u0141\u00f3\u017cko pi\u0119trowe 90 cm - Inmondo<\/title>\n<meta name=\"description\" content=\"Najwy\u017csza jako\u015b\u0107 bez kompromis\u00f3w. Nowoczesna forma i wzornictwo. \u0141\u00f3\u017cko pi\u0119trowe b\u0119dzie idealnym uzupe\u0142nieniem pokoju dzieci\u0119cego.\" \/>\n<meta name=\"robots\" content=\"index, follow, max-snippet:-1, max-image-preview:large, max-video-preview:-1\" \/>\n<link rel=\"canonical\" href=\"https:\/\/inmondo.pl\/de\/sklep\/elementy\/lozka-pietrowe\/etagenbett-90-cm\/\" \/>\n<meta property=\"og:locale\" content=\"de_DE\" \/>\n<meta property=\"og:type\" content=\"article\" \/>\n<meta property=\"og:title\" content=\"\u0141\u00f3\u017cko pi\u0119trowe 90 cm - Inmondo\" \/>\n<meta property=\"og:description\" content=\"Najwy\u017csza jako\u015b\u0107 bez kompromis\u00f3w. Nowoczesna forma i wzornictwo. \u0141\u00f3\u017cko pi\u0119trowe b\u0119dzie idealnym uzupe\u0142nieniem pokoju dzieci\u0119cego.\" \/>\n<meta property=\"og:url\" content=\"https:\/\/inmondo.pl\/de\/sklep\/elementy\/lozka-pietrowe\/etagenbett-90-cm\/\" \/>\n<meta property=\"og:site_name\" content=\"Inmondo\" \/>\n<meta property=\"article:modified_time\" content=\"2026-04-17T10:15:51+00:00\" \/>\n<meta property=\"og:image\" content=\"http:\/\/inmondo.pl\/wp-content\/uploads\/2020\/06\/2019_09_INMONDO_PACKSHOTY-19796_small.jpg\" \/>\n\t<meta property=\"og:image:width\" content=\"960\" \/>\n\t<meta property=\"og:image:height\" content=\"960\" \/>\n\t<meta property=\"og:image:type\" content=\"image\/jpeg\" \/>\n<meta name=\"twitter:card\" content=\"summary_large_image\" \/>\n<meta name=\"twitter:label1\" content=\"Gesch\u00e4tzte Lesezeit\" \/>\n\t<meta name=\"twitter:data1\" content=\"3\u00a0Minuten\" \/>\n<script type=\"application\/ld+json\" class=\"yoast-schema-graph\">{\"@context\":\"https:\\\/\\\/schema.org\",\"@graph\":[{\"@type\":\"WebPage\",\"@id\":\"https:\\\/\\\/inmondo.pl\\\/sklep\\\/elementy\\\/lozka-pietrowe\\\/lozko-pietrowe-90-cm\\\/\",\"url\":\"https:\\\/\\\/inmondo.pl\\\/sklep\\\/elementy\\\/lozka-pietrowe\\\/lozko-pietrowe-90-cm\\\/\",\"name\":\"\u0141\u00f3\u017cko pi\u0119trowe 90 cm - Inmondo\",\"isPartOf\":{\"@id\":\"https:\\\/\\\/inmondo.pl\\\/#website\"},\"primaryImageOfPage\":{\"@id\":\"https:\\\/\\\/inmondo.pl\\\/sklep\\\/elementy\\\/lozka-pietrowe\\\/lozko-pietrowe-90-cm\\\/#primaryimage\"},\"image\":{\"@id\":\"https:\\\/\\\/inmondo.pl\\\/sklep\\\/elementy\\\/lozka-pietrowe\\\/lozko-pietrowe-90-cm\\\/#primaryimage\"},\"thumbnailUrl\":\"https:\\\/\\\/inmondo.pl\\\/wp-content\\\/uploads\\\/2020\\\/06\\\/2019_09_INMONDO_PACKSHOTY-19796_small.jpg\",\"datePublished\":\"2020-06-18T10:43:59+00:00\",\"dateModified\":\"2026-04-17T10:15:51+00:00\",\"description\":\"Najwy\u017csza jako\u015b\u0107 bez kompromis\u00f3w. Nowoczesna forma i wzornictwo. \u0141\u00f3\u017cko pi\u0119trowe b\u0119dzie idealnym uzupe\u0142nieniem pokoju dzieci\u0119cego.\",\"breadcrumb\":{\"@id\":\"https:\\\/\\\/inmondo.pl\\\/sklep\\\/elementy\\\/lozka-pietrowe\\\/lozko-pietrowe-90-cm\\\/#breadcrumb\"},\"inLanguage\":\"de\",\"potentialAction\":[{\"@type\":\"ReadAction\",\"target\":[\"https:\\\/\\\/inmondo.pl\\\/sklep\\\/elementy\\\/lozka-pietrowe\\\/lozko-pietrowe-90-cm\\\/\"]}]},{\"@type\":\"ImageObject\",\"inLanguage\":\"de\",\"@id\":\"https:\\\/\\\/inmondo.pl\\\/sklep\\\/elementy\\\/lozka-pietrowe\\\/lozko-pietrowe-90-cm\\\/#primaryimage\",\"url\":\"https:\\\/\\\/inmondo.pl\\\/wp-content\\\/uploads\\\/2020\\\/06\\\/2019_09_INMONDO_PACKSHOTY-19796_small.jpg\",\"contentUrl\":\"https:\\\/\\\/inmondo.pl\\\/wp-content\\\/uploads\\\/2020\\\/06\\\/2019_09_INMONDO_PACKSHOTY-19796_small.jpg\",\"width\":960,\"height\":960},{\"@type\":\"BreadcrumbList\",\"@id\":\"https:\\\/\\\/inmondo.pl\\\/sklep\\\/elementy\\\/lozka-pietrowe\\\/lozko-pietrowe-90-cm\\\/#breadcrumb\",\"itemListElement\":[{\"@type\":\"ListItem\",\"position\":1,\"name\":\"Strona g\u0142\u00f3wna\",\"item\":\"https:\\\/\\\/inmondo.pl\\\/\"},{\"@type\":\"ListItem\",\"position\":2,\"name\":\"Oferta Inmondo: spe\u0142niamy marzenia i wymagania\",\"item\":\"https:\\\/\\\/inmondo.pl\\\/sklep\\\/\"},{\"@type\":\"ListItem\",\"position\":3,\"name\":\"kolekcje\",\"item\":\"https:\\\/\\\/inmondo.pl\\\/de\\\/sklep\\\/kolekcje\\\/\"},{\"@type\":\"ListItem\",\"position\":4,\"name\":\"\u0141\u00f3\u017cko pi\u0119trowe 90 cm\"}]},{\"@type\":\"WebSite\",\"@id\":\"https:\\\/\\\/inmondo.pl\\\/#website\",\"url\":\"https:\\\/\\\/inmondo.pl\\\/\",\"name\":\"Inmondo\",\"description\":\"\",\"potentialAction\":[{\"@type\":\"SearchAction\",\"target\":{\"@type\":\"EntryPoint\",\"urlTemplate\":\"https:\\\/\\\/inmondo.pl\\\/?s={search_term_string}\"},\"query-input\":{\"@type\":\"PropertyValueSpecification\",\"valueRequired\":true,\"valueName\":\"search_term_string\"}}],\"inLanguage\":\"de\"}]}<\/script>\n<!-- \/ Yoast SEO plugin. -->","yoast_head_json":{"title":"90 cm Etagenbett - Inmondo","description":"Spitzenqualit\u00e4t ohne Kompromisse. Moderne Form und Design. Das Etagenbett ist die perfekte Erg\u00e4nzung f\u00fcr ein Kinderzimmer.","robots":{"index":"index","follow":"follow","max-snippet":"max-snippet:-1","max-image-preview":"max-image-preview:large","max-video-preview":"max-video-preview:-1"},"canonical":"https:\/\/inmondo.pl\/de\/sklep\/elementy\/lozka-pietrowe\/etagenbett-90-cm\/","og_locale":"de_DE","og_type":"article","og_title":"\u0141\u00f3\u017cko pi\u0119trowe 90 cm - Inmondo","og_description":"Najwy\u017csza jako\u015b\u0107 bez kompromis\u00f3w. Nowoczesna forma i wzornictwo. \u0141\u00f3\u017cko pi\u0119trowe b\u0119dzie idealnym uzupe\u0142nieniem pokoju dzieci\u0119cego.","og_url":"https:\/\/inmondo.pl\/de\/sklep\/elementy\/lozka-pietrowe\/etagenbett-90-cm\/","og_site_name":"Inmondo","article_modified_time":"2026-04-17T10:15:51+00:00","og_image":[{"width":960,"height":960,"url":"http:\/\/inmondo.pl\/wp-content\/uploads\/2020\/06\/2019_09_INMONDO_PACKSHOTY-19796_small.jpg","type":"image\/jpeg"}],"twitter_card":"summary_large_image","twitter_misc":{"Gesch\u00e4tzte Lesezeit":"3\u00a0Minuten"},"schema":{"@context":"https:\/\/schema.org","@graph":[{"@type":"WebPage","@id":"https:\/\/inmondo.pl\/sklep\/elementy\/lozka-pietrowe\/lozko-pietrowe-90-cm\/","url":"https:\/\/inmondo.pl\/sklep\/elementy\/lozka-pietrowe\/lozko-pietrowe-90-cm\/","name":"90 cm Etagenbett - Inmondo","isPartOf":{"@id":"https:\/\/inmondo.pl\/#website"},"primaryImageOfPage":{"@id":"https:\/\/inmondo.pl\/sklep\/elementy\/lozka-pietrowe\/lozko-pietrowe-90-cm\/#primaryimage"},"image":{"@id":"https:\/\/inmondo.pl\/sklep\/elementy\/lozka-pietrowe\/lozko-pietrowe-90-cm\/#primaryimage"},"thumbnailUrl":"https:\/\/inmondo.pl\/wp-content\/uploads\/2020\/06\/2019_09_INMONDO_PACKSHOTY-19796_small.jpg","datePublished":"2020-06-18T10:43:59+00:00","dateModified":"2026-04-17T10:15:51+00:00","description":"Spitzenqualit\u00e4t ohne Kompromisse. Moderne Form und Design. Das Etagenbett ist die perfekte Erg\u00e4nzung f\u00fcr ein Kinderzimmer.","breadcrumb":{"@id":"https:\/\/inmondo.pl\/sklep\/elementy\/lozka-pietrowe\/lozko-pietrowe-90-cm\/#breadcrumb"},"inLanguage":"de","potentialAction":[{"@type":"ReadAction","target":["https:\/\/inmondo.pl\/sklep\/elementy\/lozka-pietrowe\/lozko-pietrowe-90-cm\/"]}]},{"@type":"ImageObject","inLanguage":"de","@id":"https:\/\/inmondo.pl\/sklep\/elementy\/lozka-pietrowe\/lozko-pietrowe-90-cm\/#primaryimage","url":"https:\/\/inmondo.pl\/wp-content\/uploads\/2020\/06\/2019_09_INMONDO_PACKSHOTY-19796_small.jpg","contentUrl":"https:\/\/inmondo.pl\/wp-content\/uploads\/2020\/06\/2019_09_INMONDO_PACKSHOTY-19796_small.jpg","width":960,"height":960},{"@type":"BreadcrumbList","@id":"https:\/\/inmondo.pl\/sklep\/elementy\/lozka-pietrowe\/lozko-pietrowe-90-cm\/#breadcrumb","itemListElement":[{"@type":"ListItem","position":1,"name":"Strona g\u0142\u00f3wna","item":"https:\/\/inmondo.pl\/"},{"@type":"ListItem","position":2,"name":"Oferta Inmondo: spe\u0142niamy marzenia i wymagania","item":"https:\/\/inmondo.pl\/sklep\/"},{"@type":"ListItem","position":3,"name":"kolekcje","item":"https:\/\/inmondo.pl\/de\/sklep\/kolekcje\/"},{"@type":"ListItem","position":4,"name":"\u0141\u00f3\u017cko pi\u0119trowe 90 cm"}]},{"@type":"WebSite","@id":"https:\/\/inmondo.pl\/#website","url":"https:\/\/inmondo.pl\/","name":"Inmondo","description":"","potentialAction":[{"@type":"SearchAction","target":{"@type":"EntryPoint","urlTemplate":"https:\/\/inmondo.pl\/?s={search_term_string}"},"query-input":{"@type":"PropertyValueSpecification","valueRequired":true,"valueName":"search_term_string"}}],"inLanguage":"de"}]}},"wcpa_form_fields":{"wcpaData":{"product":{"product_price":2990,"price_html":"<span class=\"woocommerce-Price-amount amount\">2 990&nbsp;<span class=\"woocommerce-Price-currencySymbol\">&#122;&#322;<\/span><\/span> <span aria-hidden=\"true\"> \u2013 <\/span> <span class=\"woocommerce-Price-amount amount\">3 850&nbsp;<span class=\"woocommerce-Price-currencySymbol\">&#122;&#322;<\/span><\/span><span class=\"screen-reader-text\">Preisspanne: 2 990&nbsp;&#122;&#322; bis 3 850&nbsp;&#122;&#322;<\/span>","original_product_price":2990,"price_including_tax":2990,"price_excluding_tax":2430.8943090000002,"product_id":{"parent":1107,"variation":false},"is_variable":true,"stock_status":"onbackorder","stock_quantity":0,"parent_sku":"1107","product_attributes":{"pa_kolor":{"is_variation":true,"values":[]}},"custom_fields":[],"is_taxable":true},"fields":{"sec_369835b0636ed9":{"extra":{"key":"sec_369835b0636ed9","section_id":"sec_369835b0636ed9","name":"Default","status":1,"cl_rule":"show","enableCl":false,"relations":[],"toggle":true,"title_tag":"h3","show_title":false,"showPrice":"default","form_id":12111,"form_rules":{"exclude_from_discount":false,"fee_label":"Fee","disp_hide_options_price":false,"disp_show_section_price":false,"disp_show_field_price":false,"layout_option":"standard","pric_use_as_fee":false,"process_fee_as":"woo_fee"},"layout_option":"standard"},"fields":[[{"label":"Szuflada","active":true,"required":true,"elementId":"select_169835b0636f15","dropdown_type":"basic","placeholder":"Wybierz","name":"select_169835b0636f15","label_position":"default","desc_position":"default","enablePrice":true,"className":"","enableCl":true,"relations":[],"requiredError":"Materac jest polem wymaganym","values":[{"label":"bez szuflady","value":"bez szuflady","selected":false,"tempId":"aco_877","gt_translate_keys":["label"]},{"label":"Szuflada do przechowywania","value":"Szuflada do przechowywania","selected":false,"tempId":"aco_878","price":"690","gt_translate_keys":["label"]}],"priceOptions":"different_for_all","pricingType":"fixed","price":"","use_as_fee":false,"cl_rule":"show","col":2,"type":"select","error":false,"gt_translate_keys":["label","placeholder","requiredError"],"price_dependency":false,"cl_dependency":false,"value":""}]]}},"config":{"price_override":"","enable_recaptcha":false,"bind_quantity":false,"quantity_bind_formula":"","disp_summ_show_option_price":true,"disp_summ_show_product_price":true,"disp_summ_show_total_price":true,"disp_summ_show_fee":false,"disp_summ_show_discount":false,"summary_title":"","options_total_label":"Cena wariant\u00f3w","total_label":"\u0141\u0105cznie","options_product_label":"Cena produktu","fee_label":"Fee","discount_label":"Obni\u017cka","has_price":true,"has_quantity_formula":false},"mc_unit":1,"tax_rate":1,"tax_rate_real":0.23,"discount":{"percentage":0,"fixed":0},"design":{"conf":{"LabelPosition":"above","DescPosition":"above","UploadField":"custom_1","QuantityFieldStyle":"default"},"css":{"LeftLabelWidth":"120px"}},"formulas":[],"clones":false,"cartKey":false}},"_links":{"self":[{"href":"https:\/\/inmondo.pl\/de\/wp-json\/wp\/v2\/product\/1107","targetHints":{"allow":["GET"]}}],"collection":[{"href":"https:\/\/inmondo.pl\/de\/wp-json\/wp\/v2\/product"}],"about":[{"href":"https:\/\/inmondo.pl\/de\/wp-json\/wp\/v2\/types\/product"}],"replies":[{"embeddable":true,"href":"https:\/\/inmondo.pl\/de\/wp-json\/wp\/v2\/comments?post=1107"}],"wp:featuredmedia":[{"embeddable":true,"href":"https:\/\/inmondo.pl\/de\/wp-json\/wp\/v2\/media\/1002"}],"wp:attachment":[{"href":"https:\/\/inmondo.pl\/de\/wp-json\/wp\/v2\/media?parent=1107"}],"wp:term":[{"taxonomy":"product_brand","embeddable":true,"href":"https:\/\/inmondo.pl\/de\/wp-json\/wp\/v2\/product_brand?post=1107"},{"taxonomy":"product_cat","embeddable":true,"href":"https:\/\/inmondo.pl\/de\/wp-json\/wp\/v2\/product_cat?post=1107"},{"taxonomy":"product_tag","embeddable":true,"href":"https:\/\/inmondo.pl\/de\/wp-json\/wp\/v2\/product_tag?post=1107"}],"curies":[{"name":"wp","href":"https:\/\/api.w.org\/{rel}","templated":true}]}}