{"id":9732,"date":"2025-04-14T12:28:15","date_gmt":"2025-04-14T10:28:15","guid":{"rendered":"https:\/\/inmondo.pl\/?page_id=9732"},"modified":"2025-04-16T15:14:05","modified_gmt":"2025-04-16T13:14:05","slug":"dostawa-i-platnosci","status":"publish","type":"page","link":"https:\/\/inmondo.pl\/de\/dostawa-i-platnosci\/","title":{"rendered":"Lieferung und Zahlung"},"content":{"rendered":"","protected":false},"excerpt":{"rendered":"","protected":false},"author":145,"featured_media":0,"parent":0,"menu_order":0,"comment_status":"closed","ping_status":"closed","template":"page-templates\/page-flexibleContent-subpage.php","meta":{"_acf_changed":false,"footnotes":""},"class_list":["post-9732","page","type-page","status-publish","hentry"],"acf":{"sections_subsite":[{"acf_fc_layout":"section_subsite_banner","title":"Lieferung und Zahlung","description":"","color":"#F4F6F6"},{"acf_fc_layout":"sections_subsite_wysiwyg","wysiwyg":"<h2>Wysy\u0142ka zam\u00f3wie\u0144<\/h2>\n<p class=\"\" data-start=\"269\" data-end=\"620\">Zam\u00f3wienia realizujemy za po\u015brednictwem sprawdzonej firmy transportowej <strong data-start=\"341\" data-end=\"351\">GEODIS<\/strong>.<br data-start=\"352\" data-end=\"355\" \/>Poniewa\u017c wi\u0119kszo\u015b\u0107 naszych produkt\u00f3w to meble gabarytowe, dostarczane s\u0105 one <strong data-start=\"432\" data-end=\"447\">na paletach<\/strong>, zabezpieczonych specjalnym <strong data-start=\"476\" data-end=\"499\">drewnianym stela\u017cem<\/strong>. Taka forma transportu pozwala <strong data-start=\"531\" data-end=\"566\">zminimalizowa\u0107 ryzyko uszkodze\u0144<\/strong> i zapewnia bezpieczne dotarcie mebli do Twojego domu.<\/p>\n<p class=\"\" data-start=\"622\" data-end=\"847\">Dostawy realizowane s\u0105 w <strong data-start=\"647\" data-end=\"686\">dni robocze, w godzinach 8:00\u201316:00<\/strong>.<br data-start=\"687\" data-end=\"690\" \/>\ud83d\udc49 <strong data-start=\"693\" data-end=\"703\">Uwaga:<\/strong> Firma GEODIS nie oferuje us\u0142ugi wniesienia mebli do mieszkania.<br data-start=\"767\" data-end=\"770\" \/>Zalecamy przygotowanie odpowiedniej pomocy przy odbiorze wi\u0119kszych element\u00f3w.<\/p>\n"},{"acf_fc_layout":"sections_subsite_wysiwyg","wysiwyg":"<h2 data-start=\"196\" data-end=\"227\">Odbi\u00f3r osobisty \u2013 Pozna\u0144<\/h2>\n<p class=\"\" data-start=\"229\" data-end=\"366\">Je\u015bli mieszkasz w Poznaniu lub okolicach, mo\u017cesz skorzysta\u0107 z opcji <strong data-start=\"297\" data-end=\"319\">odbioru osobistego<\/strong>.<br data-start=\"320\" data-end=\"323\" \/>Odbiory realizujemy z naszego <strong data-start=\"353\" data-end=\"365\">magazynu<\/strong>:<\/p>\n<p class=\"\" data-start=\"368\" data-end=\"406\">\ud83d\udccd <strong data-start=\"371\" data-end=\"406\">ul. Hetma\u0144ska\u00a0 84\u2013 Pozna\u0144<\/strong><\/p>\n<p class=\"\" data-start=\"408\" data-end=\"678\">Ze wzgl\u0119du na gabaryty naszych mebli, <strong data-start=\"446\" data-end=\"499\">odbi\u00f3r osobisty mo\u017cliwy jest wy\u0142\u0105cznie z magazynu<\/strong> \u2013 nie prowadzimy odbior\u00f3w z naszego showroomu.<br data-start=\"546\" data-end=\"549\" \/>Showroom s\u0142u\u017cy do inspiracji i poznania kolekcji na \u017cywo, z\u0142o\u017cenia zam\u00f3wienia, natomiast wszystkie zam\u00f3wienia s\u0105 przygotowywane i wydawane z magazynu.<\/p>\n<p class=\"\" data-start=\"680\" data-end=\"760\">O gotowo\u015bci zam\u00f3wienia do odbioru poinformujemy Ci\u0119 mailowo lub telefonicznie.<\/p>\n<p data-start=\"680\" data-end=\"760\"><strong data-start=\"778\" data-end=\"788\">Uwaga:<\/strong> W przypadku odbioru osobistego produkt\u00f3w, kt\u00f3re znajduj\u0105 si\u0119 na stanie magazynowym, nale\u017cy uwzgl\u0119dni\u0107 czas dostawy z naszego g\u0142\u00f3wnego magazynu do magazynu w Poznaniu. Standardowo zajmuje to kilka dni roboczych \u2013 dok\u0142adny termin potwierdzimy po z\u0142o\u017ceniu zam\u00f3wienia.<\/p>\n"},{"acf_fc_layout":"sections_subsite_wysiwyg","wysiwyg":"<h3 class=\"\" data-start=\"2242\" data-end=\"2258\">P\u0142atno\u015bci<\/h3>\n<p class=\"\" data-start=\"2259\" data-end=\"2296\">Bezpieczne i wygodne formy p\u0142atno\u015bci:<\/p>\n<ul data-start=\"2297\" data-end=\"2409\">\n<li class=\"\" data-start=\"2297\" data-end=\"2313\">\n<p class=\"\" data-start=\"2299\" data-end=\"2313\">Przelew online<\/p>\n<\/li>\n<li class=\"\" data-start=\"2314\" data-end=\"2320\">\n<p class=\"\" data-start=\"2316\" data-end=\"2320\">BLIK<\/p>\n<\/li>\n<li class=\"\" data-start=\"2321\" data-end=\"2353\">\n<p class=\"\" data-start=\"2323\" data-end=\"2353\">Szybkie p\u0142atno\u015bci (Przelewy24)<\/p>\n<\/li>\n<li class=\"\" data-start=\"2354\" data-end=\"2409\">\n<p class=\"\" data-start=\"2356\" data-end=\"2409\">Raty 0%<\/p>\n<\/li>\n<li data-start=\"2354\" data-end=\"2409\">Przelew tradycyjny<\/li>\n<\/ul>\n"}]},"yoast_head":"<!-- This site is optimized with the Yoast SEO plugin v27.3 - https:\/\/yoast.com\/product\/yoast-seo-wordpress\/ -->\n<title>Dostawa i P\u0142atno\u015bci - Inmondo<\/title>\n<meta name=\"robots\" content=\"index, follow, max-snippet:-1, max-image-preview:large, max-video-preview:-1\" \/>\n<link rel=\"canonical\" href=\"https:\/\/inmondo.pl\/de\/dostawa-i-platnosci\/\" \/>\n<meta property=\"og:locale\" content=\"de_DE\" \/>\n<meta property=\"og:type\" content=\"article\" \/>\n<meta property=\"og:title\" content=\"Dostawa i P\u0142atno\u015bci - Inmondo\" \/>\n<meta property=\"og:url\" content=\"https:\/\/inmondo.pl\/de\/dostawa-i-platnosci\/\" \/>\n<meta property=\"og:site_name\" content=\"Inmondo\" \/>\n<meta property=\"article:modified_time\" content=\"2025-04-16T13:14:05+00:00\" \/>\n<meta name=\"twitter:card\" content=\"summary_large_image\" \/>\n<meta name=\"twitter:label1\" content=\"Gesch\u00e4tzte Lesezeit\" \/>\n\t<meta name=\"twitter:data1\" content=\"2\u00a0Minuten\" \/>\n<script type=\"application\/ld+json\" class=\"yoast-schema-graph\">{\"@context\":\"https:\\\/\\\/schema.org\",\"@graph\":[{\"@type\":\"WebPage\",\"@id\":\"https:\\\/\\\/inmondo.pl\\\/de\\\/dostawa-i-platnosci\\\/\",\"url\":\"https:\\\/\\\/inmondo.pl\\\/de\\\/dostawa-i-platnosci\\\/\",\"name\":\"Dostawa i P\u0142atno\u015bci - Inmondo\",\"isPartOf\":{\"@id\":\"https:\\\/\\\/inmondo.pl\\\/#website\"},\"datePublished\":\"2025-04-14T10:28:15+00:00\",\"dateModified\":\"2025-04-16T13:14:05+00:00\",\"breadcrumb\":{\"@id\":\"https:\\\/\\\/inmondo.pl\\\/de\\\/dostawa-i-platnosci\\\/#breadcrumb\"},\"inLanguage\":\"de\",\"potentialAction\":[{\"@type\":\"ReadAction\",\"target\":[\"https:\\\/\\\/inmondo.pl\\\/de\\\/dostawa-i-platnosci\\\/\"]}]},{\"@type\":\"BreadcrumbList\",\"@id\":\"https:\\\/\\\/inmondo.pl\\\/de\\\/dostawa-i-platnosci\\\/#breadcrumb\",\"itemListElement\":[{\"@type\":\"ListItem\",\"position\":1,\"name\":\"Strona g\u0142\u00f3wna\",\"item\":\"https:\\\/\\\/inmondo.pl\\\/\"},{\"@type\":\"ListItem\",\"position\":2,\"name\":\"Dostawa i P\u0142atno\u015bci\"}]},{\"@type\":\"WebSite\",\"@id\":\"https:\\\/\\\/inmondo.pl\\\/#website\",\"url\":\"https:\\\/\\\/inmondo.pl\\\/\",\"name\":\"Inmondo\",\"description\":\"\",\"potentialAction\":[{\"@type\":\"SearchAction\",\"target\":{\"@type\":\"EntryPoint\",\"urlTemplate\":\"https:\\\/\\\/inmondo.pl\\\/?s={search_term_string}\"},\"query-input\":{\"@type\":\"PropertyValueSpecification\",\"valueRequired\":true,\"valueName\":\"search_term_string\"}}],\"inLanguage\":\"de\"}]}<\/script>\n<!-- \/ Yoast SEO plugin. -->","yoast_head_json":{"title":"Lieferung und Zahlung - Inmondo","robots":{"index":"index","follow":"follow","max-snippet":"max-snippet:-1","max-image-preview":"max-image-preview:large","max-video-preview":"max-video-preview:-1"},"canonical":"https:\/\/inmondo.pl\/de\/dostawa-i-platnosci\/","og_locale":"de_DE","og_type":"article","og_title":"Dostawa i P\u0142atno\u015bci - Inmondo","og_url":"https:\/\/inmondo.pl\/de\/dostawa-i-platnosci\/","og_site_name":"Inmondo","article_modified_time":"2025-04-16T13:14:05+00:00","twitter_card":"summary_large_image","twitter_misc":{"Gesch\u00e4tzte Lesezeit":"2\u00a0Minuten"},"schema":{"@context":"https:\/\/schema.org","@graph":[{"@type":"WebPage","@id":"https:\/\/inmondo.pl\/de\/dostawa-i-platnosci\/","url":"https:\/\/inmondo.pl\/de\/dostawa-i-platnosci\/","name":"Lieferung und Zahlung - Inmondo","isPartOf":{"@id":"https:\/\/inmondo.pl\/#website"},"datePublished":"2025-04-14T10:28:15+00:00","dateModified":"2025-04-16T13:14:05+00:00","breadcrumb":{"@id":"https:\/\/inmondo.pl\/de\/dostawa-i-platnosci\/#breadcrumb"},"inLanguage":"de","potentialAction":[{"@type":"ReadAction","target":["https:\/\/inmondo.pl\/de\/dostawa-i-platnosci\/"]}]},{"@type":"BreadcrumbList","@id":"https:\/\/inmondo.pl\/de\/dostawa-i-platnosci\/#breadcrumb","itemListElement":[{"@type":"ListItem","position":1,"name":"Strona g\u0142\u00f3wna","item":"https:\/\/inmondo.pl\/"},{"@type":"ListItem","position":2,"name":"Dostawa i P\u0142atno\u015bci"}]},{"@type":"WebSite","@id":"https:\/\/inmondo.pl\/#website","url":"https:\/\/inmondo.pl\/","name":"Inmondo","description":"","potentialAction":[{"@type":"SearchAction","target":{"@type":"EntryPoint","urlTemplate":"https:\/\/inmondo.pl\/?s={search_term_string}"},"query-input":{"@type":"PropertyValueSpecification","valueRequired":true,"valueName":"search_term_string"}}],"inLanguage":"de"}]}},"_links":{"self":[{"href":"https:\/\/inmondo.pl\/de\/wp-json\/wp\/v2\/pages\/9732","targetHints":{"allow":["GET"]}}],"collection":[{"href":"https:\/\/inmondo.pl\/de\/wp-json\/wp\/v2\/pages"}],"about":[{"href":"https:\/\/inmondo.pl\/de\/wp-json\/wp\/v2\/types\/page"}],"author":[{"embeddable":true,"href":"https:\/\/inmondo.pl\/de\/wp-json\/wp\/v2\/users\/145"}],"replies":[{"embeddable":true,"href":"https:\/\/inmondo.pl\/de\/wp-json\/wp\/v2\/comments?post=9732"}],"version-history":[{"count":7,"href":"https:\/\/inmondo.pl\/de\/wp-json\/wp\/v2\/pages\/9732\/revisions"}],"predecessor-version":[{"id":9776,"href":"https:\/\/inmondo.pl\/de\/wp-json\/wp\/v2\/pages\/9732\/revisions\/9776"}],"wp:attachment":[{"href":"https:\/\/inmondo.pl\/de\/wp-json\/wp\/v2\/media?parent=9732"}],"curies":[{"name":"wp","href":"https:\/\/api.w.org\/{rel}","templated":true}]}}