{"id":55,"date":"2020-04-02T13:16:13","date_gmt":"2020-04-02T11:16:13","guid":{"rendered":"http:\/\/inmondo.pl\/?page_id=55"},"modified":"2025-10-20T10:51:15","modified_gmt":"2025-10-20T08:51:15","slug":"inspiracje","status":"publish","type":"page","link":"https:\/\/inmondo.pl\/de\/inspiracje\/","title":{"rendered":"Sch\u00f6ne Ideen f\u00fcr ein funktionales Kinderzimmer"},"content":{"rendered":"<figure class=\"wp-block-embed is-type-video is-provider-youtube wp-block-embed-youtube wp-embed-aspect-16-9 wp-has-aspect-ratio\"><div class=\"wp-block-embed__wrapper\">\n<iframe loading=\"lazy\" title=\"Minimodo Kollektion. Inmondo x TakamaStudio.\" width=\"500\" height=\"281\" src=\"https:\/\/www.youtube.com\/embed\/hDJPO7AfqTg?feature=oembed&#038;enablejsapi=1&#038;origin=https:\/\/inmondo.pl\" frameborder=\"0\" allow=\"accelerometer; autoplay; clipboard-write; encrypted-media; gyroscope; picture-in-picture; web-share\" referrerpolicy=\"strict-origin-when-cross-origin\" allowfullscreen><\/iframe>\n<\/div><\/figure>","protected":false},"excerpt":{"rendered":"","protected":false},"author":1,"featured_media":0,"parent":0,"menu_order":0,"comment_status":"closed","ping_status":"closed","template":"page-templates\/page-flexibleContent-subpage.php","meta":{"_acf_changed":false,"footnotes":""},"class_list":["post-55","page","type-page","status-publish","hentry"],"acf":{"sections_subsite":[{"acf_fc_layout":"section_subsite_banner","title":"Inspirationen","description":"<p>&nbsp;<\/p>\n<p>Wenn wir ein neues Familienmitglied zu Hause begr\u00fc\u00dfen, m\u00f6chten wir, dass alles perfekt ist. Auf dieser Seite sammeln wir wunderbare Innenarchitekturen. Es lohnt sich, diese vor der eigenen Einrichtung kennenzulernen.<\/p>","color":"#F4F6F6"},{"acf_fc_layout":"section_subsite_lookbook_1","row_1":{"shortcode":"[woocommerce_lookbook id=\"10255\"]","wysiwyg":"<p><strong data-start=\"463\" data-end=\"491\">\u0141\u00f3\u017cko pojedyncze Carmela<\/strong> to propozycja dla tych, kt\u00f3rzy ceni\u0105 naturalne materia\u0142y i ponadczasowy styl.<\/p>\n<p>Inspirowane klimatem <em data-start=\"591\" data-end=\"608\">vintage cottage<\/em>, zachwyca delikatnymi podci\u0119ciami w n\u00f3\u017ckach, okr\u0105g\u0142\u0105 szczeblink\u0105 i dopracowanym wyko\u0144czeniem.<\/p>\n"},"row_2":{"shortcode":"[woocommerce_lookbook id=\"11239\"]","wysiwyg":"<p data-start=\"710\" data-end=\"973\">Wykonane z drewna, w rozmiarze 90\u00d7200 cm, idealnie sprawdzi si\u0119 zar\u00f3wno w pokoju malucha, jak i starszego dziecka.<br data-start=\"828\" data-end=\"831\" \/>Mo\u017cna je uzupe\u0142ni\u0107 o barierk\u0119 ochronn\u0105 i szuflad\u0119 na po\u015bciel lub zabawki, tworz\u0105c praktyczny zestaw, kt\u00f3ry ro\u015bnie razem z dzieckiem.<\/p>\n<p data-start=\"975\" data-end=\"1220\">To drewniane \u0142\u00f3\u017cko dzieci\u0119ce \u0142\u0105czy trwa\u0142o\u015b\u0107 z lekko\u015bci\u0105 formy, wprowadzaj\u0105c do wn\u0119trza przytulny, spokojny nastr\u00f3j.<br data-start=\"1094\" data-end=\"1097\" \/>Carmela to klasyka, kt\u00f3ra nigdy nie wychodzi z mody. To idealny wyb\u00f3r do pokoi inspirowanych natur\u0105, tradycj\u0105 i prostot\u0105.<\/p>\n"}},{"acf_fc_layout":"section_subsite_lookbook_1","row_1":{"shortcode":"[woocommerce_lookbook id=\"9587\"]","wysiwyg":"<h3>Pierwsze biurko, wielkie mo\u017cliwo\u015bci \u2013 Collet to funkcjonalno\u015b\u0107 w pi\u0119knym wydaniu<\/h3>\n<p><strong data-start=\"408\" data-end=\"425\">Biurko Collet<\/strong> to idealny wyb\u00f3r na pierwsze biurko dzieci\u0119ce \u2013 z pojemnymi szufladami, kt\u00f3re pomieszcz\u0105 wszystkie skarby i przybory.<br data-start=\"543\" data-end=\"546\" \/>Dost\u0119pne w r\u00f3\u017cnorodnych, harmonijnych kolorach, wspaniale komponuje si\u0119 z kolekcj\u0105 mebli Inmondo i tworzy sp\u00f3jn\u0105, przytuln\u0105 przestrze\u0144 do nauki i zabawy.<\/p>\n"},"row_2":{"shortcode":"[woocommerce_lookbook id=\"9593\"]","wysiwyg":"<p>Biurko Collet zaprojektowano z my\u015bl\u0105 o najm\u0142odszych \u2013 prosty design, bezpieczne kraw\u0119dzie i praktyczne rozwi\u0105zania, takie jak g\u0142\u0119bokie szuflady.<br data-start=\"978\" data-end=\"981\" \/>To idealny towarzysz pierwszych rysunk\u00f3w, lekcji i marze\u0144 \u2013 kt\u00f3ry b\u0119dzie s\u0142u\u017cy\u0142 przez lata.<br data-start=\"1072\" data-end=\"1075\" \/>Wybierz spo\u015br\u00f3d pi\u0119knych, subtelnych kolor\u00f3w i stw\u00f3rz wyj\u0105tkowe miejsce do nauki w pokoju dziecka.<\/p>\n"}},{"acf_fc_layout":"section_subsite_lookbook_1","row_1":{"shortcode":"[woocommerce_lookbook id=\"11247\"]","wysiwyg":"<p>Kolor w pokoju dziecka ma ogromne znaczenie .<\/p>\n<p>Wp\u0142ywa na nastr\u00f3j, kreatywno\u015b\u0107 i poczucie bezpiecze\u0144stwa.<\/p>\n<p>Dlatego w Inmondo wierzymy, \u017ce odpowiedni odcie\u0144 potrafi zmieni\u0107 zwyk\u0142e wn\u0119trze w przestrze\u0144 pe\u0142n\u0105 ciep\u0142a i harmonii.<\/p>\n"},"row_2":{"shortcode":"[woocommerce_lookbook id=\"11251\"]","wysiwyg":"<p data-start=\"675\" data-end=\"941\">W naszej palecie znajdziecie zar\u00f3wno <strong data-start=\"712\" data-end=\"753\">klasyczn\u0105 biel i ponadczasow\u0105 szaro\u015b\u0107<\/strong>, jak i bardziej przytulne, naturalne tony: <strong data-start=\"798\" data-end=\"819\">sza\u0142wi\u0119 i kaszmir<\/strong>.<\/p>\n<p data-start=\"675\" data-end=\"941\">Te kolory pozwalaj\u0105 stworzy\u0107 wn\u0119trze, kt\u00f3re ro\u015bnie razem z dzieckiem &#8211; spokojne, eleganckie i pe\u0142ne naturalnego uroku.<\/p>\n<p data-start=\"943\" data-end=\"1159\">W Inmondo znajdziecie barwy, kt\u00f3re idealnie dopasuj\u0105 si\u0119 do charakteru Waszego dziecka i stylu ca\u0142ego domu.<\/p>\n"}},{"acf_fc_layout":"section_subsite_lookbook_2","row_1":{"shortcode":"[woocommerce_lookbook id=\"9315\"]"},"row_2":{"shortcode":"[woocommerce_lookbook id=\"9580\"]","wysiwyg":"<h2>Styl cottage w dzieci\u0119cym wydaniu \u2013 pok\u00f3j pe\u0142en ciep\u0142a i wyobra\u017ani<\/h2>\n<p>Pok\u00f3j dziecka mo\u017ce by\u0107 jak z bajki \u2013 przytulny, funkcjonalny i pe\u0142en uroku.<br data-start=\"435\" data-end=\"438\" \/>\u0141\u00f3\u017cko pi\u0119trowe <strong data-start=\"453\" data-end=\"464\">Carmela<\/strong>, inspirowane stylem <strong data-start=\"485\" data-end=\"496\">cottage<\/strong>, to nie tylko miejsce do spania, ale prawdziwa przestrze\u0144 do zabawy, odpoczynku i tworzenia wspomnie\u0144.<br data-start=\"599\" data-end=\"602\" \/>Naturalne materia\u0142y, subtelne detale i ponadczasowa forma sprawiaj\u0105, \u017ce pasuje idealnie zar\u00f3wno do klasycznych, jak i nowoczesnych aran\u017cacji.<\/p>\n<p>&nbsp;<\/p>\n"}},{"acf_fc_layout":"section_subsite_lookbook_2","row_1":{"shortcode":"[woocommerce_lookbook id=\"4690\"]"},"row_2":{"shortcode":"[woocommerce_lookbook id=\"4691\"]","wysiwyg":"<h2>Inspiracje Inmondo<\/h2>\n<p>Szukasz inspiracji jak urz\u0105dzi\u0107 pok\u00f3j dziecka? To miejsce idealne dla\u00a0Ciebie.<\/p>\n<p>Pokazujemy jak nasze meble wygl\u0105daj\u0105 w\u00a0prawdziwych pomieszczeniach.<\/p>\n<p>Ilu rodzic\u00f3w i\u00a0dzieci, tyle pomys\u0142\u00f3w na\u00a0aran\u017cacje.<\/p>\n<p>Zapraszamy do\u00a0\u015bwiata Inmondo!<\/p>\n<p>&nbsp;<\/p>\n"}},{"acf_fc_layout":"section_subsite_lookbook_1","row_1":{"shortcode":"[woocommerce_lookbook id=\"4584\"]","wysiwyg":"<h2>Pi\u0119kne pomys\u0142y na\u00a0funkcjonalny pok\u00f3j dzieci\u0119cy<\/h2>\n<p>Jak urz\u0105dzi\u0107 pok\u00f3j ch\u0142opca, dziewczynki, rodze\u0144stwa? Jakie meble wybra\u0107, by wygl\u0105da\u0142y dobrze za\u00a0par\u0119 lat i\u00a0tworzy\u0142y ca\u0142o\u015b\u0107 z\u00a0reszt\u0105 domu? Na\u00a0pewno masz mn\u00f3stwo w\u0142asnych pomys\u0142\u00f3w na\u00a0pok\u00f3j dla\u00a0male\u0144stwa. Zobacz, jak zrobili to inni.<\/p>\n"},"row_2":{"shortcode":"[woocommerce_lookbook id=\"1365\"]","wysiwyg":"<h2>Rozw\u00f3j przez\u00a0zabaw\u0119!<\/h2>\n<p>Wraz ze wzrostem naszej pociechy musimy znale\u017a\u0107 miejsce w\u00a0kt\u00f3rym swobodnie przyjmie koleg\u00f3w i\u00a0kole\u017canki, a\u00a0tak\u017ce k\u0105cik na\u00a0elementy zwi\u0105zane z\u00a0hobby naszego dziecka.<\/p>\n"}},{"acf_fc_layout":"section_subsite_lookbook_1","row_1":{"shortcode":"[woocommerce_lookbook id=\"9598\"]","wysiwyg":"<h2>Pi\u0119kne pomys\u0142y na\u00a0funkcjonalny pok\u00f3j dzieci\u0119cy<\/h2>\n<p>\u015awietnie sprawdzi si\u0119 jako pierwsze biurko do nauki i kreatywnej zabawy, a dzi\u0119ki szufladom wszystkie potrzebne rzeczy b\u0119d\u0105 zawsze pod r\u0119k\u0105.<br data-start=\"1026\" data-end=\"1029\" \/>Klasyczny styl i subtelne kolory sprawiaj\u0105, \u017ce biurko doskonale dope\u0142nia kolekcj\u0119 Collet i inne meble Inmondo.<\/p>\n"},"row_2":{"shortcode":"[woocommerce_lookbook id=\"9595\"]","wysiwyg":"<h2>Rozw\u00f3j przez\u00a0zabaw\u0119!<\/h2>\n<p>Wraz ze wzrostem naszej pociechy musimy znale\u017a\u0107 miejsce w\u00a0kt\u00f3rym swobodnie przyjmie koleg\u00f3w i\u00a0kole\u017canki, a\u00a0tak\u017ce k\u0105cik na\u00a0elementy zwi\u0105zane z\u00a0hobby naszego dziecka.<\/p>\n"}},{"acf_fc_layout":"section_subsite_lookbook_2","row_1":{"shortcode":"[woocommerce_lookbook id=\"6548\"]"},"row_2":{"shortcode":"[woocommerce_lookbook id=\"6547\"]","wysiwyg":"<h2>Styl klasyczny czy\u00a0nowoczesny?<\/h2>\n<p>Przy\u00a0wyborze mebli do\u00a0pokoju dziecka, zwracamy r\u00f3wnie\u017c uwag\u0119 na\u00a0styl przestrzeni, kt\u00f3ra b\u0119dzie otacza\u0107 dziecko.<\/p>\n<p>Jaki styl najbardziej pasuje do\u00a0Twojego dziecka: klasyczny, nowoczesny, boho, vintage?<\/p>\n<p>Niezale\u017cnie, kt\u00f3ry styl wybierzesz, nasze meble b\u0119d\u0105 idealnie pasowa\u0142y do\u00a0ka\u017cdego wn\u0119trza.<\/p>\n"}},{"acf_fc_layout":"section_subsite_lookbook_2","row_1":{"shortcode":"[woocommerce_lookbook id=\"4567\"]"},"row_2":{"shortcode":"[woocommerce_lookbook id=\"4586\"]","wysiwyg":"<h2>Jak pomie\u015bci\u0107 te wszystkie ma\u0142e i\u00a0du\u017ce skarby naszej pociechy?<\/h2>\n<p>Przy\u00a0wyborze mebli do\u00a0pokoju dziecka, szczeg\u00f3lnie dysponuj\u0105c ma\u0142\u0105 przestrzeni\u0105, musimy pami\u0119ta\u0107 o\u00a0ich pojemno\u015bci, funkcjonalno\u015bci i\u00a0 dodatkowych funkcjach.<\/p>\n<p>Warto r\u00f3wnie\u017c, aby\u00a0meble zapewnia\u0142y swobodny dost\u0119p do\u00a0ubra\u0144 i\u00a0rzeczy codziennego u\u017cytku, przez\u00a0co pozwolimy na\u00a0rozwini\u0119cie samodzielno\u015bci naszego malucha.<\/p>\n"}},{"acf_fc_layout":"section_subsite_lookbook_2","row_1":{"shortcode":"[woocommerce_lookbook id=\"4596\"]"},"row_2":{"shortcode":"[woocommerce_lookbook id=\"4568\"]","wysiwyg":"<h2>Styl klasyczny czy\u00a0nowoczesny?<\/h2>\n<p>Przy\u00a0wyborze mebli do\u00a0pokoju dziecka, zwracamy r\u00f3wnie\u017c uwag\u0119 na\u00a0styl przestrzeni, kt\u00f3ra b\u0119dzie otacza\u0107 dziecko.<\/p>\n<p>Jaki styl najbardziej pasuje do\u00a0Twojego dziecka: klasyczny, nowoczesny, boho, vintage?<\/p>\n<p>Niezale\u017cnie, kt\u00f3ry styl wybierzesz, nasze meble b\u0119d\u0105 idealnie pasowa\u0142y do\u00a0ka\u017cdego wn\u0119trza.<\/p>\n"}},{"acf_fc_layout":"sections_subsite_insta","wysiwyg":"<h2 style=\"text-align: center;\">Instagram<\/h2>\n<p style=\"text-align: center;\">Zapraszamy do\u00a0\u015bledzenia naszego profilu, gdzie znajdziesz jeszcze wi\u0119cej pomocnych inspiracji!\u00a0\ud83d\ude42<\/p>\n","shortcode":"[instagram-feed]","button":{"text":"Zobacz wszystkie","link":"https:\/\/www.instagram.com\/inmondo_roomtodiscover\/"}}]},"yoast_head":"<!-- This site is optimized with the Yoast SEO plugin v27.3 - https:\/\/yoast.com\/product\/yoast-seo-wordpress\/ -->\n<title>Pi\u0119kne pomys\u0142y na funkcjonalny pok\u00f3j dzieci\u0119cy - Inmondo<\/title>\n<meta name=\"description\" content=\"Szukasz inspiracji do urz\u0105dzenia pokoju dla dziecka? Dobrze trafi\u0142e\u015b! Zobacz jak inni wykorzystali meble Inmondo w swoich wn\u0119trzach!\" \/>\n<meta name=\"robots\" content=\"index, follow, max-snippet:-1, max-image-preview:large, max-video-preview:-1\" \/>\n<link rel=\"canonical\" href=\"https:\/\/inmondo.pl\/de\/inspiracje\/\" \/>\n<meta property=\"og:locale\" content=\"de_DE\" \/>\n<meta property=\"og:type\" content=\"article\" \/>\n<meta property=\"og:title\" content=\"Pi\u0119kne pomys\u0142y na funkcjonalny pok\u00f3j dzieci\u0119cy - Inmondo\" \/>\n<meta property=\"og:description\" content=\"Szukasz inspiracji do urz\u0105dzenia pokoju dla dziecka? Dobrze trafi\u0142e\u015b! Zobacz jak inni wykorzystali meble Inmondo w swoich wn\u0119trzach!\" \/>\n<meta property=\"og:url\" content=\"https:\/\/inmondo.pl\/de\/inspiracje\/\" \/>\n<meta property=\"og:site_name\" content=\"Inmondo\" \/>\n<meta property=\"article:modified_time\" content=\"2025-10-20T08:51:15+00:00\" \/>\n<meta name=\"twitter:card\" content=\"summary_large_image\" \/>\n<meta name=\"twitter:label1\" content=\"Gesch\u00e4tzte Lesezeit\" \/>\n\t<meta name=\"twitter:data1\" content=\"5\u00a0Minuten\" \/>\n<script type=\"application\/ld+json\" class=\"yoast-schema-graph\">{\"@context\":\"https:\\\/\\\/schema.org\",\"@graph\":[{\"@type\":\"WebPage\",\"@id\":\"https:\\\/\\\/inmondo.pl\\\/en\\\/inspirations\\\/\",\"url\":\"https:\\\/\\\/inmondo.pl\\\/en\\\/inspirations\\\/\",\"name\":\"Pi\u0119kne pomys\u0142y na funkcjonalny pok\u00f3j dzieci\u0119cy - Inmondo\",\"isPartOf\":{\"@id\":\"https:\\\/\\\/inmondo.pl\\\/#website\"},\"datePublished\":\"2020-04-02T11:16:13+00:00\",\"dateModified\":\"2025-10-20T08:51:15+00:00\",\"description\":\"Szukasz inspiracji do urz\u0105dzenia pokoju dla dziecka? Dobrze trafi\u0142e\u015b! Zobacz jak inni wykorzystali meble Inmondo w swoich wn\u0119trzach!\",\"breadcrumb\":{\"@id\":\"https:\\\/\\\/inmondo.pl\\\/en\\\/inspirations\\\/#breadcrumb\"},\"inLanguage\":\"de\",\"potentialAction\":[{\"@type\":\"ReadAction\",\"target\":[\"https:\\\/\\\/inmondo.pl\\\/en\\\/inspirations\\\/\"]}]},{\"@type\":\"BreadcrumbList\",\"@id\":\"https:\\\/\\\/inmondo.pl\\\/en\\\/inspirations\\\/#breadcrumb\",\"itemListElement\":[{\"@type\":\"ListItem\",\"position\":1,\"name\":\"Strona g\u0142\u00f3wna\",\"item\":\"https:\\\/\\\/inmondo.pl\\\/\"},{\"@type\":\"ListItem\",\"position\":2,\"name\":\"Pi\u0119kne pomys\u0142y na funkcjonalny pok\u00f3j dzieci\u0119cy\"}]},{\"@type\":\"WebSite\",\"@id\":\"https:\\\/\\\/inmondo.pl\\\/#website\",\"url\":\"https:\\\/\\\/inmondo.pl\\\/\",\"name\":\"Inmondo\",\"description\":\"\",\"potentialAction\":[{\"@type\":\"SearchAction\",\"target\":{\"@type\":\"EntryPoint\",\"urlTemplate\":\"https:\\\/\\\/inmondo.pl\\\/?s={search_term_string}\"},\"query-input\":{\"@type\":\"PropertyValueSpecification\",\"valueRequired\":true,\"valueName\":\"search_term_string\"}}],\"inLanguage\":\"de\"}]}<\/script>\n<!-- \/ Yoast SEO plugin. -->","yoast_head_json":{"title":"Sch\u00f6ne Ideen f\u00fcr ein funktionales Kinderzimmer - Inmondo","description":"Sie suchen nach Inspiration f\u00fcr die Einrichtung Ihres Kinderzimmers? Dann sind Sie hier genau richtig! Sehen Sie sich an, wie andere die M\u00f6bel von Inmondo in ihrer Einrichtung verwendet haben!","robots":{"index":"index","follow":"follow","max-snippet":"max-snippet:-1","max-image-preview":"max-image-preview:large","max-video-preview":"max-video-preview:-1"},"canonical":"https:\/\/inmondo.pl\/de\/inspiracje\/","og_locale":"de_DE","og_type":"article","og_title":"Pi\u0119kne pomys\u0142y na funkcjonalny pok\u00f3j dzieci\u0119cy - Inmondo","og_description":"Szukasz inspiracji do urz\u0105dzenia pokoju dla dziecka? Dobrze trafi\u0142e\u015b! Zobacz jak inni wykorzystali meble Inmondo w swoich wn\u0119trzach!","og_url":"https:\/\/inmondo.pl\/de\/inspiracje\/","og_site_name":"Inmondo","article_modified_time":"2025-10-20T08:51:15+00:00","twitter_card":"summary_large_image","twitter_misc":{"Gesch\u00e4tzte Lesezeit":"5\u00a0Minuten"},"schema":{"@context":"https:\/\/schema.org","@graph":[{"@type":"WebPage","@id":"https:\/\/inmondo.pl\/en\/inspirations\/","url":"https:\/\/inmondo.pl\/en\/inspirations\/","name":"Sch\u00f6ne Ideen f\u00fcr ein funktionales Kinderzimmer - Inmondo","isPartOf":{"@id":"https:\/\/inmondo.pl\/#website"},"datePublished":"2020-04-02T11:16:13+00:00","dateModified":"2025-10-20T08:51:15+00:00","description":"Sie suchen nach Inspiration f\u00fcr die Einrichtung Ihres Kinderzimmers? Dann sind Sie hier genau richtig! Sehen Sie sich an, wie andere die M\u00f6bel von Inmondo in ihrer Einrichtung verwendet haben!","breadcrumb":{"@id":"https:\/\/inmondo.pl\/en\/inspirations\/#breadcrumb"},"inLanguage":"de","potentialAction":[{"@type":"ReadAction","target":["https:\/\/inmondo.pl\/en\/inspirations\/"]}]},{"@type":"BreadcrumbList","@id":"https:\/\/inmondo.pl\/en\/inspirations\/#breadcrumb","itemListElement":[{"@type":"ListItem","position":1,"name":"Strona g\u0142\u00f3wna","item":"https:\/\/inmondo.pl\/"},{"@type":"ListItem","position":2,"name":"Pi\u0119kne pomys\u0142y na funkcjonalny pok\u00f3j dzieci\u0119cy"}]},{"@type":"WebSite","@id":"https:\/\/inmondo.pl\/#website","url":"https:\/\/inmondo.pl\/","name":"Inmondo","description":"","potentialAction":[{"@type":"SearchAction","target":{"@type":"EntryPoint","urlTemplate":"https:\/\/inmondo.pl\/?s={search_term_string}"},"query-input":{"@type":"PropertyValueSpecification","valueRequired":true,"valueName":"search_term_string"}}],"inLanguage":"de"}]}},"_links":{"self":[{"href":"https:\/\/inmondo.pl\/de\/wp-json\/wp\/v2\/pages\/55","targetHints":{"allow":["GET"]}}],"collection":[{"href":"https:\/\/inmondo.pl\/de\/wp-json\/wp\/v2\/pages"}],"about":[{"href":"https:\/\/inmondo.pl\/de\/wp-json\/wp\/v2\/types\/page"}],"author":[{"embeddable":true,"href":"https:\/\/inmondo.pl\/de\/wp-json\/wp\/v2\/users\/1"}],"replies":[{"embeddable":true,"href":"https:\/\/inmondo.pl\/de\/wp-json\/wp\/v2\/comments?post=55"}],"version-history":[{"count":32,"href":"https:\/\/inmondo.pl\/de\/wp-json\/wp\/v2\/pages\/55\/revisions"}],"predecessor-version":[{"id":11253,"href":"https:\/\/inmondo.pl\/de\/wp-json\/wp\/v2\/pages\/55\/revisions\/11253"}],"wp:attachment":[{"href":"https:\/\/inmondo.pl\/de\/wp-json\/wp\/v2\/media?parent=55"}],"curies":[{"name":"wp","href":"https:\/\/api.w.org\/{rel}","templated":true}]}}