{"id":407,"date":"2020-05-20T10:46:54","date_gmt":"2020-05-20T08:46:54","guid":{"rendered":"http:\/\/inmondo.pl\/?page_id=407"},"modified":"2022-04-12T15:29:44","modified_gmt":"2022-04-12T13:29:44","slug":"o-nas","status":"publish","type":"page","link":"https:\/\/inmondo.pl\/de\/o-nas\/","title":{"rendered":"\u00dcber uns"},"content":{"rendered":"","protected":false},"excerpt":{"rendered":"","protected":false},"author":1,"featured_media":0,"parent":0,"menu_order":0,"comment_status":"closed","ping_status":"closed","template":"page-templates\/page-flexibleContent-subpage.php","meta":{"_acf_changed":false,"footnotes":""},"class_list":["post-407","page","type-page","status-publish","hentry"],"acf":{"sections_subsite":[{"acf_fc_layout":"section_subsite_banner","title":"Inmondo - seit 1978 in der Welt der Kinder und des guten Designs","description":"<p>Der Name Inmondo ist eine Wortkombination aus dem Esperanto: infant (Kind) und mondo (Welt). Welt des Kindes. Es geht um zwei Dinge, die uns sehr wichtig sind: dass Kinder f\u00fcr uns die ganze Welt sind und dass wir durch die Gestaltung eines Raumes eine Welt f\u00fcr sie erschaffen. Auch das Motto \u201eRaum zum Entdecken\u201c hat eine doppelte Bedeutung: \u201eRaum\u201c ist Ruhe und Raum zugleich. Das Kind entdeckt zuerst sein Zimmer und dann Schritt f\u00fcr Schritt die ganze Welt. Unsere M\u00f6bel sollen der Anfang dieses Lernens sein, ein Raum der unbegrenzten M\u00f6glichkeiten und Inspiration. Wir laden sie auf eine faszinierende Reise ein. Es gibt so viel zu entdecken!<\/p>","color":"#F4F6F6"},{"acf_fc_layout":"sections_subsite_wysiwyg","wysiwyg":"<h5>GDY PROJEKTANCI ZOSTAJ\u0104 RODZICAMI<\/h5>\n<p>Projektujemy meble ju\u017c od 1978 r. Gdy do\u00a0zespo\u0142u do\u0142\u0105czy\u0142o nowe pokolenie, m\u0142odzi rodzice, zapragn\u0119li\u015bmy stworzy\u0107 co\u015b specjalnie dla\u00a0nich \u2014 a\u00a0dok\u0142adniej, dla\u00a0ich dzieci. Tak w\u00a02019 r. powsta\u0142o Inmondo. Patrzymy na\u00a0meble oczami projektant\u00f3w i\u00a0rodzic\u00f3w. Obserwuj\u0105c rozw\u00f3j w\u0142asnych pociech, mo\u017cemy lepiej odpowiedzie\u0107 na\u00a0ich potrzeby, i\u00a0wykorzysta\u0107 to do\u015bwiadczenie w\u00a0naszej pracy. Wierzymy, \u017ce\u00a0dzieci zas\u0142uguj\u0105 na\u00a0projekty dopasowane wy\u0142\u0105cznie do\u00a0ich potrzeb; wydzielenie odr\u0119bnej marki dzieci\u0119cej jest najlepszym sposobem na\u00a0pokazanie naszej pasji i\u00a0koncentracji na\u00a0wyznaczonym celu.<\/p>\n"},{"acf_fc_layout":"section_text_image","is_active":true,"text_align":"textAlign--right","grid_width":"main","wysiwyg":"<h5>DZIECKO TO NASZ NAJWA\u017bNIEJSZY KLIENT<\/h5>\n<p>To dziecko jest naszym finalnym i\u00a0najwa\u017cniejszym klientem. To jego potrzeby s\u0105 dla\u00a0nas zawsze na\u00a0pierwszym miejscu. Badamy je, rozpoznajemy i\u00a0definiujemy, a\u00a0potem znajdujemy idealn\u0105 projektow\u0105 odpowied\u017a\u2013 w\u00a0postaci mebla b\u0105d\u017a\u00a0ca\u0142ej kolekcji. Projektowanie to trudna bran\u017ca, a\u00a0dzieci to szczeg\u00f3lni klienci. Nie wybieraj\u0105 samodzielnie, ale\u00a0od razu wiedz\u0105, czy\u00a0co\u015b im si\u0119 podoba czy\u00a0nie. Nie mo\u017cemy z\u00a0nimi porozmawia\u0107, ale\u00a0ci\u0105gle my\u015blimy o\u00a0tym, co b\u0119dzie dla\u00a0nich najlepsze, i\u00a0staramy si\u0119 nawi\u0105za\u0107 kontakt poprzez nasze projekty. Po\u00a0prostu \u2014 chcemy, by dzieciom by\u0142o dobrze z\u00a0meblami Inmondo. Wtedy rodzice te\u017c b\u0119d\u0105 zadowoleni. Co s\u0105dzisz o\u00a0takim podej\u015bciu? Przekonaj si\u0119, jak dzia\u0142a w\u00a0praktyce: odwied\u017a nas na\u00a0ul. Solidarno\u015bci 34 (showroom) albo\u00a0skontaktuj si\u0119.<\/p>\n<hr \/>\n<h5>Zadzwo\u0144 i\u00a0zobacz:<\/h5>\n<p>Nie musisz podejmowa\u0107 decyzji, ale\u00a0zawsze warto sprawdzi\u0107. Zadzwo\u0144 i\u00a0pozw\u00f3l nam dzia\u0142a\u0107. To my zadbamy o\u00a0to, by\u015b by\u0142 zadowolony z\u00a0naszej propozycji.<\/p>\n<p><a href=\"http:\/\/inmondo.pl\/kontakt\/\">Zadzwo\u0144 &gt;&gt;<\/a><\/p>\n<hr \/>\n<p>&nbsp;<\/p>\n","image":"https:\/\/inmondo.pl\/wp-content\/uploads\/2020\/06\/2020_01_INMONDO_GAJEWSKICH_9197.jpg"},{"acf_fc_layout":"section_subsite_image","is_active":true,"grid_width":"main","image":"https:\/\/inmondo.pl\/wp-content\/uploads\/2020\/09\/2019_04_INMONDO_POK\u00d3J_DZIEWCZYNEK_2-12594.jpg"}]},"yoast_head":"<!-- This site is optimized with the Yoast SEO plugin v27.3 - https:\/\/yoast.com\/product\/yoast-seo-wordpress\/ -->\n<title>O nas - Inmondo<\/title>\n<meta name=\"robots\" content=\"index, follow, max-snippet:-1, max-image-preview:large, max-video-preview:-1\" \/>\n<link rel=\"canonical\" href=\"https:\/\/inmondo.pl\/de\/o-nas\/\" \/>\n<meta property=\"og:locale\" content=\"de_DE\" \/>\n<meta property=\"og:type\" content=\"article\" \/>\n<meta property=\"og:title\" content=\"O nas - Inmondo\" \/>\n<meta property=\"og:url\" content=\"https:\/\/inmondo.pl\/de\/o-nas\/\" \/>\n<meta property=\"og:site_name\" content=\"Inmondo\" \/>\n<meta property=\"article:modified_time\" content=\"2022-04-12T13:29:44+00:00\" \/>\n<meta name=\"twitter:card\" content=\"summary_large_image\" \/>\n<script type=\"application\/ld+json\" class=\"yoast-schema-graph\">{\"@context\":\"https:\\\/\\\/schema.org\",\"@graph\":[{\"@type\":\"WebPage\",\"@id\":\"https:\\\/\\\/inmondo.pl\\\/o-nas\\\/\",\"url\":\"https:\\\/\\\/inmondo.pl\\\/o-nas\\\/\",\"name\":\"O nas - Inmondo\",\"isPartOf\":{\"@id\":\"https:\\\/\\\/inmondo.pl\\\/#website\"},\"datePublished\":\"2020-05-20T08:46:54+00:00\",\"dateModified\":\"2022-04-12T13:29:44+00:00\",\"breadcrumb\":{\"@id\":\"https:\\\/\\\/inmondo.pl\\\/o-nas\\\/#breadcrumb\"},\"inLanguage\":\"de\",\"potentialAction\":[{\"@type\":\"ReadAction\",\"target\":[\"https:\\\/\\\/inmondo.pl\\\/o-nas\\\/\"]}]},{\"@type\":\"BreadcrumbList\",\"@id\":\"https:\\\/\\\/inmondo.pl\\\/o-nas\\\/#breadcrumb\",\"itemListElement\":[{\"@type\":\"ListItem\",\"position\":1,\"name\":\"Strona g\u0142\u00f3wna\",\"item\":\"https:\\\/\\\/inmondo.pl\\\/\"},{\"@type\":\"ListItem\",\"position\":2,\"name\":\"O nas\"}]},{\"@type\":\"WebSite\",\"@id\":\"https:\\\/\\\/inmondo.pl\\\/#website\",\"url\":\"https:\\\/\\\/inmondo.pl\\\/\",\"name\":\"Inmondo\",\"description\":\"\",\"potentialAction\":[{\"@type\":\"SearchAction\",\"target\":{\"@type\":\"EntryPoint\",\"urlTemplate\":\"https:\\\/\\\/inmondo.pl\\\/?s={search_term_string}\"},\"query-input\":{\"@type\":\"PropertyValueSpecification\",\"valueRequired\":true,\"valueName\":\"search_term_string\"}}],\"inLanguage\":\"de\"}]}<\/script>\n<!-- \/ Yoast SEO plugin. -->","yoast_head_json":{"title":"\u00dcber uns - Inmondo","robots":{"index":"index","follow":"follow","max-snippet":"max-snippet:-1","max-image-preview":"max-image-preview:large","max-video-preview":"max-video-preview:-1"},"canonical":"https:\/\/inmondo.pl\/de\/o-nas\/","og_locale":"de_DE","og_type":"article","og_title":"O nas - Inmondo","og_url":"https:\/\/inmondo.pl\/de\/o-nas\/","og_site_name":"Inmondo","article_modified_time":"2022-04-12T13:29:44+00:00","twitter_card":"summary_large_image","schema":{"@context":"https:\/\/schema.org","@graph":[{"@type":"WebPage","@id":"https:\/\/inmondo.pl\/o-nas\/","url":"https:\/\/inmondo.pl\/o-nas\/","name":"\u00dcber uns - Inmondo","isPartOf":{"@id":"https:\/\/inmondo.pl\/#website"},"datePublished":"2020-05-20T08:46:54+00:00","dateModified":"2022-04-12T13:29:44+00:00","breadcrumb":{"@id":"https:\/\/inmondo.pl\/o-nas\/#breadcrumb"},"inLanguage":"de","potentialAction":[{"@type":"ReadAction","target":["https:\/\/inmondo.pl\/o-nas\/"]}]},{"@type":"BreadcrumbList","@id":"https:\/\/inmondo.pl\/o-nas\/#breadcrumb","itemListElement":[{"@type":"ListItem","position":1,"name":"Strona g\u0142\u00f3wna","item":"https:\/\/inmondo.pl\/"},{"@type":"ListItem","position":2,"name":"O nas"}]},{"@type":"WebSite","@id":"https:\/\/inmondo.pl\/#website","url":"https:\/\/inmondo.pl\/","name":"Inmondo","description":"","potentialAction":[{"@type":"SearchAction","target":{"@type":"EntryPoint","urlTemplate":"https:\/\/inmondo.pl\/?s={search_term_string}"},"query-input":{"@type":"PropertyValueSpecification","valueRequired":true,"valueName":"search_term_string"}}],"inLanguage":"de"}]}},"_links":{"self":[{"href":"https:\/\/inmondo.pl\/de\/wp-json\/wp\/v2\/pages\/407","targetHints":{"allow":["GET"]}}],"collection":[{"href":"https:\/\/inmondo.pl\/de\/wp-json\/wp\/v2\/pages"}],"about":[{"href":"https:\/\/inmondo.pl\/de\/wp-json\/wp\/v2\/types\/page"}],"author":[{"embeddable":true,"href":"https:\/\/inmondo.pl\/de\/wp-json\/wp\/v2\/users\/1"}],"replies":[{"embeddable":true,"href":"https:\/\/inmondo.pl\/de\/wp-json\/wp\/v2\/comments?post=407"}],"version-history":[{"count":4,"href":"https:\/\/inmondo.pl\/de\/wp-json\/wp\/v2\/pages\/407\/revisions"}],"predecessor-version":[{"id":3889,"href":"https:\/\/inmondo.pl\/de\/wp-json\/wp\/v2\/pages\/407\/revisions\/3889"}],"wp:attachment":[{"href":"https:\/\/inmondo.pl\/de\/wp-json\/wp\/v2\/media?parent=407"}],"curies":[{"name":"wp","href":"https:\/\/api.w.org\/{rel}","templated":true}]}}