{"id":9897,"date":"2025-06-09T14:47:39","date_gmt":"2025-06-09T12:47:39","guid":{"rendered":"https:\/\/inmondo.pl\/?post_type=product&#038;p=9897"},"modified":"2026-04-10T07:41:06","modified_gmt":"2026-04-10T05:41:06","slug":"regal-wysoki-collet","status":"publish","type":"product","link":"https:\/\/inmondo.pl\/en\/sklep\/elementy\/regaly\/regal-wysoki-collet\/","title":{"rendered":"High rack with drawers"},"content":{"rendered":"","protected":false},"excerpt":{"rendered":"<p>The Collet tall bookcase is a combination of modern design and practical form.<\/p>\n<p>&nbsp;<\/p>\n<p>The minimalist, Scandinavian-style design will fit perfectly in spaces from toddler to adult.<\/p>\n<p>Three capacious shelves and two functional drawers will help to keep books, toys and school trinkets in order.<\/p>\n<p>&nbsp;<\/p>\n<p>A safe water-based lacquer finish and robust materials (pine wood and MDF) guarantee durability for years to come.<\/p>\n<p>It's a timeless choice that you can combine with other furniture from the Collet collection, as well as our other collections, particularly those made from pine, such as the<a href=\"https:\/\/inmondo.pl\/en\/sklep\/kolekcje\/miyo\/\"><strong> Miyo<\/strong><\/a> and <a href=\"https:\/\/inmondo.pl\/en\/sklep\/kolekcje\/carmela\/\"><strong>Carmela<\/strong><\/a>.<\/p>","protected":false},"featured_media":10764,"comment_status":"open","ping_status":"closed","template":"","meta":{"_acf_changed":true},"product_brand":[],"product_cat":[24,20,38],"product_tag":[],"class_list":{"0":"post-9897","1":"product","2":"type-product","3":"status-publish","4":"has-post-thumbnail","6":"product_cat-collet","7":"product_cat-elementy","8":"product_cat-regaly","10":"first","11":"instock","12":"featured","13":"taxable","14":"shipping-taxable","15":"purchasable","16":"product-type-variable","17":"has-default-attributes"},"acf":{"sections_woocommerce":[{"acf_fc_layout":"section_menu","is_active":true,"repeater":[{"text":"Opis","link":"#opis"},{"text":"Lookbook","link":"#lookbook"},{"text":"Opinie","link":"#opinie"},{"text":"Inne z Kolekcji","link":"#inne"}]},{"acf_fc_layout":"section_woocommerce_text_image","is_active":true,"anchor":"opis","text_align":"textAlign--left","grid_width":"main","wysiwyg":"<p>Rega\u0142 wysoki Collet zosta\u0142 zaprojektowany z my\u015bl\u0105 o realnych potrzebach dzieci i ich rodzic\u00f3w.<\/p>\n<p>Wystarczaj\u0105co pojemny, by pomie\u015bci\u0107 wszystko \u2013 od ksi\u0105\u017ceczek po ulubione kolekcje zabawek \u2013 a jednocze\u015bnie lekki wizualnie i harmonijny, idealnie pasuje do dzieci\u0119cej przestrzeni.<\/p>\n","image":"https:\/\/inmondo.pl\/wp-content\/uploads\/2025\/06\/T0A4381.jpeg"},{"acf_fc_layout":"section_woocommerce_text_image","is_active":true,"anchor":"opis","text_align":"textAlign--right","grid_width":"main","wysiwyg":"<p>Zainspirowany estetyk\u0105 skandynawsk\u0105, rega\u0142 Collet wnosi do wn\u0119trza \u015bwie\u017co\u015b\u0107 i spok\u00f3j.<\/p>\n<p>Dzi\u0119ki uniwersalnemu wzornictwu i dopracowanej kolorystyce sprawdzi si\u0119 zar\u00f3wno w pokoju 4-latki, nastolatka, a\u017c po osob\u0119 doros\u0142\u0105. <\/p>\n<p>Prosta forma wspiera rozw\u00f3j dziecka w uporz\u0105dkowanej przestrzeni.<\/p>\n<p>&nbsp;<\/p>\n<p><strong> Kluczowe cechy:<\/strong><\/p>\n<ul>\n<li data-start=\"2914\" data-end=\"2963\">\n<p data-start=\"2916\" data-end=\"2963\">3 pojemne p\u00f3\u0142ki na ksi\u0105\u017cki, pude\u0142ka i dekoracje<\/p>\n<\/li>\n<li data-start=\"2964\" data-end=\"3011\">\n<p data-start=\"2966\" data-end=\"3011\">2 szuflady na akcesoria, przybory lub zabawki<\/p>\n<\/li>\n<li data-start=\"3012\" data-end=\"3063\">\n<p data-start=\"3014\" data-end=\"3063\">Bezpieczne wyko\u0144czenie \u2013 lakiery wodne<\/p>\n<\/li>\n<li data-start=\"3064\" data-end=\"3093\">\n<p data-start=\"3066\" data-end=\"3093\">Drewno sosnowe i trwa\u0142y MDF<\/p>\n<\/li>\n<li data-start=\"3094\" data-end=\"3126\">\n<p data-start=\"3096\" data-end=\"3126\">Styl skandynawski, lekka forma<\/p>\n<\/li>\n<\/ul>\n","image":"https:\/\/inmondo.pl\/wp-content\/uploads\/2025\/05\/T0A3545.jpeg"},{"acf_fc_layout":"section_woocommerce_text_image","is_active":true,"anchor":"opis","text_align":"textAlign--left","grid_width":"main","wysiwyg":"<p>Odkryj pe\u0142n\u0105 kolekcj\u0119 Collet i zaaran\u017cuj pok\u00f3j swojego dziecka w sp\u00f3jnym stylu.<\/p>\n<p><strong><a href=\"https:\/\/inmondo.pl\/sklep\/kolekcje\/collet\/\">Kolekcja Collet<\/a><\/strong> zosta\u0142a stworzona z my\u015bl\u0105 o sp\u00f3jnych i elastycznych aran\u017cacjach.<\/p>\n<p>Rega\u0142 \u015bwietnie komponuje si\u0119 z biurkiem, \u0142\u00f3\u017ckiem, szaf\u0105 czy kontenerkiem \u2013 zar\u00f3wno z tej samej linii, jak i innymi produktami Inmondo np. z \u0142\u00f3\u017ckiem <strong><a href=\"https:\/\/inmondo.pl\/sklep\/kolekcje\/miyo\/\">Miyo<\/a><\/strong> i <a href=\"https:\/\/inmondo.pl\/sklep\/kolekcje\/carmela\/\"><strong>Carmela<\/strong><\/a><\/p>\n<p>Dzi\u0119ki temu z \u0142atwo\u015bci\u0105 urz\u0105dzisz funkcjonalny pok\u00f3j rosn\u0105cy razem z dzieckiem.<\/p>\n<p>Zr\u00f3b pierwszy krok ku pi\u0119knemu i uporz\u0105dkowanemu wn\u0119trzu!<\/p>\n","image":"https:\/\/inmondo.pl\/wp-content\/uploads\/2025\/06\/T0A3912.jpeg"},{"acf_fc_layout":"section_woocommerce_lookbook","is_active":true,"anchor":"lookbook","header":"","repeater":[{"shortcode":"[woocommerce_lookbook id=\"10334\"]"},{"shortcode":"[woocommerce_lookbook id=\"1365\"]"},{"shortcode":"[woocommerce_lookbook id=\"10330\"]"},{"shortcode":"[woocommerce_lookbook id=\"1360\"]"}]},{"acf_fc_layout":"section_woocommerce_opinions","is_active":true,"anchor":"opinie"},{"acf_fc_layout":"section_woocommerce_otherFromCategory","is_active":true,"anchor":"inne"}],"wymiary":"Wysoko\u015b\u0107: 190 cm<br \/>\r\nSzeroko\u015b\u0107: 90 cm<br \/>\r\nG\u0142\u0119boko\u015b\u0107: 40 cm","materialy":"Materia\u0142y: drewno sosnowe, mdf, lakiery wodne","czas_realizacji":""},"yoast_head":"<!-- This site is optimized with the Yoast SEO plugin v27.3 - https:\/\/yoast.com\/product\/yoast-seo-wordpress\/ -->\n<title>Rega\u0142 wysoki z szufladami - Inmondo<\/title>\n<meta name=\"description\" content=\"Rega\u0142 wysoki do pokoju dzieci\u0119cego. Minimalistyczny, drewniany, bezpieczny, idealny do pokoju dziecka lub nastolatka. Skandynawski styl.\" \/>\n<meta name=\"robots\" content=\"index, follow, max-snippet:-1, max-image-preview:large, max-video-preview:-1\" \/>\n<link rel=\"canonical\" href=\"http:\/\/inmondo.pl\/en\/sklep\/elementy\/regaly\/regal-wysoki-collet\/\" \/>\n<meta property=\"og:locale\" content=\"en_GB\" \/>\n<meta property=\"og:type\" content=\"article\" \/>\n<meta property=\"og:title\" content=\"Rega\u0142 wysoki z szufladami - Inmondo\" \/>\n<meta property=\"og:description\" content=\"Rega\u0142 wysoki do pokoju dzieci\u0119cego. Minimalistyczny, drewniany, bezpieczny, idealny do pokoju dziecka lub nastolatka. Skandynawski styl.\" \/>\n<meta property=\"og:url\" content=\"http:\/\/inmondo.pl\/en\/sklep\/elementy\/regaly\/regal-wysoki-collet\/\" \/>\n<meta property=\"og:site_name\" content=\"Inmondo\" \/>\n<meta property=\"article:modified_time\" content=\"2026-04-10T05:41:06+00:00\" \/>\n<meta property=\"og:image\" content=\"http:\/\/inmondo.pl\/wp-content\/uploads\/2025\/08\/Collet-regal-3P-kaszmir-1.png\" \/>\n\t<meta property=\"og:image:width\" content=\"1920\" \/>\n\t<meta property=\"og:image:height\" content=\"1920\" \/>\n\t<meta property=\"og:image:type\" content=\"image\/png\" \/>\n<meta name=\"twitter:card\" content=\"summary_large_image\" \/>\n<meta name=\"twitter:label1\" content=\"Estimated reading time\" \/>\n\t<meta name=\"twitter:data1\" content=\"3 minutes\" \/>\n<script type=\"application\/ld+json\" class=\"yoast-schema-graph\">{\"@context\":\"https:\\\/\\\/schema.org\",\"@graph\":[{\"@type\":\"WebPage\",\"@id\":\"http:\\\/\\\/inmondo.pl\\\/en\\\/sklep\\\/elementy\\\/regaly\\\/regal-wysoki-collet\\\/\",\"url\":\"http:\\\/\\\/inmondo.pl\\\/en\\\/sklep\\\/elementy\\\/regaly\\\/regal-wysoki-collet\\\/\",\"name\":\"Rega\u0142 wysoki z szufladami - Inmondo\",\"isPartOf\":{\"@id\":\"https:\\\/\\\/inmondo.pl\\\/#website\"},\"primaryImageOfPage\":{\"@id\":\"http:\\\/\\\/inmondo.pl\\\/en\\\/sklep\\\/elementy\\\/regaly\\\/regal-wysoki-collet\\\/#primaryimage\"},\"image\":{\"@id\":\"http:\\\/\\\/inmondo.pl\\\/en\\\/sklep\\\/elementy\\\/regaly\\\/regal-wysoki-collet\\\/#primaryimage\"},\"thumbnailUrl\":\"https:\\\/\\\/inmondo.pl\\\/wp-content\\\/uploads\\\/2025\\\/08\\\/Collet-regal-3P-kaszmir-1.png\",\"datePublished\":\"2025-06-09T12:47:39+00:00\",\"dateModified\":\"2026-04-10T05:41:06+00:00\",\"description\":\"Rega\u0142 wysoki do pokoju dzieci\u0119cego. Minimalistyczny, drewniany, bezpieczny, idealny do pokoju dziecka lub nastolatka. Skandynawski styl.\",\"breadcrumb\":{\"@id\":\"http:\\\/\\\/inmondo.pl\\\/en\\\/sklep\\\/elementy\\\/regaly\\\/regal-wysoki-collet\\\/#breadcrumb\"},\"inLanguage\":\"en-GB\",\"potentialAction\":[{\"@type\":\"ReadAction\",\"target\":[\"http:\\\/\\\/inmondo.pl\\\/en\\\/sklep\\\/elementy\\\/regaly\\\/regal-wysoki-collet\\\/\"]}]},{\"@type\":\"ImageObject\",\"inLanguage\":\"en-GB\",\"@id\":\"http:\\\/\\\/inmondo.pl\\\/en\\\/sklep\\\/elementy\\\/regaly\\\/regal-wysoki-collet\\\/#primaryimage\",\"url\":\"https:\\\/\\\/inmondo.pl\\\/wp-content\\\/uploads\\\/2025\\\/08\\\/Collet-regal-3P-kaszmir-1.png\",\"contentUrl\":\"https:\\\/\\\/inmondo.pl\\\/wp-content\\\/uploads\\\/2025\\\/08\\\/Collet-regal-3P-kaszmir-1.png\",\"width\":1920,\"height\":1920},{\"@type\":\"BreadcrumbList\",\"@id\":\"http:\\\/\\\/inmondo.pl\\\/en\\\/sklep\\\/elementy\\\/regaly\\\/regal-wysoki-collet\\\/#breadcrumb\",\"itemListElement\":[{\"@type\":\"ListItem\",\"position\":1,\"name\":\"Strona g\u0142\u00f3wna\",\"item\":\"https:\\\/\\\/inmondo.pl\\\/\"},{\"@type\":\"ListItem\",\"position\":2,\"name\":\"Oferta Inmondo: spe\u0142niamy marzenia i wymagania\",\"item\":\"https:\\\/\\\/inmondo.pl\\\/sklep\\\/\"},{\"@type\":\"ListItem\",\"position\":3,\"name\":\"Elementy\",\"item\":\"https:\\\/\\\/inmondo.pl\\\/sklep\\\/elementy\\\/\"},{\"@type\":\"ListItem\",\"position\":4,\"name\":\"Rega\u0142 wysoki z szufladami\"}]},{\"@type\":\"WebSite\",\"@id\":\"https:\\\/\\\/inmondo.pl\\\/#website\",\"url\":\"https:\\\/\\\/inmondo.pl\\\/\",\"name\":\"Inmondo\",\"description\":\"\",\"potentialAction\":[{\"@type\":\"SearchAction\",\"target\":{\"@type\":\"EntryPoint\",\"urlTemplate\":\"https:\\\/\\\/inmondo.pl\\\/?s={search_term_string}\"},\"query-input\":{\"@type\":\"PropertyValueSpecification\",\"valueRequired\":true,\"valueName\":\"search_term_string\"}}],\"inLanguage\":\"en-GB\"}]}<\/script>\n<!-- \/ Yoast SEO plugin. -->","yoast_head_json":{"title":"Tall bookcase with drawers - Inmondo","description":"Tall bookcase for children's room. Minimalist, wooden, safe, ideal for a child's or teenager's room. Scandinavian style.","robots":{"index":"index","follow":"follow","max-snippet":"max-snippet:-1","max-image-preview":"max-image-preview:large","max-video-preview":"max-video-preview:-1"},"canonical":"http:\/\/inmondo.pl\/en\/sklep\/elementy\/regaly\/regal-wysoki-collet\/","og_locale":"en_GB","og_type":"article","og_title":"Rega\u0142 wysoki z szufladami - Inmondo","og_description":"Rega\u0142 wysoki do pokoju dzieci\u0119cego. Minimalistyczny, drewniany, bezpieczny, idealny do pokoju dziecka lub nastolatka. Skandynawski styl.","og_url":"http:\/\/inmondo.pl\/en\/sklep\/elementy\/regaly\/regal-wysoki-collet\/","og_site_name":"Inmondo","article_modified_time":"2026-04-10T05:41:06+00:00","og_image":[{"width":1920,"height":1920,"url":"http:\/\/inmondo.pl\/wp-content\/uploads\/2025\/08\/Collet-regal-3P-kaszmir-1.png","type":"image\/png"}],"twitter_card":"summary_large_image","twitter_misc":{"Estimated reading time":"3 minutes"},"schema":{"@context":"https:\/\/schema.org","@graph":[{"@type":"WebPage","@id":"http:\/\/inmondo.pl\/en\/sklep\/elementy\/regaly\/regal-wysoki-collet\/","url":"http:\/\/inmondo.pl\/en\/sklep\/elementy\/regaly\/regal-wysoki-collet\/","name":"Tall bookcase with drawers - Inmondo","isPartOf":{"@id":"https:\/\/inmondo.pl\/#website"},"primaryImageOfPage":{"@id":"http:\/\/inmondo.pl\/en\/sklep\/elementy\/regaly\/regal-wysoki-collet\/#primaryimage"},"image":{"@id":"http:\/\/inmondo.pl\/en\/sklep\/elementy\/regaly\/regal-wysoki-collet\/#primaryimage"},"thumbnailUrl":"https:\/\/inmondo.pl\/wp-content\/uploads\/2025\/08\/Collet-regal-3P-kaszmir-1.png","datePublished":"2025-06-09T12:47:39+00:00","dateModified":"2026-04-10T05:41:06+00:00","description":"Tall bookcase for children's room. Minimalist, wooden, safe, ideal for a child's or teenager's room. Scandinavian style.","breadcrumb":{"@id":"http:\/\/inmondo.pl\/en\/sklep\/elementy\/regaly\/regal-wysoki-collet\/#breadcrumb"},"inLanguage":"en-GB","potentialAction":[{"@type":"ReadAction","target":["http:\/\/inmondo.pl\/en\/sklep\/elementy\/regaly\/regal-wysoki-collet\/"]}]},{"@type":"ImageObject","inLanguage":"en-GB","@id":"http:\/\/inmondo.pl\/en\/sklep\/elementy\/regaly\/regal-wysoki-collet\/#primaryimage","url":"https:\/\/inmondo.pl\/wp-content\/uploads\/2025\/08\/Collet-regal-3P-kaszmir-1.png","contentUrl":"https:\/\/inmondo.pl\/wp-content\/uploads\/2025\/08\/Collet-regal-3P-kaszmir-1.png","width":1920,"height":1920},{"@type":"BreadcrumbList","@id":"http:\/\/inmondo.pl\/en\/sklep\/elementy\/regaly\/regal-wysoki-collet\/#breadcrumb","itemListElement":[{"@type":"ListItem","position":1,"name":"Strona g\u0142\u00f3wna","item":"https:\/\/inmondo.pl\/"},{"@type":"ListItem","position":2,"name":"Oferta Inmondo: spe\u0142niamy marzenia i wymagania","item":"https:\/\/inmondo.pl\/sklep\/"},{"@type":"ListItem","position":3,"name":"Elementy","item":"https:\/\/inmondo.pl\/sklep\/elementy\/"},{"@type":"ListItem","position":4,"name":"Rega\u0142 wysoki z szufladami"}]},{"@type":"WebSite","@id":"https:\/\/inmondo.pl\/#website","url":"https:\/\/inmondo.pl\/","name":"Inmondo","description":"","potentialAction":[{"@type":"SearchAction","target":{"@type":"EntryPoint","urlTemplate":"https:\/\/inmondo.pl\/?s={search_term_string}"},"query-input":{"@type":"PropertyValueSpecification","valueRequired":true,"valueName":"search_term_string"}}],"inLanguage":"en-GB"}]}},"wcpa_form_fields":null,"_links":{"self":[{"href":"https:\/\/inmondo.pl\/en\/wp-json\/wp\/v2\/product\/9897","targetHints":{"allow":["GET"]}}],"collection":[{"href":"https:\/\/inmondo.pl\/en\/wp-json\/wp\/v2\/product"}],"about":[{"href":"https:\/\/inmondo.pl\/en\/wp-json\/wp\/v2\/types\/product"}],"replies":[{"embeddable":true,"href":"https:\/\/inmondo.pl\/en\/wp-json\/wp\/v2\/comments?post=9897"}],"wp:featuredmedia":[{"embeddable":true,"href":"https:\/\/inmondo.pl\/en\/wp-json\/wp\/v2\/media\/10764"}],"wp:attachment":[{"href":"https:\/\/inmondo.pl\/en\/wp-json\/wp\/v2\/media?parent=9897"}],"wp:term":[{"taxonomy":"product_brand","embeddable":true,"href":"https:\/\/inmondo.pl\/en\/wp-json\/wp\/v2\/product_brand?post=9897"},{"taxonomy":"product_cat","embeddable":true,"href":"https:\/\/inmondo.pl\/en\/wp-json\/wp\/v2\/product_cat?post=9897"},{"taxonomy":"product_tag","embeddable":true,"href":"https:\/\/inmondo.pl\/en\/wp-json\/wp\/v2\/product_tag?post=9897"}],"curies":[{"name":"wp","href":"https:\/\/api.w.org\/{rel}","templated":true}]}}