{"id":986,"date":"2020-06-17T11:29:50","date_gmt":"2020-06-17T09:29:50","guid":{"rendered":"http:\/\/inmondo.pl\/?post_type=product&#038;p=986"},"modified":"2026-04-13T10:36:57","modified_gmt":"2026-04-13T08:36:57","slug":"regal-domek-loren","status":"publish","type":"product","link":"https:\/\/inmondo.pl\/en\/sklep\/elementy\/regaly\/regal-domek-loren\/","title":{"rendered":"LOREN cabin bookcase"},"content":{"rendered":"<p>Made of birch plywood, the Loren house bookcase is a combination of furniture and a place to play. Designed in a classic style, it will take every princess to the land of magic.<\/p>\n<p>The bookcase is made of birch plywood and painted with water-based varnishes that are friendly to children and the environment.<\/p>","protected":false},"excerpt":{"rendered":"<p>Made of birch plywood, the Loren house bookcase is a combination of furniture and a place to play. Designed in a classic style, it will take every princess to the land of magic.<\/p>\n<p>The bookcase is made of birch plywood and painted with water-based varnishes that are friendly to children and the environment.<\/p>\n<p>&nbsp;<\/p>\n<h6><\/h6>","protected":false},"featured_media":849,"comment_status":"open","ping_status":"closed","template":"","meta":{"_acf_changed":false},"product_brand":[],"product_cat":[20,17,99,26,38],"product_tag":[],"class_list":{"0":"post-986","1":"product","2":"type-product","3":"status-publish","4":"has-post-thumbnail","6":"product_cat-elementy","7":"product_cat-kolekcje","8":"product_cat-meble-dostepne","9":"product_cat-oferta-uzupelniajaca","10":"product_cat-regaly","12":"first","13":"onbackorder","14":"taxable","15":"shipping-taxable","16":"purchasable","17":"product-type-variable","18":"has-default-attributes"},"acf":{"wymiary":"Szeroko\u015b\u0107: 71,5 cm<br \/>\r\nWysoko\u015b\u0107: 120 cm<br \/>\r\nG\u0142\u0119boko\u015b\u0107: 31 cm","materialy":"Wersja drewniana: sklejka brzozowa, nogi drewno olchowe, lakier wodny i&nbsp;wodny UV<br \/>\r\nWersja MDF: mdf, nogi drewno olchowe, lakier wodny ","sections_woocommerce":[{"acf_fc_layout":"section_menu","is_active":true,"repeater":[{"text":"Opis","link":"#opis"},{"text":"Lookbook","link":"#lookbook"},{"text":"Opinie","link":"#opinie"},{"text":"Inne produkty","link":"#inneprodukty"}]},{"acf_fc_layout":"section_woocommerce_text_image","is_active":true,"anchor":"opis","text_align":"textAlign--left","grid_width":"main","wysiwyg":"<p>Rega\u0142 domek Loren to idealne po\u0142\u0105czenie funkcjonalno\u015bci mebla dzieci\u0119cego i\u00a0miejsca do\u00a0zabawy.<\/p>\n<p>Dodaje uroku ka\u017cdemu dzieci\u0119cemu pokoikowi.<\/p>\n<p>Rega\u0142 Domek Loren nie tylko zach\u0119ca do\u00a0przechowywania ksi\u0105\u017cek i\u00a0zabawek, ale\u00a0tak\u017ce inspiruje do\u00a0tw\u00f3rczej zabawy i\u00a0kreatywnych odkry\u0107 w\u00a0krainie marze\u0144.<\/p>\n<p>Idealny wyb\u00f3r dla\u00a0rodzic\u00f3w poszukuj\u0105cych mebli dzieci\u0119cych, kt\u00f3re nie tylko s\u0105 praktyczne, ale\u00a0tak\u017ce stymuluj\u0105 wyobra\u017ani\u0119 i\u00a0rozwijaj\u0105 kreatywno\u015b\u0107.<\/p>\n<p>&nbsp;<\/p>\n<p>Pomalowany przyjaznymi lakierami wodnymi, jest bezpieczny dla\u00a0dzieci i\u00a0przyjazny dla\u00a0\u015brodowiska.<\/p>\n","image":"https:\/\/inmondo.pl\/wp-content\/uploads\/2024\/03\/image00003-scaled.jpeg"},{"acf_fc_layout":"section_woocommerce_text_image","is_active":true,"anchor":"opis","text_align":"textAlign--right","grid_width":"main","wysiwyg":"<p>Wyj\u0105tkowe wzory mebli, tworzone w\u00a0przekonaniu, \u017ce\u00a0ka\u017cde wn\u0119trze<br \/>\nmo\u017cna zaaran\u017cowa\u0107 w\u00a0pi\u0119kny spos\u00f3b, tworz\u0105c przestrze\u0144 nieprzeci\u0119tn\u0105<br \/>\n\u2013 wystarczy tylko troch\u0119 wyobra\u017ani. Wierzymy, \u017ce\u00a0wykorzystasz j\u0105 i\u00a0stworzysz pok\u00f3j swoich marze\u0144.<\/p>\n","image":"https:\/\/inmondo.pl\/wp-content\/uploads\/2024\/03\/image00004-scaled.jpeg"},{"acf_fc_layout":"section_woocommerce_lookbook","is_active":true,"anchor":"lookbook","header":"<h2 style=\"text-align: center;\">Zobacz galeri\u0119 mebli uzupe\u0142niaj\u0105cych nasze kolekcje:<\/h2>\n<p style=\"text-align: center;\">Zapraszamy do\u00a0zapoznania si\u0119 z\u00a0kolekcj\u0105 uzupe\u0142niaj\u0105c\u0105. Wzbogacisz pok\u00f3j w\u00a0urocze elementy dodaj\u0105ce blasku twojemu wn\u0119trzu. Pokazujemy Ci tylko u\u0142amek mo\u017cliwo\u015bci\u2026 Zainspiruj si\u0119\u2026<\/p>\n","repeater":[{"shortcode":"[woocommerce_lookbook id=\"1352\"]"},{"shortcode":"[woocommerce_lookbook id=\"337\"]"},{"shortcode":"[woocommerce_lookbook id=\"1278\"]"},{"shortcode":"[woocommerce_lookbook id=\"1569\"]"}]},{"acf_fc_layout":"section_woocommerce_opinions","is_active":true,"anchor":"opinie"},{"acf_fc_layout":"section_woocommerce_otherFromCategory","is_active":true,"anchor":"inneprodukty"}],"czas_realizacji":""},"yoast_head":"<!-- This site is optimized with the Yoast SEO plugin v27.3 - https:\/\/yoast.com\/product\/yoast-seo-wordpress\/ -->\n<title>Rega\u0142 domek LOREN - Inmondo<\/title>\n<meta name=\"description\" content=\"Dodaj urok do pokoju swojego dziecka z rega\u0142em dzieci\u0119cym Loren! Bezpieczny, funkcjonalny i pe\u0142en magii, stw\u00f3rz idealne miejsce do zabawy.\" \/>\n<meta name=\"robots\" content=\"index, follow, max-snippet:-1, max-image-preview:large, max-video-preview:-1\" \/>\n<link rel=\"canonical\" href=\"https:\/\/inmondo.pl\/en\/sklep\/elementy\/regaly\/regal-domek-loren\/\" \/>\n<meta property=\"og:locale\" content=\"en_GB\" \/>\n<meta property=\"og:type\" content=\"article\" \/>\n<meta property=\"og:title\" content=\"Rega\u0142 domek LOREN - Inmondo\" \/>\n<meta property=\"og:description\" content=\"Dodaj urok do pokoju swojego dziecka z rega\u0142em dzieci\u0119cym Loren! Bezpieczny, funkcjonalny i pe\u0142en magii, stw\u00f3rz idealne miejsce do zabawy.\" \/>\n<meta property=\"og:url\" content=\"https:\/\/inmondo.pl\/en\/sklep\/elementy\/regaly\/regal-domek-loren\/\" \/>\n<meta property=\"og:site_name\" content=\"Inmondo\" \/>\n<meta property=\"article:modified_time\" content=\"2026-04-13T08:36:57+00:00\" \/>\n<meta property=\"og:image\" content=\"https:\/\/inmondo.pl\/wp-content\/uploads\/2020\/06\/2019_09_INMONDO_PACKSHOTY-22949_small.jpg\" \/>\n\t<meta property=\"og:image:width\" content=\"960\" \/>\n\t<meta property=\"og:image:height\" content=\"960\" \/>\n\t<meta property=\"og:image:type\" content=\"image\/jpeg\" \/>\n<meta name=\"twitter:card\" content=\"summary_large_image\" \/>\n<meta name=\"twitter:label1\" content=\"Estimated reading time\" \/>\n\t<meta name=\"twitter:data1\" content=\"2 minutes\" \/>\n<script type=\"application\/ld+json\" class=\"yoast-schema-graph\">{\"@context\":\"https:\\\/\\\/schema.org\",\"@graph\":[{\"@type\":\"WebPage\",\"@id\":\"https:\\\/\\\/inmondo.pl\\\/sklep\\\/elementy\\\/regaly\\\/regal-domek-loren\\\/\",\"url\":\"https:\\\/\\\/inmondo.pl\\\/sklep\\\/elementy\\\/regaly\\\/regal-domek-loren\\\/\",\"name\":\"Rega\u0142 domek LOREN - Inmondo\",\"isPartOf\":{\"@id\":\"https:\\\/\\\/inmondo.pl\\\/#website\"},\"primaryImageOfPage\":{\"@id\":\"https:\\\/\\\/inmondo.pl\\\/sklep\\\/elementy\\\/regaly\\\/regal-domek-loren\\\/#primaryimage\"},\"image\":{\"@id\":\"https:\\\/\\\/inmondo.pl\\\/sklep\\\/elementy\\\/regaly\\\/regal-domek-loren\\\/#primaryimage\"},\"thumbnailUrl\":\"https:\\\/\\\/inmondo.pl\\\/wp-content\\\/uploads\\\/2020\\\/06\\\/2019_09_INMONDO_PACKSHOTY-22949_small.jpg\",\"datePublished\":\"2020-06-17T09:29:50+00:00\",\"dateModified\":\"2026-04-13T08:36:57+00:00\",\"description\":\"Dodaj urok do pokoju swojego dziecka z rega\u0142em dzieci\u0119cym Loren! Bezpieczny, funkcjonalny i pe\u0142en magii, stw\u00f3rz idealne miejsce do zabawy.\",\"breadcrumb\":{\"@id\":\"https:\\\/\\\/inmondo.pl\\\/sklep\\\/elementy\\\/regaly\\\/regal-domek-loren\\\/#breadcrumb\"},\"inLanguage\":\"en-GB\",\"potentialAction\":[{\"@type\":\"ReadAction\",\"target\":[\"https:\\\/\\\/inmondo.pl\\\/sklep\\\/elementy\\\/regaly\\\/regal-domek-loren\\\/\"]}]},{\"@type\":\"ImageObject\",\"inLanguage\":\"en-GB\",\"@id\":\"https:\\\/\\\/inmondo.pl\\\/sklep\\\/elementy\\\/regaly\\\/regal-domek-loren\\\/#primaryimage\",\"url\":\"https:\\\/\\\/inmondo.pl\\\/wp-content\\\/uploads\\\/2020\\\/06\\\/2019_09_INMONDO_PACKSHOTY-22949_small.jpg\",\"contentUrl\":\"https:\\\/\\\/inmondo.pl\\\/wp-content\\\/uploads\\\/2020\\\/06\\\/2019_09_INMONDO_PACKSHOTY-22949_small.jpg\",\"width\":960,\"height\":960},{\"@type\":\"BreadcrumbList\",\"@id\":\"https:\\\/\\\/inmondo.pl\\\/sklep\\\/elementy\\\/regaly\\\/regal-domek-loren\\\/#breadcrumb\",\"itemListElement\":[{\"@type\":\"ListItem\",\"position\":1,\"name\":\"Strona g\u0142\u00f3wna\",\"item\":\"https:\\\/\\\/inmondo.pl\\\/\"},{\"@type\":\"ListItem\",\"position\":2,\"name\":\"Oferta Inmondo: spe\u0142niamy marzenia i wymagania\",\"item\":\"https:\\\/\\\/inmondo.pl\\\/sklep\\\/\"},{\"@type\":\"ListItem\",\"position\":3,\"name\":\"kolekcje\",\"item\":\"https:\\\/\\\/inmondo.pl\\\/de\\\/sklep\\\/kolekcje\\\/\"},{\"@type\":\"ListItem\",\"position\":4,\"name\":\"Rega\u0142 domek LOREN\"}]},{\"@type\":\"WebSite\",\"@id\":\"https:\\\/\\\/inmondo.pl\\\/#website\",\"url\":\"https:\\\/\\\/inmondo.pl\\\/\",\"name\":\"Inmondo\",\"description\":\"\",\"potentialAction\":[{\"@type\":\"SearchAction\",\"target\":{\"@type\":\"EntryPoint\",\"urlTemplate\":\"https:\\\/\\\/inmondo.pl\\\/?s={search_term_string}\"},\"query-input\":{\"@type\":\"PropertyValueSpecification\",\"valueRequired\":true,\"valueName\":\"search_term_string\"}}],\"inLanguage\":\"en-GB\"}]}<\/script>\n<!-- \/ Yoast SEO plugin. -->","yoast_head_json":{"title":"Bookcase LOREN - Inmondo","description":"Add charm to your child's room with the Loren children's bookcase! Safe, functional and full of magic, create the perfect play space.","robots":{"index":"index","follow":"follow","max-snippet":"max-snippet:-1","max-image-preview":"max-image-preview:large","max-video-preview":"max-video-preview:-1"},"canonical":"https:\/\/inmondo.pl\/en\/sklep\/elementy\/regaly\/regal-domek-loren\/","og_locale":"en_GB","og_type":"article","og_title":"Rega\u0142 domek LOREN - Inmondo","og_description":"Dodaj urok do pokoju swojego dziecka z rega\u0142em dzieci\u0119cym Loren! Bezpieczny, funkcjonalny i pe\u0142en magii, stw\u00f3rz idealne miejsce do zabawy.","og_url":"https:\/\/inmondo.pl\/en\/sklep\/elementy\/regaly\/regal-domek-loren\/","og_site_name":"Inmondo","article_modified_time":"2026-04-13T08:36:57+00:00","og_image":[{"width":960,"height":960,"url":"https:\/\/inmondo.pl\/wp-content\/uploads\/2020\/06\/2019_09_INMONDO_PACKSHOTY-22949_small.jpg","type":"image\/jpeg"}],"twitter_card":"summary_large_image","twitter_misc":{"Estimated reading time":"2 minutes"},"schema":{"@context":"https:\/\/schema.org","@graph":[{"@type":"WebPage","@id":"https:\/\/inmondo.pl\/sklep\/elementy\/regaly\/regal-domek-loren\/","url":"https:\/\/inmondo.pl\/sklep\/elementy\/regaly\/regal-domek-loren\/","name":"Bookcase LOREN - Inmondo","isPartOf":{"@id":"https:\/\/inmondo.pl\/#website"},"primaryImageOfPage":{"@id":"https:\/\/inmondo.pl\/sklep\/elementy\/regaly\/regal-domek-loren\/#primaryimage"},"image":{"@id":"https:\/\/inmondo.pl\/sklep\/elementy\/regaly\/regal-domek-loren\/#primaryimage"},"thumbnailUrl":"https:\/\/inmondo.pl\/wp-content\/uploads\/2020\/06\/2019_09_INMONDO_PACKSHOTY-22949_small.jpg","datePublished":"2020-06-17T09:29:50+00:00","dateModified":"2026-04-13T08:36:57+00:00","description":"Add charm to your child's room with the Loren children's bookcase! Safe, functional and full of magic, create the perfect play space.","breadcrumb":{"@id":"https:\/\/inmondo.pl\/sklep\/elementy\/regaly\/regal-domek-loren\/#breadcrumb"},"inLanguage":"en-GB","potentialAction":[{"@type":"ReadAction","target":["https:\/\/inmondo.pl\/sklep\/elementy\/regaly\/regal-domek-loren\/"]}]},{"@type":"ImageObject","inLanguage":"en-GB","@id":"https:\/\/inmondo.pl\/sklep\/elementy\/regaly\/regal-domek-loren\/#primaryimage","url":"https:\/\/inmondo.pl\/wp-content\/uploads\/2020\/06\/2019_09_INMONDO_PACKSHOTY-22949_small.jpg","contentUrl":"https:\/\/inmondo.pl\/wp-content\/uploads\/2020\/06\/2019_09_INMONDO_PACKSHOTY-22949_small.jpg","width":960,"height":960},{"@type":"BreadcrumbList","@id":"https:\/\/inmondo.pl\/sklep\/elementy\/regaly\/regal-domek-loren\/#breadcrumb","itemListElement":[{"@type":"ListItem","position":1,"name":"Strona g\u0142\u00f3wna","item":"https:\/\/inmondo.pl\/"},{"@type":"ListItem","position":2,"name":"Oferta Inmondo: spe\u0142niamy marzenia i wymagania","item":"https:\/\/inmondo.pl\/sklep\/"},{"@type":"ListItem","position":3,"name":"kolekcje","item":"https:\/\/inmondo.pl\/de\/sklep\/kolekcje\/"},{"@type":"ListItem","position":4,"name":"Rega\u0142 domek LOREN"}]},{"@type":"WebSite","@id":"https:\/\/inmondo.pl\/#website","url":"https:\/\/inmondo.pl\/","name":"Inmondo","description":"","potentialAction":[{"@type":"SearchAction","target":{"@type":"EntryPoint","urlTemplate":"https:\/\/inmondo.pl\/?s={search_term_string}"},"query-input":{"@type":"PropertyValueSpecification","valueRequired":true,"valueName":"search_term_string"}}],"inLanguage":"en-GB"}]}},"wcpa_form_fields":null,"_links":{"self":[{"href":"https:\/\/inmondo.pl\/en\/wp-json\/wp\/v2\/product\/986","targetHints":{"allow":["GET"]}}],"collection":[{"href":"https:\/\/inmondo.pl\/en\/wp-json\/wp\/v2\/product"}],"about":[{"href":"https:\/\/inmondo.pl\/en\/wp-json\/wp\/v2\/types\/product"}],"replies":[{"embeddable":true,"href":"https:\/\/inmondo.pl\/en\/wp-json\/wp\/v2\/comments?post=986"}],"wp:featuredmedia":[{"embeddable":true,"href":"https:\/\/inmondo.pl\/en\/wp-json\/wp\/v2\/media\/849"}],"wp:attachment":[{"href":"https:\/\/inmondo.pl\/en\/wp-json\/wp\/v2\/media?parent=986"}],"wp:term":[{"taxonomy":"product_brand","embeddable":true,"href":"https:\/\/inmondo.pl\/en\/wp-json\/wp\/v2\/product_brand?post=986"},{"taxonomy":"product_cat","embeddable":true,"href":"https:\/\/inmondo.pl\/en\/wp-json\/wp\/v2\/product_cat?post=986"},{"taxonomy":"product_tag","embeddable":true,"href":"https:\/\/inmondo.pl\/en\/wp-json\/wp\/v2\/product_tag?post=986"}],"curies":[{"name":"wp","href":"https:\/\/api.w.org\/{rel}","templated":true}]}}