{"id":9740,"date":"2025-04-14T12:57:00","date_gmt":"2025-04-14T10:57:00","guid":{"rendered":"https:\/\/inmondo.pl\/?post_type=product&#038;p=9740"},"modified":"2026-04-13T16:18:10","modified_gmt":"2026-04-13T14:18:10","slug":"probki-kolorow","status":"publish","type":"product","link":"https:\/\/inmondo.pl\/en\/sklep\/elementy\/probki-kolorow\/probki-kolorow\/","title":{"rendered":"Colour samples"},"content":{"rendered":"","protected":false},"excerpt":{"rendered":"<p class=\"\" data-start=\"249\" data-end=\"630\">Before you decide on the perfect furniture for your child's room, check out our live colours.<\/p>\n<p>&nbsp;<\/p>\n<p class=\"\" data-start=\"249\" data-end=\"630\">With Inmondo's colour swatches, you can see how the shade looks in the natural light of your interior and juxtapose it with other design elements - walls, flooring or accessories.<\/p>\n<p>&nbsp;<\/p>\n<p class=\"\" data-start=\"249\" data-end=\"630\">This is the best way to be sure that the colour you choose will be a hit.<\/p>\n<p>&nbsp;<\/p>\n<p class=\"\" data-start=\"632\" data-end=\"1061\">Each of our collections - Collet, Loopi, Funflex, Minimondo or Miyo - has its own unique colour palette to suit the nature of the furniture and the needs of children of different ages.<\/p>\n<p>&nbsp;<\/p>\n<p class=\"\" data-start=\"632\" data-end=\"1061\">On special request, it is possible to make the furniture in a colour from another collection - in this case, please contact us in advance by e-mail at: <strong data-start=\"952\" data-end=\"972\"><a rel=\"noopener\" data-start=\"954\" data-end=\"970\">sklep@inmondo.pl<\/a><\/strong>.<\/p>\n<p class=\"\" data-start=\"632\" data-end=\"1061\">Such implementations may involve additional cost and longer waiting times.<\/p>","protected":false},"featured_media":8475,"comment_status":"open","ping_status":"closed","template":"","meta":{"_acf_changed":true},"product_brand":[],"product_cat":[20,99,197],"product_tag":[],"class_list":{"0":"post-9740","1":"product","2":"type-product","3":"status-publish","4":"has-post-thumbnail","6":"product_shipping_class-probki","7":"product_cat-elementy","8":"product_cat-meble-dostepne","9":"product_cat-probki-kolorow","11":"first","12":"instock","13":"taxable","14":"shipping-taxable","15":"purchasable","16":"product-type-variable","17":"has-default-attributes"},"acf":{"sections_woocommerce":[{"acf_fc_layout":"section_woocommerce_text_image","is_active":true,"anchor":"","text_align":"textAlign--left","grid_width":"main","wysiwyg":"<p>Wyb\u00f3r odpowiedniego koloru to kluczowy element tworzenia przytulnego i funkcjonalnego wn\u0119trza pokoju dzieci\u0119cego.<\/p>\n<p>Dzi\u0119ki pr\u00f3bkowi kolorystycznym mog\u0105 Pa\u0144stwo dok\u0142adnie sprawdzi\u0107, jak poszczeg\u00f3lne odcienie komponuj\u0105 si\u0119 z reszt\u0105 wystroju oraz o\u015bwietleniem, a tak\u017ce przekona\u0107 si\u0119, kt\u00f3ry kolor najlepiej odpowiada stylowi i charakterowi przestrzeni.<\/p>\n<p>W naszej ofercie znajd\u0105 Pa\u0144stwo pr\u00f3bki dedykowane do ka\u017cdej z kolekcji \u2013 zar\u00f3wno tych klasycznych, jak i nowoczesnych.<\/p>\n<hr \/>\n<p><span style=\"color: #000000;\">Kolory dedykowane ka\u017cdej kolekcji:<\/span><\/p>\n<p><strong>Collet<\/strong>: BIA\u0141Y \/ JASNY SZARY \/ R\u00d3\u017bOWY \/ B\u0141\u0118KITNY \/ KASZMIR \/ SZA\u0141WIA \/ NATURALNA SOSNA<\/p>\n<p><strong>Funflex:<\/strong> BIA\u0141Y \/ CIEMNY SZARY<\/p>\n<p><strong>Minimondo:<\/strong> BIA\u0141Y \/ CIEMNY SZARY<\/p>\n<p><strong>Loopi:<\/strong> BIA\u0141Y \/ CIEMNY SZARY<\/p>\n<p><strong>Nooi<\/strong>: SZARY NOOI ( KORPUSY MEBLI) \/ CIEMNY NIEBIESKI\/ BRZOSKWINIOWY R\u00d3\u017b \/ MIODOWY<\/p>\n<p><strong>Oferta uzupe\u0142niaj\u0105ca<\/strong>: BIA\u0141Y \/ JASNY SZARY \/ R\u00d3\u017bOWY \/ B\u0141\u0118KITNY \/ KASZMIR \/ SZA\u0141WIA<\/p>\n","image":false},{"acf_fc_layout":"section_woocommerce_text_image","is_active":true,"anchor":"","text_align":"textAlign--left","grid_width":"main","wysiwyg":"<p>Zach\u0119camy do zam\u00f3wienia pr\u00f3bek, aby mie\u0107 pewno\u015b\u0107, \u017ce wybierany kolor idealnie wpasuje si\u0119 w przestrze\u0144, kt\u00f3r\u0105 tworzymy dla najm\u0142odszych.<\/p>\n<p>&nbsp;<\/p>\n\n\t\t<style type=\"text\/css\">\n\t\t\t#gallery-1 {\n\t\t\t\tmargin: auto;\n\t\t\t}\n\t\t\t#gallery-1 .gallery-item {\n\t\t\t\tfloat: left;\n\t\t\t\tmargin-top: 10px;\n\t\t\t\ttext-align: center;\n\t\t\t\twidth: 33%;\n\t\t\t}\n\t\t\t#gallery-1 img {\n\t\t\t\tborder: 2px solid #cfcfcf;\n\t\t\t}\n\t\t\t#gallery-1 .gallery-caption {\n\t\t\t\tmargin-left: 0;\n\t\t\t}\n\t\t\t\/* see gallery_shortcode() in wp-includes\/media.php *\/\n\t\t<\/style>\n\t\t<div id='gallery-1' class='gallery galleryid-9740 gallery-columns-3 gallery-size-thumbnail'><dl class='gallery-item'>\n\t\t\t<dt class='gallery-icon portrait'>\n\t\t\t\t<a href='https:\/\/inmondo.pl\/en\/?attachment_id=9488'><img width=\"150\" height=\"150\" src=\"https:\/\/inmondo.pl\/wp-content\/uploads\/2025\/04\/image00037-150x150.jpeg\" class=\"attachment-thumbnail size-thumbnail\" alt=\"miyo lozko dzieciece kaszmir\" aria-describedby=\"gallery-1-9488\" decoding=\"async\" loading=\"lazy\" srcset=\"https:\/\/inmondo.pl\/wp-content\/uploads\/2025\/04\/image00037-150x150.jpeg 150w, https:\/\/inmondo.pl\/wp-content\/uploads\/2025\/04\/image00037-300x300.jpeg 300w, https:\/\/inmondo.pl\/wp-content\/uploads\/2025\/04\/image00037-100x100.jpeg 100w\" sizes=\"auto, (max-width: 150px) 100vw, 150px\" \/><\/a>\n\t\t\t<\/dt>\n\t\t\t\t<dd class='wp-caption-text gallery-caption' id='gallery-1-9488'>\n\t\t\t\tKolor: Kaszmir\n\t\t\t\t<\/dd><\/dl><dl class='gallery-item'>\n\t\t\t<dt class='gallery-icon portrait'>\n\t\t\t\t<a href='https:\/\/inmondo.pl\/en\/?attachment_id=9488'><img width=\"150\" height=\"150\" src=\"https:\/\/inmondo.pl\/wp-content\/uploads\/2025\/03\/image00005-2-150x150.jpeg\" class=\"attachment-thumbnail size-thumbnail\" alt=\"drewniane \u0142\u00f3\u017cko pi\u0119trowe z barierk\u0105\" aria-describedby=\"gallery-1-9325\" decoding=\"async\" loading=\"lazy\" srcset=\"https:\/\/inmondo.pl\/wp-content\/uploads\/2025\/03\/image00005-2-150x150.jpeg 150w, https:\/\/inmondo.pl\/wp-content\/uploads\/2025\/03\/image00005-2-300x300.jpeg 300w, https:\/\/inmondo.pl\/wp-content\/uploads\/2025\/03\/image00005-2-100x100.jpeg 100w\" sizes=\"auto, (max-width: 150px) 100vw, 150px\" \/><\/a>\n\t\t\t<\/dt>\n\t\t\t\t<dd class='wp-caption-text gallery-caption' id='gallery-1-9325'>\n\t\t\t\tKolor: Sza\u0142wia\n\t\t\t\t<\/dd><\/dl><dl class='gallery-item'>\n\t\t\t<dt class='gallery-icon landscape'>\n\t\t\t\t<a href='https:\/\/inmondo.pl\/en\/?attachment_id=9488'><img width=\"150\" height=\"150\" src=\"https:\/\/inmondo.pl\/wp-content\/uploads\/2020\/07\/74-150x150.jpg\" class=\"attachment-thumbnail size-thumbnail\" alt=\"R\u00f3\u017cowa komoda w pokoju dziecka\" aria-describedby=\"gallery-1-8844\" decoding=\"async\" loading=\"lazy\" srcset=\"https:\/\/inmondo.pl\/wp-content\/uploads\/2020\/07\/74-150x150.jpg 150w, https:\/\/inmondo.pl\/wp-content\/uploads\/2020\/07\/74-300x300.jpg 300w, https:\/\/inmondo.pl\/wp-content\/uploads\/2020\/07\/74-1024x1024.jpg 1024w, https:\/\/inmondo.pl\/wp-content\/uploads\/2020\/07\/74-768x768.jpg 768w, https:\/\/inmondo.pl\/wp-content\/uploads\/2020\/07\/74-12x12.jpg 12w, https:\/\/inmondo.pl\/wp-content\/uploads\/2020\/07\/74-750x750.jpg 750w, https:\/\/inmondo.pl\/wp-content\/uploads\/2020\/07\/74-400x400.jpg 400w, https:\/\/inmondo.pl\/wp-content\/uploads\/2020\/07\/74-600x600.jpg 600w, https:\/\/inmondo.pl\/wp-content\/uploads\/2020\/07\/74-100x100.jpg 100w, https:\/\/inmondo.pl\/wp-content\/uploads\/2020\/07\/74.jpg 1080w\" sizes=\"auto, (max-width: 150px) 100vw, 150px\" \/><\/a>\n\t\t\t<\/dt>\n\t\t\t\t<dd class='wp-caption-text gallery-caption' id='gallery-1-8844'>\n\t\t\t\tKolor: R\u00f3\u017cowy\n\t\t\t\t<\/dd><\/dl><br style=\"clear: both\" \/><dl class='gallery-item'>\n\t\t\t<dt class='gallery-icon portrait'>\n\t\t\t\t<a href='https:\/\/inmondo.pl\/en\/?attachment_id=9488'><img width=\"150\" height=\"150\" src=\"https:\/\/inmondo.pl\/wp-content\/uploads\/2022\/12\/2022_09_INMONDO_GROW_8097-150x150.jpg\" class=\"attachment-thumbnail size-thumbnail\" alt=\"\" aria-describedby=\"gallery-1-8545\" decoding=\"async\" loading=\"lazy\" srcset=\"https:\/\/inmondo.pl\/wp-content\/uploads\/2022\/12\/2022_09_INMONDO_GROW_8097-150x150.jpg 150w, https:\/\/inmondo.pl\/wp-content\/uploads\/2022\/12\/2022_09_INMONDO_GROW_8097-300x300.jpg 300w, https:\/\/inmondo.pl\/wp-content\/uploads\/2022\/12\/2022_09_INMONDO_GROW_8097-100x100.jpg 100w\" sizes=\"auto, (max-width: 150px) 100vw, 150px\" \/><\/a>\n\t\t\t<\/dt>\n\t\t\t\t<dd class='wp-caption-text gallery-caption' id='gallery-1-8545'>\n\t\t\t\tKolor: Miodowy \/ Szary Nooi\n\t\t\t\t<\/dd><\/dl><dl class='gallery-item'>\n\t\t\t<dt class='gallery-icon portrait'>\n\t\t\t\t<a href='https:\/\/inmondo.pl\/en\/?attachment_id=9488'><img width=\"150\" height=\"150\" src=\"https:\/\/inmondo.pl\/wp-content\/uploads\/2022\/12\/2022_09_INMONDO_GROW_ARANZACJE_8382-scaled-150x150.jpg\" class=\"attachment-thumbnail size-thumbnail\" alt=\"\" aria-describedby=\"gallery-1-8566\" decoding=\"async\" loading=\"lazy\" srcset=\"https:\/\/inmondo.pl\/wp-content\/uploads\/2022\/12\/2022_09_INMONDO_GROW_ARANZACJE_8382-scaled-150x150.jpg 150w, https:\/\/inmondo.pl\/wp-content\/uploads\/2022\/12\/2022_09_INMONDO_GROW_ARANZACJE_8382-scaled-300x300.jpg 300w, https:\/\/inmondo.pl\/wp-content\/uploads\/2022\/12\/2022_09_INMONDO_GROW_ARANZACJE_8382-scaled-100x100.jpg 100w\" sizes=\"auto, (max-width: 150px) 100vw, 150px\" \/><\/a>\n\t\t\t<\/dt>\n\t\t\t\t<dd class='wp-caption-text gallery-caption' id='gallery-1-8566'>\n\t\t\t\tKolor: R\u00f3\u017c brzoskwiniowy\n\t\t\t\t<\/dd><\/dl><dl class='gallery-item'>\n\t\t\t<dt class='gallery-icon portrait'>\n\t\t\t\t<a href='https:\/\/inmondo.pl\/en\/?attachment_id=9488'><img width=\"150\" height=\"150\" src=\"https:\/\/inmondo.pl\/wp-content\/uploads\/2022\/12\/2022_09_INMONDO_GROW_8049-1-150x150.jpg\" class=\"attachment-thumbnail size-thumbnail\" alt=\"\" aria-describedby=\"gallery-1-8538\" decoding=\"async\" loading=\"lazy\" srcset=\"https:\/\/inmondo.pl\/wp-content\/uploads\/2022\/12\/2022_09_INMONDO_GROW_8049-1-150x150.jpg 150w, https:\/\/inmondo.pl\/wp-content\/uploads\/2022\/12\/2022_09_INMONDO_GROW_8049-1-300x300.jpg 300w, https:\/\/inmondo.pl\/wp-content\/uploads\/2022\/12\/2022_09_INMONDO_GROW_8049-1-100x100.jpg 100w\" sizes=\"auto, (max-width: 150px) 100vw, 150px\" \/><\/a>\n\t\t\t<\/dt>\n\t\t\t\t<dd class='wp-caption-text gallery-caption' id='gallery-1-8538'>\n\t\t\t\tKolor: Niebieski Ciemny\n\t\t\t\t<\/dd><\/dl><br style=\"clear: both\" \/><dl class='gallery-item'>\n\t\t\t<dt class='gallery-icon landscape'>\n\t\t\t\t<a href='https:\/\/inmondo.pl\/en\/?attachment_id=9488'><img width=\"150\" height=\"150\" src=\"https:\/\/inmondo.pl\/wp-content\/uploads\/2020\/07\/2019_05_INMONDO_POK\u00d3J_CH\u0141OPCA_4-15142-150x150.jpg\" class=\"attachment-thumbnail size-thumbnail\" alt=\"\" aria-describedby=\"gallery-1-8466\" decoding=\"async\" loading=\"lazy\" srcset=\"https:\/\/inmondo.pl\/wp-content\/uploads\/2020\/07\/2019_05_INMONDO_POK\u00d3J_CH\u0141OPCA_4-15142-150x150.jpg 150w, https:\/\/inmondo.pl\/wp-content\/uploads\/2020\/07\/2019_05_INMONDO_POK\u00d3J_CH\u0141OPCA_4-15142-300x300.jpg 300w, https:\/\/inmondo.pl\/wp-content\/uploads\/2020\/07\/2019_05_INMONDO_POK\u00d3J_CH\u0141OPCA_4-15142-100x100.jpg 100w\" sizes=\"auto, (max-width: 150px) 100vw, 150px\" \/><\/a>\n\t\t\t<\/dt>\n\t\t\t\t<dd class='wp-caption-text gallery-caption' id='gallery-1-8466'>\n\t\t\t\tKolor: Ciemny szary\n\t\t\t\t<\/dd><\/dl><dl class='gallery-item'>\n\t\t\t<dt class='gallery-icon landscape'>\n\t\t\t\t<a href='https:\/\/inmondo.pl\/en\/?attachment_id=9488'><img width=\"150\" height=\"150\" src=\"https:\/\/inmondo.pl\/wp-content\/uploads\/2020\/07\/2019_04_INMONDO_POK\u00d3J_DZIEWCZYNKI_6-13771-150x150.jpg\" class=\"attachment-thumbnail size-thumbnail\" alt=\"\" aria-describedby=\"gallery-1-8457\" decoding=\"async\" loading=\"lazy\" srcset=\"https:\/\/inmondo.pl\/wp-content\/uploads\/2020\/07\/2019_04_INMONDO_POK\u00d3J_DZIEWCZYNKI_6-13771-150x150.jpg 150w, https:\/\/inmondo.pl\/wp-content\/uploads\/2020\/07\/2019_04_INMONDO_POK\u00d3J_DZIEWCZYNKI_6-13771-300x300.jpg 300w, https:\/\/inmondo.pl\/wp-content\/uploads\/2020\/07\/2019_04_INMONDO_POK\u00d3J_DZIEWCZYNKI_6-13771-100x100.jpg 100w\" sizes=\"auto, (max-width: 150px) 100vw, 150px\" \/><\/a>\n\t\t\t<\/dt>\n\t\t\t\t<dd class='wp-caption-text gallery-caption' id='gallery-1-8457'>\n\t\t\t\tKolor: Niebieski\n\t\t\t\t<\/dd><\/dl>\n\t\t\t<br style='clear: both' \/>\n\t\t<\/div>\n\n","image":false}],"wymiary":"Pr\u00f3bka kolorystyczna","materialy":"","czas_realizacji":"48h"},"yoast_head":"<!-- This site is optimized with the Yoast SEO plugin v27.3 - https:\/\/yoast.com\/product\/yoast-seo-wordpress\/ -->\n<title>Pr\u00f3bki kolor\u00f3w - Inmondo<\/title>\n<meta name=\"robots\" content=\"index, follow, max-snippet:-1, max-image-preview:large, max-video-preview:-1\" \/>\n<link rel=\"canonical\" href=\"https:\/\/inmondo.pl\/en\/sklep\/elementy\/probki-kolorow\/probki-kolorow\/\" \/>\n<meta property=\"og:locale\" content=\"en_GB\" \/>\n<meta property=\"og:type\" content=\"article\" \/>\n<meta property=\"og:title\" content=\"Pr\u00f3bki kolor\u00f3w - Inmondo\" \/>\n<meta property=\"og:description\" content=\"Zanim podejmiesz decyzj\u0119 o wyborze idealnych mebli do pokoju dziecka, sprawd\u017a nasze kolory na \u017cywo. &nbsp; Dzi\u0119ki pr\u00f3bkom kolorystycznym Inmondo mo\u017cesz zobaczy\u0107, jak odcie\u0144 prezentuje si\u0119 w naturalnym \u015bwietle Twojego wn\u0119trza i zestawi\u0107 go z innymi elementami aran\u017cacji \u2013 \u015bcianami, pod\u0142og\u0105 czy dodatkami. &nbsp; To najlepszy spos\u00f3b, by mie\u0107 pewno\u015b\u0107, \u017ce wybrany kolor b\u0119dzie strza\u0142em w dziesi\u0105tk\u0119. &nbsp; Ka\u017cda z naszych kolekcji \u2013 Collet, Loopi, Funflex, Minimondo czy Miyo \u2013 ma swoj\u0105 unikaln\u0105 palet\u0119 barw, dopasowan\u0105 do charakteru mebli i potrzeb dzieci w r\u00f3\u017cnym wieku. &nbsp; Na specjalne \u017cyczenie istnieje mo\u017cliwo\u015b\u0107 wykonania mebli w kolorze z innej kolekcji \u2013 w takim przypadku prosimy o wcze\u015bniejszy kontakt mailowy na adres: sklep@inmondo.pl. Takie realizacje mog\u0105 wi\u0105za\u0107 si\u0119 z dodatkowym kosztem oraz d\u0142u\u017cszym czasem oczekiwania.\" \/>\n<meta property=\"og:url\" content=\"https:\/\/inmondo.pl\/en\/sklep\/elementy\/probki-kolorow\/probki-kolorow\/\" \/>\n<meta property=\"og:site_name\" content=\"Inmondo\" \/>\n<meta property=\"article:modified_time\" content=\"2026-04-13T14:18:10+00:00\" \/>\n<meta property=\"og:image\" content=\"http:\/\/inmondo.pl\/wp-content\/uploads\/2020\/08\/2019_09_INMONDO_PACKSHOTY-22966.jpg.jpg\" \/>\n\t<meta property=\"og:image:width\" content=\"1920\" \/>\n\t<meta property=\"og:image:height\" content=\"1080\" \/>\n\t<meta property=\"og:image:type\" content=\"image\/jpeg\" \/>\n<meta name=\"twitter:card\" content=\"summary_large_image\" \/>\n<meta name=\"twitter:label1\" content=\"Estimated reading time\" \/>\n\t<meta name=\"twitter:data1\" content=\"2 minutes\" \/>\n<script type=\"application\/ld+json\" class=\"yoast-schema-graph\">{\"@context\":\"https:\\\/\\\/schema.org\",\"@graph\":[{\"@type\":\"WebPage\",\"@id\":\"https:\\\/\\\/inmondo.pl\\\/sklep\\\/elementy\\\/probki-kolorow\\\/probki-kolorow\\\/\",\"url\":\"https:\\\/\\\/inmondo.pl\\\/sklep\\\/elementy\\\/probki-kolorow\\\/probki-kolorow\\\/\",\"name\":\"Pr\u00f3bki kolor\u00f3w - Inmondo\",\"isPartOf\":{\"@id\":\"https:\\\/\\\/inmondo.pl\\\/#website\"},\"primaryImageOfPage\":{\"@id\":\"https:\\\/\\\/inmondo.pl\\\/sklep\\\/elementy\\\/probki-kolorow\\\/probki-kolorow\\\/#primaryimage\"},\"image\":{\"@id\":\"https:\\\/\\\/inmondo.pl\\\/sklep\\\/elementy\\\/probki-kolorow\\\/probki-kolorow\\\/#primaryimage\"},\"thumbnailUrl\":\"https:\\\/\\\/inmondo.pl\\\/wp-content\\\/uploads\\\/2020\\\/08\\\/2019_09_INMONDO_PACKSHOTY-22966.jpg.jpg\",\"datePublished\":\"2025-04-14T10:57:00+00:00\",\"dateModified\":\"2026-04-13T14:18:10+00:00\",\"breadcrumb\":{\"@id\":\"https:\\\/\\\/inmondo.pl\\\/sklep\\\/elementy\\\/probki-kolorow\\\/probki-kolorow\\\/#breadcrumb\"},\"inLanguage\":\"en-GB\",\"potentialAction\":[{\"@type\":\"ReadAction\",\"target\":[\"https:\\\/\\\/inmondo.pl\\\/sklep\\\/elementy\\\/probki-kolorow\\\/probki-kolorow\\\/\"]}]},{\"@type\":\"ImageObject\",\"inLanguage\":\"en-GB\",\"@id\":\"https:\\\/\\\/inmondo.pl\\\/sklep\\\/elementy\\\/probki-kolorow\\\/probki-kolorow\\\/#primaryimage\",\"url\":\"https:\\\/\\\/inmondo.pl\\\/wp-content\\\/uploads\\\/2020\\\/08\\\/2019_09_INMONDO_PACKSHOTY-22966.jpg.jpg\",\"contentUrl\":\"https:\\\/\\\/inmondo.pl\\\/wp-content\\\/uploads\\\/2020\\\/08\\\/2019_09_INMONDO_PACKSHOTY-22966.jpg.jpg\",\"width\":1920,\"height\":1080},{\"@type\":\"BreadcrumbList\",\"@id\":\"https:\\\/\\\/inmondo.pl\\\/sklep\\\/elementy\\\/probki-kolorow\\\/probki-kolorow\\\/#breadcrumb\",\"itemListElement\":[{\"@type\":\"ListItem\",\"position\":1,\"name\":\"Strona g\u0142\u00f3wna\",\"item\":\"https:\\\/\\\/inmondo.pl\\\/\"},{\"@type\":\"ListItem\",\"position\":2,\"name\":\"Oferta Inmondo: spe\u0142niamy marzenia i wymagania\",\"item\":\"https:\\\/\\\/inmondo.pl\\\/sklep\\\/\"},{\"@type\":\"ListItem\",\"position\":3,\"name\":\"Elementy\",\"item\":\"https:\\\/\\\/inmondo.pl\\\/sklep\\\/elementy\\\/\"},{\"@type\":\"ListItem\",\"position\":4,\"name\":\"Pr\u00f3bki kolor\u00f3w Inmondo\",\"item\":\"https:\\\/\\\/inmondo.pl\\\/sklep\\\/elementy\\\/probki-kolorow\\\/\"},{\"@type\":\"ListItem\",\"position\":5,\"name\":\"Pr\u00f3bki kolor\u00f3w\"}]},{\"@type\":\"WebSite\",\"@id\":\"https:\\\/\\\/inmondo.pl\\\/#website\",\"url\":\"https:\\\/\\\/inmondo.pl\\\/\",\"name\":\"Inmondo\",\"description\":\"\",\"potentialAction\":[{\"@type\":\"SearchAction\",\"target\":{\"@type\":\"EntryPoint\",\"urlTemplate\":\"https:\\\/\\\/inmondo.pl\\\/?s={search_term_string}\"},\"query-input\":{\"@type\":\"PropertyValueSpecification\",\"valueRequired\":true,\"valueName\":\"search_term_string\"}}],\"inLanguage\":\"en-GB\"}]}<\/script>\n<!-- \/ Yoast SEO plugin. -->","yoast_head_json":{"title":"Colour samples - Inmondo","robots":{"index":"index","follow":"follow","max-snippet":"max-snippet:-1","max-image-preview":"max-image-preview:large","max-video-preview":"max-video-preview:-1"},"canonical":"https:\/\/inmondo.pl\/en\/sklep\/elementy\/probki-kolorow\/probki-kolorow\/","og_locale":"en_GB","og_type":"article","og_title":"Pr\u00f3bki kolor\u00f3w - Inmondo","og_description":"Zanim podejmiesz decyzj\u0119 o wyborze idealnych mebli do pokoju dziecka, sprawd\u017a nasze kolory na \u017cywo. &nbsp; Dzi\u0119ki pr\u00f3bkom kolorystycznym Inmondo mo\u017cesz zobaczy\u0107, jak odcie\u0144 prezentuje si\u0119 w naturalnym \u015bwietle Twojego wn\u0119trza i zestawi\u0107 go z innymi elementami aran\u017cacji \u2013 \u015bcianami, pod\u0142og\u0105 czy dodatkami. &nbsp; To najlepszy spos\u00f3b, by mie\u0107 pewno\u015b\u0107, \u017ce wybrany kolor b\u0119dzie strza\u0142em w dziesi\u0105tk\u0119. &nbsp; Ka\u017cda z naszych kolekcji \u2013 Collet, Loopi, Funflex, Minimondo czy Miyo \u2013 ma swoj\u0105 unikaln\u0105 palet\u0119 barw, dopasowan\u0105 do charakteru mebli i potrzeb dzieci w r\u00f3\u017cnym wieku. &nbsp; Na specjalne \u017cyczenie istnieje mo\u017cliwo\u015b\u0107 wykonania mebli w kolorze z innej kolekcji \u2013 w takim przypadku prosimy o wcze\u015bniejszy kontakt mailowy na adres: sklep@inmondo.pl. Takie realizacje mog\u0105 wi\u0105za\u0107 si\u0119 z dodatkowym kosztem oraz d\u0142u\u017cszym czasem oczekiwania.","og_url":"https:\/\/inmondo.pl\/en\/sklep\/elementy\/probki-kolorow\/probki-kolorow\/","og_site_name":"Inmondo","article_modified_time":"2026-04-13T14:18:10+00:00","og_image":[{"width":1920,"height":1080,"url":"http:\/\/inmondo.pl\/wp-content\/uploads\/2020\/08\/2019_09_INMONDO_PACKSHOTY-22966.jpg.jpg","type":"image\/jpeg"}],"twitter_card":"summary_large_image","twitter_misc":{"Estimated reading time":"2 minutes"},"schema":{"@context":"https:\/\/schema.org","@graph":[{"@type":"WebPage","@id":"https:\/\/inmondo.pl\/sklep\/elementy\/probki-kolorow\/probki-kolorow\/","url":"https:\/\/inmondo.pl\/sklep\/elementy\/probki-kolorow\/probki-kolorow\/","name":"Colour samples - Inmondo","isPartOf":{"@id":"https:\/\/inmondo.pl\/#website"},"primaryImageOfPage":{"@id":"https:\/\/inmondo.pl\/sklep\/elementy\/probki-kolorow\/probki-kolorow\/#primaryimage"},"image":{"@id":"https:\/\/inmondo.pl\/sklep\/elementy\/probki-kolorow\/probki-kolorow\/#primaryimage"},"thumbnailUrl":"https:\/\/inmondo.pl\/wp-content\/uploads\/2020\/08\/2019_09_INMONDO_PACKSHOTY-22966.jpg.jpg","datePublished":"2025-04-14T10:57:00+00:00","dateModified":"2026-04-13T14:18:10+00:00","breadcrumb":{"@id":"https:\/\/inmondo.pl\/sklep\/elementy\/probki-kolorow\/probki-kolorow\/#breadcrumb"},"inLanguage":"en-GB","potentialAction":[{"@type":"ReadAction","target":["https:\/\/inmondo.pl\/sklep\/elementy\/probki-kolorow\/probki-kolorow\/"]}]},{"@type":"ImageObject","inLanguage":"en-GB","@id":"https:\/\/inmondo.pl\/sklep\/elementy\/probki-kolorow\/probki-kolorow\/#primaryimage","url":"https:\/\/inmondo.pl\/wp-content\/uploads\/2020\/08\/2019_09_INMONDO_PACKSHOTY-22966.jpg.jpg","contentUrl":"https:\/\/inmondo.pl\/wp-content\/uploads\/2020\/08\/2019_09_INMONDO_PACKSHOTY-22966.jpg.jpg","width":1920,"height":1080},{"@type":"BreadcrumbList","@id":"https:\/\/inmondo.pl\/sklep\/elementy\/probki-kolorow\/probki-kolorow\/#breadcrumb","itemListElement":[{"@type":"ListItem","position":1,"name":"Strona g\u0142\u00f3wna","item":"https:\/\/inmondo.pl\/"},{"@type":"ListItem","position":2,"name":"Oferta Inmondo: spe\u0142niamy marzenia i wymagania","item":"https:\/\/inmondo.pl\/sklep\/"},{"@type":"ListItem","position":3,"name":"Elementy","item":"https:\/\/inmondo.pl\/sklep\/elementy\/"},{"@type":"ListItem","position":4,"name":"Pr\u00f3bki kolor\u00f3w Inmondo","item":"https:\/\/inmondo.pl\/sklep\/elementy\/probki-kolorow\/"},{"@type":"ListItem","position":5,"name":"Pr\u00f3bki kolor\u00f3w"}]},{"@type":"WebSite","@id":"https:\/\/inmondo.pl\/#website","url":"https:\/\/inmondo.pl\/","name":"Inmondo","description":"","potentialAction":[{"@type":"SearchAction","target":{"@type":"EntryPoint","urlTemplate":"https:\/\/inmondo.pl\/?s={search_term_string}"},"query-input":{"@type":"PropertyValueSpecification","valueRequired":true,"valueName":"search_term_string"}}],"inLanguage":"en-GB"}]}},"wcpa_form_fields":null,"_links":{"self":[{"href":"https:\/\/inmondo.pl\/en\/wp-json\/wp\/v2\/product\/9740","targetHints":{"allow":["GET"]}}],"collection":[{"href":"https:\/\/inmondo.pl\/en\/wp-json\/wp\/v2\/product"}],"about":[{"href":"https:\/\/inmondo.pl\/en\/wp-json\/wp\/v2\/types\/product"}],"replies":[{"embeddable":true,"href":"https:\/\/inmondo.pl\/en\/wp-json\/wp\/v2\/comments?post=9740"}],"wp:featuredmedia":[{"embeddable":true,"href":"https:\/\/inmondo.pl\/en\/wp-json\/wp\/v2\/media\/8475"}],"wp:attachment":[{"href":"https:\/\/inmondo.pl\/en\/wp-json\/wp\/v2\/media?parent=9740"}],"wp:term":[{"taxonomy":"product_brand","embeddable":true,"href":"https:\/\/inmondo.pl\/en\/wp-json\/wp\/v2\/product_brand?post=9740"},{"taxonomy":"product_cat","embeddable":true,"href":"https:\/\/inmondo.pl\/en\/wp-json\/wp\/v2\/product_cat?post=9740"},{"taxonomy":"product_tag","embeddable":true,"href":"https:\/\/inmondo.pl\/en\/wp-json\/wp\/v2\/product_tag?post=9740"}],"curies":[{"name":"wp","href":"https:\/\/api.w.org\/{rel}","templated":true}]}}