{"id":946,"date":"2020-06-16T13:00:33","date_gmt":"2020-06-16T11:00:33","guid":{"rendered":"http:\/\/inmondo.pl\/?post_type=product&#038;p=946"},"modified":"2026-03-24T09:51:54","modified_gmt":"2026-03-24T08:51:54","slug":"lozeczko-140","status":"publish","type":"product","link":"https:\/\/inmondo.pl\/en\/sklep\/elementy\/lozka-niemowlece\/lozeczko-140\/","title":{"rendered":"Infant cot 140"},"content":{"rendered":"<p>Funkcjonalno\u015b\u0107, prostota i ponadczasowy design. \u0141\u00f3\u017ceczko jako cz\u0119\u015b\u0107 kolekcji&nbsp; Loopi \u0142\u0105czy w sobie wszystkie te cechy. Prosta w formie rama spoczywa na brzozowych n\u00f3\u017ckach, kt\u00f3re najad\u0105 mu lekko\u015bci. Posiada mo\u017cliwo\u015b\u0107 pozycjonowania materaca na trzech wysoko\u015bciach. Dzi\u0119ki temu \u0142atwo dostosujesz je do wieku i rozwoju motorycznego dziecka. Zaokr\u0105glone kraw\u0119dzie, dbaj\u0105 o bezpiecze\u0144stwo Twojego skarbu.<\/p>\n<p>The cot is available in 2 mattress sizes, 120 \u00d7 60 and 140 \u00d7 70.<\/p>\n<p>Zosta\u0142o polakierowanie przyjaznymi dla dziecka i \u015brodowiska lakierami wodnymi. Zawarte w nim drewno pochodzi z&nbsp; dobrze zarz\u0105dzanych las\u00f3w.<\/p>","protected":false},"excerpt":{"rendered":"<h2 style=\"text-align: left; font-size: 17px;\">Loopi baby cot - comfort and style<\/h2>\n<p>More space, the same comfort and timeless design. The Loopi 140\u00d770 cm baby cot is the ideal solution for parents who want to invest in a piece of furniture that grows with their child.<\/p>\n<p>&nbsp;<\/p>\n<p>Designed in the spirit of <strong data-start=\"869\" data-end=\"896\">Scandinavian simplicity<\/strong>, the cot impresses with its minimalist form and natural finish. The white frame set on sturdy birch legs creates a light, modern silhouette that fits perfectly with the style of contemporary children's rooms.<\/p>\n<p>&nbsp;<\/p>\n<p>Thoughtful design with <strong data-start=\"1157\" data-end=\"1203\">three-level mattress height adjustment<\/strong> allows you to easily adapt the cot to your child's stage of development - from newborn to busy toddler. <strong data-start=\"1300\" data-end=\"1325\">And rounded edges<\/strong> increase user safety.<\/p>\n<p>&nbsp;<\/p>\n<p>The cot is available in 2 mattress sizes: <strong><a href=\"https:\/\/inmondo.pl\/en\/sklep\/kolekcje\/loopi\/lozeczko-120\/\">120\u00d760<\/a><\/strong> i 140\u00d770.<\/p>\n<p>&nbsp;<\/p>\n<p>&nbsp;<\/p>\n<h6>Lead time: 6-8 weeks ( if out of stock)<\/h6>","protected":false},"featured_media":746,"comment_status":"open","ping_status":"closed","template":"","meta":{"_acf_changed":true},"product_brand":[],"product_cat":[20,17,23,171,99],"product_tag":[],"class_list":{"0":"post-946","1":"product","2":"type-product","3":"status-publish","4":"has-post-thumbnail","6":"product_cat-elementy","7":"product_cat-kolekcje","8":"product_cat-loopi","9":"product_cat-lozka-niemowlece","10":"product_cat-meble-dostepne","12":"first","13":"onbackorder","14":"taxable","15":"shipping-taxable","16":"purchasable","17":"product-type-variable","18":"has-default-attributes"},"acf":{"wymiary":"Szeroko\u015b\u0107: 147cm<br \/>\r\nWysoko\u015b\u0107: 87,5cm<br \/>\r\nG\u0142\u0119boko\u015b\u0107: 77cm","materialy":"korpus: p\u0142yta MDF ze wstawkami z&nbsp;drewna brzozowego, nogi: drewno brzozowe, stela\u017c: drewno sosnowe, lakiery wodne i&nbsp;wodne UV","sections_woocommerce":[{"acf_fc_layout":"section_menu","is_active":true,"repeater":[{"text":"Opis","link":"#opis"},{"text":"Lookbook","link":"#lookbook"},{"text":"Opinie","link":"#opinie"},{"text":"Inne produkty","link":"#inneprodukty"}]},{"acf_fc_layout":"section_woocommerce_text_image","is_active":true,"anchor":"opis","text_align":"textAlign--left","grid_width":"main","wysiwyg":"<h2 data-start=\"974\" data-end=\"1046\"><strong data-start=\"978\" data-end=\"1046\">\u0141\u00f3\u017ceczko niemowl\u0119ce Loopi 140\u2013 wi\u0119kszy komfort, ten sam styl<\/strong><\/h2>\n<p data-start=\"1048\" data-end=\"1380\"><strong data-start=\"1048\" data-end=\"1086\">\u0141\u00f3\u017ceczko dzieci\u0119ce Loopi 140&#215;70 cm<\/strong> to wi\u0119ksza wersja klasycznego modelu z tej samej kolekcji, zaprojektowana z my\u015bl\u0105 o dzieciach, kt\u00f3re potrzebuj\u0105 nieco wi\u0119cej przestrzeni.<\/p>\n<p data-start=\"1048\" data-end=\"1380\">Dzi\u0119ki przemy\u015blanej konstrukcji i ponadczasowemu wzornictwu, to \u0142\u00f3\u017ceczko stanie si\u0119 funkcjonalnym i estetycznym centrum dzieci\u0119cego pokoju.<\/p>\n<h3 data-start=\"2581\" data-end=\"2628\"><\/h3>\n<h3 data-start=\"2581\" data-end=\"2628\"><\/h3>\n<h3 data-start=\"2581\" data-end=\"2628\"><strong data-start=\"2588\" data-end=\"2628\">Najwa\u017cniejsze cechy \u0142\u00f3\u017ceczka niemowl\u0119cego Loopi 140&#215;70:<\/strong><\/h3>\n<ul data-start=\"2629\" data-end=\"2963\">\n<li data-start=\"2629\" data-end=\"2664\">\n<p data-start=\"2631\" data-end=\"2664\">Wymiary materaca: <strong data-start=\"2649\" data-end=\"2662\">140&#215;70 cm<\/strong><\/p>\n<\/li>\n<li data-start=\"2665\" data-end=\"2713\">\n<p data-start=\"2667\" data-end=\"2713\"><strong data-start=\"2667\" data-end=\"2699\">Regulacja wysoko\u015bci materaca<\/strong> \u2013 3 poziomy<\/p>\n<\/li>\n<li data-start=\"2714\" data-end=\"2772\">\n<p data-start=\"2716\" data-end=\"2772\"><strong data-start=\"2716\" data-end=\"2741\">Zaokr\u0105glone kraw\u0119dzie<\/strong> dla wi\u0119kszego bezpiecze\u0144stwa<\/p>\n<\/li>\n<li data-start=\"2773\" data-end=\"2828\">\n<p data-start=\"2775\" data-end=\"2828\"><strong data-start=\"2775\" data-end=\"2803\">Drewniane n\u00f3\u017cki z brzozy<\/strong> \u2013 trwa\u0142o\u015b\u0107 i elegancja<\/p>\n<\/li>\n<li data-start=\"2829\" data-end=\"2894\">\n<p data-start=\"2831\" data-end=\"2894\">Uniwersalny <strong data-start=\"2843\" data-end=\"2864\">styl skandynawski<\/strong> \u2013 pasuje do ka\u017cdego wn\u0119trza<\/p>\n<\/li>\n<li data-start=\"2895\" data-end=\"2963\">\n<p data-start=\"2897\" data-end=\"2963\">Mo\u017cliwo\u015b\u0107 skompletowania zestawu z innymi meblami z kolekcji Loopi<\/p>\n<\/li>\n<\/ul>\n<div class=\"section_woocommerce_text_image__media\"><\/div>\n","image":"https:\/\/inmondo.pl\/wp-content\/uploads\/2020\/06\/2019_05_INMONDO_POK\u00d3J_BABY_1-14673-scaled.jpg"},{"acf_fc_layout":"section_woocommerce_text_image","is_active":true,"anchor":"opis","text_align":"textAlign--right","grid_width":"main","wysiwyg":"<h2>Loopi<\/h2>\n<div class=\"section_woocommerce_text_image__textbox\">\n<p>Kolekcja mebli dla\u00a0niemowl\u0105t Loopi zosta\u0142a zainspirowana klasycznym wzornictwem lat 60 i\u00a070 z\u00a0nut\u0105 skandynawskiego smaku. Bia\u0142y kolor zosta\u0142 po\u0142\u0105czony z\u00a0elementami z\u00a0drewna brzozowego. Kolekcja Loopi oferuje kompletny zestaw mebli, aby\u00a0stworzy\u0107 wymarzony pok\u00f3j dla\u00a0niemowl\u0105t. Oferuje to co najlepsze w\u00a0nowoczesnym wzornictwie dla\u00a0rodzic\u00f3w, kt\u00f3rzy szukaj\u0105 idealnego po\u0142\u0105czenia stylu i\u00a0jako\u015bci i\u00a0funkcjonalno\u015bci.<\/p>\n<\/div>\n<div class=\"section_woocommerce_text_image__media\"><\/div>\n","image":"https:\/\/inmondo.pl\/wp-content\/uploads\/2020\/06\/2019_05_INMONDO_POK\u00d3J_BABY_1-14673-scaled.jpg"},{"acf_fc_layout":"section_woocommerce_text_image","is_active":false,"anchor":"","text_align":"textAlign--right","grid_width":"main","wysiwyg":"<p>.<\/p>\n","image":"https:\/\/inmondo.pl\/wp-content\/uploads\/2020\/06\/2019_05_INMONDO_POK\u00d3J_BABY_1-14603-scaled-e1595689946478.jpg"},{"acf_fc_layout":"section_woocommerce_lookbook","is_active":true,"anchor":"lookbook","header":"<h2 style=\"text-align: center;\">Zobacz galeri\u0119 Loopi<\/h2>\n<p style=\"text-align: center;\">Zobacz aran\u017cacje pokoi niemowl\u0119cych z\u00a0u\u017cyciem mebli i\u00a0element\u00f3w Loopi.<\/p>\n","repeater":[{"shortcode":"[woocommerce_lookbook id=\"378\"]"},{"shortcode":"[woocommerce_lookbook id=\"349\"]"},{"shortcode":"[woocommerce_lookbook id=\"1547\"]"},{"shortcode":"[woocommerce_lookbook id=\"1270\"]"}]},{"acf_fc_layout":"section_woocommerce_opinions","is_active":true,"anchor":"opinie"},{"acf_fc_layout":"section_woocommerce_otherFromCategory","is_active":true,"anchor":"inneprodukty"}],"czas_realizacji":""},"yoast_head":"<!-- This site is optimized with the Yoast SEO plugin v27.3 - https:\/\/yoast.com\/product\/yoast-seo-wordpress\/ -->\n<title>\u0141\u00f3\u017ceczko niemowl\u0119ce 140 - Inmondo<\/title>\n<meta name=\"description\" content=\"\u0141\u00f3\u017ceczko niemowl\u0119ce Loopi 140x70 cm z regulacj\u0105 wysoko\u015bci materaca. Bezpieczne, styl skandynawski, drewniane n\u00f3\u017cki. Idealne dla niemowl\u0105t i maluch\u00f3w.\" \/>\n<meta name=\"robots\" content=\"index, follow, max-snippet:-1, max-image-preview:large, max-video-preview:-1\" \/>\n<link rel=\"canonical\" href=\"https:\/\/inmondo.pl\/en\/sklep\/elementy\/lozka-niemowlece\/lozeczko-140\/\" \/>\n<meta property=\"og:locale\" content=\"en_GB\" \/>\n<meta property=\"og:type\" content=\"article\" \/>\n<meta property=\"og:title\" content=\"\u0141\u00f3\u017ceczko niemowl\u0119ce 140 - Inmondo\" \/>\n<meta property=\"og:description\" content=\"\u0141\u00f3\u017ceczko niemowl\u0119ce Loopi 140x70 cm z regulacj\u0105 wysoko\u015bci materaca. Bezpieczne, styl skandynawski, drewniane n\u00f3\u017cki. Idealne dla niemowl\u0105t i maluch\u00f3w.\" \/>\n<meta property=\"og:url\" content=\"https:\/\/inmondo.pl\/en\/sklep\/elementy\/lozka-niemowlece\/lozeczko-140\/\" \/>\n<meta property=\"og:site_name\" content=\"Inmondo\" \/>\n<meta property=\"article:modified_time\" content=\"2026-03-24T08:51:54+00:00\" \/>\n<meta property=\"og:image\" content=\"https:\/\/inmondo.pl\/wp-content\/uploads\/2020\/06\/2019_09_INMONDO_PACKSHOTY-19871_small.jpg\" \/>\n\t<meta property=\"og:image:width\" content=\"960\" \/>\n\t<meta property=\"og:image:height\" content=\"960\" \/>\n\t<meta property=\"og:image:type\" content=\"image\/jpeg\" \/>\n<meta name=\"twitter:card\" content=\"summary_large_image\" \/>\n<meta name=\"twitter:label1\" content=\"Estimated reading time\" \/>\n\t<meta name=\"twitter:data1\" content=\"3 minutes\" \/>\n<script type=\"application\/ld+json\" class=\"yoast-schema-graph\">{\"@context\":\"https:\\\/\\\/schema.org\",\"@graph\":[{\"@type\":\"WebPage\",\"@id\":\"https:\\\/\\\/inmondo.pl\\\/sklep\\\/elementy\\\/lozka-niemowlece\\\/lozeczko-140\\\/\",\"url\":\"https:\\\/\\\/inmondo.pl\\\/sklep\\\/elementy\\\/lozka-niemowlece\\\/lozeczko-140\\\/\",\"name\":\"\u0141\u00f3\u017ceczko niemowl\u0119ce 140 - Inmondo\",\"isPartOf\":{\"@id\":\"https:\\\/\\\/inmondo.pl\\\/#website\"},\"primaryImageOfPage\":{\"@id\":\"https:\\\/\\\/inmondo.pl\\\/sklep\\\/elementy\\\/lozka-niemowlece\\\/lozeczko-140\\\/#primaryimage\"},\"image\":{\"@id\":\"https:\\\/\\\/inmondo.pl\\\/sklep\\\/elementy\\\/lozka-niemowlece\\\/lozeczko-140\\\/#primaryimage\"},\"thumbnailUrl\":\"https:\\\/\\\/inmondo.pl\\\/wp-content\\\/uploads\\\/2020\\\/06\\\/2019_09_INMONDO_PACKSHOTY-19871_small.jpg\",\"datePublished\":\"2020-06-16T11:00:33+00:00\",\"dateModified\":\"2026-03-24T08:51:54+00:00\",\"description\":\"\u0141\u00f3\u017ceczko niemowl\u0119ce Loopi 140x70 cm z regulacj\u0105 wysoko\u015bci materaca. Bezpieczne, styl skandynawski, drewniane n\u00f3\u017cki. Idealne dla niemowl\u0105t i maluch\u00f3w.\",\"breadcrumb\":{\"@id\":\"https:\\\/\\\/inmondo.pl\\\/sklep\\\/elementy\\\/lozka-niemowlece\\\/lozeczko-140\\\/#breadcrumb\"},\"inLanguage\":\"en-GB\",\"potentialAction\":[{\"@type\":\"ReadAction\",\"target\":[\"https:\\\/\\\/inmondo.pl\\\/sklep\\\/elementy\\\/lozka-niemowlece\\\/lozeczko-140\\\/\"]}]},{\"@type\":\"ImageObject\",\"inLanguage\":\"en-GB\",\"@id\":\"https:\\\/\\\/inmondo.pl\\\/sklep\\\/elementy\\\/lozka-niemowlece\\\/lozeczko-140\\\/#primaryimage\",\"url\":\"https:\\\/\\\/inmondo.pl\\\/wp-content\\\/uploads\\\/2020\\\/06\\\/2019_09_INMONDO_PACKSHOTY-19871_small.jpg\",\"contentUrl\":\"https:\\\/\\\/inmondo.pl\\\/wp-content\\\/uploads\\\/2020\\\/06\\\/2019_09_INMONDO_PACKSHOTY-19871_small.jpg\",\"width\":960,\"height\":960},{\"@type\":\"BreadcrumbList\",\"@id\":\"https:\\\/\\\/inmondo.pl\\\/sklep\\\/elementy\\\/lozka-niemowlece\\\/lozeczko-140\\\/#breadcrumb\",\"itemListElement\":[{\"@type\":\"ListItem\",\"position\":1,\"name\":\"Strona g\u0142\u00f3wna\",\"item\":\"https:\\\/\\\/inmondo.pl\\\/\"},{\"@type\":\"ListItem\",\"position\":2,\"name\":\"Oferta Inmondo: spe\u0142niamy marzenia i wymagania\",\"item\":\"https:\\\/\\\/inmondo.pl\\\/sklep\\\/\"},{\"@type\":\"ListItem\",\"position\":3,\"name\":\"kolekcje\",\"item\":\"https:\\\/\\\/inmondo.pl\\\/de\\\/sklep\\\/kolekcje\\\/\"},{\"@type\":\"ListItem\",\"position\":4,\"name\":\"\u0141\u00f3\u017ceczko niemowl\u0119ce 140\"}]},{\"@type\":\"WebSite\",\"@id\":\"https:\\\/\\\/inmondo.pl\\\/#website\",\"url\":\"https:\\\/\\\/inmondo.pl\\\/\",\"name\":\"Inmondo\",\"description\":\"\",\"potentialAction\":[{\"@type\":\"SearchAction\",\"target\":{\"@type\":\"EntryPoint\",\"urlTemplate\":\"https:\\\/\\\/inmondo.pl\\\/?s={search_term_string}\"},\"query-input\":{\"@type\":\"PropertyValueSpecification\",\"valueRequired\":true,\"valueName\":\"search_term_string\"}}],\"inLanguage\":\"en-GB\"}]}<\/script>\n<!-- \/ Yoast SEO plugin. -->","yoast_head_json":{"title":"Infant cot 140 - Inmondo","description":"Loopi 140x70 cm baby cot with height-adjustable mattress. Safe, Scandinavian style, wooden legs. Ideal for babies and toddlers.","robots":{"index":"index","follow":"follow","max-snippet":"max-snippet:-1","max-image-preview":"max-image-preview:large","max-video-preview":"max-video-preview:-1"},"canonical":"https:\/\/inmondo.pl\/en\/sklep\/elementy\/lozka-niemowlece\/lozeczko-140\/","og_locale":"en_GB","og_type":"article","og_title":"\u0141\u00f3\u017ceczko niemowl\u0119ce 140 - Inmondo","og_description":"\u0141\u00f3\u017ceczko niemowl\u0119ce Loopi 140x70 cm z regulacj\u0105 wysoko\u015bci materaca. Bezpieczne, styl skandynawski, drewniane n\u00f3\u017cki. Idealne dla niemowl\u0105t i maluch\u00f3w.","og_url":"https:\/\/inmondo.pl\/en\/sklep\/elementy\/lozka-niemowlece\/lozeczko-140\/","og_site_name":"Inmondo","article_modified_time":"2026-03-24T08:51:54+00:00","og_image":[{"width":960,"height":960,"url":"https:\/\/inmondo.pl\/wp-content\/uploads\/2020\/06\/2019_09_INMONDO_PACKSHOTY-19871_small.jpg","type":"image\/jpeg"}],"twitter_card":"summary_large_image","twitter_misc":{"Estimated reading time":"3 minutes"},"schema":{"@context":"https:\/\/schema.org","@graph":[{"@type":"WebPage","@id":"https:\/\/inmondo.pl\/sklep\/elementy\/lozka-niemowlece\/lozeczko-140\/","url":"https:\/\/inmondo.pl\/sklep\/elementy\/lozka-niemowlece\/lozeczko-140\/","name":"Infant cot 140 - Inmondo","isPartOf":{"@id":"https:\/\/inmondo.pl\/#website"},"primaryImageOfPage":{"@id":"https:\/\/inmondo.pl\/sklep\/elementy\/lozka-niemowlece\/lozeczko-140\/#primaryimage"},"image":{"@id":"https:\/\/inmondo.pl\/sklep\/elementy\/lozka-niemowlece\/lozeczko-140\/#primaryimage"},"thumbnailUrl":"https:\/\/inmondo.pl\/wp-content\/uploads\/2020\/06\/2019_09_INMONDO_PACKSHOTY-19871_small.jpg","datePublished":"2020-06-16T11:00:33+00:00","dateModified":"2026-03-24T08:51:54+00:00","description":"Loopi 140x70 cm baby cot with height-adjustable mattress. Safe, Scandinavian style, wooden legs. Ideal for babies and toddlers.","breadcrumb":{"@id":"https:\/\/inmondo.pl\/sklep\/elementy\/lozka-niemowlece\/lozeczko-140\/#breadcrumb"},"inLanguage":"en-GB","potentialAction":[{"@type":"ReadAction","target":["https:\/\/inmondo.pl\/sklep\/elementy\/lozka-niemowlece\/lozeczko-140\/"]}]},{"@type":"ImageObject","inLanguage":"en-GB","@id":"https:\/\/inmondo.pl\/sklep\/elementy\/lozka-niemowlece\/lozeczko-140\/#primaryimage","url":"https:\/\/inmondo.pl\/wp-content\/uploads\/2020\/06\/2019_09_INMONDO_PACKSHOTY-19871_small.jpg","contentUrl":"https:\/\/inmondo.pl\/wp-content\/uploads\/2020\/06\/2019_09_INMONDO_PACKSHOTY-19871_small.jpg","width":960,"height":960},{"@type":"BreadcrumbList","@id":"https:\/\/inmondo.pl\/sklep\/elementy\/lozka-niemowlece\/lozeczko-140\/#breadcrumb","itemListElement":[{"@type":"ListItem","position":1,"name":"Strona g\u0142\u00f3wna","item":"https:\/\/inmondo.pl\/"},{"@type":"ListItem","position":2,"name":"Oferta Inmondo: spe\u0142niamy marzenia i wymagania","item":"https:\/\/inmondo.pl\/sklep\/"},{"@type":"ListItem","position":3,"name":"kolekcje","item":"https:\/\/inmondo.pl\/de\/sklep\/kolekcje\/"},{"@type":"ListItem","position":4,"name":"\u0141\u00f3\u017ceczko niemowl\u0119ce 140"}]},{"@type":"WebSite","@id":"https:\/\/inmondo.pl\/#website","url":"https:\/\/inmondo.pl\/","name":"Inmondo","description":"","potentialAction":[{"@type":"SearchAction","target":{"@type":"EntryPoint","urlTemplate":"https:\/\/inmondo.pl\/?s={search_term_string}"},"query-input":{"@type":"PropertyValueSpecification","valueRequired":true,"valueName":"search_term_string"}}],"inLanguage":"en-GB"}]}},"wcpa_form_fields":null,"_links":{"self":[{"href":"https:\/\/inmondo.pl\/en\/wp-json\/wp\/v2\/product\/946","targetHints":{"allow":["GET"]}}],"collection":[{"href":"https:\/\/inmondo.pl\/en\/wp-json\/wp\/v2\/product"}],"about":[{"href":"https:\/\/inmondo.pl\/en\/wp-json\/wp\/v2\/types\/product"}],"replies":[{"embeddable":true,"href":"https:\/\/inmondo.pl\/en\/wp-json\/wp\/v2\/comments?post=946"}],"wp:featuredmedia":[{"embeddable":true,"href":"https:\/\/inmondo.pl\/en\/wp-json\/wp\/v2\/media\/746"}],"wp:attachment":[{"href":"https:\/\/inmondo.pl\/en\/wp-json\/wp\/v2\/media?parent=946"}],"wp:term":[{"taxonomy":"product_brand","embeddable":true,"href":"https:\/\/inmondo.pl\/en\/wp-json\/wp\/v2\/product_brand?post=946"},{"taxonomy":"product_cat","embeddable":true,"href":"https:\/\/inmondo.pl\/en\/wp-json\/wp\/v2\/product_cat?post=946"},{"taxonomy":"product_tag","embeddable":true,"href":"https:\/\/inmondo.pl\/en\/wp-json\/wp\/v2\/product_tag?post=946"}],"curies":[{"name":"wp","href":"https:\/\/api.w.org\/{rel}","templated":true}]}}