{"id":943,"date":"2020-06-16T12:58:56","date_gmt":"2020-06-16T10:58:56","guid":{"rendered":"http:\/\/inmondo.pl\/?post_type=product&#038;p=943"},"modified":"2025-11-07T12:35:20","modified_gmt":"2025-11-07T11:35:20","slug":"komoda-wysoka-3s-fronty-brzoza","status":"publish","type":"product","link":"https:\/\/inmondo.pl\/en\/sklep\/elementy\/komody\/komoda-wysoka-3s-fronty-brzoza\/","title":{"rendered":"High chest of drawers 3S birch fronts"},"content":{"rendered":"<p>The rounded edges of the top and bottom rim and birch legs give it visual lightness. It has three spacious drawers, the birch fronts of which perfectly match the white or gray finish of the rest of the furniture. This timeless combination will remain in fashion forever. The Loopi chest of drawers is an example of a piece of furniture in which the practical aspect goes hand in hand with beautiful design.<\/p>\n<p>A soft-close system provided by solid metal guides. So you will never wake your baby up.<\/p>\n<p>The chest of drawers can be supplemented with a changing table, which can be easily dismantled when it is no longer needed.<\/p>\n<p>The Loopi collection has been painted with child- and environmentally friendly water-based varnishes. The wood it contains comes from well-managed forests.<\/p>","protected":false},"excerpt":{"rendered":"<p><strong data-start=\"146\" data-end=\"172\">Loopi children's chest of drawers<\/strong> is a unique combination of functionality, safety and timeless style.<\/p>\n<p>Equipped with three capacious drawers with a silent closing system and the possibility of installing a changing table, it is perfect from the first days of the baby's life.<\/p>\n<p>The fronts of the chest of drawers are available in two variants - natural birch wood or lacquered MDF - allowing you to tailor the furniture to your own tastes.<\/p>\n<p>The gently rounded edges and sturdy solid wood legs not only make it safer to use, but also give the chest of drawers a light and unique charm.<\/p>\n<p>It is the ideal choice for parents who are looking for a practical and stylish solution for their baby's room.<\/p>\n<p>&nbsp;<\/p>\n<h6>Lead time: 6-8 weeks ( if out of stock)<\/h6>","protected":false},"featured_media":756,"comment_status":"open","ping_status":"closed","template":"","meta":{"_acf_changed":true},"product_brand":[],"product_cat":[20,17,30,23,99],"product_tag":[],"class_list":{"0":"post-943","1":"product","2":"type-product","3":"status-publish","4":"has-post-thumbnail","6":"product_cat-elementy","7":"product_cat-kolekcje","8":"product_cat-komody","9":"product_cat-loopi","10":"product_cat-meble-dostepne","12":"first","13":"onbackorder","14":"taxable","15":"shipping-taxable","16":"purchasable","17":"product-type-variable","18":"has-default-attributes"},"acf":{"wymiary":"Szeroko\u015b\u0107: 100cm<br \/>\r\nWysoko\u015b\u0107: 87,5cm<br \/>\r\nG\u0142\u0119boko\u015b\u0107: 55cm","materialy":"korpus: p\u0142yta MDF ze wstawkami z&nbsp;drewna brzozowego, nogi: drewno brzozowe, lakiery wodne i&nbsp;wodne UV","sections_woocommerce":[{"acf_fc_layout":"section_menu","is_active":true,"repeater":[{"text":"Opis","link":"#opis"},{"text":"Lookbook","link":"#lookbook"},{"text":"Opinie","link":"#opinie"},{"text":"Inne produkty","link":"#inneprodukty"}]},{"acf_fc_layout":"section_woocommerce_text_image","is_active":true,"anchor":"opis","text_align":"textAlign--left","grid_width":"main","wysiwyg":"<p data-start=\"599\" data-end=\"834\"><strong data-start=\"599\" data-end=\"615\">Komoda Loopi<\/strong> to nowoczesny mebel dzieci\u0119cy, kt\u00f3ry doskonale \u0142\u0105czy <strong data-start=\"669\" data-end=\"709\">estetyk\u0119 z praktycznym zastosowaniem<\/strong>. Zaprojektowana z my\u015bl\u0105 o rodzicach i maluszkach, \u015bwietnie sprawdzi si\u0119 jako g\u0142\u00f3wny element wyposa\u017cenia pokoju niemowl\u0119cego.<\/p>\n<p data-start=\"836\" data-end=\"887\">\n<p data-start=\"836\" data-end=\"887\"><strong data-start=\"842\" data-end=\"887\">Funkcjonalno\u015b\u0107, kt\u00f3ra u\u0142atwia codzienno\u015b\u0107<\/strong><\/p>\n<p data-start=\"888\" data-end=\"1167\">Komoda wyposa\u017cona zosta\u0142a w <strong data-start=\"916\" data-end=\"941\">trzy pojemne szuflady<\/strong>, idealne do przechowywania dzieci\u0119cych ubranek, akcesori\u00f3w czy pieluszek.<\/p>\n<p data-start=\"888\" data-end=\"1167\">Dzi\u0119ki zastosowaniu <strong data-start=\"1036\" data-end=\"1086\">metalowych prowadnic z systemem cichego domyku<\/strong>, mo\u017cesz korzysta\u0107 z niej nawet wtedy, gdy Tw\u00f3j maluszek \u015bpi \u2013 bez ryzyka ha\u0142asu.<\/p>\n<p data-start=\"1169\" data-end=\"1229\">\n<p data-start=\"1169\" data-end=\"1229\"><strong data-start=\"1175\" data-end=\"1229\">Z przewijakiem lub bez \u2013 dopasuj do swoich potrzeb<\/strong><\/p>\n<p data-start=\"1230\" data-end=\"1501\">G\u00f3rna powierzchnia komody zosta\u0142a przystosowana do monta\u017cu <strong data-start=\"1289\" data-end=\"1312\">przewijaka<\/strong> (opcjonalnie).<\/p>\n<p data-start=\"1230\" data-end=\"1501\">Przewijak mo\u017cna w ka\u017cdej chwili \u0142atwo zdemontowa\u0107, gdy nie b\u0119dzie ju\u017c potrzebny, dzi\u0119ki czemu komoda pos\u0142u\u017cy przez wiele lat \u2013 tak\u017ce na p\u00f3\u017aniejszych etapach rozwoju dziecka.<\/p>\n<p data-start=\"1503\" data-end=\"1547\">\n<p data-start=\"1503\" data-end=\"1547\"><strong data-start=\"1509\" data-end=\"1547\">Pi\u0119kno w detalu \u2013 materia\u0142y i styl<\/strong><\/p>\n<p data-start=\"1548\" data-end=\"1958\">Zaokr\u0105glone kraw\u0119dzie g\u00f3rnego i dolnego wie\u0144ca oraz <strong data-start=\"1600\" data-end=\"1623\">lite, brzozowe nogi<\/strong> nadaj\u0105 meblowi lekko\u015bci i subtelnego uroku.<\/p>\n<p data-start=\"1548\" data-end=\"1958\">Fronty szuflad wykonane zosta\u0142y z naturalnego <strong data-start=\"1714\" data-end=\"1735\">drewna brzozowego<\/strong> lub eleganckiego <strong data-start=\"1753\" data-end=\"1776\">MDF-u lakierowanego<\/strong>, w zale\u017cno\u015bci od wybranej wersji.<\/p>\n<p data-start=\"1548\" data-end=\"1958\">Kolorystyczne zestawienie drewna z biel\u0105 lub szaro\u015bci\u0105 tworzy <strong data-start=\"1873\" data-end=\"1895\">ponadczasowy efekt<\/strong>, kt\u00f3ry doskonale wpasuje si\u0119 w stylistyk\u0119 nowoczesnych wn\u0119trz.<\/p>\n<h2><\/h2>\n<p>&nbsp;<\/p>\n","image":"https:\/\/inmondo.pl\/wp-content\/uploads\/2020\/06\/2019_05_INMONDO_POK\u00d3J_BABY_1-14867-scaled.jpg"},{"acf_fc_layout":"section_woocommerce_text_image","is_active":true,"anchor":"opis","text_align":"textAlign--right","grid_width":"main","wysiwyg":"<h2>Loopi &#8211;<strong data-start=\"1972\" data-end=\"2037\">\u00a0kompletna aran\u017cacja pokoju dzieci\u0119cego<\/strong><\/h2>\n<p>Kolekcja mebli dla\u00a0niemowl\u0105t Loopi zosta\u0142a zainspirowana klasycznym wzornictwem lat 60 i\u00a070 z\u00a0nut\u0105 skandynawskiego smaku. Bia\u0142y kolor zosta\u0142 po\u0142\u0105czony z\u00a0elementami z\u00a0drewna brzozowego. Kolekcja Loopi oferuje kompletny zestaw mebli, aby\u00a0stworzy\u0107 wymarzony pok\u00f3j dla\u00a0niemowl\u0105t. Oferuje to co najlepsze w\u00a0nowoczesnym wzornictwie dla\u00a0rodzic\u00f3w, kt\u00f3rzy szukaj\u0105 idealnego po\u0142\u0105czenia stylu i\u00a0jako\u015bci i\u00a0funkcjonalno\u015bci.<\/p>\n<p data-start=\"2038\" data-end=\"2281\">\n","image":"https:\/\/inmondo.pl\/wp-content\/uploads\/2020\/06\/2019_05_INMONDO_POK\u00d3J_BABY_1-1458121.jpg"},{"acf_fc_layout":"section_woocommerce_text_image","is_active":false,"anchor":"","text_align":"textAlign--right","grid_width":"main","wysiwyg":"","image":"https:\/\/inmondo.pl\/wp-content\/uploads\/2020\/06\/2019_05_INMONDO_POK\u00d3J_BABY_1-14581-scaled.jpg"},{"acf_fc_layout":"section_woocommerce_lookbook","is_active":true,"anchor":"lookbook","header":"<h2 style=\"text-align: center;\">Zobacz galeri\u0119 Loopi:<\/h2>\n<p style=\"text-align: center;\">Zobacz aran\u017cacje pokoi niemowl\u0119cych z\u00a0u\u017cyciem mebli i\u00a0element\u00f3w Loopi.<\/p>\n","repeater":[{"shortcode":"[woocommerce_lookbook id=\"378\"]"},{"shortcode":"[woocommerce_lookbook id=\"349\"]"},{"shortcode":"[woocommerce_lookbook id=\"1547\"]"},{"shortcode":"[woocommerce_lookbook id=\"1270\"]"}]},{"acf_fc_layout":"section_woocommerce_opinions","is_active":true,"anchor":"opinie"},{"acf_fc_layout":"section_woocommerce_otherFromCategory","is_active":true,"anchor":"inneprodukty"}]},"yoast_head":"<!-- This site is optimized with the Yoast SEO plugin v27.3 - https:\/\/yoast.com\/product\/yoast-seo-wordpress\/ -->\n<title>Komoda wysoka 3S fronty brzoza - Inmondo<\/title>\n<meta name=\"description\" content=\"Komoda dzieci\u0119ca Loopi z 3 szufladami i opcj\u0105 przewijaka. Styl skandynawski, fronty z drewna brzozowego lub MDF. Cichy domyk, zaokr\u0105glone kraw\u0119dzie.\" \/>\n<meta name=\"robots\" content=\"index, follow, max-snippet:-1, max-image-preview:large, max-video-preview:-1\" \/>\n<link rel=\"canonical\" href=\"https:\/\/inmondo.pl\/en\/sklep\/elementy\/komody\/komoda-wysoka-3s-fronty-brzoza\/\" \/>\n<meta property=\"og:locale\" content=\"en_GB\" \/>\n<meta property=\"og:type\" content=\"article\" \/>\n<meta property=\"og:title\" content=\"Komoda wysoka 3S fronty brzoza - Inmondo\" \/>\n<meta property=\"og:description\" content=\"Komoda dzieci\u0119ca Loopi z 3 szufladami i opcj\u0105 przewijaka. Styl skandynawski, fronty z drewna brzozowego lub MDF. Cichy domyk, zaokr\u0105glone kraw\u0119dzie.\" \/>\n<meta property=\"og:url\" content=\"https:\/\/inmondo.pl\/en\/sklep\/elementy\/komody\/komoda-wysoka-3s-fronty-brzoza\/\" \/>\n<meta property=\"og:site_name\" content=\"Inmondo\" \/>\n<meta property=\"article:modified_time\" content=\"2025-11-07T11:35:20+00:00\" \/>\n<meta property=\"og:image\" content=\"https:\/\/inmondo.pl\/wp-content\/uploads\/2020\/06\/2019_09_INMONDO_PACKSHOTY-19888_small.jpg\" \/>\n\t<meta property=\"og:image:width\" content=\"960\" \/>\n\t<meta property=\"og:image:height\" content=\"960\" \/>\n\t<meta property=\"og:image:type\" content=\"image\/jpeg\" \/>\n<meta name=\"twitter:card\" content=\"summary_large_image\" \/>\n<meta name=\"twitter:label1\" content=\"Estimated reading time\" \/>\n\t<meta name=\"twitter:data1\" content=\"4 minutes\" \/>\n<script type=\"application\/ld+json\" class=\"yoast-schema-graph\">{\"@context\":\"https:\\\/\\\/schema.org\",\"@graph\":[{\"@type\":\"WebPage\",\"@id\":\"https:\\\/\\\/inmondo.pl\\\/sklep\\\/elementy\\\/komody\\\/komoda-wysoka-3s-fronty-brzoza\\\/\",\"url\":\"https:\\\/\\\/inmondo.pl\\\/sklep\\\/elementy\\\/komody\\\/komoda-wysoka-3s-fronty-brzoza\\\/\",\"name\":\"Komoda wysoka 3S fronty brzoza - Inmondo\",\"isPartOf\":{\"@id\":\"https:\\\/\\\/inmondo.pl\\\/#website\"},\"primaryImageOfPage\":{\"@id\":\"https:\\\/\\\/inmondo.pl\\\/sklep\\\/elementy\\\/komody\\\/komoda-wysoka-3s-fronty-brzoza\\\/#primaryimage\"},\"image\":{\"@id\":\"https:\\\/\\\/inmondo.pl\\\/sklep\\\/elementy\\\/komody\\\/komoda-wysoka-3s-fronty-brzoza\\\/#primaryimage\"},\"thumbnailUrl\":\"https:\\\/\\\/inmondo.pl\\\/wp-content\\\/uploads\\\/2020\\\/06\\\/2019_09_INMONDO_PACKSHOTY-19888_small.jpg\",\"datePublished\":\"2020-06-16T10:58:56+00:00\",\"dateModified\":\"2025-11-07T11:35:20+00:00\",\"description\":\"Komoda dzieci\u0119ca Loopi z 3 szufladami i opcj\u0105 przewijaka. Styl skandynawski, fronty z drewna brzozowego lub MDF. Cichy domyk, zaokr\u0105glone kraw\u0119dzie.\",\"breadcrumb\":{\"@id\":\"https:\\\/\\\/inmondo.pl\\\/sklep\\\/elementy\\\/komody\\\/komoda-wysoka-3s-fronty-brzoza\\\/#breadcrumb\"},\"inLanguage\":\"en-GB\",\"potentialAction\":[{\"@type\":\"ReadAction\",\"target\":[\"https:\\\/\\\/inmondo.pl\\\/sklep\\\/elementy\\\/komody\\\/komoda-wysoka-3s-fronty-brzoza\\\/\"]}]},{\"@type\":\"ImageObject\",\"inLanguage\":\"en-GB\",\"@id\":\"https:\\\/\\\/inmondo.pl\\\/sklep\\\/elementy\\\/komody\\\/komoda-wysoka-3s-fronty-brzoza\\\/#primaryimage\",\"url\":\"https:\\\/\\\/inmondo.pl\\\/wp-content\\\/uploads\\\/2020\\\/06\\\/2019_09_INMONDO_PACKSHOTY-19888_small.jpg\",\"contentUrl\":\"https:\\\/\\\/inmondo.pl\\\/wp-content\\\/uploads\\\/2020\\\/06\\\/2019_09_INMONDO_PACKSHOTY-19888_small.jpg\",\"width\":960,\"height\":960},{\"@type\":\"BreadcrumbList\",\"@id\":\"https:\\\/\\\/inmondo.pl\\\/sklep\\\/elementy\\\/komody\\\/komoda-wysoka-3s-fronty-brzoza\\\/#breadcrumb\",\"itemListElement\":[{\"@type\":\"ListItem\",\"position\":1,\"name\":\"Strona g\u0142\u00f3wna\",\"item\":\"https:\\\/\\\/inmondo.pl\\\/\"},{\"@type\":\"ListItem\",\"position\":2,\"name\":\"Oferta Inmondo: spe\u0142niamy marzenia i wymagania\",\"item\":\"https:\\\/\\\/inmondo.pl\\\/sklep\\\/\"},{\"@type\":\"ListItem\",\"position\":3,\"name\":\"kolekcje\",\"item\":\"https:\\\/\\\/inmondo.pl\\\/de\\\/sklep\\\/kolekcje\\\/\"},{\"@type\":\"ListItem\",\"position\":4,\"name\":\"Komoda wysoka 3S fronty brzoza\"}]},{\"@type\":\"WebSite\",\"@id\":\"https:\\\/\\\/inmondo.pl\\\/#website\",\"url\":\"https:\\\/\\\/inmondo.pl\\\/\",\"name\":\"Inmondo\",\"description\":\"\",\"potentialAction\":[{\"@type\":\"SearchAction\",\"target\":{\"@type\":\"EntryPoint\",\"urlTemplate\":\"https:\\\/\\\/inmondo.pl\\\/?s={search_term_string}\"},\"query-input\":{\"@type\":\"PropertyValueSpecification\",\"valueRequired\":true,\"valueName\":\"search_term_string\"}}],\"inLanguage\":\"en-GB\"}]}<\/script>\n<!-- \/ Yoast SEO plugin. -->","yoast_head_json":{"title":"High chest of drawers 3S birch fronts - Inmondo","description":"Loopi children's chest of drawers with 3 drawers and changing table option. Scandinavian style, fronts in birch wood or MDF. Soft-close, rounded edges.","robots":{"index":"index","follow":"follow","max-snippet":"max-snippet:-1","max-image-preview":"max-image-preview:large","max-video-preview":"max-video-preview:-1"},"canonical":"https:\/\/inmondo.pl\/en\/sklep\/elementy\/komody\/komoda-wysoka-3s-fronty-brzoza\/","og_locale":"en_GB","og_type":"article","og_title":"Komoda wysoka 3S fronty brzoza - Inmondo","og_description":"Komoda dzieci\u0119ca Loopi z 3 szufladami i opcj\u0105 przewijaka. Styl skandynawski, fronty z drewna brzozowego lub MDF. Cichy domyk, zaokr\u0105glone kraw\u0119dzie.","og_url":"https:\/\/inmondo.pl\/en\/sklep\/elementy\/komody\/komoda-wysoka-3s-fronty-brzoza\/","og_site_name":"Inmondo","article_modified_time":"2025-11-07T11:35:20+00:00","og_image":[{"width":960,"height":960,"url":"https:\/\/inmondo.pl\/wp-content\/uploads\/2020\/06\/2019_09_INMONDO_PACKSHOTY-19888_small.jpg","type":"image\/jpeg"}],"twitter_card":"summary_large_image","twitter_misc":{"Estimated reading time":"4 minutes"},"schema":{"@context":"https:\/\/schema.org","@graph":[{"@type":"WebPage","@id":"https:\/\/inmondo.pl\/sklep\/elementy\/komody\/komoda-wysoka-3s-fronty-brzoza\/","url":"https:\/\/inmondo.pl\/sklep\/elementy\/komody\/komoda-wysoka-3s-fronty-brzoza\/","name":"High chest of drawers 3S birch fronts - Inmondo","isPartOf":{"@id":"https:\/\/inmondo.pl\/#website"},"primaryImageOfPage":{"@id":"https:\/\/inmondo.pl\/sklep\/elementy\/komody\/komoda-wysoka-3s-fronty-brzoza\/#primaryimage"},"image":{"@id":"https:\/\/inmondo.pl\/sklep\/elementy\/komody\/komoda-wysoka-3s-fronty-brzoza\/#primaryimage"},"thumbnailUrl":"https:\/\/inmondo.pl\/wp-content\/uploads\/2020\/06\/2019_09_INMONDO_PACKSHOTY-19888_small.jpg","datePublished":"2020-06-16T10:58:56+00:00","dateModified":"2025-11-07T11:35:20+00:00","description":"Loopi children's chest of drawers with 3 drawers and changing table option. Scandinavian style, fronts in birch wood or MDF. Soft-close, rounded edges.","breadcrumb":{"@id":"https:\/\/inmondo.pl\/sklep\/elementy\/komody\/komoda-wysoka-3s-fronty-brzoza\/#breadcrumb"},"inLanguage":"en-GB","potentialAction":[{"@type":"ReadAction","target":["https:\/\/inmondo.pl\/sklep\/elementy\/komody\/komoda-wysoka-3s-fronty-brzoza\/"]}]},{"@type":"ImageObject","inLanguage":"en-GB","@id":"https:\/\/inmondo.pl\/sklep\/elementy\/komody\/komoda-wysoka-3s-fronty-brzoza\/#primaryimage","url":"https:\/\/inmondo.pl\/wp-content\/uploads\/2020\/06\/2019_09_INMONDO_PACKSHOTY-19888_small.jpg","contentUrl":"https:\/\/inmondo.pl\/wp-content\/uploads\/2020\/06\/2019_09_INMONDO_PACKSHOTY-19888_small.jpg","width":960,"height":960},{"@type":"BreadcrumbList","@id":"https:\/\/inmondo.pl\/sklep\/elementy\/komody\/komoda-wysoka-3s-fronty-brzoza\/#breadcrumb","itemListElement":[{"@type":"ListItem","position":1,"name":"Strona g\u0142\u00f3wna","item":"https:\/\/inmondo.pl\/"},{"@type":"ListItem","position":2,"name":"Oferta Inmondo: spe\u0142niamy marzenia i wymagania","item":"https:\/\/inmondo.pl\/sklep\/"},{"@type":"ListItem","position":3,"name":"kolekcje","item":"https:\/\/inmondo.pl\/de\/sklep\/kolekcje\/"},{"@type":"ListItem","position":4,"name":"Komoda wysoka 3S fronty brzoza"}]},{"@type":"WebSite","@id":"https:\/\/inmondo.pl\/#website","url":"https:\/\/inmondo.pl\/","name":"Inmondo","description":"","potentialAction":[{"@type":"SearchAction","target":{"@type":"EntryPoint","urlTemplate":"https:\/\/inmondo.pl\/?s={search_term_string}"},"query-input":{"@type":"PropertyValueSpecification","valueRequired":true,"valueName":"search_term_string"}}],"inLanguage":"en-GB"}]}},"wcpa_form_fields":null,"_links":{"self":[{"href":"https:\/\/inmondo.pl\/en\/wp-json\/wp\/v2\/product\/943","targetHints":{"allow":["GET"]}}],"collection":[{"href":"https:\/\/inmondo.pl\/en\/wp-json\/wp\/v2\/product"}],"about":[{"href":"https:\/\/inmondo.pl\/en\/wp-json\/wp\/v2\/types\/product"}],"replies":[{"embeddable":true,"href":"https:\/\/inmondo.pl\/en\/wp-json\/wp\/v2\/comments?post=943"}],"wp:featuredmedia":[{"embeddable":true,"href":"https:\/\/inmondo.pl\/en\/wp-json\/wp\/v2\/media\/756"}],"wp:attachment":[{"href":"https:\/\/inmondo.pl\/en\/wp-json\/wp\/v2\/media?parent=943"}],"wp:term":[{"taxonomy":"product_brand","embeddable":true,"href":"https:\/\/inmondo.pl\/en\/wp-json\/wp\/v2\/product_brand?post=943"},{"taxonomy":"product_cat","embeddable":true,"href":"https:\/\/inmondo.pl\/en\/wp-json\/wp\/v2\/product_cat?post=943"},{"taxonomy":"product_tag","embeddable":true,"href":"https:\/\/inmondo.pl\/en\/wp-json\/wp\/v2\/product_tag?post=943"}],"curies":[{"name":"wp","href":"https:\/\/api.w.org\/{rel}","templated":true}]}}