{"id":937,"date":"2020-06-16T12:53:52","date_gmt":"2020-06-16T10:53:52","guid":{"rendered":"http:\/\/inmondo.pl\/?post_type=product&#038;p=937"},"modified":"2026-03-24T09:55:26","modified_gmt":"2026-03-24T08:55:26","slug":"przewijak","status":"publish","type":"product","link":"https:\/\/inmondo.pl\/en\/sklep\/elementy\/akcesoria\/przewijak\/","title":{"rendered":"Changing mat"},"content":{"rendered":"<p>The changing table that you can attach to the Loopi Chest of Drawers is perfectly suited to it. Provides a comfortable and safe place for baby care and changing. When it is no longer needed, it can be easily disassembled, and the chest of drawers itself will serve for many years.<\/p>\n<p>The Loopi changing station has been painted with water-based varnishes that are friendly to children and the environment.<\/p>","protected":false},"excerpt":{"rendered":"<p>The changing table that you can attach to the Loopi Chest of Drawers is perfectly suited to it. Provides a comfortable and safe place for baby care and changing. When it is no longer needed, it can be easily disassembled, and the chest of drawers itself will serve for many years.<\/p>\n<p>The Loopi changing station has been painted with water-based varnishes that are friendly to children and the environment.<\/p>","protected":false},"featured_media":753,"comment_status":"open","ping_status":"closed","template":"","meta":{"_acf_changed":false},"product_brand":[],"product_cat":[32,20,17,23,99],"product_tag":[],"class_list":{"0":"post-937","1":"product","2":"type-product","3":"status-publish","4":"has-post-thumbnail","6":"product_cat-akcesoria","7":"product_cat-elementy","8":"product_cat-kolekcje","9":"product_cat-loopi","10":"product_cat-meble-dostepne","12":"first","13":"onbackorder","14":"taxable","15":"shipping-taxable","16":"purchasable","17":"product-type-variable","18":"has-default-attributes"},"acf":{"wymiary":"Szeroko\u015b\u0107: 55cm<br \/>\r\nWysoko\u015b\u0107: 11,5cm<br \/>\r\nG\u0142\u0119boko\u015b\u0107: 75cm","materialy":"p\u0142yta MDF, lakiery wodne i&nbsp;wodne UV","sections_woocommerce":[{"acf_fc_layout":"section_menu","is_active":true,"repeater":[{"text":"Opis","link":"#opis"},{"text":"Lookbook","link":"#lookbook"},{"text":"Opinie","link":"#opinie"},{"text":"Inne produkty","link":"#inneprodukty"}]},{"acf_fc_layout":"section_woocommerce_text_image","is_active":true,"anchor":"opis","text_align":"textAlign--left","grid_width":"main","wysiwyg":"<h2>Loopi<\/h2>\n<div class=\"section_woocommerce_text_image__textbox\">\n<p>Kolekcja mebli dla\u00a0niemowl\u0105t Loopi zosta\u0142a zainspirowana klasycznym wzornictwem lat 60 i\u00a070 z\u00a0nut\u0105 skandynawskiego smaku. Bia\u0142y kolor zosta\u0142 po\u0142\u0105czony z\u00a0elementami z\u00a0drewna brzozowego. Kolekcja Loopi oferuje kompletny zestaw mebli, aby\u00a0stworzy\u0107 wymarzony pok\u00f3j dla\u00a0niemowl\u0105t. Oferuje to co najlepsze w\u00a0nowoczesnym wzornictwie dla\u00a0rodzic\u00f3w, kt\u00f3rzy szukaj\u0105 idealnego po\u0142\u0105czenia stylu i\u00a0jako\u015bci i\u00a0funkcjonalno\u015bci.<\/p>\n<\/div>\n<div class=\"section_woocommerce_text_image__media\"><\/div>\n","image":"https:\/\/inmondo.pl\/wp-content\/uploads\/2020\/06\/2019_05_INMONDO_POK\u00d3J_BABY_1-1458121.jpg"},{"acf_fc_layout":"section_woocommerce_text_image","is_active":false,"anchor":"","text_align":"textAlign--right","grid_width":"main","wysiwyg":"","image":"https:\/\/inmondo.pl\/wp-content\/uploads\/2020\/06\/2019_05_INMONDO_POK\u00d3J_BABY_1-14581-scaled.jpg"},{"acf_fc_layout":"section_woocommerce_lookbook","is_active":true,"anchor":"lookbook","header":"<h2 style=\"text-align: center;\">Zobacz galeri\u0119 Loopi:<\/h2>\n<p style=\"text-align: center;\">Zobacz aran\u017cacje pokoi niemowl\u0119cych z\u00a0u\u017cyciem mebli i\u00a0element\u00f3w Loopi.<\/p>\n","repeater":[{"shortcode":"[woocommerce_lookbook id=\"378\"]"},{"shortcode":"[woocommerce_lookbook id=\"349\"]"},{"shortcode":"[woocommerce_lookbook id=\"1547\"]"},{"shortcode":"[woocommerce_lookbook id=\"1270\"]"}]},{"acf_fc_layout":"section_woocommerce_opinions","is_active":true,"anchor":"opinie"},{"acf_fc_layout":"section_woocommerce_otherFromCategory","is_active":true,"anchor":"inneprodukty"}]},"yoast_head":"<!-- This site is optimized with the Yoast SEO plugin v27.3 - https:\/\/yoast.com\/product\/yoast-seo-wordpress\/ -->\n<title>Przewijak drewniany - Inmondo<\/title>\n<meta name=\"description\" content=\"Przewijak drewniany jest idealnym uzupe\u0142nieniem komody drewnianej do pokoju niemowlaka - to po\u0142\u0105czenie funkcjonalno\u015bci i oszcz\u0119dno\u015bci miejsca w jednym!\" \/>\n<meta name=\"robots\" content=\"index, follow, max-snippet:-1, max-image-preview:large, max-video-preview:-1\" \/>\n<link rel=\"canonical\" href=\"https:\/\/inmondo.pl\/en\/sklep\/elementy\/akcesoria\/przewijak\/\" \/>\n<meta property=\"og:locale\" content=\"en_GB\" \/>\n<meta property=\"og:type\" content=\"article\" \/>\n<meta property=\"og:title\" content=\"Przewijak drewniany - Inmondo\" \/>\n<meta property=\"og:description\" content=\"Przewijak drewniany jest idealnym uzupe\u0142nieniem komody drewnianej do pokoju niemowlaka - to po\u0142\u0105czenie funkcjonalno\u015bci i oszcz\u0119dno\u015bci miejsca w jednym!\" \/>\n<meta property=\"og:url\" content=\"https:\/\/inmondo.pl\/en\/sklep\/elementy\/akcesoria\/przewijak\/\" \/>\n<meta property=\"og:site_name\" content=\"Inmondo\" \/>\n<meta property=\"article:modified_time\" content=\"2026-03-24T08:55:26+00:00\" \/>\n<meta property=\"og:image\" content=\"https:\/\/inmondo.pl\/wp-content\/uploads\/2020\/06\/2019_09_INMONDO_PACKSHOTY-21580v2_small.jpg\" \/>\n\t<meta property=\"og:image:width\" content=\"960\" \/>\n\t<meta property=\"og:image:height\" content=\"960\" \/>\n\t<meta property=\"og:image:type\" content=\"image\/jpeg\" \/>\n<meta name=\"twitter:card\" content=\"summary_large_image\" \/>\n<meta name=\"twitter:label1\" content=\"Estimated reading time\" \/>\n\t<meta name=\"twitter:data1\" content=\"2 minutes\" \/>\n<script type=\"application\/ld+json\" class=\"yoast-schema-graph\">{\"@context\":\"https:\\\/\\\/schema.org\",\"@graph\":[{\"@type\":\"WebPage\",\"@id\":\"https:\\\/\\\/inmondo.pl\\\/sklep\\\/elementy\\\/akcesoria\\\/przewijak\\\/\",\"url\":\"https:\\\/\\\/inmondo.pl\\\/sklep\\\/elementy\\\/akcesoria\\\/przewijak\\\/\",\"name\":\"Przewijak drewniany - Inmondo\",\"isPartOf\":{\"@id\":\"https:\\\/\\\/inmondo.pl\\\/#website\"},\"primaryImageOfPage\":{\"@id\":\"https:\\\/\\\/inmondo.pl\\\/sklep\\\/elementy\\\/akcesoria\\\/przewijak\\\/#primaryimage\"},\"image\":{\"@id\":\"https:\\\/\\\/inmondo.pl\\\/sklep\\\/elementy\\\/akcesoria\\\/przewijak\\\/#primaryimage\"},\"thumbnailUrl\":\"https:\\\/\\\/inmondo.pl\\\/wp-content\\\/uploads\\\/2020\\\/06\\\/2019_09_INMONDO_PACKSHOTY-21580v2_small.jpg\",\"datePublished\":\"2020-06-16T10:53:52+00:00\",\"dateModified\":\"2026-03-24T08:55:26+00:00\",\"description\":\"Przewijak drewniany jest idealnym uzupe\u0142nieniem komody drewnianej do pokoju niemowlaka - to po\u0142\u0105czenie funkcjonalno\u015bci i oszcz\u0119dno\u015bci miejsca w jednym!\",\"breadcrumb\":{\"@id\":\"https:\\\/\\\/inmondo.pl\\\/sklep\\\/elementy\\\/akcesoria\\\/przewijak\\\/#breadcrumb\"},\"inLanguage\":\"en-GB\",\"potentialAction\":[{\"@type\":\"ReadAction\",\"target\":[\"https:\\\/\\\/inmondo.pl\\\/sklep\\\/elementy\\\/akcesoria\\\/przewijak\\\/\"]}]},{\"@type\":\"ImageObject\",\"inLanguage\":\"en-GB\",\"@id\":\"https:\\\/\\\/inmondo.pl\\\/sklep\\\/elementy\\\/akcesoria\\\/przewijak\\\/#primaryimage\",\"url\":\"https:\\\/\\\/inmondo.pl\\\/wp-content\\\/uploads\\\/2020\\\/06\\\/2019_09_INMONDO_PACKSHOTY-21580v2_small.jpg\",\"contentUrl\":\"https:\\\/\\\/inmondo.pl\\\/wp-content\\\/uploads\\\/2020\\\/06\\\/2019_09_INMONDO_PACKSHOTY-21580v2_small.jpg\",\"width\":960,\"height\":960},{\"@type\":\"BreadcrumbList\",\"@id\":\"https:\\\/\\\/inmondo.pl\\\/sklep\\\/elementy\\\/akcesoria\\\/przewijak\\\/#breadcrumb\",\"itemListElement\":[{\"@type\":\"ListItem\",\"position\":1,\"name\":\"Strona g\u0142\u00f3wna\",\"item\":\"https:\\\/\\\/inmondo.pl\\\/\"},{\"@type\":\"ListItem\",\"position\":2,\"name\":\"Oferta Inmondo: spe\u0142niamy marzenia i wymagania\",\"item\":\"https:\\\/\\\/inmondo.pl\\\/sklep\\\/\"},{\"@type\":\"ListItem\",\"position\":3,\"name\":\"kolekcje\",\"item\":\"https:\\\/\\\/inmondo.pl\\\/de\\\/sklep\\\/kolekcje\\\/\"},{\"@type\":\"ListItem\",\"position\":4,\"name\":\"Przewijak\"}]},{\"@type\":\"WebSite\",\"@id\":\"https:\\\/\\\/inmondo.pl\\\/#website\",\"url\":\"https:\\\/\\\/inmondo.pl\\\/\",\"name\":\"Inmondo\",\"description\":\"\",\"potentialAction\":[{\"@type\":\"SearchAction\",\"target\":{\"@type\":\"EntryPoint\",\"urlTemplate\":\"https:\\\/\\\/inmondo.pl\\\/?s={search_term_string}\"},\"query-input\":{\"@type\":\"PropertyValueSpecification\",\"valueRequired\":true,\"valueName\":\"search_term_string\"}}],\"inLanguage\":\"en-GB\"}]}<\/script>\n<!-- \/ Yoast SEO plugin. -->","yoast_head_json":{"title":"Wooden changing mat - Inmondo","description":"A wooden changing table is the perfect complement to a wooden chest of drawers for a baby&#039;s room - it is a combination of functionality and space saving in one!","robots":{"index":"index","follow":"follow","max-snippet":"max-snippet:-1","max-image-preview":"max-image-preview:large","max-video-preview":"max-video-preview:-1"},"canonical":"https:\/\/inmondo.pl\/en\/sklep\/elementy\/akcesoria\/przewijak\/","og_locale":"en_GB","og_type":"article","og_title":"Przewijak drewniany - Inmondo","og_description":"Przewijak drewniany jest idealnym uzupe\u0142nieniem komody drewnianej do pokoju niemowlaka - to po\u0142\u0105czenie funkcjonalno\u015bci i oszcz\u0119dno\u015bci miejsca w jednym!","og_url":"https:\/\/inmondo.pl\/en\/sklep\/elementy\/akcesoria\/przewijak\/","og_site_name":"Inmondo","article_modified_time":"2026-03-24T08:55:26+00:00","og_image":[{"width":960,"height":960,"url":"https:\/\/inmondo.pl\/wp-content\/uploads\/2020\/06\/2019_09_INMONDO_PACKSHOTY-21580v2_small.jpg","type":"image\/jpeg"}],"twitter_card":"summary_large_image","twitter_misc":{"Estimated reading time":"2 minutes"},"schema":{"@context":"https:\/\/schema.org","@graph":[{"@type":"WebPage","@id":"https:\/\/inmondo.pl\/sklep\/elementy\/akcesoria\/przewijak\/","url":"https:\/\/inmondo.pl\/sklep\/elementy\/akcesoria\/przewijak\/","name":"Wooden changing mat - Inmondo","isPartOf":{"@id":"https:\/\/inmondo.pl\/#website"},"primaryImageOfPage":{"@id":"https:\/\/inmondo.pl\/sklep\/elementy\/akcesoria\/przewijak\/#primaryimage"},"image":{"@id":"https:\/\/inmondo.pl\/sklep\/elementy\/akcesoria\/przewijak\/#primaryimage"},"thumbnailUrl":"https:\/\/inmondo.pl\/wp-content\/uploads\/2020\/06\/2019_09_INMONDO_PACKSHOTY-21580v2_small.jpg","datePublished":"2020-06-16T10:53:52+00:00","dateModified":"2026-03-24T08:55:26+00:00","description":"A wooden changing table is the perfect complement to a wooden chest of drawers for a baby&#039;s room - it is a combination of functionality and space saving in one!","breadcrumb":{"@id":"https:\/\/inmondo.pl\/sklep\/elementy\/akcesoria\/przewijak\/#breadcrumb"},"inLanguage":"en-GB","potentialAction":[{"@type":"ReadAction","target":["https:\/\/inmondo.pl\/sklep\/elementy\/akcesoria\/przewijak\/"]}]},{"@type":"ImageObject","inLanguage":"en-GB","@id":"https:\/\/inmondo.pl\/sklep\/elementy\/akcesoria\/przewijak\/#primaryimage","url":"https:\/\/inmondo.pl\/wp-content\/uploads\/2020\/06\/2019_09_INMONDO_PACKSHOTY-21580v2_small.jpg","contentUrl":"https:\/\/inmondo.pl\/wp-content\/uploads\/2020\/06\/2019_09_INMONDO_PACKSHOTY-21580v2_small.jpg","width":960,"height":960},{"@type":"BreadcrumbList","@id":"https:\/\/inmondo.pl\/sklep\/elementy\/akcesoria\/przewijak\/#breadcrumb","itemListElement":[{"@type":"ListItem","position":1,"name":"Strona g\u0142\u00f3wna","item":"https:\/\/inmondo.pl\/"},{"@type":"ListItem","position":2,"name":"Oferta Inmondo: spe\u0142niamy marzenia i wymagania","item":"https:\/\/inmondo.pl\/sklep\/"},{"@type":"ListItem","position":3,"name":"kolekcje","item":"https:\/\/inmondo.pl\/de\/sklep\/kolekcje\/"},{"@type":"ListItem","position":4,"name":"Przewijak"}]},{"@type":"WebSite","@id":"https:\/\/inmondo.pl\/#website","url":"https:\/\/inmondo.pl\/","name":"Inmondo","description":"","potentialAction":[{"@type":"SearchAction","target":{"@type":"EntryPoint","urlTemplate":"https:\/\/inmondo.pl\/?s={search_term_string}"},"query-input":{"@type":"PropertyValueSpecification","valueRequired":true,"valueName":"search_term_string"}}],"inLanguage":"en-GB"}]}},"wcpa_form_fields":null,"_links":{"self":[{"href":"https:\/\/inmondo.pl\/en\/wp-json\/wp\/v2\/product\/937","targetHints":{"allow":["GET"]}}],"collection":[{"href":"https:\/\/inmondo.pl\/en\/wp-json\/wp\/v2\/product"}],"about":[{"href":"https:\/\/inmondo.pl\/en\/wp-json\/wp\/v2\/types\/product"}],"replies":[{"embeddable":true,"href":"https:\/\/inmondo.pl\/en\/wp-json\/wp\/v2\/comments?post=937"}],"wp:featuredmedia":[{"embeddable":true,"href":"https:\/\/inmondo.pl\/en\/wp-json\/wp\/v2\/media\/753"}],"wp:attachment":[{"href":"https:\/\/inmondo.pl\/en\/wp-json\/wp\/v2\/media?parent=937"}],"wp:term":[{"taxonomy":"product_brand","embeddable":true,"href":"https:\/\/inmondo.pl\/en\/wp-json\/wp\/v2\/product_brand?post=937"},{"taxonomy":"product_cat","embeddable":true,"href":"https:\/\/inmondo.pl\/en\/wp-json\/wp\/v2\/product_cat?post=937"},{"taxonomy":"product_tag","embeddable":true,"href":"https:\/\/inmondo.pl\/en\/wp-json\/wp\/v2\/product_tag?post=937"}],"curies":[{"name":"wp","href":"https:\/\/api.w.org\/{rel}","templated":true}]}}