{"id":934,"date":"2020-06-16T12:52:30","date_gmt":"2020-06-16T10:52:30","guid":{"rendered":"http:\/\/inmondo.pl\/?post_type=product&#038;p=934"},"modified":"2026-03-24T09:57:23","modified_gmt":"2026-03-24T08:57:23","slug":"loopi-polka-wiszaca","status":"publish","type":"product","link":"https:\/\/inmondo.pl\/en\/sklep\/elementy\/polki\/loopi-polka-wiszaca\/","title":{"rendered":"the shelf"},"content":{"rendered":"<p>The shelf from the Loopi collection is a great way to add functionality to your interior and at the same time get rid of empty, boring walls. Thanks to its light structure, this piece of furniture will be perfect for any room. Functional hooks will be perfect for hanging decorations or accessories necessary for the baby.<\/p>\n<p>&nbsp;<\/p>","protected":false},"excerpt":{"rendered":"<p>The shelf from the Loopi collection is a great way to add functionality to your interior and at the same time get rid of empty, boring walls. Thanks to its light structure, this piece of furniture will be perfect for any room. Functional hooks will be perfect for hanging decorations or accessories necessary for the baby.<\/p>\n<p>&nbsp;<\/p>\n<h6>Lead time: 6-8 weeks<\/h6>","protected":false},"featured_media":1398,"comment_status":"open","ping_status":"closed","template":"","meta":{"_acf_changed":false},"product_brand":[],"product_cat":[20,17,23,31],"product_tag":[],"class_list":{"0":"post-934","1":"product","2":"type-product","3":"status-publish","4":"has-post-thumbnail","6":"product_cat-elementy","7":"product_cat-kolekcje","8":"product_cat-loopi","9":"product_cat-polki","11":"first","12":"onbackorder","13":"taxable","14":"shipping-taxable","15":"purchasable","16":"product-type-variable","17":"has-default-attributes"},"acf":{"wymiary":"Szeroko\u015b\u0107: 100cm<br \/>\r\nWysoko\u015b\u0107: 25,5cm<br \/>\r\nG\u0142\u0119boko\u015b\u0107: 22cm","materialy":"p\u0142yta MDF, lakiery wodne i&nbsp;wodne UV","sections_woocommerce":[{"acf_fc_layout":"section_menu","is_active":true,"repeater":[{"text":"Opis","link":"#opis"},{"text":"Lookbook","link":"#lookbook"},{"text":"Opinie","link":"#opinie"},{"text":"Inne produkty","link":"#inneprodukty"}]},{"acf_fc_layout":"section_woocommerce_text_image","is_active":true,"anchor":"opis","text_align":"textAlign--left","grid_width":"main","wysiwyg":"<h2>Loopi<\/h2>\n<p>Kolekcja mebli dla\u00a0niemowl\u0105t Loopi zosta\u0142a zainspirowana klasycznym wzornictwem lat 60 i\u00a070 z\u00a0nut\u0105 skandynawskiego smaku. Bia\u0142y kolor zosta\u0142 po\u0142\u0105czony z\u00a0elementami z\u00a0drewna brzozowego. Kolekcja Loopi oferuje kompletny zestaw mebli, aby\u00a0stworzy\u0107 wymarzony pok\u00f3j dla\u00a0niemowl\u0105t. Oferuje to co najlepsze w\u00a0nowoczesnym wzornictwie dla\u00a0rodzic\u00f3w, kt\u00f3rzy szukaj\u0105 idealnego po\u0142\u0105czenia stylu i\u00a0jako\u015bci i\u00a0funkcjonalno\u015bci.<\/p>\n<p>&nbsp;<\/p>\n","image":"https:\/\/inmondo.pl\/wp-content\/uploads\/2020\/06\/Zrzut-ekranu-2020-07-17-o-16.05.45.png"},{"acf_fc_layout":"section_woocommerce_text_image","is_active":false,"anchor":"","text_align":"textAlign--right","grid_width":"main","wysiwyg":"<p>P\u00f3\u0142ka z\u00a0kolekcji Loopi to doskona\u0142y spos\u00f3b, aby\u00a0doda\u0107 Twojemu wn\u0119trzu funkcjonalno\u015bci i\u00a0jednocze\u015bnie pozby\u0107 si\u0119 pustych, nudnych \u015bcian. Dzi\u0119ki lekkiej budowie mebel ten wspaniale odnajdzie si\u0119 w\u00a0ka\u017cdym pomieszczeniu. Funkcjonalne haczyki sprawdz\u0105 si\u0119, \u017ceby powiesi\u0107 na\u00a0nich dekoracje lub\u00a0niezb\u0119dne przy\u00a0niemowlaku akcesoria.<\/p>\n<p>&nbsp;<\/p>\n","image":"https:\/\/inmondo.pl\/wp-content\/uploads\/2020\/06\/2019_05_INMONDO_POK\u00d3J_BABY_1-14603-scaled-e1595689946478.jpg"},{"acf_fc_layout":"section_woocommerce_lookbook","is_active":true,"anchor":"lookbook","header":"<h2 style=\"text-align: center;\">Zobacz galeri\u0119 Loopi:<\/h2>\n<p style=\"text-align: center;\">Zobacz aran\u017cacje pokoi niemowl\u0119cych z\u00a0u\u017cyciem mebli i\u00a0element\u00f3w Loopi.<\/p>\n","repeater":[{"shortcode":"[woocommerce_lookbook id=\"378\"]"},{"shortcode":"[woocommerce_lookbook id=\"349\"]"},{"shortcode":"[woocommerce_lookbook id=\"1547\"]"},{"shortcode":"[woocommerce_lookbook id=\"1270\"]"}]},{"acf_fc_layout":"section_woocommerce_opinions","is_active":true,"anchor":"opinie"},{"acf_fc_layout":"section_woocommerce_otherFromCategory","is_active":true,"anchor":"inneprodukty"}],"czas_realizacji":""},"yoast_head":"<!-- This site is optimized with the Yoast SEO plugin v27.3 - https:\/\/yoast.com\/product\/yoast-seo-wordpress\/ -->\n<title>P\u00f3\u0142ka - Inmondo<\/title>\n<meta name=\"robots\" content=\"index, follow, max-snippet:-1, max-image-preview:large, max-video-preview:-1\" \/>\n<link rel=\"canonical\" href=\"https:\/\/inmondo.pl\/en\/sklep\/elementy\/polki\/loopi-polka-wiszaca\/\" \/>\n<meta property=\"og:locale\" content=\"en_GB\" \/>\n<meta property=\"og:type\" content=\"article\" \/>\n<meta property=\"og:title\" content=\"P\u00f3\u0142ka - Inmondo\" \/>\n<meta property=\"og:description\" content=\"P\u00f3\u0142ka z kolekcji Loopi to doskona\u0142y spos\u00f3b, aby doda\u0107 Twojemu wn\u0119trzu funkcjonalno\u015bci i jednocze\u015bnie pozby\u0107 si\u0119 pustych, nudnych \u015bcian. Dzi\u0119ki lekkiej budowie mebel ten wspaniale odnajdzie si\u0119 w ka\u017cdym pomieszczeniu. Funkcjonalne haczyki sprawdz\u0105 si\u0119, \u017ceby powiesi\u0107 na nich dekoracje lub niezb\u0119dne przy niemowlaku akcesoria.  &nbsp; Czas realizacji: 6-8 tygodni\" \/>\n<meta property=\"og:url\" content=\"https:\/\/inmondo.pl\/en\/sklep\/elementy\/polki\/loopi-polka-wiszaca\/\" \/>\n<meta property=\"og:site_name\" content=\"Inmondo\" \/>\n<meta property=\"article:modified_time\" content=\"2026-03-24T08:57:23+00:00\" \/>\n<meta property=\"og:image\" content=\"https:\/\/inmondo.pl\/wp-content\/uploads\/2020\/06\/Zrzut-ekranu-2020-07-17-o-16.05.45.png\" \/>\n\t<meta property=\"og:image:width\" content=\"912\" \/>\n\t<meta property=\"og:image:height\" content=\"972\" \/>\n\t<meta property=\"og:image:type\" content=\"image\/png\" \/>\n<meta name=\"twitter:card\" content=\"summary_large_image\" \/>\n<meta name=\"twitter:label1\" content=\"Estimated reading time\" \/>\n\t<meta name=\"twitter:data1\" content=\"2 minutes\" \/>\n<script type=\"application\/ld+json\" class=\"yoast-schema-graph\">{\"@context\":\"https:\\\/\\\/schema.org\",\"@graph\":[{\"@type\":\"WebPage\",\"@id\":\"https:\\\/\\\/inmondo.pl\\\/sklep\\\/elementy\\\/polki\\\/loopi-polka-wiszaca\\\/\",\"url\":\"https:\\\/\\\/inmondo.pl\\\/sklep\\\/elementy\\\/polki\\\/loopi-polka-wiszaca\\\/\",\"name\":\"P\u00f3\u0142ka - Inmondo\",\"isPartOf\":{\"@id\":\"https:\\\/\\\/inmondo.pl\\\/#website\"},\"primaryImageOfPage\":{\"@id\":\"https:\\\/\\\/inmondo.pl\\\/sklep\\\/elementy\\\/polki\\\/loopi-polka-wiszaca\\\/#primaryimage\"},\"image\":{\"@id\":\"https:\\\/\\\/inmondo.pl\\\/sklep\\\/elementy\\\/polki\\\/loopi-polka-wiszaca\\\/#primaryimage\"},\"thumbnailUrl\":\"https:\\\/\\\/inmondo.pl\\\/wp-content\\\/uploads\\\/2020\\\/06\\\/Zrzut-ekranu-2020-07-17-o-16.05.45.png\",\"datePublished\":\"2020-06-16T10:52:30+00:00\",\"dateModified\":\"2026-03-24T08:57:23+00:00\",\"breadcrumb\":{\"@id\":\"https:\\\/\\\/inmondo.pl\\\/sklep\\\/elementy\\\/polki\\\/loopi-polka-wiszaca\\\/#breadcrumb\"},\"inLanguage\":\"en-GB\",\"potentialAction\":[{\"@type\":\"ReadAction\",\"target\":[\"https:\\\/\\\/inmondo.pl\\\/sklep\\\/elementy\\\/polki\\\/loopi-polka-wiszaca\\\/\"]}]},{\"@type\":\"ImageObject\",\"inLanguage\":\"en-GB\",\"@id\":\"https:\\\/\\\/inmondo.pl\\\/sklep\\\/elementy\\\/polki\\\/loopi-polka-wiszaca\\\/#primaryimage\",\"url\":\"https:\\\/\\\/inmondo.pl\\\/wp-content\\\/uploads\\\/2020\\\/06\\\/Zrzut-ekranu-2020-07-17-o-16.05.45.png\",\"contentUrl\":\"https:\\\/\\\/inmondo.pl\\\/wp-content\\\/uploads\\\/2020\\\/06\\\/Zrzut-ekranu-2020-07-17-o-16.05.45.png\",\"width\":912,\"height\":972},{\"@type\":\"BreadcrumbList\",\"@id\":\"https:\\\/\\\/inmondo.pl\\\/sklep\\\/elementy\\\/polki\\\/loopi-polka-wiszaca\\\/#breadcrumb\",\"itemListElement\":[{\"@type\":\"ListItem\",\"position\":1,\"name\":\"Strona g\u0142\u00f3wna\",\"item\":\"https:\\\/\\\/inmondo.pl\\\/\"},{\"@type\":\"ListItem\",\"position\":2,\"name\":\"Oferta Inmondo: spe\u0142niamy marzenia i wymagania\",\"item\":\"https:\\\/\\\/inmondo.pl\\\/sklep\\\/\"},{\"@type\":\"ListItem\",\"position\":3,\"name\":\"kolekcje\",\"item\":\"https:\\\/\\\/inmondo.pl\\\/de\\\/sklep\\\/kolekcje\\\/\"},{\"@type\":\"ListItem\",\"position\":4,\"name\":\"P\u00f3\u0142ka\"}]},{\"@type\":\"WebSite\",\"@id\":\"https:\\\/\\\/inmondo.pl\\\/#website\",\"url\":\"https:\\\/\\\/inmondo.pl\\\/\",\"name\":\"Inmondo\",\"description\":\"\",\"potentialAction\":[{\"@type\":\"SearchAction\",\"target\":{\"@type\":\"EntryPoint\",\"urlTemplate\":\"https:\\\/\\\/inmondo.pl\\\/?s={search_term_string}\"},\"query-input\":{\"@type\":\"PropertyValueSpecification\",\"valueRequired\":true,\"valueName\":\"search_term_string\"}}],\"inLanguage\":\"en-GB\"}]}<\/script>\n<!-- \/ Yoast SEO plugin. -->","yoast_head_json":{"title":"Shelf - Inmondo","robots":{"index":"index","follow":"follow","max-snippet":"max-snippet:-1","max-image-preview":"max-image-preview:large","max-video-preview":"max-video-preview:-1"},"canonical":"https:\/\/inmondo.pl\/en\/sklep\/elementy\/polki\/loopi-polka-wiszaca\/","og_locale":"en_GB","og_type":"article","og_title":"P\u00f3\u0142ka - Inmondo","og_description":"P\u00f3\u0142ka z kolekcji Loopi to doskona\u0142y spos\u00f3b, aby doda\u0107 Twojemu wn\u0119trzu funkcjonalno\u015bci i jednocze\u015bnie pozby\u0107 si\u0119 pustych, nudnych \u015bcian. Dzi\u0119ki lekkiej budowie mebel ten wspaniale odnajdzie si\u0119 w ka\u017cdym pomieszczeniu. Funkcjonalne haczyki sprawdz\u0105 si\u0119, \u017ceby powiesi\u0107 na nich dekoracje lub niezb\u0119dne przy niemowlaku akcesoria.  &nbsp; Czas realizacji: 6-8 tygodni","og_url":"https:\/\/inmondo.pl\/en\/sklep\/elementy\/polki\/loopi-polka-wiszaca\/","og_site_name":"Inmondo","article_modified_time":"2026-03-24T08:57:23+00:00","og_image":[{"width":912,"height":972,"url":"https:\/\/inmondo.pl\/wp-content\/uploads\/2020\/06\/Zrzut-ekranu-2020-07-17-o-16.05.45.png","type":"image\/png"}],"twitter_card":"summary_large_image","twitter_misc":{"Estimated reading time":"2 minutes"},"schema":{"@context":"https:\/\/schema.org","@graph":[{"@type":"WebPage","@id":"https:\/\/inmondo.pl\/sklep\/elementy\/polki\/loopi-polka-wiszaca\/","url":"https:\/\/inmondo.pl\/sklep\/elementy\/polki\/loopi-polka-wiszaca\/","name":"Shelf - Inmondo","isPartOf":{"@id":"https:\/\/inmondo.pl\/#website"},"primaryImageOfPage":{"@id":"https:\/\/inmondo.pl\/sklep\/elementy\/polki\/loopi-polka-wiszaca\/#primaryimage"},"image":{"@id":"https:\/\/inmondo.pl\/sklep\/elementy\/polki\/loopi-polka-wiszaca\/#primaryimage"},"thumbnailUrl":"https:\/\/inmondo.pl\/wp-content\/uploads\/2020\/06\/Zrzut-ekranu-2020-07-17-o-16.05.45.png","datePublished":"2020-06-16T10:52:30+00:00","dateModified":"2026-03-24T08:57:23+00:00","breadcrumb":{"@id":"https:\/\/inmondo.pl\/sklep\/elementy\/polki\/loopi-polka-wiszaca\/#breadcrumb"},"inLanguage":"en-GB","potentialAction":[{"@type":"ReadAction","target":["https:\/\/inmondo.pl\/sklep\/elementy\/polki\/loopi-polka-wiszaca\/"]}]},{"@type":"ImageObject","inLanguage":"en-GB","@id":"https:\/\/inmondo.pl\/sklep\/elementy\/polki\/loopi-polka-wiszaca\/#primaryimage","url":"https:\/\/inmondo.pl\/wp-content\/uploads\/2020\/06\/Zrzut-ekranu-2020-07-17-o-16.05.45.png","contentUrl":"https:\/\/inmondo.pl\/wp-content\/uploads\/2020\/06\/Zrzut-ekranu-2020-07-17-o-16.05.45.png","width":912,"height":972},{"@type":"BreadcrumbList","@id":"https:\/\/inmondo.pl\/sklep\/elementy\/polki\/loopi-polka-wiszaca\/#breadcrumb","itemListElement":[{"@type":"ListItem","position":1,"name":"Strona g\u0142\u00f3wna","item":"https:\/\/inmondo.pl\/"},{"@type":"ListItem","position":2,"name":"Oferta Inmondo: spe\u0142niamy marzenia i wymagania","item":"https:\/\/inmondo.pl\/sklep\/"},{"@type":"ListItem","position":3,"name":"kolekcje","item":"https:\/\/inmondo.pl\/de\/sklep\/kolekcje\/"},{"@type":"ListItem","position":4,"name":"P\u00f3\u0142ka"}]},{"@type":"WebSite","@id":"https:\/\/inmondo.pl\/#website","url":"https:\/\/inmondo.pl\/","name":"Inmondo","description":"","potentialAction":[{"@type":"SearchAction","target":{"@type":"EntryPoint","urlTemplate":"https:\/\/inmondo.pl\/?s={search_term_string}"},"query-input":{"@type":"PropertyValueSpecification","valueRequired":true,"valueName":"search_term_string"}}],"inLanguage":"en-GB"}]}},"wcpa_form_fields":null,"_links":{"self":[{"href":"https:\/\/inmondo.pl\/en\/wp-json\/wp\/v2\/product\/934","targetHints":{"allow":["GET"]}}],"collection":[{"href":"https:\/\/inmondo.pl\/en\/wp-json\/wp\/v2\/product"}],"about":[{"href":"https:\/\/inmondo.pl\/en\/wp-json\/wp\/v2\/types\/product"}],"replies":[{"embeddable":true,"href":"https:\/\/inmondo.pl\/en\/wp-json\/wp\/v2\/comments?post=934"}],"wp:featuredmedia":[{"embeddable":true,"href":"https:\/\/inmondo.pl\/en\/wp-json\/wp\/v2\/media\/1398"}],"wp:attachment":[{"href":"https:\/\/inmondo.pl\/en\/wp-json\/wp\/v2\/media?parent=934"}],"wp:term":[{"taxonomy":"product_brand","embeddable":true,"href":"https:\/\/inmondo.pl\/en\/wp-json\/wp\/v2\/product_brand?post=934"},{"taxonomy":"product_cat","embeddable":true,"href":"https:\/\/inmondo.pl\/en\/wp-json\/wp\/v2\/product_cat?post=934"},{"taxonomy":"product_tag","embeddable":true,"href":"https:\/\/inmondo.pl\/en\/wp-json\/wp\/v2\/product_tag?post=934"}],"curies":[{"name":"wp","href":"https:\/\/api.w.org\/{rel}","templated":true}]}}