{"id":9302,"date":"2025-03-11T15:24:50","date_gmt":"2025-03-11T14:24:50","guid":{"rendered":"https:\/\/inmondo.pl\/?post_type=product&#038;p=9302"},"modified":"2026-04-17T14:30:16","modified_gmt":"2026-04-17T12:30:16","slug":"barierka-do-lozka-carmela","status":"publish","type":"product","link":"https:\/\/inmondo.pl\/en\/sklep\/elementy\/akcesoria\/barierka-do-lozka-carmela\/","title":{"rendered":"Carmela bed rail - 100% wood"},"content":{"rendered":"","protected":false},"excerpt":{"rendered":"<p>Our safety railing is an essential part of the Carmela bed, designed to provide maximum protection for your child.<\/p>\n<p>Made of robust materials, it fits perfectly into the design of the furniture, taking care of safety while sleeping.<\/p>\n<p>The attention to detail makes the railing an integral part of the furniture, combining functionality with subtle style.<\/p>\n<p>&nbsp;<\/p>","protected":false},"featured_media":10449,"comment_status":"open","ping_status":"closed","template":"","meta":{"_acf_changed":true},"product_brand":[],"product_cat":[32,200,20,17],"product_tag":[],"class_list":{"0":"post-9302","1":"product","2":"type-product","3":"status-publish","4":"has-post-thumbnail","6":"product_cat-akcesoria","7":"product_cat-carmela","8":"product_cat-elementy","9":"product_cat-kolekcje","11":"first","12":"instock","13":"taxable","14":"shipping-taxable","15":"purchasable","16":"product-type-variable"},"acf":{"sections_woocommerce":[{"acf_fc_layout":"section_menu","is_active":true,"repeater":[{"text":"Opis","link":"#opis"}]},{"acf_fc_layout":"section_woocommerce_text_image","is_active":true,"anchor":"#opis","text_align":"textAlign--left","grid_width":"main","wysiwyg":"<p>Barierka do \u0142\u00f3\u017cka rozwi\u0105zanie, kt\u00f3re zapewnia komfort i bezpiecze\u0144stwo ka\u017cdej nocy.<\/p>\n<p>Precyzyjnie wykonana, harmonijnie komponuje si\u0119 z \u0142\u00f3\u017ckiem Carmela, tworz\u0105c przestrze\u0144, w kt\u00f3rej maluch czuje si\u0119 chroniony.<\/p>\n<p>To idealny wyb\u00f3r dla rodzic\u00f3w, kt\u00f3rzy ceni\u0105 zar\u00f3wno funkcjonalno\u015b\u0107, jak i estetyk\u0119, gwarantuj\u0105c spokojny sen i pe\u0142n\u0105 swobod\u0119 zabawy.<\/p>\n<p>&nbsp;<\/p>\n<p>&nbsp;<\/p>\n<p>&nbsp;<\/p>\n<p>&nbsp;<\/p>\n<p>Opr\u00f3cz barierki do zestawu mamy w ofercie dedykowan\u0105 szuflad\u0119 do \u0142\u00f3\u017cka Carmela.<\/p>\n","image":"https:\/\/inmondo.pl\/wp-content\/uploads\/2025\/03\/image00004-2.jpeg"},{"acf_fc_layout":"section_woocommerce_text_image","is_active":true,"anchor":"#opis","text_align":"textAlign--right","grid_width":"main","wysiwyg":"<p><a href=\"https:\/\/inmondo.pl\/sklep\/kolekcje\/\">Zobaczcie nasze pozosta\u0142e kolekcje Inmondo<\/a><\/p>\n","image":"https:\/\/inmondo.pl\/wp-content\/uploads\/2025\/03\/image00002-2.jpeg"}],"wymiary":"Szeroko\u015b\u0107: 97 cm<br \/>\r\nGrubo\u015b\u0107: 1,9 cm (6,2 cm  - grubo\u015b\u0107 barierki z \"\u0142apkami trzymaj\u0105cymi\")<br \/>\r\nWysoko\u015b\u0107: 38 cm","materialy":"Drewno ","czas_realizacji":""},"yoast_head":"<!-- This site is optimized with the Yoast SEO plugin v27.3 - https:\/\/yoast.com\/product\/yoast-seo-wordpress\/ -->\n<title>Barierka do \u0142\u00f3\u017cka Carmela - 100% drewno - Inmondo<\/title>\n<meta name=\"description\" content=\"Bezpieczny sen dziecka to dla nas priorytet, dlatego powsta\u0142a dedykowana barierka do \u0142\u00f3\u017cka Carmela. W inmondo znamy si\u0119 na tworzeniu pi\u0119knych pokoi dzieci.\" \/>\n<meta name=\"robots\" content=\"index, follow, max-snippet:-1, max-image-preview:large, max-video-preview:-1\" \/>\n<link rel=\"canonical\" href=\"http:\/\/inmondo.pl\/en\/sklep\/elementy\/akcesoria\/barierka-do-lozka-carmela\/\" \/>\n<meta property=\"og:locale\" content=\"en_GB\" \/>\n<meta property=\"og:type\" content=\"article\" \/>\n<meta property=\"og:title\" content=\"Barierka do \u0142\u00f3\u017cka Carmela - 100% drewno - Inmondo\" \/>\n<meta property=\"og:description\" content=\"Bezpieczny sen dziecka to dla nas priorytet, dlatego powsta\u0142a dedykowana barierka do \u0142\u00f3\u017cka Carmela. W inmondo znamy si\u0119 na tworzeniu pi\u0119knych pokoi dzieci.\" \/>\n<meta property=\"og:url\" content=\"http:\/\/inmondo.pl\/en\/sklep\/elementy\/akcesoria\/barierka-do-lozka-carmela\/\" \/>\n<meta property=\"og:site_name\" content=\"Inmondo\" \/>\n<meta property=\"article:modified_time\" content=\"2026-04-17T12:30:16+00:00\" \/>\n<meta property=\"og:image\" content=\"http:\/\/inmondo.pl\/wp-content\/uploads\/2025\/06\/Barierka-Kaszmir.jpg\" \/>\n\t<meta property=\"og:image:width\" content=\"1200\" \/>\n\t<meta property=\"og:image:height\" content=\"1200\" \/>\n\t<meta property=\"og:image:type\" content=\"image\/jpeg\" \/>\n<meta name=\"twitter:card\" content=\"summary_large_image\" \/>\n<meta name=\"twitter:label1\" content=\"Estimated reading time\" \/>\n\t<meta name=\"twitter:data1\" content=\"2 minutes\" \/>\n<script type=\"application\/ld+json\" class=\"yoast-schema-graph\">{\"@context\":\"https:\\\/\\\/schema.org\",\"@graph\":[{\"@type\":\"WebPage\",\"@id\":\"http:\\\/\\\/inmondo.pl\\\/sklep\\\/elementy\\\/akcesoria\\\/barierka-do-lozka-carmela\\\/\",\"url\":\"http:\\\/\\\/inmondo.pl\\\/sklep\\\/elementy\\\/akcesoria\\\/barierka-do-lozka-carmela\\\/\",\"name\":\"Barierka do \u0142\u00f3\u017cka Carmela - 100% drewno - Inmondo\",\"isPartOf\":{\"@id\":\"https:\\\/\\\/inmondo.pl\\\/#website\"},\"primaryImageOfPage\":{\"@id\":\"http:\\\/\\\/inmondo.pl\\\/sklep\\\/elementy\\\/akcesoria\\\/barierka-do-lozka-carmela\\\/#primaryimage\"},\"image\":{\"@id\":\"http:\\\/\\\/inmondo.pl\\\/sklep\\\/elementy\\\/akcesoria\\\/barierka-do-lozka-carmela\\\/#primaryimage\"},\"thumbnailUrl\":\"https:\\\/\\\/inmondo.pl\\\/wp-content\\\/uploads\\\/2025\\\/06\\\/Barierka-Kaszmir.jpg\",\"datePublished\":\"2025-03-11T14:24:50+00:00\",\"dateModified\":\"2026-04-17T12:30:16+00:00\",\"description\":\"Bezpieczny sen dziecka to dla nas priorytet, dlatego powsta\u0142a dedykowana barierka do \u0142\u00f3\u017cka Carmela. W inmondo znamy si\u0119 na tworzeniu pi\u0119knych pokoi dzieci.\",\"breadcrumb\":{\"@id\":\"http:\\\/\\\/inmondo.pl\\\/sklep\\\/elementy\\\/akcesoria\\\/barierka-do-lozka-carmela\\\/#breadcrumb\"},\"inLanguage\":\"en-GB\",\"potentialAction\":[{\"@type\":\"ReadAction\",\"target\":[\"http:\\\/\\\/inmondo.pl\\\/sklep\\\/elementy\\\/akcesoria\\\/barierka-do-lozka-carmela\\\/\"]}]},{\"@type\":\"ImageObject\",\"inLanguage\":\"en-GB\",\"@id\":\"http:\\\/\\\/inmondo.pl\\\/sklep\\\/elementy\\\/akcesoria\\\/barierka-do-lozka-carmela\\\/#primaryimage\",\"url\":\"https:\\\/\\\/inmondo.pl\\\/wp-content\\\/uploads\\\/2025\\\/06\\\/Barierka-Kaszmir.jpg\",\"contentUrl\":\"https:\\\/\\\/inmondo.pl\\\/wp-content\\\/uploads\\\/2025\\\/06\\\/Barierka-Kaszmir.jpg\",\"width\":1200,\"height\":1200},{\"@type\":\"BreadcrumbList\",\"@id\":\"http:\\\/\\\/inmondo.pl\\\/sklep\\\/elementy\\\/akcesoria\\\/barierka-do-lozka-carmela\\\/#breadcrumb\",\"itemListElement\":[{\"@type\":\"ListItem\",\"position\":1,\"name\":\"Strona g\u0142\u00f3wna\",\"item\":\"https:\\\/\\\/inmondo.pl\\\/\"},{\"@type\":\"ListItem\",\"position\":2,\"name\":\"Oferta Inmondo: spe\u0142niamy marzenia i wymagania\",\"item\":\"https:\\\/\\\/inmondo.pl\\\/sklep\\\/\"},{\"@type\":\"ListItem\",\"position\":3,\"name\":\"Elementy\",\"item\":\"https:\\\/\\\/inmondo.pl\\\/sklep\\\/elementy\\\/\"},{\"@type\":\"ListItem\",\"position\":4,\"name\":\"Barierka do \u0142\u00f3\u017cka Carmela &#8211; 100% drewno\"}]},{\"@type\":\"WebSite\",\"@id\":\"https:\\\/\\\/inmondo.pl\\\/#website\",\"url\":\"https:\\\/\\\/inmondo.pl\\\/\",\"name\":\"Inmondo\",\"description\":\"\",\"potentialAction\":[{\"@type\":\"SearchAction\",\"target\":{\"@type\":\"EntryPoint\",\"urlTemplate\":\"https:\\\/\\\/inmondo.pl\\\/?s={search_term_string}\"},\"query-input\":{\"@type\":\"PropertyValueSpecification\",\"valueRequired\":true,\"valueName\":\"search_term_string\"}}],\"inLanguage\":\"en-GB\"}]}<\/script>\n<!-- \/ Yoast SEO plugin. -->","yoast_head_json":{"title":"Carmela bed rail - 100% wood - Inmondo","description":"Your child's safe sleep is a priority for us, which is why the dedicated Carmela bed rail was created. At inmondo we know how to create beautiful children's rooms.","robots":{"index":"index","follow":"follow","max-snippet":"max-snippet:-1","max-image-preview":"max-image-preview:large","max-video-preview":"max-video-preview:-1"},"canonical":"http:\/\/inmondo.pl\/en\/sklep\/elementy\/akcesoria\/barierka-do-lozka-carmela\/","og_locale":"en_GB","og_type":"article","og_title":"Barierka do \u0142\u00f3\u017cka Carmela - 100% drewno - Inmondo","og_description":"Bezpieczny sen dziecka to dla nas priorytet, dlatego powsta\u0142a dedykowana barierka do \u0142\u00f3\u017cka Carmela. W inmondo znamy si\u0119 na tworzeniu pi\u0119knych pokoi dzieci.","og_url":"http:\/\/inmondo.pl\/en\/sklep\/elementy\/akcesoria\/barierka-do-lozka-carmela\/","og_site_name":"Inmondo","article_modified_time":"2026-04-17T12:30:16+00:00","og_image":[{"width":1200,"height":1200,"url":"http:\/\/inmondo.pl\/wp-content\/uploads\/2025\/06\/Barierka-Kaszmir.jpg","type":"image\/jpeg"}],"twitter_card":"summary_large_image","twitter_misc":{"Estimated reading time":"2 minutes"},"schema":{"@context":"https:\/\/schema.org","@graph":[{"@type":"WebPage","@id":"http:\/\/inmondo.pl\/sklep\/elementy\/akcesoria\/barierka-do-lozka-carmela\/","url":"http:\/\/inmondo.pl\/sklep\/elementy\/akcesoria\/barierka-do-lozka-carmela\/","name":"Carmela bed rail - 100% wood - Inmondo","isPartOf":{"@id":"https:\/\/inmondo.pl\/#website"},"primaryImageOfPage":{"@id":"http:\/\/inmondo.pl\/sklep\/elementy\/akcesoria\/barierka-do-lozka-carmela\/#primaryimage"},"image":{"@id":"http:\/\/inmondo.pl\/sklep\/elementy\/akcesoria\/barierka-do-lozka-carmela\/#primaryimage"},"thumbnailUrl":"https:\/\/inmondo.pl\/wp-content\/uploads\/2025\/06\/Barierka-Kaszmir.jpg","datePublished":"2025-03-11T14:24:50+00:00","dateModified":"2026-04-17T12:30:16+00:00","description":"Your child's safe sleep is a priority for us, which is why the dedicated Carmela bed rail was created. At inmondo we know how to create beautiful children's rooms.","breadcrumb":{"@id":"http:\/\/inmondo.pl\/sklep\/elementy\/akcesoria\/barierka-do-lozka-carmela\/#breadcrumb"},"inLanguage":"en-GB","potentialAction":[{"@type":"ReadAction","target":["http:\/\/inmondo.pl\/sklep\/elementy\/akcesoria\/barierka-do-lozka-carmela\/"]}]},{"@type":"ImageObject","inLanguage":"en-GB","@id":"http:\/\/inmondo.pl\/sklep\/elementy\/akcesoria\/barierka-do-lozka-carmela\/#primaryimage","url":"https:\/\/inmondo.pl\/wp-content\/uploads\/2025\/06\/Barierka-Kaszmir.jpg","contentUrl":"https:\/\/inmondo.pl\/wp-content\/uploads\/2025\/06\/Barierka-Kaszmir.jpg","width":1200,"height":1200},{"@type":"BreadcrumbList","@id":"http:\/\/inmondo.pl\/sklep\/elementy\/akcesoria\/barierka-do-lozka-carmela\/#breadcrumb","itemListElement":[{"@type":"ListItem","position":1,"name":"Strona g\u0142\u00f3wna","item":"https:\/\/inmondo.pl\/"},{"@type":"ListItem","position":2,"name":"Oferta Inmondo: spe\u0142niamy marzenia i wymagania","item":"https:\/\/inmondo.pl\/sklep\/"},{"@type":"ListItem","position":3,"name":"Elementy","item":"https:\/\/inmondo.pl\/sklep\/elementy\/"},{"@type":"ListItem","position":4,"name":"Barierka do \u0142\u00f3\u017cka Carmela &#8211; 100% drewno"}]},{"@type":"WebSite","@id":"https:\/\/inmondo.pl\/#website","url":"https:\/\/inmondo.pl\/","name":"Inmondo","description":"","potentialAction":[{"@type":"SearchAction","target":{"@type":"EntryPoint","urlTemplate":"https:\/\/inmondo.pl\/?s={search_term_string}"},"query-input":{"@type":"PropertyValueSpecification","valueRequired":true,"valueName":"search_term_string"}}],"inLanguage":"en-GB"}]}},"wcpa_form_fields":null,"_links":{"self":[{"href":"https:\/\/inmondo.pl\/en\/wp-json\/wp\/v2\/product\/9302","targetHints":{"allow":["GET"]}}],"collection":[{"href":"https:\/\/inmondo.pl\/en\/wp-json\/wp\/v2\/product"}],"about":[{"href":"https:\/\/inmondo.pl\/en\/wp-json\/wp\/v2\/types\/product"}],"replies":[{"embeddable":true,"href":"https:\/\/inmondo.pl\/en\/wp-json\/wp\/v2\/comments?post=9302"}],"wp:featuredmedia":[{"embeddable":true,"href":"https:\/\/inmondo.pl\/en\/wp-json\/wp\/v2\/media\/10449"}],"wp:attachment":[{"href":"https:\/\/inmondo.pl\/en\/wp-json\/wp\/v2\/media?parent=9302"}],"wp:term":[{"taxonomy":"product_brand","embeddable":true,"href":"https:\/\/inmondo.pl\/en\/wp-json\/wp\/v2\/product_brand?post=9302"},{"taxonomy":"product_cat","embeddable":true,"href":"https:\/\/inmondo.pl\/en\/wp-json\/wp\/v2\/product_cat?post=9302"},{"taxonomy":"product_tag","embeddable":true,"href":"https:\/\/inmondo.pl\/en\/wp-json\/wp\/v2\/product_tag?post=9302"}],"curies":[{"name":"wp","href":"https:\/\/api.w.org\/{rel}","templated":true}]}}