{"id":922,"date":"2020-06-16T12:14:03","date_gmt":"2020-06-16T10:14:03","guid":{"rendered":"http:\/\/inmondo.pl\/?post_type=product&#038;p=922"},"modified":"2026-03-29T20:55:34","modified_gmt":"2026-03-29T18:55:34","slug":"lozko-podniesione-90-cm-funflex","status":"publish","type":"product","link":"https:\/\/inmondo.pl\/en\/sklep\/elementy\/lozka\/lozko-podniesione-90-cm-funflex\/","title":{"rendered":"Raised bed 90 cm"},"content":{"rendered":"<p>Start the big adventure with our raised Funflex bed, where functionality and design go hand in hand. Thanks to the Funflex collection, you can create a dream room for your child. The bed can be supplemented with shelves and chests of drawers that perfectly fill the space under the bed. Thanks to this, you will get additional storage space. Books, toys and all the treasures will finally find their place without sacrificing it in the room. The bed has strong and stable rails for your safety while sleeping. The sloping ladder allows easy and safe access to the mattress. A timeless combination of white and light birch will always be in fashion.<\/p>","protected":false},"excerpt":{"rendered":"<p>Start the big adventure with our raised Funflex bed, where functionality and design go hand in hand. Thanks to the Funflex collection, you can create a dream room for your child. The bed can be supplemented with shelves and chests of drawers that perfectly fill the space under the bed. Thanks to this, you will get additional storage space. Books, toys and all the treasures will finally find their place without sacrificing it in the room. The bed has strong and stable rails for your safety while sleeping. The sloping ladder allows easy and safe access to the mattress. A timeless combination of white and light birch will always be in fashion.<\/p>\n<p>&nbsp;<\/p>\n<p>Choose one of the two matching mattress models for your children\u00a0<a href=\"https:\/\/inmondo.pl\/en\/sklep\/elementy\/materac-resto\/\">RESTO 90<\/a>\u00a0or\u00a0<a href=\"https:\/\/inmondo.pl\/en\/sklep\/elementy\/materac-resto-duo-90\/\">RESTO DUO 90<\/a>.<\/p>\n<p>&nbsp;<\/p>\n<p>&nbsp;<\/p>\n<p>&nbsp;<\/p>\n<h6><\/h6>","protected":false},"featured_media":648,"comment_status":"open","ping_status":"closed","template":"","meta":{"_acf_changed":false},"product_brand":[],"product_cat":[20,18,17,21,99],"product_tag":[],"class_list":{"0":"post-922","1":"product","2":"type-product","3":"status-publish","4":"has-post-thumbnail","6":"product_cat-elementy","7":"product_cat-funflex","8":"product_cat-kolekcje","9":"product_cat-lozka","10":"product_cat-meble-dostepne","11":"wcpa_has_options","13":"first","14":"onbackorder","15":"taxable","16":"shipping-taxable","17":"purchasable","18":"product-type-variable","19":"has-default-attributes"},"acf":{"wymiary":"Szeroko\u015b\u0107: 206 cm<br \/>\r\nWysoko\u015b\u0107: 115 cm<br \/>\r\nG\u0142\u0119boko\u015b\u0107: 125 cm<br \/>\r\n<br \/>\r\n\u015awiat\u0142o pomi\u0119dzy pod\u0142og\u0105 a&nbsp;doln\u0105 ram\u0105 \u0142\u00f3\u017cka:  72,7 cm","materialy":"drewno brzozowe, p\u0142yta MDF, lakier wodny i&nbsp;wodny UV","sections_woocommerce":[{"acf_fc_layout":"section_menu","is_active":true,"repeater":[{"text":"Opis","link":"#opis"},{"text":"Lookbook","link":"#lookbook"},{"text":"Opinie","link":"#opinie"},{"text":"Inne produkty","link":"#inneprodukty"}]},{"acf_fc_layout":"section_woocommerce_text_image","is_active":true,"anchor":"opis","text_align":"textAlign--left","grid_width":"main","wysiwyg":"<h2>Funflex nieograniczone mo\u017cliwo\u015bci.<\/h2>\n<p>Szeroki wyb\u00f3r element\u00f3w z\u00a0kolekcji Funflex pozwoli zaaran\u017cowa\u0107 ka\u017cd\u0105 przestrze\u0144 zgodnie z\u00a0Twoimi potrzebami i\u00a0upodobaniami. Zapomnij o\u00a0problemach z\u00a0brakiem miejsca na\u00a0przechowywanie Twoich skarb\u00f3w. Ksi\u0105\u017cki, ubrania zabawki &#8211; od teraz na\u00a0wszystko znajdziesz swoje miejsce. Je\u015bli w\u00a0pokoju brakuje Ci miejsca meble mo\u017cesz postawi\u0107 pod\u00a0\u0142\u00f3\u017ckiem uzyskuj\u0105c przestrze\u0144 do\u00a0przechowywania bez po\u015bwi\u0119cania miejsca w\u00a0pokoju.<\/p>\n","image":"https:\/\/inmondo.pl\/wp-content\/uploads\/2020\/07\/2019_04_INMONDO_POK\u00d3J_CH\u0141OPCA_3-14503-1-e1595864456901.jpg"},{"acf_fc_layout":"section_woocommerce_text_image","is_active":true,"anchor":"","text_align":"textAlign--right","grid_width":"main","wysiwyg":"<p>\u0141\u00f3\u017cka wysokie i\u00a0g\u00f3rne \u0142\u00f3\u017cka \u0142\u00f3\u017cek pi\u0119trowych albo\u00a0\u0142\u00f3\u017cka na\u00a0antresoli nie s\u0105 przeznaczone dla\u00a0dzieci w\u00a0wieku poni\u017cej 6 lat, z\u00a0uwagi na\u00a0ryzyko obra\u017ce\u0144 na\u00a0skutek wypadni\u0119cia.<br \/>\nMaksymalne obci\u0105\u017cenie oznacza ci\u0119\u017car statyczny, innymi s\u0142owy jest to obci\u0105\u017cenie, kt\u00f3ry \u0142\u00f3\u017cko wytrzymuje, gdy na\u00a0nim le\u017cysz lub\u00a0siedzisz.<br \/>\nMaksymalne obci\u0105\u017cenie: 100 kg<\/p>\n","image":"https:\/\/inmondo.pl\/wp-content\/uploads\/2020\/07\/2019_04_INMONDO_POK\u00d3J_DZIEWCZYNEK_2-12419kwadrat.jpg"},{"acf_fc_layout":"section_woocommerce_lookbook","is_active":true,"anchor":"lookbook","header":"<p>&nbsp;<\/p>\n<h2 style=\"text-align: center;\">Zobacz galeri\u0119 Funflex:<\/h2>\n<p style=\"text-align: center;\">Minimalistyczny lookbook prosto od naszych projektant\u00f3w. Ogl\u0105daj, inspiruj si\u0119, a\u00a0je\u015bli masz pomys\u0142y lub\u00a0pytania \u2014 od razu dzwo\u0144!<\/p>\n","repeater":[{"shortcode":"[woocommerce_lookbook id=\"1348\"]"},{"shortcode":"[woocommerce_lookbook id=\"1350\"]"},{"shortcode":"[woocommerce_lookbook id=\"1582\"]"}]},{"acf_fc_layout":"section_woocommerce_opinions","is_active":true,"anchor":"opinie"},{"acf_fc_layout":"section_woocommerce_otherFromCategory","is_active":true,"anchor":"inneprodukty"}],"czas_realizacji":""},"yoast_head":"<!-- This site is optimized with the Yoast SEO plugin v27.3 - https:\/\/yoast.com\/product\/yoast-seo-wordpress\/ -->\n<title>\u0141\u00f3\u017cko podniesione 90 cm - Inmondo<\/title>\n<meta name=\"robots\" content=\"index, follow, max-snippet:-1, max-image-preview:large, max-video-preview:-1\" \/>\n<link rel=\"canonical\" href=\"https:\/\/inmondo.pl\/en\/sklep\/elementy\/lozka\/lozko-podniesione-90-cm-funflex\/\" \/>\n<meta property=\"og:locale\" content=\"en_GB\" \/>\n<meta property=\"og:type\" content=\"article\" \/>\n<meta property=\"og:title\" content=\"\u0141\u00f3\u017cko podniesione 90 cm - Inmondo\" \/>\n<meta property=\"og:description\" content=\"Rozpocznij wielk\u0105 przygod\u0119 z naszym podniesionym \u0142\u00f3\u017ckiem Funflex, w kt\u00f3rym funkcjonalno\u015b\u0107 i wzornictwo id\u0105 r\u0119ka w r\u0119k\u0119. Dzi\u0119ki kolekcji Funflex mo\u017cesz stworzy\u0107 pok\u00f3j marze\u0144 Twojej pociechy. \u0141\u00f3\u017cko mo\u017ce zosta\u0107 uzupe\u0142nione o rega\u0142y i komody, kt\u00f3re idealnie wype\u0142niaj\u0105 miejsce pod \u0142\u00f3\u017ckiem. Dzi\u0119ki temu uzyskasz dodatkow\u0105 przestrze\u0144 do przechowywania. Ksi\u0105\u017cki, zabawki i wszystkie skarby, wreszcie znajd\u0105 swoje miejsce bez po\u015bwi\u0119cania go w pokoju. \u0141\u00f3\u017cko posiada mocne i stabilne barierki dla Twojego bezpiecze\u0144stwa podczas snu. Sko\u015bna drabinka pozwala na \u0142atwy i bezpieczny dost\u0119p do materaca. Ponadczasowe po\u0142\u0105czenie bia\u0142ego koloru i jasnej brzozy b\u0119dzie zawsze w modzie.  &nbsp;  Wybierz dla swoich dzieci r\u00f3wnie\u017c jeden z dw\u00f3ch pasuj\u0105cych do niego modeli materacy\u00a0RESTO 90\u00a0lub\u00a0RESTO DUO 90.  &nbsp;  &nbsp;  &nbsp;\" \/>\n<meta property=\"og:url\" content=\"https:\/\/inmondo.pl\/en\/sklep\/elementy\/lozka\/lozko-podniesione-90-cm-funflex\/\" \/>\n<meta property=\"og:site_name\" content=\"Inmondo\" \/>\n<meta property=\"article:modified_time\" content=\"2026-03-29T18:55:34+00:00\" \/>\n<meta property=\"og:image\" content=\"https:\/\/inmondo.pl\/wp-content\/uploads\/2020\/06\/2019_09_INMONDO_PACKSHOTY-19881_small.jpg\" \/>\n\t<meta property=\"og:image:width\" content=\"960\" \/>\n\t<meta property=\"og:image:height\" content=\"960\" \/>\n\t<meta property=\"og:image:type\" content=\"image\/jpeg\" \/>\n<meta name=\"twitter:card\" content=\"summary_large_image\" \/>\n<meta name=\"twitter:label1\" content=\"Estimated reading time\" \/>\n\t<meta name=\"twitter:data1\" content=\"3 minutes\" \/>\n<script type=\"application\/ld+json\" class=\"yoast-schema-graph\">{\"@context\":\"https:\\\/\\\/schema.org\",\"@graph\":[{\"@type\":\"WebPage\",\"@id\":\"https:\\\/\\\/inmondo.pl\\\/sklep\\\/elementy\\\/lozka\\\/lozko-podniesione-90-cm-funflex\\\/\",\"url\":\"https:\\\/\\\/inmondo.pl\\\/sklep\\\/elementy\\\/lozka\\\/lozko-podniesione-90-cm-funflex\\\/\",\"name\":\"\u0141\u00f3\u017cko podniesione 90 cm - Inmondo\",\"isPartOf\":{\"@id\":\"https:\\\/\\\/inmondo.pl\\\/#website\"},\"primaryImageOfPage\":{\"@id\":\"https:\\\/\\\/inmondo.pl\\\/sklep\\\/elementy\\\/lozka\\\/lozko-podniesione-90-cm-funflex\\\/#primaryimage\"},\"image\":{\"@id\":\"https:\\\/\\\/inmondo.pl\\\/sklep\\\/elementy\\\/lozka\\\/lozko-podniesione-90-cm-funflex\\\/#primaryimage\"},\"thumbnailUrl\":\"https:\\\/\\\/inmondo.pl\\\/wp-content\\\/uploads\\\/2020\\\/06\\\/2019_09_INMONDO_PACKSHOTY-19881_small.jpg\",\"datePublished\":\"2020-06-16T10:14:03+00:00\",\"dateModified\":\"2026-03-29T18:55:34+00:00\",\"breadcrumb\":{\"@id\":\"https:\\\/\\\/inmondo.pl\\\/sklep\\\/elementy\\\/lozka\\\/lozko-podniesione-90-cm-funflex\\\/#breadcrumb\"},\"inLanguage\":\"en-GB\",\"potentialAction\":[{\"@type\":\"ReadAction\",\"target\":[\"https:\\\/\\\/inmondo.pl\\\/sklep\\\/elementy\\\/lozka\\\/lozko-podniesione-90-cm-funflex\\\/\"]}]},{\"@type\":\"ImageObject\",\"inLanguage\":\"en-GB\",\"@id\":\"https:\\\/\\\/inmondo.pl\\\/sklep\\\/elementy\\\/lozka\\\/lozko-podniesione-90-cm-funflex\\\/#primaryimage\",\"url\":\"https:\\\/\\\/inmondo.pl\\\/wp-content\\\/uploads\\\/2020\\\/06\\\/2019_09_INMONDO_PACKSHOTY-19881_small.jpg\",\"contentUrl\":\"https:\\\/\\\/inmondo.pl\\\/wp-content\\\/uploads\\\/2020\\\/06\\\/2019_09_INMONDO_PACKSHOTY-19881_small.jpg\",\"width\":960,\"height\":960},{\"@type\":\"BreadcrumbList\",\"@id\":\"https:\\\/\\\/inmondo.pl\\\/sklep\\\/elementy\\\/lozka\\\/lozko-podniesione-90-cm-funflex\\\/#breadcrumb\",\"itemListElement\":[{\"@type\":\"ListItem\",\"position\":1,\"name\":\"Strona g\u0142\u00f3wna\",\"item\":\"https:\\\/\\\/inmondo.pl\\\/\"},{\"@type\":\"ListItem\",\"position\":2,\"name\":\"Oferta Inmondo: spe\u0142niamy marzenia i wymagania\",\"item\":\"https:\\\/\\\/inmondo.pl\\\/sklep\\\/\"},{\"@type\":\"ListItem\",\"position\":3,\"name\":\"kolekcje\",\"item\":\"https:\\\/\\\/inmondo.pl\\\/de\\\/sklep\\\/kolekcje\\\/\"},{\"@type\":\"ListItem\",\"position\":4,\"name\":\"\u0141\u00f3\u017cko podniesione 90 cm\"}]},{\"@type\":\"WebSite\",\"@id\":\"https:\\\/\\\/inmondo.pl\\\/#website\",\"url\":\"https:\\\/\\\/inmondo.pl\\\/\",\"name\":\"Inmondo\",\"description\":\"\",\"potentialAction\":[{\"@type\":\"SearchAction\",\"target\":{\"@type\":\"EntryPoint\",\"urlTemplate\":\"https:\\\/\\\/inmondo.pl\\\/?s={search_term_string}\"},\"query-input\":{\"@type\":\"PropertyValueSpecification\",\"valueRequired\":true,\"valueName\":\"search_term_string\"}}],\"inLanguage\":\"en-GB\"}]}<\/script>\n<!-- \/ Yoast SEO plugin. -->","yoast_head_json":{"title":"Raised bed 90 cm - Inmondo","robots":{"index":"index","follow":"follow","max-snippet":"max-snippet:-1","max-image-preview":"max-image-preview:large","max-video-preview":"max-video-preview:-1"},"canonical":"https:\/\/inmondo.pl\/en\/sklep\/elementy\/lozka\/lozko-podniesione-90-cm-funflex\/","og_locale":"en_GB","og_type":"article","og_title":"\u0141\u00f3\u017cko podniesione 90 cm - Inmondo","og_description":"Rozpocznij wielk\u0105 przygod\u0119 z naszym podniesionym \u0142\u00f3\u017ckiem Funflex, w kt\u00f3rym funkcjonalno\u015b\u0107 i wzornictwo id\u0105 r\u0119ka w r\u0119k\u0119. Dzi\u0119ki kolekcji Funflex mo\u017cesz stworzy\u0107 pok\u00f3j marze\u0144 Twojej pociechy. \u0141\u00f3\u017cko mo\u017ce zosta\u0107 uzupe\u0142nione o rega\u0142y i komody, kt\u00f3re idealnie wype\u0142niaj\u0105 miejsce pod \u0142\u00f3\u017ckiem. Dzi\u0119ki temu uzyskasz dodatkow\u0105 przestrze\u0144 do przechowywania. Ksi\u0105\u017cki, zabawki i wszystkie skarby, wreszcie znajd\u0105 swoje miejsce bez po\u015bwi\u0119cania go w pokoju. \u0141\u00f3\u017cko posiada mocne i stabilne barierki dla Twojego bezpiecze\u0144stwa podczas snu. Sko\u015bna drabinka pozwala na \u0142atwy i bezpieczny dost\u0119p do materaca. Ponadczasowe po\u0142\u0105czenie bia\u0142ego koloru i jasnej brzozy b\u0119dzie zawsze w modzie.  &nbsp;  Wybierz dla swoich dzieci r\u00f3wnie\u017c jeden z dw\u00f3ch pasuj\u0105cych do niego modeli materacy\u00a0RESTO 90\u00a0lub\u00a0RESTO DUO 90.  &nbsp;  &nbsp;  &nbsp;","og_url":"https:\/\/inmondo.pl\/en\/sklep\/elementy\/lozka\/lozko-podniesione-90-cm-funflex\/","og_site_name":"Inmondo","article_modified_time":"2026-03-29T18:55:34+00:00","og_image":[{"width":960,"height":960,"url":"https:\/\/inmondo.pl\/wp-content\/uploads\/2020\/06\/2019_09_INMONDO_PACKSHOTY-19881_small.jpg","type":"image\/jpeg"}],"twitter_card":"summary_large_image","twitter_misc":{"Estimated reading time":"3 minutes"},"schema":{"@context":"https:\/\/schema.org","@graph":[{"@type":"WebPage","@id":"https:\/\/inmondo.pl\/sklep\/elementy\/lozka\/lozko-podniesione-90-cm-funflex\/","url":"https:\/\/inmondo.pl\/sklep\/elementy\/lozka\/lozko-podniesione-90-cm-funflex\/","name":"Raised bed 90 cm - Inmondo","isPartOf":{"@id":"https:\/\/inmondo.pl\/#website"},"primaryImageOfPage":{"@id":"https:\/\/inmondo.pl\/sklep\/elementy\/lozka\/lozko-podniesione-90-cm-funflex\/#primaryimage"},"image":{"@id":"https:\/\/inmondo.pl\/sklep\/elementy\/lozka\/lozko-podniesione-90-cm-funflex\/#primaryimage"},"thumbnailUrl":"https:\/\/inmondo.pl\/wp-content\/uploads\/2020\/06\/2019_09_INMONDO_PACKSHOTY-19881_small.jpg","datePublished":"2020-06-16T10:14:03+00:00","dateModified":"2026-03-29T18:55:34+00:00","breadcrumb":{"@id":"https:\/\/inmondo.pl\/sklep\/elementy\/lozka\/lozko-podniesione-90-cm-funflex\/#breadcrumb"},"inLanguage":"en-GB","potentialAction":[{"@type":"ReadAction","target":["https:\/\/inmondo.pl\/sklep\/elementy\/lozka\/lozko-podniesione-90-cm-funflex\/"]}]},{"@type":"ImageObject","inLanguage":"en-GB","@id":"https:\/\/inmondo.pl\/sklep\/elementy\/lozka\/lozko-podniesione-90-cm-funflex\/#primaryimage","url":"https:\/\/inmondo.pl\/wp-content\/uploads\/2020\/06\/2019_09_INMONDO_PACKSHOTY-19881_small.jpg","contentUrl":"https:\/\/inmondo.pl\/wp-content\/uploads\/2020\/06\/2019_09_INMONDO_PACKSHOTY-19881_small.jpg","width":960,"height":960},{"@type":"BreadcrumbList","@id":"https:\/\/inmondo.pl\/sklep\/elementy\/lozka\/lozko-podniesione-90-cm-funflex\/#breadcrumb","itemListElement":[{"@type":"ListItem","position":1,"name":"Strona g\u0142\u00f3wna","item":"https:\/\/inmondo.pl\/"},{"@type":"ListItem","position":2,"name":"Oferta Inmondo: spe\u0142niamy marzenia i wymagania","item":"https:\/\/inmondo.pl\/sklep\/"},{"@type":"ListItem","position":3,"name":"kolekcje","item":"https:\/\/inmondo.pl\/de\/sklep\/kolekcje\/"},{"@type":"ListItem","position":4,"name":"\u0141\u00f3\u017cko podniesione 90 cm"}]},{"@type":"WebSite","@id":"https:\/\/inmondo.pl\/#website","url":"https:\/\/inmondo.pl\/","name":"Inmondo","description":"","potentialAction":[{"@type":"SearchAction","target":{"@type":"EntryPoint","urlTemplate":"https:\/\/inmondo.pl\/?s={search_term_string}"},"query-input":{"@type":"PropertyValueSpecification","valueRequired":true,"valueName":"search_term_string"}}],"inLanguage":"en-GB"}]}},"wcpa_form_fields":{"wcpaData":{"product":{"product_price":1990,"price_html":"<span class=\"woocommerce-Price-amount amount\">1 990&nbsp;<span class=\"woocommerce-Price-currencySymbol\">&#122;&#322;<\/span><\/span>","original_product_price":1990,"price_including_tax":1990,"price_excluding_tax":1617.886179,"product_id":{"parent":922,"variation":false},"is_variable":true,"stock_status":"onbackorder","stock_quantity":0,"parent_sku":"922","product_attributes":{"pa_kolor":{"is_variation":true,"values":[]}},"custom_fields":[],"is_taxable":true},"fields":{"sec_3696f52db1e88b":{"extra":{"key":"sec_3696f52db1e88b","section_id":"sec_3696f52db1e88b","name":"Default","status":1,"cl_rule":"show","enableCl":false,"relations":[],"toggle":true,"title_tag":"h3","show_title":false,"showPrice":"default","form_id":11978,"form_rules":{"exclude_from_discount":false,"fee_label":"Fee","disp_hide_options_price":false,"disp_show_section_price":false,"disp_show_field_price":false,"layout_option":"standard","pric_use_as_fee":false,"process_fee_as":"woo_fee"},"layout_option":"standard"},"fields":[]}},"config":{"price_override":"","enable_recaptcha":false,"bind_quantity":false,"quantity_bind_formula":"","disp_summ_show_option_price":true,"disp_summ_show_product_price":true,"disp_summ_show_total_price":true,"disp_summ_show_fee":false,"disp_summ_show_discount":false,"summary_title":"","options_total_label":"Cena wariant\u00f3w","total_label":"\u0141\u0105cznie","options_product_label":"Cena produktu","fee_label":"Fee","discount_label":"Obni\u017cka","has_price":false,"has_quantity_formula":false},"mc_unit":1,"tax_rate":1,"tax_rate_real":0.23,"discount":{"percentage":0,"fixed":0},"design":{"conf":{"LabelPosition":"above","DescPosition":"above","UploadField":"custom_1","QuantityFieldStyle":"default"},"css":{"LeftLabelWidth":"120px"}},"formulas":[],"clones":false,"cartKey":false}},"_links":{"self":[{"href":"https:\/\/inmondo.pl\/en\/wp-json\/wp\/v2\/product\/922","targetHints":{"allow":["GET"]}}],"collection":[{"href":"https:\/\/inmondo.pl\/en\/wp-json\/wp\/v2\/product"}],"about":[{"href":"https:\/\/inmondo.pl\/en\/wp-json\/wp\/v2\/types\/product"}],"replies":[{"embeddable":true,"href":"https:\/\/inmondo.pl\/en\/wp-json\/wp\/v2\/comments?post=922"}],"wp:featuredmedia":[{"embeddable":true,"href":"https:\/\/inmondo.pl\/en\/wp-json\/wp\/v2\/media\/648"}],"wp:attachment":[{"href":"https:\/\/inmondo.pl\/en\/wp-json\/wp\/v2\/media?parent=922"}],"wp:term":[{"taxonomy":"product_brand","embeddable":true,"href":"https:\/\/inmondo.pl\/en\/wp-json\/wp\/v2\/product_brand?post=922"},{"taxonomy":"product_cat","embeddable":true,"href":"https:\/\/inmondo.pl\/en\/wp-json\/wp\/v2\/product_cat?post=922"},{"taxonomy":"product_tag","embeddable":true,"href":"https:\/\/inmondo.pl\/en\/wp-json\/wp\/v2\/product_tag?post=922"}],"curies":[{"name":"wp","href":"https:\/\/api.w.org\/{rel}","templated":true}]}}