{"id":907,"date":"2020-06-16T11:59:12","date_gmt":"2020-06-16T09:59:12","guid":{"rendered":"http:\/\/inmondo.pl\/?post_type=product&#038;p=907"},"modified":"2026-04-15T08:10:50","modified_gmt":"2026-04-15T06:10:50","slug":"lozko-wysokie-z-biurkiem-i-polka","status":"publish","type":"product","link":"https:\/\/inmondo.pl\/en\/sklep\/elementy\/lozka\/lozko-wysokie-z-biurkiem-i-polka\/","title":{"rendered":"High bed with desk and shelf"},"content":{"rendered":"<p>Start your great adventure with our Funflex bed, where functionality and design go hand in hand. Thanks to it, you can create a dream room for your child. There is a large desk and a shelf under the bed. In addition, it can also be supplemented with shelves and chests of drawers that perfectly fill the remaining space under it. Thanks to this, you will get additional storage space. Books, toys and all the treasures will finally find their place without sacrificing space in the room. The bed has strong and stable rails for safety while sleeping and playing. The sloping ladder allows easy and safe access. The timeless combination of white and light birch will always be fashionable.<\/p>\n<p>Also choose one of the two matching mattress models <a href=\"https:\/\/inmondo.pl\/en\/sklep\/elementy\/materac-resto\/\"><u>RESTO 90<\/u><\/a> or <a href=\"https:\/\/inmondo.pl\/en\/sklep\/elementy\/materac-resto-duo-90\/\"><u>RESTO DUO 90<\/u><\/a>.<\/p>","protected":false},"excerpt":{"rendered":"<p>Start your great adventure with our Funflex bed, where functionality and design go hand in hand. Thanks to it, you can create a dream room for your child. There is a large desk and a shelf under the bed. In addition, it can also be supplemented with shelves and chests of drawers that perfectly fill the remaining space under it. Thanks to this, you will get additional storage space. Books, toys and all the treasures will finally find their place without sacrificing space in the room. The bed has strong and stable rails for safety while sleeping and playing. The sloping ladder allows easy and safe access. The timeless combination of white and light birch will always be fashionable.<\/p>\n<p>&nbsp;<\/p>\n<p>Also choose one of the two matching mattress models <a href=\"https:\/\/inmondo.pl\/en\/sklep\/elementy\/materac-resto\/\"><u>RESTO 90<\/u><\/a> or <a href=\"https:\/\/inmondo.pl\/en\/sklep\/elementy\/materac-resto-duo-90\/\"><u>RESTO DUO 90<\/u><\/a>.<\/p>\n<h6><\/h6>","protected":false},"featured_media":664,"comment_status":"open","ping_status":"closed","template":"","meta":{"_acf_changed":true},"product_brand":[],"product_cat":[29,20,18,17,21,172,99],"product_tag":[],"class_list":{"0":"post-907","1":"product","2":"type-product","3":"status-publish","4":"has-post-thumbnail","6":"product_cat-biurka","7":"product_cat-elementy","8":"product_cat-funflex","9":"product_cat-kolekcje","10":"product_cat-lozka","11":"product_cat-lozka-pietrowe","12":"product_cat-meble-dostepne","13":"wcpa_has_options","15":"first","16":"onbackorder","17":"featured","18":"taxable","19":"shipping-taxable","20":"purchasable","21":"product-type-variable","22":"has-default-attributes"},"acf":{"wymiary":"Szeroko\u015b\u0107: 206 cm<br \/>\r\nWysoko\u015b\u0107: 179 cm<br \/>\r\nG\u0142\u0119boko\u015b\u0107: 143 cm <br \/>\r\nG\u0142\u0119boko\u015b\u0107 blatu biurka: 50 cm<br \/>\r\n<br \/>\r\n\u015awiat\u0142o pomi\u0119dzy pod\u0142og\u0105 a&nbsp;doln\u0105 ram\u0105 \u0142\u00f3\u017cka:  136,7 cm","materialy":"drewno brzozowe, p\u0142yta MDF, lakier wodny i&nbsp;wodny UV","sections_woocommerce":[{"acf_fc_layout":"section_menu","is_active":true,"repeater":[{"text":"Opis","link":"#opis"},{"text":"Lookbook","link":"#lookbook"},{"text":"Opinie","link":"#opinie"},{"text":"Inne produkty","link":"#inneprodukty"}]},{"acf_fc_layout":"section_woocommerce_text_image","is_active":true,"anchor":"opis","text_align":"textAlign--left","grid_width":"main","wysiwyg":"<h3>Cechy produktu:<\/h3>\n<p>&nbsp;<\/p>\n<p>Szeroko\u015b\u0107 \u0142\u00f3\u017cka\u00a0 &#8211;\u00a0 95,0 cm<\/p>\n<p>D\u0142ugo\u015b\u0107 ca\u0142kowita &#8211; 206,6 cm<\/p>\n<p>Wysoko\u015b\u0107 pod\u00a0\u0142\u00f3\u017ckiem 136,5 cm<\/p>\n<p>Odleg\u0142o\u015b\u0107 drabinki od nogi \u0142\u00f3\u017cka &#8211; 47,5 cm<\/p>\n<p>Wymiary blatu biurka:\u00a0 205,5 x 50 cm<\/p>\n<p>G\u00f3rna powierzchnia blatu jest na\u00a0wysoko\u015bci 75 cm od pod\u0142ogi<\/p>\n<p>&nbsp;<\/p>\n<p>Wymiary materaca: 90 x 200 cm<\/p>\n<p>&nbsp;<\/p>\n<p>Materia\u0142y:<\/p>\n<p>Korpus: MDF<\/p>\n<p>Nogi, drabinka: lite drewno brzozowe<\/p>\n<p>Stela\u017c: lite drewno sosnowe<\/p>\n<p>&nbsp;<\/p>\n<p>Wyko\u0144czenie:<\/p>\n<p>Lakiery wodne, lakiery UV<\/p>\n<p>&nbsp;<\/p>\n<p>Dost\u0119pna kolorystyka: bia\u0142y, ciemny szary<\/p>\n<p>&nbsp;<\/p>\n<p>Produkt wymaga z\u0142o\u017cenia<\/p>\n","image":"https:\/\/inmondo.pl\/wp-content\/uploads\/2020\/07\/2019_10_INMONDO_SESJA_DODATKOWA-21705-1920.jpg"},{"acf_fc_layout":"section_woocommerce_text_image","is_active":true,"anchor":"opis","text_align":"textAlign--right","grid_width":"main","wysiwyg":"<h2>Funflex nieograniczone mo\u017cliwo\u015bci.<\/h2>\n<p>Szeroki wyb\u00f3r element\u00f3w z\u00a0kolekcji Funflex pozwoli zaaran\u017cowa\u0107 ka\u017cd\u0105 przestrze\u0144 zgodnie z\u00a0Twoimi potrzebami i\u00a0upodobaniami. Zapomnij o\u00a0problemach z\u00a0brakiem miejsca na\u00a0przechowywanie skarb\u00f3w Twojego dziecka. Ksi\u0105\u017cki, ubrania, zabawki &#8211; od teraz wszystko znajdzie swoje miejsce. Je\u015bli w\u00a0pokoju brakuje miejsca meble mo\u017cesz postawi\u0107 pod\u00a0\u0142\u00f3\u017ckiem uzyskuj\u0105c przestrze\u0144 do\u00a0przechowywania bez po\u015bwi\u0119cania miejsca w\u00a0pokoju.<\/p>\n","image":"https:\/\/inmondo.pl\/wp-content\/uploads\/2020\/09\/2019_04_INMONDO_POK\u00d3J_CH\u0141OPCA_2-14003.jpg"},{"acf_fc_layout":"section_woocommerce_text_image","is_active":true,"anchor":"","text_align":"textAlign--left","grid_width":"main","wysiwyg":"<p>Tworz\u0105c nasze meble my\u015blimy nie tylko o\u00a0funkcjonalno\u015bci, ale\u00a0tak\u017ce o\u00a0bezpiecze\u0144stwie i\u00a0komforcie Twojego dziecka. Dlatego\u00a0wszystkie nasze meble s\u0105 lakierowane ekologicznymi farbami wodnymi. Zawiasy i\u00a0prowadnice posiadaj\u0105 system cichego domyku.<\/p>\n<p>&nbsp;<\/p>\n<h2>Uwaga!<\/h2>\n<p>\u0141\u00f3\u017cka wysokie i\u00a0g\u00f3rne \u0142\u00f3\u017cka \u0142\u00f3\u017cek pi\u0119trowych albo\u00a0\u0142\u00f3\u017cka na\u00a0antresoli nie s\u0105 przeznaczone dla\u00a0dzieci w\u00a0wieku poni\u017cej 6 lat, z\u00a0uwagi na\u00a0ryzyko obra\u017ce\u0144 na\u00a0skutek wypadni\u0119cia.<br \/>\nMaksymalne obci\u0105\u017cenie oznacza ci\u0119\u017car statyczny, innymi s\u0142owy jest to obci\u0105\u017cenie, kt\u00f3ry \u0142\u00f3\u017cko wytrzymuje, gdy na\u00a0nim le\u017cysz lub\u00a0siedzisz.<br \/>\nMaksymalne obci\u0105\u017cenie: 100 kg<\/p>\n<p>Obci\u0105\u017cenie statyczne \u0142\u00f3\u017cka: max. 100 kg g\u00f3rne le\u017cysko, max. 100 kg dolne le\u017cysko<\/p>\n<p>\u0141\u00f3\u017cko przebadane zgodnie z norm\u0105: PN-EN 747-1+A1:2015-08 &#8222;Meble &#8211; \u0141\u00f3\u017cka pi\u0119trowe i \u0142\u00f3\u017cka wysokie &#8212; Cz\u0119\u015b\u0107 1: Wymagania bezpiecze\u0144stwa, wytrzyma\u0142o\u015bci i trwa\u0142o\u015bci&#8221;<\/p>\n","image":"https:\/\/inmondo.pl\/wp-content\/uploads\/2020\/07\/2019_04_INMONDO_POK\u00d3J_CH\u0141OPCA_2-14058kwadrat-1080.jpg"},{"acf_fc_layout":"section_woocommerce_lookbook","is_active":true,"anchor":"lookbook","header":"<h2 style=\"text-align: center;\">Zobacz galeri\u0119 Funflex:<\/h2>\n<p style=\"text-align: center;\">Nasz lookbook pokazuje tylko wybrane z\u00a0setek mo\u017cliwo\u015bci, jakie daj\u0105 meble Funflex. U\u017cyj ich, jak tylko sobie wymarzysz:<\/p>\n","repeater":[{"shortcode":"[woocommerce_lookbook id=\"1348\"]"},{"shortcode":"[woocommerce_lookbook id=\"1345\"]"},{"shortcode":"[woocommerce_lookbook id=\"1343\"]"},{"shortcode":"[woocommerce_lookbook id=\"1340\"]"}]},{"acf_fc_layout":"section_woocommerce_opinions","is_active":true,"anchor":"opinie"},{"acf_fc_layout":"section_woocommerce_otherFromCategory","is_active":true,"anchor":"inneprodukty"}],"czas_realizacji":""},"yoast_head":"<!-- This site is optimized with the Yoast SEO plugin v27.3 - https:\/\/yoast.com\/product\/yoast-seo-wordpress\/ -->\n<title>\u0141\u00f3\u017cko wysokie z biurkiem i p\u00f3\u0142k\u0105 - Inmondo<\/title>\n<meta name=\"robots\" content=\"index, follow, max-snippet:-1, max-image-preview:large, max-video-preview:-1\" \/>\n<link rel=\"canonical\" href=\"https:\/\/inmondo.pl\/en\/sklep\/elementy\/lozka\/lozko-wysokie-z-biurkiem-i-polka\/\" \/>\n<meta property=\"og:locale\" content=\"en_GB\" \/>\n<meta property=\"og:type\" content=\"article\" \/>\n<meta property=\"og:title\" content=\"\u0141\u00f3\u017cko wysokie z biurkiem i p\u00f3\u0142k\u0105 - Inmondo\" \/>\n<meta property=\"og:description\" content=\"Rozpocznij wielk\u0105 przygod\u0119 z naszym \u0142\u00f3\u017ckiem Funflex, w kt\u00f3rym funkcjonalno\u015b\u0107 i wzornictwo id\u0105 r\u0119ka w r\u0119k\u0119. Dzi\u0119ki niemu mo\u017cesz stworzy\u0107 pok\u00f3j marze\u0144 Twojej pociechy. Pod \u0142\u00f3\u017ckiem znajduje si\u0119 du\u017ce biurko i p\u00f3\u0142ka. Dodatkowo mo\u017ce tak\u017ce zosta\u0107 uzupe\u0142nione o rega\u0142y i komody, kt\u00f3re idealnie wype\u0142niaj\u0105 pozosta\u0142\u0105 pod nim przestrze\u0144. Dzi\u0119ki temu uzyskasz dodatkowe miejsce do przechowywania. Ksi\u0105\u017cki, zabawki i wszystkie skarby, wreszcie znajd\u0105 swoje miejsce bez po\u015bwi\u0119cania miejsca w pokoju. \u0141\u00f3\u017cko posiada mocne i stabilne barierki dla bezpiecze\u0144stwa podczas snu i zabawy. Sko\u015bna drabinka pozwala na \u0142atwy i bezpieczny dost\u0119p. Ponadczasowe po\u0142\u0105czenie bia\u0142ego koloru i jasnej brzozy b\u0119dzie zawsze modne.  &nbsp;  Wybierz r\u00f3wnie\u017c jeden z dw\u00f3ch pasuj\u0105cych do niego materacy RESTO 90 lub RESTO DUO 90.\" \/>\n<meta property=\"og:url\" content=\"https:\/\/inmondo.pl\/en\/sklep\/elementy\/lozka\/lozko-wysokie-z-biurkiem-i-polka\/\" \/>\n<meta property=\"og:site_name\" content=\"Inmondo\" \/>\n<meta property=\"article:modified_time\" content=\"2026-04-15T06:10:50+00:00\" \/>\n<meta property=\"og:image\" content=\"https:\/\/inmondo.pl\/wp-content\/uploads\/2020\/06\/2019_09_INMONDO_PACKSHOTY-21564_small.jpg\" \/>\n\t<meta property=\"og:image:width\" content=\"960\" \/>\n\t<meta property=\"og:image:height\" content=\"960\" \/>\n\t<meta property=\"og:image:type\" content=\"image\/jpeg\" \/>\n<meta name=\"twitter:card\" content=\"summary_large_image\" \/>\n<meta name=\"twitter:label1\" content=\"Estimated reading time\" \/>\n\t<meta name=\"twitter:data1\" content=\"4 minutes\" \/>\n<script type=\"application\/ld+json\" class=\"yoast-schema-graph\">{\"@context\":\"https:\\\/\\\/schema.org\",\"@graph\":[{\"@type\":\"WebPage\",\"@id\":\"https:\\\/\\\/inmondo.pl\\\/sklep\\\/elementy\\\/lozka\\\/lozko-wysokie-z-biurkiem-i-polka\\\/\",\"url\":\"https:\\\/\\\/inmondo.pl\\\/sklep\\\/elementy\\\/lozka\\\/lozko-wysokie-z-biurkiem-i-polka\\\/\",\"name\":\"\u0141\u00f3\u017cko wysokie z biurkiem i p\u00f3\u0142k\u0105 - Inmondo\",\"isPartOf\":{\"@id\":\"https:\\\/\\\/inmondo.pl\\\/#website\"},\"primaryImageOfPage\":{\"@id\":\"https:\\\/\\\/inmondo.pl\\\/sklep\\\/elementy\\\/lozka\\\/lozko-wysokie-z-biurkiem-i-polka\\\/#primaryimage\"},\"image\":{\"@id\":\"https:\\\/\\\/inmondo.pl\\\/sklep\\\/elementy\\\/lozka\\\/lozko-wysokie-z-biurkiem-i-polka\\\/#primaryimage\"},\"thumbnailUrl\":\"https:\\\/\\\/inmondo.pl\\\/wp-content\\\/uploads\\\/2020\\\/06\\\/2019_09_INMONDO_PACKSHOTY-21564_small.jpg\",\"datePublished\":\"2020-06-16T09:59:12+00:00\",\"dateModified\":\"2026-04-15T06:10:50+00:00\",\"breadcrumb\":{\"@id\":\"https:\\\/\\\/inmondo.pl\\\/sklep\\\/elementy\\\/lozka\\\/lozko-wysokie-z-biurkiem-i-polka\\\/#breadcrumb\"},\"inLanguage\":\"en-GB\",\"potentialAction\":[{\"@type\":\"ReadAction\",\"target\":[\"https:\\\/\\\/inmondo.pl\\\/sklep\\\/elementy\\\/lozka\\\/lozko-wysokie-z-biurkiem-i-polka\\\/\"]}]},{\"@type\":\"ImageObject\",\"inLanguage\":\"en-GB\",\"@id\":\"https:\\\/\\\/inmondo.pl\\\/sklep\\\/elementy\\\/lozka\\\/lozko-wysokie-z-biurkiem-i-polka\\\/#primaryimage\",\"url\":\"https:\\\/\\\/inmondo.pl\\\/wp-content\\\/uploads\\\/2020\\\/06\\\/2019_09_INMONDO_PACKSHOTY-21564_small.jpg\",\"contentUrl\":\"https:\\\/\\\/inmondo.pl\\\/wp-content\\\/uploads\\\/2020\\\/06\\\/2019_09_INMONDO_PACKSHOTY-21564_small.jpg\",\"width\":960,\"height\":960},{\"@type\":\"BreadcrumbList\",\"@id\":\"https:\\\/\\\/inmondo.pl\\\/sklep\\\/elementy\\\/lozka\\\/lozko-wysokie-z-biurkiem-i-polka\\\/#breadcrumb\",\"itemListElement\":[{\"@type\":\"ListItem\",\"position\":1,\"name\":\"Strona g\u0142\u00f3wna\",\"item\":\"https:\\\/\\\/inmondo.pl\\\/\"},{\"@type\":\"ListItem\",\"position\":2,\"name\":\"Oferta Inmondo: spe\u0142niamy marzenia i wymagania\",\"item\":\"https:\\\/\\\/inmondo.pl\\\/sklep\\\/\"},{\"@type\":\"ListItem\",\"position\":3,\"name\":\"kolekcje\",\"item\":\"https:\\\/\\\/inmondo.pl\\\/de\\\/sklep\\\/kolekcje\\\/\"},{\"@type\":\"ListItem\",\"position\":4,\"name\":\"\u0141\u00f3\u017cko wysokie z biurkiem i p\u00f3\u0142k\u0105\"}]},{\"@type\":\"WebSite\",\"@id\":\"https:\\\/\\\/inmondo.pl\\\/#website\",\"url\":\"https:\\\/\\\/inmondo.pl\\\/\",\"name\":\"Inmondo\",\"description\":\"\",\"potentialAction\":[{\"@type\":\"SearchAction\",\"target\":{\"@type\":\"EntryPoint\",\"urlTemplate\":\"https:\\\/\\\/inmondo.pl\\\/?s={search_term_string}\"},\"query-input\":{\"@type\":\"PropertyValueSpecification\",\"valueRequired\":true,\"valueName\":\"search_term_string\"}}],\"inLanguage\":\"en-GB\"}]}<\/script>\n<!-- \/ Yoast SEO plugin. -->","yoast_head_json":{"title":"High bed with desk and shelf - Inmondo","robots":{"index":"index","follow":"follow","max-snippet":"max-snippet:-1","max-image-preview":"max-image-preview:large","max-video-preview":"max-video-preview:-1"},"canonical":"https:\/\/inmondo.pl\/en\/sklep\/elementy\/lozka\/lozko-wysokie-z-biurkiem-i-polka\/","og_locale":"en_GB","og_type":"article","og_title":"\u0141\u00f3\u017cko wysokie z biurkiem i p\u00f3\u0142k\u0105 - Inmondo","og_description":"Rozpocznij wielk\u0105 przygod\u0119 z naszym \u0142\u00f3\u017ckiem Funflex, w kt\u00f3rym funkcjonalno\u015b\u0107 i wzornictwo id\u0105 r\u0119ka w r\u0119k\u0119. Dzi\u0119ki niemu mo\u017cesz stworzy\u0107 pok\u00f3j marze\u0144 Twojej pociechy. Pod \u0142\u00f3\u017ckiem znajduje si\u0119 du\u017ce biurko i p\u00f3\u0142ka. Dodatkowo mo\u017ce tak\u017ce zosta\u0107 uzupe\u0142nione o rega\u0142y i komody, kt\u00f3re idealnie wype\u0142niaj\u0105 pozosta\u0142\u0105 pod nim przestrze\u0144. Dzi\u0119ki temu uzyskasz dodatkowe miejsce do przechowywania. Ksi\u0105\u017cki, zabawki i wszystkie skarby, wreszcie znajd\u0105 swoje miejsce bez po\u015bwi\u0119cania miejsca w pokoju. \u0141\u00f3\u017cko posiada mocne i stabilne barierki dla bezpiecze\u0144stwa podczas snu i zabawy. Sko\u015bna drabinka pozwala na \u0142atwy i bezpieczny dost\u0119p. Ponadczasowe po\u0142\u0105czenie bia\u0142ego koloru i jasnej brzozy b\u0119dzie zawsze modne.  &nbsp;  Wybierz r\u00f3wnie\u017c jeden z dw\u00f3ch pasuj\u0105cych do niego materacy RESTO 90 lub RESTO DUO 90.","og_url":"https:\/\/inmondo.pl\/en\/sklep\/elementy\/lozka\/lozko-wysokie-z-biurkiem-i-polka\/","og_site_name":"Inmondo","article_modified_time":"2026-04-15T06:10:50+00:00","og_image":[{"width":960,"height":960,"url":"https:\/\/inmondo.pl\/wp-content\/uploads\/2020\/06\/2019_09_INMONDO_PACKSHOTY-21564_small.jpg","type":"image\/jpeg"}],"twitter_card":"summary_large_image","twitter_misc":{"Estimated reading time":"4 minutes"},"schema":{"@context":"https:\/\/schema.org","@graph":[{"@type":"WebPage","@id":"https:\/\/inmondo.pl\/sklep\/elementy\/lozka\/lozko-wysokie-z-biurkiem-i-polka\/","url":"https:\/\/inmondo.pl\/sklep\/elementy\/lozka\/lozko-wysokie-z-biurkiem-i-polka\/","name":"High bed with desk and shelf - Inmondo","isPartOf":{"@id":"https:\/\/inmondo.pl\/#website"},"primaryImageOfPage":{"@id":"https:\/\/inmondo.pl\/sklep\/elementy\/lozka\/lozko-wysokie-z-biurkiem-i-polka\/#primaryimage"},"image":{"@id":"https:\/\/inmondo.pl\/sklep\/elementy\/lozka\/lozko-wysokie-z-biurkiem-i-polka\/#primaryimage"},"thumbnailUrl":"https:\/\/inmondo.pl\/wp-content\/uploads\/2020\/06\/2019_09_INMONDO_PACKSHOTY-21564_small.jpg","datePublished":"2020-06-16T09:59:12+00:00","dateModified":"2026-04-15T06:10:50+00:00","breadcrumb":{"@id":"https:\/\/inmondo.pl\/sklep\/elementy\/lozka\/lozko-wysokie-z-biurkiem-i-polka\/#breadcrumb"},"inLanguage":"en-GB","potentialAction":[{"@type":"ReadAction","target":["https:\/\/inmondo.pl\/sklep\/elementy\/lozka\/lozko-wysokie-z-biurkiem-i-polka\/"]}]},{"@type":"ImageObject","inLanguage":"en-GB","@id":"https:\/\/inmondo.pl\/sklep\/elementy\/lozka\/lozko-wysokie-z-biurkiem-i-polka\/#primaryimage","url":"https:\/\/inmondo.pl\/wp-content\/uploads\/2020\/06\/2019_09_INMONDO_PACKSHOTY-21564_small.jpg","contentUrl":"https:\/\/inmondo.pl\/wp-content\/uploads\/2020\/06\/2019_09_INMONDO_PACKSHOTY-21564_small.jpg","width":960,"height":960},{"@type":"BreadcrumbList","@id":"https:\/\/inmondo.pl\/sklep\/elementy\/lozka\/lozko-wysokie-z-biurkiem-i-polka\/#breadcrumb","itemListElement":[{"@type":"ListItem","position":1,"name":"Strona g\u0142\u00f3wna","item":"https:\/\/inmondo.pl\/"},{"@type":"ListItem","position":2,"name":"Oferta Inmondo: spe\u0142niamy marzenia i wymagania","item":"https:\/\/inmondo.pl\/sklep\/"},{"@type":"ListItem","position":3,"name":"kolekcje","item":"https:\/\/inmondo.pl\/de\/sklep\/kolekcje\/"},{"@type":"ListItem","position":4,"name":"\u0141\u00f3\u017cko wysokie z biurkiem i p\u00f3\u0142k\u0105"}]},{"@type":"WebSite","@id":"https:\/\/inmondo.pl\/#website","url":"https:\/\/inmondo.pl\/","name":"Inmondo","description":"","potentialAction":[{"@type":"SearchAction","target":{"@type":"EntryPoint","urlTemplate":"https:\/\/inmondo.pl\/?s={search_term_string}"},"query-input":{"@type":"PropertyValueSpecification","valueRequired":true,"valueName":"search_term_string"}}],"inLanguage":"en-GB"}]}},"wcpa_form_fields":{"wcpaData":{"product":{"product_price":3290,"price_html":"<span class=\"woocommerce-Price-amount amount\">3 290&nbsp;<span class=\"woocommerce-Price-currencySymbol\">&#122;&#322;<\/span><\/span>","original_product_price":3290,"price_including_tax":3290,"price_excluding_tax":2674.7967479999998,"product_id":{"parent":907,"variation":false},"is_variable":true,"stock_status":"onbackorder","stock_quantity":0,"parent_sku":"907","product_attributes":{"pa_kolor":{"is_variation":true,"values":[]}},"custom_fields":[],"is_taxable":true},"fields":{"sec_3696f52db1e88b":{"extra":{"key":"sec_3696f52db1e88b","section_id":"sec_3696f52db1e88b","name":"Default","status":1,"cl_rule":"show","enableCl":false,"relations":[],"toggle":true,"title_tag":"h3","show_title":false,"showPrice":"default","form_id":11978,"form_rules":{"exclude_from_discount":false,"fee_label":"Fee","disp_hide_options_price":false,"disp_show_section_price":false,"disp_show_field_price":false,"layout_option":"standard","pric_use_as_fee":false,"process_fee_as":"woo_fee"},"layout_option":"standard"},"fields":[]}},"config":{"price_override":"","enable_recaptcha":false,"bind_quantity":false,"quantity_bind_formula":"","disp_summ_show_option_price":true,"disp_summ_show_product_price":true,"disp_summ_show_total_price":true,"disp_summ_show_fee":false,"disp_summ_show_discount":false,"summary_title":"","options_total_label":"Cena wariant\u00f3w","total_label":"\u0141\u0105cznie","options_product_label":"Cena produktu","fee_label":"Fee","discount_label":"Obni\u017cka","has_price":false,"has_quantity_formula":false},"mc_unit":1,"tax_rate":1,"tax_rate_real":0.23,"discount":{"percentage":0,"fixed":0},"design":{"conf":{"LabelPosition":"above","DescPosition":"above","UploadField":"custom_1","QuantityFieldStyle":"default"},"css":{"LeftLabelWidth":"120px"}},"formulas":[],"clones":false,"cartKey":false}},"_links":{"self":[{"href":"https:\/\/inmondo.pl\/en\/wp-json\/wp\/v2\/product\/907","targetHints":{"allow":["GET"]}}],"collection":[{"href":"https:\/\/inmondo.pl\/en\/wp-json\/wp\/v2\/product"}],"about":[{"href":"https:\/\/inmondo.pl\/en\/wp-json\/wp\/v2\/types\/product"}],"replies":[{"embeddable":true,"href":"https:\/\/inmondo.pl\/en\/wp-json\/wp\/v2\/comments?post=907"}],"wp:featuredmedia":[{"embeddable":true,"href":"https:\/\/inmondo.pl\/en\/wp-json\/wp\/v2\/media\/664"}],"wp:attachment":[{"href":"https:\/\/inmondo.pl\/en\/wp-json\/wp\/v2\/media?parent=907"}],"wp:term":[{"taxonomy":"product_brand","embeddable":true,"href":"https:\/\/inmondo.pl\/en\/wp-json\/wp\/v2\/product_brand?post=907"},{"taxonomy":"product_cat","embeddable":true,"href":"https:\/\/inmondo.pl\/en\/wp-json\/wp\/v2\/product_cat?post=907"},{"taxonomy":"product_tag","embeddable":true,"href":"https:\/\/inmondo.pl\/en\/wp-json\/wp\/v2\/product_tag?post=907"}],"curies":[{"name":"wp","href":"https:\/\/api.w.org\/{rel}","templated":true}]}}