{"id":862,"date":"2020-06-16T11:46:37","date_gmt":"2020-06-16T09:46:37","guid":{"rendered":"http:\/\/inmondo.pl\/?post_type=product&#038;p=862"},"modified":"2026-03-26T09:52:38","modified_gmt":"2026-03-26T08:52:38","slug":"szafa-2d2s","status":"publish","type":"product","link":"https:\/\/inmondo.pl\/en\/sklep\/elementy\/szafy\/szafa-2d2s\/","title":{"rendered":"2D2S wardrobe"},"content":{"rendered":"<p>Pi\u0119kna i praktyczna Szafa 2D2S jest dope\u0142nieniem kolekcji Funflex, je\u015bli potrzebujesz naprawd\u0119 du\u017co miejsca. Szafa posiada 2 p\u00f3\u0142ki i dr\u0105\u017cek. Drzwi i szuflady posiadaj\u0105 system cichego domyku. Dodatkowo dzi\u0119ki pojemnym szufladom uzyskasz \u0142atwy dost\u0119p do Twoich skarb\u00f3w. \u0141agodne kraw\u0119dzie blatu dodaj\u0105 elegancji i sprawiaj\u0105, \u017ce mebel jest bezpieczny dla Twojego dziecka.<\/p>","protected":false},"excerpt":{"rendered":"<p>The beautiful and practical Wardrobe 2D2S complements the Funflex collection if you really need a lot of space. It has 2 shelves and a bar. Doors and drawers have a silent closing system. Additionally, thanks to the spacious drawers, you will have easy access to all treasures. The soft edges of the table top add elegance and make the furniture safe for your child.<\/p>\n<p>&nbsp;<\/p>\n<h6>Lead time: 6-8 weeks<\/h6>","protected":false},"featured_media":624,"comment_status":"open","ping_status":"closed","template":"","meta":{"_acf_changed":false},"product_brand":[],"product_cat":[20,18,17,99,22],"product_tag":[],"class_list":{"0":"post-862","1":"product","2":"type-product","3":"status-publish","4":"has-post-thumbnail","6":"product_cat-elementy","7":"product_cat-funflex","8":"product_cat-kolekcje","9":"product_cat-meble-dostepne","10":"product_cat-szafy","12":"first","13":"instock","14":"featured","15":"taxable","16":"shipping-taxable","17":"purchasable","18":"product-type-variable","19":"has-default-attributes"},"acf":{"wymiary":"Szeroko\u015b\u0107: 90 cm<br \/>\r\nWysoko\u015b\u0107: 190 cm<br \/>\r\nG\u0142\u0119boko\u015b\u0107: 55,5 cm","materialy":"drewno brzozowe, p\u0142yta MDF, lakier wodny i&nbsp;wodny UV","sections_woocommerce":[{"acf_fc_layout":"section_menu","is_active":true,"repeater":[{"text":"Opis","link":"#opis"},{"text":"Lookbook","link":"#lookbook"},{"text":"Opinie","link":"#opinie"},{"text":"Inne produkty","link":"#inneprodukty"}]},{"acf_fc_layout":"section_woocommerce_text_image","is_active":true,"anchor":"opis","text_align":"textAlign--left","grid_width":"main","wysiwyg":"<h2>Funflex nieograniczone mo\u017cliwo\u015bci.<\/h2>\n<p>Szeroki wyb\u00f3r element\u00f3w z\u00a0kolekcji Funflex pozwoli zaaran\u017cowa\u0107 ka\u017cd\u0105 przestrze\u0144 zgodnie z\u00a0Twoimi potrzebami i\u00a0upodobaniami. Zapomnij o\u00a0problemach z\u00a0brakiem miejsca na\u00a0przechowywanie Twoich skarb\u00f3w. Ksi\u0105\u017cki, ubrania zabawki &#8211; od teraz na\u00a0wszystko znajdziesz swoje miejsce. Je\u015bli w\u00a0pokoju brakuje Ci miejsca meble mo\u017cesz postawi\u0107 pod\u00a0\u0142\u00f3\u017ckiem uzyskuj\u0105c przestrze\u0144 do\u00a0przechowywania bez po\u015bwi\u0119cania miejsca w\u00a0pokoju.<\/p>\n","image":"https:\/\/inmondo.pl\/wp-content\/uploads\/2020\/06\/2019_04_INMONDO_POKO_J_DZIEWCZYNEK_2-12417-scaled.jpg"},{"acf_fc_layout":"section_woocommerce_text_image","is_active":true,"anchor":"","text_align":"textAlign--right","grid_width":"main","wysiwyg":"<p>Tworz\u0105c nasze meble my\u015blimy nie tylko o\u00a0funkcjonalno\u015bci, ale\u00a0tak\u017ce o\u00a0bezpiecze\u0144stwie i\u00a0komforcie Twojego dziecka. Dlatego\u00a0wszystkie nasze meble s\u0105 lakierowane ekologicznymi farbami wodnymi. Zawiasy i\u00a0prowadnice posiadaj\u0105 system cichego domyku.<\/p>\n","image":"https:\/\/inmondo.pl\/wp-content\/uploads\/2020\/06\/2019_05_INMONDO_POK\u00d3J_CH\u0141OPCA_4-15019-scaled-e1595948334171.jpg"},{"acf_fc_layout":"section_woocommerce_lookbook","is_active":true,"anchor":"lookbook","header":"<h2 style=\"text-align: center;\">Zobacz galeri\u0119 Funflex:<\/h2>\n<p style=\"text-align: center;\">Nasz lookbook pokazuje tylko wybrane z\u00a0setek mo\u017cliwo\u015bci, jakie daj\u0105 meble Funflex. U\u017cyj ich, jak tylko sobie wymarzysz:<\/p>\n","repeater":[{"shortcode":"[woocommerce_lookbook id=\"1599\"]"},{"shortcode":"[woocommerce_lookbook id=\"1347\"]"},{"shortcode":"[woocommerce_lookbook id=\"1343\"]"},{"shortcode":"[woocommerce_lookbook id=\"1350\"]"}]},{"acf_fc_layout":"section_woocommerce_opinions","is_active":true,"anchor":"opinie"},{"acf_fc_layout":"section_woocommerce_otherFromCategory","is_active":true,"anchor":"inneprodukty"}],"czas_realizacji":""},"yoast_head":"<!-- This site is optimized with the Yoast SEO plugin v27.3 - https:\/\/yoast.com\/product\/yoast-seo-wordpress\/ -->\n<title>Szafa 2D2S - Inmondo<\/title>\n<meta name=\"robots\" content=\"index, follow, max-snippet:-1, max-image-preview:large, max-video-preview:-1\" \/>\n<link rel=\"canonical\" href=\"http:\/\/inmondo.pl\/en\/sklep\/elementy\/szafy\/szafa-2d2s\/\" \/>\n<meta property=\"og:locale\" content=\"en_GB\" \/>\n<meta property=\"og:type\" content=\"article\" \/>\n<meta property=\"og:title\" content=\"Szafa 2D2S - Inmondo\" \/>\n<meta property=\"og:description\" content=\"Pi\u0119kna i praktyczna Szafa 2D2S jest dope\u0142nieniem kolekcji Funflex, je\u015bli potrzebujesz naprawd\u0119 du\u017co miejsca. Posiada 2 p\u00f3\u0142ki i dr\u0105\u017cek. Drzwi i szuflady posiadaj\u0105 system cichego domyku. Dodatkowo dzi\u0119ki pojemnym szufladom uzyskasz \u0142atwy dost\u0119p do wszystkich skarb\u00f3w. \u0141agodne kraw\u0119dzie blatu dodaj\u0105 elegancji i sprawiaj\u0105, \u017ce mebel jest bezpieczny dla Twojego dziecka.  &nbsp; Czas realizacji: 6-8 tygodni\" \/>\n<meta property=\"og:url\" content=\"http:\/\/inmondo.pl\/en\/sklep\/elementy\/szafy\/szafa-2d2s\/\" \/>\n<meta property=\"og:site_name\" content=\"Inmondo\" \/>\n<meta property=\"article:modified_time\" content=\"2026-03-26T08:52:38+00:00\" \/>\n<meta property=\"og:image\" content=\"http:\/\/inmondo.pl\/wp-content\/uploads\/2020\/06\/2019_09_INMONDO_PACKSHOTY-19846_small.jpg\" \/>\n\t<meta property=\"og:image:width\" content=\"960\" \/>\n\t<meta property=\"og:image:height\" content=\"960\" \/>\n\t<meta property=\"og:image:type\" content=\"image\/jpeg\" \/>\n<meta name=\"twitter:card\" content=\"summary_large_image\" \/>\n<meta name=\"twitter:label1\" content=\"Estimated reading time\" \/>\n\t<meta name=\"twitter:data1\" content=\"2 minutes\" \/>\n<script type=\"application\/ld+json\" class=\"yoast-schema-graph\">{\"@context\":\"https:\\\/\\\/schema.org\",\"@graph\":[{\"@type\":\"WebPage\",\"@id\":\"http:\\\/\\\/inmondo.pl\\\/de\\\/sklep\\\/elementy\\\/szafy\\\/kleiderschrank-2d2s\\\/\",\"url\":\"http:\\\/\\\/inmondo.pl\\\/de\\\/sklep\\\/elementy\\\/szafy\\\/kleiderschrank-2d2s\\\/\",\"name\":\"Szafa 2D2S - Inmondo\",\"isPartOf\":{\"@id\":\"https:\\\/\\\/inmondo.pl\\\/#website\"},\"primaryImageOfPage\":{\"@id\":\"http:\\\/\\\/inmondo.pl\\\/de\\\/sklep\\\/elementy\\\/szafy\\\/kleiderschrank-2d2s\\\/#primaryimage\"},\"image\":{\"@id\":\"http:\\\/\\\/inmondo.pl\\\/de\\\/sklep\\\/elementy\\\/szafy\\\/kleiderschrank-2d2s\\\/#primaryimage\"},\"thumbnailUrl\":\"https:\\\/\\\/inmondo.pl\\\/wp-content\\\/uploads\\\/2020\\\/06\\\/2019_09_INMONDO_PACKSHOTY-19846_small.jpg\",\"datePublished\":\"2020-06-16T09:46:37+00:00\",\"dateModified\":\"2026-03-26T08:52:38+00:00\",\"breadcrumb\":{\"@id\":\"http:\\\/\\\/inmondo.pl\\\/de\\\/sklep\\\/elementy\\\/szafy\\\/kleiderschrank-2d2s\\\/#breadcrumb\"},\"inLanguage\":\"en-GB\",\"potentialAction\":[{\"@type\":\"ReadAction\",\"target\":[\"http:\\\/\\\/inmondo.pl\\\/de\\\/sklep\\\/elementy\\\/szafy\\\/kleiderschrank-2d2s\\\/\"]}]},{\"@type\":\"ImageObject\",\"inLanguage\":\"en-GB\",\"@id\":\"http:\\\/\\\/inmondo.pl\\\/de\\\/sklep\\\/elementy\\\/szafy\\\/kleiderschrank-2d2s\\\/#primaryimage\",\"url\":\"https:\\\/\\\/inmondo.pl\\\/wp-content\\\/uploads\\\/2020\\\/06\\\/2019_09_INMONDO_PACKSHOTY-19846_small.jpg\",\"contentUrl\":\"https:\\\/\\\/inmondo.pl\\\/wp-content\\\/uploads\\\/2020\\\/06\\\/2019_09_INMONDO_PACKSHOTY-19846_small.jpg\",\"width\":960,\"height\":960},{\"@type\":\"BreadcrumbList\",\"@id\":\"http:\\\/\\\/inmondo.pl\\\/de\\\/sklep\\\/elementy\\\/szafy\\\/kleiderschrank-2d2s\\\/#breadcrumb\",\"itemListElement\":[{\"@type\":\"ListItem\",\"position\":1,\"name\":\"Strona g\u0142\u00f3wna\",\"item\":\"https:\\\/\\\/inmondo.pl\\\/\"},{\"@type\":\"ListItem\",\"position\":2,\"name\":\"Oferta Inmondo: spe\u0142niamy marzenia i wymagania\",\"item\":\"https:\\\/\\\/inmondo.pl\\\/sklep\\\/\"},{\"@type\":\"ListItem\",\"position\":3,\"name\":\"kolekcje\",\"item\":\"https:\\\/\\\/inmondo.pl\\\/de\\\/sklep\\\/kolekcje\\\/\"},{\"@type\":\"ListItem\",\"position\":4,\"name\":\"Szafa 2D2S\"}]},{\"@type\":\"WebSite\",\"@id\":\"https:\\\/\\\/inmondo.pl\\\/#website\",\"url\":\"https:\\\/\\\/inmondo.pl\\\/\",\"name\":\"Inmondo\",\"description\":\"\",\"potentialAction\":[{\"@type\":\"SearchAction\",\"target\":{\"@type\":\"EntryPoint\",\"urlTemplate\":\"https:\\\/\\\/inmondo.pl\\\/?s={search_term_string}\"},\"query-input\":{\"@type\":\"PropertyValueSpecification\",\"valueRequired\":true,\"valueName\":\"search_term_string\"}}],\"inLanguage\":\"en-GB\"}]}<\/script>\n<!-- \/ Yoast SEO plugin. -->","yoast_head_json":{"title":"Wardrobe 2D2S - Inmondo","robots":{"index":"index","follow":"follow","max-snippet":"max-snippet:-1","max-image-preview":"max-image-preview:large","max-video-preview":"max-video-preview:-1"},"canonical":"http:\/\/inmondo.pl\/en\/sklep\/elementy\/szafy\/szafa-2d2s\/","og_locale":"en_GB","og_type":"article","og_title":"Szafa 2D2S - Inmondo","og_description":"Pi\u0119kna i praktyczna Szafa 2D2S jest dope\u0142nieniem kolekcji Funflex, je\u015bli potrzebujesz naprawd\u0119 du\u017co miejsca. Posiada 2 p\u00f3\u0142ki i dr\u0105\u017cek. Drzwi i szuflady posiadaj\u0105 system cichego domyku. Dodatkowo dzi\u0119ki pojemnym szufladom uzyskasz \u0142atwy dost\u0119p do wszystkich skarb\u00f3w. \u0141agodne kraw\u0119dzie blatu dodaj\u0105 elegancji i sprawiaj\u0105, \u017ce mebel jest bezpieczny dla Twojego dziecka.  &nbsp; Czas realizacji: 6-8 tygodni","og_url":"http:\/\/inmondo.pl\/en\/sklep\/elementy\/szafy\/szafa-2d2s\/","og_site_name":"Inmondo","article_modified_time":"2026-03-26T08:52:38+00:00","og_image":[{"width":960,"height":960,"url":"http:\/\/inmondo.pl\/wp-content\/uploads\/2020\/06\/2019_09_INMONDO_PACKSHOTY-19846_small.jpg","type":"image\/jpeg"}],"twitter_card":"summary_large_image","twitter_misc":{"Estimated reading time":"2 minutes"},"schema":{"@context":"https:\/\/schema.org","@graph":[{"@type":"WebPage","@id":"http:\/\/inmondo.pl\/de\/sklep\/elementy\/szafy\/kleiderschrank-2d2s\/","url":"http:\/\/inmondo.pl\/de\/sklep\/elementy\/szafy\/kleiderschrank-2d2s\/","name":"Wardrobe 2D2S - Inmondo","isPartOf":{"@id":"https:\/\/inmondo.pl\/#website"},"primaryImageOfPage":{"@id":"http:\/\/inmondo.pl\/de\/sklep\/elementy\/szafy\/kleiderschrank-2d2s\/#primaryimage"},"image":{"@id":"http:\/\/inmondo.pl\/de\/sklep\/elementy\/szafy\/kleiderschrank-2d2s\/#primaryimage"},"thumbnailUrl":"https:\/\/inmondo.pl\/wp-content\/uploads\/2020\/06\/2019_09_INMONDO_PACKSHOTY-19846_small.jpg","datePublished":"2020-06-16T09:46:37+00:00","dateModified":"2026-03-26T08:52:38+00:00","breadcrumb":{"@id":"http:\/\/inmondo.pl\/de\/sklep\/elementy\/szafy\/kleiderschrank-2d2s\/#breadcrumb"},"inLanguage":"en-GB","potentialAction":[{"@type":"ReadAction","target":["http:\/\/inmondo.pl\/de\/sklep\/elementy\/szafy\/kleiderschrank-2d2s\/"]}]},{"@type":"ImageObject","inLanguage":"en-GB","@id":"http:\/\/inmondo.pl\/de\/sklep\/elementy\/szafy\/kleiderschrank-2d2s\/#primaryimage","url":"https:\/\/inmondo.pl\/wp-content\/uploads\/2020\/06\/2019_09_INMONDO_PACKSHOTY-19846_small.jpg","contentUrl":"https:\/\/inmondo.pl\/wp-content\/uploads\/2020\/06\/2019_09_INMONDO_PACKSHOTY-19846_small.jpg","width":960,"height":960},{"@type":"BreadcrumbList","@id":"http:\/\/inmondo.pl\/de\/sklep\/elementy\/szafy\/kleiderschrank-2d2s\/#breadcrumb","itemListElement":[{"@type":"ListItem","position":1,"name":"Strona g\u0142\u00f3wna","item":"https:\/\/inmondo.pl\/"},{"@type":"ListItem","position":2,"name":"Oferta Inmondo: spe\u0142niamy marzenia i wymagania","item":"https:\/\/inmondo.pl\/sklep\/"},{"@type":"ListItem","position":3,"name":"kolekcje","item":"https:\/\/inmondo.pl\/de\/sklep\/kolekcje\/"},{"@type":"ListItem","position":4,"name":"Szafa 2D2S"}]},{"@type":"WebSite","@id":"https:\/\/inmondo.pl\/#website","url":"https:\/\/inmondo.pl\/","name":"Inmondo","description":"","potentialAction":[{"@type":"SearchAction","target":{"@type":"EntryPoint","urlTemplate":"https:\/\/inmondo.pl\/?s={search_term_string}"},"query-input":{"@type":"PropertyValueSpecification","valueRequired":true,"valueName":"search_term_string"}}],"inLanguage":"en-GB"}]}},"wcpa_form_fields":null,"_links":{"self":[{"href":"https:\/\/inmondo.pl\/en\/wp-json\/wp\/v2\/product\/862","targetHints":{"allow":["GET"]}}],"collection":[{"href":"https:\/\/inmondo.pl\/en\/wp-json\/wp\/v2\/product"}],"about":[{"href":"https:\/\/inmondo.pl\/en\/wp-json\/wp\/v2\/types\/product"}],"replies":[{"embeddable":true,"href":"https:\/\/inmondo.pl\/en\/wp-json\/wp\/v2\/comments?post=862"}],"wp:featuredmedia":[{"embeddable":true,"href":"https:\/\/inmondo.pl\/en\/wp-json\/wp\/v2\/media\/624"}],"wp:attachment":[{"href":"https:\/\/inmondo.pl\/en\/wp-json\/wp\/v2\/media?parent=862"}],"wp:term":[{"taxonomy":"product_brand","embeddable":true,"href":"https:\/\/inmondo.pl\/en\/wp-json\/wp\/v2\/product_brand?post=862"},{"taxonomy":"product_cat","embeddable":true,"href":"https:\/\/inmondo.pl\/en\/wp-json\/wp\/v2\/product_cat?post=862"},{"taxonomy":"product_tag","embeddable":true,"href":"https:\/\/inmondo.pl\/en\/wp-json\/wp\/v2\/product_tag?post=862"}],"curies":[{"name":"wp","href":"https:\/\/api.w.org\/{rel}","templated":true}]}}