{"id":8137,"date":"2024-06-26T10:28:09","date_gmt":"2024-06-26T08:28:09","guid":{"rendered":"https:\/\/inmondo.pl\/?post_type=product&#038;p=8137"},"modified":"2024-08-01T15:05:55","modified_gmt":"2024-08-01T13:05:55","slug":"poduszka-do-siedzenia-dla-dzieci","status":"publish","type":"product","link":"https:\/\/inmondo.pl\/en\/sklep\/elementy\/akcesoria\/poduszka-do-siedzenia-dla-dzieci\/","title":{"rendered":"Seat cushion"},"content":{"rendered":"","protected":false},"excerpt":{"rendered":"<p><strong>Children's seat cushion<\/strong>\u00a0is made of durable and moisture-resistant materials, so it will survive the most demanding play.<\/p>\n<p>The seat cushion is the perfect solution for lovers of relaxation and leisure.<\/p>\n<p>Thanks to its soft and flexible filling, this piece of furniture adapts perfectly to the shape of your body, providing unparalleled comfort when sitting or lying down.<\/p>\n<p>It's the perfect place to relax, unwind while reading your favourite book or watching a film, and it's also the perfect space to lounge and unwind.<\/p>","protected":false},"featured_media":8138,"comment_status":"open","ping_status":"closed","template":"","meta":{"_acf_changed":true},"product_brand":[],"product_cat":[32,50,99],"product_tag":[],"class_list":{"0":"post-8137","1":"product","2":"type-product","3":"status-publish","4":"has-post-thumbnail","6":"product_cat-akcesoria","7":"product_cat-dodatki","8":"product_cat-meble-dostepne","10":"first","11":"instock","12":"taxable","13":"shipping-taxable","14":"purchasable","15":"product-type-simple"},"acf":{"sections_woocommerce":[{"acf_fc_layout":"section_menu","is_active":true,"repeater":[{"text":"Opis","link":"#opis"}]},{"acf_fc_layout":"section_woocommerce_text_image","is_active":true,"anchor":"Opis","text_align":"textAlign--left","grid_width":"main","wysiwyg":"<p>Przedstawiamy du\u017c\u0105 poduszk\u0119 do siedzenia dla dzieci, wykonan\u0105 z wytrzyma\u0142ego nylonu, kt\u00f3ra zapewnia wygod\u0119 i relaks zar\u00f3wno w domu, jak i na \u015bwie\u017cym powietrzu.<\/p>\n<p>Dzi\u0119ki wodoodpornej pow\u0142oce, poduszka jest odporna na wszelkie zabrudzenia i \u0142atwa w czyszczeniu, co czyni j\u0105 idealnym wyborem do zabawy w ogrodzie.<\/p>\n<p>W domu, stanowi doskona\u0142e miejsce do odpoczynku po dniu pe\u0142nym wra\u017ce\u0144, zapewniaj\u0105c dzieciom mi\u0119kkie i komfortowe siedzenie podczas czytania, ogl\u0105dania bajek czy zabawy z przyjaci\u00f3\u0142mi.<\/p>\n<p>&nbsp;<\/p>\n<p>&nbsp;<\/p>\n<p>Wodoodporna tkanina nylonowa nie tylko chroni przed wilgoci\u0105, ale tak\u017ce zapewnia trwa\u0142o\u015b\u0107 i d\u0142ugowieczno\u015b\u0107 produktu.<\/p>\n<p>Ponadto, lekka konstrukcja pozwala na \u0142atwe przenoszenie poduszki, dzi\u0119ki czemu dzieci mog\u0105 cieszy\u0107 si\u0119 wygod\u0105 w dowolnym miejscu.<\/p>\n<p>&nbsp;<\/p>\n<p>To wszechstronne i praktyczne rozwi\u0105zanie, kt\u00f3re z pewno\u015bci\u0105 stanie si\u0119 ulubionym miejscem odpoczynku dla ka\u017cdego dziecka.<\/p>\n<p>&nbsp;<\/p>\n<p>&nbsp;<\/p>\n<p>Je\u017celi interesuj\u0105 Was inne dodatki np. <a href=\"https:\/\/inmondo.pl\/sklep\/kolekcje\/dodatki\/poduszki-dekoracyjne-zestaw-2-poduszek-gwiazdek-lnianych\/\"><strong>poduszki<\/strong><\/a> lub <strong><a href=\"https:\/\/inmondo.pl\/sklep\/kolekcje\/dodatki\/puf-velvet\/\">pufy<\/a> <\/strong>zapraszamy do kategorii: <strong><a href=\"https:\/\/inmondo.pl\/sklep\/kolekcje\/dodatki\/\">Dodatki<\/a><\/strong><\/p>\n","image":"https:\/\/inmondo.pl\/wp-content\/uploads\/2024\/06\/imondo-kopia-1.jpg"}],"wymiary":"Wymiary: 138 x 98 cm<br \/>\r\nWymiar mo\u017ce si\u0119 waha\u0107 o +\/- 5%<br \/>\r\nKszta\u0142t: prostok\u0105t<br \/>\r\nProdukt robiony r\u0119cznie","materialy":"1. Pokrowiec zewn\u0119trzny: tkanina wodoodporna, poliestrowa<br \/>\r\n<br \/>\r\n2. Pokrowiec wewn\u0119trzny:  100% PP<br \/>\r\n<br \/>\r\nPokrowiec z nylonu mo\u017cna zdj\u0105\u0107 i pra\u0107 w pralce w temperaturze 40\u00b0C."},"yoast_head":"<!-- This site is optimized with the Yoast SEO plugin v27.3 - https:\/\/yoast.com\/product\/yoast-seo-wordpress\/ -->\n<title>Poduszka do siedzenia - Inmondo<\/title>\n<meta name=\"description\" content=\"Poduszka do siedzenia dla dzieci, to doskona\u0142e rozwi\u0105zanie dla relaksu i wypoczynku. I idealne miejsce do czytania ulubionej ksi\u0105\u017cki lub ogl\u0105dania filmu.\" \/>\n<meta name=\"robots\" content=\"index, follow, max-snippet:-1, max-image-preview:large, max-video-preview:-1\" \/>\n<link rel=\"canonical\" href=\"http:\/\/inmondo.pl\/en\/sklep\/elementy\/akcesoria\/poduszka-do-siedzenia-dla-dzieci\/\" \/>\n<meta property=\"og:locale\" content=\"en_GB\" \/>\n<meta property=\"og:type\" content=\"article\" \/>\n<meta property=\"og:title\" content=\"Poduszka do siedzenia - Inmondo\" \/>\n<meta property=\"og:description\" content=\"Poduszka do siedzenia dla dzieci, to doskona\u0142e rozwi\u0105zanie dla relaksu i wypoczynku. I idealne miejsce do czytania ulubionej ksi\u0105\u017cki lub ogl\u0105dania filmu.\" \/>\n<meta property=\"og:url\" content=\"http:\/\/inmondo.pl\/en\/sklep\/elementy\/akcesoria\/poduszka-do-siedzenia-dla-dzieci\/\" \/>\n<meta property=\"og:site_name\" content=\"Inmondo\" \/>\n<meta property=\"article:modified_time\" content=\"2024-08-01T13:05:55+00:00\" \/>\n<meta property=\"og:image\" content=\"http:\/\/inmondo.pl\/wp-content\/uploads\/2024\/06\/imondo-kopia-1.jpg\" \/>\n\t<meta property=\"og:image:width\" content=\"1920\" \/>\n\t<meta property=\"og:image:height\" content=\"1920\" \/>\n\t<meta property=\"og:image:type\" content=\"image\/jpeg\" \/>\n<meta name=\"twitter:card\" content=\"summary_large_image\" \/>\n<meta name=\"twitter:label1\" content=\"Estimated reading time\" \/>\n\t<meta name=\"twitter:data1\" content=\"2 minutes\" \/>\n<script type=\"application\/ld+json\" class=\"yoast-schema-graph\">{\"@context\":\"https:\\\/\\\/schema.org\",\"@graph\":[{\"@type\":\"WebPage\",\"@id\":\"http:\\\/\\\/inmondo.pl\\\/en\\\/sklep\\\/elementy\\\/akcesoria\\\/poduszka-do-siedzenia-dla-dzieci\\\/\",\"url\":\"http:\\\/\\\/inmondo.pl\\\/en\\\/sklep\\\/elementy\\\/akcesoria\\\/poduszka-do-siedzenia-dla-dzieci\\\/\",\"name\":\"Poduszka do siedzenia - Inmondo\",\"isPartOf\":{\"@id\":\"https:\\\/\\\/inmondo.pl\\\/#website\"},\"primaryImageOfPage\":{\"@id\":\"http:\\\/\\\/inmondo.pl\\\/en\\\/sklep\\\/elementy\\\/akcesoria\\\/poduszka-do-siedzenia-dla-dzieci\\\/#primaryimage\"},\"image\":{\"@id\":\"http:\\\/\\\/inmondo.pl\\\/en\\\/sklep\\\/elementy\\\/akcesoria\\\/poduszka-do-siedzenia-dla-dzieci\\\/#primaryimage\"},\"thumbnailUrl\":\"https:\\\/\\\/inmondo.pl\\\/wp-content\\\/uploads\\\/2024\\\/06\\\/imondo-kopia-1.jpg\",\"datePublished\":\"2024-06-26T08:28:09+00:00\",\"dateModified\":\"2024-08-01T13:05:55+00:00\",\"description\":\"Poduszka do siedzenia dla dzieci, to doskona\u0142e rozwi\u0105zanie dla relaksu i wypoczynku. I idealne miejsce do czytania ulubionej ksi\u0105\u017cki lub ogl\u0105dania filmu.\",\"breadcrumb\":{\"@id\":\"http:\\\/\\\/inmondo.pl\\\/en\\\/sklep\\\/elementy\\\/akcesoria\\\/poduszka-do-siedzenia-dla-dzieci\\\/#breadcrumb\"},\"inLanguage\":\"en-GB\",\"potentialAction\":[{\"@type\":\"ReadAction\",\"target\":[\"http:\\\/\\\/inmondo.pl\\\/en\\\/sklep\\\/elementy\\\/akcesoria\\\/poduszka-do-siedzenia-dla-dzieci\\\/\"]}]},{\"@type\":\"ImageObject\",\"inLanguage\":\"en-GB\",\"@id\":\"http:\\\/\\\/inmondo.pl\\\/en\\\/sklep\\\/elementy\\\/akcesoria\\\/poduszka-do-siedzenia-dla-dzieci\\\/#primaryimage\",\"url\":\"https:\\\/\\\/inmondo.pl\\\/wp-content\\\/uploads\\\/2024\\\/06\\\/imondo-kopia-1.jpg\",\"contentUrl\":\"https:\\\/\\\/inmondo.pl\\\/wp-content\\\/uploads\\\/2024\\\/06\\\/imondo-kopia-1.jpg\",\"width\":1920,\"height\":1920,\"caption\":\"poduszka do siedzenia dla dzieci z logo marki inmondo\"},{\"@type\":\"BreadcrumbList\",\"@id\":\"http:\\\/\\\/inmondo.pl\\\/en\\\/sklep\\\/elementy\\\/akcesoria\\\/poduszka-do-siedzenia-dla-dzieci\\\/#breadcrumb\",\"itemListElement\":[{\"@type\":\"ListItem\",\"position\":1,\"name\":\"Strona g\u0142\u00f3wna\",\"item\":\"https:\\\/\\\/inmondo.pl\\\/\"},{\"@type\":\"ListItem\",\"position\":2,\"name\":\"Oferta Inmondo: spe\u0142niamy marzenia i wymagania\",\"item\":\"https:\\\/\\\/inmondo.pl\\\/sklep\\\/\"},{\"@type\":\"ListItem\",\"position\":3,\"name\":\"kolekcje\",\"item\":\"https:\\\/\\\/inmondo.pl\\\/de\\\/sklep\\\/kolekcje\\\/\"},{\"@type\":\"ListItem\",\"position\":4,\"name\":\"Dodatki\",\"item\":\"https:\\\/\\\/inmondo.pl\\\/de\\\/sklep\\\/kolekcje\\\/additive\\\/\"},{\"@type\":\"ListItem\",\"position\":5,\"name\":\"Poduszka do siedzenia\"}]},{\"@type\":\"WebSite\",\"@id\":\"https:\\\/\\\/inmondo.pl\\\/#website\",\"url\":\"https:\\\/\\\/inmondo.pl\\\/\",\"name\":\"Inmondo\",\"description\":\"\",\"potentialAction\":[{\"@type\":\"SearchAction\",\"target\":{\"@type\":\"EntryPoint\",\"urlTemplate\":\"https:\\\/\\\/inmondo.pl\\\/?s={search_term_string}\"},\"query-input\":{\"@type\":\"PropertyValueSpecification\",\"valueRequired\":true,\"valueName\":\"search_term_string\"}}],\"inLanguage\":\"en-GB\"}]}<\/script>\n<!-- \/ Yoast SEO plugin. -->","yoast_head_json":{"title":"Seat cushion - Inmondo","description":"The children's seat cushion, is the perfect solution for relaxation and rest. And the perfect place to read your favourite book or watch a film.","robots":{"index":"index","follow":"follow","max-snippet":"max-snippet:-1","max-image-preview":"max-image-preview:large","max-video-preview":"max-video-preview:-1"},"canonical":"http:\/\/inmondo.pl\/en\/sklep\/elementy\/akcesoria\/poduszka-do-siedzenia-dla-dzieci\/","og_locale":"en_GB","og_type":"article","og_title":"Poduszka do siedzenia - Inmondo","og_description":"Poduszka do siedzenia dla dzieci, to doskona\u0142e rozwi\u0105zanie dla relaksu i wypoczynku. I idealne miejsce do czytania ulubionej ksi\u0105\u017cki lub ogl\u0105dania filmu.","og_url":"http:\/\/inmondo.pl\/en\/sklep\/elementy\/akcesoria\/poduszka-do-siedzenia-dla-dzieci\/","og_site_name":"Inmondo","article_modified_time":"2024-08-01T13:05:55+00:00","og_image":[{"width":1920,"height":1920,"url":"http:\/\/inmondo.pl\/wp-content\/uploads\/2024\/06\/imondo-kopia-1.jpg","type":"image\/jpeg"}],"twitter_card":"summary_large_image","twitter_misc":{"Estimated reading time":"2 minutes"},"schema":{"@context":"https:\/\/schema.org","@graph":[{"@type":"WebPage","@id":"http:\/\/inmondo.pl\/en\/sklep\/elementy\/akcesoria\/poduszka-do-siedzenia-dla-dzieci\/","url":"http:\/\/inmondo.pl\/en\/sklep\/elementy\/akcesoria\/poduszka-do-siedzenia-dla-dzieci\/","name":"Seat cushion - Inmondo","isPartOf":{"@id":"https:\/\/inmondo.pl\/#website"},"primaryImageOfPage":{"@id":"http:\/\/inmondo.pl\/en\/sklep\/elementy\/akcesoria\/poduszka-do-siedzenia-dla-dzieci\/#primaryimage"},"image":{"@id":"http:\/\/inmondo.pl\/en\/sklep\/elementy\/akcesoria\/poduszka-do-siedzenia-dla-dzieci\/#primaryimage"},"thumbnailUrl":"https:\/\/inmondo.pl\/wp-content\/uploads\/2024\/06\/imondo-kopia-1.jpg","datePublished":"2024-06-26T08:28:09+00:00","dateModified":"2024-08-01T13:05:55+00:00","description":"The children's seat cushion, is the perfect solution for relaxation and rest. And the perfect place to read your favourite book or watch a film.","breadcrumb":{"@id":"http:\/\/inmondo.pl\/en\/sklep\/elementy\/akcesoria\/poduszka-do-siedzenia-dla-dzieci\/#breadcrumb"},"inLanguage":"en-GB","potentialAction":[{"@type":"ReadAction","target":["http:\/\/inmondo.pl\/en\/sklep\/elementy\/akcesoria\/poduszka-do-siedzenia-dla-dzieci\/"]}]},{"@type":"ImageObject","inLanguage":"en-GB","@id":"http:\/\/inmondo.pl\/en\/sklep\/elementy\/akcesoria\/poduszka-do-siedzenia-dla-dzieci\/#primaryimage","url":"https:\/\/inmondo.pl\/wp-content\/uploads\/2024\/06\/imondo-kopia-1.jpg","contentUrl":"https:\/\/inmondo.pl\/wp-content\/uploads\/2024\/06\/imondo-kopia-1.jpg","width":1920,"height":1920,"caption":"poduszka do siedzenia dla dzieci z logo marki inmondo"},{"@type":"BreadcrumbList","@id":"http:\/\/inmondo.pl\/en\/sklep\/elementy\/akcesoria\/poduszka-do-siedzenia-dla-dzieci\/#breadcrumb","itemListElement":[{"@type":"ListItem","position":1,"name":"Strona g\u0142\u00f3wna","item":"https:\/\/inmondo.pl\/"},{"@type":"ListItem","position":2,"name":"Oferta Inmondo: spe\u0142niamy marzenia i wymagania","item":"https:\/\/inmondo.pl\/sklep\/"},{"@type":"ListItem","position":3,"name":"kolekcje","item":"https:\/\/inmondo.pl\/de\/sklep\/kolekcje\/"},{"@type":"ListItem","position":4,"name":"Dodatki","item":"https:\/\/inmondo.pl\/de\/sklep\/kolekcje\/additive\/"},{"@type":"ListItem","position":5,"name":"Poduszka do siedzenia"}]},{"@type":"WebSite","@id":"https:\/\/inmondo.pl\/#website","url":"https:\/\/inmondo.pl\/","name":"Inmondo","description":"","potentialAction":[{"@type":"SearchAction","target":{"@type":"EntryPoint","urlTemplate":"https:\/\/inmondo.pl\/?s={search_term_string}"},"query-input":{"@type":"PropertyValueSpecification","valueRequired":true,"valueName":"search_term_string"}}],"inLanguage":"en-GB"}]}},"wcpa_form_fields":null,"_links":{"self":[{"href":"https:\/\/inmondo.pl\/en\/wp-json\/wp\/v2\/product\/8137","targetHints":{"allow":["GET"]}}],"collection":[{"href":"https:\/\/inmondo.pl\/en\/wp-json\/wp\/v2\/product"}],"about":[{"href":"https:\/\/inmondo.pl\/en\/wp-json\/wp\/v2\/types\/product"}],"replies":[{"embeddable":true,"href":"https:\/\/inmondo.pl\/en\/wp-json\/wp\/v2\/comments?post=8137"}],"wp:featuredmedia":[{"embeddable":true,"href":"https:\/\/inmondo.pl\/en\/wp-json\/wp\/v2\/media\/8138"}],"wp:attachment":[{"href":"https:\/\/inmondo.pl\/en\/wp-json\/wp\/v2\/media?parent=8137"}],"wp:term":[{"taxonomy":"product_brand","embeddable":true,"href":"https:\/\/inmondo.pl\/en\/wp-json\/wp\/v2\/product_brand?post=8137"},{"taxonomy":"product_cat","embeddable":true,"href":"https:\/\/inmondo.pl\/en\/wp-json\/wp\/v2\/product_cat?post=8137"},{"taxonomy":"product_tag","embeddable":true,"href":"https:\/\/inmondo.pl\/en\/wp-json\/wp\/v2\/product_tag?post=8137"}],"curies":[{"name":"wp","href":"https:\/\/api.w.org\/{rel}","templated":true}]}}