{"id":7168,"date":"2023-07-28T15:05:16","date_gmt":"2023-07-28T13:05:16","guid":{"rendered":"https:\/\/inmondo.pl\/?post_type=product&#038;p=7168"},"modified":"2024-06-27T08:17:20","modified_gmt":"2024-06-27T06:17:20","slug":"puf-velvet","status":"publish","type":"product","link":"https:\/\/inmondo.pl\/en\/sklep\/elementy\/akcesoria\/puf-velvet\/","title":{"rendered":"Velvet pouffe"},"content":{"rendered":"","protected":false},"excerpt":{"rendered":"<p>A beautiful velvet pouffe made of soft and delicate velour with an organic leather handle.<\/p>\n<p>&nbsp;<\/p>\n<p>&nbsp;<\/p>\n<p>The removable zippered cover allows hassle-free machine washing and the possibility of refilling.<\/p>\n<p>&nbsp;<\/p>\n<p>Lead time - 7 days<\/p>","protected":false},"featured_media":7180,"comment_status":"open","ping_status":"closed","template":"","meta":{"_acf_changed":false},"product_brand":[],"product_cat":[32,50],"product_tag":[],"class_list":{"0":"post-7168","1":"product","2":"type-product","3":"status-publish","4":"has-post-thumbnail","6":"product_shipping_class-maly-gabaryt","7":"product_cat-akcesoria","8":"product_cat-dodatki","10":"first","11":"onbackorder","12":"taxable","13":"shipping-taxable","14":"purchasable","15":"product-type-variable"},"acf":{"sections_woocommerce":[{"acf_fc_layout":"section_woocommerce_text_image","is_active":true,"anchor":"Opis","text_align":"textAlign--right","grid_width":"main","wysiwyg":"<p>Przepi\u0119kna aksamitna pufa wykonana z\u00a0mi\u0119kkiego i\u00a0delikatnego weluru.<\/p>\n<p>&nbsp;<\/p>\n<p>Bogata kolorystyka &#8211; a\u017c 6 pi\u0119knych kolor\u00f3w do\u00a0wyboru!<\/p>\n<p>Materia\u0142 &#8211; welur<\/p>\n<p>Wype\u0142nienie &#8211; hipoalergiczna kulka silikonowa<\/p>\n<p>\u015aci\u0105gany pokrowiec zapinany na\u00a0zamek umo\u017cliwia bezproblemowe pranie w\u00a0pralce oraz\u00a0mo\u017cliwo\u015b\u0107 uzupe\u0142nienia wype\u0142nienia.<\/p>\n","image":"https:\/\/inmondo.pl\/wp-content\/uploads\/2023\/07\/puf-velvet-brudny-turkus-z-uchwytem.jpg"}],"wymiary":"Wymiar: \u015brednica 65 cm ","materialy":"Materia\u0142 - welur\u00a0<br \/>\r\n<br \/>\r\nWype\u0142nienie - hipoalergiczna kulka silikonowa\u00a0"},"yoast_head":"<!-- This site is optimized with the Yoast SEO plugin v27.3 - https:\/\/yoast.com\/product\/yoast-seo-wordpress\/ -->\n<title>Puf Velvet - Inmondo<\/title>\n<meta name=\"robots\" content=\"index, follow, max-snippet:-1, max-image-preview:large, max-video-preview:-1\" \/>\n<link rel=\"canonical\" href=\"https:\/\/inmondo.pl\/en\/sklep\/elementy\/akcesoria\/puf-velvet\/\" \/>\n<meta property=\"og:locale\" content=\"en_GB\" \/>\n<meta property=\"og:type\" content=\"article\" \/>\n<meta property=\"og:title\" content=\"Puf Velvet - Inmondo\" \/>\n<meta property=\"og:description\" content=\"Przepi\u0119kna aksamitna pufa wykonana z mi\u0119kkiego i delikatnego weluru z uchwytem ze sk\u00f3ry ekologicznej.  &nbsp;  &nbsp;  \u015aci\u0105gany pokrowiec zapinany na zamek umo\u017cliwia bezproblemowe pranie w pralce oraz\u00a0mo\u017cliwo\u015b\u0107 uzupe\u0142nienia wype\u0142nienia.  &nbsp;  Czas realizacji - 7 dni\" \/>\n<meta property=\"og:url\" content=\"https:\/\/inmondo.pl\/en\/sklep\/elementy\/akcesoria\/puf-velvet\/\" \/>\n<meta property=\"og:site_name\" content=\"Inmondo\" \/>\n<meta property=\"article:modified_time\" content=\"2024-06-27T06:17:20+00:00\" \/>\n<meta property=\"og:image\" content=\"https:\/\/inmondo.pl\/wp-content\/uploads\/2023\/07\/puf-velvet-szary-stalowy-z-uchwytem.jpg\" \/>\n\t<meta property=\"og:image:width\" content=\"1000\" \/>\n\t<meta property=\"og:image:height\" content=\"1125\" \/>\n\t<meta property=\"og:image:type\" content=\"image\/jpeg\" \/>\n<meta name=\"twitter:card\" content=\"summary_large_image\" \/>\n<meta name=\"twitter:label1\" content=\"Estimated reading time\" \/>\n\t<meta name=\"twitter:data1\" content=\"1 minute\" \/>\n<script type=\"application\/ld+json\" class=\"yoast-schema-graph\">{\"@context\":\"https:\\\/\\\/schema.org\",\"@graph\":[{\"@type\":\"WebPage\",\"@id\":\"https:\\\/\\\/inmondo.pl\\\/de\\\/sklep\\\/elementy\\\/akcesoria\\\/puf-velvet\\\/\",\"url\":\"https:\\\/\\\/inmondo.pl\\\/de\\\/sklep\\\/elementy\\\/akcesoria\\\/puf-velvet\\\/\",\"name\":\"Puf Velvet - Inmondo\",\"isPartOf\":{\"@id\":\"https:\\\/\\\/inmondo.pl\\\/#website\"},\"primaryImageOfPage\":{\"@id\":\"https:\\\/\\\/inmondo.pl\\\/de\\\/sklep\\\/elementy\\\/akcesoria\\\/puf-velvet\\\/#primaryimage\"},\"image\":{\"@id\":\"https:\\\/\\\/inmondo.pl\\\/de\\\/sklep\\\/elementy\\\/akcesoria\\\/puf-velvet\\\/#primaryimage\"},\"thumbnailUrl\":\"https:\\\/\\\/inmondo.pl\\\/wp-content\\\/uploads\\\/2023\\\/07\\\/puf-velvet-szary-stalowy-z-uchwytem.jpg\",\"datePublished\":\"2023-07-28T13:05:16+00:00\",\"dateModified\":\"2024-06-27T06:17:20+00:00\",\"breadcrumb\":{\"@id\":\"https:\\\/\\\/inmondo.pl\\\/de\\\/sklep\\\/elementy\\\/akcesoria\\\/puf-velvet\\\/#breadcrumb\"},\"inLanguage\":\"en-GB\",\"potentialAction\":[{\"@type\":\"ReadAction\",\"target\":[\"https:\\\/\\\/inmondo.pl\\\/de\\\/sklep\\\/elementy\\\/akcesoria\\\/puf-velvet\\\/\"]}]},{\"@type\":\"ImageObject\",\"inLanguage\":\"en-GB\",\"@id\":\"https:\\\/\\\/inmondo.pl\\\/de\\\/sklep\\\/elementy\\\/akcesoria\\\/puf-velvet\\\/#primaryimage\",\"url\":\"https:\\\/\\\/inmondo.pl\\\/wp-content\\\/uploads\\\/2023\\\/07\\\/puf-velvet-szary-stalowy-z-uchwytem.jpg\",\"contentUrl\":\"https:\\\/\\\/inmondo.pl\\\/wp-content\\\/uploads\\\/2023\\\/07\\\/puf-velvet-szary-stalowy-z-uchwytem.jpg\",\"width\":1000,\"height\":1125},{\"@type\":\"BreadcrumbList\",\"@id\":\"https:\\\/\\\/inmondo.pl\\\/de\\\/sklep\\\/elementy\\\/akcesoria\\\/puf-velvet\\\/#breadcrumb\",\"itemListElement\":[{\"@type\":\"ListItem\",\"position\":1,\"name\":\"Strona g\u0142\u00f3wna\",\"item\":\"https:\\\/\\\/inmondo.pl\\\/\"},{\"@type\":\"ListItem\",\"position\":2,\"name\":\"Oferta Inmondo: spe\u0142niamy marzenia i wymagania\",\"item\":\"https:\\\/\\\/inmondo.pl\\\/sklep\\\/\"},{\"@type\":\"ListItem\",\"position\":3,\"name\":\"kolekcje\",\"item\":\"https:\\\/\\\/inmondo.pl\\\/de\\\/sklep\\\/kolekcje\\\/\"},{\"@type\":\"ListItem\",\"position\":4,\"name\":\"Dodatki\",\"item\":\"https:\\\/\\\/inmondo.pl\\\/de\\\/sklep\\\/kolekcje\\\/additive\\\/\"},{\"@type\":\"ListItem\",\"position\":5,\"name\":\"Puf Velvet\"}]},{\"@type\":\"WebSite\",\"@id\":\"https:\\\/\\\/inmondo.pl\\\/#website\",\"url\":\"https:\\\/\\\/inmondo.pl\\\/\",\"name\":\"Inmondo\",\"description\":\"\",\"potentialAction\":[{\"@type\":\"SearchAction\",\"target\":{\"@type\":\"EntryPoint\",\"urlTemplate\":\"https:\\\/\\\/inmondo.pl\\\/?s={search_term_string}\"},\"query-input\":{\"@type\":\"PropertyValueSpecification\",\"valueRequired\":true,\"valueName\":\"search_term_string\"}}],\"inLanguage\":\"en-GB\"}]}<\/script>\n<!-- \/ Yoast SEO plugin. -->","yoast_head_json":{"title":"Velvet pouffe - Inmondo","robots":{"index":"index","follow":"follow","max-snippet":"max-snippet:-1","max-image-preview":"max-image-preview:large","max-video-preview":"max-video-preview:-1"},"canonical":"https:\/\/inmondo.pl\/en\/sklep\/elementy\/akcesoria\/puf-velvet\/","og_locale":"en_GB","og_type":"article","og_title":"Puf Velvet - Inmondo","og_description":"Przepi\u0119kna aksamitna pufa wykonana z mi\u0119kkiego i delikatnego weluru z uchwytem ze sk\u00f3ry ekologicznej.  &nbsp;  &nbsp;  \u015aci\u0105gany pokrowiec zapinany na zamek umo\u017cliwia bezproblemowe pranie w pralce oraz\u00a0mo\u017cliwo\u015b\u0107 uzupe\u0142nienia wype\u0142nienia.  &nbsp;  Czas realizacji - 7 dni","og_url":"https:\/\/inmondo.pl\/en\/sklep\/elementy\/akcesoria\/puf-velvet\/","og_site_name":"Inmondo","article_modified_time":"2024-06-27T06:17:20+00:00","og_image":[{"width":1000,"height":1125,"url":"https:\/\/inmondo.pl\/wp-content\/uploads\/2023\/07\/puf-velvet-szary-stalowy-z-uchwytem.jpg","type":"image\/jpeg"}],"twitter_card":"summary_large_image","twitter_misc":{"Estimated reading time":"1 minute"},"schema":{"@context":"https:\/\/schema.org","@graph":[{"@type":"WebPage","@id":"https:\/\/inmondo.pl\/de\/sklep\/elementy\/akcesoria\/puf-velvet\/","url":"https:\/\/inmondo.pl\/de\/sklep\/elementy\/akcesoria\/puf-velvet\/","name":"Velvet pouffe - Inmondo","isPartOf":{"@id":"https:\/\/inmondo.pl\/#website"},"primaryImageOfPage":{"@id":"https:\/\/inmondo.pl\/de\/sklep\/elementy\/akcesoria\/puf-velvet\/#primaryimage"},"image":{"@id":"https:\/\/inmondo.pl\/de\/sklep\/elementy\/akcesoria\/puf-velvet\/#primaryimage"},"thumbnailUrl":"https:\/\/inmondo.pl\/wp-content\/uploads\/2023\/07\/puf-velvet-szary-stalowy-z-uchwytem.jpg","datePublished":"2023-07-28T13:05:16+00:00","dateModified":"2024-06-27T06:17:20+00:00","breadcrumb":{"@id":"https:\/\/inmondo.pl\/de\/sklep\/elementy\/akcesoria\/puf-velvet\/#breadcrumb"},"inLanguage":"en-GB","potentialAction":[{"@type":"ReadAction","target":["https:\/\/inmondo.pl\/de\/sklep\/elementy\/akcesoria\/puf-velvet\/"]}]},{"@type":"ImageObject","inLanguage":"en-GB","@id":"https:\/\/inmondo.pl\/de\/sklep\/elementy\/akcesoria\/puf-velvet\/#primaryimage","url":"https:\/\/inmondo.pl\/wp-content\/uploads\/2023\/07\/puf-velvet-szary-stalowy-z-uchwytem.jpg","contentUrl":"https:\/\/inmondo.pl\/wp-content\/uploads\/2023\/07\/puf-velvet-szary-stalowy-z-uchwytem.jpg","width":1000,"height":1125},{"@type":"BreadcrumbList","@id":"https:\/\/inmondo.pl\/de\/sklep\/elementy\/akcesoria\/puf-velvet\/#breadcrumb","itemListElement":[{"@type":"ListItem","position":1,"name":"Strona g\u0142\u00f3wna","item":"https:\/\/inmondo.pl\/"},{"@type":"ListItem","position":2,"name":"Oferta Inmondo: spe\u0142niamy marzenia i wymagania","item":"https:\/\/inmondo.pl\/sklep\/"},{"@type":"ListItem","position":3,"name":"kolekcje","item":"https:\/\/inmondo.pl\/de\/sklep\/kolekcje\/"},{"@type":"ListItem","position":4,"name":"Dodatki","item":"https:\/\/inmondo.pl\/de\/sklep\/kolekcje\/additive\/"},{"@type":"ListItem","position":5,"name":"Puf Velvet"}]},{"@type":"WebSite","@id":"https:\/\/inmondo.pl\/#website","url":"https:\/\/inmondo.pl\/","name":"Inmondo","description":"","potentialAction":[{"@type":"SearchAction","target":{"@type":"EntryPoint","urlTemplate":"https:\/\/inmondo.pl\/?s={search_term_string}"},"query-input":{"@type":"PropertyValueSpecification","valueRequired":true,"valueName":"search_term_string"}}],"inLanguage":"en-GB"}]}},"wcpa_form_fields":null,"_links":{"self":[{"href":"https:\/\/inmondo.pl\/en\/wp-json\/wp\/v2\/product\/7168","targetHints":{"allow":["GET"]}}],"collection":[{"href":"https:\/\/inmondo.pl\/en\/wp-json\/wp\/v2\/product"}],"about":[{"href":"https:\/\/inmondo.pl\/en\/wp-json\/wp\/v2\/types\/product"}],"replies":[{"embeddable":true,"href":"https:\/\/inmondo.pl\/en\/wp-json\/wp\/v2\/comments?post=7168"}],"wp:featuredmedia":[{"embeddable":true,"href":"https:\/\/inmondo.pl\/en\/wp-json\/wp\/v2\/media\/7180"}],"wp:attachment":[{"href":"https:\/\/inmondo.pl\/en\/wp-json\/wp\/v2\/media?parent=7168"}],"wp:term":[{"taxonomy":"product_brand","embeddable":true,"href":"https:\/\/inmondo.pl\/en\/wp-json\/wp\/v2\/product_brand?post=7168"},{"taxonomy":"product_cat","embeddable":true,"href":"https:\/\/inmondo.pl\/en\/wp-json\/wp\/v2\/product_cat?post=7168"},{"taxonomy":"product_tag","embeddable":true,"href":"https:\/\/inmondo.pl\/en\/wp-json\/wp\/v2\/product_tag?post=7168"}],"curies":[{"name":"wp","href":"https:\/\/api.w.org\/{rel}","templated":true}]}}