{"id":6961,"date":"2023-07-28T13:50:19","date_gmt":"2023-07-28T11:50:19","guid":{"rendered":"https:\/\/inmondo.pl\/?post_type=product&#038;p=6961"},"modified":"2023-11-23T09:20:52","modified_gmt":"2023-11-23T08:20:52","slug":"poduszka-dekoracyjna-aksamitna","status":"publish","type":"product","link":"https:\/\/inmondo.pl\/en\/sklep\/elementy\/akcesoria\/poduszka-dekoracyjna-aksamitna\/","title":{"rendered":"Decorative pillow - velvet"},"content":{"rendered":"","protected":false},"excerpt":{"rendered":"<p>Velvet star available in 3 sizes<\/p>\n<p>Colour - Dirty turquoise<\/p>\n<p>Material : 100% Cotton<\/p>\n<p>&nbsp;<\/p>\n<p>Lead time - 7 days<\/p>","protected":false},"featured_media":6946,"comment_status":"open","ping_status":"closed","template":"","meta":{"_acf_changed":false},"product_brand":[],"product_cat":[32,50],"product_tag":[],"class_list":{"0":"post-6961","1":"product","2":"type-product","3":"status-publish","4":"has-post-thumbnail","6":"product_cat-akcesoria","7":"product_cat-dodatki","9":"first","10":"onbackorder","11":"taxable","12":"shipping-taxable","13":"purchasable","14":"product-type-variable"},"acf":{"sections_woocommerce":[{"acf_fc_layout":"section_woocommerce_text_image","is_active":true,"anchor":"","text_align":"textAlign--left","grid_width":"main","wysiwyg":"<p>Poduszka dekoracyjne w\u00a03 rozmiarach to idealny spos\u00f3b na\u00a0udekorowanie pokoju Twojego dziecka.<\/p>\n<p>Bawe\u0142na najwy\u017cszej jako\u015bci o\u00a0g\u0119stym splocie.<\/p>\n<p>Hipoalergiczne wype\u0142nienie silikonowe.<\/p>\n<p>Idealna dla\u00a0dzieci od pierwszego dnia \u017cycia.<\/p>\n<p>&nbsp;<\/p>\n","image":"https:\/\/inmondo.pl\/wp-content\/uploads\/2023\/07\/aksamitna-poduszka-gwiazdka-brudny-turkus.jpg"}],"wymiary":"Du\u017ca 43 cm<br \/>\r\n<br \/>\r\n\u015arednia 38 cm<br \/>\r\n<br \/>\r\nMa\u0142a 32 cm","materialy":"100% Bawe\u0142na"},"yoast_head":"<!-- This site is optimized with the Yoast SEO plugin v27.3 - https:\/\/yoast.com\/product\/yoast-seo-wordpress\/ -->\n<title>Poduszka dekoracyjna - aksamitna - Inmondo<\/title>\n<meta name=\"description\" content=\"Poduszka dekoracyjna w 3 rozmiarach to idealny spos\u00f3b na udekorowanie pokoju Twojego dziecka. Wykonana z naturalnych materia\u0142\u00f3w.\" \/>\n<meta name=\"robots\" content=\"index, follow, max-snippet:-1, max-image-preview:large, max-video-preview:-1\" \/>\n<link rel=\"canonical\" href=\"https:\/\/inmondo.pl\/en\/sklep\/elementy\/akcesoria\/poduszka-dekoracyjna-aksamitna\/\" \/>\n<meta property=\"og:locale\" content=\"en_GB\" \/>\n<meta property=\"og:type\" content=\"article\" \/>\n<meta property=\"og:title\" content=\"Poduszka dekoracyjna - aksamitna - Inmondo\" \/>\n<meta property=\"og:description\" content=\"Poduszka dekoracyjna w 3 rozmiarach to idealny spos\u00f3b na udekorowanie pokoju Twojego dziecka. Wykonana z naturalnych materia\u0142\u00f3w.\" \/>\n<meta property=\"og:url\" content=\"https:\/\/inmondo.pl\/en\/sklep\/elementy\/akcesoria\/poduszka-dekoracyjna-aksamitna\/\" \/>\n<meta property=\"og:site_name\" content=\"Inmondo\" \/>\n<meta property=\"article:modified_time\" content=\"2023-11-23T08:20:52+00:00\" \/>\n<meta property=\"og:image\" content=\"https:\/\/inmondo.pl\/wp-content\/uploads\/2023\/07\/aksamitna-poduszka-gwiazdka-brudny-turkus.jpg\" \/>\n\t<meta property=\"og:image:width\" content=\"1000\" \/>\n\t<meta property=\"og:image:height\" content=\"1125\" \/>\n\t<meta property=\"og:image:type\" content=\"image\/jpeg\" \/>\n<meta name=\"twitter:card\" content=\"summary_large_image\" \/>\n<script type=\"application\/ld+json\" class=\"yoast-schema-graph\">{\"@context\":\"https:\\\/\\\/schema.org\",\"@graph\":[{\"@type\":\"WebPage\",\"@id\":\"https:\\\/\\\/inmondo.pl\\\/sklep\\\/elementy\\\/akcesoria\\\/poduszka-dekoracyjna-aksamitna\\\/\",\"url\":\"https:\\\/\\\/inmondo.pl\\\/sklep\\\/elementy\\\/akcesoria\\\/poduszka-dekoracyjna-aksamitna\\\/\",\"name\":\"Poduszka dekoracyjna - aksamitna - Inmondo\",\"isPartOf\":{\"@id\":\"https:\\\/\\\/inmondo.pl\\\/#website\"},\"primaryImageOfPage\":{\"@id\":\"https:\\\/\\\/inmondo.pl\\\/sklep\\\/elementy\\\/akcesoria\\\/poduszka-dekoracyjna-aksamitna\\\/#primaryimage\"},\"image\":{\"@id\":\"https:\\\/\\\/inmondo.pl\\\/sklep\\\/elementy\\\/akcesoria\\\/poduszka-dekoracyjna-aksamitna\\\/#primaryimage\"},\"thumbnailUrl\":\"https:\\\/\\\/inmondo.pl\\\/wp-content\\\/uploads\\\/2023\\\/07\\\/aksamitna-poduszka-gwiazdka-brudny-turkus.jpg\",\"datePublished\":\"2023-07-28T11:50:19+00:00\",\"dateModified\":\"2023-11-23T08:20:52+00:00\",\"description\":\"Poduszka dekoracyjna w 3 rozmiarach to idealny spos\u00f3b na udekorowanie pokoju Twojego dziecka. Wykonana z naturalnych materia\u0142\u00f3w.\",\"breadcrumb\":{\"@id\":\"https:\\\/\\\/inmondo.pl\\\/sklep\\\/elementy\\\/akcesoria\\\/poduszka-dekoracyjna-aksamitna\\\/#breadcrumb\"},\"inLanguage\":\"en-GB\",\"potentialAction\":[{\"@type\":\"ReadAction\",\"target\":[\"https:\\\/\\\/inmondo.pl\\\/sklep\\\/elementy\\\/akcesoria\\\/poduszka-dekoracyjna-aksamitna\\\/\"]}]},{\"@type\":\"ImageObject\",\"inLanguage\":\"en-GB\",\"@id\":\"https:\\\/\\\/inmondo.pl\\\/sklep\\\/elementy\\\/akcesoria\\\/poduszka-dekoracyjna-aksamitna\\\/#primaryimage\",\"url\":\"https:\\\/\\\/inmondo.pl\\\/wp-content\\\/uploads\\\/2023\\\/07\\\/aksamitna-poduszka-gwiazdka-brudny-turkus.jpg\",\"contentUrl\":\"https:\\\/\\\/inmondo.pl\\\/wp-content\\\/uploads\\\/2023\\\/07\\\/aksamitna-poduszka-gwiazdka-brudny-turkus.jpg\",\"width\":1000,\"height\":1125},{\"@type\":\"BreadcrumbList\",\"@id\":\"https:\\\/\\\/inmondo.pl\\\/sklep\\\/elementy\\\/akcesoria\\\/poduszka-dekoracyjna-aksamitna\\\/#breadcrumb\",\"itemListElement\":[{\"@type\":\"ListItem\",\"position\":1,\"name\":\"Strona g\u0142\u00f3wna\",\"item\":\"https:\\\/\\\/inmondo.pl\\\/\"},{\"@type\":\"ListItem\",\"position\":2,\"name\":\"Oferta Inmondo: spe\u0142niamy marzenia i wymagania\",\"item\":\"https:\\\/\\\/inmondo.pl\\\/sklep\\\/\"},{\"@type\":\"ListItem\",\"position\":3,\"name\":\"kolekcje\",\"item\":\"https:\\\/\\\/inmondo.pl\\\/de\\\/sklep\\\/kolekcje\\\/\"},{\"@type\":\"ListItem\",\"position\":4,\"name\":\"Dodatki\",\"item\":\"https:\\\/\\\/inmondo.pl\\\/de\\\/sklep\\\/kolekcje\\\/additive\\\/\"},{\"@type\":\"ListItem\",\"position\":5,\"name\":\"Poduszka dekoracyjna &#8211; aksamitna\"}]},{\"@type\":\"WebSite\",\"@id\":\"https:\\\/\\\/inmondo.pl\\\/#website\",\"url\":\"https:\\\/\\\/inmondo.pl\\\/\",\"name\":\"Inmondo\",\"description\":\"\",\"potentialAction\":[{\"@type\":\"SearchAction\",\"target\":{\"@type\":\"EntryPoint\",\"urlTemplate\":\"https:\\\/\\\/inmondo.pl\\\/?s={search_term_string}\"},\"query-input\":{\"@type\":\"PropertyValueSpecification\",\"valueRequired\":true,\"valueName\":\"search_term_string\"}}],\"inLanguage\":\"en-GB\"}]}<\/script>\n<!-- \/ Yoast SEO plugin. -->","yoast_head_json":{"title":"Decorative pillow - velvet - Inmondo","description":"The decorative cushion in 3 sizes is the perfect way to decorate your child's room. Made from natural materials.","robots":{"index":"index","follow":"follow","max-snippet":"max-snippet:-1","max-image-preview":"max-image-preview:large","max-video-preview":"max-video-preview:-1"},"canonical":"https:\/\/inmondo.pl\/en\/sklep\/elementy\/akcesoria\/poduszka-dekoracyjna-aksamitna\/","og_locale":"en_GB","og_type":"article","og_title":"Poduszka dekoracyjna - aksamitna - Inmondo","og_description":"Poduszka dekoracyjna w 3 rozmiarach to idealny spos\u00f3b na udekorowanie pokoju Twojego dziecka. Wykonana z naturalnych materia\u0142\u00f3w.","og_url":"https:\/\/inmondo.pl\/en\/sklep\/elementy\/akcesoria\/poduszka-dekoracyjna-aksamitna\/","og_site_name":"Inmondo","article_modified_time":"2023-11-23T08:20:52+00:00","og_image":[{"width":1000,"height":1125,"url":"https:\/\/inmondo.pl\/wp-content\/uploads\/2023\/07\/aksamitna-poduszka-gwiazdka-brudny-turkus.jpg","type":"image\/jpeg"}],"twitter_card":"summary_large_image","schema":{"@context":"https:\/\/schema.org","@graph":[{"@type":"WebPage","@id":"https:\/\/inmondo.pl\/sklep\/elementy\/akcesoria\/poduszka-dekoracyjna-aksamitna\/","url":"https:\/\/inmondo.pl\/sklep\/elementy\/akcesoria\/poduszka-dekoracyjna-aksamitna\/","name":"Decorative pillow - velvet - Inmondo","isPartOf":{"@id":"https:\/\/inmondo.pl\/#website"},"primaryImageOfPage":{"@id":"https:\/\/inmondo.pl\/sklep\/elementy\/akcesoria\/poduszka-dekoracyjna-aksamitna\/#primaryimage"},"image":{"@id":"https:\/\/inmondo.pl\/sklep\/elementy\/akcesoria\/poduszka-dekoracyjna-aksamitna\/#primaryimage"},"thumbnailUrl":"https:\/\/inmondo.pl\/wp-content\/uploads\/2023\/07\/aksamitna-poduszka-gwiazdka-brudny-turkus.jpg","datePublished":"2023-07-28T11:50:19+00:00","dateModified":"2023-11-23T08:20:52+00:00","description":"The decorative cushion in 3 sizes is the perfect way to decorate your child's room. Made from natural materials.","breadcrumb":{"@id":"https:\/\/inmondo.pl\/sklep\/elementy\/akcesoria\/poduszka-dekoracyjna-aksamitna\/#breadcrumb"},"inLanguage":"en-GB","potentialAction":[{"@type":"ReadAction","target":["https:\/\/inmondo.pl\/sklep\/elementy\/akcesoria\/poduszka-dekoracyjna-aksamitna\/"]}]},{"@type":"ImageObject","inLanguage":"en-GB","@id":"https:\/\/inmondo.pl\/sklep\/elementy\/akcesoria\/poduszka-dekoracyjna-aksamitna\/#primaryimage","url":"https:\/\/inmondo.pl\/wp-content\/uploads\/2023\/07\/aksamitna-poduszka-gwiazdka-brudny-turkus.jpg","contentUrl":"https:\/\/inmondo.pl\/wp-content\/uploads\/2023\/07\/aksamitna-poduszka-gwiazdka-brudny-turkus.jpg","width":1000,"height":1125},{"@type":"BreadcrumbList","@id":"https:\/\/inmondo.pl\/sklep\/elementy\/akcesoria\/poduszka-dekoracyjna-aksamitna\/#breadcrumb","itemListElement":[{"@type":"ListItem","position":1,"name":"Strona g\u0142\u00f3wna","item":"https:\/\/inmondo.pl\/"},{"@type":"ListItem","position":2,"name":"Oferta Inmondo: spe\u0142niamy marzenia i wymagania","item":"https:\/\/inmondo.pl\/sklep\/"},{"@type":"ListItem","position":3,"name":"kolekcje","item":"https:\/\/inmondo.pl\/de\/sklep\/kolekcje\/"},{"@type":"ListItem","position":4,"name":"Dodatki","item":"https:\/\/inmondo.pl\/de\/sklep\/kolekcje\/additive\/"},{"@type":"ListItem","position":5,"name":"Poduszka dekoracyjna &#8211; aksamitna"}]},{"@type":"WebSite","@id":"https:\/\/inmondo.pl\/#website","url":"https:\/\/inmondo.pl\/","name":"Inmondo","description":"","potentialAction":[{"@type":"SearchAction","target":{"@type":"EntryPoint","urlTemplate":"https:\/\/inmondo.pl\/?s={search_term_string}"},"query-input":{"@type":"PropertyValueSpecification","valueRequired":true,"valueName":"search_term_string"}}],"inLanguage":"en-GB"}]}},"wcpa_form_fields":null,"_links":{"self":[{"href":"https:\/\/inmondo.pl\/en\/wp-json\/wp\/v2\/product\/6961","targetHints":{"allow":["GET"]}}],"collection":[{"href":"https:\/\/inmondo.pl\/en\/wp-json\/wp\/v2\/product"}],"about":[{"href":"https:\/\/inmondo.pl\/en\/wp-json\/wp\/v2\/types\/product"}],"replies":[{"embeddable":true,"href":"https:\/\/inmondo.pl\/en\/wp-json\/wp\/v2\/comments?post=6961"}],"wp:featuredmedia":[{"embeddable":true,"href":"https:\/\/inmondo.pl\/en\/wp-json\/wp\/v2\/media\/6946"}],"wp:attachment":[{"href":"https:\/\/inmondo.pl\/en\/wp-json\/wp\/v2\/media?parent=6961"}],"wp:term":[{"taxonomy":"product_brand","embeddable":true,"href":"https:\/\/inmondo.pl\/en\/wp-json\/wp\/v2\/product_brand?post=6961"},{"taxonomy":"product_cat","embeddable":true,"href":"https:\/\/inmondo.pl\/en\/wp-json\/wp\/v2\/product_cat?post=6961"},{"taxonomy":"product_tag","embeddable":true,"href":"https:\/\/inmondo.pl\/en\/wp-json\/wp\/v2\/product_tag?post=6961"}],"curies":[{"name":"wp","href":"https:\/\/api.w.org\/{rel}","templated":true}]}}