{"id":6511,"date":"2024-01-24T12:34:19","date_gmt":"2024-01-24T11:34:19","guid":{"rendered":"https:\/\/inmondo.pl\/?post_type=product&#038;p=6511"},"modified":"2025-11-26T14:56:40","modified_gmt":"2025-11-26T13:56:40","slug":"komoda-1d1s-z-regalem","status":"publish","type":"product","link":"https:\/\/inmondo.pl\/en\/sklep\/elementy\/szafy\/komoda-1d1s-z-regalem\/","title":{"rendered":"1D1S chest of drawers with bookcase"},"content":{"rendered":"","protected":false},"excerpt":{"rendered":"<p>The Minimondo chest of drawers will provide plenty of space for all your children's belongings. Thanks to the lower height, you will have easier access to all the contents of the wardrobe.<\/p>\n<p>The chest of drawers is equipped with a bar and open shelves that act as a reagent.<\/p>\n<p>Below the door there is a spacious drawer with a front made of solid birch wood. Drawer sides made of plywood move on invisible metal rails with a silent closing system.<\/p>\n<p>The slanted legs add lightness, and thanks to their stile connection, additional stability of the structure is obtained.<\/p>\n<p>The perfect addition to any child's room.<\/p>","protected":false},"featured_media":6513,"comment_status":"open","ping_status":"closed","template":"","meta":{"_acf_changed":false},"product_brand":[],"product_cat":[19,38,22],"product_tag":[],"class_list":{"0":"post-6511","1":"product","2":"type-product","3":"status-publish","4":"has-post-thumbnail","6":"product_cat-minimondo","7":"product_cat-regaly","8":"product_cat-szafy","10":"first","11":"onbackorder","12":"taxable","13":"shipping-taxable","14":"purchasable","15":"product-type-variable"},"acf":{"sections_woocommerce":[{"acf_fc_layout":"section_menu","is_active":true,"repeater":[{"text":"Opis","link":""},{"text":"lookbook","link":""},{"text":"Opinie","link":""},{"text":"Inne z&nbsp;kolekcji","link":""}]},{"acf_fc_layout":"section_woocommerce_text_image","is_active":true,"anchor":"Opis","text_align":"textAlign--left","grid_width":"main","wysiwyg":"<h2>Minimondo nieograniczone mo\u017cliwo\u015bci.<\/h2>\n<p>Szeroki wyb\u00f3r element\u00f3w z\u00a0kolekcji Minimondo pozwoli zaaran\u017cowa\u0107 ka\u017cd\u0105 przestrze\u0144 zgodnie z\u00a0Twoimi potrzebami i\u00a0upodobaniami. Zapomnij o\u00a0problemach z\u00a0brakiem miejsca na\u00a0przechowywanie Twoich skarb\u00f3w. Ksi\u0105\u017cki, ubrania zabawki \u2013 od teraz na\u00a0wszystko znajdziesz swoje miejsce. Je\u015bli w\u00a0pokoju brakuje Ci miejsca meble mo\u017cesz postawi\u0107 pod\u00a0\u0142\u00f3\u017ckiem uzyskuj\u0105c przestrze\u0144 do\u00a0przechowywania bez po\u015bwi\u0119cania miejsca w\u00a0pokoju.<\/p>\n","image":"https:\/\/inmondo.pl\/wp-content\/uploads\/2020\/07\/2019_04_INMONDO_POK\u00d3J_CH\u0141OPC\u00d3W_1-11996-1.jpg"},{"acf_fc_layout":"section_woocommerce_lookbook","is_active":true,"anchor":"Lookbook","header":"<h2 style=\"text-align: center;\">Zobacz galeri\u0119 Minimondo:<\/h2>\n<p style=\"text-align: center;\">Minimalistyczny lookbook prosto od naszych projektant\u00f3w. Ogl\u0105daj, inspiruj si\u0119, a\u00a0je\u015bli masz pomys\u0142y lub\u00a0pytania \u2014 od razu dzwo\u0144!<\/p>\n","repeater":[{"shortcode":"[woocommerce_lookbook id=\"1565\"]"},{"shortcode":"[woocommerce_lookbook id=\"337\"]"},{"shortcode":"[woocommerce_lookbook id=\"1283\"]"}]},{"acf_fc_layout":"section_woocommerce_opinions","is_active":true,"anchor":""},{"acf_fc_layout":"section_woocommerce_otherFromCategory","is_active":true,"anchor":""}],"wymiary":"szeroko\u015b\u0107: 90 cm<br \/>\r\ng\u0142\u0119boko\u015b\u0107: 50 cm<br \/>\r\nwysoko\u015b\u0107: 166 cm","materialy":"","czas_realizacji":""},"yoast_head":"<!-- This site is optimized with the Yoast SEO plugin v27.3 - https:\/\/yoast.com\/product\/yoast-seo-wordpress\/ -->\n<title>Komoda 1D1S z rega\u0142em - Inmondo<\/title>\n<meta name=\"robots\" content=\"index, follow, max-snippet:-1, max-image-preview:large, max-video-preview:-1\" \/>\n<link rel=\"canonical\" href=\"https:\/\/inmondo.pl\/en\/sklep\/elementy\/szafy\/komoda-1d1s-z-regalem\/\" \/>\n<meta property=\"og:locale\" content=\"en_GB\" \/>\n<meta property=\"og:type\" content=\"article\" \/>\n<meta property=\"og:title\" content=\"Komoda 1D1S z rega\u0142em - Inmondo\" \/>\n<meta property=\"og:description\" content=\"Komoda Minimondo zapewni mn\u00f3stwo miejsca na wszystkie rzeczy dzieci. Dzi\u0119ki mniejszej wysoko\u015bci b\u0119dziesz mie\u0107 \u0142atwiejszy dost\u0119p do ca\u0142ej zawarto\u015bci szafy.  Komoda jest wyposa\u017cona w dr\u0105\u017cek oraz otwarte p\u00f3\u0142ki\u00a0 pe\u0142ni\u0105ce rol\u0119 reag\u0142u.  Poni\u017cej drzwi znajduje si\u0119 pojemna szuflada, kt\u00f3rej front zosta\u0142 wykonany z litego drewna brzozowego. Wykonane ze sklejki boczki szuflady poruszaj\u0105 si\u0119 na niewidocznych metalowych prowadnicach z systemem cichego domyku.  Sko\u015bne n\u00f3\u017cki dodaj\u0105 lekko\u015bci, natomiast dzi\u0119ki po\u0142\u0105czeniu ich ramiakami uzyskano dodatkow\u0105 stabilno\u015b\u0107 konstrukcji.  Idealne uzupe\u0142nienie ka\u017cdego dzieci\u0119go pokoju.\" \/>\n<meta property=\"og:url\" content=\"https:\/\/inmondo.pl\/en\/sklep\/elementy\/szafy\/komoda-1d1s-z-regalem\/\" \/>\n<meta property=\"og:site_name\" content=\"Inmondo\" \/>\n<meta property=\"article:modified_time\" content=\"2025-11-26T13:56:40+00:00\" \/>\n<meta property=\"og:image\" content=\"https:\/\/inmondo.pl\/wp-content\/uploads\/2023\/01\/2019_09_INMONDO_PACKSHOTY-19887v2-scaled.jpg\" \/>\n\t<meta property=\"og:image:width\" content=\"1920\" \/>\n\t<meta property=\"og:image:height\" content=\"1451\" \/>\n\t<meta property=\"og:image:type\" content=\"image\/jpeg\" \/>\n<meta name=\"twitter:card\" content=\"summary_large_image\" \/>\n<meta name=\"twitter:label1\" content=\"Estimated reading time\" \/>\n\t<meta name=\"twitter:data1\" content=\"2 minutes\" \/>\n<script type=\"application\/ld+json\" class=\"yoast-schema-graph\">{\"@context\":\"https:\\\/\\\/schema.org\",\"@graph\":[{\"@type\":\"WebPage\",\"@id\":\"https:\\\/\\\/inmondo.pl\\\/sklep\\\/elementy\\\/szafy\\\/komoda-1d1s-z-regalem\\\/\",\"url\":\"https:\\\/\\\/inmondo.pl\\\/sklep\\\/elementy\\\/szafy\\\/komoda-1d1s-z-regalem\\\/\",\"name\":\"Komoda 1D1S z rega\u0142em - Inmondo\",\"isPartOf\":{\"@id\":\"https:\\\/\\\/inmondo.pl\\\/#website\"},\"primaryImageOfPage\":{\"@id\":\"https:\\\/\\\/inmondo.pl\\\/sklep\\\/elementy\\\/szafy\\\/komoda-1d1s-z-regalem\\\/#primaryimage\"},\"image\":{\"@id\":\"https:\\\/\\\/inmondo.pl\\\/sklep\\\/elementy\\\/szafy\\\/komoda-1d1s-z-regalem\\\/#primaryimage\"},\"thumbnailUrl\":\"https:\\\/\\\/inmondo.pl\\\/wp-content\\\/uploads\\\/2023\\\/01\\\/2019_09_INMONDO_PACKSHOTY-19887v2-scaled.jpg\",\"datePublished\":\"2024-01-24T11:34:19+00:00\",\"dateModified\":\"2025-11-26T13:56:40+00:00\",\"breadcrumb\":{\"@id\":\"https:\\\/\\\/inmondo.pl\\\/sklep\\\/elementy\\\/szafy\\\/komoda-1d1s-z-regalem\\\/#breadcrumb\"},\"inLanguage\":\"en-GB\",\"potentialAction\":[{\"@type\":\"ReadAction\",\"target\":[\"https:\\\/\\\/inmondo.pl\\\/sklep\\\/elementy\\\/szafy\\\/komoda-1d1s-z-regalem\\\/\"]}]},{\"@type\":\"ImageObject\",\"inLanguage\":\"en-GB\",\"@id\":\"https:\\\/\\\/inmondo.pl\\\/sklep\\\/elementy\\\/szafy\\\/komoda-1d1s-z-regalem\\\/#primaryimage\",\"url\":\"https:\\\/\\\/inmondo.pl\\\/wp-content\\\/uploads\\\/2023\\\/01\\\/2019_09_INMONDO_PACKSHOTY-19887v2-scaled.jpg\",\"contentUrl\":\"https:\\\/\\\/inmondo.pl\\\/wp-content\\\/uploads\\\/2023\\\/01\\\/2019_09_INMONDO_PACKSHOTY-19887v2-scaled.jpg\",\"width\":1920,\"height\":1451},{\"@type\":\"BreadcrumbList\",\"@id\":\"https:\\\/\\\/inmondo.pl\\\/sklep\\\/elementy\\\/szafy\\\/komoda-1d1s-z-regalem\\\/#breadcrumb\",\"itemListElement\":[{\"@type\":\"ListItem\",\"position\":1,\"name\":\"Strona g\u0142\u00f3wna\",\"item\":\"https:\\\/\\\/inmondo.pl\\\/\"},{\"@type\":\"ListItem\",\"position\":2,\"name\":\"Oferta Inmondo: spe\u0142niamy marzenia i wymagania\",\"item\":\"https:\\\/\\\/inmondo.pl\\\/sklep\\\/\"},{\"@type\":\"ListItem\",\"position\":3,\"name\":\"kolekcje\",\"item\":\"https:\\\/\\\/inmondo.pl\\\/de\\\/sklep\\\/kolekcje\\\/\"},{\"@type\":\"ListItem\",\"position\":4,\"name\":\"Minimondo\",\"item\":\"http:\\\/\\\/inmondo.pl\\\/sklep\\\/kolekcje\\\/minimondo\\\/\"},{\"@type\":\"ListItem\",\"position\":5,\"name\":\"Komoda 1D1S z rega\u0142em\"}]},{\"@type\":\"WebSite\",\"@id\":\"https:\\\/\\\/inmondo.pl\\\/#website\",\"url\":\"https:\\\/\\\/inmondo.pl\\\/\",\"name\":\"Inmondo\",\"description\":\"\",\"potentialAction\":[{\"@type\":\"SearchAction\",\"target\":{\"@type\":\"EntryPoint\",\"urlTemplate\":\"https:\\\/\\\/inmondo.pl\\\/?s={search_term_string}\"},\"query-input\":{\"@type\":\"PropertyValueSpecification\",\"valueRequired\":true,\"valueName\":\"search_term_string\"}}],\"inLanguage\":\"en-GB\"}]}<\/script>\n<!-- \/ Yoast SEO plugin. -->","yoast_head_json":{"title":"1D1S chest of drawers with bookcase - Inmondo","robots":{"index":"index","follow":"follow","max-snippet":"max-snippet:-1","max-image-preview":"max-image-preview:large","max-video-preview":"max-video-preview:-1"},"canonical":"https:\/\/inmondo.pl\/en\/sklep\/elementy\/szafy\/komoda-1d1s-z-regalem\/","og_locale":"en_GB","og_type":"article","og_title":"Komoda 1D1S z rega\u0142em - Inmondo","og_description":"Komoda Minimondo zapewni mn\u00f3stwo miejsca na wszystkie rzeczy dzieci. Dzi\u0119ki mniejszej wysoko\u015bci b\u0119dziesz mie\u0107 \u0142atwiejszy dost\u0119p do ca\u0142ej zawarto\u015bci szafy.  Komoda jest wyposa\u017cona w dr\u0105\u017cek oraz otwarte p\u00f3\u0142ki\u00a0 pe\u0142ni\u0105ce rol\u0119 reag\u0142u.  Poni\u017cej drzwi znajduje si\u0119 pojemna szuflada, kt\u00f3rej front zosta\u0142 wykonany z litego drewna brzozowego. Wykonane ze sklejki boczki szuflady poruszaj\u0105 si\u0119 na niewidocznych metalowych prowadnicach z systemem cichego domyku.  Sko\u015bne n\u00f3\u017cki dodaj\u0105 lekko\u015bci, natomiast dzi\u0119ki po\u0142\u0105czeniu ich ramiakami uzyskano dodatkow\u0105 stabilno\u015b\u0107 konstrukcji.  Idealne uzupe\u0142nienie ka\u017cdego dzieci\u0119go pokoju.","og_url":"https:\/\/inmondo.pl\/en\/sklep\/elementy\/szafy\/komoda-1d1s-z-regalem\/","og_site_name":"Inmondo","article_modified_time":"2025-11-26T13:56:40+00:00","og_image":[{"width":1920,"height":1451,"url":"https:\/\/inmondo.pl\/wp-content\/uploads\/2023\/01\/2019_09_INMONDO_PACKSHOTY-19887v2-scaled.jpg","type":"image\/jpeg"}],"twitter_card":"summary_large_image","twitter_misc":{"Estimated reading time":"2 minutes"},"schema":{"@context":"https:\/\/schema.org","@graph":[{"@type":"WebPage","@id":"https:\/\/inmondo.pl\/sklep\/elementy\/szafy\/komoda-1d1s-z-regalem\/","url":"https:\/\/inmondo.pl\/sklep\/elementy\/szafy\/komoda-1d1s-z-regalem\/","name":"1D1S chest of drawers with bookcase - Inmondo","isPartOf":{"@id":"https:\/\/inmondo.pl\/#website"},"primaryImageOfPage":{"@id":"https:\/\/inmondo.pl\/sklep\/elementy\/szafy\/komoda-1d1s-z-regalem\/#primaryimage"},"image":{"@id":"https:\/\/inmondo.pl\/sklep\/elementy\/szafy\/komoda-1d1s-z-regalem\/#primaryimage"},"thumbnailUrl":"https:\/\/inmondo.pl\/wp-content\/uploads\/2023\/01\/2019_09_INMONDO_PACKSHOTY-19887v2-scaled.jpg","datePublished":"2024-01-24T11:34:19+00:00","dateModified":"2025-11-26T13:56:40+00:00","breadcrumb":{"@id":"https:\/\/inmondo.pl\/sklep\/elementy\/szafy\/komoda-1d1s-z-regalem\/#breadcrumb"},"inLanguage":"en-GB","potentialAction":[{"@type":"ReadAction","target":["https:\/\/inmondo.pl\/sklep\/elementy\/szafy\/komoda-1d1s-z-regalem\/"]}]},{"@type":"ImageObject","inLanguage":"en-GB","@id":"https:\/\/inmondo.pl\/sklep\/elementy\/szafy\/komoda-1d1s-z-regalem\/#primaryimage","url":"https:\/\/inmondo.pl\/wp-content\/uploads\/2023\/01\/2019_09_INMONDO_PACKSHOTY-19887v2-scaled.jpg","contentUrl":"https:\/\/inmondo.pl\/wp-content\/uploads\/2023\/01\/2019_09_INMONDO_PACKSHOTY-19887v2-scaled.jpg","width":1920,"height":1451},{"@type":"BreadcrumbList","@id":"https:\/\/inmondo.pl\/sklep\/elementy\/szafy\/komoda-1d1s-z-regalem\/#breadcrumb","itemListElement":[{"@type":"ListItem","position":1,"name":"Strona g\u0142\u00f3wna","item":"https:\/\/inmondo.pl\/"},{"@type":"ListItem","position":2,"name":"Oferta Inmondo: spe\u0142niamy marzenia i wymagania","item":"https:\/\/inmondo.pl\/sklep\/"},{"@type":"ListItem","position":3,"name":"kolekcje","item":"https:\/\/inmondo.pl\/de\/sklep\/kolekcje\/"},{"@type":"ListItem","position":4,"name":"Minimondo","item":"http:\/\/inmondo.pl\/sklep\/kolekcje\/minimondo\/"},{"@type":"ListItem","position":5,"name":"Komoda 1D1S z rega\u0142em"}]},{"@type":"WebSite","@id":"https:\/\/inmondo.pl\/#website","url":"https:\/\/inmondo.pl\/","name":"Inmondo","description":"","potentialAction":[{"@type":"SearchAction","target":{"@type":"EntryPoint","urlTemplate":"https:\/\/inmondo.pl\/?s={search_term_string}"},"query-input":{"@type":"PropertyValueSpecification","valueRequired":true,"valueName":"search_term_string"}}],"inLanguage":"en-GB"}]}},"wcpa_form_fields":null,"_links":{"self":[{"href":"https:\/\/inmondo.pl\/en\/wp-json\/wp\/v2\/product\/6511","targetHints":{"allow":["GET"]}}],"collection":[{"href":"https:\/\/inmondo.pl\/en\/wp-json\/wp\/v2\/product"}],"about":[{"href":"https:\/\/inmondo.pl\/en\/wp-json\/wp\/v2\/types\/product"}],"replies":[{"embeddable":true,"href":"https:\/\/inmondo.pl\/en\/wp-json\/wp\/v2\/comments?post=6511"}],"wp:featuredmedia":[{"embeddable":true,"href":"https:\/\/inmondo.pl\/en\/wp-json\/wp\/v2\/media\/6513"}],"wp:attachment":[{"href":"https:\/\/inmondo.pl\/en\/wp-json\/wp\/v2\/media?parent=6511"}],"wp:term":[{"taxonomy":"product_brand","embeddable":true,"href":"https:\/\/inmondo.pl\/en\/wp-json\/wp\/v2\/product_brand?post=6511"},{"taxonomy":"product_cat","embeddable":true,"href":"https:\/\/inmondo.pl\/en\/wp-json\/wp\/v2\/product_cat?post=6511"},{"taxonomy":"product_tag","embeddable":true,"href":"https:\/\/inmondo.pl\/en\/wp-json\/wp\/v2\/product_tag?post=6511"}],"curies":[{"name":"wp","href":"https:\/\/api.w.org\/{rel}","templated":true}]}}