{"id":4851,"date":"2022-12-27T10:51:12","date_gmt":"2022-12-27T09:51:12","guid":{"rendered":"https:\/\/inmondo.pl\/?post_type=product&#038;p=4851"},"modified":"2026-03-24T13:42:19","modified_gmt":"2026-03-24T12:42:19","slug":"nooi-kontenerek-1d1p","status":"publish","type":"product","link":"https:\/\/inmondo.pl\/en\/sklep\/elementy\/krzesla-foteliki-stoliki\/nooi-kontenerek-1d1p\/","title":{"rendered":"Nooi - Pedestal 1D1P"},"content":{"rendered":"","protected":false},"excerpt":{"rendered":"<p>The 1D1P desk pedestal is the ideal item when a child's room starts to run out of space for school supplies.<\/p>\n<p>&nbsp;<\/p>\n<p>&nbsp;<\/p>\n<p>Placed next to or under a desk, it will keep all the most necessary school supplies within reach of your child.<\/p>\n<p>&nbsp;<\/p>\n<p>Pedestal with shelf and storage space with lockable door.<\/p>\n<p>&nbsp;<\/p>\n<p>You can choose the colour of the front from the four available colours in the collection.<\/p>\n<p>&nbsp;<\/p>\n<p>It is also ideal as a bedside table, placed next to the bed.<\/p>","protected":false},"featured_media":4943,"comment_status":"open","ping_status":"closed","template":"","meta":{"_acf_changed":false},"product_brand":[],"product_cat":[20,55,98],"product_tag":[],"class_list":{"0":"post-4851","1":"product","2":"type-product","3":"status-publish","4":"has-post-thumbnail","6":"product_cat-elementy","7":"product_cat-krzesla-foteliki-stoliki","8":"product_cat-nooi","10":"first","11":"onbackorder","12":"taxable","13":"shipping-taxable","14":"purchasable","15":"product-type-variable"},"acf":{"sections_woocommerce":[{"acf_fc_layout":"section_menu","is_active":true,"repeater":[{"text":"Opis","link":"#opis"},{"text":"Kolekcja","link":"#kolekcja"},{"text":"Lookbook","link":"#lookbook"},{"text":"Opinie","link":"#opinie"},{"text":"Inne z&nbsp;kolekcji","link":"#innezkolekcji"}]},{"acf_fc_layout":"section_woocommerce_text_image","is_active":true,"anchor":"#opis","text_align":"textAlign--left","grid_width":"main","wysiwyg":"<h1>Kontenerek 1D1P<\/h1>\n<p>Kontenerek sprawdzi si\u0119 jako uzupe\u0142nienie biurek z\u00a0kolekcji Nooi.<\/p>\n<p>Kontenerek z\u00a0p\u00f3\u0142k\u0105 i\u00a0miejscem do\u00a0przechowywania za\u00a0zamkni\u0119tym drzwiami.<\/p>\n<p>Kolor frontu mo\u017cesz wybra\u0107 spo\u015br\u00f3d czterech dost\u0119pnych kolor\u00f3w kolekcji: niebieski, r\u00f3\u017cowy, szary i\u00a0\u017c\u00f3\u0142ty.<\/p>\n","image":"https:\/\/inmondo.pl\/wp-content\/uploads\/2022\/12\/2022_09_INMONDO_GROW_8128-2.jpg"},{"acf_fc_layout":"section_woocommerce_text_image","is_active":true,"anchor":"#kolekcja","text_align":"textAlign--right","grid_width":"main","wysiwyg":"<h1>Kolekcja Nooi<\/h1>\n<p>Dzieci i\u00a0ich potrzeby nieustannie si\u0119 zmieniaj\u0105. Staramy si\u0119 by\u0107 ca\u0142y czas na\u00a0bie\u017c\u0105co, wdra\u017ca\u0107 nowe pomys\u0142y, szuka\u0107 nowych inspiracji.<\/p>\n<p>Taka w\u0142a\u015bnie jest kolekcja Nooi<strong>.<\/strong><\/p>\n<p>Dzi\u0119ki niej sami zdecydujecie, jak b\u0119dzie wygl\u0105da\u0142a Wasza przestrze\u0144<\/p>\n<p>Kolekcja modu\u0142owa to nasze zaproszenie dla\u00a0rodzic\u00f3w z\u00a0dzie\u0107mi do\u00a0podejmowania wsp\u00f3lnych decyzji co do\u00a0aran\u017cacji dzieci\u0119cego pokoju.<\/p>\n<p>Wybierajcie z\u00a0wielu element\u00f3w kolekcji, po\u0142\u0105czcie je z\u00a0wyj\u0105tkowymi kolorami front\u00f3w, i\u00a0tak oto powstanie Wasz unikalny projekt!<\/p>\n","image":"https:\/\/inmondo.pl\/wp-content\/uploads\/2022\/12\/2022_09_INMONDO_GROW_-24842.jpg"},{"acf_fc_layout":"section_woocommerce_lookbook","is_active":true,"anchor":"#lookbook","header":"","repeater":[{"shortcode":"[woocommerce_lookbook id=\"4958\"]"},{"shortcode":"[woocommerce_lookbook id=\"4957\"]"},{"shortcode":"[woocommerce_lookbook id=\"4960\"]"}]},{"acf_fc_layout":"section_woocommerce_opinions","is_active":true,"anchor":"#opinie"},{"acf_fc_layout":"section_woocommerce_otherFromCategory","is_active":true,"anchor":"#innezkolekcji"}],"wymiary":"wysoko\u015b\u0107: 60 cm<br \/>\r\nszeroko\u015b\u0107: 39,5 cm <br \/>\r\ng\u0142\u0119boko\u015b\u0107: 40 cm<br \/>\r\n","materialy":"Korpusy: - MDF<br \/>\r\nFronty: - MDF<br \/>\r\nP\u00f3\u0142ki: - MDF<br \/>\r\n","czas_realizacji":""},"yoast_head":"<!-- This site is optimized with the Yoast SEO plugin v27.3 - https:\/\/yoast.com\/product\/yoast-seo-wordpress\/ -->\n<title>Nooi - Kontenerek 1D1P - Inmondo<\/title>\n<meta name=\"description\" content=\"Kontenerek z p\u00f3\u0142k\u0105 i miejscem do przechowywania zamkni\u0119tym drzwiami. Kontenerek sprawdzi si\u0119 jako uzupe\u0142nienie biurek z kolekcji Nooi. Nowo\u015b\u0107 w Inmondo\" \/>\n<meta name=\"robots\" content=\"index, follow, max-snippet:-1, max-image-preview:large, max-video-preview:-1\" \/>\n<link rel=\"canonical\" href=\"https:\/\/inmondo.pl\/en\/sklep\/elementy\/krzesla-foteliki-stoliki\/nooi-kontenerek-1d1p\/\" \/>\n<meta property=\"og:locale\" content=\"en_GB\" \/>\n<meta property=\"og:type\" content=\"article\" \/>\n<meta property=\"og:title\" content=\"Nooi - Kontenerek 1D1P - Inmondo\" \/>\n<meta property=\"og:description\" content=\"Kontenerek z p\u00f3\u0142k\u0105 i miejscem do przechowywania zamkni\u0119tym drzwiami. Kontenerek sprawdzi si\u0119 jako uzupe\u0142nienie biurek z kolekcji Nooi. Nowo\u015b\u0107 w Inmondo\" \/>\n<meta property=\"og:url\" content=\"https:\/\/inmondo.pl\/en\/sklep\/elementy\/krzesla-foteliki-stoliki\/nooi-kontenerek-1d1p\/\" \/>\n<meta property=\"og:site_name\" content=\"Inmondo\" \/>\n<meta property=\"article:modified_time\" content=\"2026-03-24T12:42:19+00:00\" \/>\n<meta property=\"og:image\" content=\"http:\/\/inmondo.pl\/wp-content\/uploads\/2022\/12\/2022_09_INMONDO_GROW_-24856.jpg\" \/>\n\t<meta property=\"og:image:width\" content=\"1855\" \/>\n\t<meta property=\"og:image:height\" content=\"1920\" \/>\n\t<meta property=\"og:image:type\" content=\"image\/jpeg\" \/>\n<meta name=\"twitter:card\" content=\"summary_large_image\" \/>\n<meta name=\"twitter:label1\" content=\"Estimated reading time\" \/>\n\t<meta name=\"twitter:data1\" content=\"2 minutes\" \/>\n<script type=\"application\/ld+json\" class=\"yoast-schema-graph\">{\"@context\":\"https:\\\/\\\/schema.org\",\"@graph\":[{\"@type\":\"WebPage\",\"@id\":\"https:\\\/\\\/inmondo.pl\\\/sklep\\\/elementy\\\/krzesla-foteliki-stoliki\\\/nooi-kontenerek-1d1p\\\/\",\"url\":\"https:\\\/\\\/inmondo.pl\\\/sklep\\\/elementy\\\/krzesla-foteliki-stoliki\\\/nooi-kontenerek-1d1p\\\/\",\"name\":\"Nooi - Kontenerek 1D1P - Inmondo\",\"isPartOf\":{\"@id\":\"https:\\\/\\\/inmondo.pl\\\/#website\"},\"primaryImageOfPage\":{\"@id\":\"https:\\\/\\\/inmondo.pl\\\/sklep\\\/elementy\\\/krzesla-foteliki-stoliki\\\/nooi-kontenerek-1d1p\\\/#primaryimage\"},\"image\":{\"@id\":\"https:\\\/\\\/inmondo.pl\\\/sklep\\\/elementy\\\/krzesla-foteliki-stoliki\\\/nooi-kontenerek-1d1p\\\/#primaryimage\"},\"thumbnailUrl\":\"https:\\\/\\\/inmondo.pl\\\/wp-content\\\/uploads\\\/2022\\\/12\\\/2022_09_INMONDO_GROW_-24856.jpg\",\"datePublished\":\"2022-12-27T09:51:12+00:00\",\"dateModified\":\"2026-03-24T12:42:19+00:00\",\"description\":\"Kontenerek z p\u00f3\u0142k\u0105 i miejscem do przechowywania zamkni\u0119tym drzwiami. Kontenerek sprawdzi si\u0119 jako uzupe\u0142nienie biurek z kolekcji Nooi. Nowo\u015b\u0107 w Inmondo\",\"breadcrumb\":{\"@id\":\"https:\\\/\\\/inmondo.pl\\\/sklep\\\/elementy\\\/krzesla-foteliki-stoliki\\\/nooi-kontenerek-1d1p\\\/#breadcrumb\"},\"inLanguage\":\"en-GB\",\"potentialAction\":[{\"@type\":\"ReadAction\",\"target\":[\"https:\\\/\\\/inmondo.pl\\\/sklep\\\/elementy\\\/krzesla-foteliki-stoliki\\\/nooi-kontenerek-1d1p\\\/\"]}]},{\"@type\":\"ImageObject\",\"inLanguage\":\"en-GB\",\"@id\":\"https:\\\/\\\/inmondo.pl\\\/sklep\\\/elementy\\\/krzesla-foteliki-stoliki\\\/nooi-kontenerek-1d1p\\\/#primaryimage\",\"url\":\"https:\\\/\\\/inmondo.pl\\\/wp-content\\\/uploads\\\/2022\\\/12\\\/2022_09_INMONDO_GROW_-24856.jpg\",\"contentUrl\":\"https:\\\/\\\/inmondo.pl\\\/wp-content\\\/uploads\\\/2022\\\/12\\\/2022_09_INMONDO_GROW_-24856.jpg\",\"width\":1855,\"height\":1920},{\"@type\":\"BreadcrumbList\",\"@id\":\"https:\\\/\\\/inmondo.pl\\\/sklep\\\/elementy\\\/krzesla-foteliki-stoliki\\\/nooi-kontenerek-1d1p\\\/#breadcrumb\",\"itemListElement\":[{\"@type\":\"ListItem\",\"position\":1,\"name\":\"Strona g\u0142\u00f3wna\",\"item\":\"https:\\\/\\\/inmondo.pl\\\/\"},{\"@type\":\"ListItem\",\"position\":2,\"name\":\"Oferta Inmondo: spe\u0142niamy marzenia i wymagania\",\"item\":\"https:\\\/\\\/inmondo.pl\\\/sklep\\\/\"},{\"@type\":\"ListItem\",\"position\":3,\"name\":\"kolekcje\",\"item\":\"https:\\\/\\\/inmondo.pl\\\/de\\\/sklep\\\/kolekcje\\\/\"},{\"@type\":\"ListItem\",\"position\":4,\"name\":\"Nooi\",\"item\":\"https:\\\/\\\/inmondo.pl\\\/sklep\\\/kolekcje\\\/nooi\\\/\"},{\"@type\":\"ListItem\",\"position\":5,\"name\":\"Nooi &#8211; Kontenerek 1D1P\"}]},{\"@type\":\"WebSite\",\"@id\":\"https:\\\/\\\/inmondo.pl\\\/#website\",\"url\":\"https:\\\/\\\/inmondo.pl\\\/\",\"name\":\"Inmondo\",\"description\":\"\",\"potentialAction\":[{\"@type\":\"SearchAction\",\"target\":{\"@type\":\"EntryPoint\",\"urlTemplate\":\"https:\\\/\\\/inmondo.pl\\\/?s={search_term_string}\"},\"query-input\":{\"@type\":\"PropertyValueSpecification\",\"valueRequired\":true,\"valueName\":\"search_term_string\"}}],\"inLanguage\":\"en-GB\"}]}<\/script>\n<!-- \/ Yoast SEO plugin. -->","yoast_head_json":{"title":"Nooi - Pedestal 1D1P - Inmondo","description":"Pedestal with a shelf and storage space enclosed by a door. The pedestal will work well as a complement to the desks in the Nooi collection. New from Inmondo","robots":{"index":"index","follow":"follow","max-snippet":"max-snippet:-1","max-image-preview":"max-image-preview:large","max-video-preview":"max-video-preview:-1"},"canonical":"https:\/\/inmondo.pl\/en\/sklep\/elementy\/krzesla-foteliki-stoliki\/nooi-kontenerek-1d1p\/","og_locale":"en_GB","og_type":"article","og_title":"Nooi - Kontenerek 1D1P - Inmondo","og_description":"Kontenerek z p\u00f3\u0142k\u0105 i miejscem do przechowywania zamkni\u0119tym drzwiami. Kontenerek sprawdzi si\u0119 jako uzupe\u0142nienie biurek z kolekcji Nooi. Nowo\u015b\u0107 w Inmondo","og_url":"https:\/\/inmondo.pl\/en\/sklep\/elementy\/krzesla-foteliki-stoliki\/nooi-kontenerek-1d1p\/","og_site_name":"Inmondo","article_modified_time":"2026-03-24T12:42:19+00:00","og_image":[{"width":1855,"height":1920,"url":"http:\/\/inmondo.pl\/wp-content\/uploads\/2022\/12\/2022_09_INMONDO_GROW_-24856.jpg","type":"image\/jpeg"}],"twitter_card":"summary_large_image","twitter_misc":{"Estimated reading time":"2 minutes"},"schema":{"@context":"https:\/\/schema.org","@graph":[{"@type":"WebPage","@id":"https:\/\/inmondo.pl\/sklep\/elementy\/krzesla-foteliki-stoliki\/nooi-kontenerek-1d1p\/","url":"https:\/\/inmondo.pl\/sklep\/elementy\/krzesla-foteliki-stoliki\/nooi-kontenerek-1d1p\/","name":"Nooi - Pedestal 1D1P - Inmondo","isPartOf":{"@id":"https:\/\/inmondo.pl\/#website"},"primaryImageOfPage":{"@id":"https:\/\/inmondo.pl\/sklep\/elementy\/krzesla-foteliki-stoliki\/nooi-kontenerek-1d1p\/#primaryimage"},"image":{"@id":"https:\/\/inmondo.pl\/sklep\/elementy\/krzesla-foteliki-stoliki\/nooi-kontenerek-1d1p\/#primaryimage"},"thumbnailUrl":"https:\/\/inmondo.pl\/wp-content\/uploads\/2022\/12\/2022_09_INMONDO_GROW_-24856.jpg","datePublished":"2022-12-27T09:51:12+00:00","dateModified":"2026-03-24T12:42:19+00:00","description":"Pedestal with a shelf and storage space enclosed by a door. The pedestal will work well as a complement to the desks in the Nooi collection. New from Inmondo","breadcrumb":{"@id":"https:\/\/inmondo.pl\/sklep\/elementy\/krzesla-foteliki-stoliki\/nooi-kontenerek-1d1p\/#breadcrumb"},"inLanguage":"en-GB","potentialAction":[{"@type":"ReadAction","target":["https:\/\/inmondo.pl\/sklep\/elementy\/krzesla-foteliki-stoliki\/nooi-kontenerek-1d1p\/"]}]},{"@type":"ImageObject","inLanguage":"en-GB","@id":"https:\/\/inmondo.pl\/sklep\/elementy\/krzesla-foteliki-stoliki\/nooi-kontenerek-1d1p\/#primaryimage","url":"https:\/\/inmondo.pl\/wp-content\/uploads\/2022\/12\/2022_09_INMONDO_GROW_-24856.jpg","contentUrl":"https:\/\/inmondo.pl\/wp-content\/uploads\/2022\/12\/2022_09_INMONDO_GROW_-24856.jpg","width":1855,"height":1920},{"@type":"BreadcrumbList","@id":"https:\/\/inmondo.pl\/sklep\/elementy\/krzesla-foteliki-stoliki\/nooi-kontenerek-1d1p\/#breadcrumb","itemListElement":[{"@type":"ListItem","position":1,"name":"Strona g\u0142\u00f3wna","item":"https:\/\/inmondo.pl\/"},{"@type":"ListItem","position":2,"name":"Oferta Inmondo: spe\u0142niamy marzenia i wymagania","item":"https:\/\/inmondo.pl\/sklep\/"},{"@type":"ListItem","position":3,"name":"kolekcje","item":"https:\/\/inmondo.pl\/de\/sklep\/kolekcje\/"},{"@type":"ListItem","position":4,"name":"Nooi","item":"https:\/\/inmondo.pl\/sklep\/kolekcje\/nooi\/"},{"@type":"ListItem","position":5,"name":"Nooi &#8211; Kontenerek 1D1P"}]},{"@type":"WebSite","@id":"https:\/\/inmondo.pl\/#website","url":"https:\/\/inmondo.pl\/","name":"Inmondo","description":"","potentialAction":[{"@type":"SearchAction","target":{"@type":"EntryPoint","urlTemplate":"https:\/\/inmondo.pl\/?s={search_term_string}"},"query-input":{"@type":"PropertyValueSpecification","valueRequired":true,"valueName":"search_term_string"}}],"inLanguage":"en-GB"}]}},"wcpa_form_fields":null,"_links":{"self":[{"href":"https:\/\/inmondo.pl\/en\/wp-json\/wp\/v2\/product\/4851","targetHints":{"allow":["GET"]}}],"collection":[{"href":"https:\/\/inmondo.pl\/en\/wp-json\/wp\/v2\/product"}],"about":[{"href":"https:\/\/inmondo.pl\/en\/wp-json\/wp\/v2\/types\/product"}],"replies":[{"embeddable":true,"href":"https:\/\/inmondo.pl\/en\/wp-json\/wp\/v2\/comments?post=4851"}],"wp:featuredmedia":[{"embeddable":true,"href":"https:\/\/inmondo.pl\/en\/wp-json\/wp\/v2\/media\/4943"}],"wp:attachment":[{"href":"https:\/\/inmondo.pl\/en\/wp-json\/wp\/v2\/media?parent=4851"}],"wp:term":[{"taxonomy":"product_brand","embeddable":true,"href":"https:\/\/inmondo.pl\/en\/wp-json\/wp\/v2\/product_brand?post=4851"},{"taxonomy":"product_cat","embeddable":true,"href":"https:\/\/inmondo.pl\/en\/wp-json\/wp\/v2\/product_cat?post=4851"},{"taxonomy":"product_tag","embeddable":true,"href":"https:\/\/inmondo.pl\/en\/wp-json\/wp\/v2\/product_tag?post=4851"}],"curies":[{"name":"wp","href":"https:\/\/api.w.org\/{rel}","templated":true}]}}