{"id":4843,"date":"2022-12-22T11:38:27","date_gmt":"2022-12-22T10:38:27","guid":{"rendered":"https:\/\/inmondo.pl\/?post_type=product&#038;p=4843"},"modified":"2025-06-06T08:39:29","modified_gmt":"2025-06-06T06:39:29","slug":"nooi-szafa-2d1s","status":"publish","type":"product","link":"https:\/\/inmondo.pl\/en\/sklep\/elementy\/szafy\/nooi-szafa-2d1s\/","title":{"rendered":"Nooi - Wardrobe 2d1S"},"content":{"rendered":"","protected":false},"excerpt":{"rendered":"<p>Our collection could not lack storage space for clothes.<\/p>\n<p>&nbsp;<\/p>\n<p>When choosing a wardrobe size for a child's room, it is worth focusing on the child's actual needs.<\/p>\n<p>The lower model is a good choice for a toddler's room, as it will allow all shelves to be reached safely from floor level.<\/p>\n<p>In small rooms, however, where it is necessary to fit as many things as possible in a small space, a taller wardrobe will work better.<\/p>\n<p>&nbsp;<\/p>\n<p>The 2d1S wardrobe with bar, has been stored complemented by a practical drawer.<\/p>\n<p>&nbsp;<\/p>\n<p>The 2D1S wardrobe can function as a stand-alone wardrobe for children's clothes, or it will work perfectly in a <a href=\"https:\/\/inmondo.pl\/en\/sklep\/kolekcje\/nooi\/nooi-szafa-2d\/\">set against <strong>2D cupboard<\/strong><\/a> creating a tall and functional wardrobe.<\/p>\n<p>&nbsp;<\/p>\n<p><strong>Attention<\/strong>: due to the difference in depth dimension, the 2D1S wardrobe and the 2D wardrobe cannot be combined with other modules. They form a separate piece of furniture.<\/p>\n<p>&nbsp;<\/p>\n<h6>Lead time: 6-8 weeks<\/h6>","protected":false},"featured_media":4848,"comment_status":"open","ping_status":"closed","template":"","meta":{"_acf_changed":false},"product_brand":[],"product_cat":[20,98,22],"product_tag":[],"class_list":{"0":"post-4843","1":"product","2":"type-product","3":"status-publish","4":"has-post-thumbnail","6":"product_cat-elementy","7":"product_cat-nooi","8":"product_cat-szafy","10":"first","11":"onbackorder","12":"taxable","13":"shipping-taxable","14":"purchasable","15":"product-type-variable"},"acf":{"sections_woocommerce":[{"acf_fc_layout":"section_menu","is_active":true,"repeater":[{"text":"Opis","link":"#opis"},{"text":"Kolekcja","link":"#kolekcja"},{"text":"Lookbook","link":"#lookbook"},{"text":"Opinie","link":"#opinie"},{"text":"Inne z&nbsp;kolekcji","link":"#inne"}]},{"acf_fc_layout":"section_woocommerce_text_image","is_active":true,"anchor":"#opis","text_align":"textAlign--right","grid_width":"main","wysiwyg":"<h1>Szafa do\u00a0przechowywania z\u00a0kolekcji Nooi.<\/h1>\n<p>Miejsce dla\u00a0pojemnej szafy powinno znale\u017a\u0107 si\u0119 w\u00a0ka\u017cdym dzieci\u0119cym pokoju, niezale\u017cnie od wieku pociechy. Ten prosty mebel sprawi, \u017ce\u00a0wszystkie elementy wyposa\u017cenia, kt\u00f3re nie pe\u0142ni\u0105 funkcji dekoracyjnej, znikn\u0105 z\u00a0widoku, pozostaj\u0105c jednocze\u015bnie \u0142atwo dost\u0119pne.<\/p>\n<p>Zamiast porozrzucanych po\u00a0pod\u0142odze czy\u00a0poupychanych na\u00a0otwartych p\u00f3\u0142kach przedmiot\u00f3w i\u00a0ubra\u0144, zyskamy \u015bwietnie zorganizowany schowek z\u00a0por\u0119cznymi p\u00f3\u0142kami, miejscem na\u00a0wieszaki i\u00a0dodatkow\u0105 szuflad\u0105.<\/p>\n<p>&nbsp;<\/p>\n<p>Wybieraj\u0105c rozmiar szafy do\u00a0pokoju dziecka, warto skupi\u0107 si\u0119 na\u00a0jego rzeczywistych potrzebach.<\/p>\n<p>Ni\u017cszy model to dobry wyb\u00f3r do\u00a0pokoju kilkulatka, poniewa\u017c\u00a0pozwoli na\u00a0bezpieczne si\u0119ganie do\u00a0wszystkich p\u00f3\u0142ek z\u00a0poziomu pod\u0142ogi.<\/p>\n<p>W\u00a0ma\u0142ych pomieszczeniach, gdzie na\u00a0niewielkiej przestrzeni konieczne jest zmieszczenie jak najwi\u0119kszej ilo\u015bci rzeczy, lepiej sprawdzi si\u0119 jednak\u00a0wy\u017csza szafa.<\/p>\n<p>&nbsp;<\/p>\n<p>Wewn\u0105trz szafy 2D1S do\u00a0dyspozycji jest dr\u0105\u017cek do\u00a0wieszania ubra\u0144. Szafa zosta\u0142a uzupe\u0142niona o\u00a0praktyczn\u0105 szuflad\u0119<\/p>\n<p>&nbsp;<\/p>\n<p>Szafa 2D1S mo\u017ce funkcjonowa\u0107 jako samodzielna szafa na\u00a0ubrania dzieci\u0119ce, lub\u00a0sprawdzi si\u0119 idealnie w\u00a0zestawieniu z\u00a0<strong><a href=\"https:\/\/inmondo.pl\/sklep\/kolekcje\/nooi\/nooi-szafa-2d\/\">Szaf\u0105 2D<\/a><\/strong>.<\/p>\n<p>&nbsp;<\/p>\n<p>Uwaga: ze wzgl\u0119du na\u00a0r\u00f3\u017cnic\u0119 wymiaru g\u0142\u0119boko\u015bci, szafy 2D1S i\u00a0szafa 2D nie maj\u0105 mo\u017cliwo\u015bci \u0142\u0105czenia si\u0119 z\u00a0innymi modu\u0142ami. Tworz\u0105 osobny mebel.<\/p>\n<p>&nbsp;<\/p>\n<p>&nbsp;<\/p>\n","image":"https:\/\/inmondo.pl\/wp-content\/uploads\/2022\/12\/mini_2022_09_INMONDO_GROW_ARANZACJE_8304.jpg"},{"acf_fc_layout":"section_woocommerce_text_image","is_active":true,"anchor":"#kolekcja","text_align":"textAlign--left","grid_width":"main","wysiwyg":"<h1>Kolekcja Nooi<\/h1>\n<p>Dzieci i\u00a0ich potrzeby nieustannie si\u0119 zmieniaj\u0105. Staramy si\u0119 by\u0107 ca\u0142y czas na\u00a0bie\u017c\u0105co, wdra\u017ca\u0107 nowe pomys\u0142y, szuka\u0107 nowych inspiracji.<\/p>\n<p>Taka w\u0142a\u015bnie jest kolekcja Nooi<strong>. <\/strong>Dzi\u0119ki niej sami zdecydujecie, jak b\u0119dzie wygl\u0105da\u0142a Wasza przestrze\u0144.<\/p>\n<p>&nbsp;<\/p>\n<p>Kolekcja modu\u0142owa to nasze zaproszenie dla\u00a0rodzic\u00f3w z\u00a0dzie\u0107mi do\u00a0podejmowania wsp\u00f3lnych decyzji co do\u00a0aran\u017cacji dzieci\u0119cego pokoju.<\/p>\n<p>Wybierajcie z\u00a0wielu element\u00f3w kolekcji, po\u0142\u0105czcie je z\u00a0wyj\u0105tkowymi kolorami front\u00f3w, i\u00a0tak oto powstanie Wasz unikalny projekt!<\/p>\n<p>&nbsp;<\/p>\n<p>Unikatowy design i\u00a0indywidualny charakter ka\u017cdego z\u00a0oferowanych przez\u00a0nas modeli sprawia, \u017ce\u00a0cechuj\u0105 si\u0119 one tak\u017ce wysokimi walorami estetycznymi.<\/p>\n<p>Pozwala to na\u00a0dobranie mebla do\u00a0urz\u0105dzanego wn\u0119trza, tak by swoim wygl\u0105dem nie tylko dopasowywa\u0142 si\u0119 do\u00a0pozosta\u0142ych obecnych w\u00a0nim element\u00f3w, ale\u00a0te\u017c podkre\u015bla\u0142 jego styl, tworz\u0105c sp\u00f3jn\u0105 ca\u0142o\u015b\u0107.<\/p>\n","image":"https:\/\/inmondo.pl\/wp-content\/uploads\/2022\/12\/mini_2022_09_INMONDO_GROW_ARANZACJE_8157.jpg"},{"acf_fc_layout":"section_woocommerce_lookbook","is_active":true,"anchor":"#lookbook","header":"","repeater":[{"shortcode":"[woocommerce_lookbook id=\"4957\"]"},{"shortcode":"[woocommerce_lookbook id=\"4958\"]"},{"shortcode":"[woocommerce_lookbook id=\"4960\"]"}]},{"acf_fc_layout":"section_woocommerce_opinions","is_active":true,"anchor":"#opinie"},{"acf_fc_layout":"section_woocommerce_otherFromCategory","is_active":true,"anchor":"#inne"}],"wymiary":"szeroko\u015b\u0107: 81 cm<br \/>\r\nwysoko\u015b\u0107: 100 cm<br \/>\r\ng\u0142\u0119boko\u015b\u0107: 53 cm","materialy":"Korpusy: - MDF<br \/>\r\nFronty: - MDF<br \/>\r\nP\u00f3\u0142ki: - MDF<br \/>\r\nNogi: - d\u0105b lity"},"yoast_head":"<!-- This site is optimized with the Yoast SEO plugin v27.3 - https:\/\/yoast.com\/product\/yoast-seo-wordpress\/ -->\n<title>Nooi - Szafa 2d1S - Inmondo<\/title>\n<meta name=\"description\" content=\"Szafa sk\u0142ada si\u0119 z dr\u0105\u017cka po jednej stronie oraz 3 p\u00f3\u0142ek po drugiej. Idealnie pomie\u015bci ubrania dzieci\u0119ce. Element kolekcji modu\u0142owej Nooi.\" \/>\n<meta name=\"robots\" content=\"index, follow, max-snippet:-1, max-image-preview:large, max-video-preview:-1\" \/>\n<link rel=\"canonical\" href=\"https:\/\/inmondo.pl\/en\/sklep\/elementy\/szafy\/nooi-szafa-2d1s\/\" \/>\n<meta property=\"og:locale\" content=\"en_GB\" \/>\n<meta property=\"og:type\" content=\"article\" \/>\n<meta property=\"og:title\" content=\"Nooi - Szafa 2d1S - Inmondo\" \/>\n<meta property=\"og:description\" content=\"Szafa sk\u0142ada si\u0119 z dr\u0105\u017cka po jednej stronie oraz 3 p\u00f3\u0142ek po drugiej. Idealnie pomie\u015bci ubrania dzieci\u0119ce. Element kolekcji modu\u0142owej Nooi.\" \/>\n<meta property=\"og:url\" content=\"https:\/\/inmondo.pl\/en\/sklep\/elementy\/szafy\/nooi-szafa-2d1s\/\" \/>\n<meta property=\"og:site_name\" content=\"Inmondo\" \/>\n<meta property=\"article:modified_time\" content=\"2025-06-06T06:39:29+00:00\" \/>\n<meta property=\"og:image\" content=\"http:\/\/inmondo.pl\/wp-content\/uploads\/2022\/12\/2019_09_INMONDO_PACKSHOTY-21589-scaled.jpg\" \/>\n\t<meta property=\"og:image:width\" content=\"1920\" \/>\n\t<meta property=\"og:image:height\" content=\"1452\" \/>\n\t<meta property=\"og:image:type\" content=\"image\/jpeg\" \/>\n<meta name=\"twitter:card\" content=\"summary_large_image\" \/>\n<script type=\"application\/ld+json\" class=\"yoast-schema-graph\">{\"@context\":\"https:\\\/\\\/schema.org\",\"@graph\":[{\"@type\":\"WebPage\",\"@id\":\"https:\\\/\\\/inmondo.pl\\\/sklep\\\/elementy\\\/szafy\\\/nooi-szafa-2d1s\\\/\",\"url\":\"https:\\\/\\\/inmondo.pl\\\/sklep\\\/elementy\\\/szafy\\\/nooi-szafa-2d1s\\\/\",\"name\":\"Nooi - Szafa 2d1S - Inmondo\",\"isPartOf\":{\"@id\":\"https:\\\/\\\/inmondo.pl\\\/#website\"},\"primaryImageOfPage\":{\"@id\":\"https:\\\/\\\/inmondo.pl\\\/sklep\\\/elementy\\\/szafy\\\/nooi-szafa-2d1s\\\/#primaryimage\"},\"image\":{\"@id\":\"https:\\\/\\\/inmondo.pl\\\/sklep\\\/elementy\\\/szafy\\\/nooi-szafa-2d1s\\\/#primaryimage\"},\"thumbnailUrl\":\"https:\\\/\\\/inmondo.pl\\\/wp-content\\\/uploads\\\/2022\\\/12\\\/2019_09_INMONDO_PACKSHOTY-21589-scaled.jpg\",\"datePublished\":\"2022-12-22T10:38:27+00:00\",\"dateModified\":\"2025-06-06T06:39:29+00:00\",\"description\":\"Szafa sk\u0142ada si\u0119 z dr\u0105\u017cka po jednej stronie oraz 3 p\u00f3\u0142ek po drugiej. Idealnie pomie\u015bci ubrania dzieci\u0119ce. Element kolekcji modu\u0142owej Nooi.\",\"breadcrumb\":{\"@id\":\"https:\\\/\\\/inmondo.pl\\\/sklep\\\/elementy\\\/szafy\\\/nooi-szafa-2d1s\\\/#breadcrumb\"},\"inLanguage\":\"en-GB\",\"potentialAction\":[{\"@type\":\"ReadAction\",\"target\":[\"https:\\\/\\\/inmondo.pl\\\/sklep\\\/elementy\\\/szafy\\\/nooi-szafa-2d1s\\\/\"]}]},{\"@type\":\"ImageObject\",\"inLanguage\":\"en-GB\",\"@id\":\"https:\\\/\\\/inmondo.pl\\\/sklep\\\/elementy\\\/szafy\\\/nooi-szafa-2d1s\\\/#primaryimage\",\"url\":\"https:\\\/\\\/inmondo.pl\\\/wp-content\\\/uploads\\\/2022\\\/12\\\/2019_09_INMONDO_PACKSHOTY-21589-scaled.jpg\",\"contentUrl\":\"https:\\\/\\\/inmondo.pl\\\/wp-content\\\/uploads\\\/2022\\\/12\\\/2019_09_INMONDO_PACKSHOTY-21589-scaled.jpg\",\"width\":1920,\"height\":1452},{\"@type\":\"BreadcrumbList\",\"@id\":\"https:\\\/\\\/inmondo.pl\\\/sklep\\\/elementy\\\/szafy\\\/nooi-szafa-2d1s\\\/#breadcrumb\",\"itemListElement\":[{\"@type\":\"ListItem\",\"position\":1,\"name\":\"Strona g\u0142\u00f3wna\",\"item\":\"https:\\\/\\\/inmondo.pl\\\/\"},{\"@type\":\"ListItem\",\"position\":2,\"name\":\"Oferta Inmondo: spe\u0142niamy marzenia i wymagania\",\"item\":\"https:\\\/\\\/inmondo.pl\\\/sklep\\\/\"},{\"@type\":\"ListItem\",\"position\":3,\"name\":\"kolekcje\",\"item\":\"https:\\\/\\\/inmondo.pl\\\/de\\\/sklep\\\/kolekcje\\\/\"},{\"@type\":\"ListItem\",\"position\":4,\"name\":\"Nooi\",\"item\":\"https:\\\/\\\/inmondo.pl\\\/sklep\\\/kolekcje\\\/nooi\\\/\"},{\"@type\":\"ListItem\",\"position\":5,\"name\":\"Nooi &#8211; Szafa 2d1S\"}]},{\"@type\":\"WebSite\",\"@id\":\"https:\\\/\\\/inmondo.pl\\\/#website\",\"url\":\"https:\\\/\\\/inmondo.pl\\\/\",\"name\":\"Inmondo\",\"description\":\"\",\"potentialAction\":[{\"@type\":\"SearchAction\",\"target\":{\"@type\":\"EntryPoint\",\"urlTemplate\":\"https:\\\/\\\/inmondo.pl\\\/?s={search_term_string}\"},\"query-input\":{\"@type\":\"PropertyValueSpecification\",\"valueRequired\":true,\"valueName\":\"search_term_string\"}}],\"inLanguage\":\"en-GB\"}]}<\/script>\n<!-- \/ Yoast SEO plugin. -->","yoast_head_json":{"title":"Nooi - Wardrobe 2d1S - Inmondo","description":"The wardrobe consists of a bar on one side and 3 shelves on the other. It perfectly accommodates children's clothes. Part of the Nooi modular collection.","robots":{"index":"index","follow":"follow","max-snippet":"max-snippet:-1","max-image-preview":"max-image-preview:large","max-video-preview":"max-video-preview:-1"},"canonical":"https:\/\/inmondo.pl\/en\/sklep\/elementy\/szafy\/nooi-szafa-2d1s\/","og_locale":"en_GB","og_type":"article","og_title":"Nooi - Szafa 2d1S - Inmondo","og_description":"Szafa sk\u0142ada si\u0119 z dr\u0105\u017cka po jednej stronie oraz 3 p\u00f3\u0142ek po drugiej. Idealnie pomie\u015bci ubrania dzieci\u0119ce. Element kolekcji modu\u0142owej Nooi.","og_url":"https:\/\/inmondo.pl\/en\/sklep\/elementy\/szafy\/nooi-szafa-2d1s\/","og_site_name":"Inmondo","article_modified_time":"2025-06-06T06:39:29+00:00","og_image":[{"width":1920,"height":1452,"url":"http:\/\/inmondo.pl\/wp-content\/uploads\/2022\/12\/2019_09_INMONDO_PACKSHOTY-21589-scaled.jpg","type":"image\/jpeg"}],"twitter_card":"summary_large_image","schema":{"@context":"https:\/\/schema.org","@graph":[{"@type":"WebPage","@id":"https:\/\/inmondo.pl\/sklep\/elementy\/szafy\/nooi-szafa-2d1s\/","url":"https:\/\/inmondo.pl\/sklep\/elementy\/szafy\/nooi-szafa-2d1s\/","name":"Nooi - Wardrobe 2d1S - Inmondo","isPartOf":{"@id":"https:\/\/inmondo.pl\/#website"},"primaryImageOfPage":{"@id":"https:\/\/inmondo.pl\/sklep\/elementy\/szafy\/nooi-szafa-2d1s\/#primaryimage"},"image":{"@id":"https:\/\/inmondo.pl\/sklep\/elementy\/szafy\/nooi-szafa-2d1s\/#primaryimage"},"thumbnailUrl":"https:\/\/inmondo.pl\/wp-content\/uploads\/2022\/12\/2019_09_INMONDO_PACKSHOTY-21589-scaled.jpg","datePublished":"2022-12-22T10:38:27+00:00","dateModified":"2025-06-06T06:39:29+00:00","description":"The wardrobe consists of a bar on one side and 3 shelves on the other. It perfectly accommodates children's clothes. Part of the Nooi modular collection.","breadcrumb":{"@id":"https:\/\/inmondo.pl\/sklep\/elementy\/szafy\/nooi-szafa-2d1s\/#breadcrumb"},"inLanguage":"en-GB","potentialAction":[{"@type":"ReadAction","target":["https:\/\/inmondo.pl\/sklep\/elementy\/szafy\/nooi-szafa-2d1s\/"]}]},{"@type":"ImageObject","inLanguage":"en-GB","@id":"https:\/\/inmondo.pl\/sklep\/elementy\/szafy\/nooi-szafa-2d1s\/#primaryimage","url":"https:\/\/inmondo.pl\/wp-content\/uploads\/2022\/12\/2019_09_INMONDO_PACKSHOTY-21589-scaled.jpg","contentUrl":"https:\/\/inmondo.pl\/wp-content\/uploads\/2022\/12\/2019_09_INMONDO_PACKSHOTY-21589-scaled.jpg","width":1920,"height":1452},{"@type":"BreadcrumbList","@id":"https:\/\/inmondo.pl\/sklep\/elementy\/szafy\/nooi-szafa-2d1s\/#breadcrumb","itemListElement":[{"@type":"ListItem","position":1,"name":"Strona g\u0142\u00f3wna","item":"https:\/\/inmondo.pl\/"},{"@type":"ListItem","position":2,"name":"Oferta Inmondo: spe\u0142niamy marzenia i wymagania","item":"https:\/\/inmondo.pl\/sklep\/"},{"@type":"ListItem","position":3,"name":"kolekcje","item":"https:\/\/inmondo.pl\/de\/sklep\/kolekcje\/"},{"@type":"ListItem","position":4,"name":"Nooi","item":"https:\/\/inmondo.pl\/sklep\/kolekcje\/nooi\/"},{"@type":"ListItem","position":5,"name":"Nooi &#8211; Szafa 2d1S"}]},{"@type":"WebSite","@id":"https:\/\/inmondo.pl\/#website","url":"https:\/\/inmondo.pl\/","name":"Inmondo","description":"","potentialAction":[{"@type":"SearchAction","target":{"@type":"EntryPoint","urlTemplate":"https:\/\/inmondo.pl\/?s={search_term_string}"},"query-input":{"@type":"PropertyValueSpecification","valueRequired":true,"valueName":"search_term_string"}}],"inLanguage":"en-GB"}]}},"wcpa_form_fields":null,"_links":{"self":[{"href":"https:\/\/inmondo.pl\/en\/wp-json\/wp\/v2\/product\/4843","targetHints":{"allow":["GET"]}}],"collection":[{"href":"https:\/\/inmondo.pl\/en\/wp-json\/wp\/v2\/product"}],"about":[{"href":"https:\/\/inmondo.pl\/en\/wp-json\/wp\/v2\/types\/product"}],"replies":[{"embeddable":true,"href":"https:\/\/inmondo.pl\/en\/wp-json\/wp\/v2\/comments?post=4843"}],"wp:featuredmedia":[{"embeddable":true,"href":"https:\/\/inmondo.pl\/en\/wp-json\/wp\/v2\/media\/4848"}],"wp:attachment":[{"href":"https:\/\/inmondo.pl\/en\/wp-json\/wp\/v2\/media?parent=4843"}],"wp:term":[{"taxonomy":"product_brand","embeddable":true,"href":"https:\/\/inmondo.pl\/en\/wp-json\/wp\/v2\/product_brand?post=4843"},{"taxonomy":"product_cat","embeddable":true,"href":"https:\/\/inmondo.pl\/en\/wp-json\/wp\/v2\/product_cat?post=4843"},{"taxonomy":"product_tag","embeddable":true,"href":"https:\/\/inmondo.pl\/en\/wp-json\/wp\/v2\/product_tag?post=4843"}],"curies":[{"name":"wp","href":"https:\/\/api.w.org\/{rel}","templated":true}]}}