{"id":4834,"date":"2022-12-22T09:31:31","date_gmt":"2022-12-22T08:31:31","guid":{"rendered":"https:\/\/inmondo.pl\/?post_type=product&#038;p=4834"},"modified":"2023-12-01T14:20:21","modified_gmt":"2023-12-01T13:20:21","slug":"nooi-stolik-laboratorium","status":"publish","type":"product","link":"https:\/\/inmondo.pl\/en\/sklep\/elementy\/krzesla-foteliki-stoliki\/nooi-stolik-laboratorium\/","title":{"rendered":"Nooi -Table"},"content":{"rendered":"","protected":false},"excerpt":{"rendered":"<p>We put the welfare and development of children first.<\/p>\n<p>&nbsp;<\/p>\n<p>In this collection, we present a Montessori table for children.<\/p>\n<p>The table is great for stacking blocks, puzzles or as a place to create small works of art.<\/p>\n<p>&nbsp;<\/p>\n<p>The table can be used as a play furniture or as a bedside table.<\/p>\n<p>&nbsp;<\/p>","protected":false},"featured_media":4835,"comment_status":"open","ping_status":"closed","template":"","meta":{"_acf_changed":false},"product_brand":[],"product_cat":[20,55,98],"product_tag":[],"class_list":{"0":"post-4834","1":"product","2":"type-product","3":"status-publish","4":"has-post-thumbnail","6":"product_cat-elementy","7":"product_cat-krzesla-foteliki-stoliki","8":"product_cat-nooi","10":"first","11":"onbackorder","12":"taxable","13":"shipping-taxable","14":"purchasable","15":"product-type-simple"},"acf":{"sections_woocommerce":[{"acf_fc_layout":"section_menu","is_active":true,"repeater":[{"text":"Opis","link":"#opis"},{"text":"Kolekcja","link":"#kolekcja"},{"text":"Lookbook","link":"#lookbook"}]},{"acf_fc_layout":"section_woocommerce_text_image","is_active":true,"anchor":"#opis","text_align":"textAlign--left","grid_width":"main","wysiwyg":"<h2>Kolekcja Nooi &#8211; Stolik Montessori<\/h2>\n<p>Na\u00a0pierwszym miejscu stawiamy dobro i\u00a0rozw\u00f3j dzieci. W\u00a0tej kolekcji proponujemy stolikMontessori dla\u00a0dzieci.<\/p>\n<p>&nbsp;<\/p>\n<p>Stolik mo\u017ce s\u0142u\u017cy\u0107 jako mebelek do\u00a0zabawy lub\u00a0jako stolik nocny.<\/p>\n<p>&nbsp;<\/p>\n","image":"https:\/\/inmondo.pl\/wp-content\/uploads\/2022\/12\/2022_09_INMONDO_GROW_ARANZACJE_8199.jpg"},{"acf_fc_layout":"section_woocommerce_text_image","is_active":true,"anchor":"#kolekcja","text_align":"textAlign--right","grid_width":"main","wysiwyg":"<h2>Kolekcja Nooi<\/h2>\n<p>&nbsp;<\/p>\n<p>Dzieci i\u00a0ich potrzeby nieustannie si\u0119 zmieniaj\u0105. Staramy si\u0119 by\u0107 ca\u0142y czas na\u00a0bie\u017c\u0105co, wdra\u017ca\u0107 nowe pomys\u0142y, szuka\u0107 nowych inspiracji.<\/p>\n<p>Taka w\u0142a\u015bnie jest kolekcja Nooi<strong>.<\/strong>\u2013 dzi\u0119ki niej sami zdecydujecie, jak b\u0119dzie wygl\u0105da\u0142a Wasza przestrze\u0144<\/p>\n<p>Kolekcja modu\u0142owa to nasze zaproszenie dla\u00a0rodzic\u00f3w z\u00a0dzie\u0107mi do\u00a0podejmowania wsp\u00f3lnych decyzji co do\u00a0aran\u017cacji dzieci\u0119cego pokoju.<\/p>\n<p>Wybierajcie z\u00a0wielu element\u00f3w kolekcji, po\u0142\u0105czcie je z\u00a0wyj\u0105tkowymi kolorami front\u00f3w, i\u00a0tak oto powstanie Wasz unikalny projekt!<\/p>\n","image":"https:\/\/inmondo.pl\/wp-content\/uploads\/2022\/12\/2022_09_INMONDO_GROW_ARANZACJE_8147-scaled.jpg"},{"acf_fc_layout":"section_woocommerce_lookbook","is_active":true,"anchor":"#lookbook","header":"","repeater":[{"shortcode":"[woocommerce_lookbook id=\"4957\"]"},{"shortcode":"[woocommerce_lookbook id=\"4958\"]"},{"shortcode":"[woocommerce_lookbook id=\"4960\"]"}]}],"wymiary":"d\u0142ugo\u015b\u0107: 57 cm <br \/>\r\nszeroko\u015b\u0107: 43 cm<br \/>\r\nwysoko\u015b\u0107: 44,5 cm<br \/>\r\n","materialy":"Korpusy: - MDF <br \/>\r\nP\u00f3\u0142ki: - MDF <br \/>\r\nNogi: - d\u0105b lity <br \/>\r\nLakiery wodne i&nbsp;UV<br \/>\r\n"},"yoast_head":"<!-- This site is optimized with the Yoast SEO plugin v27.3 - https:\/\/yoast.com\/product\/yoast-seo-wordpress\/ -->\n<title>Nooi -Stolik - Inmondo<\/title>\n<meta name=\"description\" content=\"Na pierwszym miejscu stawiamy dobro i\u00a0rozw\u00f3j dzieci. Sprawd\u017a now\u0105 kolekcj\u0119 Nooi i nasze laboratorium Montessori dla\u00a0dzieci.\" \/>\n<meta name=\"robots\" content=\"index, follow, max-snippet:-1, max-image-preview:large, max-video-preview:-1\" \/>\n<link rel=\"canonical\" href=\"https:\/\/inmondo.pl\/en\/sklep\/elementy\/krzesla-foteliki-stoliki\/nooi-stolik-laboratorium\/\" \/>\n<meta property=\"og:locale\" content=\"en_GB\" \/>\n<meta property=\"og:type\" content=\"article\" \/>\n<meta property=\"og:title\" content=\"Nooi -Stolik - Inmondo\" \/>\n<meta property=\"og:description\" content=\"Na pierwszym miejscu stawiamy dobro i\u00a0rozw\u00f3j dzieci. Sprawd\u017a now\u0105 kolekcj\u0119 Nooi i nasze laboratorium Montessori dla\u00a0dzieci.\" \/>\n<meta property=\"og:url\" content=\"https:\/\/inmondo.pl\/en\/sklep\/elementy\/krzesla-foteliki-stoliki\/nooi-stolik-laboratorium\/\" \/>\n<meta property=\"og:site_name\" content=\"Inmondo\" \/>\n<meta property=\"article:modified_time\" content=\"2023-12-01T13:20:21+00:00\" \/>\n<meta property=\"og:image\" content=\"http:\/\/inmondo.pl\/wp-content\/uploads\/2022\/12\/mini_2022_09_INMONDO_GROW_ARANZACJE_8212-1.jpg\" \/>\n\t<meta property=\"og:image:width\" content=\"600\" \/>\n\t<meta property=\"og:image:height\" content=\"757\" \/>\n\t<meta property=\"og:image:type\" content=\"image\/jpeg\" \/>\n<meta name=\"twitter:card\" content=\"summary_large_image\" \/>\n<script type=\"application\/ld+json\" class=\"yoast-schema-graph\">{\"@context\":\"https:\\\/\\\/schema.org\",\"@graph\":[{\"@type\":\"WebPage\",\"@id\":\"https:\\\/\\\/inmondo.pl\\\/sklep\\\/elementy\\\/krzesla-foteliki-stoliki\\\/nooi-stolik-laboratorium\\\/\",\"url\":\"https:\\\/\\\/inmondo.pl\\\/sklep\\\/elementy\\\/krzesla-foteliki-stoliki\\\/nooi-stolik-laboratorium\\\/\",\"name\":\"Nooi -Stolik - Inmondo\",\"isPartOf\":{\"@id\":\"https:\\\/\\\/inmondo.pl\\\/#website\"},\"primaryImageOfPage\":{\"@id\":\"https:\\\/\\\/inmondo.pl\\\/sklep\\\/elementy\\\/krzesla-foteliki-stoliki\\\/nooi-stolik-laboratorium\\\/#primaryimage\"},\"image\":{\"@id\":\"https:\\\/\\\/inmondo.pl\\\/sklep\\\/elementy\\\/krzesla-foteliki-stoliki\\\/nooi-stolik-laboratorium\\\/#primaryimage\"},\"thumbnailUrl\":\"https:\\\/\\\/inmondo.pl\\\/wp-content\\\/uploads\\\/2022\\\/12\\\/mini_2022_09_INMONDO_GROW_ARANZACJE_8212-1.jpg\",\"datePublished\":\"2022-12-22T08:31:31+00:00\",\"dateModified\":\"2023-12-01T13:20:21+00:00\",\"description\":\"Na pierwszym miejscu stawiamy dobro i\u00a0rozw\u00f3j dzieci. Sprawd\u017a now\u0105 kolekcj\u0119 Nooi i nasze laboratorium Montessori dla\u00a0dzieci.\",\"breadcrumb\":{\"@id\":\"https:\\\/\\\/inmondo.pl\\\/sklep\\\/elementy\\\/krzesla-foteliki-stoliki\\\/nooi-stolik-laboratorium\\\/#breadcrumb\"},\"inLanguage\":\"en-GB\",\"potentialAction\":[{\"@type\":\"ReadAction\",\"target\":[\"https:\\\/\\\/inmondo.pl\\\/sklep\\\/elementy\\\/krzesla-foteliki-stoliki\\\/nooi-stolik-laboratorium\\\/\"]}]},{\"@type\":\"ImageObject\",\"inLanguage\":\"en-GB\",\"@id\":\"https:\\\/\\\/inmondo.pl\\\/sklep\\\/elementy\\\/krzesla-foteliki-stoliki\\\/nooi-stolik-laboratorium\\\/#primaryimage\",\"url\":\"https:\\\/\\\/inmondo.pl\\\/wp-content\\\/uploads\\\/2022\\\/12\\\/mini_2022_09_INMONDO_GROW_ARANZACJE_8212-1.jpg\",\"contentUrl\":\"https:\\\/\\\/inmondo.pl\\\/wp-content\\\/uploads\\\/2022\\\/12\\\/mini_2022_09_INMONDO_GROW_ARANZACJE_8212-1.jpg\",\"width\":600,\"height\":757},{\"@type\":\"BreadcrumbList\",\"@id\":\"https:\\\/\\\/inmondo.pl\\\/sklep\\\/elementy\\\/krzesla-foteliki-stoliki\\\/nooi-stolik-laboratorium\\\/#breadcrumb\",\"itemListElement\":[{\"@type\":\"ListItem\",\"position\":1,\"name\":\"Strona g\u0142\u00f3wna\",\"item\":\"https:\\\/\\\/inmondo.pl\\\/\"},{\"@type\":\"ListItem\",\"position\":2,\"name\":\"Oferta Inmondo: spe\u0142niamy marzenia i wymagania\",\"item\":\"https:\\\/\\\/inmondo.pl\\\/sklep\\\/\"},{\"@type\":\"ListItem\",\"position\":3,\"name\":\"kolekcje\",\"item\":\"https:\\\/\\\/inmondo.pl\\\/de\\\/sklep\\\/kolekcje\\\/\"},{\"@type\":\"ListItem\",\"position\":4,\"name\":\"Nooi\",\"item\":\"https:\\\/\\\/inmondo.pl\\\/sklep\\\/kolekcje\\\/nooi\\\/\"},{\"@type\":\"ListItem\",\"position\":5,\"name\":\"Nooi -Stolik\"}]},{\"@type\":\"WebSite\",\"@id\":\"https:\\\/\\\/inmondo.pl\\\/#website\",\"url\":\"https:\\\/\\\/inmondo.pl\\\/\",\"name\":\"Inmondo\",\"description\":\"\",\"potentialAction\":[{\"@type\":\"SearchAction\",\"target\":{\"@type\":\"EntryPoint\",\"urlTemplate\":\"https:\\\/\\\/inmondo.pl\\\/?s={search_term_string}\"},\"query-input\":{\"@type\":\"PropertyValueSpecification\",\"valueRequired\":true,\"valueName\":\"search_term_string\"}}],\"inLanguage\":\"en-GB\"}]}<\/script>\n<!-- \/ Yoast SEO plugin. -->","yoast_head_json":{"title":"Nooi - Table - Inmondo","description":"We put children's welfare and development first. Check out the new Nooi collection and our Montessori lab for children.","robots":{"index":"index","follow":"follow","max-snippet":"max-snippet:-1","max-image-preview":"max-image-preview:large","max-video-preview":"max-video-preview:-1"},"canonical":"https:\/\/inmondo.pl\/en\/sklep\/elementy\/krzesla-foteliki-stoliki\/nooi-stolik-laboratorium\/","og_locale":"en_GB","og_type":"article","og_title":"Nooi -Stolik - Inmondo","og_description":"Na pierwszym miejscu stawiamy dobro i\u00a0rozw\u00f3j dzieci. Sprawd\u017a now\u0105 kolekcj\u0119 Nooi i nasze laboratorium Montessori dla\u00a0dzieci.","og_url":"https:\/\/inmondo.pl\/en\/sklep\/elementy\/krzesla-foteliki-stoliki\/nooi-stolik-laboratorium\/","og_site_name":"Inmondo","article_modified_time":"2023-12-01T13:20:21+00:00","og_image":[{"width":600,"height":757,"url":"http:\/\/inmondo.pl\/wp-content\/uploads\/2022\/12\/mini_2022_09_INMONDO_GROW_ARANZACJE_8212-1.jpg","type":"image\/jpeg"}],"twitter_card":"summary_large_image","schema":{"@context":"https:\/\/schema.org","@graph":[{"@type":"WebPage","@id":"https:\/\/inmondo.pl\/sklep\/elementy\/krzesla-foteliki-stoliki\/nooi-stolik-laboratorium\/","url":"https:\/\/inmondo.pl\/sklep\/elementy\/krzesla-foteliki-stoliki\/nooi-stolik-laboratorium\/","name":"Nooi - Table - Inmondo","isPartOf":{"@id":"https:\/\/inmondo.pl\/#website"},"primaryImageOfPage":{"@id":"https:\/\/inmondo.pl\/sklep\/elementy\/krzesla-foteliki-stoliki\/nooi-stolik-laboratorium\/#primaryimage"},"image":{"@id":"https:\/\/inmondo.pl\/sklep\/elementy\/krzesla-foteliki-stoliki\/nooi-stolik-laboratorium\/#primaryimage"},"thumbnailUrl":"https:\/\/inmondo.pl\/wp-content\/uploads\/2022\/12\/mini_2022_09_INMONDO_GROW_ARANZACJE_8212-1.jpg","datePublished":"2022-12-22T08:31:31+00:00","dateModified":"2023-12-01T13:20:21+00:00","description":"We put children's welfare and development first. Check out the new Nooi collection and our Montessori lab for children.","breadcrumb":{"@id":"https:\/\/inmondo.pl\/sklep\/elementy\/krzesla-foteliki-stoliki\/nooi-stolik-laboratorium\/#breadcrumb"},"inLanguage":"en-GB","potentialAction":[{"@type":"ReadAction","target":["https:\/\/inmondo.pl\/sklep\/elementy\/krzesla-foteliki-stoliki\/nooi-stolik-laboratorium\/"]}]},{"@type":"ImageObject","inLanguage":"en-GB","@id":"https:\/\/inmondo.pl\/sklep\/elementy\/krzesla-foteliki-stoliki\/nooi-stolik-laboratorium\/#primaryimage","url":"https:\/\/inmondo.pl\/wp-content\/uploads\/2022\/12\/mini_2022_09_INMONDO_GROW_ARANZACJE_8212-1.jpg","contentUrl":"https:\/\/inmondo.pl\/wp-content\/uploads\/2022\/12\/mini_2022_09_INMONDO_GROW_ARANZACJE_8212-1.jpg","width":600,"height":757},{"@type":"BreadcrumbList","@id":"https:\/\/inmondo.pl\/sklep\/elementy\/krzesla-foteliki-stoliki\/nooi-stolik-laboratorium\/#breadcrumb","itemListElement":[{"@type":"ListItem","position":1,"name":"Strona g\u0142\u00f3wna","item":"https:\/\/inmondo.pl\/"},{"@type":"ListItem","position":2,"name":"Oferta Inmondo: spe\u0142niamy marzenia i wymagania","item":"https:\/\/inmondo.pl\/sklep\/"},{"@type":"ListItem","position":3,"name":"kolekcje","item":"https:\/\/inmondo.pl\/de\/sklep\/kolekcje\/"},{"@type":"ListItem","position":4,"name":"Nooi","item":"https:\/\/inmondo.pl\/sklep\/kolekcje\/nooi\/"},{"@type":"ListItem","position":5,"name":"Nooi -Stolik"}]},{"@type":"WebSite","@id":"https:\/\/inmondo.pl\/#website","url":"https:\/\/inmondo.pl\/","name":"Inmondo","description":"","potentialAction":[{"@type":"SearchAction","target":{"@type":"EntryPoint","urlTemplate":"https:\/\/inmondo.pl\/?s={search_term_string}"},"query-input":{"@type":"PropertyValueSpecification","valueRequired":true,"valueName":"search_term_string"}}],"inLanguage":"en-GB"}]}},"wcpa_form_fields":null,"_links":{"self":[{"href":"https:\/\/inmondo.pl\/en\/wp-json\/wp\/v2\/product\/4834","targetHints":{"allow":["GET"]}}],"collection":[{"href":"https:\/\/inmondo.pl\/en\/wp-json\/wp\/v2\/product"}],"about":[{"href":"https:\/\/inmondo.pl\/en\/wp-json\/wp\/v2\/types\/product"}],"replies":[{"embeddable":true,"href":"https:\/\/inmondo.pl\/en\/wp-json\/wp\/v2\/comments?post=4834"}],"wp:featuredmedia":[{"embeddable":true,"href":"https:\/\/inmondo.pl\/en\/wp-json\/wp\/v2\/media\/4835"}],"wp:attachment":[{"href":"https:\/\/inmondo.pl\/en\/wp-json\/wp\/v2\/media?parent=4834"}],"wp:term":[{"taxonomy":"product_brand","embeddable":true,"href":"https:\/\/inmondo.pl\/en\/wp-json\/wp\/v2\/product_brand?post=4834"},{"taxonomy":"product_cat","embeddable":true,"href":"https:\/\/inmondo.pl\/en\/wp-json\/wp\/v2\/product_cat?post=4834"},{"taxonomy":"product_tag","embeddable":true,"href":"https:\/\/inmondo.pl\/en\/wp-json\/wp\/v2\/product_tag?post=4834"}],"curies":[{"name":"wp","href":"https:\/\/api.w.org\/{rel}","templated":true}]}}