{"id":4813,"date":"2022-12-28T16:02:31","date_gmt":"2022-12-28T15:02:31","guid":{"rendered":"https:\/\/inmondo.pl\/?post_type=product&#038;p=4813"},"modified":"2025-06-09T08:15:57","modified_gmt":"2025-06-09T06:15:57","slug":"nooi-szafka-2d","status":"publish","type":"product","link":"https:\/\/inmondo.pl\/en\/sklep\/elementy\/regaly\/nooi-szafka-2d\/","title":{"rendered":"Nooi - 2D cabinet"},"content":{"rendered":"","protected":false},"excerpt":{"rendered":"<p>2D cabinet from the modular Nooi collection.<\/p>\n<p>&nbsp;<\/p>\n<p>The unique design of our cabinets for children's rooms means that they don't just have to be a backdrop to the d\u00e9cor, but an essential part of it.<\/p>\n<p>With its simple form and choice of front colours, it will suit any interior.<\/p>\n<p>&nbsp;<\/p>\n<p>The lockable cabinet is sure to hold all your child's treasures.<\/p>\n<p>Our cabinets can be combined with each other, superstructure, add half-shelves, desk.<\/p>\n<p>You decide for yourself what the final look of the room will be.<\/p>\n<p>&nbsp;<\/p>\n<p>If you want to combine different elements of the Nooi collection, check out our <a href=\"https:\/\/inmondo.pl\/wp-content\/uploads\/2022\/12\/Instrukcja-Kolekcji-Nooi-3.pdf\"><strong>instructions<\/strong><\/a><\/p>\n<p>&nbsp;<\/p>\n<p>Choose your front colours - 4 colours are available: grey, blue, pink and yellow.<\/p>\n<p>&nbsp;<\/p>\n<p>&nbsp;<\/p>","protected":false},"featured_media":4733,"comment_status":"open","ping_status":"closed","template":"","meta":{"_acf_changed":false},"product_brand":[],"product_cat":[98,38],"product_tag":[],"class_list":{"0":"post-4813","1":"product","2":"type-product","3":"status-publish","4":"has-post-thumbnail","6":"product_cat-nooi","7":"product_cat-regaly","9":"first","10":"onbackorder","11":"taxable","12":"shipping-taxable","13":"purchasable","14":"product-type-variable"},"acf":{"sections_woocommerce":[{"acf_fc_layout":"section_menu","is_active":true,"repeater":[{"text":"opis","link":"#opis"},{"text":"kolekcja","link":"#kolekcja"},{"text":"lookbook","link":"#lookbook"},{"text":"opinie","link":"#opinie"},{"text":"inne z&nbsp;kolekcji","link":"#innezkolekcji"}]},{"acf_fc_layout":"section_woocommerce_text_image","is_active":true,"anchor":"#opis","text_align":"textAlign--left","grid_width":"main","wysiwyg":"<h1>Szafki z\u00a0kolekcji Nooi &#8211; Szafka 2D<\/h1>\n<p>&nbsp;<\/p>\n<p>Zamykana szafka, pomie\u015bci wszystkie skarby dziecka.<\/p>\n<p>&nbsp;<\/p>\n<p>Nasze szafki mo\u017cna \u0142\u0105czy\u0107 ze sob\u0105, nadbudowywa\u0107, dok\u0142ada\u0107 p\u00f3l-rega\u0142y, biurko.<\/p>\n<p>Szafka 2D stworzy zestaw idealny z\u00a0Szafk\u0105 1D, P\u00f3\u0142-rega\u0142em oraz\u00a0Biurkiem modu\u0142owym.<\/p>\n<p>&nbsp;<\/p>\n<p>&nbsp;<\/p>\n<p>Je\u017celi\u00a0chcesz \u0142\u0105czy\u0107 ze sob\u0105 r\u00f3\u017cne elementy kolekcji Nooi &#8211; sprawd\u017a nasz\u0105 <a href=\"https:\/\/inmondo.pl\/wp-content\/uploads\/2022\/12\/Instrukcja-Kolekcji-Nooi-3.pdf\"><strong>instrukcj\u0119<\/strong><\/a><\/p>\n<p>&nbsp;<\/p>\n<p>Wybierz swoje kolory front\u00f3w &#8211; dost\u0119pne s\u0105 4 kolory: szary, niebieski, r\u00f3\u017cowy oraz\u00a0\u017c\u00f3\u0142ty.<\/p>\n<p>Drzwi szafki posiadaj\u0105 zawiasy zapewniaj\u0105ce cichy domyk.<\/p>\n","image":"https:\/\/inmondo.pl\/wp-content\/uploads\/2022\/12\/mini_2022_09_INMONDO_GROW_ARANZACJE_8324.jpg"},{"acf_fc_layout":"section_woocommerce_text_image","is_active":true,"anchor":"#kolekcja","text_align":"textAlign--right","grid_width":"main","wysiwyg":"<h1>Kolekcja Nooi<\/h1>\n<p>&nbsp;<\/p>\n<p>Dzieci i\u00a0ich potrzeby nieustannie si\u0119 zmieniaj\u0105. Staramy si\u0119 by\u0107 ca\u0142y czas na\u00a0bie\u017c\u0105co, wdra\u017ca\u0107 nowe pomys\u0142y, szuka\u0107 nowych inspiracji.<\/p>\n<p>Taka w\u0142a\u015bnie jest kolekcja Nooi<strong>. <\/strong><\/p>\n<p>Dzi\u0119ki systemowi \u0142\u0105czenia modu\u0142\u00f3w sami zdecydujecie, jak b\u0119dzie wygl\u0105da\u0142a Wasza przestrze\u0144.<\/p>\n<p>Kolekcja modu\u0142owa to nasze zaproszenie dla\u00a0rodzic\u00f3w z\u00a0dzie\u0107mi do\u00a0podejmowania wsp\u00f3lnych decyzji w\u00a0zakresie aran\u017cacji dzieci\u0119cego pokoju.<\/p>\n<p>Wybierajcie z\u00a0wielu element\u00f3w kolekcji, po\u0142\u0105czcie je z\u00a0wyj\u0105tkowymi kolorami front\u00f3w, i\u00a0tak oto powstanie Wasz unikalny projekt!<\/p>\n","image":"https:\/\/inmondo.pl\/wp-content\/uploads\/2022\/12\/2022_09_INMONDO_GROW_ARANZACJE_8383.jpg"},{"acf_fc_layout":"section_woocommerce_lookbook","is_active":true,"anchor":"#lookbook","header":"","repeater":[{"shortcode":"[woocommerce_lookbook id=\"4957\"]"},{"shortcode":"[woocommerce_lookbook id=\"4960\"]"},{"shortcode":"[woocommerce_lookbook id=\"4958\"]"}]},{"acf_fc_layout":"section_woocommerce_opinions","is_active":true,"anchor":"#opinie"},{"acf_fc_layout":"section_woocommerce_otherFromCategory","is_active":true,"anchor":"#innezkolekcji"}],"wymiary":"wysoko\u015b\u0107&nbsp: 60cm<br \/>\r\nszeroko\u015b\u0107&nbsp: 81 cm<br \/>\r\ng\u0142\u0119boko\u015b\u0107&nbsp: 43 cm","materialy":"Korpusy: - MDF<br \/>\r\nFronty: - MDF<br \/>\r\nP\u00f3\u0142ki: - MDF<br \/>\r\nNogi: - d\u0105b lity<br \/>\r\nDrzwi szafki posiadaja zawiasy zapewniaj\u0105ce cichy domyk."},"yoast_head":"<!-- This site is optimized with the Yoast SEO plugin v27.3 - https:\/\/yoast.com\/product\/yoast-seo-wordpress\/ -->\n<title>Nooi - Szafka 2D - Inmondo<\/title>\n<meta name=\"robots\" content=\"index, follow, max-snippet:-1, max-image-preview:large, max-video-preview:-1\" \/>\n<link rel=\"canonical\" href=\"https:\/\/inmondo.pl\/en\/sklep\/elementy\/regaly\/nooi-szafka-2d\/\" \/>\n<meta property=\"og:locale\" content=\"en_GB\" \/>\n<meta property=\"og:type\" content=\"article\" \/>\n<meta property=\"og:title\" content=\"Nooi - Szafka 2D - Inmondo\" \/>\n<meta property=\"og:description\" content=\"Szafka 2D z modu\u0142owej kolekcji Nooi.  &nbsp;  Wyj\u0105tkowy design naszych szafek do pokoj\u00f3w dzieci\u0119cych sprawia, \u017ce nie musz\u0105 by\u0107 tylko t\u0142em dla wystroju, ale jego istotn\u0105 cz\u0119\u015bci\u0105.  Prosta forma i mo\u017cliwo\u015b\u0107 wyboru kolorystyki front\u00f3w, sprawia, \u017ce b\u0119dzie pasowa\u0142a do ka\u017cdego wn\u0119trza.  &nbsp;  Zamykana szafka na pewno pomie\u015bci wszystkie skarby dziecka.  Nasze szafki mo\u017cna \u0142\u0105czy\u0107 ze sob\u0105, nadbudowywa\u0107, dok\u0142ada\u0107 p\u00f3\u0142-rega\u0142y, biurko.  Sami decydujecie jak b\u0119dzie finalnie wygl\u0105da\u0142 pok\u00f3j.  &nbsp;  Je\u017celi\u00a0chcesz \u0142\u0105czy\u0107 ze sob\u0105 r\u00f3\u017cne elementy kolekcji Nooi - sprawd\u017a nasz\u0105 instrukcj\u0119  &nbsp;  Wybierz swoje kolory front\u00f3w - dost\u0119pne s\u0105 4 kolory: szary, niebieski, r\u00f3\u017cowy oraz \u017c\u00f3\u0142ty.  &nbsp;  &nbsp;\" \/>\n<meta property=\"og:url\" content=\"https:\/\/inmondo.pl\/en\/sklep\/elementy\/regaly\/nooi-szafka-2d\/\" \/>\n<meta property=\"og:site_name\" content=\"Inmondo\" \/>\n<meta property=\"article:modified_time\" content=\"2025-06-09T06:15:57+00:00\" \/>\n<meta property=\"og:image\" content=\"http:\/\/inmondo.pl\/wp-content\/uploads\/2022\/11\/NOOI2-scaled.jpg\" \/>\n\t<meta property=\"og:image:width\" content=\"1920\" \/>\n\t<meta property=\"og:image:height\" content=\"1457\" \/>\n\t<meta property=\"og:image:type\" content=\"image\/jpeg\" \/>\n<meta name=\"twitter:card\" content=\"summary_large_image\" \/>\n<script type=\"application\/ld+json\" class=\"yoast-schema-graph\">{\"@context\":\"https:\\\/\\\/schema.org\",\"@graph\":[{\"@type\":\"WebPage\",\"@id\":\"https:\\\/\\\/inmondo.pl\\\/sklep\\\/elementy\\\/regaly\\\/nooi-szafka-2d\\\/\",\"url\":\"https:\\\/\\\/inmondo.pl\\\/sklep\\\/elementy\\\/regaly\\\/nooi-szafka-2d\\\/\",\"name\":\"Nooi - Szafka 2D - Inmondo\",\"isPartOf\":{\"@id\":\"https:\\\/\\\/inmondo.pl\\\/#website\"},\"primaryImageOfPage\":{\"@id\":\"https:\\\/\\\/inmondo.pl\\\/sklep\\\/elementy\\\/regaly\\\/nooi-szafka-2d\\\/#primaryimage\"},\"image\":{\"@id\":\"https:\\\/\\\/inmondo.pl\\\/sklep\\\/elementy\\\/regaly\\\/nooi-szafka-2d\\\/#primaryimage\"},\"thumbnailUrl\":\"https:\\\/\\\/inmondo.pl\\\/wp-content\\\/uploads\\\/2022\\\/11\\\/NOOI2-scaled.jpg\",\"datePublished\":\"2022-12-28T15:02:31+00:00\",\"dateModified\":\"2025-06-09T06:15:57+00:00\",\"breadcrumb\":{\"@id\":\"https:\\\/\\\/inmondo.pl\\\/sklep\\\/elementy\\\/regaly\\\/nooi-szafka-2d\\\/#breadcrumb\"},\"inLanguage\":\"en-GB\",\"potentialAction\":[{\"@type\":\"ReadAction\",\"target\":[\"https:\\\/\\\/inmondo.pl\\\/sklep\\\/elementy\\\/regaly\\\/nooi-szafka-2d\\\/\"]}]},{\"@type\":\"ImageObject\",\"inLanguage\":\"en-GB\",\"@id\":\"https:\\\/\\\/inmondo.pl\\\/sklep\\\/elementy\\\/regaly\\\/nooi-szafka-2d\\\/#primaryimage\",\"url\":\"https:\\\/\\\/inmondo.pl\\\/wp-content\\\/uploads\\\/2022\\\/11\\\/NOOI2-scaled.jpg\",\"contentUrl\":\"https:\\\/\\\/inmondo.pl\\\/wp-content\\\/uploads\\\/2022\\\/11\\\/NOOI2-scaled.jpg\",\"width\":1920,\"height\":1457},{\"@type\":\"BreadcrumbList\",\"@id\":\"https:\\\/\\\/inmondo.pl\\\/sklep\\\/elementy\\\/regaly\\\/nooi-szafka-2d\\\/#breadcrumb\",\"itemListElement\":[{\"@type\":\"ListItem\",\"position\":1,\"name\":\"Strona g\u0142\u00f3wna\",\"item\":\"https:\\\/\\\/inmondo.pl\\\/\"},{\"@type\":\"ListItem\",\"position\":2,\"name\":\"Oferta Inmondo: spe\u0142niamy marzenia i wymagania\",\"item\":\"https:\\\/\\\/inmondo.pl\\\/sklep\\\/\"},{\"@type\":\"ListItem\",\"position\":3,\"name\":\"kolekcje\",\"item\":\"https:\\\/\\\/inmondo.pl\\\/de\\\/sklep\\\/kolekcje\\\/\"},{\"@type\":\"ListItem\",\"position\":4,\"name\":\"Nooi\",\"item\":\"https:\\\/\\\/inmondo.pl\\\/sklep\\\/kolekcje\\\/nooi\\\/\"},{\"@type\":\"ListItem\",\"position\":5,\"name\":\"Nooi &#8211; Szafka 2D\"}]},{\"@type\":\"WebSite\",\"@id\":\"https:\\\/\\\/inmondo.pl\\\/#website\",\"url\":\"https:\\\/\\\/inmondo.pl\\\/\",\"name\":\"Inmondo\",\"description\":\"\",\"potentialAction\":[{\"@type\":\"SearchAction\",\"target\":{\"@type\":\"EntryPoint\",\"urlTemplate\":\"https:\\\/\\\/inmondo.pl\\\/?s={search_term_string}\"},\"query-input\":{\"@type\":\"PropertyValueSpecification\",\"valueRequired\":true,\"valueName\":\"search_term_string\"}}],\"inLanguage\":\"en-GB\"}]}<\/script>\n<!-- \/ Yoast SEO plugin. -->","yoast_head_json":{"title":"Nooi - 2D cabinet - Inmondo","robots":{"index":"index","follow":"follow","max-snippet":"max-snippet:-1","max-image-preview":"max-image-preview:large","max-video-preview":"max-video-preview:-1"},"canonical":"https:\/\/inmondo.pl\/en\/sklep\/elementy\/regaly\/nooi-szafka-2d\/","og_locale":"en_GB","og_type":"article","og_title":"Nooi - Szafka 2D - Inmondo","og_description":"Szafka 2D z modu\u0142owej kolekcji Nooi.  &nbsp;  Wyj\u0105tkowy design naszych szafek do pokoj\u00f3w dzieci\u0119cych sprawia, \u017ce nie musz\u0105 by\u0107 tylko t\u0142em dla wystroju, ale jego istotn\u0105 cz\u0119\u015bci\u0105.  Prosta forma i mo\u017cliwo\u015b\u0107 wyboru kolorystyki front\u00f3w, sprawia, \u017ce b\u0119dzie pasowa\u0142a do ka\u017cdego wn\u0119trza.  &nbsp;  Zamykana szafka na pewno pomie\u015bci wszystkie skarby dziecka.  Nasze szafki mo\u017cna \u0142\u0105czy\u0107 ze sob\u0105, nadbudowywa\u0107, dok\u0142ada\u0107 p\u00f3\u0142-rega\u0142y, biurko.  Sami decydujecie jak b\u0119dzie finalnie wygl\u0105da\u0142 pok\u00f3j.  &nbsp;  Je\u017celi\u00a0chcesz \u0142\u0105czy\u0107 ze sob\u0105 r\u00f3\u017cne elementy kolekcji Nooi - sprawd\u017a nasz\u0105 instrukcj\u0119  &nbsp;  Wybierz swoje kolory front\u00f3w - dost\u0119pne s\u0105 4 kolory: szary, niebieski, r\u00f3\u017cowy oraz \u017c\u00f3\u0142ty.  &nbsp;  &nbsp;","og_url":"https:\/\/inmondo.pl\/en\/sklep\/elementy\/regaly\/nooi-szafka-2d\/","og_site_name":"Inmondo","article_modified_time":"2025-06-09T06:15:57+00:00","og_image":[{"width":1920,"height":1457,"url":"http:\/\/inmondo.pl\/wp-content\/uploads\/2022\/11\/NOOI2-scaled.jpg","type":"image\/jpeg"}],"twitter_card":"summary_large_image","schema":{"@context":"https:\/\/schema.org","@graph":[{"@type":"WebPage","@id":"https:\/\/inmondo.pl\/sklep\/elementy\/regaly\/nooi-szafka-2d\/","url":"https:\/\/inmondo.pl\/sklep\/elementy\/regaly\/nooi-szafka-2d\/","name":"Nooi - 2D cabinet - Inmondo","isPartOf":{"@id":"https:\/\/inmondo.pl\/#website"},"primaryImageOfPage":{"@id":"https:\/\/inmondo.pl\/sklep\/elementy\/regaly\/nooi-szafka-2d\/#primaryimage"},"image":{"@id":"https:\/\/inmondo.pl\/sklep\/elementy\/regaly\/nooi-szafka-2d\/#primaryimage"},"thumbnailUrl":"https:\/\/inmondo.pl\/wp-content\/uploads\/2022\/11\/NOOI2-scaled.jpg","datePublished":"2022-12-28T15:02:31+00:00","dateModified":"2025-06-09T06:15:57+00:00","breadcrumb":{"@id":"https:\/\/inmondo.pl\/sklep\/elementy\/regaly\/nooi-szafka-2d\/#breadcrumb"},"inLanguage":"en-GB","potentialAction":[{"@type":"ReadAction","target":["https:\/\/inmondo.pl\/sklep\/elementy\/regaly\/nooi-szafka-2d\/"]}]},{"@type":"ImageObject","inLanguage":"en-GB","@id":"https:\/\/inmondo.pl\/sklep\/elementy\/regaly\/nooi-szafka-2d\/#primaryimage","url":"https:\/\/inmondo.pl\/wp-content\/uploads\/2022\/11\/NOOI2-scaled.jpg","contentUrl":"https:\/\/inmondo.pl\/wp-content\/uploads\/2022\/11\/NOOI2-scaled.jpg","width":1920,"height":1457},{"@type":"BreadcrumbList","@id":"https:\/\/inmondo.pl\/sklep\/elementy\/regaly\/nooi-szafka-2d\/#breadcrumb","itemListElement":[{"@type":"ListItem","position":1,"name":"Strona g\u0142\u00f3wna","item":"https:\/\/inmondo.pl\/"},{"@type":"ListItem","position":2,"name":"Oferta Inmondo: spe\u0142niamy marzenia i wymagania","item":"https:\/\/inmondo.pl\/sklep\/"},{"@type":"ListItem","position":3,"name":"kolekcje","item":"https:\/\/inmondo.pl\/de\/sklep\/kolekcje\/"},{"@type":"ListItem","position":4,"name":"Nooi","item":"https:\/\/inmondo.pl\/sklep\/kolekcje\/nooi\/"},{"@type":"ListItem","position":5,"name":"Nooi &#8211; Szafka 2D"}]},{"@type":"WebSite","@id":"https:\/\/inmondo.pl\/#website","url":"https:\/\/inmondo.pl\/","name":"Inmondo","description":"","potentialAction":[{"@type":"SearchAction","target":{"@type":"EntryPoint","urlTemplate":"https:\/\/inmondo.pl\/?s={search_term_string}"},"query-input":{"@type":"PropertyValueSpecification","valueRequired":true,"valueName":"search_term_string"}}],"inLanguage":"en-GB"}]}},"wcpa_form_fields":null,"_links":{"self":[{"href":"https:\/\/inmondo.pl\/en\/wp-json\/wp\/v2\/product\/4813","targetHints":{"allow":["GET"]}}],"collection":[{"href":"https:\/\/inmondo.pl\/en\/wp-json\/wp\/v2\/product"}],"about":[{"href":"https:\/\/inmondo.pl\/en\/wp-json\/wp\/v2\/types\/product"}],"replies":[{"embeddable":true,"href":"https:\/\/inmondo.pl\/en\/wp-json\/wp\/v2\/comments?post=4813"}],"wp:featuredmedia":[{"embeddable":true,"href":"https:\/\/inmondo.pl\/en\/wp-json\/wp\/v2\/media\/4733"}],"wp:attachment":[{"href":"https:\/\/inmondo.pl\/en\/wp-json\/wp\/v2\/media?parent=4813"}],"wp:term":[{"taxonomy":"product_brand","embeddable":true,"href":"https:\/\/inmondo.pl\/en\/wp-json\/wp\/v2\/product_brand?post=4813"},{"taxonomy":"product_cat","embeddable":true,"href":"https:\/\/inmondo.pl\/en\/wp-json\/wp\/v2\/product_cat?post=4813"},{"taxonomy":"product_tag","embeddable":true,"href":"https:\/\/inmondo.pl\/en\/wp-json\/wp\/v2\/product_tag?post=4813"}],"curies":[{"name":"wp","href":"https:\/\/api.w.org\/{rel}","templated":true}]}}